{"id":4982,"date":"2024-11-03T10:12:19","date_gmt":"2024-11-03T10:12:19","guid":{"rendered":"https:\/\/casinoreturn.com\/amerikkalainen-jalkapallo-kanada-aloittelijoille\/"},"modified":"2025-02-12T12:51:41","modified_gmt":"2025-02-12T12:51:41","slug":"amerikkalainen-jalkapallo-kanada-aloittelijoille","status":"publish","type":"page","link":"https:\/\/casinoreturn.com\/fi\/amerikkalainen-jalkapallo-kanada-aloittelijoille\/","title":{"rendered":"Amerikkalainen jalkapallo Kanada aloittelijoille"},"content":{"rendered":"\t\t<div data-elementor-type=\"wp-page\" data-elementor-id=\"4982\" class=\"elementor elementor-4982\" data-elementor-post-type=\"page\">\n\t\t\t\t<div class=\"elementor-element elementor-element-192ee5b7 e-flex e-con-boxed e-con e-parent\" data-id=\"192ee5b7\" data-element_type=\"container\">\n\t\t\t\t\t<div class=\"e-con-inner\">\n\t\t\t\t<div class=\"elementor-element elementor-element-266bc16c elementor-widget elementor-widget-text-editor\" data-id=\"266bc16c\" data-element_type=\"widget\" data-widget_type=\"text-editor.default\">\n\t\t\t\t<div class=\"elementor-widget-container\">\n\t\t\t\t\t\t\t\t\t<h4 class=\"wp-block-heading\">Kanadan amerikkalainen jalkapallo ja sen peruss\u00e4\u00e4nn\u00f6t.<\/h4>\n<p><strong>Mutta ensin: tutustu Lucky Days Casinoon ja sen kasinoarvosteluun.<\/strong> <\/p>\n<div id=\"element-384\" class=\"widget item-absolute headline \" data-at=\"headline\">\n<div class=\"contents\">\n<h1><span class=\"x_949eba9a x_7911f47e\"><span class=\"x_f2074b6c\">JOPA CAD $<\/span> 1500<span class=\"x_f2074b6c\"> BONUS + 100 ilmaiskierrosta <\/span> <\/span><\/h1>\n<p><a href=\"https:\/\/media.luckydaysaffiliates.com\/redirect.aspx?pid=13114&amp;bid=1586\" target=\"_blank\" rel=\"noopener\"><strong>Lunasta eksklusiivinen Lucky Days -bonuksesi T\u00c4ST\u00c4<\/strong><\/a><\/p>\n<p>T&amp;Cs Sovelletaan  <\/p>\n<\/div>\n<\/div>\n<p><img fetchpriority=\"high\" decoding=\"async\" class=\"size-medium wp-image-6372\" src=\"https:\/\/casinoreturn.com\/wp-content\/uploads\/2024\/12\/Lucky-Days-casino-300x300.png\" alt=\"Lucky-Days-kasino\" width=\"300\" height=\"300\" srcset=\"https:\/\/casinoreturn.com\/wp-content\/uploads\/2024\/12\/Lucky-Days-casino-300x300.png 300w, https:\/\/casinoreturn.com\/wp-content\/uploads\/2024\/12\/Lucky-Days-casino-150x150.png 150w, https:\/\/casinoreturn.com\/wp-content\/uploads\/2024\/12\/Lucky-Days-casino.png 500w\" sizes=\"(max-width: 300px) 100vw, 300px\" \/><\/p>\n<h5>Mitk\u00e4 ovat Lucky Days Casino Bonuksen bonusehdot?<\/h5>\n<p>Talletus CAD$20 tai enemm\u00e4n. 30-kertainen panostus. Maksimipanos CAD$5 per panos. Omat varat k\u00e4ytet\u00e4\u00e4n ensin. 30 p\u00e4iv\u00e4n voimassaoloaika. Ilmaiskierrokset vanhentuvat 24 tunnin kuluttua. T\u00e4ytyy kierr\u00e4tt\u00e4\u00e4 25x valituissa peleiss\u00e4.      <\/p>\n<h5>Mitk\u00e4 ovat Kanadan amerikkalaisen jalkapallon perusteet?<\/h5>\n<p>Amerikkalainen jalkapallo on yksi Kanadan suosituimmista urheilulajeista. Kerromme, miten peli rakentuu.<br \/>Aloitetaan pelin tavoitteesta. Pelill\u00e4 on yksi p\u00e4\u00e4tavoite: pelaajat yritt\u00e4v\u00e4t vied\u00e4 pallon vastustajan p\u00e4\u00e4tyalueelle saadakseen pisteit\u00e4. Se, jolla on pelin lopussa eniten pisteit\u00e4, voittaa.   <\/p>\n<h4 class=\"wp-block-heading\">Miten jalkapallopeli toimii?<\/h4>\n<p>Pelin kesto on yleens\u00e4 2,5-3 tuntia. Pelin aikana yhdell\u00e4 joukkueella on aina ns. hy\u00f6kk\u00e4ysoikeus ja toinen joukkue on puolustuksessa. &#8221;Niin sanottu &#8221;hy\u00f6kk\u00e4ysoikeus&#8221; vaihtuu aina. Pelin alussa heitet\u00e4\u00e4n kolikkoa, jolla m\u00e4\u00e4ritet\u00e4\u00e4n aloittaja. Pelipallo asetetaan kent\u00e4n viivalle, ja aloittelevan joukkueen on potkaistava se mahdollisimman kauas. Ensimm\u00e4isen ly\u00f6nnin j\u00e4lkeen vastapuolen joukkue yritt\u00e4\u00e4 ottaa pallon kiinni ja kuljettaa sen kauas taaksep\u00e4in. Siit\u00e4 kohdasta, johon vastajoukkue p\u00e4\u00e4see pallon kanssa, alkaa my\u00f6s peli kent\u00e4ll\u00e4.<br \/>Hy\u00f6kk\u00e4ys. . . Sy\u00f6tt\u00e4minen. . . Juoksu            <\/p>\n<h4 class=\"wp-block-heading\">Nyt amerikkalainen suosikkipeli on alkanut, mutta miten se jatkuu?<\/h4>\n<p>Joukkuetta, joka omistaa pallon, kutsutaan hy\u00f6kk\u00e4\u00e4j\u00e4ksi (hy\u00f6kk\u00e4ys). He pyrkiv\u00e4t saamaan tilaa heitt\u00e4m\u00e4ll\u00e4 ja juoksemalla kilpaa muiden pelikavereiden kanssa. Parhaassa tapauksessa t\u00e4m\u00e4 p\u00e4\u00e4ttyy niin sanottuun p\u00e4\u00e4tyalueeseen. Kun hy\u00f6kk\u00e4\u00e4j\u00e4t juoksevat lelupallon kanssa, vastajoukkueen on estett\u00e4v\u00e4 hy\u00f6kk\u00e4\u00e4ji\u00e4 saamasta tilaa mahdollisimman paljon ja yritett\u00e4v\u00e4 napata pallo. Hy\u00f6kk\u00e4\u00e4jill\u00e4 on yhteens\u00e4 nelj\u00e4 yrityst\u00e4, ja heid\u00e4n on saatava tilaa kymmenen jaardin verran. Ep\u00e4onnistuessaan paikkoja vaihdetaan.     <\/p>\n<h4 class=\"wp-block-heading\">Mit\u00e4 Touchdown tarkoittaa amerikkalaisessa jalkapallossa?<\/h4>\n<p>Touchdown amerikkalaisessa jalkapallossa Kanadassa ja NFL:ss\u00e4 ( USA ) on tunnetuin tapa saada pisteit\u00e4 amerikkalaisessa jalkapallossa. Touchdown tuo joukkueelle yhteens\u00e4 kuusi pistett\u00e4. Se saavutetaan, kun jalkapallo kuljetetaan vastustajajoukkueen maaliviivan yli tai kun se saadaan kiinni niin sanotulla end zone -alueella.<br \/>Jos joukkue onnistuu heitt\u00e4m\u00e4\u00e4n pallon maalin l\u00e4pi touchdownin j\u00e4lkeen, se voi saada toisen pisteen.<br \/>Jos touchdown ei ole mahdollinen tietyst\u00e4 tilasta, joukkue voi poistua pelist\u00e4 ja yritt\u00e4\u00e4 potkaista jalkapallon maaliin. T\u00e4st\u00e4 tulee esiin toinenkin seikka.   <\/p>\n<h4 class=\"wp-block-heading\">Mit\u00e4 on turvallisuus jalkapallopeliss\u00e4?<\/h4>\n<p>Turvallisuus on my\u00f6s tapa saada pisteit\u00e4 pelin aikana. Sit\u00e4 varten puolustusjoukkueen, hy\u00f6kk\u00e4\u00e4v\u00e4n joukkueen, on voitettava hy\u00f6kk\u00e4\u00e4v\u00e4 joukkue sen p\u00e4\u00e4dyss\u00e4. T\u00e4ll\u00f6in joukkue saa kaksi lis\u00e4pistett\u00e4.  <\/p>\n<h3 class=\"wp-block-heading\">Amerikkalaisen jalkapallon vedonly\u00f6nti Kanada. . mit\u00e4 sinun pit\u00e4isi tiet\u00e4\u00e4?   <\/h3>\n<h4 class=\"wp-block-heading\">Mit\u00e4 ovat tasoitus ja spread-vedonly\u00f6nti amerikkalaisessa jalkapallossa Kanadassa?<\/h4>\n<p>Nettikasinolla on kaksi p\u00e4\u00e4asiallista vedonly\u00f6ntityyppi\u00e4 amerikkalaisessa jalkapallossa. On niin sanottu tasoitusveto tai spread-vedonly\u00f6nti. T\u00e4m\u00e4 tyyppi kuuluu amerikkalaisen jalkapallon suosituimpiin vedonly\u00f6ntimuotoihin. T\u00e4ss\u00e4 on melko yksinkertaista erottaa tietty tulosveto. Toisin sanoen vedonly\u00f6nnin tarjoajan tekemien m\u00e4\u00e4ritysten ja tuloksen v\u00e4lisen eron puolesta ly\u00f6d\u00e4\u00e4n vetoa. On totta: &#8221;Mit\u00e4 suurempi ero, sit\u00e4 korkeammat kertoimet ja siten voitto tai tappio. &#8221; L\u00f6yd\u00e4 paras vedonv\u00e4litt\u00e4j\u00e4 <a href=\"https:\/\/casinoreturn.com\/american-football-betting-canada\/\">amerikkalaisen jalkapallon vedonly\u00f6ntiin Kanadassa T\u00c4ST\u00c4<\/a><br \/>Siksi vedonly\u00f6ntipalvelun tarjoaja asettaa tietyn vaihteluv\u00e4lin k\u00e4ytt\u00e4en enimm\u00e4is- ja v\u00e4himm\u00e4iskertoimia, jotka kuvaavat sen urheilutapahtuman lopputulosta, josta vedonly\u00f6nti ly\u00f6d\u00e4\u00e4n vetoa. S\u00e4\u00e4t\u00e4j\u00e4 spekuloi, onko tulos korkeampi vai matalampi kuin vedonv\u00e4litt\u00e4j\u00e4n asettama vaihteluv\u00e4li, joka perustuu h\u00e4nen panosasemaansa. Panosta ei aseteta, jos Souffleurin ennuste vastaa vedonv\u00e4litt\u00e4j\u00e4n ennustetta. N\u00e4in ollen spread-vedonly\u00f6nti on urheilutapahtuman tulosta tai tapahtumaa koskeva s\u00e4\u00e4ennuste, kuten arvio tietyst\u00e4 pistem\u00e4\u00e4r\u00e4st\u00e4, maaleista, keltaisista korteista tai virheist\u00e4. Jos vinkkisi on vedonly\u00f6ntitoimittajan vaihteluv\u00e4lin, ns. rajan, ulkopuolella, niin vinkkaa. Jos kerroin ylitt\u00e4\u00e4 vedonv\u00e4litt\u00e4j\u00e4n asettaman rajan, voitto ja tappio lasketaan seuraavasti:          <\/p>\n<h5 class=\"wp-block-heading\">Miten summa lasketaan?<\/h5>\n<p>Edell\u00e4 mainittujen summa = panosbonus = panosten m\u00e4\u00e4r\u00e4 (toimien summa miinus raja). Seuraavien summa = panostappio = p\u00e4\u00e4voittojen m\u00e4\u00e4r\u00e4 (raja miinus toimien summa). Jos sy\u00f6tetty arvo on alle vedonv\u00e4litt\u00e4j\u00e4n ulottuvuuden, laskelma on p\u00e4invastainen: Seuraavien summien summa: = vedonly\u00f6ntibonus = vedonly\u00f6ntien lukum\u00e4\u00e4r\u00e4 (alaraja miinus kampanjasumma) Edell\u00e4 mainittujen summa = vedonly\u00f6ntitappio = p\u00e4\u00e4voittojen lukum\u00e4\u00e4r\u00e4 (yl\u00e4raja miinus kampanjasumma).  <\/p>\n<h4 class=\"wp-block-heading\">Mik\u00e4 on Kanadan amerikkalaisen jalkapallon kokonaispistem\u00e4\u00e4r\u00e4?<\/h4>\n<p>My\u00f6s amerikkalaisen jalkapallon osalta kaikki tunnetut vedonv\u00e4litt\u00e4j\u00e4t tarjoavat mahdollisuuden ly\u00f6d\u00e4 vetoa pelin lopputuloksesta korkeilla ja matalilla panoksilla. Kyse ei ole siit\u00e4, kuinka monta pistett\u00e4 joukkue tekee, vaan siit\u00e4, kuinka monta pistett\u00e4 molemmat osapuolet tekev\u00e4t yhteens\u00e4 pelin lopussa. Vedonv\u00e4litt\u00e4j\u00e4 voi esimerkiksi k\u00e4ytt\u00e4\u00e4 49. 5 pisteen rajaa, ja sinun on sitten p\u00e4\u00e4tett\u00e4v\u00e4, haluatko saada enemm\u00e4n vai v\u00e4hemm\u00e4n pisteit\u00e4. T\u00e4m\u00e4ntyyppisess\u00e4 vedossa kunkin kertoimet ovat yleens\u00e4 noin 1. 90.<br \/>Amerikkalaisessa jalkapallossa voi tietysti ly\u00f6d\u00e4 vetoa my\u00f6s siit\u00e4, mik\u00e4 on joukkueen johtoasema pelin lopussa. Vedonv\u00e4litt\u00e4j\u00e4t tarjoavat yleens\u00e4 erilaisia johtoasemavetoja kahdelle joukkueelle. Voit esimerkiksi ly\u00f6d\u00e4 vetoa siit\u00e4, ett\u00e4 joukkue A voittaa pelin 1-6 pisteell\u00e4. On my\u00f6s mahdollista esimerkiksi laittaa 19-24 pisteen etumatka suosikkijoukkueelle. Vedonv\u00e4litt\u00e4j\u00e4 arvioi, ett\u00e4 mit\u00e4 ep\u00e4todenn\u00e4k\u00f6isempi on joukkueen voittomarginaali, sit\u00e4 korkeammat ovat vedonly\u00f6ntikertoimet.         <\/p>\n<h4 class=\"wp-block-heading\">Amerikkalaisen jalkapallon vedot huippukertoimilla<\/h4>\n<p>Miten tunnistat parhaat kertoimet amerikkalaisen jalkapallon vedonly\u00f6ntiin?<\/p>\n<p>Vieraile verkkosivustollamme, Casinoreturn.com, t\u00e4n\u00e4\u00e4n ja l\u00f6yd\u00e4 parhaat online-vedot parhaiden vedonly\u00f6ntikertoimien avulla. Me Casinoreturnin tiimin\u00e4 pyrimme aina l\u00f6yt\u00e4m\u00e4\u00e4n sinulle parhaat palveluntarjoajat tarjotaksemme sinulle parhaan mahdollisen pelikokemuksen.<br \/>Vedonly\u00f6nti ei ole uutta nykymaailmassa nyky\u00e4\u00e4n, mutta se n\u00e4ytt\u00e4\u00e4 kuitenkin yht\u00e4 suositulta ja suositulta kuin koskaan. Olipa kyse sitten yst\u00e4v\u00e4llisest\u00e4 vedonly\u00f6nnist\u00e4, yst\u00e4vien kesken, vedonly\u00f6nnist\u00e4 stadionilla tuntemattomien kanssa, joista tulee yst\u00e4vi\u00e4 syd\u00e4n hihassa, tai mik\u00e4 on nyky\u00e4\u00e4n v\u00e4ltt\u00e4m\u00e4t\u00f6nt\u00e4: netiss\u00e4.<br \/>J\u00e4nnitys ja ilo ovat samat. Se ei k\u00e4y koskaan tyls\u00e4ksi, koska aina on jotain uutta veikattavaa. Tarjonta on runsaampaa kuin pitk\u00e4\u00e4n aikaan, kiitos sosiaalisen median ja lukuisten verkkoalustojen, joihin voi nyky\u00e4\u00e4n rekister\u00f6ity\u00e4. Viihdearvo kasvaa merkitt\u00e4v\u00e4sti, sill\u00e4 alustojen m\u00e4\u00e4r\u00e4 lis\u00e4\u00e4 paitsi vedonly\u00f6ntimahdollisuuksien valikoimaa my\u00f6s tarjoajien m\u00e4\u00e4r\u00e4\u00e4.     <\/p>\n<h4 class=\"wp-block-heading\">Amerikkalainen jalkapallo Sosiaalinen asema<\/h4>\n<p>Kuinka t\u00e4rkeit\u00e4 NFL ja Kanadan jalkapalloliiga ovat?<\/p>\n<p>Urheilu merkitsee kilpailua ja kilvoittelua, mutta my\u00f6s yst\u00e4vyytt\u00e4 ja liittoutumista. Se on asia, joka yhdist\u00e4\u00e4 ihmisi\u00e4, mutta toisaalta se voi my\u00f6s jakaa mielipiteit\u00e4. Yksitt\u00e4isten tapahtumien pelaajat ja enn\u00e4tystulokset kiehtovat meit\u00e4 siit\u00e4 l\u00e4htien ja vet\u00e4v\u00e4t meid\u00e4t lumoihinsa.<br \/>Yhten\u00e4 suosituimmista harrastuksista nettikasinoa edustavat monet eri tarjoajat. Tarjonta on hyvin monipuolista, ja me tiimin\u00e4 olemme t\u00e4\u00e4ll\u00e4 auttamassa sinua l\u00f6yt\u00e4m\u00e4\u00e4n parhaan nettikasinon valikoiman joukosta.<br \/>Tutustu Casinoreturn.com, meid\u00e4n Top 10 sinulla on kaikki hyv\u00e4t kasinot yhdell\u00e4 silm\u00e4yksell\u00e4. Top 10 Casino lista, n\u00e4ytt\u00e4\u00e4 sinulle parhaat ja hyv\u00e4maineisimmat nettikasinot, joille on ominaista erinomaiset urheilu- ja kasinotarjoukset.<br \/>Yksityiskohtainen lista parhaista vedonly\u00f6ntipalveluiden tarjoajista ja vedonly\u00f6ntitarjouksista vuodelle 2025 l\u00f6ytyy Top 10 -listaltamme.<br \/>Parhailla nettikasinoilla tulisi olla 24\/7 palvelu, johon voit ottaa yhteytt\u00e4 chatin, s\u00e4hk\u00f6postin tai puhelimen kautta. Talletus- ja kotiutusmenetelm\u00e4n tulisi olla selke\u00e4sti yksil\u00f6ity. Selke\u00e4t myyntiehdot sek\u00e4 l\u00e4pin\u00e4kyvyys kuuluvat my\u00f6s asiaan. Lis\u00e4ksi portaalissa tulisi olla listattuna riitt\u00e4v\u00e4sti tietoa ja vinkkej\u00e4.       <\/p>\n\t\t\t\t\t\t\t\t<\/div>\n\t\t\t\t<\/div>\n\t\t\t\t\t<\/div>\n\t\t\t\t<\/div>\n\t\t\t\t<\/div>\n\t\t","protected":false},"excerpt":{"rendered":"<p>Kanadan amerikkalainen jalkapallo ja sen peruss\u00e4\u00e4nn\u00f6t. Mutta ensin: tutustu Lucky Days Casinoon ja sen kasinoarvosteluun. JOPA CAD $ 1500 BONUS + 100 ilmaiskierrosta Lunasta eksklusiivinen Lucky Days -bonuksesi T\u00c4ST\u00c4 T&amp;Cs Sovelletaan Mitk\u00e4 ovat Lucky Days Casino Bonuksen bonusehdot? Talletus CAD$20 tai enemm\u00e4n. 30-kertainen panostus. Maksimipanos CAD$5 per panos. Omat varat k\u00e4ytet\u00e4\u00e4n ensin. 30 p\u00e4iv\u00e4n voimassaoloaika. [&hellip;]<\/p>\n","protected":false},"author":1,"featured_media":0,"parent":0,"menu_order":0,"comment_status":"closed","ping_status":"closed","template":"","meta":{"footnotes":""},"class_list":["post-4982","page","type-page","status-publish","hentry"],"blocksy_meta":[],"acf":[],"yoast_head":"<!-- This site is optimized with the Yoast SEO plugin v24.1 - https:\/\/yoast.com\/wordpress\/plugins\/seo\/ -->\n<title>Amerikkalainen jalkapallo Kanada aloittelijoille - casinoreturn<\/title>\n<meta name=\"description\" content=\"Amerikkalainen jalkapallo Kanada aloittelijoille on olennainen amerikkalaisen jalkapallon ABC tai American Football Rules for Dummies. Istu alas ja nauti.\" \/>\n<meta name=\"robots\" content=\"index, follow, max-snippet:-1, max-image-preview:large, max-video-preview:-1\" \/>\n<link rel=\"canonical\" href=\"https:\/\/casinoreturn.com\/fi\/amerikkalainen-jalkapallo-kanada-aloittelijoille\/\" \/>\n<meta property=\"og:locale\" content=\"fi_FI\" \/>\n<meta property=\"og:type\" content=\"article\" \/>\n<meta property=\"og:title\" content=\"Amerikkalainen jalkapallo Kanada aloittelijoille - casinoreturn\" \/>\n<meta property=\"og:description\" content=\"Amerikkalainen jalkapallo Kanada aloittelijoille on olennainen amerikkalaisen jalkapallon ABC tai American Football Rules for Dummies. Istu alas ja nauti.\" \/>\n<meta property=\"og:url\" content=\"https:\/\/casinoreturn.com\/fi\/amerikkalainen-jalkapallo-kanada-aloittelijoille\/\" \/>\n<meta property=\"og:site_name\" content=\"casinoreturn\" \/>\n<meta property=\"article:modified_time\" content=\"2025-02-12T12:51:41+00:00\" \/>\n<meta property=\"og:image\" content=\"https:\/\/casinoreturn.com\/wp-content\/uploads\/2024\/12\/Lucky-Days-casino.png\" \/>\n\t<meta property=\"og:image:width\" content=\"500\" \/>\n\t<meta property=\"og:image:height\" content=\"500\" \/>\n\t<meta property=\"og:image:type\" content=\"image\/png\" \/>\n<meta name=\"twitter:card\" content=\"summary_large_image\" \/>\n<meta name=\"twitter:label1\" content=\"Arvioitu lukuaika\" \/>\n\t<meta name=\"twitter:data1\" content=\"6 minuuttia\" \/>\n<script type=\"application\/ld+json\" class=\"yoast-schema-graph\">{\"@context\":\"https:\/\/schema.org\",\"@graph\":[{\"@type\":\"WebPage\",\"@id\":\"https:\/\/casinoreturn.com\/fi\/amerikkalainen-jalkapallo-kanada-aloittelijoille\/\",\"url\":\"https:\/\/casinoreturn.com\/fi\/amerikkalainen-jalkapallo-kanada-aloittelijoille\/\",\"name\":\"Amerikkalainen jalkapallo Kanada aloittelijoille - casinoreturn\",\"isPartOf\":{\"@id\":\"https:\/\/casinoreturn.com\/#website\"},\"primaryImageOfPage\":{\"@id\":\"https:\/\/casinoreturn.com\/fi\/amerikkalainen-jalkapallo-kanada-aloittelijoille\/#primaryimage\"},\"image\":{\"@id\":\"https:\/\/casinoreturn.com\/fi\/amerikkalainen-jalkapallo-kanada-aloittelijoille\/#primaryimage\"},\"thumbnailUrl\":\"https:\/\/casinoreturn.com\/wp-content\/uploads\/2024\/12\/Lucky-Days-casino-300x300.png\",\"datePublished\":\"2024-11-03T10:12:19+00:00\",\"dateModified\":\"2025-02-12T12:51:41+00:00\",\"description\":\"Amerikkalainen jalkapallo Kanada aloittelijoille on olennainen amerikkalaisen jalkapallon ABC tai American Football Rules for Dummies. Istu alas ja nauti.\",\"breadcrumb\":{\"@id\":\"https:\/\/casinoreturn.com\/fi\/amerikkalainen-jalkapallo-kanada-aloittelijoille\/#breadcrumb\"},\"inLanguage\":\"fi\",\"potentialAction\":[{\"@type\":\"ReadAction\",\"target\":[\"https:\/\/casinoreturn.com\/fi\/amerikkalainen-jalkapallo-kanada-aloittelijoille\/\"]}]},{\"@type\":\"ImageObject\",\"inLanguage\":\"fi\",\"@id\":\"https:\/\/casinoreturn.com\/fi\/amerikkalainen-jalkapallo-kanada-aloittelijoille\/#primaryimage\",\"url\":\"https:\/\/casinoreturn.com\/wp-content\/uploads\/2024\/12\/Lucky-Days-casino-300x300.png\",\"contentUrl\":\"https:\/\/casinoreturn.com\/wp-content\/uploads\/2024\/12\/Lucky-Days-casino-300x300.png\"},{\"@type\":\"BreadcrumbList\",\"@id\":\"https:\/\/casinoreturn.com\/fi\/amerikkalainen-jalkapallo-kanada-aloittelijoille\/#breadcrumb\",\"itemListElement\":[{\"@type\":\"ListItem\",\"position\":1,\"name\":\"Home\",\"item\":\"https:\/\/casinoreturn.com\/fi\/home\/\"},{\"@type\":\"ListItem\",\"position\":2,\"name\":\"Amerikkalainen jalkapallo Kanada aloittelijoille\"}]},{\"@type\":\"WebSite\",\"@id\":\"https:\/\/casinoreturn.com\/#website\",\"url\":\"https:\/\/casinoreturn.com\/\",\"name\":\"casinoreturn\",\"description\":\"\",\"publisher\":{\"@id\":\"https:\/\/casinoreturn.com\/#organization\"},\"potentialAction\":[{\"@type\":\"SearchAction\",\"target\":{\"@type\":\"EntryPoint\",\"urlTemplate\":\"https:\/\/casinoreturn.com\/?s={search_term_string}\"},\"query-input\":{\"@type\":\"PropertyValueSpecification\",\"valueRequired\":true,\"valueName\":\"search_term_string\"}}],\"inLanguage\":\"fi\"},{\"@type\":\"Organization\",\"@id\":\"https:\/\/casinoreturn.com\/#organization\",\"name\":\"casinoreturn\",\"url\":\"https:\/\/casinoreturn.com\/\",\"logo\":{\"@type\":\"ImageObject\",\"inLanguage\":\"fi\",\"@id\":\"https:\/\/casinoreturn.com\/#\/schema\/logo\/image\/\",\"url\":\"https:\/\/casinoreturn.com\/wp-content\/uploads\/2024\/09\/animal-favicon.png\",\"contentUrl\":\"https:\/\/casinoreturn.com\/wp-content\/uploads\/2024\/09\/animal-favicon.png\",\"width\":92,\"height\":92,\"caption\":\"casinoreturn\"},\"image\":{\"@id\":\"https:\/\/casinoreturn.com\/#\/schema\/logo\/image\/\"}}]}<\/script>\n<!-- \/ Yoast SEO plugin. -->","yoast_head_json":{"title":"Amerikkalainen jalkapallo Kanada aloittelijoille - casinoreturn","description":"Amerikkalainen jalkapallo Kanada aloittelijoille on olennainen amerikkalaisen jalkapallon ABC tai American Football Rules for Dummies. Istu alas ja nauti.","robots":{"index":"index","follow":"follow","max-snippet":"max-snippet:-1","max-image-preview":"max-image-preview:large","max-video-preview":"max-video-preview:-1"},"canonical":"https:\/\/casinoreturn.com\/fi\/amerikkalainen-jalkapallo-kanada-aloittelijoille\/","og_locale":"fi_FI","og_type":"article","og_title":"Amerikkalainen jalkapallo Kanada aloittelijoille - casinoreturn","og_description":"Amerikkalainen jalkapallo Kanada aloittelijoille on olennainen amerikkalaisen jalkapallon ABC tai American Football Rules for Dummies. Istu alas ja nauti.","og_url":"https:\/\/casinoreturn.com\/fi\/amerikkalainen-jalkapallo-kanada-aloittelijoille\/","og_site_name":"casinoreturn","article_modified_time":"2025-02-12T12:51:41+00:00","og_image":[{"width":500,"height":500,"url":"https:\/\/casinoreturn.com\/wp-content\/uploads\/2024\/12\/Lucky-Days-casino.png","type":"image\/png"}],"twitter_card":"summary_large_image","twitter_misc":{"Arvioitu lukuaika":"6 minuuttia"},"schema":{"@context":"https:\/\/schema.org","@graph":[{"@type":"WebPage","@id":"https:\/\/casinoreturn.com\/fi\/amerikkalainen-jalkapallo-kanada-aloittelijoille\/","url":"https:\/\/casinoreturn.com\/fi\/amerikkalainen-jalkapallo-kanada-aloittelijoille\/","name":"Amerikkalainen jalkapallo Kanada aloittelijoille - casinoreturn","isPartOf":{"@id":"https:\/\/casinoreturn.com\/#website"},"primaryImageOfPage":{"@id":"https:\/\/casinoreturn.com\/fi\/amerikkalainen-jalkapallo-kanada-aloittelijoille\/#primaryimage"},"image":{"@id":"https:\/\/casinoreturn.com\/fi\/amerikkalainen-jalkapallo-kanada-aloittelijoille\/#primaryimage"},"thumbnailUrl":"https:\/\/casinoreturn.com\/wp-content\/uploads\/2024\/12\/Lucky-Days-casino-300x300.png","datePublished":"2024-11-03T10:12:19+00:00","dateModified":"2025-02-12T12:51:41+00:00","description":"Amerikkalainen jalkapallo Kanada aloittelijoille on olennainen amerikkalaisen jalkapallon ABC tai American Football Rules for Dummies. Istu alas ja nauti.","breadcrumb":{"@id":"https:\/\/casinoreturn.com\/fi\/amerikkalainen-jalkapallo-kanada-aloittelijoille\/#breadcrumb"},"inLanguage":"fi","potentialAction":[{"@type":"ReadAction","target":["https:\/\/casinoreturn.com\/fi\/amerikkalainen-jalkapallo-kanada-aloittelijoille\/"]}]},{"@type":"ImageObject","inLanguage":"fi","@id":"https:\/\/casinoreturn.com\/fi\/amerikkalainen-jalkapallo-kanada-aloittelijoille\/#primaryimage","url":"https:\/\/casinoreturn.com\/wp-content\/uploads\/2024\/12\/Lucky-Days-casino-300x300.png","contentUrl":"https:\/\/casinoreturn.com\/wp-content\/uploads\/2024\/12\/Lucky-Days-casino-300x300.png"},{"@type":"BreadcrumbList","@id":"https:\/\/casinoreturn.com\/fi\/amerikkalainen-jalkapallo-kanada-aloittelijoille\/#breadcrumb","itemListElement":[{"@type":"ListItem","position":1,"name":"Home","item":"https:\/\/casinoreturn.com\/fi\/home\/"},{"@type":"ListItem","position":2,"name":"Amerikkalainen jalkapallo Kanada aloittelijoille"}]},{"@type":"WebSite","@id":"https:\/\/casinoreturn.com\/#website","url":"https:\/\/casinoreturn.com\/","name":"casinoreturn","description":"","publisher":{"@id":"https:\/\/casinoreturn.com\/#organization"},"potentialAction":[{"@type":"SearchAction","target":{"@type":"EntryPoint","urlTemplate":"https:\/\/casinoreturn.com\/?s={search_term_string}"},"query-input":{"@type":"PropertyValueSpecification","valueRequired":true,"valueName":"search_term_string"}}],"inLanguage":"fi"},{"@type":"Organization","@id":"https:\/\/casinoreturn.com\/#organization","name":"casinoreturn","url":"https:\/\/casinoreturn.com\/","logo":{"@type":"ImageObject","inLanguage":"fi","@id":"https:\/\/casinoreturn.com\/#\/schema\/logo\/image\/","url":"https:\/\/casinoreturn.com\/wp-content\/uploads\/2024\/09\/animal-favicon.png","contentUrl":"https:\/\/casinoreturn.com\/wp-content\/uploads\/2024\/09\/animal-favicon.png","width":92,"height":92,"caption":"casinoreturn"},"image":{"@id":"https:\/\/casinoreturn.com\/#\/schema\/logo\/image\/"}}]}},"_links":{"self":[{"href":"https:\/\/casinoreturn.com\/fi\/wp-json\/wp\/v2\/pages\/4982","targetHints":{"allow":["GET"]}}],"collection":[{"href":"https:\/\/casinoreturn.com\/fi\/wp-json\/wp\/v2\/pages"}],"about":[{"href":"https:\/\/casinoreturn.com\/fi\/wp-json\/wp\/v2\/types\/page"}],"author":[{"embeddable":true,"href":"https:\/\/casinoreturn.com\/fi\/wp-json\/wp\/v2\/users\/1"}],"replies":[{"embeddable":true,"href":"https:\/\/casinoreturn.com\/fi\/wp-json\/wp\/v2\/comments?post=4982"}],"version-history":[{"count":2,"href":"https:\/\/casinoreturn.com\/fi\/wp-json\/wp\/v2\/pages\/4982\/revisions"}],"predecessor-version":[{"id":7858,"href":"https:\/\/casinoreturn.com\/fi\/wp-json\/wp\/v2\/pages\/4982\/revisions\/7858"}],"wp:attachment":[{"href":"https:\/\/casinoreturn.com\/fi\/wp-json\/wp\/v2\/media?parent=4982"}],"curies":[{"name":"wp","href":"https:\/\/api.w.org\/{rel}","templated":true}]}}