{"id":5004,"date":"2024-11-13T17:29:31","date_gmt":"2024-11-13T17:29:31","guid":{"rendered":"https:\/\/casinoreturn.com\/online-kenon-saannot\/"},"modified":"2024-12-04T13:38:23","modified_gmt":"2024-12-04T13:38:23","slug":"online-kenon-saannot","status":"publish","type":"page","link":"https:\/\/casinoreturn.com\/fi\/online-kenon-saannot\/","title":{"rendered":"Online Kenon s\u00e4\u00e4nn\u00f6t"},"content":{"rendered":"\t\t<div data-elementor-type=\"wp-page\" data-elementor-id=\"5004\" class=\"elementor elementor-5004\" data-elementor-post-type=\"page\">\n\t\t\t\t<div class=\"elementor-element elementor-element-e950284 e-con-full e-flex e-con e-parent\" data-id=\"e950284\" data-element_type=\"container\" data-e-type=\"container\">\n\t\t\t\t<div class=\"elementor-element elementor-element-274b4dc elementor-widget elementor-widget-image\" data-id=\"274b4dc\" data-element_type=\"widget\" data-e-type=\"widget\" data-widget_type=\"image.default\">\n\t\t\t\t<div class=\"elementor-widget-container\">\n\t\t\t\t\t\t\t\t\t\t\t\t\t\t\t<img decoding=\"async\" width=\"200\" height=\"200\" src=\"https:\/\/casinoreturn.com\/wp-content\/uploads\/2024\/11\/Online-Keno-Rules.png\" class=\"attachment-large size-large wp-image-3310\" alt=\"Online Keno Rules\" srcset=\"https:\/\/casinoreturn.com\/wp-content\/uploads\/2024\/11\/Online-Keno-Rules.png 200w, https:\/\/casinoreturn.com\/wp-content\/uploads\/2024\/11\/Online-Keno-Rules-150x150.png 150w\" sizes=\"(max-width: 200px) 100vw, 200px\" \/>\t\t\t\t\t\t\t\t\t\t\t\t\t\t\t<\/div>\n\t\t\t\t<\/div>\n\t\t\t\t<div class=\"elementor-element elementor-element-c6bc008 elementor-widget elementor-widget-heading\" data-id=\"c6bc008\" data-element_type=\"widget\" data-e-type=\"widget\" data-widget_type=\"heading.default\">\n\t\t\t\t<div class=\"elementor-widget-container\">\n\t\t\t\t\t<h2 class=\"elementor-heading-title elementor-size-default\">Online Keno s\u00e4\u00e4nn\u00f6t ja Keno strategiat<\/h2>\t\t\t\t<\/div>\n\t\t\t\t<\/div>\n\t\t\t\t<div class=\"elementor-element elementor-element-04d6c59 elementor-widget elementor-widget-text-editor\" data-id=\"04d6c59\" data-element_type=\"widget\" data-e-type=\"widget\" data-widget_type=\"text-editor.default\">\n\t\t\t\t<div class=\"elementor-widget-container\">\n\t\t\t\t\t\t\t\t\t<p><strong>Online Kenon s\u00e4\u00e4nn\u00f6t ja sen historia<\/strong><\/p>\n<p>Kiinalaiset siirtolaiset toivat 1800-luvun lopulla Kiinasta per\u00e4isin olevan Keno-pelin Yhdysvaltoihin. Alun perin Kenoa pelattiin 80 kiinalaisella merkill\u00e4, jotka korvattiin my\u00f6hemmin Yhdysvalloissa 80 arabialaisella numerolla. <\/p>\n<p><strong>Race Horse nimelt\u00e4\u00e4n Keno!<\/strong><\/p>\n<p>Nevadassa yksitt\u00e4iset numerot on jo jonkin aikaa otsikoitu kilpahevosen nimell\u00e4. T\u00e4m\u00e4n seurauksena peli tunnettiin nimell\u00e4 &#8221;Racehorse Keno&#8221;. &#8221; Vuonna 1951 hevosten nimet poistettiin. Yksi syy oli se, ett\u00e4 raviradan ulkopuolella tapahtuvasta vedonly\u00f6nnist\u00e4 oli otettu k\u00e4ytt\u00f6\u00f6n vero. Loogista kyll\u00e4, silloiset toimijat eiv\u00e4t halunneet sekoittaa peli\u00e4 klassiseen hevosvedonly\u00f6ntiin. Nyky\u00e4\u00e4n voit yh\u00e4 l\u00f6yt\u00e4\u00e4 j\u00e4\u00e4nteit\u00e4 keno-ravihevospelist\u00e4. Jos perehdyt asiaan, huomaat, ett\u00e4 monia pelej\u00e4 kutsutaan edelleen &#8221;ravihevosiksi&#8221;, jos panostat useampaan kuin yhteen peliin samanaikaisesti. N\u00e4in ostat lipun useampaan kuin yhteen kilpailuun.      <\/p>\n\t\t\t\t\t\t\t\t<\/div>\n\t\t\t\t<\/div>\n\t\t\t\t<div class=\"elementor-element elementor-element-c14ad00 elementor-widget elementor-widget-heading\" data-id=\"c14ad00\" data-element_type=\"widget\" data-e-type=\"widget\" data-widget_type=\"heading.default\">\n\t\t\t\t<div class=\"elementor-widget-container\">\n\t\t\t\t\t<h3 class=\"elementor-heading-title elementor-size-default\">Miten kenoa pelataan?<\/h3>\t\t\t\t<\/div>\n\t\t\t\t<\/div>\n\t\t\t\t<div class=\"elementor-element elementor-element-1f3affb elementor-widget elementor-widget-text-editor\" data-id=\"1f3affb\" data-element_type=\"widget\" data-e-type=\"widget\" data-widget_type=\"text-editor.default\">\n\t\t\t\t<div class=\"elementor-widget-container\">\n\t\t\t\t\t\t\t\t\t<p>Peli on helppo ymm\u00e4rt\u00e4\u00e4 ja pelata, joten se on loistava tilaisuus aloitteleville nettipelaajille. Kenoa pelatessasi voit valita yhden tai useamman numeron 80 numeron kent\u00e4st\u00e4. Tavoitteena on, ett\u00e4 yksi valituista numeroista vastaa kutsuttuja numeroita, jolloin panoksesi voittaa.  <\/p>\n<p>Nyky\u00e4\u00e4n nettipelisaleissa, kuten Digibetiss\u00e4, numerot valitaan satunnaisesti niin sanotun RNG-arvon avulla. Jos valitset numeron oikein ja se vastaa soittamaasi numeroa, t\u00e4t\u00e4 kutsutaan kenossa my\u00f6s &#8221;saaliiksi&#8221;. <\/p>\n<p>Jos olet valinnut pelin, on j\u00e4rkev\u00e4\u00e4 valita ensin online arcade ja sitten online kenopeli. Valitse seuraavassa vaiheessa numerot, joihin haluat ly\u00f6d\u00e4 vetoa, ja odota, ett\u00e4 ne kutsutaan. <\/p>\n\t\t\t\t\t\t\t\t<\/div>\n\t\t\t\t<\/div>\n\t\t\t\t<div class=\"elementor-element elementor-element-8424c0b elementor-widget elementor-widget-heading\" data-id=\"8424c0b\" data-element_type=\"widget\" data-e-type=\"widget\" data-widget_type=\"heading.default\">\n\t\t\t\t<div class=\"elementor-widget-container\">\n\t\t\t\t\t<h2 class=\"elementor-heading-title elementor-size-default\">Mitk\u00e4 ovat Kenon voittokertoimet?<\/h2>\t\t\t\t<\/div>\n\t\t\t\t<\/div>\n\t\t\t\t<div class=\"elementor-element elementor-element-4c6c49a elementor-widget elementor-widget-text-editor\" data-id=\"4c6c49a\" data-element_type=\"widget\" data-e-type=\"widget\" data-widget_type=\"text-editor.default\">\n\t\t\t\t<div class=\"elementor-widget-container\">\n\t\t\t\t\t\t\t\t\t<p>Keno on my\u00f6s yksi klassisista uhkapeleist\u00e4. Se tarkoittaa, ett\u00e4 voit valita haluamasi numerot. Riippumatta siit\u00e4, mink\u00e4 numeron valitset, kertoimet pysyv\u00e4t samoina. Mielenkiintoinen seikka, joka saattaa kiinnostaa sinua: Kaikkien 20 numeron voiton todenn\u00e4k\u00f6isyys on tasan 1:3 535 316 142 212 174 320. Kokeneet pelaajat tiet\u00e4v\u00e4t, ett\u00e4 Keno-peliss\u00e4 talon etu on eritt\u00e4in suuri, noin 35 %. T\u00e4st\u00e4 syyst\u00e4 monet uhkapelaajat valitsevat my\u00f6s muita pelej\u00e4, joissa peliliikkeen talon etu on pienempi.     <\/p>\n\t\t\t\t\t\t\t\t<\/div>\n\t\t\t\t<\/div>\n\t\t\t\t<div class=\"elementor-element elementor-element-81cfd46 elementor-widget elementor-widget-heading\" data-id=\"81cfd46\" data-element_type=\"widget\" data-e-type=\"widget\" data-widget_type=\"heading.default\">\n\t\t\t\t<div class=\"elementor-widget-container\">\n\t\t\t\t\t<h2 class=\"elementor-heading-title elementor-size-default\">Mitk\u00e4 ovat voittomahdollisuudet nettikenossa?<\/h2>\t\t\t\t<\/div>\n\t\t\t\t<\/div>\n\t\t\t\t<div class=\"elementor-element elementor-element-fa4acd0 elementor-widget elementor-widget-text-editor\" data-id=\"fa4acd0\" data-element_type=\"widget\" data-e-type=\"widget\" data-widget_type=\"text-editor.default\">\n\t\t\t\t<div class=\"elementor-widget-container\">\n\t\t\t\t\t\t\t\t\t<p>Kenon voittokertoimen ymm\u00e4rt\u00e4miseksi sinun on ensin ymm\u00e4rrett\u00e4v\u00e4 t\u00e4ysin yhdistelm\u00e4funktio. Esimerkiksi lotossa pelaaja valitsee 6 numeroa 49 numerosta. Sitten arpajaiset arpovat 6 numeroa 49:st\u00e4, ja jos kaikki 6 numeroa t\u00e4sm\u00e4\u00e4v\u00e4t (j\u00e4rjestyksell\u00e4 ei ole v\u00e4li\u00e4), pelaaja voittaa. Jos et tied\u00e4, ett\u00e4 voiton todenn\u00e4k\u00f6isyys on 1:13 983 816, sinun on tarkistettava yhdistelm\u00e4ominaisuus ennen jatkamista. Kenossa kolikkopelikone arpoo 80 numerosta 20 numeroa ilman vaihtoa. Etuk\u00e4teen pelaajat voivat arpoa 1-15 (tai enemm\u00e4n) numeroa. &#8221;Catch&#8221; on numero, jonka pelaaja valitsee ja arpoo pelikirjastosta. &#8221;Miss&#8221; on pelaajan valitsema numero, jota ei arvota pelikirjastosta. Pelaajille maksetaan arvottujen ja pyydettyjen numeroiden m\u00e4\u00e4r\u00e4n perusteella.        <\/p>\n<p>Yhdistelm\u00e4t (80. 20) = 3 535 316 142 212 180 000 vaihtoehtoa Miten kasino arpoo 20 numeroa 80 numerosta? Monet laskimet eiv\u00e4t tue n\u00e4in suuria lukuja. Yhdistelm\u00e4n koon pienent\u00e4miseksi oletamme, ett\u00e4 pelikirjasto arpoo ensin palkinnot, mutta pit\u00e4\u00e4 numerot salassa ja pelaajat yritt\u00e4v\u00e4t vastata jo arvottuihin numeroihin.  <\/p>\n\t\t\t\t\t\t\t\t<\/div>\n\t\t\t\t<\/div>\n\t\t\t\t<div class=\"elementor-element elementor-element-ddd17b4 elementor-widget elementor-widget-heading\" data-id=\"ddd17b4\" data-element_type=\"widget\" data-e-type=\"widget\" data-widget_type=\"heading.default\">\n\t\t\t\t<div class=\"elementor-widget-container\">\n\t\t\t\t\t<h2 class=\"elementor-heading-title elementor-size-default\">Online Kenon tyypit - Yhden pelin Keno:<\/h2>\t\t\t\t<\/div>\n\t\t\t\t<\/div>\n\t\t\t\t<div class=\"elementor-element elementor-element-6082c88 elementor-widget elementor-widget-text-editor\" data-id=\"6082c88\" data-element_type=\"widget\" data-e-type=\"widget\" data-widget_type=\"text-editor.default\">\n\t\t\t\t<div class=\"elementor-widget-container\">\n\t\t\t\t\t\t\t\t\t<p>Yhden pelin Keno: Jos et saa voittaa palkintoa ennen uuden pelin aloittamista, saatat muuten h\u00e4vit\u00e4 pelin. Maakasinoilla kenopelin p\u00e4\u00e4ttymisen ja seuraavan kenopelin alkamisen v\u00e4lill\u00e4 on vain noin viisi minuuttia. Jos et toimita arpalippuasi ajoissa, menet\u00e4t yleens\u00e4 palkintosi. Siksi pelikirjasto on kehitt\u00e4nyt Multi-Race Kenon, jonka avulla voit pelata useampaa kuin yht\u00e4 kenopeli\u00e4 per\u00e4kk\u00e4in ilman, ett\u00e4 sinun tarvitsee nousta yl\u00f6s jokaisen pelin p\u00e4\u00e4tytty\u00e4. Bonus.    <\/p>\n<p>Keno, jossa on useita kilpailuja\/ Multi Kenon voittotodenn\u00e4k\u00f6isyydet<\/p>\n\t\t\t\t\t\t\t\t<\/div>\n\t\t\t\t<\/div>\n\t\t\t\t<div class=\"elementor-element elementor-element-90e71a5 elementor-widget elementor-widget-heading\" data-id=\"90e71a5\" data-element_type=\"widget\" data-e-type=\"widget\" data-widget_type=\"heading.default\">\n\t\t\t\t<div class=\"elementor-widget-container\">\n\t\t\t\t\t<h3 class=\"elementor-heading-title elementor-size-default\">Kenon voitot<\/h3>\t\t\t\t<\/div>\n\t\t\t\t<\/div>\n\t\t\t\t<div class=\"elementor-element elementor-element-4de6a37 elementor-widget elementor-widget-text-editor\" data-id=\"4de6a37\" data-element_type=\"widget\" data-e-type=\"widget\" data-widget_type=\"text-editor.default\">\n\t\t\t\t<div class=\"elementor-widget-container\">\n\t\t\t\t\t\t\t\t\t<p>Monikilpailu-keno edellytt\u00e4\u00e4, ett\u00e4 pelaat samaa numeroa per\u00e4kk\u00e4isten pelien sarjassa, joka voi olla 2-20 peli\u00e4, ja (yleens\u00e4) voit lunastaa voittosi vasta sarjan viimeisen pelin j\u00e4lkeen. Sinun on my\u00f6s maksettava v\u00e4himm\u00e4issumma jokaisesta pelist\u00e4. Esimerkiksi 15 pelin kenopelist\u00e4 sinun on maksettava 2,30 euroa.  <\/p>\n\t\t\t\t\t\t\t\t<\/div>\n\t\t\t\t<\/div>\n\t\t\t\t<div class=\"elementor-element elementor-element-04b4d1b elementor-widget elementor-widget-heading\" data-id=\"04b4d1b\" data-element_type=\"widget\" data-e-type=\"widget\" data-widget_type=\"heading.default\">\n\t\t\t\t<div class=\"elementor-widget-container\">\n\t\t\t\t\t<h3 class=\"elementor-heading-title elementor-size-default\">Kenovihjeit\u00e4 ja -temppuja:<\/h3>\t\t\t\t<\/div>\n\t\t\t\t<\/div>\n\t\t\t\t<div class=\"elementor-element elementor-element-b3019bf elementor-widget elementor-widget-text-editor\" data-id=\"b3019bf\" data-element_type=\"widget\" data-e-type=\"widget\" data-widget_type=\"text-editor.default\">\n\t\t\t\t<div class=\"elementor-widget-container\">\n\t\t\t\t\t\t\t\t\t<p>Keno on puhdas onnenpeli. Ei ole olemassa mit\u00e4\u00e4n todellista &#8221;strategiaa&#8221;, joka parantaisi mahdollisuuksiasi arpoa numeroita. Voit kuitenkin kasvattaa voittojasi valitsemalla v\u00e4hemm\u00e4n numeroita ja toivomalla, ett\u00e4 valitset suuremman prosenttiosuuden oikeista kenonumeroista.  <\/p>\n<p>Aluksi on hyv\u00e4 idea pelata Kenon ilmaista nettiversiota <a href=\"https:\/\/casinoreturn.com\/fi\/demo-casino-slots\/\">Kenon demoversiossa<\/a>. N\u00e4in voit tutustua nettipelien kirjastoon, ja jos pelaat pelej\u00e4 ilmaiseksi, voit kokeilla eri nettikenovaihtoehtoja. Useimmissa peliautomaateissa on ilmainen versio tai harjoitustila. T\u00e4m\u00e4n tarkoituksena on antaa uusille pelaajille mahdollisuus pelata peli\u00e4 ilman, ett\u00e4 heid\u00e4n tarvitsee pelata oikealla rahalla. Kun olet tutustunut verkkoalustaan, voit aloittaa oikean rahan kenopelien pelaamisen. Maksimoidaksesi hauskuuden, muista kiinnitt\u00e4\u00e4 huomiota saldoosi ja \u00e4l\u00e4 koskaan panosta enemm\u00e4n kuin olet valmis menett\u00e4m\u00e4\u00e4n. Kenossa saatat haluta pelata useita pelej\u00e4, joten panosta sen mukaisesti, jotta hauskuus s\u00e4ilyy. Sinun tulee my\u00f6s tarkistaa pelikirjaston erilaiset bonustarjoukset, jotka voivat lis\u00e4t\u00e4 viihdearvoa. Sinun tulisi muistaa, ett\u00e4 keno on uhkapeli. Sinulle t\u00e4m\u00e4 tarkoittaa, ett\u00e4 voitonmahdollisuudet ovat aina samanlaiset.         <\/p>\n\t\t\t\t\t\t\t\t<\/div>\n\t\t\t\t<\/div>\n\t\t\t\t<\/div>\n\t\t\t\t<\/div>\n\t\t","protected":false},"excerpt":{"rendered":"<p>Online Keno s\u00e4\u00e4nn\u00f6t ja Keno strategiat Online Kenon s\u00e4\u00e4nn\u00f6t ja sen historia Kiinalaiset siirtolaiset toivat 1800-luvun lopulla Kiinasta per\u00e4isin olevan Keno-pelin Yhdysvaltoihin. Alun perin Kenoa pelattiin 80 kiinalaisella merkill\u00e4, jotka korvattiin my\u00f6hemmin Yhdysvalloissa 80 arabialaisella numerolla. Race Horse nimelt\u00e4\u00e4n Keno! Nevadassa yksitt\u00e4iset numerot on jo jonkin aikaa otsikoitu kilpahevosen nimell\u00e4. T\u00e4m\u00e4n seurauksena peli tunnettiin nimell\u00e4 [&hellip;]<\/p>\n","protected":false},"author":1,"featured_media":0,"parent":0,"menu_order":0,"comment_status":"closed","ping_status":"closed","template":"","meta":{"footnotes":""},"class_list":["post-5004","page","type-page","status-publish","hentry"],"blocksy_meta":[],"acf":[],"yoast_head":"<!-- This site is optimized with the Yoast SEO plugin v24.1 - https:\/\/yoast.com\/wordpress\/plugins\/seo\/ -->\n<title>Online Kenon s\u00e4\u00e4nn\u00f6t - casinoreturn<\/title>\n<meta name=\"description\" content=\"Online Kenon s\u00e4\u00e4nn\u00f6t ja sen historia. Yksi viime vuosien suosituimmista peleist\u00e4. Liity meihin ja lue lis\u00e4\u00e4 strategioista ja Kenostrategioista.\" \/>\n<meta name=\"robots\" content=\"index, follow, max-snippet:-1, max-image-preview:large, max-video-preview:-1\" \/>\n<link rel=\"canonical\" href=\"https:\/\/casinoreturn.com\/fi\/online-kenon-saannot\/\" \/>\n<meta property=\"og:locale\" content=\"fi_FI\" \/>\n<meta property=\"og:type\" content=\"article\" \/>\n<meta property=\"og:title\" content=\"Online Kenon s\u00e4\u00e4nn\u00f6t - casinoreturn\" \/>\n<meta property=\"og:description\" content=\"Online Kenon s\u00e4\u00e4nn\u00f6t ja sen historia. Yksi viime vuosien suosituimmista peleist\u00e4. Liity meihin ja lue lis\u00e4\u00e4 strategioista ja Kenostrategioista.\" \/>\n<meta property=\"og:url\" content=\"https:\/\/casinoreturn.com\/fi\/online-kenon-saannot\/\" \/>\n<meta property=\"og:site_name\" content=\"casinoreturn\" \/>\n<meta property=\"article:modified_time\" content=\"2024-12-04T13:38:23+00:00\" \/>\n<meta property=\"og:image\" content=\"https:\/\/casinoreturn.com\/wp-content\/uploads\/2024\/11\/Online-Keno-Rules.png\" \/>\n\t<meta property=\"og:image:width\" content=\"200\" \/>\n\t<meta property=\"og:image:height\" content=\"200\" \/>\n\t<meta property=\"og:image:type\" content=\"image\/png\" \/>\n<meta name=\"twitter:card\" content=\"summary_large_image\" \/>\n<meta name=\"twitter:label1\" content=\"Arvioitu lukuaika\" \/>\n\t<meta name=\"twitter:data1\" content=\"4 minuuttia\" \/>\n<script type=\"application\/ld+json\" class=\"yoast-schema-graph\">{\"@context\":\"https:\/\/schema.org\",\"@graph\":[{\"@type\":\"WebPage\",\"@id\":\"https:\/\/casinoreturn.com\/fi\/online-kenon-saannot\/\",\"url\":\"https:\/\/casinoreturn.com\/fi\/online-kenon-saannot\/\",\"name\":\"Online Kenon s\u00e4\u00e4nn\u00f6t - casinoreturn\",\"isPartOf\":{\"@id\":\"https:\/\/casinoreturn.com\/#website\"},\"primaryImageOfPage\":{\"@id\":\"https:\/\/casinoreturn.com\/fi\/online-kenon-saannot\/#primaryimage\"},\"image\":{\"@id\":\"https:\/\/casinoreturn.com\/fi\/online-kenon-saannot\/#primaryimage\"},\"thumbnailUrl\":\"https:\/\/casinoreturn.com\/wp-content\/uploads\/2024\/11\/Online-Keno-Rules.png\",\"datePublished\":\"2024-11-13T17:29:31+00:00\",\"dateModified\":\"2024-12-04T13:38:23+00:00\",\"description\":\"Online Kenon s\u00e4\u00e4nn\u00f6t ja sen historia. Yksi viime vuosien suosituimmista peleist\u00e4. Liity meihin ja lue lis\u00e4\u00e4 strategioista ja Kenostrategioista.\",\"breadcrumb\":{\"@id\":\"https:\/\/casinoreturn.com\/fi\/online-kenon-saannot\/#breadcrumb\"},\"inLanguage\":\"fi\",\"potentialAction\":[{\"@type\":\"ReadAction\",\"target\":[\"https:\/\/casinoreturn.com\/fi\/online-kenon-saannot\/\"]}]},{\"@type\":\"ImageObject\",\"inLanguage\":\"fi\",\"@id\":\"https:\/\/casinoreturn.com\/fi\/online-kenon-saannot\/#primaryimage\",\"url\":\"https:\/\/casinoreturn.com\/wp-content\/uploads\/2024\/11\/Online-Keno-Rules.png\",\"contentUrl\":\"https:\/\/casinoreturn.com\/wp-content\/uploads\/2024\/11\/Online-Keno-Rules.png\"},{\"@type\":\"BreadcrumbList\",\"@id\":\"https:\/\/casinoreturn.com\/fi\/online-kenon-saannot\/#breadcrumb\",\"itemListElement\":[{\"@type\":\"ListItem\",\"position\":1,\"name\":\"Home\",\"item\":\"https:\/\/casinoreturn.com\/fi\/home\/\"},{\"@type\":\"ListItem\",\"position\":2,\"name\":\"Online Kenon s\u00e4\u00e4nn\u00f6t\"}]},{\"@type\":\"WebSite\",\"@id\":\"https:\/\/casinoreturn.com\/#website\",\"url\":\"https:\/\/casinoreturn.com\/\",\"name\":\"casinoreturn\",\"description\":\"\",\"publisher\":{\"@id\":\"https:\/\/casinoreturn.com\/#organization\"},\"potentialAction\":[{\"@type\":\"SearchAction\",\"target\":{\"@type\":\"EntryPoint\",\"urlTemplate\":\"https:\/\/casinoreturn.com\/?s={search_term_string}\"},\"query-input\":{\"@type\":\"PropertyValueSpecification\",\"valueRequired\":true,\"valueName\":\"search_term_string\"}}],\"inLanguage\":\"fi\"},{\"@type\":\"Organization\",\"@id\":\"https:\/\/casinoreturn.com\/#organization\",\"name\":\"casinoreturn\",\"url\":\"https:\/\/casinoreturn.com\/\",\"logo\":{\"@type\":\"ImageObject\",\"inLanguage\":\"fi\",\"@id\":\"https:\/\/casinoreturn.com\/#\/schema\/logo\/image\/\",\"url\":\"https:\/\/casinoreturn.com\/wp-content\/uploads\/2024\/09\/animal-favicon.png\",\"contentUrl\":\"https:\/\/casinoreturn.com\/wp-content\/uploads\/2024\/09\/animal-favicon.png\",\"width\":92,\"height\":92,\"caption\":\"casinoreturn\"},\"image\":{\"@id\":\"https:\/\/casinoreturn.com\/#\/schema\/logo\/image\/\"}}]}<\/script>\n<!-- \/ Yoast SEO plugin. -->","yoast_head_json":{"title":"Online Kenon s\u00e4\u00e4nn\u00f6t - casinoreturn","description":"Online Kenon s\u00e4\u00e4nn\u00f6t ja sen historia. Yksi viime vuosien suosituimmista peleist\u00e4. Liity meihin ja lue lis\u00e4\u00e4 strategioista ja Kenostrategioista.","robots":{"index":"index","follow":"follow","max-snippet":"max-snippet:-1","max-image-preview":"max-image-preview:large","max-video-preview":"max-video-preview:-1"},"canonical":"https:\/\/casinoreturn.com\/fi\/online-kenon-saannot\/","og_locale":"fi_FI","og_type":"article","og_title":"Online Kenon s\u00e4\u00e4nn\u00f6t - casinoreturn","og_description":"Online Kenon s\u00e4\u00e4nn\u00f6t ja sen historia. Yksi viime vuosien suosituimmista peleist\u00e4. Liity meihin ja lue lis\u00e4\u00e4 strategioista ja Kenostrategioista.","og_url":"https:\/\/casinoreturn.com\/fi\/online-kenon-saannot\/","og_site_name":"casinoreturn","article_modified_time":"2024-12-04T13:38:23+00:00","og_image":[{"width":200,"height":200,"url":"https:\/\/casinoreturn.com\/wp-content\/uploads\/2024\/11\/Online-Keno-Rules.png","type":"image\/png"}],"twitter_card":"summary_large_image","twitter_misc":{"Arvioitu lukuaika":"4 minuuttia"},"schema":{"@context":"https:\/\/schema.org","@graph":[{"@type":"WebPage","@id":"https:\/\/casinoreturn.com\/fi\/online-kenon-saannot\/","url":"https:\/\/casinoreturn.com\/fi\/online-kenon-saannot\/","name":"Online Kenon s\u00e4\u00e4nn\u00f6t - casinoreturn","isPartOf":{"@id":"https:\/\/casinoreturn.com\/#website"},"primaryImageOfPage":{"@id":"https:\/\/casinoreturn.com\/fi\/online-kenon-saannot\/#primaryimage"},"image":{"@id":"https:\/\/casinoreturn.com\/fi\/online-kenon-saannot\/#primaryimage"},"thumbnailUrl":"https:\/\/casinoreturn.com\/wp-content\/uploads\/2024\/11\/Online-Keno-Rules.png","datePublished":"2024-11-13T17:29:31+00:00","dateModified":"2024-12-04T13:38:23+00:00","description":"Online Kenon s\u00e4\u00e4nn\u00f6t ja sen historia. Yksi viime vuosien suosituimmista peleist\u00e4. Liity meihin ja lue lis\u00e4\u00e4 strategioista ja Kenostrategioista.","breadcrumb":{"@id":"https:\/\/casinoreturn.com\/fi\/online-kenon-saannot\/#breadcrumb"},"inLanguage":"fi","potentialAction":[{"@type":"ReadAction","target":["https:\/\/casinoreturn.com\/fi\/online-kenon-saannot\/"]}]},{"@type":"ImageObject","inLanguage":"fi","@id":"https:\/\/casinoreturn.com\/fi\/online-kenon-saannot\/#primaryimage","url":"https:\/\/casinoreturn.com\/wp-content\/uploads\/2024\/11\/Online-Keno-Rules.png","contentUrl":"https:\/\/casinoreturn.com\/wp-content\/uploads\/2024\/11\/Online-Keno-Rules.png"},{"@type":"BreadcrumbList","@id":"https:\/\/casinoreturn.com\/fi\/online-kenon-saannot\/#breadcrumb","itemListElement":[{"@type":"ListItem","position":1,"name":"Home","item":"https:\/\/casinoreturn.com\/fi\/home\/"},{"@type":"ListItem","position":2,"name":"Online Kenon s\u00e4\u00e4nn\u00f6t"}]},{"@type":"WebSite","@id":"https:\/\/casinoreturn.com\/#website","url":"https:\/\/casinoreturn.com\/","name":"casinoreturn","description":"","publisher":{"@id":"https:\/\/casinoreturn.com\/#organization"},"potentialAction":[{"@type":"SearchAction","target":{"@type":"EntryPoint","urlTemplate":"https:\/\/casinoreturn.com\/?s={search_term_string}"},"query-input":{"@type":"PropertyValueSpecification","valueRequired":true,"valueName":"search_term_string"}}],"inLanguage":"fi"},{"@type":"Organization","@id":"https:\/\/casinoreturn.com\/#organization","name":"casinoreturn","url":"https:\/\/casinoreturn.com\/","logo":{"@type":"ImageObject","inLanguage":"fi","@id":"https:\/\/casinoreturn.com\/#\/schema\/logo\/image\/","url":"https:\/\/casinoreturn.com\/wp-content\/uploads\/2024\/09\/animal-favicon.png","contentUrl":"https:\/\/casinoreturn.com\/wp-content\/uploads\/2024\/09\/animal-favicon.png","width":92,"height":92,"caption":"casinoreturn"},"image":{"@id":"https:\/\/casinoreturn.com\/#\/schema\/logo\/image\/"}}]}},"_links":{"self":[{"href":"https:\/\/casinoreturn.com\/fi\/wp-json\/wp\/v2\/pages\/5004","targetHints":{"allow":["GET"]}}],"collection":[{"href":"https:\/\/casinoreturn.com\/fi\/wp-json\/wp\/v2\/pages"}],"about":[{"href":"https:\/\/casinoreturn.com\/fi\/wp-json\/wp\/v2\/types\/page"}],"author":[{"embeddable":true,"href":"https:\/\/casinoreturn.com\/fi\/wp-json\/wp\/v2\/users\/1"}],"replies":[{"embeddable":true,"href":"https:\/\/casinoreturn.com\/fi\/wp-json\/wp\/v2\/comments?post=5004"}],"version-history":[{"count":1,"href":"https:\/\/casinoreturn.com\/fi\/wp-json\/wp\/v2\/pages\/5004\/revisions"}],"predecessor-version":[{"id":5005,"href":"https:\/\/casinoreturn.com\/fi\/wp-json\/wp\/v2\/pages\/5004\/revisions\/5005"}],"wp:attachment":[{"href":"https:\/\/casinoreturn.com\/fi\/wp-json\/wp\/v2\/media?parent=5004"}],"curies":[{"name":"wp","href":"https:\/\/api.w.org\/{rel}","templated":true}]}}