{"id":5048,"date":"2024-11-20T16:41:12","date_gmt":"2024-11-20T16:41:12","guid":{"rendered":"https:\/\/casinoreturn.com\/royal-flush-pokerissa\/"},"modified":"2024-12-04T13:53:40","modified_gmt":"2024-12-04T13:53:40","slug":"royal-flush-pokerissa","status":"publish","type":"page","link":"https:\/\/casinoreturn.com\/fi\/royal-flush-pokerissa\/","title":{"rendered":"Royal Flush pokerissa"},"content":{"rendered":"\t\t<div data-elementor-type=\"wp-page\" data-elementor-id=\"5048\" class=\"elementor elementor-5048\" data-elementor-post-type=\"page\">\n\t\t\t\t<div class=\"elementor-element elementor-element-544c1d6 e-con-full e-flex e-con e-parent\" data-id=\"544c1d6\" data-element_type=\"container\">\n\t\t\t\t<div class=\"elementor-element elementor-element-7598f05 elementor-widget elementor-widget-heading\" data-id=\"7598f05\" data-element_type=\"widget\" data-widget_type=\"heading.default\">\n\t\t\t\t<div class=\"elementor-widget-container\">\n\t\t\t\t\t<h2 class=\"elementor-heading-title elementor-size-default\">Royal Flush pokerissa - \"Se yksi k\u00e4si pokerissa\"<\/h2>\t\t\t\t<\/div>\n\t\t\t\t<\/div>\n\t\t\t\t<div class=\"elementor-element elementor-element-c8fb580 elementor-widget elementor-widget-image\" data-id=\"c8fb580\" data-element_type=\"widget\" data-widget_type=\"image.default\">\n\t\t\t\t<div class=\"elementor-widget-container\">\n\t\t\t\t\t\t\t\t\t\t\t\t\t\t\t<img fetchpriority=\"high\" decoding=\"async\" width=\"522\" height=\"360\" src=\"https:\/\/casinoreturn.com\/wp-content\/uploads\/2024\/11\/Royal-Flush-in-Poker.jpg\" class=\"attachment-large size-large wp-image-3699\" alt=\"creator-television-and-poker-world-tour-align\" srcset=\"https:\/\/casinoreturn.com\/wp-content\/uploads\/2024\/11\/Royal-Flush-in-Poker.jpg 522w, https:\/\/casinoreturn.com\/wp-content\/uploads\/2024\/11\/Royal-Flush-in-Poker-300x207.jpg 300w\" sizes=\"(max-width: 522px) 100vw, 522px\" \/>\t\t\t\t\t\t\t\t\t\t\t\t\t\t\t<\/div>\n\t\t\t\t<\/div>\n\t\t\t\t<div class=\"elementor-element elementor-element-4a45df4 elementor-widget elementor-widget-heading\" data-id=\"4a45df4\" data-element_type=\"widget\" data-widget_type=\"heading.default\">\n\t\t\t\t<div class=\"elementor-widget-container\">\n\t\t\t\t\t<h2 class=\"elementor-heading-title elementor-size-default\">Mik\u00e4 on Royal Flush pokerissa?<\/h2>\t\t\t\t<\/div>\n\t\t\t\t<\/div>\n\t\t\t\t<div class=\"elementor-element elementor-element-91fa191 elementor-button-success elementor-align-center elementor-widget elementor-widget-button\" data-id=\"91fa191\" data-element_type=\"widget\" data-widget_type=\"button.default\">\n\t\t\t\t<div class=\"elementor-widget-container\">\n\t\t\t\t\t\t\t\t\t<div class=\"elementor-button-wrapper\">\n\t\t\t\t\t<a class=\"elementor-button elementor-button-link elementor-size-sm\" href=\"https:\/\/casinoreturn.com\/fi\/online-poker-kasinot\/\">\n\t\t\t\t\t\t<span class=\"elementor-button-content-wrapper\">\n\t\t\t\t\t\t\t\t\t<span class=\"elementor-button-text\">Pelaa pokeria t\u00e4\u00e4ll\u00e4<\/span>\n\t\t\t\t\t<\/span>\n\t\t\t\t\t<\/a>\n\t\t\t\t<\/div>\n\t\t\t\t\t\t\t\t<\/div>\n\t\t\t\t<\/div>\n\t\t\t\t<div class=\"elementor-element elementor-element-ffeecd1 elementor-widget elementor-widget-text-editor\" data-id=\"ffeecd1\" data-element_type=\"widget\" data-widget_type=\"text-editor.default\">\n\t\t\t\t<div class=\"elementor-widget-container\">\n\t\t\t\t\t\t\t\t\t<p>Royal Flush pokerissa, pokerin kaikkien k\u00e4sien \u00e4iti. Se on tietty korttien yhdistelm\u00e4, jota voidaan k\u00e4ytt\u00e4\u00e4 pokerissa. Kuten edell\u00e4 mainittiin, se ei ole mik\u00e4 tahansa yhdistelm\u00e4; korkeimman arvon omaava yhdistelm\u00e4 voittaa aina. Royal Flush tai kuninkaallinen v\u00e4ri koostuu viidest\u00e4 per\u00e4kk\u00e4isest\u00e4 kortista, kuten 6, 7, 8, 9 ja 10. Royal Flushissa on erikoista se, ett\u00e4 j\u00e4rjestys (my\u00f6s Straight tai Street) on korkein j\u00e4rjestys: 10, j\u00e4tk\u00e4, kuningatar, kuningas ja \u00e4ss\u00e4, ja ik\u00e4\u00e4n kuin t\u00e4m\u00e4 ei riitt\u00e4isi, Royal Flush -korttien on oltava samaa maata, riippumatta siit\u00e4, mik\u00e4 v\u00e4ri on kyseess\u00e4. Itse asiassa Royal Flush on paras. V\u00e4risuora koostuu aina viidest\u00e4 samanv\u00e4risest\u00e4 kortista. Jos siis kaikki n\u00e4m\u00e4 ovat saman v\u00e4rin korkeimpia kortteja, sinulla on Royal Flush.       <\/p>\n\t\t\t\t\t\t\t\t<\/div>\n\t\t\t\t<\/div>\n\t\t\t\t<div class=\"elementor-element elementor-element-83611db elementor-widget elementor-widget-heading\" data-id=\"83611db\" data-element_type=\"widget\" data-widget_type=\"heading.default\">\n\t\t\t\t<div class=\"elementor-widget-container\">\n\t\t\t\t\t<h3 class=\"elementor-heading-title elementor-size-default\">Royal Flush -k\u00e4den luokitus<\/h3>\t\t\t\t<\/div>\n\t\t\t\t<\/div>\n\t\t\t\t<div class=\"elementor-element elementor-element-59a7e45 elementor-widget elementor-widget-text-editor\" data-id=\"59a7e45\" data-element_type=\"widget\" data-widget_type=\"text-editor.default\">\n\t\t\t\t<div class=\"elementor-widget-container\">\n\t\t\t\t\t\t\t\t\t<p>Royal Flush -k\u00e4den kanssa ei voi menn\u00e4 pieleen. T\u00e4m\u00e4 johtuu siit\u00e4, ett\u00e4 sinulla on jo paras mahdollinen yhdistelm\u00e4. Royal Flush -k\u00e4dess\u00e4 on kuitenkin muutama asia muistettava, vaikka sinulla olisikin jo nelj\u00e4 samaa maata olevaa korttia per\u00e4kk\u00e4in. Se ei tarkoita, ett\u00e4 vastaava viides kortti lis\u00e4t\u00e4\u00e4n loppuun. Jos oikea kortti ei p\u00e4\u00e4se loppuun asti, kun yrit\u00e4t saada pokerissa Royal Flushia, lopputuloksena on usein myrskyis\u00e4 loppuk\u00e4si. Riski on suuri.     <\/p>\n\t\t\t\t\t\t\t\t<\/div>\n\t\t\t\t<\/div>\n\t\t\t\t<div class=\"elementor-element elementor-element-fc7dee4 elementor-widget elementor-widget-heading\" data-id=\"fc7dee4\" data-element_type=\"widget\" data-widget_type=\"heading.default\">\n\t\t\t\t<div class=\"elementor-widget-container\">\n\t\t\t\t\t<h3 class=\"elementor-heading-title elementor-size-default\">Optimaalinen strategia Royal Flushiin<\/h3>\t\t\t\t<\/div>\n\t\t\t\t<\/div>\n\t\t\t\t<div class=\"elementor-element elementor-element-8889405 elementor-widget elementor-widget-text-editor\" data-id=\"8889405\" data-element_type=\"widget\" data-widget_type=\"text-editor.default\">\n\t\t\t\t<div class=\"elementor-widget-container\">\n\t\t\t\t\t\t\t\t\t<p>Jos haluat kuninkaallisen v\u00e4rin, on kannattavinta pelata vain lupaavia kuninkaallisia v\u00e4rik\u00e4si\u00e4. Taita kaikki muut kortit, mutta t\u00e4m\u00e4 ei ole paras strategia. Usein on lupaavampaa panostaa eri korttiyhdistelm\u00e4\u00e4n, joka on todenn\u00e4k\u00f6isempi. On my\u00f6s t\u00e4rke\u00e4\u00e4 pit\u00e4\u00e4 silm\u00e4ll\u00e4 muiden pelaajien k\u00e4ytt\u00e4ytymist\u00e4. T\u00e4t\u00e4 varten sinun on analysoitava heid\u00e4n pelik\u00e4ytt\u00e4ytymist\u00e4\u00e4n hyvin huolellisesti. Loppujen lopuksi tarvitset Royal Flushia vain kerran ja voittaaksesi muut hyv\u00e4t k\u00e4det. Koska n\u00e4m\u00e4kin ovat melko harvinaisia, Royal Flush on harvoin tarpeen. On my\u00f6s t\u00e4rke\u00e4\u00e4, ett\u00e4 jos on suuri todenn\u00e4k\u00f6isyys, ett\u00e4 vastustajasi ei ole liian ep\u00e4varma kuninkaallisesta v\u00e4rist\u00e4 ja h\u00e4n maksaa, koska valitettavasti kuninkaallisesta v\u00e4rist\u00e4si ei ole sinulle mit\u00e4\u00e4n hy\u00f6ty\u00e4, jos vastustajasi luovuttavat ennenaikaisesti. Videopokeria pelatessa tilanne on tietenkin erilainen. Koska voit tehd\u00e4 videopokerissa suhteettoman suuren voiton kuningasv\u00e4rill\u00e4, sinun pit\u00e4isi aina pelata kuningasv\u00e4rill\u00e4. Koska sinulla ei ole vihollisia t\u00e4\u00e4ll\u00e4, \u00e4l\u00e4 pelaa sit\u00e4 roolia.          <\/p>\n\t\t\t\t\t\t\t\t<\/div>\n\t\t\t\t<\/div>\n\t\t\t\t<div class=\"elementor-element elementor-element-863e8de elementor-widget elementor-widget-heading\" data-id=\"863e8de\" data-element_type=\"widget\" data-widget_type=\"heading.default\">\n\t\t\t\t<div class=\"elementor-widget-container\">\n\t\t\t\t\t<h3 class=\"elementor-heading-title elementor-size-default\">Pokerimuunnelmia Royal Flushissa?<\/h3>\t\t\t\t<\/div>\n\t\t\t\t<\/div>\n\t\t\t\t<div class=\"elementor-element elementor-element-80672b1 elementor-widget elementor-widget-text-editor\" data-id=\"80672b1\" data-element_type=\"widget\" data-widget_type=\"text-editor.default\">\n\t\t\t\t<div class=\"elementor-widget-container\">\n\t\t\t\t\t\t\t\t\t<p>Royal Flush l\u00f6ytyy kaikista pokerin muunnelmista, joita pelataan viel\u00e4 nyky\u00e4\u00e4nkin laajalti, kuten Texas Hold&#8217;em, Five Card Draw ja Seven Card Stud. Kuten edell\u00e4 mainittiin, on melkein yht\u00e4 vaikeaa l\u00f6yt\u00e4\u00e4 pokerimuunnelmaa, jossa ei ole royal flushia, kuin saada sellainen. <\/p>\n\t\t\t\t\t\t\t\t<\/div>\n\t\t\t\t<\/div>\n\t\t\t\t<\/div>\n\t\t\t\t<\/div>\n\t\t","protected":false},"excerpt":{"rendered":"<p>Royal Flush pokerissa &#8211; &#8221;Se yksi k\u00e4si pokerissa&#8221; Mik\u00e4 on Royal Flush pokerissa? Pelaa pokeria t\u00e4\u00e4ll\u00e4 Royal Flush pokerissa, pokerin kaikkien k\u00e4sien \u00e4iti. Se on tietty korttien yhdistelm\u00e4, jota voidaan k\u00e4ytt\u00e4\u00e4 pokerissa. Kuten edell\u00e4 mainittiin, se ei ole mik\u00e4 tahansa yhdistelm\u00e4; korkeimman arvon omaava yhdistelm\u00e4 voittaa aina. Royal Flush tai kuninkaallinen v\u00e4ri koostuu viidest\u00e4 per\u00e4kk\u00e4isest\u00e4 [&hellip;]<\/p>\n","protected":false},"author":1,"featured_media":0,"parent":0,"menu_order":0,"comment_status":"closed","ping_status":"closed","template":"","meta":{"footnotes":""},"class_list":["post-5048","page","type-page","status-publish","hentry"],"blocksy_meta":[],"acf":[],"yoast_head":"<!-- This site is optimized with the Yoast SEO plugin v24.1 - https:\/\/yoast.com\/wordpress\/plugins\/seo\/ -->\n<title>Royal Flush pokerissa - casinoreturn<\/title>\n<meta name=\"description\" content=\"Royal Flush pokerissa, kaikkien k\u00e4sien grand dame. Unohda neloset ja \u00e4ss\u00e4t. Pieni oppaamme antaa sinulle tietoa.\" \/>\n<meta name=\"robots\" content=\"index, follow, max-snippet:-1, max-image-preview:large, max-video-preview:-1\" \/>\n<link rel=\"canonical\" href=\"https:\/\/casinoreturn.com\/fi\/royal-flush-pokerissa\/\" \/>\n<meta property=\"og:locale\" content=\"fi_FI\" \/>\n<meta property=\"og:type\" content=\"article\" \/>\n<meta property=\"og:title\" content=\"Royal Flush pokerissa - casinoreturn\" \/>\n<meta property=\"og:description\" content=\"Royal Flush pokerissa, kaikkien k\u00e4sien grand dame. Unohda neloset ja \u00e4ss\u00e4t. Pieni oppaamme antaa sinulle tietoa.\" \/>\n<meta property=\"og:url\" content=\"https:\/\/casinoreturn.com\/fi\/royal-flush-pokerissa\/\" \/>\n<meta property=\"og:site_name\" content=\"casinoreturn\" \/>\n<meta property=\"article:modified_time\" content=\"2024-12-04T13:53:40+00:00\" \/>\n<meta property=\"og:image\" content=\"https:\/\/casinoreturn.com\/wp-content\/uploads\/2024\/11\/Royal-Flush-in-Poker.jpg\" \/>\n\t<meta property=\"og:image:width\" content=\"522\" \/>\n\t<meta property=\"og:image:height\" content=\"360\" \/>\n\t<meta property=\"og:image:type\" content=\"image\/jpeg\" \/>\n<meta name=\"twitter:card\" content=\"summary_large_image\" \/>\n<meta name=\"twitter:label1\" content=\"Arvioitu lukuaika\" \/>\n\t<meta name=\"twitter:data1\" content=\"2 minuuttia\" \/>\n<script type=\"application\/ld+json\" class=\"yoast-schema-graph\">{\"@context\":\"https:\/\/schema.org\",\"@graph\":[{\"@type\":\"WebPage\",\"@id\":\"https:\/\/casinoreturn.com\/fi\/royal-flush-pokerissa\/\",\"url\":\"https:\/\/casinoreturn.com\/fi\/royal-flush-pokerissa\/\",\"name\":\"Royal Flush pokerissa - casinoreturn\",\"isPartOf\":{\"@id\":\"https:\/\/casinoreturn.com\/#website\"},\"primaryImageOfPage\":{\"@id\":\"https:\/\/casinoreturn.com\/fi\/royal-flush-pokerissa\/#primaryimage\"},\"image\":{\"@id\":\"https:\/\/casinoreturn.com\/fi\/royal-flush-pokerissa\/#primaryimage\"},\"thumbnailUrl\":\"https:\/\/casinoreturn.com\/wp-content\/uploads\/2024\/11\/Royal-Flush-in-Poker.jpg\",\"datePublished\":\"2024-11-20T16:41:12+00:00\",\"dateModified\":\"2024-12-04T13:53:40+00:00\",\"description\":\"Royal Flush pokerissa, kaikkien k\u00e4sien grand dame. Unohda neloset ja \u00e4ss\u00e4t. Pieni oppaamme antaa sinulle tietoa.\",\"breadcrumb\":{\"@id\":\"https:\/\/casinoreturn.com\/fi\/royal-flush-pokerissa\/#breadcrumb\"},\"inLanguage\":\"fi\",\"potentialAction\":[{\"@type\":\"ReadAction\",\"target\":[\"https:\/\/casinoreturn.com\/fi\/royal-flush-pokerissa\/\"]}]},{\"@type\":\"ImageObject\",\"inLanguage\":\"fi\",\"@id\":\"https:\/\/casinoreturn.com\/fi\/royal-flush-pokerissa\/#primaryimage\",\"url\":\"https:\/\/casinoreturn.com\/wp-content\/uploads\/2024\/11\/Royal-Flush-in-Poker.jpg\",\"contentUrl\":\"https:\/\/casinoreturn.com\/wp-content\/uploads\/2024\/11\/Royal-Flush-in-Poker.jpg\"},{\"@type\":\"BreadcrumbList\",\"@id\":\"https:\/\/casinoreturn.com\/fi\/royal-flush-pokerissa\/#breadcrumb\",\"itemListElement\":[{\"@type\":\"ListItem\",\"position\":1,\"name\":\"Home\",\"item\":\"https:\/\/casinoreturn.com\/fi\/home\/\"},{\"@type\":\"ListItem\",\"position\":2,\"name\":\"Royal Flush pokerissa\"}]},{\"@type\":\"WebSite\",\"@id\":\"https:\/\/casinoreturn.com\/#website\",\"url\":\"https:\/\/casinoreturn.com\/\",\"name\":\"casinoreturn\",\"description\":\"\",\"publisher\":{\"@id\":\"https:\/\/casinoreturn.com\/#organization\"},\"potentialAction\":[{\"@type\":\"SearchAction\",\"target\":{\"@type\":\"EntryPoint\",\"urlTemplate\":\"https:\/\/casinoreturn.com\/?s={search_term_string}\"},\"query-input\":{\"@type\":\"PropertyValueSpecification\",\"valueRequired\":true,\"valueName\":\"search_term_string\"}}],\"inLanguage\":\"fi\"},{\"@type\":\"Organization\",\"@id\":\"https:\/\/casinoreturn.com\/#organization\",\"name\":\"casinoreturn\",\"url\":\"https:\/\/casinoreturn.com\/\",\"logo\":{\"@type\":\"ImageObject\",\"inLanguage\":\"fi\",\"@id\":\"https:\/\/casinoreturn.com\/#\/schema\/logo\/image\/\",\"url\":\"https:\/\/casinoreturn.com\/wp-content\/uploads\/2024\/09\/animal-favicon.png\",\"contentUrl\":\"https:\/\/casinoreturn.com\/wp-content\/uploads\/2024\/09\/animal-favicon.png\",\"width\":92,\"height\":92,\"caption\":\"casinoreturn\"},\"image\":{\"@id\":\"https:\/\/casinoreturn.com\/#\/schema\/logo\/image\/\"}}]}<\/script>\n<!-- \/ Yoast SEO plugin. -->","yoast_head_json":{"title":"Royal Flush pokerissa - casinoreturn","description":"Royal Flush pokerissa, kaikkien k\u00e4sien grand dame. Unohda neloset ja \u00e4ss\u00e4t. Pieni oppaamme antaa sinulle tietoa.","robots":{"index":"index","follow":"follow","max-snippet":"max-snippet:-1","max-image-preview":"max-image-preview:large","max-video-preview":"max-video-preview:-1"},"canonical":"https:\/\/casinoreturn.com\/fi\/royal-flush-pokerissa\/","og_locale":"fi_FI","og_type":"article","og_title":"Royal Flush pokerissa - casinoreturn","og_description":"Royal Flush pokerissa, kaikkien k\u00e4sien grand dame. Unohda neloset ja \u00e4ss\u00e4t. Pieni oppaamme antaa sinulle tietoa.","og_url":"https:\/\/casinoreturn.com\/fi\/royal-flush-pokerissa\/","og_site_name":"casinoreturn","article_modified_time":"2024-12-04T13:53:40+00:00","og_image":[{"width":522,"height":360,"url":"https:\/\/casinoreturn.com\/wp-content\/uploads\/2024\/11\/Royal-Flush-in-Poker.jpg","type":"image\/jpeg"}],"twitter_card":"summary_large_image","twitter_misc":{"Arvioitu lukuaika":"2 minuuttia"},"schema":{"@context":"https:\/\/schema.org","@graph":[{"@type":"WebPage","@id":"https:\/\/casinoreturn.com\/fi\/royal-flush-pokerissa\/","url":"https:\/\/casinoreturn.com\/fi\/royal-flush-pokerissa\/","name":"Royal Flush pokerissa - casinoreturn","isPartOf":{"@id":"https:\/\/casinoreturn.com\/#website"},"primaryImageOfPage":{"@id":"https:\/\/casinoreturn.com\/fi\/royal-flush-pokerissa\/#primaryimage"},"image":{"@id":"https:\/\/casinoreturn.com\/fi\/royal-flush-pokerissa\/#primaryimage"},"thumbnailUrl":"https:\/\/casinoreturn.com\/wp-content\/uploads\/2024\/11\/Royal-Flush-in-Poker.jpg","datePublished":"2024-11-20T16:41:12+00:00","dateModified":"2024-12-04T13:53:40+00:00","description":"Royal Flush pokerissa, kaikkien k\u00e4sien grand dame. Unohda neloset ja \u00e4ss\u00e4t. Pieni oppaamme antaa sinulle tietoa.","breadcrumb":{"@id":"https:\/\/casinoreturn.com\/fi\/royal-flush-pokerissa\/#breadcrumb"},"inLanguage":"fi","potentialAction":[{"@type":"ReadAction","target":["https:\/\/casinoreturn.com\/fi\/royal-flush-pokerissa\/"]}]},{"@type":"ImageObject","inLanguage":"fi","@id":"https:\/\/casinoreturn.com\/fi\/royal-flush-pokerissa\/#primaryimage","url":"https:\/\/casinoreturn.com\/wp-content\/uploads\/2024\/11\/Royal-Flush-in-Poker.jpg","contentUrl":"https:\/\/casinoreturn.com\/wp-content\/uploads\/2024\/11\/Royal-Flush-in-Poker.jpg"},{"@type":"BreadcrumbList","@id":"https:\/\/casinoreturn.com\/fi\/royal-flush-pokerissa\/#breadcrumb","itemListElement":[{"@type":"ListItem","position":1,"name":"Home","item":"https:\/\/casinoreturn.com\/fi\/home\/"},{"@type":"ListItem","position":2,"name":"Royal Flush pokerissa"}]},{"@type":"WebSite","@id":"https:\/\/casinoreturn.com\/#website","url":"https:\/\/casinoreturn.com\/","name":"casinoreturn","description":"","publisher":{"@id":"https:\/\/casinoreturn.com\/#organization"},"potentialAction":[{"@type":"SearchAction","target":{"@type":"EntryPoint","urlTemplate":"https:\/\/casinoreturn.com\/?s={search_term_string}"},"query-input":{"@type":"PropertyValueSpecification","valueRequired":true,"valueName":"search_term_string"}}],"inLanguage":"fi"},{"@type":"Organization","@id":"https:\/\/casinoreturn.com\/#organization","name":"casinoreturn","url":"https:\/\/casinoreturn.com\/","logo":{"@type":"ImageObject","inLanguage":"fi","@id":"https:\/\/casinoreturn.com\/#\/schema\/logo\/image\/","url":"https:\/\/casinoreturn.com\/wp-content\/uploads\/2024\/09\/animal-favicon.png","contentUrl":"https:\/\/casinoreturn.com\/wp-content\/uploads\/2024\/09\/animal-favicon.png","width":92,"height":92,"caption":"casinoreturn"},"image":{"@id":"https:\/\/casinoreturn.com\/#\/schema\/logo\/image\/"}}]}},"_links":{"self":[{"href":"https:\/\/casinoreturn.com\/fi\/wp-json\/wp\/v2\/pages\/5048","targetHints":{"allow":["GET"]}}],"collection":[{"href":"https:\/\/casinoreturn.com\/fi\/wp-json\/wp\/v2\/pages"}],"about":[{"href":"https:\/\/casinoreturn.com\/fi\/wp-json\/wp\/v2\/types\/page"}],"author":[{"embeddable":true,"href":"https:\/\/casinoreturn.com\/fi\/wp-json\/wp\/v2\/users\/1"}],"replies":[{"embeddable":true,"href":"https:\/\/casinoreturn.com\/fi\/wp-json\/wp\/v2\/comments?post=5048"}],"version-history":[{"count":1,"href":"https:\/\/casinoreturn.com\/fi\/wp-json\/wp\/v2\/pages\/5048\/revisions"}],"predecessor-version":[{"id":5049,"href":"https:\/\/casinoreturn.com\/fi\/wp-json\/wp\/v2\/pages\/5048\/revisions\/5049"}],"wp:attachment":[{"href":"https:\/\/casinoreturn.com\/fi\/wp-json\/wp\/v2\/media?parent=5048"}],"curies":[{"name":"wp","href":"https:\/\/api.w.org\/{rel}","templated":true}]}}