{"id":6146,"date":"2024-11-12T22:30:29","date_gmt":"2024-11-12T22:30:29","guid":{"rendered":"https:\/\/casinoreturn.com\/ei-panostusta-casino-bonukset-kanada\/"},"modified":"2024-12-20T00:41:28","modified_gmt":"2024-12-20T00:41:28","slug":"ei-panostusta-casino-bonukset-kanada","status":"publish","type":"page","link":"https:\/\/casinoreturn.com\/fi\/ei-panostusta-casino-bonukset-kanada\/","title":{"rendered":"Ei panostusta Casino bonukset Kanada"},"content":{"rendered":"\t\t<div data-elementor-type=\"wp-page\" data-elementor-id=\"6146\" class=\"elementor elementor-6146\" data-elementor-post-type=\"page\">\n\t\t\t\t<div class=\"elementor-element elementor-element-099340e e-con-full e-flex e-con e-parent\" data-id=\"099340e\" data-element_type=\"container\">\n\t\t\t\t<div class=\"elementor-element elementor-element-9452dd6 elementor-widget elementor-widget-heading\" data-id=\"9452dd6\" data-element_type=\"widget\" data-widget_type=\"heading.default\">\n\t\t\t\t<div class=\"elementor-widget-container\">\n\t\t\t\t\t<h4 class=\"elementor-heading-title elementor-size-default\">No Wagering Casino Bonukset Kanada ovat melko arpia. Olemme listanneet sinulle kourallisen n\u00e4it\u00e4 panostamattomia bonuksia.   <\/h4>\t\t\t\t<\/div>\n\t\t\t\t<\/div>\n\t\t\t\t<div class=\"elementor-element elementor-element-206107d elementor-widget elementor-widget-image\" data-id=\"206107d\" data-element_type=\"widget\" data-widget_type=\"image.default\">\n\t\t\t\t<div class=\"elementor-widget-container\">\n\t\t\t\t\t\t\t\t\t\t\t\t\t\t\t<img fetchpriority=\"high\" decoding=\"async\" width=\"300\" height=\"300\" src=\"https:\/\/casinoreturn.com\/wp-content\/uploads\/2024\/11\/No-Wagering-Casino-Bonuses.png\" class=\"attachment-large size-large wp-image-3189\" alt=\"No Wagering Casino Bonuses\" srcset=\"https:\/\/casinoreturn.com\/wp-content\/uploads\/2024\/11\/No-Wagering-Casino-Bonuses.png 300w, https:\/\/casinoreturn.com\/wp-content\/uploads\/2024\/11\/No-Wagering-Casino-Bonuses-150x150.png 150w\" sizes=\"(max-width: 300px) 100vw, 300px\" \/>\t\t\t\t\t\t\t\t\t\t\t\t\t\t\t<\/div>\n\t\t\t\t<\/div>\n\t\t\t\t<div class=\"elementor-element elementor-element-a282737 elementor-widget elementor-widget-heading\" data-id=\"a282737\" data-element_type=\"widget\" data-widget_type=\"heading.default\">\n\t\t\t\t<div class=\"elementor-widget-container\">\n\t\t\t\t\t<h4 class=\"elementor-heading-title elementor-size-default\">Meid\u00e4n Top Pick ei panostusta bonukset Kanadassa.  <\/h4>\t\t\t\t<\/div>\n\t\t\t\t<\/div>\n\t\t\t\t<div class=\"elementor-element elementor-element-a7c48aa elementor-button-success elementor-align-center elementor-widget elementor-widget-button\" data-id=\"a7c48aa\" data-element_type=\"widget\" data-widget_type=\"button.default\">\n\t\t\t\t<div class=\"elementor-widget-container\">\n\t\t\t\t\t\t\t\t\t<div class=\"elementor-button-wrapper\">\n\t\t\t\t\t<a class=\"elementor-button elementor-button-link elementor-size-sm\" href=\"#\">\n\t\t\t\t\t\t<span class=\"elementor-button-content-wrapper\">\n\t\t\t\t\t\t\t\t\t<span class=\"elementor-button-text\">50 ei panostusta ilmaiskierrosta THORiin - Pelaa OJO Casinolla t\u00e4n\u00e4\u00e4n!<\/span>\n\t\t\t\t\t<\/span>\n\t\t\t\t\t<\/a>\n\t\t\t\t<\/div>\n\t\t\t\t\t\t\t\t<\/div>\n\t\t\t\t<\/div>\n\t\t\t\t<div class=\"elementor-element elementor-element-4236979 elementor-countdown--label-block elementor-widget elementor-widget-countdown\" data-id=\"4236979\" data-element_type=\"widget\" data-widget_type=\"countdown.default\">\n\t\t\t\t<div class=\"elementor-widget-container\">\n\t\t\t\t\t\t\t<div data-expire-actions=\"[{&quot;type&quot;:&quot;message&quot;}]\" class=\"elementor-countdown-wrapper\" data-date=\"1767224100\">\n\t\t\t<div class=\"elementor-countdown-item\"><span class=\"elementor-countdown-digits elementor-countdown-days\"><\/span> <span class=\"elementor-countdown-label\">P\u00e4iv\u00e4t<\/span><\/div><div class=\"elementor-countdown-item\"><span class=\"elementor-countdown-digits elementor-countdown-hours\"><\/span> <span class=\"elementor-countdown-label\">Tunnit<\/span><\/div><div class=\"elementor-countdown-item\"><span class=\"elementor-countdown-digits elementor-countdown-minutes\"><\/span> <span class=\"elementor-countdown-label\">P\u00f6yt\u00e4kirja<\/span><\/div><div class=\"elementor-countdown-item\"><span class=\"elementor-countdown-digits elementor-countdown-seconds\"><\/span> <span class=\"elementor-countdown-label\">Sekuntia<\/span><\/div>\t\t<\/div>\n\t\t\t\t\t\t<div class=\"elementor-countdown-expire--message\">\n\t\t\t\t\tLunastaa 50 ilmaiskierrosta ilman panostusvaatimusta THORissa - Pelaa OJO Casinolla ei panostavia ilmaiskierroksia t\u00e4n\u00e4\u00e4n\t\t\t\t<\/div>\n\t\t\t\t\t\t\t\t<\/div>\n\t\t\t\t<\/div>\n\t\t\t\t<div class=\"elementor-element elementor-element-a9b8b0a elementor-widget elementor-widget-image\" data-id=\"a9b8b0a\" data-element_type=\"widget\" data-widget_type=\"image.default\">\n\t\t\t\t<div class=\"elementor-widget-container\">\n\t\t\t\t\t\t\t\t\t\t\t\t\t\t\t<img decoding=\"async\" width=\"300\" height=\"150\" src=\"https:\/\/casinoreturn.com\/wp-content\/uploads\/2024\/12\/Play-Ojo-no-wagering-free-spins.png\" class=\"attachment-large size-large wp-image-6119\" alt=\"Play Ojo no wagering free spins\" \/>\t\t\t\t\t\t\t\t\t\t\t\t\t\t\t<\/div>\n\t\t\t\t<\/div>\n\t\t\t\t<div class=\"elementor-element elementor-element-ccbe21f elementor-widget elementor-widget-heading\" data-id=\"ccbe21f\" data-element_type=\"widget\" data-widget_type=\"heading.default\">\n\t\t\t\t<div class=\"elementor-widget-container\">\n\t\t\t\t\t<h4 class=\"elementor-heading-title elementor-size-default\">Lis\u00e4tietoja No Wagering, No deposit Free spins ja No deposit bonus Kanadassa ja Ontariossa.<\/h4>\t\t\t\t<\/div>\n\t\t\t\t<\/div>\n\t\t\t\t<div class=\"elementor-element elementor-element-e56fee4 elementor-widget elementor-widget-text-editor\" data-id=\"e56fee4\" data-element_type=\"widget\" data-widget_type=\"text-editor.default\">\n\t\t\t\t<div class=\"elementor-widget-container\">\n\t\t\t\t\t\t\t\t\t<h5><strong>Miten lunastan 50 ilmaiskierrosta ilman panostusta?<\/strong><\/h5>\n<p>N\u00e4iden 50 kierr\u00e4tysvapaan kierroksen lunastamiseksi on suoritettava vain muutama vaihe.<\/p>\n<ul>\n<li>Rekister\u00f6idy PlayOJO:n kanssa<\/li>\n<li>Puhelinnumeroa ja syntym\u00e4aikaa tarvitaan vain tilin avaamiseen PlayOJO Casinolla.<\/li>\n<li>Talleta ja pelaa ilmaiskierroksia ( <a href=\"https:\/\/www.playojo.com\/en\/reward-policy\/?appName=PlayOJO\">T&amp;C&#8217;s Apply<\/a>)<\/li>\n<\/ul>\n\t\t\t\t\t\t\t\t<\/div>\n\t\t\t\t<\/div>\n\t\t\t\t<div class=\"elementor-element elementor-element-8ab4dfd elementor-widget elementor-widget-image\" data-id=\"8ab4dfd\" data-element_type=\"widget\" data-widget_type=\"image.default\">\n\t\t\t\t<div class=\"elementor-widget-container\">\n\t\t\t\t\t\t\t\t\t\t\t\t\t\t\t<img decoding=\"async\" width=\"514\" height=\"388\" src=\"https:\/\/casinoreturn.com\/wp-content\/uploads\/2024\/12\/50-No-Wagering-Free-Spins.png\" class=\"attachment-large size-large wp-image-6131\" alt=\"50 No Wagering Free Spins\" srcset=\"https:\/\/casinoreturn.com\/wp-content\/uploads\/2024\/12\/50-No-Wagering-Free-Spins.png 514w, https:\/\/casinoreturn.com\/wp-content\/uploads\/2024\/12\/50-No-Wagering-Free-Spins-300x226.png 300w\" sizes=\"(max-width: 514px) 100vw, 514px\" \/>\t\t\t\t\t\t\t\t\t\t\t\t\t\t\t<\/div>\n\t\t\t\t<\/div>\n\t\t\t\t<div class=\"elementor-element elementor-element-f04881c elementor-widget elementor-widget-heading\" data-id=\"f04881c\" data-element_type=\"widget\" data-widget_type=\"heading.default\">\n\t\t\t\t<div class=\"elementor-widget-container\">\n\t\t\t\t\t<h4 class=\"elementor-heading-title elementor-size-default\">Mik\u00e4 on panostaminen kasinolla?<\/h4>\t\t\t\t<\/div>\n\t\t\t\t<\/div>\n\t\t\t\t<div class=\"elementor-element elementor-element-380aa18 elementor-widget elementor-widget-text-editor\" data-id=\"380aa18\" data-element_type=\"widget\" data-widget_type=\"text-editor.default\">\n\t\t\t\t<div class=\"elementor-widget-container\">\n\t\t\t\t\t\t\t\t\t<p>Vedonly\u00f6nti kasinolla on prosessi, jossa ilmaisen bonuksen tai yleisen kasinobonuksen ehdot t\u00e4ytet\u00e4\u00e4n. T\u00e4ss\u00e4 on muutamia esimerkkej\u00e4 siit\u00e4, miten panostaminen nettikasinolla toimii. Aloitetaan PlayOJO:n 50 kierr\u00e4tysvapaasta ilmaiskierroksesta. K\u00e4ytt\u00f6ehdoissa sanotaan, ett\u00e4 50 kierrosta annetaan:     <\/p>\n<ul>\n<li>Kelpoisuusehdot t\u00e4ytt\u00e4v\u00e4 ensitalletus on teht\u00e4v\u00e4<\/li>\n<li>THOR &#8211; Kolikkopeli, jota voi k\u00e4ytt\u00e4\u00e4 vain CAD$0.10 minimipanoksilla.<\/li>\n<li><a href=\"https:\/\/www.playojo.com\/en\/reward-policy\/?appName=PlayOJO\">Sovelletaan k\u00e4ytt\u00f6ehtoja  <\/a><\/li>\n<\/ul>\n<p>Koska kierr\u00e4tysvaatimusta ei ole, jokainen viidest\u00e4kymmenest\u00e4 kierroksesta voi muuttua k\u00e4teisvoitoksi.  <\/p>\n<p><strong>Esim. 50-kertainen panostusvaatimus.<\/strong><\/p>\n<ul>\n<li>Kelpoisuusehdot t\u00e4ytt\u00e4v\u00e4 ensitalletus on teht\u00e4v\u00e4<\/li>\n<li>THOR &#8211; Kolikkopeli, jota voi k\u00e4ytt\u00e4\u00e4 vain CAD$0.10 minimipanoksilla.<\/li>\n<li>Sovelletaan k\u00e4ytt\u00f6ehtoja  <\/li>\n<li>Panostusvaatimus 50 kertaa<\/li>\n<\/ul>\n<p>Voidakseen suorittaa kierr\u00e4tyksen loppuun ja kotiuttaa mahdolliset voitot pelaajan on panostettava voitot 50 kertaa.  <strong>Esim. Kaikkien 50 ilmaiskierroksen kokonaisvoitto on 50 krediitti\u00e4. Pelaajan on panostettava 50 x 50 krediitti\u00e4 = 250 krediitti\u00e4 ja minimi luottorajan on oltava 0,10 \u20ac. <\/strong>  J\u00e4ljell\u00e4 olevat voitot muutetaan automaattisesti oikeaksi rahaksi.<\/p>\n\t\t\t\t\t\t\t\t<\/div>\n\t\t\t\t<\/div>\n\t\t\t\t<div class=\"elementor-element elementor-element-859f500 elementor-widget elementor-widget-heading\" data-id=\"859f500\" data-element_type=\"widget\" data-widget_type=\"heading.default\">\n\t\t\t\t<div class=\"elementor-widget-container\">\n\t\t\t\t\t<h4 class=\"elementor-heading-title elementor-size-default\">Mitk\u00e4 ovat panostamattoman bonuksen edut?<\/h4>\t\t\t\t<\/div>\n\t\t\t\t<\/div>\n\t\t\t\t<div class=\"elementor-element elementor-element-ad45116 elementor-widget elementor-widget-text-editor\" data-id=\"ad45116\" data-element_type=\"widget\" data-widget_type=\"text-editor.default\">\n\t\t\t\t<div class=\"elementor-widget-container\">\n\t\t\t\t\t\t\t\t\t<p>Panostamattoman bonuksen etu on, ett\u00e4 se muuttuu oikeaksi rahaksi v\u00e4litt\u00f6m\u00e4sti. Se ei ole kovin yleinen ja maksaa nettikasinoille huomattavia summia. Sen k\u00e4ytt\u00f6 on myynninedist\u00e4mistarkoituksessa, kuten syntym\u00e4p\u00e4iv\u00e4kilpailuissa, tai uusien pelaajien houkuttelemiseksi.    <\/p>\n<p><strong><span style=\"text-decoration: underline;\">Pro&#8217;s ei panostusta Bonus<\/span><\/strong><\/p>\n<p>Pienempi riski pelaajille<\/p>\n<p>V\u00e4litt\u00f6m\u00e4t voitot<\/p>\n<p><strong><span style=\"text-decoration: underline;\">Kontrat ilman panostusvaatimuksia<\/span><\/strong><\/p>\n<p>Bonukseen liittyv\u00e4t ehdot ja edellytykset on luettava ensik\u00e4dess\u00e4  <\/p>\n<p>V\u00e4himm\u00e4istalletus vaaditaan<\/p>\n<p>Peruuttaminen liittyy usein KYC-prosessiin.  <\/p>\n\t\t\t\t\t\t\t\t<\/div>\n\t\t\t\t<\/div>\n\t\t\t\t<\/div>\n\t\t\t\t<\/div>\n\t\t","protected":false},"excerpt":{"rendered":"<p>No Wagering Casino Bonukset Kanada ovat melko arpia. Olemme listanneet sinulle kourallisen n\u00e4it\u00e4 panostamattomia bonuksia. Meid\u00e4n Top Pick ei panostusta bonukset Kanadassa. 50 ei panostusta ilmaiskierrosta THORiin &#8211; Pelaa OJO Casinolla t\u00e4n\u00e4\u00e4n! P\u00e4iv\u00e4t Tunnit P\u00f6yt\u00e4kirja Sekuntia Lunastaa 50 ilmaiskierrosta ilman panostusvaatimusta THORissa &#8211; Pelaa OJO Casinolla ei panostavia ilmaiskierroksia t\u00e4n\u00e4\u00e4n Lis\u00e4tietoja No Wagering, No deposit [&hellip;]<\/p>\n","protected":false},"author":1,"featured_media":0,"parent":0,"menu_order":0,"comment_status":"closed","ping_status":"closed","template":"","meta":{"footnotes":""},"class_list":["post-6146","page","type-page","status-publish","hentry"],"blocksy_meta":[],"acf":[],"yoast_head":"<!-- This site is optimized with the Yoast SEO plugin v24.1 - https:\/\/yoast.com\/wordpress\/plugins\/seo\/ -->\n<title>Ei panostusta Casino bonukset Kanada - casinoreturn<\/title>\n<meta name=\"description\" content=\"Kanadan kasinobonukset ilman panostusta ovat loistava tapa houkutella uusia pelaajia. Tehostettuna joko talletusbonuksella tai talletusbonuksen ilmaiskierroksilla.\" \/>\n<meta name=\"robots\" content=\"index, follow, max-snippet:-1, max-image-preview:large, max-video-preview:-1\" \/>\n<link rel=\"canonical\" href=\"https:\/\/casinoreturn.com\/fi\/ei-panostusta-casino-bonukset-kanada\/\" \/>\n<meta property=\"og:locale\" content=\"fi_FI\" \/>\n<meta property=\"og:type\" content=\"article\" \/>\n<meta property=\"og:title\" content=\"Ei panostusta Casino bonukset Kanada - casinoreturn\" \/>\n<meta property=\"og:description\" content=\"Kanadan kasinobonukset ilman panostusta ovat loistava tapa houkutella uusia pelaajia. Tehostettuna joko talletusbonuksella tai talletusbonuksen ilmaiskierroksilla.\" \/>\n<meta property=\"og:url\" content=\"https:\/\/casinoreturn.com\/fi\/ei-panostusta-casino-bonukset-kanada\/\" \/>\n<meta property=\"og:site_name\" content=\"casinoreturn\" \/>\n<meta property=\"article:modified_time\" content=\"2024-12-20T00:41:28+00:00\" \/>\n<meta property=\"og:image\" content=\"https:\/\/casinoreturn.com\/wp-content\/uploads\/2024\/11\/No-Wagering-Casino-Bonuses.png\" \/>\n\t<meta property=\"og:image:width\" content=\"300\" \/>\n\t<meta property=\"og:image:height\" content=\"300\" \/>\n\t<meta property=\"og:image:type\" content=\"image\/png\" \/>\n<meta name=\"twitter:card\" content=\"summary_large_image\" \/>\n<meta name=\"twitter:label1\" content=\"Arvioitu lukuaika\" \/>\n\t<meta name=\"twitter:data1\" content=\"2 minuuttia\" \/>\n<script type=\"application\/ld+json\" class=\"yoast-schema-graph\">{\"@context\":\"https:\/\/schema.org\",\"@graph\":[{\"@type\":\"WebPage\",\"@id\":\"https:\/\/casinoreturn.com\/fi\/ei-panostusta-casino-bonukset-kanada\/\",\"url\":\"https:\/\/casinoreturn.com\/fi\/ei-panostusta-casino-bonukset-kanada\/\",\"name\":\"Ei panostusta Casino bonukset Kanada - casinoreturn\",\"isPartOf\":{\"@id\":\"https:\/\/casinoreturn.com\/#website\"},\"primaryImageOfPage\":{\"@id\":\"https:\/\/casinoreturn.com\/fi\/ei-panostusta-casino-bonukset-kanada\/#primaryimage\"},\"image\":{\"@id\":\"https:\/\/casinoreturn.com\/fi\/ei-panostusta-casino-bonukset-kanada\/#primaryimage\"},\"thumbnailUrl\":\"https:\/\/casinoreturn.com\/wp-content\/uploads\/2024\/11\/No-Wagering-Casino-Bonuses.png\",\"datePublished\":\"2024-11-12T22:30:29+00:00\",\"dateModified\":\"2024-12-20T00:41:28+00:00\",\"description\":\"Kanadan kasinobonukset ilman panostusta ovat loistava tapa houkutella uusia pelaajia. Tehostettuna joko talletusbonuksella tai talletusbonuksen ilmaiskierroksilla.\",\"breadcrumb\":{\"@id\":\"https:\/\/casinoreturn.com\/fi\/ei-panostusta-casino-bonukset-kanada\/#breadcrumb\"},\"inLanguage\":\"fi\",\"potentialAction\":[{\"@type\":\"ReadAction\",\"target\":[\"https:\/\/casinoreturn.com\/fi\/ei-panostusta-casino-bonukset-kanada\/\"]}]},{\"@type\":\"ImageObject\",\"inLanguage\":\"fi\",\"@id\":\"https:\/\/casinoreturn.com\/fi\/ei-panostusta-casino-bonukset-kanada\/#primaryimage\",\"url\":\"https:\/\/casinoreturn.com\/wp-content\/uploads\/2024\/11\/No-Wagering-Casino-Bonuses.png\",\"contentUrl\":\"https:\/\/casinoreturn.com\/wp-content\/uploads\/2024\/11\/No-Wagering-Casino-Bonuses.png\"},{\"@type\":\"BreadcrumbList\",\"@id\":\"https:\/\/casinoreturn.com\/fi\/ei-panostusta-casino-bonukset-kanada\/#breadcrumb\",\"itemListElement\":[{\"@type\":\"ListItem\",\"position\":1,\"name\":\"Home\",\"item\":\"https:\/\/casinoreturn.com\/fi\/home\/\"},{\"@type\":\"ListItem\",\"position\":2,\"name\":\"Ei panostusta Casino bonukset Kanada\"}]},{\"@type\":\"WebSite\",\"@id\":\"https:\/\/casinoreturn.com\/#website\",\"url\":\"https:\/\/casinoreturn.com\/\",\"name\":\"casinoreturn\",\"description\":\"\",\"publisher\":{\"@id\":\"https:\/\/casinoreturn.com\/#organization\"},\"potentialAction\":[{\"@type\":\"SearchAction\",\"target\":{\"@type\":\"EntryPoint\",\"urlTemplate\":\"https:\/\/casinoreturn.com\/?s={search_term_string}\"},\"query-input\":{\"@type\":\"PropertyValueSpecification\",\"valueRequired\":true,\"valueName\":\"search_term_string\"}}],\"inLanguage\":\"fi\"},{\"@type\":\"Organization\",\"@id\":\"https:\/\/casinoreturn.com\/#organization\",\"name\":\"casinoreturn\",\"url\":\"https:\/\/casinoreturn.com\/\",\"logo\":{\"@type\":\"ImageObject\",\"inLanguage\":\"fi\",\"@id\":\"https:\/\/casinoreturn.com\/#\/schema\/logo\/image\/\",\"url\":\"https:\/\/casinoreturn.com\/wp-content\/uploads\/2024\/09\/animal-favicon.png\",\"contentUrl\":\"https:\/\/casinoreturn.com\/wp-content\/uploads\/2024\/09\/animal-favicon.png\",\"width\":92,\"height\":92,\"caption\":\"casinoreturn\"},\"image\":{\"@id\":\"https:\/\/casinoreturn.com\/#\/schema\/logo\/image\/\"}}]}<\/script>\n<!-- \/ Yoast SEO plugin. -->","yoast_head_json":{"title":"Ei panostusta Casino bonukset Kanada - casinoreturn","description":"Kanadan kasinobonukset ilman panostusta ovat loistava tapa houkutella uusia pelaajia. Tehostettuna joko talletusbonuksella tai talletusbonuksen ilmaiskierroksilla.","robots":{"index":"index","follow":"follow","max-snippet":"max-snippet:-1","max-image-preview":"max-image-preview:large","max-video-preview":"max-video-preview:-1"},"canonical":"https:\/\/casinoreturn.com\/fi\/ei-panostusta-casino-bonukset-kanada\/","og_locale":"fi_FI","og_type":"article","og_title":"Ei panostusta Casino bonukset Kanada - casinoreturn","og_description":"Kanadan kasinobonukset ilman panostusta ovat loistava tapa houkutella uusia pelaajia. Tehostettuna joko talletusbonuksella tai talletusbonuksen ilmaiskierroksilla.","og_url":"https:\/\/casinoreturn.com\/fi\/ei-panostusta-casino-bonukset-kanada\/","og_site_name":"casinoreturn","article_modified_time":"2024-12-20T00:41:28+00:00","og_image":[{"width":300,"height":300,"url":"https:\/\/casinoreturn.com\/wp-content\/uploads\/2024\/11\/No-Wagering-Casino-Bonuses.png","type":"image\/png"}],"twitter_card":"summary_large_image","twitter_misc":{"Arvioitu lukuaika":"2 minuuttia"},"schema":{"@context":"https:\/\/schema.org","@graph":[{"@type":"WebPage","@id":"https:\/\/casinoreturn.com\/fi\/ei-panostusta-casino-bonukset-kanada\/","url":"https:\/\/casinoreturn.com\/fi\/ei-panostusta-casino-bonukset-kanada\/","name":"Ei panostusta Casino bonukset Kanada - casinoreturn","isPartOf":{"@id":"https:\/\/casinoreturn.com\/#website"},"primaryImageOfPage":{"@id":"https:\/\/casinoreturn.com\/fi\/ei-panostusta-casino-bonukset-kanada\/#primaryimage"},"image":{"@id":"https:\/\/casinoreturn.com\/fi\/ei-panostusta-casino-bonukset-kanada\/#primaryimage"},"thumbnailUrl":"https:\/\/casinoreturn.com\/wp-content\/uploads\/2024\/11\/No-Wagering-Casino-Bonuses.png","datePublished":"2024-11-12T22:30:29+00:00","dateModified":"2024-12-20T00:41:28+00:00","description":"Kanadan kasinobonukset ilman panostusta ovat loistava tapa houkutella uusia pelaajia. Tehostettuna joko talletusbonuksella tai talletusbonuksen ilmaiskierroksilla.","breadcrumb":{"@id":"https:\/\/casinoreturn.com\/fi\/ei-panostusta-casino-bonukset-kanada\/#breadcrumb"},"inLanguage":"fi","potentialAction":[{"@type":"ReadAction","target":["https:\/\/casinoreturn.com\/fi\/ei-panostusta-casino-bonukset-kanada\/"]}]},{"@type":"ImageObject","inLanguage":"fi","@id":"https:\/\/casinoreturn.com\/fi\/ei-panostusta-casino-bonukset-kanada\/#primaryimage","url":"https:\/\/casinoreturn.com\/wp-content\/uploads\/2024\/11\/No-Wagering-Casino-Bonuses.png","contentUrl":"https:\/\/casinoreturn.com\/wp-content\/uploads\/2024\/11\/No-Wagering-Casino-Bonuses.png"},{"@type":"BreadcrumbList","@id":"https:\/\/casinoreturn.com\/fi\/ei-panostusta-casino-bonukset-kanada\/#breadcrumb","itemListElement":[{"@type":"ListItem","position":1,"name":"Home","item":"https:\/\/casinoreturn.com\/fi\/home\/"},{"@type":"ListItem","position":2,"name":"Ei panostusta Casino bonukset Kanada"}]},{"@type":"WebSite","@id":"https:\/\/casinoreturn.com\/#website","url":"https:\/\/casinoreturn.com\/","name":"casinoreturn","description":"","publisher":{"@id":"https:\/\/casinoreturn.com\/#organization"},"potentialAction":[{"@type":"SearchAction","target":{"@type":"EntryPoint","urlTemplate":"https:\/\/casinoreturn.com\/?s={search_term_string}"},"query-input":{"@type":"PropertyValueSpecification","valueRequired":true,"valueName":"search_term_string"}}],"inLanguage":"fi"},{"@type":"Organization","@id":"https:\/\/casinoreturn.com\/#organization","name":"casinoreturn","url":"https:\/\/casinoreturn.com\/","logo":{"@type":"ImageObject","inLanguage":"fi","@id":"https:\/\/casinoreturn.com\/#\/schema\/logo\/image\/","url":"https:\/\/casinoreturn.com\/wp-content\/uploads\/2024\/09\/animal-favicon.png","contentUrl":"https:\/\/casinoreturn.com\/wp-content\/uploads\/2024\/09\/animal-favicon.png","width":92,"height":92,"caption":"casinoreturn"},"image":{"@id":"https:\/\/casinoreturn.com\/#\/schema\/logo\/image\/"}}]}},"_links":{"self":[{"href":"https:\/\/casinoreturn.com\/fi\/wp-json\/wp\/v2\/pages\/6146","targetHints":{"allow":["GET"]}}],"collection":[{"href":"https:\/\/casinoreturn.com\/fi\/wp-json\/wp\/v2\/pages"}],"about":[{"href":"https:\/\/casinoreturn.com\/fi\/wp-json\/wp\/v2\/types\/page"}],"author":[{"embeddable":true,"href":"https:\/\/casinoreturn.com\/fi\/wp-json\/wp\/v2\/users\/1"}],"replies":[{"embeddable":true,"href":"https:\/\/casinoreturn.com\/fi\/wp-json\/wp\/v2\/comments?post=6146"}],"version-history":[{"count":1,"href":"https:\/\/casinoreturn.com\/fi\/wp-json\/wp\/v2\/pages\/6146\/revisions"}],"predecessor-version":[{"id":6147,"href":"https:\/\/casinoreturn.com\/fi\/wp-json\/wp\/v2\/pages\/6146\/revisions\/6147"}],"wp:attachment":[{"href":"https:\/\/casinoreturn.com\/fi\/wp-json\/wp\/v2\/media?parent=6146"}],"curies":[{"name":"wp","href":"https:\/\/api.w.org\/{rel}","templated":true}]}}