{"id":11467,"date":"2025-03-13T19:06:27","date_gmt":"2025-03-13T19:06:27","guid":{"rendered":"https:\/\/casinoreturn.com\/?page_id=11467"},"modified":"2025-03-13T19:06:31","modified_gmt":"2025-03-13T19:06:31","slug":"bonus-de-bienvenue-illimites","status":"publish","type":"page","link":"https:\/\/casinoreturn.com\/fr\/bonus-de-bienvenue-illimites\/","title":{"rendered":"Bonus de bienvenue illimit\u00e9s"},"content":{"rendered":"\t\t<div data-elementor-type=\"wp-page\" data-elementor-id=\"11467\" class=\"elementor elementor-11467\" data-elementor-post-type=\"page\">\n\t\t\t\t<div class=\"elementor-element elementor-element-65fa180 e-con-full e-flex e-con e-parent\" data-id=\"65fa180\" data-element_type=\"container\">\n\t\t\t\t<div class=\"elementor-element elementor-element-a7ea856 elementor-widget elementor-widget-heading\" data-id=\"a7ea856\" data-element_type=\"widget\" data-widget_type=\"heading.default\">\n\t\t\t\t<div class=\"elementor-widget-container\">\n\t\t\t\t\t<h3 class=\"elementor-heading-title elementor-size-default\">Bonus de bienvenue illimit\u00e9s<\/h3>\t\t\t\t<\/div>\n\t\t\t\t<\/div>\n\t\t\t\t<div class=\"elementor-element elementor-element-5b18e53 elementor-widget elementor-widget-text-editor\" data-id=\"5b18e53\" data-element_type=\"widget\" data-widget_type=\"text-editor.default\">\n\t\t\t\t<div class=\"elementor-widget-container\">\n\t\t\t\t\t\t\t\t\t<p>Les casinos \u00e0 bonus de bienvenue illimit\u00e9s se multiplient. Ce nouveau type d&rsquo;offre de casino semble attirer un nouveau type de joueur. Nous avons examin\u00e9 les bonus illimit\u00e9s et avons compil\u00e9 une liste de casinos offrant des bonus de premier d\u00e9p\u00f4t illimit\u00e9s. Nous comparons les bonus de bienvenue illimit\u00e9s aux bonus de bienvenue hybrides (bonus de casino plus tours gratuits). Avantages et inconv\u00e9nients des offres de casino illimit\u00e9es pour votre premier d\u00e9p\u00f4t.      <\/p>\n<p><strong>Dans cet article :  <\/strong><\/p>\n<ul>\n<li><a href=\"https:\/\/casinoreturn.com\/fr\/?page_id=11467#unlim\">Bonus illimit\u00e9 : Est-ce trop beau pour \u00eatre vrai ?  <\/a><\/li>\n<li>Comment fonctionne le Bonus de Bienvenue Illimit\u00e9 ?<\/li>\n<li>\n<h5><a href=\"https:\/\/casinoreturn.com\/fr\/?page_id=11467#welcome\"><strong>Bonus de bienvenue illimit\u00e9s<\/strong><\/a><\/h5>\n<\/li>\n<li><a href=\"https:\/\/casinoreturn.com\/fr\/?page_id=11467#pros\">Avantages et inconv\u00e9nients des bonus illimit\u00e9s de premier d\u00e9p\u00f4t<\/a><\/li>\n<li><a href=\"https:\/\/casinoreturn.com\/fr\/?page_id=11467#faq\">FAQ<\/a><\/li>\n<\/ul>\n\t\t\t\t\t\t\t\t<\/div>\n\t\t\t\t<\/div>\n\t\t\t\t<\/div>\n\t\t<div class=\"elementor-element elementor-element-3649d24 e-con-full e-flex e-con e-parent\" data-id=\"3649d24\" data-element_type=\"container\" data-settings=\"{&quot;background_background&quot;:&quot;classic&quot;}\">\n\t\t\t\t<div class=\"elementor-element elementor-element-c5dc9e4 elementor-widget elementor-widget-image\" data-id=\"c5dc9e4\" data-element_type=\"widget\" data-widget_type=\"image.default\">\n\t\t\t\t<div class=\"elementor-widget-container\">\n\t\t\t\t\t\t\t\t\t\t\t\t\t\t\t<img decoding=\"async\" src=\"https:\/\/casinoreturn.com\/wp-content\/uploads\/elementor\/thumbs\/unlimited-welcome-bonus-casinos-1-r2t5vjaha6pg376pb8p6qwexae4ucxq9pqklcybqdg.png\" title=\"unlimited welcome bonus casinos\" alt=\"unlimited welcome bonus casinos\" loading=\"lazy\" \/>\t\t\t\t\t\t\t\t\t\t\t\t\t\t\t<\/div>\n\t\t\t\t<\/div>\n\t\t\t\t<\/div>\n\t\t<div class=\"elementor-element elementor-element-5307139 e-con-full e-flex e-con e-parent\" data-id=\"5307139\" data-element_type=\"container\">\n\t\t\t\t<div class=\"elementor-element elementor-element-1356946 elementor-widget elementor-widget-heading\" data-id=\"1356946\" data-element_type=\"widget\" id=\"unlim\" data-widget_type=\"heading.default\">\n\t\t\t\t<div class=\"elementor-widget-container\">\n\t\t\t\t\t<h4 class=\"elementor-heading-title elementor-size-default\">Bonus illimit\u00e9 : Trop beau pour \u00eatre vrai ?<\/h4>\t\t\t\t<\/div>\n\t\t\t\t<\/div>\n\t\t\t\t<div class=\"elementor-element elementor-element-0922729 elementor-widget elementor-widget-text-editor\" data-id=\"0922729\" data-element_type=\"widget\" data-widget_type=\"text-editor.default\">\n\t\t\t\t<div class=\"elementor-widget-container\">\n\t\t\t\t\t\t\t\t\t<p>Effectuer votre premier d\u00e9p\u00f4t dans un casino est toujours excitant et passionnant. Les casinos ont cr\u00e9\u00e9 de nombreuses fonctionnalit\u00e9s et types de bonus pour les joueurs nouvellement inscrits afin d&rsquo;inciter les nouveaux joueurs \u00e0 effectuer un d\u00e9p\u00f4t. Une offre de bienvenue consiste traditionnellement en un bonus et des tours gratuits d\u00e9clench\u00e9s par le premier d\u00e9p\u00f4t r\u00e9ussi d&rsquo;un joueur.    <\/p>\n<p><strong>\u00c9l\u00e9ments typiques d&rsquo;un bonus de bienvenue dans un casino :<\/strong><\/p>\n<ul>\n<li>Dur\u00e9e de vie du bonus de 7 \u00e0 14 jours (rarement 21 jours)<\/li>\n<li>Mise du bonus de casino de 30 \u00e0 60 fois<\/li>\n<li>Mise des tours gratuits jusqu&rsquo;\u00e0 80 fois<\/li>\n<li>Des bonus de d\u00e9p\u00f4t de 50% \u00e0 400% sont connus.<\/li>\n<li>Les d\u00e9p\u00f4ts varient de 1 \u20ac \u00e0 4500 \u20ac.<\/li>\n<li>Certaines limitations s&rsquo;appliquent aux tables et machines \u00e0 sous en direct.  <\/li>\n<\/ul>\n<p><strong>Offres de bienvenue illimit\u00e9es<\/strong><\/p>\n<p>Ce type de casino pr\u00e9sente des \u00e9l\u00e9ments typiques mais offre aux nouveaux joueurs un premier d\u00e9p\u00f4t illimit\u00e9.  <strong>Alors, comment fonctionnent les casinos \u00e0 bonus de bienvenue illimit\u00e9s ?<\/strong><\/p>\n<p>Les joueurs peuvent choisir la marge la plus \u00e9lev\u00e9e pour leur premier d\u00e9p\u00f4t. Les conditions g\u00e9n\u00e9rales de vente s&rsquo;appliquent.   <\/p>\n\t\t\t\t\t\t\t\t<\/div>\n\t\t\t\t<\/div>\n\t\t\t\t<div class=\"elementor-element elementor-element-4971b29 elementor-widget elementor-widget-heading\" data-id=\"4971b29\" data-element_type=\"widget\" id=\"pros\" data-widget_type=\"heading.default\">\n\t\t\t\t<div class=\"elementor-widget-container\">\n\t\t\t\t\t<h4 class=\"elementor-heading-title elementor-size-default\">Avantages et inconv\u00e9nients du bonus illimit\u00e9 du casino<\/h4>\t\t\t\t<\/div>\n\t\t\t\t<\/div>\n\t\t\t\t<div class=\"elementor-element elementor-element-5a2c3e3 elementor-widget elementor-widget-text-editor\" data-id=\"5a2c3e3\" data-element_type=\"widget\" data-widget_type=\"text-editor.default\">\n\t\t\t\t<div class=\"elementor-widget-container\">\n\t\t\t\t\t\t\t\t\t<p><strong>Pour :  <\/strong><\/p>\n<ul>\n<li>Le choix est le v\u00f4tre &#8211; Vous d\u00e9cidez de vos limites de d\u00e9p\u00f4t.<\/li>\n<li>Les consommateurs qui misent davantage peuvent atteindre des niveaux plus \u00e9lev\u00e9s dans les programmes VIP et b\u00e9n\u00e9ficier de remises en argent avantageuses.<\/li>\n<\/ul>\n<p><strong>Cons :<\/strong> <\/p>\n<ul>\n<li>Le Bonus Lifetime peut s&rsquo;imposer des contraintes pour compl\u00e9ter les mises.<\/li>\n<li>Questions relatives au jeu responsable<\/li>\n<li>Les conditions sont plus difficiles \u00e0 remplir, au risque d&rsquo;annuler le solde du bonus.<\/li>\n<\/ul>\n\t\t\t\t\t\t\t\t<\/div>\n\t\t\t\t<\/div>\n\t\t\t\t<div class=\"elementor-element elementor-element-eacb97d elementor-widget elementor-widget-heading\" data-id=\"eacb97d\" data-element_type=\"widget\" id=\"welcome\" data-widget_type=\"heading.default\">\n\t\t\t\t<div class=\"elementor-widget-container\">\n\t\t\t\t\t<h4 class=\"elementor-heading-title elementor-size-default\">Bonus de bienvenue illimit\u00e9s<\/h4>\t\t\t\t<\/div>\n\t\t\t\t<\/div>\n\t\t\t\t<div class=\"elementor-element elementor-element-628dff1 elementor-widget elementor-widget-image\" data-id=\"628dff1\" data-element_type=\"widget\" data-widget_type=\"image.default\">\n\t\t\t\t<div class=\"elementor-widget-container\">\n\t\t\t\t\t\t\t\t\t\t\t\t\t\t\t<img decoding=\"async\" src=\"https:\/\/casinoreturn.com\/wp-content\/uploads\/elementor\/thumbs\/Global-Crypto-deposits-r27yw7zfpamo2ywuxdyacn3ygux8rbsfd9bht15akw.jpg\" title=\"Bonus by country\" alt=\"Bonus by country\" loading=\"lazy\" \/>\t\t\t\t\t\t\t\t\t\t\t\t\t\t\t<\/div>\n\t\t\t\t<\/div>\n\t\t\t\t<\/div>\n\t\t<div class=\"elementor-element elementor-element-4c21936 e-con-full e-flex e-con e-parent\" data-id=\"4c21936\" data-element_type=\"container\" data-settings=\"{&quot;background_background&quot;:&quot;classic&quot;}\">\n\t\t\t\t<div class=\"elementor-element elementor-element-464e37a elementor-widget elementor-widget-image\" data-id=\"464e37a\" data-element_type=\"widget\" data-widget_type=\"image.default\">\n\t\t\t\t<div class=\"elementor-widget-container\">\n\t\t\t\t\t\t\t\t\t\t\t\t\t\t\t\t<a href=\"https:\/\/drp-irrs12.com\/c56da96c3\" target=\"_blank\" rel=\"nofollow\">\n\t\t\t\t\t\t\t<img decoding=\"async\" src=\"https:\/\/casinoreturn.com\/wp-content\/uploads\/elementor\/thumbs\/Drip-Logo-quhy3morqp635l0w5yz0duvn4zr39840ni7k2iml6g.png\" title=\"Drip Logo\" alt=\"Drip No Deposit Bonus Casino\" loading=\"lazy\" \/>\t\t\t\t\t\t\t\t<\/a>\n\t\t\t\t\t\t\t\t\t\t\t\t\t\t\t<\/div>\n\t\t\t\t<\/div>\n\t\t\t\t<div class=\"elementor-element elementor-element-227afe5 elementor-widget elementor-widget-heading\" data-id=\"227afe5\" data-element_type=\"widget\" data-widget_type=\"heading.default\">\n\t\t\t\t<div class=\"elementor-widget-container\">\n\t\t\t\t\t<h4 class=\"elementor-heading-title elementor-size-default\"><a href=\"https:\/\/drp-irrs12.com\/c56da96c3\" target=\"_blank\" rel=\"nofollow\">Drip Unlimited Casino Bonus<\/a><\/h4>\t\t\t\t<\/div>\n\t\t\t\t<\/div>\n\t\t\t\t<div class=\"elementor-element elementor-element-1a35b8f elementor-widget elementor-widget-text-editor\" data-id=\"1a35b8f\" data-element_type=\"widget\" data-widget_type=\"text-editor.default\">\n\t\t\t\t<div class=\"elementor-widget-container\">\n\t\t\t\t\t\t\t\t\t<p><strong>20 Free Spins sur Reg \u00ab\u00a0RETURN50\u2033<\/strong> + <strong>50% No Limit Bonus<\/strong> T&amp;Cs apply  <\/p>\n\t\t\t\t\t\t\t\t<\/div>\n\t\t\t\t<\/div>\n\t\t\t\t<div class=\"elementor-element elementor-element-028e927 elementor-button-success elementor-align-center elementor-widget elementor-widget-button\" data-id=\"028e927\" data-element_type=\"widget\" data-widget_type=\"button.default\">\n\t\t\t\t<div class=\"elementor-widget-container\">\n\t\t\t\t\t\t\t\t\t<div class=\"elementor-button-wrapper\">\n\t\t\t\t\t<a class=\"elementor-button elementor-button-link elementor-size-sm\" href=\"https:\/\/drp-irrs12.com\/c56da96c3\" target=\"_blank\" rel=\"nofollow\">\n\t\t\t\t\t\t<span class=\"elementor-button-content-wrapper\">\n\t\t\t\t\t\t\t\t\t<span class=\"elementor-button-text\">R\u00e9clamer le bonus<\/span>\n\t\t\t\t\t<\/span>\n\t\t\t\t\t<\/a>\n\t\t\t\t<\/div>\n\t\t\t\t\t\t\t\t<\/div>\n\t\t\t\t<\/div>\n\t\t\t\t<\/div>\n\t\t<div class=\"elementor-element elementor-element-8fc8257 e-con-full e-flex e-con e-parent\" data-id=\"8fc8257\" data-element_type=\"container\" data-settings=\"{&quot;background_background&quot;:&quot;classic&quot;}\">\n\t\t\t\t<div class=\"elementor-element elementor-element-ac6b3f6 elementor-widget elementor-widget-image\" data-id=\"ac6b3f6\" data-element_type=\"widget\" data-widget_type=\"image.default\">\n\t\t\t\t<div class=\"elementor-widget-container\">\n\t\t\t\t\t\t\t\t\t\t\t\t\t\t\t\t<a href=\"https:\/\/go.aff.betplays.com\/8b5wn8do?campaign_id=23369\" target=\"_blank\" rel=\"nofollow\">\n\t\t\t\t\t\t\t<img decoding=\"async\" src=\"https:\/\/casinoreturn.com\/wp-content\/uploads\/elementor\/thumbs\/betplays-sports-betting-casino-r1qidagpowuu4ny9q6nt31qg2eecy0nm053wtesv5k.png\" title=\"betplays sports betting casino\" alt=\"betplays sports betting casino\" loading=\"lazy\" \/>\t\t\t\t\t\t\t\t<\/a>\n\t\t\t\t\t\t\t\t\t\t\t\t\t\t\t<\/div>\n\t\t\t\t<\/div>\n\t\t\t\t<div class=\"elementor-element elementor-element-95d6336 elementor-widget elementor-widget-heading\" data-id=\"95d6336\" data-element_type=\"widget\" data-widget_type=\"heading.default\">\n\t\t\t\t<div class=\"elementor-widget-container\">\n\t\t\t\t\t<h4 class=\"elementor-heading-title elementor-size-default\"><a href=\"https:\/\/drp-irrs12.com\/c56da96c3\" target=\"_blank\" rel=\"nofollow\">Betplays Unlimited Casino Bonus<\/a><\/h4>\t\t\t\t<\/div>\n\t\t\t\t<\/div>\n\t\t\t\t<div class=\"elementor-element elementor-element-60f774b elementor-widget elementor-widget-text-editor\" data-id=\"60f774b\" data-element_type=\"widget\" data-widget_type=\"text-editor.default\">\n\t\t\t\t<div class=\"elementor-widget-container\">\n\t\t\t\t\t\t\t\t\t<p><b>100% de bienvenue illimit\u00e9e au casino et aux paris sportifs + 20% de paris gratuits <\/b>T&amp;Cs s&rsquo;appliquent  <\/p>\n\t\t\t\t\t\t\t\t<\/div>\n\t\t\t\t<\/div>\n\t\t\t\t<div class=\"elementor-element elementor-element-ae6ddab elementor-button-success elementor-align-center elementor-widget elementor-widget-button\" data-id=\"ae6ddab\" data-element_type=\"widget\" data-widget_type=\"button.default\">\n\t\t\t\t<div class=\"elementor-widget-container\">\n\t\t\t\t\t\t\t\t\t<div class=\"elementor-button-wrapper\">\n\t\t\t\t\t<a class=\"elementor-button elementor-button-link elementor-size-sm\" href=\"https:\/\/go.aff.betplays.com\/8b5wn8do?campaign_id=23369\" target=\"_blank\" rel=\"nofollow\">\n\t\t\t\t\t\t<span class=\"elementor-button-content-wrapper\">\n\t\t\t\t\t\t\t\t\t<span class=\"elementor-button-text\">R\u00e9clamer le bonus<\/span>\n\t\t\t\t\t<\/span>\n\t\t\t\t\t<\/a>\n\t\t\t\t<\/div>\n\t\t\t\t\t\t\t\t<\/div>\n\t\t\t\t<\/div>\n\t\t\t\t<\/div>\n\t\t<div class=\"elementor-element elementor-element-32f84a5 e-con-full e-flex e-con e-parent\" data-id=\"32f84a5\" data-element_type=\"container\">\n\t\t\t\t<div class=\"elementor-element elementor-element-7967689 elementor-widget elementor-widget-heading\" data-id=\"7967689\" data-element_type=\"widget\" id=\"faq\" data-widget_type=\"heading.default\">\n\t\t\t\t<div class=\"elementor-widget-container\">\n\t\t\t\t\t<h4 class=\"elementor-heading-title elementor-size-default\">FAQ<\/h4>\t\t\t\t<\/div>\n\t\t\t\t<\/div>\n\t\t\t\t<div class=\"elementor-element elementor-element-a49e6bd elementor-widget elementor-widget-elementskit-faq\" data-id=\"a49e6bd\" data-element_type=\"widget\" data-widget_type=\"elementskit-faq.default\">\n\t\t\t\t<div class=\"elementor-widget-container\">\n\t\t\t\t\t<div class=\"ekit-wid-con\" >\n                <div class=\"elementskit-single-faq elementor-repeater-item-bc1842c\">\n            <div class=\"elementskit-faq-header\">\n                <h2 class=\"elementskit-faq-title\">What if I do not complete my Unlimited casino Bonus?  <\/h2>\n            <\/div>\n            <div class=\"elementskit-faq-body\">\n                In most cases, your bonus is voided. Once your bonus is activated, real money funds are used first, and then bonus. We recommend to read the terms and conditions, to be comfortable with bonus lifetime and wagering.            <\/div>\n        <\/div>\n                <div class=\"elementskit-single-faq elementor-repeater-item-7f5232c\">\n            <div class=\"elementskit-faq-header\">\n                <h2 class=\"elementskit-faq-title\">Are Unlimited Bonus offers available in all countries? <\/h2>\n            <\/div>\n            <div class=\"elementskit-faq-body\">\n                Certainly not. They often clash with responsible gaming regulations and Licencing authorities.            <\/div>\n        <\/div>\n                <div class=\"elementskit-single-faq elementor-repeater-item-902802a\">\n            <div class=\"elementskit-faq-header\">\n                <h2 class=\"elementskit-faq-title\">Can I use my Unlimited Bonus for Sports Betting and Casino?<\/h2>\n            <\/div>\n            <div class=\"elementskit-faq-body\">\n                The answer is no. Both casino elements are different. Odds and slots wagering are totally different from another in terms of return to player.            <\/div>\n        <\/div>\n                \n    <\/div>\t\t\t\t<\/div>\n\t\t\t\t<\/div>\n\t\t\t\t<\/div>\n\t\t\t\t<\/div>\n\t\t","protected":false},"excerpt":{"rendered":"<p>Bonus de bienvenue illimit\u00e9s Les casinos \u00e0 bonus de bienvenue illimit\u00e9s se multiplient. Ce nouveau type d&rsquo;offre de casino semble attirer un nouveau type de joueur. Nous avons examin\u00e9 les bonus illimit\u00e9s et avons compil\u00e9 une liste de casinos offrant des bonus de premier d\u00e9p\u00f4t illimit\u00e9s. Nous comparons les bonus de bienvenue illimit\u00e9s aux bonus [&hellip;]<\/p>\n","protected":false},"author":1,"featured_media":11379,"parent":0,"menu_order":0,"comment_status":"closed","ping_status":"closed","template":"","meta":{"footnotes":""},"class_list":["post-11467","page","type-page","status-publish","has-post-thumbnail","hentry"],"blocksy_meta":[],"acf":[],"yoast_head":"<!-- This site is optimized with the Yoast SEO plugin v24.1 - https:\/\/yoast.com\/wordpress\/plugins\/seo\/ -->\n<title>Bonus de bienvenue illimit\u00e9s - casinoreturn<\/title>\n<meta name=\"description\" content=\"Les casinos offrant des bonus de bienvenue illimit\u00e9s se multiplient. Nous examinons ce type d&#039;offre de bonus et ses avantages et inconv\u00e9nients.\" \/>\n<meta name=\"robots\" content=\"index, follow, max-snippet:-1, max-image-preview:large, max-video-preview:-1\" \/>\n<link rel=\"canonical\" href=\"https:\/\/casinoreturn.com\/fr\/bonus-de-bienvenue-illimites\/\" \/>\n<meta property=\"og:locale\" content=\"fr_FR\" \/>\n<meta property=\"og:type\" content=\"article\" \/>\n<meta property=\"og:title\" content=\"Bonus de bienvenue illimit\u00e9s - casinoreturn\" \/>\n<meta property=\"og:description\" content=\"Les casinos offrant des bonus de bienvenue illimit\u00e9s se multiplient. Nous examinons ce type d&#039;offre de bonus et ses avantages et inconv\u00e9nients.\" \/>\n<meta property=\"og:url\" content=\"https:\/\/casinoreturn.com\/fr\/bonus-de-bienvenue-illimites\/\" \/>\n<meta property=\"og:site_name\" content=\"casinoreturn\" \/>\n<meta property=\"article:modified_time\" content=\"2025-03-13T19:06:31+00:00\" \/>\n<meta property=\"og:image\" content=\"https:\/\/casinoreturn.com\/wp-content\/uploads\/2025\/03\/unlimited-welcome-bonus-casinos-1.png\" \/>\n\t<meta property=\"og:image:width\" content=\"1359\" \/>\n\t<meta property=\"og:image:height\" content=\"767\" \/>\n\t<meta property=\"og:image:type\" content=\"image\/png\" \/>\n<meta name=\"twitter:card\" content=\"summary_large_image\" \/>\n<meta name=\"twitter:label1\" content=\"Dur\u00e9e de lecture estim\u00e9e\" \/>\n\t<meta name=\"twitter:data1\" content=\"3 minutes\" \/>\n<script type=\"application\/ld+json\" class=\"yoast-schema-graph\">{\"@context\":\"https:\/\/schema.org\",\"@graph\":[{\"@type\":\"WebPage\",\"@id\":\"https:\/\/casinoreturn.com\/fr\/bonus-de-bienvenue-illimites\/\",\"url\":\"https:\/\/casinoreturn.com\/fr\/bonus-de-bienvenue-illimites\/\",\"name\":\"Bonus de bienvenue illimit\u00e9s - casinoreturn\",\"isPartOf\":{\"@id\":\"https:\/\/casinoreturn.com\/#website\"},\"primaryImageOfPage\":{\"@id\":\"https:\/\/casinoreturn.com\/fr\/bonus-de-bienvenue-illimites\/#primaryimage\"},\"image\":{\"@id\":\"https:\/\/casinoreturn.com\/fr\/bonus-de-bienvenue-illimites\/#primaryimage\"},\"thumbnailUrl\":\"https:\/\/casinoreturn.com\/wp-content\/uploads\/2025\/03\/unlimited-welcome-bonus-casinos-1.png\",\"datePublished\":\"2025-03-13T19:06:27+00:00\",\"dateModified\":\"2025-03-13T19:06:31+00:00\",\"description\":\"Les casinos offrant des bonus de bienvenue illimit\u00e9s se multiplient. Nous examinons ce type d'offre de bonus et ses avantages et inconv\u00e9nients.\",\"breadcrumb\":{\"@id\":\"https:\/\/casinoreturn.com\/fr\/bonus-de-bienvenue-illimites\/#breadcrumb\"},\"inLanguage\":\"fr-FR\",\"potentialAction\":[{\"@type\":\"ReadAction\",\"target\":[\"https:\/\/casinoreturn.com\/fr\/bonus-de-bienvenue-illimites\/\"]}]},{\"@type\":\"ImageObject\",\"inLanguage\":\"fr-FR\",\"@id\":\"https:\/\/casinoreturn.com\/fr\/bonus-de-bienvenue-illimites\/#primaryimage\",\"url\":\"https:\/\/casinoreturn.com\/wp-content\/uploads\/2025\/03\/unlimited-welcome-bonus-casinos-1.png\",\"contentUrl\":\"https:\/\/casinoreturn.com\/wp-content\/uploads\/2025\/03\/unlimited-welcome-bonus-casinos-1.png\",\"width\":1359,\"height\":767,\"caption\":\"unlimited welcome bonus casinos\"},{\"@type\":\"BreadcrumbList\",\"@id\":\"https:\/\/casinoreturn.com\/fr\/bonus-de-bienvenue-illimites\/#breadcrumb\",\"itemListElement\":[{\"@type\":\"ListItem\",\"position\":1,\"name\":\"Home\",\"item\":\"https:\/\/casinoreturn.com\/fr\/home\/\"},{\"@type\":\"ListItem\",\"position\":2,\"name\":\"Bonus de bienvenue illimit\u00e9s\"}]},{\"@type\":\"WebSite\",\"@id\":\"https:\/\/casinoreturn.com\/#website\",\"url\":\"https:\/\/casinoreturn.com\/\",\"name\":\"casinoreturn\",\"description\":\"\",\"publisher\":{\"@id\":\"https:\/\/casinoreturn.com\/#organization\"},\"potentialAction\":[{\"@type\":\"SearchAction\",\"target\":{\"@type\":\"EntryPoint\",\"urlTemplate\":\"https:\/\/casinoreturn.com\/?s={search_term_string}\"},\"query-input\":{\"@type\":\"PropertyValueSpecification\",\"valueRequired\":true,\"valueName\":\"search_term_string\"}}],\"inLanguage\":\"fr-FR\"},{\"@type\":\"Organization\",\"@id\":\"https:\/\/casinoreturn.com\/#organization\",\"name\":\"casinoreturn\",\"url\":\"https:\/\/casinoreturn.com\/\",\"logo\":{\"@type\":\"ImageObject\",\"inLanguage\":\"fr-FR\",\"@id\":\"https:\/\/casinoreturn.com\/#\/schema\/logo\/image\/\",\"url\":\"https:\/\/casinoreturn.com\/wp-content\/uploads\/2024\/09\/animal-favicon.png\",\"contentUrl\":\"https:\/\/casinoreturn.com\/wp-content\/uploads\/2024\/09\/animal-favicon.png\",\"width\":92,\"height\":92,\"caption\":\"casinoreturn\"},\"image\":{\"@id\":\"https:\/\/casinoreturn.com\/#\/schema\/logo\/image\/\"}}]}<\/script>\n<!-- \/ Yoast SEO plugin. -->","yoast_head_json":{"title":"Bonus de bienvenue illimit\u00e9s - casinoreturn","description":"Les casinos offrant des bonus de bienvenue illimit\u00e9s se multiplient. Nous examinons ce type d'offre de bonus et ses avantages et inconv\u00e9nients.","robots":{"index":"index","follow":"follow","max-snippet":"max-snippet:-1","max-image-preview":"max-image-preview:large","max-video-preview":"max-video-preview:-1"},"canonical":"https:\/\/casinoreturn.com\/fr\/bonus-de-bienvenue-illimites\/","og_locale":"fr_FR","og_type":"article","og_title":"Bonus de bienvenue illimit\u00e9s - casinoreturn","og_description":"Les casinos offrant des bonus de bienvenue illimit\u00e9s se multiplient. Nous examinons ce type d'offre de bonus et ses avantages et inconv\u00e9nients.","og_url":"https:\/\/casinoreturn.com\/fr\/bonus-de-bienvenue-illimites\/","og_site_name":"casinoreturn","article_modified_time":"2025-03-13T19:06:31+00:00","og_image":[{"width":1359,"height":767,"url":"https:\/\/casinoreturn.com\/wp-content\/uploads\/2025\/03\/unlimited-welcome-bonus-casinos-1.png","type":"image\/png"}],"twitter_card":"summary_large_image","twitter_misc":{"Dur\u00e9e de lecture estim\u00e9e":"3 minutes"},"schema":{"@context":"https:\/\/schema.org","@graph":[{"@type":"WebPage","@id":"https:\/\/casinoreturn.com\/fr\/bonus-de-bienvenue-illimites\/","url":"https:\/\/casinoreturn.com\/fr\/bonus-de-bienvenue-illimites\/","name":"Bonus de bienvenue illimit\u00e9s - casinoreturn","isPartOf":{"@id":"https:\/\/casinoreturn.com\/#website"},"primaryImageOfPage":{"@id":"https:\/\/casinoreturn.com\/fr\/bonus-de-bienvenue-illimites\/#primaryimage"},"image":{"@id":"https:\/\/casinoreturn.com\/fr\/bonus-de-bienvenue-illimites\/#primaryimage"},"thumbnailUrl":"https:\/\/casinoreturn.com\/wp-content\/uploads\/2025\/03\/unlimited-welcome-bonus-casinos-1.png","datePublished":"2025-03-13T19:06:27+00:00","dateModified":"2025-03-13T19:06:31+00:00","description":"Les casinos offrant des bonus de bienvenue illimit\u00e9s se multiplient. Nous examinons ce type d'offre de bonus et ses avantages et inconv\u00e9nients.","breadcrumb":{"@id":"https:\/\/casinoreturn.com\/fr\/bonus-de-bienvenue-illimites\/#breadcrumb"},"inLanguage":"fr-FR","potentialAction":[{"@type":"ReadAction","target":["https:\/\/casinoreturn.com\/fr\/bonus-de-bienvenue-illimites\/"]}]},{"@type":"ImageObject","inLanguage":"fr-FR","@id":"https:\/\/casinoreturn.com\/fr\/bonus-de-bienvenue-illimites\/#primaryimage","url":"https:\/\/casinoreturn.com\/wp-content\/uploads\/2025\/03\/unlimited-welcome-bonus-casinos-1.png","contentUrl":"https:\/\/casinoreturn.com\/wp-content\/uploads\/2025\/03\/unlimited-welcome-bonus-casinos-1.png","width":1359,"height":767,"caption":"unlimited welcome bonus casinos"},{"@type":"BreadcrumbList","@id":"https:\/\/casinoreturn.com\/fr\/bonus-de-bienvenue-illimites\/#breadcrumb","itemListElement":[{"@type":"ListItem","position":1,"name":"Home","item":"https:\/\/casinoreturn.com\/fr\/home\/"},{"@type":"ListItem","position":2,"name":"Bonus de bienvenue illimit\u00e9s"}]},{"@type":"WebSite","@id":"https:\/\/casinoreturn.com\/#website","url":"https:\/\/casinoreturn.com\/","name":"casinoreturn","description":"","publisher":{"@id":"https:\/\/casinoreturn.com\/#organization"},"potentialAction":[{"@type":"SearchAction","target":{"@type":"EntryPoint","urlTemplate":"https:\/\/casinoreturn.com\/?s={search_term_string}"},"query-input":{"@type":"PropertyValueSpecification","valueRequired":true,"valueName":"search_term_string"}}],"inLanguage":"fr-FR"},{"@type":"Organization","@id":"https:\/\/casinoreturn.com\/#organization","name":"casinoreturn","url":"https:\/\/casinoreturn.com\/","logo":{"@type":"ImageObject","inLanguage":"fr-FR","@id":"https:\/\/casinoreturn.com\/#\/schema\/logo\/image\/","url":"https:\/\/casinoreturn.com\/wp-content\/uploads\/2024\/09\/animal-favicon.png","contentUrl":"https:\/\/casinoreturn.com\/wp-content\/uploads\/2024\/09\/animal-favicon.png","width":92,"height":92,"caption":"casinoreturn"},"image":{"@id":"https:\/\/casinoreturn.com\/#\/schema\/logo\/image\/"}}]}},"_links":{"self":[{"href":"https:\/\/casinoreturn.com\/fr\/wp-json\/wp\/v2\/pages\/11467","targetHints":{"allow":["GET"]}}],"collection":[{"href":"https:\/\/casinoreturn.com\/fr\/wp-json\/wp\/v2\/pages"}],"about":[{"href":"https:\/\/casinoreturn.com\/fr\/wp-json\/wp\/v2\/types\/page"}],"author":[{"embeddable":true,"href":"https:\/\/casinoreturn.com\/fr\/wp-json\/wp\/v2\/users\/1"}],"replies":[{"embeddable":true,"href":"https:\/\/casinoreturn.com\/fr\/wp-json\/wp\/v2\/comments?post=11467"}],"version-history":[{"count":2,"href":"https:\/\/casinoreturn.com\/fr\/wp-json\/wp\/v2\/pages\/11467\/revisions"}],"predecessor-version":[{"id":11488,"href":"https:\/\/casinoreturn.com\/fr\/wp-json\/wp\/v2\/pages\/11467\/revisions\/11488"}],"wp:featuredmedia":[{"embeddable":true,"href":"https:\/\/casinoreturn.com\/fr\/wp-json\/wp\/v2\/media\/11379"}],"wp:attachment":[{"href":"https:\/\/casinoreturn.com\/fr\/wp-json\/wp\/v2\/media?parent=11467"}],"curies":[{"name":"wp","href":"https:\/\/api.w.org\/{rel}","templated":true}]}}