{"id":15973,"date":"2025-10-20T11:35:56","date_gmt":"2025-10-20T11:35:56","guid":{"rendered":"https:\/\/casinoreturn.com\/casinos-a-sweepstake-en-virginie\/"},"modified":"2025-10-31T14:11:09","modified_gmt":"2025-10-31T14:11:09","slug":"casinos-a-sweepstake-en-virginie","status":"publish","type":"page","link":"https:\/\/casinoreturn.com\/fr\/casinos-a-sweepstake-en-virginie\/","title":{"rendered":"Casinos \u00e0 sweepstake en Virginie"},"content":{"rendered":"\t\t<div data-elementor-type=\"wp-page\" data-elementor-id=\"15973\" class=\"elementor elementor-15973\" data-elementor-post-type=\"page\">\n\t\t\t\t<div class=\"elementor-element elementor-element-047734d e-con-full e-flex e-con e-parent\" data-id=\"047734d\" data-element_type=\"container\">\n\t\t\t\t<div class=\"elementor-element elementor-element-1de28d0 elementor-widget elementor-widget-heading\" data-id=\"1de28d0\" data-element_type=\"widget\" data-widget_type=\"heading.default\">\n\t\t\t\t<div class=\"elementor-widget-container\">\n\t\t\t\t\t<h2 class=\"elementor-heading-title elementor-size-default\">Casinos \u00e0 sweepstake en Virginie<\/h2>\t\t\t\t<\/div>\n\t\t\t\t<\/div>\n\t\t\t\t<div class=\"elementor-element elementor-element-84aa821 elementor-widget elementor-widget-text-editor\" data-id=\"84aa821\" data-element_type=\"widget\" data-widget_type=\"text-editor.default\">\n\t\t\t\t<div class=\"elementor-widget-container\">\n\t\t\t\t\t\t\t\t\t<p>En Virginie, les casinos \u00e0 sweepstake sont consid\u00e9r\u00e9s comme n&rsquo;\u00e9tant pas des jeux d&rsquo;argent en raison du mod\u00e8le d&rsquo;entr\u00e9e gratuite. D&rsquo;autres \u00c9tats, comme New York et la Californie, ont adopt\u00e9 une position plus ferme \u00e0 l&rsquo;\u00e9gard des casinos \u00e0 sweepstakes. Pour en savoir plus sur l&rsquo;<a href=\"https:\/\/casinoreturn.com\/new-york-sweepstake-casinos\/\">\u00c9tat de New York et son approche juridique actuelle des casinos \u00e0 sweepstakes,<\/a> cliquez ici. Vous trouverez ici une analyse compl\u00e8te de l&rsquo;<a href=\"https:\/\/casinoreturn.com\/california-bans-social-sweepstake-games\/\">attitude de la Californie \u00e0 l&rsquo;\u00e9gard des casinos \u00e0 sweepstake<\/a>.<\/p>\n<p><img fetchpriority=\"high\" decoding=\"async\" class=\"alignnone size-medium wp-image-15603\" src=\"https:\/\/casinoreturn.com\/wp-content\/uploads\/2025\/10\/Sweepstake-Casinos-in-Virginia-300x300.png\" alt=\"Casinos \u00e0 sweepstake en Virginie\" width=\"300\" height=\"300\" srcset=\"https:\/\/casinoreturn.com\/wp-content\/uploads\/2025\/10\/Sweepstake-Casinos-in-Virginia-300x300.png 300w, https:\/\/casinoreturn.com\/wp-content\/uploads\/2025\/10\/Sweepstake-Casinos-in-Virginia-150x150.png 150w, https:\/\/casinoreturn.com\/wp-content\/uploads\/2025\/10\/Sweepstake-Casinos-in-Virginia-768x768.png 768w, https:\/\/casinoreturn.com\/wp-content\/uploads\/2025\/10\/Sweepstake-Casinos-in-Virginia.png 1024w\" sizes=\"(max-width: 300px) 100vw, 300px\" \/><\/p>\n<p>Dans cet article :  <\/p>\n<ul>\n<li><a href=\"https:\/\/casinoreturn.com\/fr\/casinos-a-sweepstake-en-virginie\/#virginia\">Sweepstake en Virginie  <\/a><\/li>\n<li><a href=\"https:\/\/casinoreturn.com\/fr\/casinos-a-sweepstake-en-virginie\/#sport\">Paris sportifs en Virginie  <\/a><\/li>\n<li><a href=\"https:\/\/casinoreturn.com\/fr\/casinos-a-sweepstake-en-virginie\/#list\">Liste des casinos Sweepstake en Virginie  <\/a><\/li>\n<li><a href=\"https:\/\/casinoreturn.com\/fr\/casinos-a-sweepstake-en-virginie\/#land\">Casinos terrestres Real Monay \u00e0 Viginia<\/a><\/li>\n<li><a href=\"https:\/\/casinoreturn.com\/fr\/casinos-a-sweepstake-en-virginie\/#faq\">Concours de la FQA en Virginie<\/a><\/li>\n<\/ul>\n\t\t\t\t\t\t\t\t<\/div>\n\t\t\t\t<\/div>\n\t\t\t\t<div class=\"elementor-element elementor-element-8978e42 elementor-widget elementor-widget-heading\" data-id=\"8978e42\" data-element_type=\"widget\" data-widget_type=\"heading.default\">\n\t\t\t\t<div class=\"elementor-widget-container\">\n\t\t\t\t\t<h3 class=\"elementor-heading-title elementor-size-default\">Concours en Virginie<\/h3>\t\t\t\t<\/div>\n\t\t\t\t<\/div>\n\t\t\t\t<div class=\"elementor-element elementor-element-48ec529 elementor-widget elementor-widget-text-editor\" data-id=\"48ec529\" data-element_type=\"widget\" id=\"virginia\" data-widget_type=\"text-editor.default\">\n\t\t\t\t<div class=\"elementor-widget-container\">\n\t\t\t\t\t\t\t\t\t<p>Les sweepstakes sont un nouveau moyen d&rsquo;am\u00e9liorer l&rsquo;exp\u00e9rience de jeu sans investir de l&rsquo;argent r\u00e9el. En plus de l&rsquo;argent r\u00e9el, les casinos en ligne avec sweepstake offrent le confort d&rsquo;une entr\u00e9e facile pour jouer sur les casinos sociaux avec des promotions suppl\u00e9mentaires. Aucun achat n&rsquo;est n\u00e9cessaire et les pi\u00e8ces d&rsquo;or sont offertes gratuitement. Pour en savoir plus sur les casinos sociaux, consultez notre section <a href=\"https:\/\/casinoreturn.com\/sweep-stake-casino-return-usa\/\">sweepstake casino return USA<\/a>, o\u00f9 vous trouverez des r\u00e9ponses d\u00e9taill\u00e9es sur les pi\u00e8ces d&rsquo;or, les promotions, les r\u00e9glementations et la diff\u00e9rence entre un casino social et un casino sweepstake.  <\/p>\n<p><img decoding=\"async\" class=\"alignnone size-medium wp-image-14813\" src=\"https:\/\/casinoreturn.com\/wp-content\/uploads\/2025\/10\/Sweep-stake-casino-return-300x166.jpg\" alt=\"Sweep stake casino return\" width=\"300\" height=\"166\" srcset=\"https:\/\/casinoreturn.com\/wp-content\/uploads\/2025\/10\/Sweep-stake-casino-return-300x166.jpg 300w, https:\/\/casinoreturn.com\/wp-content\/uploads\/2025\/10\/Sweep-stake-casino-return-768x424.jpg 768w, https:\/\/casinoreturn.com\/wp-content\/uploads\/2025\/10\/Sweep-stake-casino-return.jpg 906w\" sizes=\"(max-width: 300px) 100vw, 300px\" \/><\/p>\n<p>La bonne nouvelle pour les joueurs de Virginie est donc qu&rsquo;il s&rsquo;agit d&rsquo;un jeu l\u00e9gal, \u00e0 moins que les op\u00e9rateurs ne proposent des moyens cach\u00e9s de jouer avec de l&rsquo;argent r\u00e9el, ce qui serait consid\u00e9r\u00e9 comme ill\u00e9gal.  <\/p>\n\t\t\t\t\t\t\t\t<\/div>\n\t\t\t\t<\/div>\n\t\t\t\t<div class=\"elementor-element elementor-element-601b0c0 elementor-widget elementor-widget-heading\" data-id=\"601b0c0\" data-element_type=\"widget\" data-widget_type=\"heading.default\">\n\t\t\t\t<div class=\"elementor-widget-container\">\n\t\t\t\t\t<h3 class=\"elementor-heading-title elementor-size-default\">Paris sportifs en Virginie<\/h3>\t\t\t\t<\/div>\n\t\t\t\t<\/div>\n\t\t\t\t<div class=\"elementor-element elementor-element-a402086 elementor-widget elementor-widget-text-editor\" data-id=\"a402086\" data-element_type=\"widget\" id=\"sport\" data-widget_type=\"text-editor.default\">\n\t\t\t\t<div class=\"elementor-widget-container\">\n\t\t\t\t\t\t\t\t\t<p>Les paris sportifs sont autoris\u00e9s dans l&rsquo;\u00c9tat de Virginie en vertu de l&rsquo;article 2 du chapitre 40, sous le titre Virginia Code 58.1. Cela vous semble compliqu\u00e9 ? Non, ce n&rsquo;est pas le cas. Les joueurs doivent \u00eatre \u00e2g\u00e9s de 21 ans et \u00eatre domicili\u00e9s en Virginie. Les op\u00e9rateurs proposant des paris mobiles DOIVENT d\u00e9tenir une licence locale (bas\u00e9e en Virginie).  <\/p>\n<p><strong>Comme dans la plupart des \u00c9tats am\u00e9ricains, les paris sur les \u00e9v\u00e9nements sportifs universitaires et sur tout sport impliquant des mineurs sont interdits, si, par exemple, une \u00e9quipe de Virginie est impliqu\u00e9e.  <\/strong><\/p>\n<p>Les op\u00e9rateurs de Virginie doivent respecter des r\u00e8gles de s\u00e9curit\u00e9 et des r\u00e9glementations afin de garantir un jeu responsable. Leur licence pr\u00e9voit \u00e9galement le paiement d&rsquo;une taxe GGR de 15 % sur les revenus.  <\/p>\n\t\t\t\t\t\t\t\t<\/div>\n\t\t\t\t<\/div>\n\t\t\t\t<div class=\"elementor-element elementor-element-2f1924c elementor-widget elementor-widget-heading\" data-id=\"2f1924c\" data-element_type=\"widget\" data-widget_type=\"heading.default\">\n\t\t\t\t<div class=\"elementor-widget-container\">\n\t\t\t\t\t<h2 class=\"elementor-heading-title elementor-size-default\">Liste des op\u00e9rateurs de paris sportifs en Virginie<\/h2>\t\t\t\t<\/div>\n\t\t\t\t<\/div>\n\t\t\t\t<div class=\"elementor-element elementor-element-72b28f4 elementor-widget elementor-widget-text-editor\" data-id=\"72b28f4\" data-element_type=\"widget\" id=\"list\" data-widget_type=\"text-editor.default\">\n\t\t\t\t<div class=\"elementor-widget-container\">\n\t\t\t\t\t\t\t\t\t<p>Liste des op\u00e9rateurs de paris sportifs en Virginie. Comme vous pouvez le constater, la liste suivante contient peu de surprises. Les trois plus grands sites de paris am\u00e9ricains sont pr\u00e9sents, ainsi que certains sites europ\u00e9ens avec des plates-formes de paris \u00e9quivalentes, voire meilleures.  <\/p>\n<p>Voici nos 5 meilleurs sites de paris en Virginie :  <\/p>\n<ul>\n<li>Bet365 &#8211; Un ma\u00eetre du terrain, un vrai joueur<\/li>\n<li>BetMGM &#8211; Grand nom aux \u00c9tats-Unis, class\u00e9 4\u00e8me en termes de revenus en 2025<\/li>\n<li>Ceasars Sportsbook &#8211; Class\u00e9 5\u00e8me en termes de revenus mais disposant d&rsquo;un portefeuille solide  <\/li>\n<li>FanDuel &#8211; n&rsquo;a plus besoin d&rsquo;\u00eatre pr\u00e9sent\u00e9, il sera le prochain \u00e0 conna\u00eetre la plus forte croissance en 2025<\/li>\n<li>Fanatics &#8211; Class\u00e9 dans le top 2, leader du march\u00e9 \u00e0 travers les Etats-Unis  <\/li>\n<\/ul>\n\t\t\t\t\t\t\t\t<\/div>\n\t\t\t\t<\/div>\n\t\t\t\t<div class=\"elementor-element elementor-element-80164e0 elementor-widget elementor-widget-heading\" data-id=\"80164e0\" data-element_type=\"widget\" data-widget_type=\"heading.default\">\n\t\t\t\t<div class=\"elementor-widget-container\">\n\t\t\t\t\t<h3 class=\"elementor-heading-title elementor-size-default\">Casinos terrestres en Virginie  <\/h3>\t\t\t\t<\/div>\n\t\t\t\t<\/div>\n\t\t\t\t<div class=\"elementor-element elementor-element-3d78c2a elementor-widget elementor-widget-text-editor\" data-id=\"3d78c2a\" data-element_type=\"widget\" id=\"land\" data-widget_type=\"text-editor.default\">\n\t\t\t\t<div class=\"elementor-widget-container\">\n\t\t\t\t\t\t\t\t\t<p>Les casinos terrestres en Virginie, aux \u00c9tats-Unis, sont tr\u00e8s limit\u00e9s. En 2020, seules 5 licences ont \u00e9t\u00e9 accord\u00e9es \u00e0 des casinos terrestres. 3 des 5 casinos sont actuellement en activit\u00e9 et deux casinos sont en cours de d\u00e9veloppement. Les trois casinos de Bristol (\u00c9tats-Unis), de Portsmouth (\u00c9tats-Unis) et de Danville affichent d\u00e9j\u00e0 des statistiques impressionnantes. Les recettes totales des jeux s&rsquo;\u00e9l\u00e8vent \u00e0 1,4 milliard de dollars US pour la seule ann\u00e9e 2024. Les revenus de ces op\u00e9rations sont g\u00e9n\u00e9r\u00e9s par les casinos en argent r\u00e9el : Machines \u00e0 sous, jeux de table, jeux avec croupiers en direct, machines \u00e0 parier et machines \u00e0 parier au d\u00e9tail.  <\/p>\n\t\t\t\t\t\t\t\t<\/div>\n\t\t\t\t<\/div>\n\t\t\t\t<div class=\"elementor-element elementor-element-d7fd54d elementor-widget elementor-widget-heading\" data-id=\"d7fd54d\" data-element_type=\"widget\" data-widget_type=\"heading.default\">\n\t\t\t\t<div class=\"elementor-widget-container\">\n\t\t\t\t\t<h3 class=\"elementor-heading-title elementor-size-default\">FAQ's Casinos \u00e0 sweepstake en Virgine<\/h3>\t\t\t\t<\/div>\n\t\t\t\t<\/div>\n\t\t\t\t<div class=\"elementor-element elementor-element-59fc1da elementor-widget elementor-widget-elementskit-faq\" data-id=\"59fc1da\" data-element_type=\"widget\" id=\"faq\" data-widget_type=\"elementskit-faq.default\">\n\t\t\t\t<div class=\"elementor-widget-container\">\n\t\t\t\t\t<div class=\"ekit-wid-con\" >\n                <div class=\"elementskit-single-faq elementor-repeater-item-8a3ec80\">\n            <div class=\"elementskit-faq-header\">\n                <h2 class=\"elementskit-faq-title\">What are Gold Coins in Sweepstake casinos?<\/h2>\n            <\/div>\n            <div class=\"elementskit-faq-body\">\n                Other than Real money casinos, Gold coins are a free giveaway in online Social Casinos. Gold coins are a promotional addition and can be part of a social Casino without a purchase.             <\/div>\n        <\/div>\n                <div class=\"elementskit-single-faq elementor-repeater-item-c0e40d1\">\n            <div class=\"elementskit-faq-header\">\n                <h2 class=\"elementskit-faq-title\">Can I bet on College football in Virginia, US? <\/h2>\n            <\/div>\n            <div class=\"elementskit-faq-body\">\n                The answer is NO. you can't bet on College football, or college sport events in Virginia. Same applies to any event involving minors.            <\/div>\n        <\/div>\n                <div class=\"elementskit-single-faq elementor-repeater-item-7190428\">\n            <div class=\"elementskit-faq-header\">\n                <h2 class=\"elementskit-faq-title\">Where can I play casino with real money in Virginia?<\/h2>\n            <\/div>\n            <div class=\"elementskit-faq-body\">\n                Real money casinos are land-based only. With currently 3 out of 5 land-based Casinos running, the choice is limited.             <\/div>\n        <\/div>\n                \n    <\/div>\t\t\t\t<\/div>\n\t\t\t\t<\/div>\n\t\t\t\t<\/div>\n\t\t\t\t<\/div>\n\t\t","protected":false},"excerpt":{"rendered":"<p>Casinos \u00e0 sweepstake en Virginie En Virginie, les casinos \u00e0 sweepstake sont consid\u00e9r\u00e9s comme n&rsquo;\u00e9tant pas des jeux d&rsquo;argent en raison du mod\u00e8le d&rsquo;entr\u00e9e gratuite. D&rsquo;autres \u00c9tats, comme New York et la Californie, ont adopt\u00e9 une position plus ferme \u00e0 l&rsquo;\u00e9gard des casinos \u00e0 sweepstakes. Pour en savoir plus sur l&rsquo;\u00c9tat de New York et [&hellip;]<\/p>\n","protected":false},"author":1,"featured_media":15605,"parent":0,"menu_order":0,"comment_status":"closed","ping_status":"closed","template":"","meta":{"footnotes":""},"class_list":["post-15973","page","type-page","status-publish","has-post-thumbnail","hentry"],"blocksy_meta":[],"acf":[],"yoast_head":"<!-- This site is optimized with the Yoast SEO plugin v24.1 - https:\/\/yoast.com\/wordpress\/plugins\/seo\/ -->\n<title>Casinos \u00e0 sweepstake en Virginie - casinoreturn<\/title>\n<meta name=\"description\" content=\"Les casinos \u00e0 sweepstake sont l\u00e9gaux en Virginie - pour l&#039;instant. Les loteries promotionnelles sont essentielles pour rester l\u00e9gales sans \u00e9change d&#039;argent.\" \/>\n<meta name=\"robots\" content=\"index, follow, max-snippet:-1, max-image-preview:large, max-video-preview:-1\" \/>\n<link rel=\"canonical\" href=\"https:\/\/casinoreturn.com\/fr\/casinos-a-sweepstake-en-virginie\/\" \/>\n<meta property=\"og:locale\" content=\"fr_FR\" \/>\n<meta property=\"og:type\" content=\"article\" \/>\n<meta property=\"og:title\" content=\"Casinos \u00e0 sweepstake en Virginie - casinoreturn\" \/>\n<meta property=\"og:description\" content=\"Les casinos \u00e0 sweepstake sont l\u00e9gaux en Virginie - pour l&#039;instant. Les loteries promotionnelles sont essentielles pour rester l\u00e9gales sans \u00e9change d&#039;argent.\" \/>\n<meta property=\"og:url\" content=\"https:\/\/casinoreturn.com\/fr\/casinos-a-sweepstake-en-virginie\/\" \/>\n<meta property=\"og:site_name\" content=\"casinoreturn\" \/>\n<meta property=\"article:modified_time\" content=\"2025-10-31T14:11:09+00:00\" \/>\n<meta property=\"og:image\" content=\"https:\/\/casinoreturn.com\/wp-content\/uploads\/2025\/10\/Sweepstake-Casinos-in-Virginia.png\" \/>\n\t<meta property=\"og:image:width\" content=\"1024\" \/>\n\t<meta property=\"og:image:height\" content=\"1024\" \/>\n\t<meta property=\"og:image:type\" content=\"image\/png\" \/>\n<meta name=\"twitter:card\" content=\"summary_large_image\" \/>\n<meta name=\"twitter:label1\" content=\"Dur\u00e9e de lecture estim\u00e9e\" \/>\n\t<meta name=\"twitter:data1\" content=\"4 minutes\" \/>\n<script type=\"application\/ld+json\" class=\"yoast-schema-graph\">{\"@context\":\"https:\/\/schema.org\",\"@graph\":[{\"@type\":\"WebPage\",\"@id\":\"https:\/\/casinoreturn.com\/fr\/casinos-a-sweepstake-en-virginie\/\",\"url\":\"https:\/\/casinoreturn.com\/fr\/casinos-a-sweepstake-en-virginie\/\",\"name\":\"Casinos \u00e0 sweepstake en Virginie - casinoreturn\",\"isPartOf\":{\"@id\":\"https:\/\/casinoreturn.com\/#website\"},\"primaryImageOfPage\":{\"@id\":\"https:\/\/casinoreturn.com\/fr\/casinos-a-sweepstake-en-virginie\/#primaryimage\"},\"image\":{\"@id\":\"https:\/\/casinoreturn.com\/fr\/casinos-a-sweepstake-en-virginie\/#primaryimage\"},\"thumbnailUrl\":\"https:\/\/casinoreturn.com\/wp-content\/uploads\/2025\/10\/Sweepstake-Casinos-in-Virginia.png\",\"datePublished\":\"2025-10-20T11:35:56+00:00\",\"dateModified\":\"2025-10-31T14:11:09+00:00\",\"description\":\"Les casinos \u00e0 sweepstake sont l\u00e9gaux en Virginie - pour l'instant. Les loteries promotionnelles sont essentielles pour rester l\u00e9gales sans \u00e9change d'argent.\",\"breadcrumb\":{\"@id\":\"https:\/\/casinoreturn.com\/fr\/casinos-a-sweepstake-en-virginie\/#breadcrumb\"},\"inLanguage\":\"fr-FR\",\"potentialAction\":[{\"@type\":\"ReadAction\",\"target\":[\"https:\/\/casinoreturn.com\/fr\/casinos-a-sweepstake-en-virginie\/\"]}]},{\"@type\":\"ImageObject\",\"inLanguage\":\"fr-FR\",\"@id\":\"https:\/\/casinoreturn.com\/fr\/casinos-a-sweepstake-en-virginie\/#primaryimage\",\"url\":\"https:\/\/casinoreturn.com\/wp-content\/uploads\/2025\/10\/Sweepstake-Casinos-in-Virginia.png\",\"contentUrl\":\"https:\/\/casinoreturn.com\/wp-content\/uploads\/2025\/10\/Sweepstake-Casinos-in-Virginia.png\",\"width\":1024,\"height\":1024,\"caption\":\"Sweepstake Casinos in Virginia\"},{\"@type\":\"BreadcrumbList\",\"@id\":\"https:\/\/casinoreturn.com\/fr\/casinos-a-sweepstake-en-virginie\/#breadcrumb\",\"itemListElement\":[{\"@type\":\"ListItem\",\"position\":1,\"name\":\"Home\",\"item\":\"https:\/\/casinoreturn.com\/fr\/home\/\"},{\"@type\":\"ListItem\",\"position\":2,\"name\":\"Casinos \u00e0 sweepstake en Virginie\"}]},{\"@type\":\"WebSite\",\"@id\":\"https:\/\/casinoreturn.com\/#website\",\"url\":\"https:\/\/casinoreturn.com\/\",\"name\":\"casinoreturn\",\"description\":\"\",\"publisher\":{\"@id\":\"https:\/\/casinoreturn.com\/#organization\"},\"potentialAction\":[{\"@type\":\"SearchAction\",\"target\":{\"@type\":\"EntryPoint\",\"urlTemplate\":\"https:\/\/casinoreturn.com\/?s={search_term_string}\"},\"query-input\":{\"@type\":\"PropertyValueSpecification\",\"valueRequired\":true,\"valueName\":\"search_term_string\"}}],\"inLanguage\":\"fr-FR\"},{\"@type\":\"Organization\",\"@id\":\"https:\/\/casinoreturn.com\/#organization\",\"name\":\"casinoreturn\",\"url\":\"https:\/\/casinoreturn.com\/\",\"logo\":{\"@type\":\"ImageObject\",\"inLanguage\":\"fr-FR\",\"@id\":\"https:\/\/casinoreturn.com\/#\/schema\/logo\/image\/\",\"url\":\"https:\/\/casinoreturn.com\/wp-content\/uploads\/2024\/09\/animal-favicon.png\",\"contentUrl\":\"https:\/\/casinoreturn.com\/wp-content\/uploads\/2024\/09\/animal-favicon.png\",\"width\":92,\"height\":92,\"caption\":\"casinoreturn\"},\"image\":{\"@id\":\"https:\/\/casinoreturn.com\/#\/schema\/logo\/image\/\"}}]}<\/script>\n<!-- \/ Yoast SEO plugin. -->","yoast_head_json":{"title":"Casinos \u00e0 sweepstake en Virginie - casinoreturn","description":"Les casinos \u00e0 sweepstake sont l\u00e9gaux en Virginie - pour l'instant. Les loteries promotionnelles sont essentielles pour rester l\u00e9gales sans \u00e9change d'argent.","robots":{"index":"index","follow":"follow","max-snippet":"max-snippet:-1","max-image-preview":"max-image-preview:large","max-video-preview":"max-video-preview:-1"},"canonical":"https:\/\/casinoreturn.com\/fr\/casinos-a-sweepstake-en-virginie\/","og_locale":"fr_FR","og_type":"article","og_title":"Casinos \u00e0 sweepstake en Virginie - casinoreturn","og_description":"Les casinos \u00e0 sweepstake sont l\u00e9gaux en Virginie - pour l'instant. Les loteries promotionnelles sont essentielles pour rester l\u00e9gales sans \u00e9change d'argent.","og_url":"https:\/\/casinoreturn.com\/fr\/casinos-a-sweepstake-en-virginie\/","og_site_name":"casinoreturn","article_modified_time":"2025-10-31T14:11:09+00:00","og_image":[{"width":1024,"height":1024,"url":"https:\/\/casinoreturn.com\/wp-content\/uploads\/2025\/10\/Sweepstake-Casinos-in-Virginia.png","type":"image\/png"}],"twitter_card":"summary_large_image","twitter_misc":{"Dur\u00e9e de lecture estim\u00e9e":"4 minutes"},"schema":{"@context":"https:\/\/schema.org","@graph":[{"@type":"WebPage","@id":"https:\/\/casinoreturn.com\/fr\/casinos-a-sweepstake-en-virginie\/","url":"https:\/\/casinoreturn.com\/fr\/casinos-a-sweepstake-en-virginie\/","name":"Casinos \u00e0 sweepstake en Virginie - casinoreturn","isPartOf":{"@id":"https:\/\/casinoreturn.com\/#website"},"primaryImageOfPage":{"@id":"https:\/\/casinoreturn.com\/fr\/casinos-a-sweepstake-en-virginie\/#primaryimage"},"image":{"@id":"https:\/\/casinoreturn.com\/fr\/casinos-a-sweepstake-en-virginie\/#primaryimage"},"thumbnailUrl":"https:\/\/casinoreturn.com\/wp-content\/uploads\/2025\/10\/Sweepstake-Casinos-in-Virginia.png","datePublished":"2025-10-20T11:35:56+00:00","dateModified":"2025-10-31T14:11:09+00:00","description":"Les casinos \u00e0 sweepstake sont l\u00e9gaux en Virginie - pour l'instant. Les loteries promotionnelles sont essentielles pour rester l\u00e9gales sans \u00e9change d'argent.","breadcrumb":{"@id":"https:\/\/casinoreturn.com\/fr\/casinos-a-sweepstake-en-virginie\/#breadcrumb"},"inLanguage":"fr-FR","potentialAction":[{"@type":"ReadAction","target":["https:\/\/casinoreturn.com\/fr\/casinos-a-sweepstake-en-virginie\/"]}]},{"@type":"ImageObject","inLanguage":"fr-FR","@id":"https:\/\/casinoreturn.com\/fr\/casinos-a-sweepstake-en-virginie\/#primaryimage","url":"https:\/\/casinoreturn.com\/wp-content\/uploads\/2025\/10\/Sweepstake-Casinos-in-Virginia.png","contentUrl":"https:\/\/casinoreturn.com\/wp-content\/uploads\/2025\/10\/Sweepstake-Casinos-in-Virginia.png","width":1024,"height":1024,"caption":"Sweepstake Casinos in Virginia"},{"@type":"BreadcrumbList","@id":"https:\/\/casinoreturn.com\/fr\/casinos-a-sweepstake-en-virginie\/#breadcrumb","itemListElement":[{"@type":"ListItem","position":1,"name":"Home","item":"https:\/\/casinoreturn.com\/fr\/home\/"},{"@type":"ListItem","position":2,"name":"Casinos \u00e0 sweepstake en Virginie"}]},{"@type":"WebSite","@id":"https:\/\/casinoreturn.com\/#website","url":"https:\/\/casinoreturn.com\/","name":"casinoreturn","description":"","publisher":{"@id":"https:\/\/casinoreturn.com\/#organization"},"potentialAction":[{"@type":"SearchAction","target":{"@type":"EntryPoint","urlTemplate":"https:\/\/casinoreturn.com\/?s={search_term_string}"},"query-input":{"@type":"PropertyValueSpecification","valueRequired":true,"valueName":"search_term_string"}}],"inLanguage":"fr-FR"},{"@type":"Organization","@id":"https:\/\/casinoreturn.com\/#organization","name":"casinoreturn","url":"https:\/\/casinoreturn.com\/","logo":{"@type":"ImageObject","inLanguage":"fr-FR","@id":"https:\/\/casinoreturn.com\/#\/schema\/logo\/image\/","url":"https:\/\/casinoreturn.com\/wp-content\/uploads\/2024\/09\/animal-favicon.png","contentUrl":"https:\/\/casinoreturn.com\/wp-content\/uploads\/2024\/09\/animal-favicon.png","width":92,"height":92,"caption":"casinoreturn"},"image":{"@id":"https:\/\/casinoreturn.com\/#\/schema\/logo\/image\/"}}]}},"_links":{"self":[{"href":"https:\/\/casinoreturn.com\/fr\/wp-json\/wp\/v2\/pages\/15973","targetHints":{"allow":["GET"]}}],"collection":[{"href":"https:\/\/casinoreturn.com\/fr\/wp-json\/wp\/v2\/pages"}],"about":[{"href":"https:\/\/casinoreturn.com\/fr\/wp-json\/wp\/v2\/types\/page"}],"author":[{"embeddable":true,"href":"https:\/\/casinoreturn.com\/fr\/wp-json\/wp\/v2\/users\/1"}],"replies":[{"embeddable":true,"href":"https:\/\/casinoreturn.com\/fr\/wp-json\/wp\/v2\/comments?post=15973"}],"version-history":[{"count":1,"href":"https:\/\/casinoreturn.com\/fr\/wp-json\/wp\/v2\/pages\/15973\/revisions"}],"predecessor-version":[{"id":15974,"href":"https:\/\/casinoreturn.com\/fr\/wp-json\/wp\/v2\/pages\/15973\/revisions\/15974"}],"wp:featuredmedia":[{"embeddable":true,"href":"https:\/\/casinoreturn.com\/fr\/wp-json\/wp\/v2\/media\/15605"}],"wp:attachment":[{"href":"https:\/\/casinoreturn.com\/fr\/wp-json\/wp\/v2\/media?parent=15973"}],"curies":[{"name":"wp","href":"https:\/\/api.w.org\/{rel}","templated":true}]}}