{"id":16025,"date":"2025-10-17T16:07:39","date_gmt":"2025-10-17T16:07:39","guid":{"rendered":"https:\/\/casinoreturn.com\/casinos-a-sweepstake-en-floride\/"},"modified":"2025-10-31T14:22:04","modified_gmt":"2025-10-31T14:22:04","slug":"casinos-a-sweepstake-en-floride","status":"publish","type":"page","link":"https:\/\/casinoreturn.com\/fr\/casinos-a-sweepstake-en-floride\/","title":{"rendered":"Casinos \u00e0 sweepstake en Floride"},"content":{"rendered":"\t\t<div data-elementor-type=\"wp-page\" data-elementor-id=\"16025\" class=\"elementor elementor-16025\" data-elementor-post-type=\"page\">\n\t\t\t\t<div class=\"elementor-element elementor-element-550cc17 e-con-full e-flex e-con e-parent\" data-id=\"550cc17\" data-element_type=\"container\">\n\t\t\t\t<div class=\"elementor-element elementor-element-5396053 elementor-widget elementor-widget-heading\" data-id=\"5396053\" data-element_type=\"widget\" data-widget_type=\"heading.default\">\n\t\t\t\t<div class=\"elementor-widget-container\">\n\t\t\t\t\t<h3 class=\"elementor-heading-title elementor-size-default\">Casinos \u00e0 sweepstake en Floride<\/h3>\t\t\t\t<\/div>\n\t\t\t\t<\/div>\n\t\t\t\t<div class=\"elementor-element elementor-element-4383f5b elementor-widget elementor-widget-text-editor\" data-id=\"4383f5b\" data-element_type=\"widget\" data-widget_type=\"text-editor.default\">\n\t\t\t\t<div class=\"elementor-widget-container\">\n\t\t\t\t\t\t\t\t\t<p>Les casinos Sweepstake en Floride sont actuellement consid\u00e9r\u00e9s comme des concours promotionnels, plut\u00f4t que comme des jeux d&rsquo;argent. C&rsquo;est la bonne nouvelle. La Florida Gaming Control Commission n&rsquo;a pas encore interdit les sweepstakes et leurs Goldcoins. Mais des propositions ont \u00e9t\u00e9 faites en 2025 pour classer les casinos \u00e0 sweepstake dans la cat\u00e9gorie des jeux d&rsquo;argent sur Internet. Les deux parties, les op\u00e9rateurs de loteries et les r\u00e9gulateurs, travaillent \u00e0 l&rsquo;\u00e9laboration de projets pour \u00e9tayer leurs arguments. Le jeu gratuit dans de nombreux \u00c9tats am\u00e9ricains fait l&rsquo;objet d&rsquo;un examen minutieux. Les <a href=\"https:\/\/casinoreturn.com\/sweep-stake-casino-return-usa\/\">casinos sociaux<\/a>, encore l\u00e9gaux dans de nombreux \u00c9tats, sont en passe d&rsquo;\u00eatre d\u00e9clar\u00e9s ill\u00e9gaux par un nombre croissant d&rsquo;\u00c9tats.<\/p>\n<p><strong>Dans cet article :<\/strong><\/p>\n<ul>\n<li>Liste des casinos \u00e0 sweepstake<\/li>\n<li>R\u00e9glementation en Floride<\/li>\n<li>Liste des casinos de paris sportifs en Floride<\/li>\n<li>FAQs Sweepstake Casinos de Floride<\/li>\n<\/ul>\n<p><img decoding=\"async\" class=\"alignnone wp-image-15496\" src=\"https:\/\/casinoreturn.com\/wp-content\/uploads\/2025\/10\/Sweepstake-Casinos-in-Florida.png\" alt=\"Casinos \u00e0 sweepstake en Floride\" width=\"125\" height=\"125\" srcset=\"https:\/\/casinoreturn.com\/wp-content\/uploads\/2025\/10\/Sweepstake-Casinos-in-Florida.png 225w, https:\/\/casinoreturn.com\/wp-content\/uploads\/2025\/10\/Sweepstake-Casinos-in-Florida-150x150.png 150w\" sizes=\"(max-width: 125px) 100vw, 125px\" \/><\/p>\n\t\t\t\t\t\t\t\t<\/div>\n\t\t\t\t<\/div>\n\t\t\t\t<div class=\"elementor-element elementor-element-d15c0ae elementor-widget elementor-widget-heading\" data-id=\"d15c0ae\" data-element_type=\"widget\" data-widget_type=\"heading.default\">\n\t\t\t\t<div class=\"elementor-widget-container\">\n\t\t\t\t\t<h3 class=\"elementor-heading-title elementor-size-default\">Liste des casinos Sweepstake en Floride<\/h3>\t\t\t\t<\/div>\n\t\t\t\t<\/div>\n\t\t\t\t<div class=\"elementor-element elementor-element-fe42027 elementor-widget elementor-widget-text-editor\" data-id=\"fe42027\" data-element_type=\"widget\" data-widget_type=\"text-editor.default\">\n\t\t\t\t<div class=\"elementor-widget-container\">\n\t\t\t\t\t\t\t\t\t<p>Les casinos avec sweepstake en Floride ne sont pas aussi nombreux. Il n&rsquo;y a pas plus d&rsquo;une douzaine d&rsquo;enregistrements, mais certains op\u00e9rateurs proposent leurs pi\u00e8ces d&rsquo;or de sweepstake dans certaines zones grises. Sans ordre ni classement particulier :<\/p>\n<ul>\n<li>M. Luck, enregistr\u00e9  <\/li>\n<li>High5 Casino, enregistr\u00e9<\/li>\n<li>Bonjour Millions, inscrit<\/li>\n<li>Crown Coins, enregistr\u00e9<\/li>\n<li>WOW Vegas, enregistr\u00e9<\/li>\n<li>Stake.us ,enregistr\u00e9<\/li>\n<\/ul>\n<p>Les casinos terrestres, ou casinos en personne, sont g\u00e9r\u00e9s par des tribus ou des entreprises en tant que telles.<\/p>\n<ul>\n<li>Seminole Hard Rock Hotel &amp; Casino (Tampa &amp; HollywoodSeminole<\/li>\n<li>Brighton Casino Seminole<\/li>\n<li>Miccosukee Resort &amp; Gaming (Miami)<\/li>\n<li>Casino Immokale<\/li>\n<li>Seminole Casino Immokale<\/li>\n<\/ul>\n<p>La l\u00e9galit\u00e9 des casinos en argent r\u00e9el et des casinos en ligne fait l&rsquo;objet d&rsquo;un d\u00e9bat aux \u00c9tats-Unis et la Floride a montr\u00e9 des mouvements similaires vers une interdiction compl\u00e8te des sweepstakes \u00e0 l&rsquo;avenir.  <\/p>\n\t\t\t\t\t\t\t\t<\/div>\n\t\t\t\t<\/div>\n\t\t\t\t<div class=\"elementor-element elementor-element-c3cd23d elementor-widget elementor-widget-heading\" data-id=\"c3cd23d\" data-element_type=\"widget\" data-widget_type=\"heading.default\">\n\t\t\t\t<div class=\"elementor-widget-container\">\n\t\t\t\t\t<h3 class=\"elementor-heading-title elementor-size-default\">R\u00e9glementation en Floride<\/h3>\t\t\t\t<\/div>\n\t\t\t\t<\/div>\n\t\t\t\t<div class=\"elementor-element elementor-element-328690d elementor-widget elementor-widget-text-editor\" data-id=\"328690d\" data-element_type=\"widget\" data-widget_type=\"text-editor.default\">\n\t\t\t\t<div class=\"elementor-widget-container\">\n\t\t\t\t\t\t\t\t\t<p>En Floride, la r\u00e9glementation est de plus en plus sollicit\u00e9e pour interdire ou restreindre l&rsquo;utilisation des casinos \u00e0 sweepstake.  <\/p><\/p>\n\t\t\t\t\t\t\t\t<\/div>\n\t\t\t\t<\/div>\n\t\t\t\t<\/div>\n\t\t<div class=\"elementor-element elementor-element-9509de3 e-grid e-con-full e-con e-parent\" data-id=\"9509de3\" data-element_type=\"container\" data-settings=\"{&quot;background_background&quot;:&quot;classic&quot;}\">\n\t\t\t\t<div class=\"elementor-element elementor-element-a246602 elementor-widget elementor-widget-text-editor\" data-id=\"a246602\" data-element_type=\"widget\" data-widget_type=\"text-editor.default\">\n\t\t\t\t<div class=\"elementor-widget-container\">\n\t\t\t\t\t\t\t\t\t<p><strong>Les casinos en argent r\u00e9el ou les casinos en ligne acceptant de l&rsquo;argent r\u00e9el sont ill\u00e9gaux en Floride.  <\/strong><\/p>\n<p><strong>Puis-je jouer avec de l&rsquo;argent r\u00e9el dans les casinos terrestres ?<\/strong><\/p>\n<p><strong>Oui, ces casinos terrestres sont l\u00e9gaux<\/strong><\/p>\n\t\t\t\t\t\t\t\t<\/div>\n\t\t\t\t<\/div>\n\t\t\t\t<div class=\"elementor-element elementor-element-347bbf8 elementor-widget elementor-widget-image\" data-id=\"347bbf8\" data-element_type=\"widget\" data-widget_type=\"image.default\">\n\t\t\t\t<div class=\"elementor-widget-container\">\n\t\t\t\t\t\t\t\t\t\t\t\t\t\t\t<img fetchpriority=\"high\" decoding=\"async\" width=\"225\" height=\"225\" src=\"https:\/\/casinoreturn.com\/wp-content\/uploads\/2025\/10\/Sweepstake-Casinos-in-Florida.png\" class=\"attachment-large size-large wp-image-15496\" alt=\"Sweepstake Casinos in Florida\" srcset=\"https:\/\/casinoreturn.com\/wp-content\/uploads\/2025\/10\/Sweepstake-Casinos-in-Florida.png 225w, https:\/\/casinoreturn.com\/wp-content\/uploads\/2025\/10\/Sweepstake-Casinos-in-Florida-150x150.png 150w\" sizes=\"(max-width: 225px) 100vw, 225px\" \/>\t\t\t\t\t\t\t\t\t\t\t\t\t\t\t<\/div>\n\t\t\t\t<\/div>\n\t\t\t\t<div class=\"elementor-element elementor-element-eb23194 elementor-widget elementor-widget-text-editor\" data-id=\"eb23194\" data-element_type=\"widget\" data-widget_type=\"text-editor.default\">\n\t\t\t\t<div class=\"elementor-widget-container\">\n\t\t\t\t\t\t\t\t\t<p><strong>Les casinos \u00e0 sweepstake sont toujours consid\u00e9r\u00e9s comme l\u00e9gaux, mais des propositions sont d\u00e9j\u00e0 en cours pour interdire les promotions sur les pi\u00e8ces d&rsquo;or et les sweepstakes en g\u00e9n\u00e9ral en Floride.<\/strong><\/p>\n<p>Par exemple, Stake.us et Chumba casino<\/p><\/p>\n\t\t\t\t\t\t\t\t<\/div>\n\t\t\t\t<\/div>\n\t\t\t\t<div class=\"elementor-element elementor-element-d7dd2e5 elementor-widget elementor-widget-text-editor\" data-id=\"d7dd2e5\" data-element_type=\"widget\" data-widget_type=\"text-editor.default\">\n\t\t\t\t<div class=\"elementor-widget-container\">\n\t\t\t\t\t\t\t\t\t<p><strong>Les paris sportifs sont-ils l\u00e9gaux en Floride ?  <\/strong><\/p>\n<p><strong>Voici le probl\u00e8me : le jeu est l\u00e9gal en Floride, MAIS le seul op\u00e9rateur l\u00e9gal est Hard Rock Bet (exploit\u00e9 par la tribu Seminole de Floride).  <\/strong><\/p>\n<p><strong>Il existe moins d&rsquo;une douzaine d&rsquo;autres d\u00e9taillants terrestres g\u00e9r\u00e9s par la tribu des S\u00e9minoles en Floride.  <\/strong><\/p>\n\t\t\t\t\t\t\t\t<\/div>\n\t\t\t\t<\/div>\n\t\t\t\t<div class=\"elementor-element elementor-element-e4c9e61 elementor-widget elementor-widget-image\" data-id=\"e4c9e61\" data-element_type=\"widget\" data-widget_type=\"image.default\">\n\t\t\t\t<div class=\"elementor-widget-container\">\n\t\t\t\t\t\t\t\t\t\t\t\t\t\t\t<img decoding=\"async\" width=\"906\" height=\"500\" src=\"https:\/\/casinoreturn.com\/wp-content\/uploads\/2025\/10\/Sweep-stake-casino-return.jpg\" class=\"attachment-large size-large wp-image-14813\" alt=\"Sweep stake casino return\" srcset=\"https:\/\/casinoreturn.com\/wp-content\/uploads\/2025\/10\/Sweep-stake-casino-return.jpg 906w, https:\/\/casinoreturn.com\/wp-content\/uploads\/2025\/10\/Sweep-stake-casino-return-300x166.jpg 300w, https:\/\/casinoreturn.com\/wp-content\/uploads\/2025\/10\/Sweep-stake-casino-return-768x424.jpg 768w\" sizes=\"(max-width: 906px) 100vw, 906px\" \/>\t\t\t\t\t\t\t\t\t\t\t\t\t\t\t<\/div>\n\t\t\t\t<\/div>\n\t\t\t\t<div class=\"elementor-element elementor-element-366b516 elementor-widget elementor-widget-text-editor\" data-id=\"366b516\" data-element_type=\"widget\" data-widget_type=\"text-editor.default\">\n\t\t\t\t<div class=\"elementor-widget-container\">\n\t\t\t\t\t\t\t\t\t<p><strong>Comme Seminole a le monopole des paris sportifs en Floride, beaucoup pensent que le march\u00e9 est trop restreint et certains affirment qu&rsquo;il est trop limit\u00e9.  <\/strong><\/p>\n<p><strong>Les tribunaux ont confirm\u00e9 jusqu&rsquo;\u00e0 pr\u00e9sent toute plainte contre la loi f\u00e9d\u00e9rale, et les tribus peuvent r\u00e9gner sur le monde des paris en Floride.  <\/strong><\/p>\n\t\t\t\t\t\t\t\t<\/div>\n\t\t\t\t<\/div>\n\t\t\t\t<\/div>\n\t\t\t\t<\/div>\n\t\t","protected":false},"excerpt":{"rendered":"<p>Casinos \u00e0 sweepstake en Floride Les casinos Sweepstake en Floride sont actuellement consid\u00e9r\u00e9s comme des concours promotionnels, plut\u00f4t que comme des jeux d&rsquo;argent. C&rsquo;est la bonne nouvelle. La Florida Gaming Control Commission n&rsquo;a pas encore interdit les sweepstakes et leurs Goldcoins. Mais des propositions ont \u00e9t\u00e9 faites en 2025 pour classer les casinos \u00e0 sweepstake [&hellip;]<\/p>\n","protected":false},"author":1,"featured_media":15498,"parent":0,"menu_order":0,"comment_status":"closed","ping_status":"closed","template":"","meta":{"footnotes":""},"class_list":["post-16025","page","type-page","status-publish","has-post-thumbnail","hentry"],"blocksy_meta":[],"acf":[],"yoast_head":"<!-- This site is optimized with the Yoast SEO plugin v24.1 - https:\/\/yoast.com\/wordpress\/plugins\/seo\/ -->\n<title>Casinos \u00e0 sweepstake en Floride - casinoreturn<\/title>\n<meta name=\"description\" content=\"Les casinos de Floride organisent des concours promotionnels plut\u00f4t que des jeux d&#039;argent, ce qui est l\u00e9gal pour l&#039;instant.\" \/>\n<meta name=\"robots\" content=\"index, follow, max-snippet:-1, max-image-preview:large, max-video-preview:-1\" \/>\n<link rel=\"canonical\" href=\"https:\/\/casinoreturn.com\/fr\/casinos-a-sweepstake-en-floride\/\" \/>\n<meta property=\"og:locale\" content=\"fr_FR\" \/>\n<meta property=\"og:type\" content=\"article\" \/>\n<meta property=\"og:title\" content=\"Casinos \u00e0 sweepstake en Floride - casinoreturn\" \/>\n<meta property=\"og:description\" content=\"Les casinos de Floride organisent des concours promotionnels plut\u00f4t que des jeux d&#039;argent, ce qui est l\u00e9gal pour l&#039;instant.\" \/>\n<meta property=\"og:url\" content=\"https:\/\/casinoreturn.com\/fr\/casinos-a-sweepstake-en-floride\/\" \/>\n<meta property=\"og:site_name\" content=\"casinoreturn\" \/>\n<meta property=\"article:modified_time\" content=\"2025-10-31T14:22:04+00:00\" \/>\n<meta property=\"og:image\" content=\"https:\/\/casinoreturn.com\/wp-content\/uploads\/2025\/10\/Sweepstake-Casinos-in-Florida.png\" \/>\n\t<meta property=\"og:image:width\" content=\"225\" \/>\n\t<meta property=\"og:image:height\" content=\"225\" \/>\n\t<meta property=\"og:image:type\" content=\"image\/png\" \/>\n<meta name=\"twitter:card\" content=\"summary_large_image\" \/>\n<meta name=\"twitter:label1\" content=\"Dur\u00e9e de lecture estim\u00e9e\" \/>\n\t<meta name=\"twitter:data1\" content=\"3 minutes\" \/>\n<script type=\"application\/ld+json\" class=\"yoast-schema-graph\">{\"@context\":\"https:\/\/schema.org\",\"@graph\":[{\"@type\":\"WebPage\",\"@id\":\"https:\/\/casinoreturn.com\/fr\/casinos-a-sweepstake-en-floride\/\",\"url\":\"https:\/\/casinoreturn.com\/fr\/casinos-a-sweepstake-en-floride\/\",\"name\":\"Casinos \u00e0 sweepstake en Floride - casinoreturn\",\"isPartOf\":{\"@id\":\"https:\/\/casinoreturn.com\/#website\"},\"primaryImageOfPage\":{\"@id\":\"https:\/\/casinoreturn.com\/fr\/casinos-a-sweepstake-en-floride\/#primaryimage\"},\"image\":{\"@id\":\"https:\/\/casinoreturn.com\/fr\/casinos-a-sweepstake-en-floride\/#primaryimage\"},\"thumbnailUrl\":\"https:\/\/casinoreturn.com\/wp-content\/uploads\/2025\/10\/Sweepstake-Casinos-in-Florida.png\",\"datePublished\":\"2025-10-17T16:07:39+00:00\",\"dateModified\":\"2025-10-31T14:22:04+00:00\",\"description\":\"Les casinos de Floride organisent des concours promotionnels plut\u00f4t que des jeux d'argent, ce qui est l\u00e9gal pour l'instant.\",\"breadcrumb\":{\"@id\":\"https:\/\/casinoreturn.com\/fr\/casinos-a-sweepstake-en-floride\/#breadcrumb\"},\"inLanguage\":\"fr-FR\",\"potentialAction\":[{\"@type\":\"ReadAction\",\"target\":[\"https:\/\/casinoreturn.com\/fr\/casinos-a-sweepstake-en-floride\/\"]}]},{\"@type\":\"ImageObject\",\"inLanguage\":\"fr-FR\",\"@id\":\"https:\/\/casinoreturn.com\/fr\/casinos-a-sweepstake-en-floride\/#primaryimage\",\"url\":\"https:\/\/casinoreturn.com\/wp-content\/uploads\/2025\/10\/Sweepstake-Casinos-in-Florida.png\",\"contentUrl\":\"https:\/\/casinoreturn.com\/wp-content\/uploads\/2025\/10\/Sweepstake-Casinos-in-Florida.png\",\"width\":225,\"height\":225,\"caption\":\"Sweepstake Casinos in Florida\"},{\"@type\":\"BreadcrumbList\",\"@id\":\"https:\/\/casinoreturn.com\/fr\/casinos-a-sweepstake-en-floride\/#breadcrumb\",\"itemListElement\":[{\"@type\":\"ListItem\",\"position\":1,\"name\":\"Home\",\"item\":\"https:\/\/casinoreturn.com\/fr\/home\/\"},{\"@type\":\"ListItem\",\"position\":2,\"name\":\"Casinos \u00e0 sweepstake en Floride\"}]},{\"@type\":\"WebSite\",\"@id\":\"https:\/\/casinoreturn.com\/#website\",\"url\":\"https:\/\/casinoreturn.com\/\",\"name\":\"casinoreturn\",\"description\":\"\",\"publisher\":{\"@id\":\"https:\/\/casinoreturn.com\/#organization\"},\"potentialAction\":[{\"@type\":\"SearchAction\",\"target\":{\"@type\":\"EntryPoint\",\"urlTemplate\":\"https:\/\/casinoreturn.com\/?s={search_term_string}\"},\"query-input\":{\"@type\":\"PropertyValueSpecification\",\"valueRequired\":true,\"valueName\":\"search_term_string\"}}],\"inLanguage\":\"fr-FR\"},{\"@type\":\"Organization\",\"@id\":\"https:\/\/casinoreturn.com\/#organization\",\"name\":\"casinoreturn\",\"url\":\"https:\/\/casinoreturn.com\/\",\"logo\":{\"@type\":\"ImageObject\",\"inLanguage\":\"fr-FR\",\"@id\":\"https:\/\/casinoreturn.com\/#\/schema\/logo\/image\/\",\"url\":\"https:\/\/casinoreturn.com\/wp-content\/uploads\/2024\/09\/animal-favicon.png\",\"contentUrl\":\"https:\/\/casinoreturn.com\/wp-content\/uploads\/2024\/09\/animal-favicon.png\",\"width\":92,\"height\":92,\"caption\":\"casinoreturn\"},\"image\":{\"@id\":\"https:\/\/casinoreturn.com\/#\/schema\/logo\/image\/\"}}]}<\/script>\n<!-- \/ Yoast SEO plugin. -->","yoast_head_json":{"title":"Casinos \u00e0 sweepstake en Floride - casinoreturn","description":"Les casinos de Floride organisent des concours promotionnels plut\u00f4t que des jeux d'argent, ce qui est l\u00e9gal pour l'instant.","robots":{"index":"index","follow":"follow","max-snippet":"max-snippet:-1","max-image-preview":"max-image-preview:large","max-video-preview":"max-video-preview:-1"},"canonical":"https:\/\/casinoreturn.com\/fr\/casinos-a-sweepstake-en-floride\/","og_locale":"fr_FR","og_type":"article","og_title":"Casinos \u00e0 sweepstake en Floride - casinoreturn","og_description":"Les casinos de Floride organisent des concours promotionnels plut\u00f4t que des jeux d'argent, ce qui est l\u00e9gal pour l'instant.","og_url":"https:\/\/casinoreturn.com\/fr\/casinos-a-sweepstake-en-floride\/","og_site_name":"casinoreturn","article_modified_time":"2025-10-31T14:22:04+00:00","og_image":[{"width":225,"height":225,"url":"https:\/\/casinoreturn.com\/wp-content\/uploads\/2025\/10\/Sweepstake-Casinos-in-Florida.png","type":"image\/png"}],"twitter_card":"summary_large_image","twitter_misc":{"Dur\u00e9e de lecture estim\u00e9e":"3 minutes"},"schema":{"@context":"https:\/\/schema.org","@graph":[{"@type":"WebPage","@id":"https:\/\/casinoreturn.com\/fr\/casinos-a-sweepstake-en-floride\/","url":"https:\/\/casinoreturn.com\/fr\/casinos-a-sweepstake-en-floride\/","name":"Casinos \u00e0 sweepstake en Floride - casinoreturn","isPartOf":{"@id":"https:\/\/casinoreturn.com\/#website"},"primaryImageOfPage":{"@id":"https:\/\/casinoreturn.com\/fr\/casinos-a-sweepstake-en-floride\/#primaryimage"},"image":{"@id":"https:\/\/casinoreturn.com\/fr\/casinos-a-sweepstake-en-floride\/#primaryimage"},"thumbnailUrl":"https:\/\/casinoreturn.com\/wp-content\/uploads\/2025\/10\/Sweepstake-Casinos-in-Florida.png","datePublished":"2025-10-17T16:07:39+00:00","dateModified":"2025-10-31T14:22:04+00:00","description":"Les casinos de Floride organisent des concours promotionnels plut\u00f4t que des jeux d'argent, ce qui est l\u00e9gal pour l'instant.","breadcrumb":{"@id":"https:\/\/casinoreturn.com\/fr\/casinos-a-sweepstake-en-floride\/#breadcrumb"},"inLanguage":"fr-FR","potentialAction":[{"@type":"ReadAction","target":["https:\/\/casinoreturn.com\/fr\/casinos-a-sweepstake-en-floride\/"]}]},{"@type":"ImageObject","inLanguage":"fr-FR","@id":"https:\/\/casinoreturn.com\/fr\/casinos-a-sweepstake-en-floride\/#primaryimage","url":"https:\/\/casinoreturn.com\/wp-content\/uploads\/2025\/10\/Sweepstake-Casinos-in-Florida.png","contentUrl":"https:\/\/casinoreturn.com\/wp-content\/uploads\/2025\/10\/Sweepstake-Casinos-in-Florida.png","width":225,"height":225,"caption":"Sweepstake Casinos in Florida"},{"@type":"BreadcrumbList","@id":"https:\/\/casinoreturn.com\/fr\/casinos-a-sweepstake-en-floride\/#breadcrumb","itemListElement":[{"@type":"ListItem","position":1,"name":"Home","item":"https:\/\/casinoreturn.com\/fr\/home\/"},{"@type":"ListItem","position":2,"name":"Casinos \u00e0 sweepstake en Floride"}]},{"@type":"WebSite","@id":"https:\/\/casinoreturn.com\/#website","url":"https:\/\/casinoreturn.com\/","name":"casinoreturn","description":"","publisher":{"@id":"https:\/\/casinoreturn.com\/#organization"},"potentialAction":[{"@type":"SearchAction","target":{"@type":"EntryPoint","urlTemplate":"https:\/\/casinoreturn.com\/?s={search_term_string}"},"query-input":{"@type":"PropertyValueSpecification","valueRequired":true,"valueName":"search_term_string"}}],"inLanguage":"fr-FR"},{"@type":"Organization","@id":"https:\/\/casinoreturn.com\/#organization","name":"casinoreturn","url":"https:\/\/casinoreturn.com\/","logo":{"@type":"ImageObject","inLanguage":"fr-FR","@id":"https:\/\/casinoreturn.com\/#\/schema\/logo\/image\/","url":"https:\/\/casinoreturn.com\/wp-content\/uploads\/2024\/09\/animal-favicon.png","contentUrl":"https:\/\/casinoreturn.com\/wp-content\/uploads\/2024\/09\/animal-favicon.png","width":92,"height":92,"caption":"casinoreturn"},"image":{"@id":"https:\/\/casinoreturn.com\/#\/schema\/logo\/image\/"}}]}},"_links":{"self":[{"href":"https:\/\/casinoreturn.com\/fr\/wp-json\/wp\/v2\/pages\/16025","targetHints":{"allow":["GET"]}}],"collection":[{"href":"https:\/\/casinoreturn.com\/fr\/wp-json\/wp\/v2\/pages"}],"about":[{"href":"https:\/\/casinoreturn.com\/fr\/wp-json\/wp\/v2\/types\/page"}],"author":[{"embeddable":true,"href":"https:\/\/casinoreturn.com\/fr\/wp-json\/wp\/v2\/users\/1"}],"replies":[{"embeddable":true,"href":"https:\/\/casinoreturn.com\/fr\/wp-json\/wp\/v2\/comments?post=16025"}],"version-history":[{"count":1,"href":"https:\/\/casinoreturn.com\/fr\/wp-json\/wp\/v2\/pages\/16025\/revisions"}],"predecessor-version":[{"id":16026,"href":"https:\/\/casinoreturn.com\/fr\/wp-json\/wp\/v2\/pages\/16025\/revisions\/16026"}],"wp:featuredmedia":[{"embeddable":true,"href":"https:\/\/casinoreturn.com\/fr\/wp-json\/wp\/v2\/media\/15498"}],"wp:attachment":[{"href":"https:\/\/casinoreturn.com\/fr\/wp-json\/wp\/v2\/media?parent=16025"}],"curies":[{"name":"wp","href":"https:\/\/api.w.org\/{rel}","templated":true}]}}