{"id":16065,"date":"2025-10-15T10:15:30","date_gmt":"2025-10-15T10:15:30","guid":{"rendered":"https:\/\/casinoreturn.com\/casinos-de-pennsylvanie-avec-sweepstake\/"},"modified":"2025-10-31T14:38:40","modified_gmt":"2025-10-31T14:38:40","slug":"casinos-de-pennsylvanie-avec-sweepstake","status":"publish","type":"page","link":"https:\/\/casinoreturn.com\/fr\/casinos-de-pennsylvanie-avec-sweepstake\/","title":{"rendered":"Casinos de Pennsylvanie avec sweepstake"},"content":{"rendered":"\t\t<div data-elementor-type=\"wp-page\" data-elementor-id=\"16065\" class=\"elementor elementor-16065\" data-elementor-post-type=\"page\">\n\t\t\t\t<div class=\"elementor-element elementor-element-feed78d e-con-full e-flex e-con e-parent\" data-id=\"feed78d\" data-element_type=\"container\">\n\t\t\t\t<div class=\"elementor-element elementor-element-61285ac elementor-widget elementor-widget-heading\" data-id=\"61285ac\" data-element_type=\"widget\" data-widget_type=\"heading.default\">\n\t\t\t\t<div class=\"elementor-widget-container\">\n\t\t\t\t\t<h3 class=\"elementor-heading-title elementor-size-default\">Casinos de Pennsylvanie avec sweepstake<\/h3>\t\t\t\t<\/div>\n\t\t\t\t<\/div>\n\t\t\t\t<div class=\"elementor-element elementor-element-d2600d4 elementor-widget elementor-widget-text-editor\" data-id=\"d2600d4\" data-element_type=\"widget\" data-widget_type=\"text-editor.default\">\n\t\t\t\t<div class=\"elementor-widget-container\">\n\t\t\t\t\t\t\t\t\t<p>Les casinos \u00e0 sweepstake de Pennsylvanie sont dans les limbes apr\u00e8s que le PGCB (Pennsylvania Gaming Control Board) a adress\u00e9 une notification \u00e0 18 op\u00e9rateurs de sweepstake en activit\u00e9.  <\/p>\n<p><img decoding=\"async\" class=\"alignnone size-medium wp-image-14813\" src=\"https:\/\/casinoreturn.com\/wp-content\/uploads\/2025\/10\/Sweep-stake-casino-return-300x166.jpg\" alt=\"Sweep stake casino return\" width=\"300\" height=\"166\" srcset=\"https:\/\/casinoreturn.com\/wp-content\/uploads\/2025\/10\/Sweep-stake-casino-return-300x166.jpg 300w, https:\/\/casinoreturn.com\/wp-content\/uploads\/2025\/10\/Sweep-stake-casino-return-768x424.jpg 768w, https:\/\/casinoreturn.com\/wp-content\/uploads\/2025\/10\/Sweep-stake-casino-return.jpg 906w\" sizes=\"(max-width: 300px) 100vw, 300px\" \/><\/p>\n<p>En avril 2025, les personnes concern\u00e9es ont re\u00e7u une lettre de cessation et de d\u00e9sistement pour leurs activit\u00e9s en Pennsylvanie. De nombreux op\u00e9rateurs ont d\u00e9j\u00e0 mis fin \u00e0 leur offre aux r\u00e9sidents et cess\u00e9 leurs activit\u00e9s. Les porte-parole du PGCB consid\u00e8rent que les casinos \u00e0 sweepstake sont ill\u00e9gaux et ont adopt\u00e9 une position plus ferme pour faire respecter l&rsquo;annonce.  <\/p>\n<p><strong>Dans cet article  <\/strong><\/p>\n<ul>\n<li><a href=\"https:\/\/casinoreturn.com\/fr\/casinos-de-pennsylvanie-avec-sweepstake\/#legal\">Les paris sportifs sont-ils l\u00e9gaux en Pennsylvanie ?<\/a><\/li>\n<li>Les op\u00e9rateurs de t\u00e9l\u00e9phonie mobile proposent des paris sportifs en Pennsylvanie<\/li>\n<li><a href=\"https:\/\/casinoreturn.com\/pennsylvania-sweepstake#list\">Liste des casinos en Pennsylvanie  <\/a><\/li>\n<li><a href=\"https:\/\/casinoreturn.com\/pennsylvania-sweepstake#real\">Puis-je jouer avec de l&rsquo;argent r\u00e9el en Pennsylvanie ?<\/a><\/li>\n<li><a href=\"https:\/\/casinoreturn.com\/pennsylvania-sweepstake#faq\">FAQs Casinos \u00e0 sweepstake en Pennsylvanie  <\/a><\/li>\n<\/ul>\n<p><img decoding=\"async\" class=\"alignnone wp-image-15387\" src=\"https:\/\/casinoreturn.com\/wp-content\/uploads\/2025\/10\/Pennsylvania-Sweepstake-Casinos-300x215.jpg\" alt=\"Casinos de Pennsylvanie avec sweepstake\" width=\"250\" height=\"179\" srcset=\"https:\/\/casinoreturn.com\/wp-content\/uploads\/2025\/10\/Pennsylvania-Sweepstake-Casinos-300x215.jpg 300w, https:\/\/casinoreturn.com\/wp-content\/uploads\/2025\/10\/Pennsylvania-Sweepstake-Casinos-768x549.jpg 768w, https:\/\/casinoreturn.com\/wp-content\/uploads\/2025\/10\/Pennsylvania-Sweepstake-Casinos.jpg 800w\" sizes=\"(max-width: 250px) 100vw, 250px\" \/><\/p>\n\t\t\t\t\t\t\t\t<\/div>\n\t\t\t\t<\/div>\n\t\t\t\t<div class=\"elementor-element elementor-element-3291067 elementor-widget elementor-widget-heading\" data-id=\"3291067\" data-element_type=\"widget\" id=\"legal\" data-widget_type=\"heading.default\">\n\t\t\t\t<div class=\"elementor-widget-container\">\n\t\t\t\t\t<h3 class=\"elementor-heading-title elementor-size-default\">Les paris sportifs sont-ils l\u00e9gaux en Pennsylvanie ?  <\/h3>\t\t\t\t<\/div>\n\t\t\t\t<\/div>\n\t\t\t\t<div class=\"elementor-element elementor-element-5ef6b05 elementor-widget elementor-widget-text-editor\" data-id=\"5ef6b05\" data-element_type=\"widget\" data-widget_type=\"text-editor.default\">\n\t\t\t\t<div class=\"elementor-widget-container\">\n\t\t\t\t\t\t\t\t\t<p>Les paris sportifs en Pennsylvanie sont l\u00e9gaux et r\u00e9glement\u00e9s par le PGCB, The Pennsylvania Gaming Control Board depuis 2017, en vertu du House Bill 271. Pour obtenir une licence lui permettant de g\u00e9rer des op\u00e9rations de paris sportifs au d\u00e9tail et sur t\u00e9l\u00e9phone portable, une marque doit demander un certificat de paris sportifs au PGCB lui-m\u00eame et payer une lourde redevance de 10 millions de dollars am\u00e9ricains. Les taxes s&rsquo;\u00e9l\u00e8vent \u00e0 36 %, ce qui explique en grande partie pourquoi seule une douzaine de marques poss\u00e8dent la licence.  <\/p>\n<p>Mais il y a des restrictions. La Pennsylvanie n&rsquo;autorise PAS les paris sur les \u00e9coles secondaires, comme d&rsquo;autres \u00c9tats am\u00e9ricains d&rsquo;ailleurs. Il en va de m\u00eame pour les \u00e9v\u00e9nements sportifs universitaires qui se d\u00e9roulent sur le territoire national.  <\/p>\n<p>Une restriction se distingue des autres : les paris politiques. C&rsquo;est interdit en Pennsylvanie.  <\/p>\n<p>Pour l&rsquo;instant, les paris sportifs en ligne sont \u00e9galement exclus de la loi et de l&rsquo;autorit\u00e9 du PGCB.  <\/p>\n<h4>Op\u00e9rateurs de t\u00e9l\u00e9phonie mobile proposant des paris sportifs en Pennsylvanie<\/h4>\n<ul>\n<li>FanDuel, licenci\u00e9 depuis 2021, Marque de confiance, marque de paris sportifs r\u00e9put\u00e9e<\/li>\n<li>DraftKings, licenci\u00e9 depuis 2020, op\u00e9rateur am\u00e9ricain avec un grand nombre d&rsquo;adeptes<\/li>\n<li>BetMGM, licenci\u00e9 depuis 2020, dans le top 5 des plus grands acteurs aux USA<\/li>\n<li>bet365, sous licence depuis 2025, la r\u00e9ponse europ\u00e9enne \u00e0 Fanduel et Co.<\/li>\n<li>Pala Interactive, titulaire d&rsquo;une licence depuis 2022, op\u00e9rateur de taille moyenne en Pennsylvanie<\/li>\n<li>UniBet, approuv\u00e9 pour les casinos et les paris sportifs<\/li>\n<li>SBTech Malta Ltd, plateforme pour les marques proposant des paris sportifs  <\/li>\n<li>American Wagering, en attente d&rsquo;approbation<\/li>\n<\/ul>\n\t\t\t\t\t\t\t\t<\/div>\n\t\t\t\t<\/div>\n\t\t\t\t<div class=\"elementor-element elementor-element-35f12d6 elementor-widget elementor-widget-heading\" data-id=\"35f12d6\" data-element_type=\"widget\" id=\"list\" data-widget_type=\"heading.default\">\n\t\t\t\t<div class=\"elementor-widget-container\">\n\t\t\t\t\t<h3 class=\"elementor-heading-title elementor-size-default\">Liste des casinos en Pennsylvanie<\/h3>\t\t\t\t<\/div>\n\t\t\t\t<\/div>\n\t\t\t\t<div class=\"elementor-element elementor-element-7dcb10b elementor-view-default elementor-widget elementor-widget-icon\" data-id=\"7dcb10b\" data-element_type=\"widget\" data-widget_type=\"icon.default\">\n\t\t\t\t<div class=\"elementor-widget-container\">\n\t\t\t\t\t\t\t<div class=\"elementor-icon-wrapper\">\n\t\t\t<div class=\"elementor-icon\">\n\t\t\t<i aria-hidden=\"true\" class=\"fas fa-star\"><\/i>\t\t\t<\/div>\n\t\t<\/div>\n\t\t\t\t\t\t<\/div>\n\t\t\t\t<\/div>\n\t\t\t\t<div class=\"elementor-element elementor-element-eb36c18 elementor-widget elementor-widget-text-editor\" data-id=\"eb36c18\" data-element_type=\"widget\" data-widget_type=\"text-editor.default\">\n\t\t\t\t<div class=\"elementor-widget-container\">\n\t\t\t\t\t\t\t\t\t<h4>Bet365 paris sportifs  <\/h4>\n<ul>\n<li>100% Bonus de bienvenue jusqu&rsquo;\u00e0 1000$ + 500 Spins<\/li>\n<li>D\u00e9p\u00f4t minimum 10 USD  <\/li>\n<li>Mise faible de 25 fois seulement<\/li>\n<li>L&rsquo;une des meilleures applications de paris sportifs disponibles<\/li>\n<li> <\/li>\n<\/ul>\n\t\t\t\t\t\t\t\t<\/div>\n\t\t\t\t<\/div>\n\t\t\t\t<div class=\"elementor-element elementor-element-da802c6 elementor-align-center elementor-widget elementor-widget-button\" data-id=\"da802c6\" data-element_type=\"widget\" data-widget_type=\"button.default\">\n\t\t\t\t<div class=\"elementor-widget-container\">\n\t\t\t\t\t\t\t\t\t<div class=\"elementor-button-wrapper\">\n\t\t\t\t\t<a class=\"elementor-button elementor-button-link elementor-size-sm\" href=\"#\">\n\t\t\t\t\t\t<span class=\"elementor-button-content-wrapper\">\n\t\t\t\t\t\t\t\t\t<span class=\"elementor-button-text\">R\u00e9clamez ici pour Bet365  <\/span>\n\t\t\t\t\t<\/span>\n\t\t\t\t\t<\/a>\n\t\t\t\t<\/div>\n\t\t\t\t\t\t\t\t<\/div>\n\t\t\t\t<\/div>\n\t\t\t\t<div class=\"elementor-element elementor-element-ff1e285 elementor-widget elementor-widget-heading\" data-id=\"ff1e285\" data-element_type=\"widget\" id=\"real\" data-widget_type=\"heading.default\">\n\t\t\t\t<div class=\"elementor-widget-container\">\n\t\t\t\t\t<h3 class=\"elementor-heading-title elementor-size-default\">Puis-je jouer avec de l'argent r\u00e9el en Pennsylvanie ?<\/h3>\t\t\t\t<\/div>\n\t\t\t\t<\/div>\n\t\t\t\t<div class=\"elementor-element elementor-element-f23df3a elementor-widget elementor-widget-text-editor\" data-id=\"f23df3a\" data-element_type=\"widget\" data-widget_type=\"text-editor.default\">\n\t\t\t\t<div class=\"elementor-widget-container\">\n\t\t\t\t\t\t\t\t\t<p>Oui, les r\u00e9sidents de Pennsylvanie peuvent jouer avec de l&rsquo;argent r\u00e9el dans les casinos. L&rsquo;\u00e2ge minimum est de 21 ans et plus. Nous avons dress\u00e9 une liste des casinos terrestres actuels en Pennsylvanie.  <\/p>\n<p><strong>Casinos terrestres en Pennsylvanie, \u00c9tats-Unis<\/strong><\/p>\n<ul>\n<li>Casino et hippodrome Harrahs PA, Chester<\/li>\n<li>Rivers Casino PA,  <\/li>\n<li>Parx Casino and Racing, Bensalem<\/li>\n<li>En direct ! H\u00f4tel et Casino, PA<\/li>\n<li>Valley Forge Resort, King of Prussia<\/li>\n<li>Hollywood Casino at Penn National Race course, Grantville<\/li>\n<li>Mohegan Sun Pocono, Wilkes-Barre<\/li>\n<li>Lady Luck Casino, Farmington<\/li>\n<\/ul>\n\t\t\t\t\t\t\t\t<\/div>\n\t\t\t\t<\/div>\n\t\t\t\t<div class=\"elementor-element elementor-element-f9f4919 elementor-widget elementor-widget-heading\" data-id=\"f9f4919\" data-element_type=\"widget\" id=\"faq\" data-widget_type=\"heading.default\">\n\t\t\t\t<div class=\"elementor-widget-container\">\n\t\t\t\t\t<h3 class=\"elementor-heading-title elementor-size-default\">FAQs Casinos \u00e0 sweepstake en Pennsylvanie<\/h3>\t\t\t\t<\/div>\n\t\t\t\t<\/div>\n\t\t\t\t<div class=\"elementor-element elementor-element-3f14f5d elementor-widget elementor-widget-elementskit-faq\" data-id=\"3f14f5d\" data-element_type=\"widget\" data-widget_type=\"elementskit-faq.default\">\n\t\t\t\t<div class=\"elementor-widget-container\">\n\t\t\t\t\t<div class=\"ekit-wid-con\" >\n                <div class=\"elementskit-single-faq elementor-repeater-item-f98fd40\">\n            <div class=\"elementskit-faq-header\">\n                <h2 class=\"elementskit-faq-title\">Are Social Casinos legal in PA?<\/h2>\n            <\/div>\n            <div class=\"elementskit-faq-body\">\n                Social casinos offering sweepstakes promotions were prohibited in April 2025 by the PGCB. Those operators were deemed illegal and therefore faced a shutdown. 18 known brands received a letter of cease-and-desist from the board            <\/div>\n        <\/div>\n                <div class=\"elementskit-single-faq elementor-repeater-item-dde268b\">\n            <div class=\"elementskit-faq-header\">\n                <h2 class=\"elementskit-faq-title\">Which legal casinos can I visit in PA?<\/h2>\n            <\/div>\n            <div class=\"elementskit-faq-body\">\n                Player of the age of 21+ are allowed to visit land-based casinos. The PCGB also issues licences to Online Casinos, Mobile Sports Betting operators, Online Poker, and Fantasy sports.            <\/div>\n        <\/div>\n                <div class=\"elementskit-single-faq elementor-repeater-item-525abea\">\n            <div class=\"elementskit-faq-header\">\n                <h2 class=\"elementskit-faq-title\">Can I bet on Colleague Football in PA?<\/h2>\n            <\/div>\n            <div class=\"elementskit-faq-body\">\n                The answer is NO, you can't. \n\nBetting on High school events are illegal \nBetting on Colleague events are illegal\nBetting on Politics are illegal\neSports Betting is illegal             <\/div>\n        <\/div>\n                \n    <\/div>\t\t\t\t<\/div>\n\t\t\t\t<\/div>\n\t\t\t\t<\/div>\n\t\t\t\t<\/div>\n\t\t","protected":false},"excerpt":{"rendered":"<p>Casinos de Pennsylvanie avec sweepstake Les casinos \u00e0 sweepstake de Pennsylvanie sont dans les limbes apr\u00e8s que le PGCB (Pennsylvania Gaming Control Board) a adress\u00e9 une notification \u00e0 18 op\u00e9rateurs de sweepstake en activit\u00e9. En avril 2025, les personnes concern\u00e9es ont re\u00e7u une lettre de cessation et de d\u00e9sistement pour leurs activit\u00e9s en Pennsylvanie. De [&hellip;]<\/p>\n","protected":false},"author":1,"featured_media":15389,"parent":0,"menu_order":0,"comment_status":"closed","ping_status":"closed","template":"","meta":{"footnotes":""},"class_list":["post-16065","page","type-page","status-publish","has-post-thumbnail","hentry"],"blocksy_meta":[],"acf":[],"yoast_head":"<!-- This site is optimized with the Yoast SEO plugin v24.1 - https:\/\/yoast.com\/wordpress\/plugins\/seo\/ -->\n<title>Casinos de Pennsylvanie avec sweepstake - casinoreturn<\/title>\n<meta name=\"description\" content=\"Les casinos \u00e0 sweepstake de Pennsylvanie sous la loupe de la commission de contr\u00f4le des jeux. 18 op\u00e9rateurs de loteries ont \u00e9t\u00e9 mis en demeure de retirer leur marque.\" \/>\n<meta name=\"robots\" content=\"index, follow, max-snippet:-1, max-image-preview:large, max-video-preview:-1\" \/>\n<link rel=\"canonical\" href=\"https:\/\/casinoreturn.com\/fr\/casinos-de-pennsylvanie-avec-sweepstake\/\" \/>\n<meta property=\"og:locale\" content=\"fr_FR\" \/>\n<meta property=\"og:type\" content=\"article\" \/>\n<meta property=\"og:title\" content=\"Casinos de Pennsylvanie avec sweepstake - casinoreturn\" \/>\n<meta property=\"og:description\" content=\"Les casinos \u00e0 sweepstake de Pennsylvanie sous la loupe de la commission de contr\u00f4le des jeux. 18 op\u00e9rateurs de loteries ont \u00e9t\u00e9 mis en demeure de retirer leur marque.\" \/>\n<meta property=\"og:url\" content=\"https:\/\/casinoreturn.com\/fr\/casinos-de-pennsylvanie-avec-sweepstake\/\" \/>\n<meta property=\"og:site_name\" content=\"casinoreturn\" \/>\n<meta property=\"article:modified_time\" content=\"2025-10-31T14:38:40+00:00\" \/>\n<meta property=\"og:image\" content=\"https:\/\/casinoreturn.com\/wp-content\/uploads\/2025\/10\/Pennsylvania-Sweepstake-Casinos.jpg\" \/>\n\t<meta property=\"og:image:width\" content=\"800\" \/>\n\t<meta property=\"og:image:height\" content=\"572\" \/>\n\t<meta property=\"og:image:type\" content=\"image\/jpeg\" \/>\n<meta name=\"twitter:card\" content=\"summary_large_image\" \/>\n<meta name=\"twitter:label1\" content=\"Dur\u00e9e de lecture estim\u00e9e\" \/>\n\t<meta name=\"twitter:data1\" content=\"3 minutes\" \/>\n<script type=\"application\/ld+json\" class=\"yoast-schema-graph\">{\"@context\":\"https:\/\/schema.org\",\"@graph\":[{\"@type\":\"WebPage\",\"@id\":\"https:\/\/casinoreturn.com\/fr\/casinos-de-pennsylvanie-avec-sweepstake\/\",\"url\":\"https:\/\/casinoreturn.com\/fr\/casinos-de-pennsylvanie-avec-sweepstake\/\",\"name\":\"Casinos de Pennsylvanie avec sweepstake - casinoreturn\",\"isPartOf\":{\"@id\":\"https:\/\/casinoreturn.com\/#website\"},\"primaryImageOfPage\":{\"@id\":\"https:\/\/casinoreturn.com\/fr\/casinos-de-pennsylvanie-avec-sweepstake\/#primaryimage\"},\"image\":{\"@id\":\"https:\/\/casinoreturn.com\/fr\/casinos-de-pennsylvanie-avec-sweepstake\/#primaryimage\"},\"thumbnailUrl\":\"https:\/\/casinoreturn.com\/wp-content\/uploads\/2025\/10\/Pennsylvania-Sweepstake-Casinos.jpg\",\"datePublished\":\"2025-10-15T10:15:30+00:00\",\"dateModified\":\"2025-10-31T14:38:40+00:00\",\"description\":\"Les casinos \u00e0 sweepstake de Pennsylvanie sous la loupe de la commission de contr\u00f4le des jeux. 18 op\u00e9rateurs de loteries ont \u00e9t\u00e9 mis en demeure de retirer leur marque.\",\"breadcrumb\":{\"@id\":\"https:\/\/casinoreturn.com\/fr\/casinos-de-pennsylvanie-avec-sweepstake\/#breadcrumb\"},\"inLanguage\":\"fr-FR\",\"potentialAction\":[{\"@type\":\"ReadAction\",\"target\":[\"https:\/\/casinoreturn.com\/fr\/casinos-de-pennsylvanie-avec-sweepstake\/\"]}]},{\"@type\":\"ImageObject\",\"inLanguage\":\"fr-FR\",\"@id\":\"https:\/\/casinoreturn.com\/fr\/casinos-de-pennsylvanie-avec-sweepstake\/#primaryimage\",\"url\":\"https:\/\/casinoreturn.com\/wp-content\/uploads\/2025\/10\/Pennsylvania-Sweepstake-Casinos.jpg\",\"contentUrl\":\"https:\/\/casinoreturn.com\/wp-content\/uploads\/2025\/10\/Pennsylvania-Sweepstake-Casinos.jpg\",\"width\":800,\"height\":572,\"caption\":\"Pennsylvania Sweepstake Casinos\"},{\"@type\":\"BreadcrumbList\",\"@id\":\"https:\/\/casinoreturn.com\/fr\/casinos-de-pennsylvanie-avec-sweepstake\/#breadcrumb\",\"itemListElement\":[{\"@type\":\"ListItem\",\"position\":1,\"name\":\"Home\",\"item\":\"https:\/\/casinoreturn.com\/fr\/home\/\"},{\"@type\":\"ListItem\",\"position\":2,\"name\":\"Casinos de Pennsylvanie avec sweepstake\"}]},{\"@type\":\"WebSite\",\"@id\":\"https:\/\/casinoreturn.com\/#website\",\"url\":\"https:\/\/casinoreturn.com\/\",\"name\":\"casinoreturn\",\"description\":\"\",\"publisher\":{\"@id\":\"https:\/\/casinoreturn.com\/#organization\"},\"potentialAction\":[{\"@type\":\"SearchAction\",\"target\":{\"@type\":\"EntryPoint\",\"urlTemplate\":\"https:\/\/casinoreturn.com\/?s={search_term_string}\"},\"query-input\":{\"@type\":\"PropertyValueSpecification\",\"valueRequired\":true,\"valueName\":\"search_term_string\"}}],\"inLanguage\":\"fr-FR\"},{\"@type\":\"Organization\",\"@id\":\"https:\/\/casinoreturn.com\/#organization\",\"name\":\"casinoreturn\",\"url\":\"https:\/\/casinoreturn.com\/\",\"logo\":{\"@type\":\"ImageObject\",\"inLanguage\":\"fr-FR\",\"@id\":\"https:\/\/casinoreturn.com\/#\/schema\/logo\/image\/\",\"url\":\"https:\/\/casinoreturn.com\/wp-content\/uploads\/2024\/09\/animal-favicon.png\",\"contentUrl\":\"https:\/\/casinoreturn.com\/wp-content\/uploads\/2024\/09\/animal-favicon.png\",\"width\":92,\"height\":92,\"caption\":\"casinoreturn\"},\"image\":{\"@id\":\"https:\/\/casinoreturn.com\/#\/schema\/logo\/image\/\"}}]}<\/script>\n<!-- \/ Yoast SEO plugin. -->","yoast_head_json":{"title":"Casinos de Pennsylvanie avec sweepstake - casinoreturn","description":"Les casinos \u00e0 sweepstake de Pennsylvanie sous la loupe de la commission de contr\u00f4le des jeux. 18 op\u00e9rateurs de loteries ont \u00e9t\u00e9 mis en demeure de retirer leur marque.","robots":{"index":"index","follow":"follow","max-snippet":"max-snippet:-1","max-image-preview":"max-image-preview:large","max-video-preview":"max-video-preview:-1"},"canonical":"https:\/\/casinoreturn.com\/fr\/casinos-de-pennsylvanie-avec-sweepstake\/","og_locale":"fr_FR","og_type":"article","og_title":"Casinos de Pennsylvanie avec sweepstake - casinoreturn","og_description":"Les casinos \u00e0 sweepstake de Pennsylvanie sous la loupe de la commission de contr\u00f4le des jeux. 18 op\u00e9rateurs de loteries ont \u00e9t\u00e9 mis en demeure de retirer leur marque.","og_url":"https:\/\/casinoreturn.com\/fr\/casinos-de-pennsylvanie-avec-sweepstake\/","og_site_name":"casinoreturn","article_modified_time":"2025-10-31T14:38:40+00:00","og_image":[{"width":800,"height":572,"url":"https:\/\/casinoreturn.com\/wp-content\/uploads\/2025\/10\/Pennsylvania-Sweepstake-Casinos.jpg","type":"image\/jpeg"}],"twitter_card":"summary_large_image","twitter_misc":{"Dur\u00e9e de lecture estim\u00e9e":"3 minutes"},"schema":{"@context":"https:\/\/schema.org","@graph":[{"@type":"WebPage","@id":"https:\/\/casinoreturn.com\/fr\/casinos-de-pennsylvanie-avec-sweepstake\/","url":"https:\/\/casinoreturn.com\/fr\/casinos-de-pennsylvanie-avec-sweepstake\/","name":"Casinos de Pennsylvanie avec sweepstake - casinoreturn","isPartOf":{"@id":"https:\/\/casinoreturn.com\/#website"},"primaryImageOfPage":{"@id":"https:\/\/casinoreturn.com\/fr\/casinos-de-pennsylvanie-avec-sweepstake\/#primaryimage"},"image":{"@id":"https:\/\/casinoreturn.com\/fr\/casinos-de-pennsylvanie-avec-sweepstake\/#primaryimage"},"thumbnailUrl":"https:\/\/casinoreturn.com\/wp-content\/uploads\/2025\/10\/Pennsylvania-Sweepstake-Casinos.jpg","datePublished":"2025-10-15T10:15:30+00:00","dateModified":"2025-10-31T14:38:40+00:00","description":"Les casinos \u00e0 sweepstake de Pennsylvanie sous la loupe de la commission de contr\u00f4le des jeux. 18 op\u00e9rateurs de loteries ont \u00e9t\u00e9 mis en demeure de retirer leur marque.","breadcrumb":{"@id":"https:\/\/casinoreturn.com\/fr\/casinos-de-pennsylvanie-avec-sweepstake\/#breadcrumb"},"inLanguage":"fr-FR","potentialAction":[{"@type":"ReadAction","target":["https:\/\/casinoreturn.com\/fr\/casinos-de-pennsylvanie-avec-sweepstake\/"]}]},{"@type":"ImageObject","inLanguage":"fr-FR","@id":"https:\/\/casinoreturn.com\/fr\/casinos-de-pennsylvanie-avec-sweepstake\/#primaryimage","url":"https:\/\/casinoreturn.com\/wp-content\/uploads\/2025\/10\/Pennsylvania-Sweepstake-Casinos.jpg","contentUrl":"https:\/\/casinoreturn.com\/wp-content\/uploads\/2025\/10\/Pennsylvania-Sweepstake-Casinos.jpg","width":800,"height":572,"caption":"Pennsylvania Sweepstake Casinos"},{"@type":"BreadcrumbList","@id":"https:\/\/casinoreturn.com\/fr\/casinos-de-pennsylvanie-avec-sweepstake\/#breadcrumb","itemListElement":[{"@type":"ListItem","position":1,"name":"Home","item":"https:\/\/casinoreturn.com\/fr\/home\/"},{"@type":"ListItem","position":2,"name":"Casinos de Pennsylvanie avec sweepstake"}]},{"@type":"WebSite","@id":"https:\/\/casinoreturn.com\/#website","url":"https:\/\/casinoreturn.com\/","name":"casinoreturn","description":"","publisher":{"@id":"https:\/\/casinoreturn.com\/#organization"},"potentialAction":[{"@type":"SearchAction","target":{"@type":"EntryPoint","urlTemplate":"https:\/\/casinoreturn.com\/?s={search_term_string}"},"query-input":{"@type":"PropertyValueSpecification","valueRequired":true,"valueName":"search_term_string"}}],"inLanguage":"fr-FR"},{"@type":"Organization","@id":"https:\/\/casinoreturn.com\/#organization","name":"casinoreturn","url":"https:\/\/casinoreturn.com\/","logo":{"@type":"ImageObject","inLanguage":"fr-FR","@id":"https:\/\/casinoreturn.com\/#\/schema\/logo\/image\/","url":"https:\/\/casinoreturn.com\/wp-content\/uploads\/2024\/09\/animal-favicon.png","contentUrl":"https:\/\/casinoreturn.com\/wp-content\/uploads\/2024\/09\/animal-favicon.png","width":92,"height":92,"caption":"casinoreturn"},"image":{"@id":"https:\/\/casinoreturn.com\/#\/schema\/logo\/image\/"}}]}},"_links":{"self":[{"href":"https:\/\/casinoreturn.com\/fr\/wp-json\/wp\/v2\/pages\/16065","targetHints":{"allow":["GET"]}}],"collection":[{"href":"https:\/\/casinoreturn.com\/fr\/wp-json\/wp\/v2\/pages"}],"about":[{"href":"https:\/\/casinoreturn.com\/fr\/wp-json\/wp\/v2\/types\/page"}],"author":[{"embeddable":true,"href":"https:\/\/casinoreturn.com\/fr\/wp-json\/wp\/v2\/users\/1"}],"replies":[{"embeddable":true,"href":"https:\/\/casinoreturn.com\/fr\/wp-json\/wp\/v2\/comments?post=16065"}],"version-history":[{"count":1,"href":"https:\/\/casinoreturn.com\/fr\/wp-json\/wp\/v2\/pages\/16065\/revisions"}],"predecessor-version":[{"id":16066,"href":"https:\/\/casinoreturn.com\/fr\/wp-json\/wp\/v2\/pages\/16065\/revisions\/16066"}],"wp:featuredmedia":[{"embeddable":true,"href":"https:\/\/casinoreturn.com\/fr\/wp-json\/wp\/v2\/media\/15389"}],"wp:attachment":[{"href":"https:\/\/casinoreturn.com\/fr\/wp-json\/wp\/v2\/media?parent=16065"}],"curies":[{"name":"wp","href":"https:\/\/api.w.org\/{rel}","templated":true}]}}