{"id":16083,"date":"2025-10-13T09:37:50","date_gmt":"2025-10-13T09:37:50","guid":{"rendered":"https:\/\/casinoreturn.com\/la-californie-interdit-les-jeux-sociaux-a-sweepstake\/"},"modified":"2025-10-31T14:50:26","modified_gmt":"2025-10-31T14:50:26","slug":"la-californie-interdit-les-jeux-sociaux-a-sweepstake","status":"publish","type":"page","link":"https:\/\/casinoreturn.com\/fr\/la-californie-interdit-les-jeux-sociaux-a-sweepstake\/","title":{"rendered":"La Californie interdit les jeux sociaux \u00e0 sweepstake"},"content":{"rendered":"\t\t<div data-elementor-type=\"wp-page\" data-elementor-id=\"16083\" class=\"elementor elementor-16083\" data-elementor-post-type=\"page\">\n\t\t\t\t<div class=\"elementor-element elementor-element-172e2b4 e-con-full e-flex e-con e-parent\" data-id=\"172e2b4\" data-element_type=\"container\">\n\t\t\t\t<div class=\"elementor-element elementor-element-5c497a3 elementor-widget elementor-widget-text-editor\" data-id=\"5c497a3\" data-element_type=\"widget\" data-widget_type=\"text-editor.default\">\n\t\t\t\t<div class=\"elementor-widget-container\">\n\t\t\t\t\t\t\t\t\t<p><strong>La Californie interdit les jeux sociaux \u00e0 sweepstake<\/strong> dans le but de limiter la l\u00e9gislation sur les jeux \u00e0 sweepstake et la mani\u00e8re de d\u00e9finir et de r\u00e9glementer les jeux sociaux. La Californie, l&rsquo;un des plus grands \u00c9tats des \u00c9tats-Unis, est sur le point de perdre des recettes fiscales estim\u00e9es \u00e0 200-300 millions d&rsquo;euros par an. R\u00e9duire le budget de l&rsquo;\u00c9tat dans une certaine mesure.  <\/p>\n<p><img decoding=\"async\" class=\"alignnone size-medium wp-image-14813\" src=\"https:\/\/casinoreturn.com\/wp-content\/uploads\/2025\/10\/Sweep-stake-casino-return-300x166.jpg\" alt=\"Sweep stake casino return\" width=\"300\" height=\"166\" srcset=\"https:\/\/casinoreturn.com\/wp-content\/uploads\/2025\/10\/Sweep-stake-casino-return-300x166.jpg 300w, https:\/\/casinoreturn.com\/wp-content\/uploads\/2025\/10\/Sweep-stake-casino-return-768x424.jpg 768w, https:\/\/casinoreturn.com\/wp-content\/uploads\/2025\/10\/Sweep-stake-casino-return.jpg 906w\" sizes=\"(max-width: 300px) 100vw, 300px\" \/><\/p>\n<h5><strong>Que s&rsquo;est-il pass\u00e9 ?<\/strong><\/h5>\n<p>Le gouverneur de Californie, Gavin Newson, a sign\u00e9 le projet de loi AB 831 interdisant la promotion de loteries dans les casinos ou jeux sociaux en ligne. Bien qu&rsquo;elle ait \u00e9t\u00e9 adopt\u00e9e par le S\u00e9nat et l&rsquo;Assembl\u00e9e de Californie, cette mesure a suscit\u00e9 des critiques de la part de divers groupes. <strong>La SGLA (Social Gaming Leadership Alliance) <\/strong><b>craint que la d\u00e9cision d&rsquo;interdire purement et simplement les jeux ne comprime encore davantage le tissu \u00e9conomique. <\/b> <\/p>\n<p>Plusieurs nations tribales, dont la nation Kletsel Dehe Wintun, la Sherwood Valley Rancheria of Pomo Indians, la tribu indienne Mechoopda of Chico Rancheria et la Big Lagoon Rancheria, s&rsquo;y sont fermement oppos\u00e9es, arguant que cette mesure porte atteinte \u00e0 leur souverainet\u00e9 tribale.<\/p>\n<p><img fetchpriority=\"high\" decoding=\"async\" class=\"alignnone size-medium wp-image-15259\" src=\"https:\/\/casinoreturn.com\/wp-content\/uploads\/2025\/10\/California-bans-sweepstake-games-300x200.jpg\" alt=\"La Californie interdit les sweepstakes\" width=\"300\" height=\"200\" srcset=\"https:\/\/casinoreturn.com\/wp-content\/uploads\/2025\/10\/California-bans-sweepstake-games-300x200.jpg 300w, https:\/\/casinoreturn.com\/wp-content\/uploads\/2025\/10\/California-bans-sweepstake-games.jpg 540w\" sizes=\"(max-width: 300px) 100vw, 300px\" \/><\/p>\n<h4><strong>Quel r\u00f4le jouent les groupes tribaux en Californie ?<\/strong><\/h4>\n<p>Pour et contre au sein des tribus. La plupart des tribus ont soutenu l&rsquo;interdiction de l&rsquo;AB 831 et ont estim\u00e9 que les plateformes de sweepstake, telles qu&rsquo;elles fonctionnent actuellement, affaiblissaient leur r\u00f4le dans l&rsquo;entreprise. De nombreuses tribus ont une sorte de monopole sur certains jeux, et les loteries offrent une \u00e9chappatoire pour les contourner.  <\/p>\n<p>Les petits groupes tribaux s&rsquo;y opposent, estimant que cette mesure exclut les joueurs d&rsquo;un environnement num\u00e9rique s\u00fbr.  <\/p>\n\t\t\t\t\t\t\t\t<\/div>\n\t\t\t\t<\/div>\n\t\t\t\t<div class=\"elementor-element elementor-element-a775097 elementor-widget elementor-widget-heading\" data-id=\"a775097\" data-element_type=\"widget\" data-widget_type=\"heading.default\">\n\t\t\t\t<div class=\"elementor-widget-container\">\n\t\t\t\t\t<h3 class=\"elementor-heading-title elementor-size-default\">FAQs Californie Promotions par sweepstake<\/h3>\t\t\t\t<\/div>\n\t\t\t\t<\/div>\n\t\t\t\t<div class=\"elementor-element elementor-element-b4c262a elementor-widget elementor-widget-elementskit-faq\" data-id=\"b4c262a\" data-element_type=\"widget\" data-widget_type=\"elementskit-faq.default\">\n\t\t\t\t<div class=\"elementor-widget-container\">\n\t\t\t\t\t<div class=\"ekit-wid-con\" >\n                <div class=\"elementskit-single-faq elementor-repeater-item-81a9b52\">\n            <div class=\"elementskit-faq-header\">\n                <h2 class=\"elementskit-faq-title\">Economic value of casino in California<\/h2>\n            <\/div>\n            <div class=\"elementskit-faq-body\">\n                There is a strong argument amongst tribals , arguing that the bill was closing loopholes allowing sweepstake casinos to run their platform like online casinos. Tribes games contribute with tens of billions in taxing revenue to the economy in California. \nThe constitution is allowing tribes to run land based sweepstakes casinos with real money input. This right on their own lands is violated and sovereignty is cut, some argue.             <\/div>\n        <\/div>\n                <div class=\"elementskit-single-faq elementor-repeater-item-24a311f\">\n            <div class=\"elementskit-faq-header\">\n                <h2 class=\"elementskit-faq-title\">What is the next step for Sweepstake casinos in California? <\/h2>\n            <\/div>\n            <div class=\"elementskit-faq-body\">\n                With the AB 831 Bill signed by Governor Gavin Newson, the effect on the ban will start 1st January 2026. \nTribals and land-based casinos have time to oppose the bill, and claim their sovereignty. However, it is more likely and feasible, that operators need to come up with ways to implement new ways to entertain via sweepstake casinos. Partnerships need to be altered for some, but for land-based tribal Casios, competition in revenue with disappear.             <\/div>\n        <\/div>\n                \n    <\/div>\t\t\t\t<\/div>\n\t\t\t\t<\/div>\n\t\t\t\t<\/div>\n\t\t\t\t<\/div>\n\t\t","protected":false},"excerpt":{"rendered":"<p>La Californie interdit les jeux sociaux \u00e0 sweepstake dans le but de limiter la l\u00e9gislation sur les jeux \u00e0 sweepstake et la mani\u00e8re de d\u00e9finir et de r\u00e9glementer les jeux sociaux. La Californie, l&rsquo;un des plus grands \u00c9tats des \u00c9tats-Unis, est sur le point de perdre des recettes fiscales estim\u00e9es \u00e0 200-300 millions d&rsquo;euros par [&hellip;]<\/p>\n","protected":false},"author":1,"featured_media":15261,"parent":0,"menu_order":0,"comment_status":"closed","ping_status":"closed","template":"","meta":{"footnotes":""},"class_list":["post-16083","page","type-page","status-publish","has-post-thumbnail","hentry"],"blocksy_meta":[],"acf":[],"yoast_head":"<!-- This site is optimized with the Yoast SEO plugin v24.1 - https:\/\/yoast.com\/wordpress\/plugins\/seo\/ -->\n<title>La Californie interdit les jeux sociaux \u00e0 sweepstake - casinoreturn<\/title>\n<meta name=\"description\" content=\"La Californie interdit les jeux et les promotions sociales de type sweepstake. Le projet de loi est controvers\u00e9 et suscite l&#039;opposition des tribus et de la SGLA.\" \/>\n<meta name=\"robots\" content=\"index, follow, max-snippet:-1, max-image-preview:large, max-video-preview:-1\" \/>\n<link rel=\"canonical\" href=\"https:\/\/casinoreturn.com\/fr\/la-californie-interdit-les-jeux-sociaux-a-sweepstake\/\" \/>\n<meta property=\"og:locale\" content=\"fr_FR\" \/>\n<meta property=\"og:type\" content=\"article\" \/>\n<meta property=\"og:title\" content=\"La Californie interdit les jeux sociaux \u00e0 sweepstake - casinoreturn\" \/>\n<meta property=\"og:description\" content=\"La Californie interdit les jeux et les promotions sociales de type sweepstake. Le projet de loi est controvers\u00e9 et suscite l&#039;opposition des tribus et de la SGLA.\" \/>\n<meta property=\"og:url\" content=\"https:\/\/casinoreturn.com\/fr\/la-californie-interdit-les-jeux-sociaux-a-sweepstake\/\" \/>\n<meta property=\"og:site_name\" content=\"casinoreturn\" \/>\n<meta property=\"article:modified_time\" content=\"2025-10-31T14:50:26+00:00\" \/>\n<meta property=\"og:image\" content=\"https:\/\/casinoreturn.com\/wp-content\/uploads\/2025\/10\/California-bans-sweepstake-games.jpg\" \/>\n\t<meta property=\"og:image:width\" content=\"540\" \/>\n\t<meta property=\"og:image:height\" content=\"360\" \/>\n\t<meta property=\"og:image:type\" content=\"image\/jpeg\" \/>\n<meta name=\"twitter:card\" content=\"summary_large_image\" \/>\n<meta name=\"twitter:label1\" content=\"Dur\u00e9e de lecture estim\u00e9e\" \/>\n\t<meta name=\"twitter:data1\" content=\"2 minutes\" \/>\n<script type=\"application\/ld+json\" class=\"yoast-schema-graph\">{\"@context\":\"https:\/\/schema.org\",\"@graph\":[{\"@type\":\"WebPage\",\"@id\":\"https:\/\/casinoreturn.com\/fr\/la-californie-interdit-les-jeux-sociaux-a-sweepstake\/\",\"url\":\"https:\/\/casinoreturn.com\/fr\/la-californie-interdit-les-jeux-sociaux-a-sweepstake\/\",\"name\":\"La Californie interdit les jeux sociaux \u00e0 sweepstake - casinoreturn\",\"isPartOf\":{\"@id\":\"https:\/\/casinoreturn.com\/#website\"},\"primaryImageOfPage\":{\"@id\":\"https:\/\/casinoreturn.com\/fr\/la-californie-interdit-les-jeux-sociaux-a-sweepstake\/#primaryimage\"},\"image\":{\"@id\":\"https:\/\/casinoreturn.com\/fr\/la-californie-interdit-les-jeux-sociaux-a-sweepstake\/#primaryimage\"},\"thumbnailUrl\":\"https:\/\/casinoreturn.com\/wp-content\/uploads\/2025\/10\/California-bans-sweepstake-games.jpg\",\"datePublished\":\"2025-10-13T09:37:50+00:00\",\"dateModified\":\"2025-10-31T14:50:26+00:00\",\"description\":\"La Californie interdit les jeux et les promotions sociales de type sweepstake. Le projet de loi est controvers\u00e9 et suscite l'opposition des tribus et de la SGLA.\",\"breadcrumb\":{\"@id\":\"https:\/\/casinoreturn.com\/fr\/la-californie-interdit-les-jeux-sociaux-a-sweepstake\/#breadcrumb\"},\"inLanguage\":\"fr-FR\",\"potentialAction\":[{\"@type\":\"ReadAction\",\"target\":[\"https:\/\/casinoreturn.com\/fr\/la-californie-interdit-les-jeux-sociaux-a-sweepstake\/\"]}]},{\"@type\":\"ImageObject\",\"inLanguage\":\"fr-FR\",\"@id\":\"https:\/\/casinoreturn.com\/fr\/la-californie-interdit-les-jeux-sociaux-a-sweepstake\/#primaryimage\",\"url\":\"https:\/\/casinoreturn.com\/wp-content\/uploads\/2025\/10\/California-bans-sweepstake-games.jpg\",\"contentUrl\":\"https:\/\/casinoreturn.com\/wp-content\/uploads\/2025\/10\/California-bans-sweepstake-games.jpg\",\"width\":540,\"height\":360,\"caption\":\"California bans sweepstake games\"},{\"@type\":\"BreadcrumbList\",\"@id\":\"https:\/\/casinoreturn.com\/fr\/la-californie-interdit-les-jeux-sociaux-a-sweepstake\/#breadcrumb\",\"itemListElement\":[{\"@type\":\"ListItem\",\"position\":1,\"name\":\"Home\",\"item\":\"https:\/\/casinoreturn.com\/fr\/home\/\"},{\"@type\":\"ListItem\",\"position\":2,\"name\":\"La Californie interdit les jeux sociaux \u00e0 sweepstake\"}]},{\"@type\":\"WebSite\",\"@id\":\"https:\/\/casinoreturn.com\/#website\",\"url\":\"https:\/\/casinoreturn.com\/\",\"name\":\"casinoreturn\",\"description\":\"\",\"publisher\":{\"@id\":\"https:\/\/casinoreturn.com\/#organization\"},\"potentialAction\":[{\"@type\":\"SearchAction\",\"target\":{\"@type\":\"EntryPoint\",\"urlTemplate\":\"https:\/\/casinoreturn.com\/?s={search_term_string}\"},\"query-input\":{\"@type\":\"PropertyValueSpecification\",\"valueRequired\":true,\"valueName\":\"search_term_string\"}}],\"inLanguage\":\"fr-FR\"},{\"@type\":\"Organization\",\"@id\":\"https:\/\/casinoreturn.com\/#organization\",\"name\":\"casinoreturn\",\"url\":\"https:\/\/casinoreturn.com\/\",\"logo\":{\"@type\":\"ImageObject\",\"inLanguage\":\"fr-FR\",\"@id\":\"https:\/\/casinoreturn.com\/#\/schema\/logo\/image\/\",\"url\":\"https:\/\/casinoreturn.com\/wp-content\/uploads\/2024\/09\/animal-favicon.png\",\"contentUrl\":\"https:\/\/casinoreturn.com\/wp-content\/uploads\/2024\/09\/animal-favicon.png\",\"width\":92,\"height\":92,\"caption\":\"casinoreturn\"},\"image\":{\"@id\":\"https:\/\/casinoreturn.com\/#\/schema\/logo\/image\/\"}}]}<\/script>\n<!-- \/ Yoast SEO plugin. -->","yoast_head_json":{"title":"La Californie interdit les jeux sociaux \u00e0 sweepstake - casinoreturn","description":"La Californie interdit les jeux et les promotions sociales de type sweepstake. Le projet de loi est controvers\u00e9 et suscite l'opposition des tribus et de la SGLA.","robots":{"index":"index","follow":"follow","max-snippet":"max-snippet:-1","max-image-preview":"max-image-preview:large","max-video-preview":"max-video-preview:-1"},"canonical":"https:\/\/casinoreturn.com\/fr\/la-californie-interdit-les-jeux-sociaux-a-sweepstake\/","og_locale":"fr_FR","og_type":"article","og_title":"La Californie interdit les jeux sociaux \u00e0 sweepstake - casinoreturn","og_description":"La Californie interdit les jeux et les promotions sociales de type sweepstake. Le projet de loi est controvers\u00e9 et suscite l'opposition des tribus et de la SGLA.","og_url":"https:\/\/casinoreturn.com\/fr\/la-californie-interdit-les-jeux-sociaux-a-sweepstake\/","og_site_name":"casinoreturn","article_modified_time":"2025-10-31T14:50:26+00:00","og_image":[{"width":540,"height":360,"url":"https:\/\/casinoreturn.com\/wp-content\/uploads\/2025\/10\/California-bans-sweepstake-games.jpg","type":"image\/jpeg"}],"twitter_card":"summary_large_image","twitter_misc":{"Dur\u00e9e de lecture estim\u00e9e":"2 minutes"},"schema":{"@context":"https:\/\/schema.org","@graph":[{"@type":"WebPage","@id":"https:\/\/casinoreturn.com\/fr\/la-californie-interdit-les-jeux-sociaux-a-sweepstake\/","url":"https:\/\/casinoreturn.com\/fr\/la-californie-interdit-les-jeux-sociaux-a-sweepstake\/","name":"La Californie interdit les jeux sociaux \u00e0 sweepstake - casinoreturn","isPartOf":{"@id":"https:\/\/casinoreturn.com\/#website"},"primaryImageOfPage":{"@id":"https:\/\/casinoreturn.com\/fr\/la-californie-interdit-les-jeux-sociaux-a-sweepstake\/#primaryimage"},"image":{"@id":"https:\/\/casinoreturn.com\/fr\/la-californie-interdit-les-jeux-sociaux-a-sweepstake\/#primaryimage"},"thumbnailUrl":"https:\/\/casinoreturn.com\/wp-content\/uploads\/2025\/10\/California-bans-sweepstake-games.jpg","datePublished":"2025-10-13T09:37:50+00:00","dateModified":"2025-10-31T14:50:26+00:00","description":"La Californie interdit les jeux et les promotions sociales de type sweepstake. Le projet de loi est controvers\u00e9 et suscite l'opposition des tribus et de la SGLA.","breadcrumb":{"@id":"https:\/\/casinoreturn.com\/fr\/la-californie-interdit-les-jeux-sociaux-a-sweepstake\/#breadcrumb"},"inLanguage":"fr-FR","potentialAction":[{"@type":"ReadAction","target":["https:\/\/casinoreturn.com\/fr\/la-californie-interdit-les-jeux-sociaux-a-sweepstake\/"]}]},{"@type":"ImageObject","inLanguage":"fr-FR","@id":"https:\/\/casinoreturn.com\/fr\/la-californie-interdit-les-jeux-sociaux-a-sweepstake\/#primaryimage","url":"https:\/\/casinoreturn.com\/wp-content\/uploads\/2025\/10\/California-bans-sweepstake-games.jpg","contentUrl":"https:\/\/casinoreturn.com\/wp-content\/uploads\/2025\/10\/California-bans-sweepstake-games.jpg","width":540,"height":360,"caption":"California bans sweepstake games"},{"@type":"BreadcrumbList","@id":"https:\/\/casinoreturn.com\/fr\/la-californie-interdit-les-jeux-sociaux-a-sweepstake\/#breadcrumb","itemListElement":[{"@type":"ListItem","position":1,"name":"Home","item":"https:\/\/casinoreturn.com\/fr\/home\/"},{"@type":"ListItem","position":2,"name":"La Californie interdit les jeux sociaux \u00e0 sweepstake"}]},{"@type":"WebSite","@id":"https:\/\/casinoreturn.com\/#website","url":"https:\/\/casinoreturn.com\/","name":"casinoreturn","description":"","publisher":{"@id":"https:\/\/casinoreturn.com\/#organization"},"potentialAction":[{"@type":"SearchAction","target":{"@type":"EntryPoint","urlTemplate":"https:\/\/casinoreturn.com\/?s={search_term_string}"},"query-input":{"@type":"PropertyValueSpecification","valueRequired":true,"valueName":"search_term_string"}}],"inLanguage":"fr-FR"},{"@type":"Organization","@id":"https:\/\/casinoreturn.com\/#organization","name":"casinoreturn","url":"https:\/\/casinoreturn.com\/","logo":{"@type":"ImageObject","inLanguage":"fr-FR","@id":"https:\/\/casinoreturn.com\/#\/schema\/logo\/image\/","url":"https:\/\/casinoreturn.com\/wp-content\/uploads\/2024\/09\/animal-favicon.png","contentUrl":"https:\/\/casinoreturn.com\/wp-content\/uploads\/2024\/09\/animal-favicon.png","width":92,"height":92,"caption":"casinoreturn"},"image":{"@id":"https:\/\/casinoreturn.com\/#\/schema\/logo\/image\/"}}]}},"_links":{"self":[{"href":"https:\/\/casinoreturn.com\/fr\/wp-json\/wp\/v2\/pages\/16083","targetHints":{"allow":["GET"]}}],"collection":[{"href":"https:\/\/casinoreturn.com\/fr\/wp-json\/wp\/v2\/pages"}],"about":[{"href":"https:\/\/casinoreturn.com\/fr\/wp-json\/wp\/v2\/types\/page"}],"author":[{"embeddable":true,"href":"https:\/\/casinoreturn.com\/fr\/wp-json\/wp\/v2\/users\/1"}],"replies":[{"embeddable":true,"href":"https:\/\/casinoreturn.com\/fr\/wp-json\/wp\/v2\/comments?post=16083"}],"version-history":[{"count":1,"href":"https:\/\/casinoreturn.com\/fr\/wp-json\/wp\/v2\/pages\/16083\/revisions"}],"predecessor-version":[{"id":16084,"href":"https:\/\/casinoreturn.com\/fr\/wp-json\/wp\/v2\/pages\/16083\/revisions\/16084"}],"wp:featuredmedia":[{"embeddable":true,"href":"https:\/\/casinoreturn.com\/fr\/wp-json\/wp\/v2\/media\/15261"}],"wp:attachment":[{"href":"https:\/\/casinoreturn.com\/fr\/wp-json\/wp\/v2\/media?parent=16083"}],"curies":[{"name":"wp","href":"https:\/\/api.w.org\/{rel}","templated":true}]}}