{"id":16216,"date":"2025-11-04T22:06:23","date_gmt":"2025-11-04T22:06:23","guid":{"rendered":"https:\/\/casinoreturn.com\/west-virginia-sweepstake-casino-en-ligne\/"},"modified":"2025-11-04T22:51:53","modified_gmt":"2025-11-04T22:51:53","slug":"west-virginia-sweepstake-casino-en-ligne","status":"publish","type":"page","link":"https:\/\/casinoreturn.com\/fr\/west-virginia-sweepstake-casino-en-ligne\/","title":{"rendered":"West Virginia Sweepstake Casino en ligne"},"content":{"rendered":"\t\t<div data-elementor-type=\"wp-page\" data-elementor-id=\"16216\" class=\"elementor elementor-16216\" data-elementor-post-type=\"page\">\n\t\t\t\t<div class=\"elementor-element elementor-element-a25ba4b e-con-full e-flex e-con e-parent\" data-id=\"a25ba4b\" data-element_type=\"container\" data-settings=\"{&quot;background_background&quot;:&quot;gradient&quot;}\">\n\t\t\t\t<div class=\"elementor-element elementor-element-d034d04 elementor-widget elementor-widget-heading\" data-id=\"d034d04\" data-element_type=\"widget\" data-widget_type=\"heading.default\">\n\t\t\t\t<div class=\"elementor-widget-container\">\n\t\t\t\t\t<h3 class=\"elementor-heading-title elementor-size-default\">Virginia Sweepstake Casino en ligne<\/h3>\t\t\t\t<\/div>\n\t\t\t\t<\/div>\n\t\t\t\t<div class=\"elementor-element elementor-element-18d8fc5 elementor-widget elementor-widget-text-editor\" data-id=\"18d8fc5\" data-element_type=\"widget\" data-widget_type=\"text-editor.default\">\n\t\t\t\t<div class=\"elementor-widget-container\">\n\t\t\t\t\t\t\t\t\t<p>Les r\u00e8gles du casino en ligne West Virginia Sweepstake sont pour l&rsquo;instant sur la corde raide. Cela signifie que les casinos en ligne qui proposent de d\u00e9poser de l&rsquo;argent pour jouer et gagner de l&rsquo;argent ne sont pas l\u00e9gaux. Les casinos \u00e0 sweepstake fonctionnent selon un mod\u00e8le dit de double monnaie. Ce mod\u00e8le \u00e0 double devise permet aux joueurs d&rsquo;acc\u00e9der \u00e0 la plateforme, mais aucun d\u00e9p\u00f4t n&rsquo;est requis. Aucune somme d&rsquo;argent ne peut \u00eatre gagn\u00e9e directement ou \u00e9chang\u00e9e. Les sweepstakes fonctionnent avec des pi\u00e8ces de monnaie \u00e9changeables, qui peuvent ensuite \u00eatre \u00e9chang\u00e9es.  <a href=\"https:\/\/casinoreturn.com\/fr\/sweep-stake-casino-return-usa\/\">Pour plus d&rsquo;informations sur les sweeps et les pi\u00e8ces d&rsquo;or, cliquez ici.  <\/a><\/p>\n<p>Les joueurs peuvent \u00e9galement trouver de plus amples informations sur la l\u00e9gislation des diff\u00e9rents \u00c9tats am\u00e9ricains, comme les <a href=\"https:\/\/casinoreturn.com\/new-york-sweepstake-casinos\/\">casinos \u00e0 sweepstake de New York<\/a> ou l&rsquo;<a href=\"https:\/\/casinoreturn.com\/fr\/la-californie-interdit-les-jeux-sociaux-a-sweepstake\/\">interdiction des casinos \u00e0 sweepstake de Californie <\/a>.  <\/p>\n<p>Dans cet article, nous expliquons :  <\/p>\n<ul>\n<li><a href=\"https:\/\/casinoreturn.com\/fr\/west-virginia-sweepstake-casino-en-ligne\/#curr\">R\u00e9glementation actuelle des sweepstakes en Virginie-Occidentale<\/a><\/li>\n<li>Casinos terrestres en Virginie occidentale  <\/li>\n<li><a href=\"https:\/\/casinoreturn.com\/fr\/west-virginia-sweepstake-casino-en-ligne\/#top\">Top 10 des casinos \u00e0 tirage au sort en Virginie Occidentale<\/a> <\/li>\n<li><a href=\"https:\/\/casinoreturn.com\/fr\/west-virginia-sweepstake-casino-en-ligne\/#sport\">Les paris sportifs en Virginie occidentale<\/a><\/li>\n<li><a href=\"https:\/\/casinoreturn.com\/fr\/west-virginia-sweepstake-casino-en-ligne\/#faq\">FAQ&rsquo;s West Virginia Sweepstake Casinos<\/a><\/li>\n<li><a href=\"https:\/\/casinoreturn.com\/fr\/west-virginia-sweepstake-casino-en-ligne\/#curio\">Curiosit\u00e9s sur la Virginie occidentale, \u00c9tats-Unis<\/a><\/li>\n<\/ul>\n\t\t\t\t\t\t\t\t<\/div>\n\t\t\t\t<\/div>\n\t\t\t\t<\/div>\n\t\t<div class=\"elementor-element elementor-element-920cb2f e-con-full e-flex e-con e-parent\" data-id=\"920cb2f\" data-element_type=\"container\" data-settings=\"{&quot;background_background&quot;:&quot;gradient&quot;}\">\n\t\t\t\t<div class=\"elementor-element elementor-element-5ede9b0 elementor-widget__width-initial elementor-widget elementor-widget-image\" data-id=\"5ede9b0\" data-element_type=\"widget\" data-widget_type=\"image.default\">\n\t\t\t\t<div class=\"elementor-widget-container\">\n\t\t\t\t\t\t\t\t\t\t\t\t\t\t\t<img decoding=\"async\" src=\"https:\/\/casinoreturn.com\/wp-content\/uploads\/elementor\/thumbs\/Sweep-stake-casino-return-rcsvuhhg8ru7ojla0mlxbz0ez2n9j5cipfa82r7ohw.jpg\" title=\"Sweep stake casino return\" alt=\"Sweep stake casino return\" loading=\"lazy\" \/>\t\t\t\t\t\t\t\t\t\t\t\t\t\t\t<\/div>\n\t\t\t\t<\/div>\n\t\t\t\t<div class=\"elementor-element elementor-element-21b3226 elementor-widget elementor-widget-heading\" data-id=\"21b3226\" data-element_type=\"widget\" id=\"curr\" data-widget_type=\"heading.default\">\n\t\t\t\t<div class=\"elementor-widget-container\">\n\t\t\t\t\t<h3 class=\"elementor-heading-title elementor-size-default\">R\u00e9glementation actuelle des sweepstakes en Virginie occidentale<\/h3>\t\t\t\t<\/div>\n\t\t\t\t<\/div>\n\t\t\t\t<\/div>\n\t\t<div class=\"elementor-element elementor-element-165ad87 e-con-full e-flex e-con e-parent\" data-id=\"165ad87\" data-element_type=\"container\">\n\t\t\t\t<div class=\"elementor-element elementor-element-8fc0205 elementor-widget elementor-widget-text-editor\" data-id=\"8fc0205\" data-element_type=\"widget\" data-widget_type=\"text-editor.default\">\n\t\t\t\t<div class=\"elementor-widget-container\">\n\t\t\t\t\t\t\t\t\t<p>La situation actuelle des casinos \u00e0 sweepstakes en Virginie-Occidentale n&rsquo;est pas tr\u00e8s claire, mais reste l\u00e9gale. Les l\u00e9gislateurs de Virginie-Occidentale consid\u00e8rent les op\u00e9rateurs de mod\u00e8les \u00e0 double monnaie comme des activit\u00e9s non li\u00e9es aux jeux d&rsquo;argent. Ce mod\u00e8le fait l&rsquo;objet d&rsquo;un examen de plus en plus minutieux de la part de toutes les parties. Des \u00c9tats comme la Californie et la <a href=\"https:\/\/casinoreturn.com\/fr\/casinos-de-pennsylvanie-avec-sweepstake\/\">Pennsylvanie interdisent les sweepstakes.<\/a><\/p>\n<p>L&rsquo;id\u00e9e d&rsquo;une entr\u00e9e gratuite dans les casinos en ligne est maintenue pour l&rsquo;instant. Les joueurs peuvent entrer gratuitement sur les plateformes et jouer aux jeux des casinos sociaux et gagner des pi\u00e8ces d&rsquo;or. Ces Goldcoins ne peuvent pas \u00eatre \u00e9chang\u00e9s contre de l&rsquo;argent liquide et ne sont donc pas consid\u00e9r\u00e9s par la loi comme des jeux d&rsquo;argent. Les casinos \u00e0 sweepstake ne sont pas officiellement agr\u00e9\u00e9s et restent sous l&rsquo;\u0153il vigilant de la l\u00e9gislation de l&rsquo;\u00c9tat. Ils ne rel\u00e8vent pas de l&rsquo;article 18.2-325 de la loi de l&rsquo;\u00c9tat de Virginie-Occidentale.  <\/p>\n<p>Les joueurs doivent \u00eatre \u00e2g\u00e9s de plus de 18 ans pour les casinos sociaux et de plus de 21 ans et r\u00e9sider en Virginie-Occidentale pour les paris sportifs.  <\/p>\t\t\t\t\t\t\t\t<\/div>\n\t\t\t\t<\/div>\n\t\t\t\t<div class=\"elementor-element elementor-element-5118fa1 elementor-widget elementor-widget-heading\" data-id=\"5118fa1\" data-element_type=\"widget\" id=\"top\" data-widget_type=\"heading.default\">\n\t\t\t\t<div class=\"elementor-widget-container\">\n\t\t\t\t\t<h3 class=\"elementor-heading-title elementor-size-default\">Les 10 meilleurs casinos en Virginie Occidentale<\/h3>\t\t\t\t<\/div>\n\t\t\t\t<\/div>\n\t\t\t\t<div class=\"elementor-element elementor-element-7957e13 elementor-widget elementor-widget-image\" data-id=\"7957e13\" data-element_type=\"widget\" data-widget_type=\"image.default\">\n\t\t\t\t<div class=\"elementor-widget-container\">\n\t\t\t\t\t\t\t\t\t\t\t\t\t\t\t<img decoding=\"async\" src=\"https:\/\/casinoreturn.com\/wp-content\/uploads\/elementor\/thumbs\/West-Virginia-Sweepstake-online-Casino-re8be3avp0f8cq7oyjzacwqfm1upd5dp2x3x9hkbic.png\" title=\"West Virginia Sweepstake online Casino\" alt=\"West Virginia Sweepstake online Casino\" loading=\"lazy\" \/>\t\t\t\t\t\t\t\t\t\t\t\t\t\t\t<\/div>\n\t\t\t\t<\/div>\n\t\t\t\t<div class=\"elementor-element elementor-element-9c8bfae elementor-widget elementor-widget-text-editor\" data-id=\"9c8bfae\" data-element_type=\"widget\" data-widget_type=\"text-editor.default\">\n\t\t\t\t<div class=\"elementor-widget-container\">\n\t\t\t\t\t\t\t\t\t<p>L&rsquo;ill\u00e9galit\u00e9 des casinos en ligne en argent r\u00e9el ayant \u00e9t\u00e9 confirm\u00e9e, les casinos \u00e0 sweepstake suivants offrent des possibilit\u00e9s de casino social. L&rsquo;entr\u00e9e dans le jeu est gratuite et aucun d\u00e9p\u00f4t n&rsquo;est n\u00e9cessaire. Bien que des Goldcoins puissent \u00eatre gagn\u00e9s et que des prix soient disponibles en \u00e9change, il n&rsquo;y a pas de valeur mon\u00e9taire ou d&rsquo;argent \u00e0 gagner. Sans ordre d&rsquo;importance particulier :  <\/p>\n<p>Bien qu&rsquo;ils aient \u00e9t\u00e9 d\u00e9clar\u00e9s ill\u00e9gaux, un certain nombre de casinos offrant des jeux de tirage en ligne ont quitt\u00e9 le march\u00e9. En 2025, le procureur g\u00e9n\u00e9ral John B. McCusky a d\u00e9livr\u00e9 une cinquantaine d&rsquo;assignations \u00e0 compara\u00eetre \u00e0 des op\u00e9rateurs. La moiti\u00e9 d&rsquo;entre eux ont cess\u00e9 leurs activit\u00e9s jusqu&rsquo;\u00e0 pr\u00e9sent. Certains op\u00e8rent encore dans une zone grise.  <\/p>\n<h4>Casinos terrestres en Virginie occidentale<\/h4>\n<p>Les casinos terrestres de Virginie offrent une exp\u00e9rience de jeu tr\u00e8s attendue avec de l&rsquo;argent r\u00e9el. Nous aimerions vous pr\u00e9senter notre Top 5 des casinos terrestres en Virginie Occidentale, mais officiellement, seuls 3 d&rsquo;entre eux sont pleinement op\u00e9rationnels. Des licences ont \u00e9t\u00e9 accord\u00e9es en 2020 pour Bristol US, Danville US, Norfolk US, Portsmouth US et Richmond US.  <\/p>\n<ul>\n<li>Le Hollywood Casino at Charles Town Races est \u00e0 la pointe du progr\u00e8s en termes de divertissement. Offrant une exp\u00e9rience de jeu compl\u00e8te, du poker de table en direct aux machines \u00e0 sous, en passant par le bingo et le blackjack. Quelques stations de paris sont \u00e9galement pr\u00e9sentes<\/li>\n<li>Mardi Gras &#8211; combine l&rsquo;exploitation compl\u00e8te d&rsquo;un h\u00f4tel et d&rsquo;un casino<\/li>\n<li>The Casino Club at The Greenbrier &#8211; Une grande marque soutient ce centre de jeux de divertissement.<\/li>\n<\/ul>\t\t\t\t\t\t\t\t<\/div>\n\t\t\t\t<\/div>\n\t\t\t\t<div class=\"elementor-element elementor-element-0a7b52c elementor-widget elementor-widget-heading\" data-id=\"0a7b52c\" data-element_type=\"widget\" id=\"sport\" data-widget_type=\"heading.default\">\n\t\t\t\t<div class=\"elementor-widget-container\">\n\t\t\t\t\t<h3 class=\"elementor-heading-title elementor-size-default\">Paris sportifs en Virginie occidentale  <\/h3>\t\t\t\t<\/div>\n\t\t\t\t<\/div>\n\t\t\t\t<div class=\"elementor-element elementor-element-0a1012d elementor-widget elementor-widget-text-editor\" data-id=\"0a1012d\" data-element_type=\"widget\" data-widget_type=\"text-editor.default\">\n\t\t\t\t<div class=\"elementor-widget-container\">\n\t\t\t\t\t\t\t\t\t<p>Les paris sportifs en Virginie Occidentale sont l\u00e9gaux et pour les r\u00e9sidents et les op\u00e9rateurs sont licenci\u00e9s. Les plateformes de paris sportifs doivent respecter strictement la v\u00e9rification de l&rsquo;\u00e2ge, 21 ans et plus. Les paris doivent \u00eatre plac\u00e9s dans l&rsquo;\u00c9tat de Virginie.  <\/p>\n<p>Comme dans d&rsquo;autres \u00c9tats am\u00e9ricains, les paris sur les \u00e9v\u00e9nements sportifs pour les jeunes et les \u00e9v\u00e9nements sportifs universitaires sont ill\u00e9gaux. Les grands noms qui proposent des applications de paris sont FanDuel. DraftKings, BetMGM et Caesars.<\/p>\t\t\t\t\t\t\t\t<\/div>\n\t\t\t\t<\/div>\n\t\t\t\t<div class=\"elementor-element elementor-element-9a3e94e elementor-widget elementor-widget-heading\" data-id=\"9a3e94e\" data-element_type=\"widget\" id=\"faq\" data-widget_type=\"heading.default\">\n\t\t\t\t<div class=\"elementor-widget-container\">\n\t\t\t\t\t<h2 class=\"elementor-heading-title elementor-size-default\">FAQ's West Virginia Sweepstake Casinos<\/h2>\t\t\t\t<\/div>\n\t\t\t\t<\/div>\n\t\t\t\t<div class=\"elementor-element elementor-element-6a966d4 elementor-widget elementor-widget-elementskit-faq\" data-id=\"6a966d4\" data-element_type=\"widget\" data-widget_type=\"elementskit-faq.default\">\n\t\t\t\t<div class=\"elementor-widget-container\">\n\t\t\t\t\t<div class=\"ekit-wid-con\" >\n                <div class=\"elementskit-single-faq elementor-repeater-item-e0176ff\">\n            <div class=\"elementskit-faq-header\">\n                <h2 class=\"elementskit-faq-title\">Are Sweepstake casinos legal in West Virginia?<\/h2>\n            <\/div>\n            <div class=\"elementskit-faq-body\">\n                Sweepstake casinos are not illegal. if the set up provides a complete social casino structure, without real-money. Meaning, the online casino cannot accept or reward players with anything but Goldcoins, or similar token.            <\/div>\n        <\/div>\n                <div class=\"elementskit-single-faq elementor-repeater-item-140a2d1\">\n            <div class=\"elementskit-faq-header\">\n                <h2 class=\"elementskit-faq-title\">Is sports betting legal in West Virginia?<\/h2>\n            <\/div>\n            <div class=\"elementskit-faq-body\">\n                Yes sports betting is legal. Residents older than 21+ of age can wager on sport and events.             <\/div>\n        <\/div>\n                <div class=\"elementskit-single-faq elementor-repeater-item-35c1273\">\n            <div class=\"elementskit-faq-header\">\n                <h2 class=\"elementskit-faq-title\">Can I bet on a Virginia team outside of the state of West Virginia?<\/h2>\n            <\/div>\n            <div class=\"elementskit-faq-body\">\n                If you are resident of West Virginia, and want to place a wager on a team playing outside of West Virginia, it's not possible. However, players can bet on teams from West Virginia if their residency is outside from West Virginia.             <\/div>\n        <\/div>\n                \n    <\/div>\t\t\t\t<\/div>\n\t\t\t\t<\/div>\n\t\t\t\t<div class=\"elementor-element elementor-element-6631937 elementor-widget elementor-widget-heading\" data-id=\"6631937\" data-element_type=\"widget\" id=\"curio\" data-widget_type=\"heading.default\">\n\t\t\t\t<div class=\"elementor-widget-container\">\n\t\t\t\t\t<h3 class=\"elementor-heading-title elementor-size-default\">Curiosit\u00e9s sur la Virginie occidentale, \u00c9tats-Unis<\/h3>\t\t\t\t<\/div>\n\t\t\t\t<\/div>\n\t\t\t\t<div class=\"elementor-element elementor-element-50e0b85 elementor-widget elementor-widget-text-editor\" data-id=\"50e0b85\" data-element_type=\"widget\" data-widget_type=\"text-editor.default\">\n\t\t\t\t<div class=\"elementor-widget-container\">\n\t\t\t\t\t\t\t\t\t<p>Voici quelques curiosit\u00e9s sur la Virginie occidentale. L&rsquo;\u00c9tat am\u00e9ricain compte quelques noms politiques de premier plan \u00e0 son actif.  <\/p>\n<p><img fetchpriority=\"high\" decoding=\"async\" class=\"alignnone wp-image-16194 size-full\" src=\"https:\/\/casinoreturn.com\/wp-content\/uploads\/2025\/11\/West-Virginia-Sweepstake-online-Casino.png\" alt=\"West Virginia Sweepstake Casino en ligne\" width=\"237\" height=\"212\"><\/p>\n<ul>\n<li>La Virginie occidentale est enti\u00e8rement situ\u00e9e sur le plateau des Appalaches.  <\/li>\n<li>Accueil du plus grand t\u00e9lescope Steer du monde  <\/li>\n<li>La New River &#8211; qui, curieusement, est l&rsquo;une des plus anciennes rivi\u00e8res du monde.<\/li>\n<li>La Virginie-Occidentale compte plus de rivi\u00e8res tumultueuses, de gorges et de rapides en eaux vives que l&rsquo;ensemble des \u00c9tats am\u00e9ricains.<\/li>\n<\/ul>\n<p> <\/p>\t\t\t\t\t\t\t\t<\/div>\n\t\t\t\t<\/div>\n\t\t\t\t<\/div>\n\t\t\t\t<\/div>\n\t\t","protected":false},"excerpt":{"rendered":"<p>Virginia Sweepstake Casino en ligne Les r\u00e8gles du casino en ligne West Virginia Sweepstake sont pour l&rsquo;instant sur la corde raide. Cela signifie que les casinos en ligne qui proposent de d\u00e9poser de l&rsquo;argent pour jouer et gagner de l&rsquo;argent ne sont pas l\u00e9gaux. Les casinos \u00e0 sweepstake fonctionnent selon un mod\u00e8le dit de double [&hellip;]<\/p>\n","protected":false},"author":1,"featured_media":16196,"parent":0,"menu_order":0,"comment_status":"closed","ping_status":"closed","template":"","meta":{"footnotes":""},"class_list":["post-16216","page","type-page","status-publish","has-post-thumbnail","hentry"],"blocksy_meta":[],"acf":[],"yoast_head":"<!-- This site is optimized with the Yoast SEO plugin v24.1 - https:\/\/yoast.com\/wordpress\/plugins\/seo\/ -->\n<title>West Virginia Sweepstake Casino en ligne - casinoreturn<\/title>\n<meta name=\"description\" content=\"Le West Virginia Sweepstake Online Casino peut fonctionner pour l&#039;instant. Les casinos en ligne qui proposent des sweepstakes sont sous le feu des critiques mais, pour l&#039;instant, ils ne sont pas consid\u00e9r\u00e9s comme des jeux d&#039;argent.\" \/>\n<meta name=\"robots\" content=\"index, follow, max-snippet:-1, max-image-preview:large, max-video-preview:-1\" \/>\n<link rel=\"canonical\" href=\"https:\/\/casinoreturn.com\/fr\/west-virginia-sweepstake-casino-en-ligne\/\" \/>\n<meta property=\"og:locale\" content=\"fr_FR\" \/>\n<meta property=\"og:type\" content=\"article\" \/>\n<meta property=\"og:title\" content=\"West Virginia Sweepstake Casino en ligne - casinoreturn\" \/>\n<meta property=\"og:description\" content=\"Le West Virginia Sweepstake Online Casino peut fonctionner pour l&#039;instant. Les casinos en ligne qui proposent des sweepstakes sont sous le feu des critiques mais, pour l&#039;instant, ils ne sont pas consid\u00e9r\u00e9s comme des jeux d&#039;argent.\" \/>\n<meta property=\"og:url\" content=\"https:\/\/casinoreturn.com\/fr\/west-virginia-sweepstake-casino-en-ligne\/\" \/>\n<meta property=\"og:site_name\" content=\"casinoreturn\" \/>\n<meta property=\"article:modified_time\" content=\"2025-11-04T22:51:53+00:00\" \/>\n<meta property=\"og:image\" content=\"https:\/\/casinoreturn.com\/wp-content\/uploads\/2025\/11\/West-Virginia-Sweepstake-online-Casino.png\" \/>\n\t<meta property=\"og:image:width\" content=\"237\" \/>\n\t<meta property=\"og:image:height\" content=\"212\" \/>\n\t<meta property=\"og:image:type\" content=\"image\/png\" \/>\n<meta name=\"twitter:card\" content=\"summary_large_image\" \/>\n<meta name=\"twitter:label1\" content=\"Dur\u00e9e de lecture estim\u00e9e\" \/>\n\t<meta name=\"twitter:data1\" content=\"5 minutes\" \/>\n<script type=\"application\/ld+json\" class=\"yoast-schema-graph\">{\"@context\":\"https:\/\/schema.org\",\"@graph\":[{\"@type\":\"WebPage\",\"@id\":\"https:\/\/casinoreturn.com\/fr\/west-virginia-sweepstake-casino-en-ligne\/\",\"url\":\"https:\/\/casinoreturn.com\/fr\/west-virginia-sweepstake-casino-en-ligne\/\",\"name\":\"West Virginia Sweepstake Casino en ligne - casinoreturn\",\"isPartOf\":{\"@id\":\"https:\/\/casinoreturn.com\/#website\"},\"primaryImageOfPage\":{\"@id\":\"https:\/\/casinoreturn.com\/fr\/west-virginia-sweepstake-casino-en-ligne\/#primaryimage\"},\"image\":{\"@id\":\"https:\/\/casinoreturn.com\/fr\/west-virginia-sweepstake-casino-en-ligne\/#primaryimage\"},\"thumbnailUrl\":\"https:\/\/casinoreturn.com\/wp-content\/uploads\/2025\/11\/West-Virginia-Sweepstake-online-Casino.png\",\"datePublished\":\"2025-11-04T22:06:23+00:00\",\"dateModified\":\"2025-11-04T22:51:53+00:00\",\"description\":\"Le West Virginia Sweepstake Online Casino peut fonctionner pour l'instant. Les casinos en ligne qui proposent des sweepstakes sont sous le feu des critiques mais, pour l'instant, ils ne sont pas consid\u00e9r\u00e9s comme des jeux d'argent.\",\"breadcrumb\":{\"@id\":\"https:\/\/casinoreturn.com\/fr\/west-virginia-sweepstake-casino-en-ligne\/#breadcrumb\"},\"inLanguage\":\"fr-FR\",\"potentialAction\":[{\"@type\":\"ReadAction\",\"target\":[\"https:\/\/casinoreturn.com\/fr\/west-virginia-sweepstake-casino-en-ligne\/\"]}]},{\"@type\":\"ImageObject\",\"inLanguage\":\"fr-FR\",\"@id\":\"https:\/\/casinoreturn.com\/fr\/west-virginia-sweepstake-casino-en-ligne\/#primaryimage\",\"url\":\"https:\/\/casinoreturn.com\/wp-content\/uploads\/2025\/11\/West-Virginia-Sweepstake-online-Casino.png\",\"contentUrl\":\"https:\/\/casinoreturn.com\/wp-content\/uploads\/2025\/11\/West-Virginia-Sweepstake-online-Casino.png\",\"width\":237,\"height\":212,\"caption\":\"West Virginia Sweepstake online Casino\"},{\"@type\":\"BreadcrumbList\",\"@id\":\"https:\/\/casinoreturn.com\/fr\/west-virginia-sweepstake-casino-en-ligne\/#breadcrumb\",\"itemListElement\":[{\"@type\":\"ListItem\",\"position\":1,\"name\":\"Home\",\"item\":\"https:\/\/casinoreturn.com\/fr\/home\/\"},{\"@type\":\"ListItem\",\"position\":2,\"name\":\"West Virginia Sweepstake Casino en ligne\"}]},{\"@type\":\"WebSite\",\"@id\":\"https:\/\/casinoreturn.com\/#website\",\"url\":\"https:\/\/casinoreturn.com\/\",\"name\":\"casinoreturn\",\"description\":\"\",\"publisher\":{\"@id\":\"https:\/\/casinoreturn.com\/#organization\"},\"potentialAction\":[{\"@type\":\"SearchAction\",\"target\":{\"@type\":\"EntryPoint\",\"urlTemplate\":\"https:\/\/casinoreturn.com\/?s={search_term_string}\"},\"query-input\":{\"@type\":\"PropertyValueSpecification\",\"valueRequired\":true,\"valueName\":\"search_term_string\"}}],\"inLanguage\":\"fr-FR\"},{\"@type\":\"Organization\",\"@id\":\"https:\/\/casinoreturn.com\/#organization\",\"name\":\"casinoreturn\",\"url\":\"https:\/\/casinoreturn.com\/\",\"logo\":{\"@type\":\"ImageObject\",\"inLanguage\":\"fr-FR\",\"@id\":\"https:\/\/casinoreturn.com\/#\/schema\/logo\/image\/\",\"url\":\"https:\/\/casinoreturn.com\/wp-content\/uploads\/2024\/09\/animal-favicon.png\",\"contentUrl\":\"https:\/\/casinoreturn.com\/wp-content\/uploads\/2024\/09\/animal-favicon.png\",\"width\":92,\"height\":92,\"caption\":\"casinoreturn\"},\"image\":{\"@id\":\"https:\/\/casinoreturn.com\/#\/schema\/logo\/image\/\"}}]}<\/script>\n<!-- \/ Yoast SEO plugin. -->","yoast_head_json":{"title":"West Virginia Sweepstake Casino en ligne - casinoreturn","description":"Le West Virginia Sweepstake Online Casino peut fonctionner pour l'instant. Les casinos en ligne qui proposent des sweepstakes sont sous le feu des critiques mais, pour l'instant, ils ne sont pas consid\u00e9r\u00e9s comme des jeux d'argent.","robots":{"index":"index","follow":"follow","max-snippet":"max-snippet:-1","max-image-preview":"max-image-preview:large","max-video-preview":"max-video-preview:-1"},"canonical":"https:\/\/casinoreturn.com\/fr\/west-virginia-sweepstake-casino-en-ligne\/","og_locale":"fr_FR","og_type":"article","og_title":"West Virginia Sweepstake Casino en ligne - casinoreturn","og_description":"Le West Virginia Sweepstake Online Casino peut fonctionner pour l'instant. Les casinos en ligne qui proposent des sweepstakes sont sous le feu des critiques mais, pour l'instant, ils ne sont pas consid\u00e9r\u00e9s comme des jeux d'argent.","og_url":"https:\/\/casinoreturn.com\/fr\/west-virginia-sweepstake-casino-en-ligne\/","og_site_name":"casinoreturn","article_modified_time":"2025-11-04T22:51:53+00:00","og_image":[{"width":237,"height":212,"url":"https:\/\/casinoreturn.com\/wp-content\/uploads\/2025\/11\/West-Virginia-Sweepstake-online-Casino.png","type":"image\/png"}],"twitter_card":"summary_large_image","twitter_misc":{"Dur\u00e9e de lecture estim\u00e9e":"5 minutes"},"schema":{"@context":"https:\/\/schema.org","@graph":[{"@type":"WebPage","@id":"https:\/\/casinoreturn.com\/fr\/west-virginia-sweepstake-casino-en-ligne\/","url":"https:\/\/casinoreturn.com\/fr\/west-virginia-sweepstake-casino-en-ligne\/","name":"West Virginia Sweepstake Casino en ligne - casinoreturn","isPartOf":{"@id":"https:\/\/casinoreturn.com\/#website"},"primaryImageOfPage":{"@id":"https:\/\/casinoreturn.com\/fr\/west-virginia-sweepstake-casino-en-ligne\/#primaryimage"},"image":{"@id":"https:\/\/casinoreturn.com\/fr\/west-virginia-sweepstake-casino-en-ligne\/#primaryimage"},"thumbnailUrl":"https:\/\/casinoreturn.com\/wp-content\/uploads\/2025\/11\/West-Virginia-Sweepstake-online-Casino.png","datePublished":"2025-11-04T22:06:23+00:00","dateModified":"2025-11-04T22:51:53+00:00","description":"Le West Virginia Sweepstake Online Casino peut fonctionner pour l'instant. Les casinos en ligne qui proposent des sweepstakes sont sous le feu des critiques mais, pour l'instant, ils ne sont pas consid\u00e9r\u00e9s comme des jeux d'argent.","breadcrumb":{"@id":"https:\/\/casinoreturn.com\/fr\/west-virginia-sweepstake-casino-en-ligne\/#breadcrumb"},"inLanguage":"fr-FR","potentialAction":[{"@type":"ReadAction","target":["https:\/\/casinoreturn.com\/fr\/west-virginia-sweepstake-casino-en-ligne\/"]}]},{"@type":"ImageObject","inLanguage":"fr-FR","@id":"https:\/\/casinoreturn.com\/fr\/west-virginia-sweepstake-casino-en-ligne\/#primaryimage","url":"https:\/\/casinoreturn.com\/wp-content\/uploads\/2025\/11\/West-Virginia-Sweepstake-online-Casino.png","contentUrl":"https:\/\/casinoreturn.com\/wp-content\/uploads\/2025\/11\/West-Virginia-Sweepstake-online-Casino.png","width":237,"height":212,"caption":"West Virginia Sweepstake online Casino"},{"@type":"BreadcrumbList","@id":"https:\/\/casinoreturn.com\/fr\/west-virginia-sweepstake-casino-en-ligne\/#breadcrumb","itemListElement":[{"@type":"ListItem","position":1,"name":"Home","item":"https:\/\/casinoreturn.com\/fr\/home\/"},{"@type":"ListItem","position":2,"name":"West Virginia Sweepstake Casino en ligne"}]},{"@type":"WebSite","@id":"https:\/\/casinoreturn.com\/#website","url":"https:\/\/casinoreturn.com\/","name":"casinoreturn","description":"","publisher":{"@id":"https:\/\/casinoreturn.com\/#organization"},"potentialAction":[{"@type":"SearchAction","target":{"@type":"EntryPoint","urlTemplate":"https:\/\/casinoreturn.com\/?s={search_term_string}"},"query-input":{"@type":"PropertyValueSpecification","valueRequired":true,"valueName":"search_term_string"}}],"inLanguage":"fr-FR"},{"@type":"Organization","@id":"https:\/\/casinoreturn.com\/#organization","name":"casinoreturn","url":"https:\/\/casinoreturn.com\/","logo":{"@type":"ImageObject","inLanguage":"fr-FR","@id":"https:\/\/casinoreturn.com\/#\/schema\/logo\/image\/","url":"https:\/\/casinoreturn.com\/wp-content\/uploads\/2024\/09\/animal-favicon.png","contentUrl":"https:\/\/casinoreturn.com\/wp-content\/uploads\/2024\/09\/animal-favicon.png","width":92,"height":92,"caption":"casinoreturn"},"image":{"@id":"https:\/\/casinoreturn.com\/#\/schema\/logo\/image\/"}}]}},"_links":{"self":[{"href":"https:\/\/casinoreturn.com\/fr\/wp-json\/wp\/v2\/pages\/16216","targetHints":{"allow":["GET"]}}],"collection":[{"href":"https:\/\/casinoreturn.com\/fr\/wp-json\/wp\/v2\/pages"}],"about":[{"href":"https:\/\/casinoreturn.com\/fr\/wp-json\/wp\/v2\/types\/page"}],"author":[{"embeddable":true,"href":"https:\/\/casinoreturn.com\/fr\/wp-json\/wp\/v2\/users\/1"}],"replies":[{"embeddable":true,"href":"https:\/\/casinoreturn.com\/fr\/wp-json\/wp\/v2\/comments?post=16216"}],"version-history":[{"count":1,"href":"https:\/\/casinoreturn.com\/fr\/wp-json\/wp\/v2\/pages\/16216\/revisions"}],"predecessor-version":[{"id":16217,"href":"https:\/\/casinoreturn.com\/fr\/wp-json\/wp\/v2\/pages\/16216\/revisions\/16217"}],"wp:featuredmedia":[{"embeddable":true,"href":"https:\/\/casinoreturn.com\/fr\/wp-json\/wp\/v2\/media\/16196"}],"wp:attachment":[{"href":"https:\/\/casinoreturn.com\/fr\/wp-json\/wp\/v2\/media?parent=16216"}],"curies":[{"name":"wp","href":"https:\/\/api.w.org\/{rel}","templated":true}]}}