{"id":1855,"date":"2024-10-08T12:47:07","date_gmt":"2024-10-08T12:47:07","guid":{"rendered":"https:\/\/casinoreturn.com\/auteur-domini\/"},"modified":"2024-12-02T14:04:21","modified_gmt":"2024-12-02T14:04:21","slug":"auteur-domini","status":"publish","type":"page","link":"https:\/\/casinoreturn.com\/fr\/auteur-domini\/","title":{"rendered":"Auteur domini"},"content":{"rendered":"\t\t<div data-elementor-type=\"wp-page\" data-elementor-id=\"1855\" class=\"elementor elementor-1855\" data-elementor-post-type=\"page\">\n\t\t\t\t<div class=\"elementor-element elementor-element-487b8c8 e-flex e-con-boxed e-con e-parent\" data-id=\"487b8c8\" data-element_type=\"container\" data-settings=\"{&quot;background_background&quot;:&quot;classic&quot;}\">\n\t\t\t\t\t<div class=\"e-con-inner\">\n\t\t\t\t<div class=\"elementor-element elementor-element-053e7bf elementor-widget elementor-widget-heading\" data-id=\"053e7bf\" data-element_type=\"widget\" data-widget_type=\"heading.default\">\n\t\t\t\t<div class=\"elementor-widget-container\">\n\t\t\t\t\t<h2 class=\"elementor-heading-title elementor-size-default\">Auteur : Tower House Team<\/h2>\t\t\t\t<\/div>\n\t\t\t\t<\/div>\n\t\t\t\t\t<\/div>\n\t\t\t\t<\/div>\n\t\t<div class=\"elementor-element elementor-element-72c42d1 e-flex e-con-boxed e-con e-parent\" data-id=\"72c42d1\" data-element_type=\"container\">\n\t\t\t\t\t<div class=\"e-con-inner\">\n\t\t<div class=\"elementor-element elementor-element-5aafae2 e-con-full e-flex e-con e-child\" data-id=\"5aafae2\" data-element_type=\"container\">\n\t\t<div class=\"elementor-element elementor-element-b159f64 e-con-full e-flex e-con e-child\" data-id=\"b159f64\" data-element_type=\"container\" data-settings=\"{&quot;background_background&quot;:&quot;classic&quot;}\">\n\t\t<div class=\"elementor-element elementor-element-129e9d4 e-con-full e-flex e-con e-child\" data-id=\"129e9d4\" data-element_type=\"container\" data-settings=\"{&quot;background_background&quot;:&quot;classic&quot;}\">\n\t\t\t\t<div class=\"elementor-element elementor-element-b3fb6bb elementor-widget elementor-widget-heading\" data-id=\"b3fb6bb\" data-element_type=\"widget\" data-widget_type=\"heading.default\">\n\t\t\t\t<div class=\"elementor-widget-container\">\n\t\t\t\t\t<h2 class=\"elementor-heading-title elementor-size-default\">\u00c0 propos de l'\u00e9quipe de Tower House<\/h2>\t\t\t\t<\/div>\n\t\t\t\t<\/div>\n\t\t\t\t<div class=\"elementor-element elementor-element-f33bd2e elementor-widget elementor-widget-image\" data-id=\"f33bd2e\" data-element_type=\"widget\" data-widget_type=\"image.default\">\n\t\t\t\t<div class=\"elementor-widget-container\">\n\t\t\t\t\t\t\t\t\t\t\t\t\t\t\t<img decoding=\"async\" width=\"150\" height=\"150\" src=\"https:\/\/casinoreturn.com\/wp-content\/uploads\/2024\/10\/pikaso_edit-150x150.jpeg\" class=\"attachment-thumbnail size-thumbnail wp-image-818\" alt=\"\" srcset=\"https:\/\/casinoreturn.com\/wp-content\/uploads\/2024\/10\/pikaso_edit-150x150.jpeg 150w, https:\/\/casinoreturn.com\/wp-content\/uploads\/2024\/10\/pikaso_edit-300x300.jpeg 300w, https:\/\/casinoreturn.com\/wp-content\/uploads\/2024\/10\/pikaso_edit-1024x1024.jpeg 1024w, https:\/\/casinoreturn.com\/wp-content\/uploads\/2024\/10\/pikaso_edit-768x768.jpeg 768w, https:\/\/casinoreturn.com\/wp-content\/uploads\/2024\/10\/pikaso_edit-1536x1536.jpeg 1536w, https:\/\/casinoreturn.com\/wp-content\/uploads\/2024\/10\/pikaso_edit.jpeg 2000w\" sizes=\"(max-width: 150px) 100vw, 150px\" \/>\t\t\t\t\t\t\t\t\t\t\t\t\t\t\t<\/div>\n\t\t\t\t<\/div>\n\t\t\t\t<div class=\"elementor-element elementor-element-7103dd2 elementor-widget elementor-widget-text-editor\" data-id=\"7103dd2\" data-element_type=\"widget\" data-widget_type=\"text-editor.default\">\n\t\t\t\t<div class=\"elementor-widget-container\">\n\t\t\t\t\t\t\t\t\t<div>\n<p><b>THT ou mieux connu sous le nom de Tower House Affiliate Team a rassembl\u00e9 le bon, le mauvais et le laid des casinos en ligne. Nous ne sommes pas l\u00e0 pour r\u00e9inventer la roue. Nous ajoutons du sel et du poivre \u00e0 nos articles, commentaires et critiques. Nous travaillons avec des faits, et nous aimons aussi les potins <a href=\"https:\/\/casinoreturn.com\/fr\/jarriverai-a-la-verite-comme-sil-y-en-avait\/\">ICI<\/a>. Les revues de casino sont importantes et \u00e9crire une revue sur les paris sportifs et les casinos est vital pour vous, le joueur. Apprenez \u00e0 conna\u00eetre le casino. Testez le casino en mode d\u00e9mo. Sachez comment les choses se passent lorsque votre KYC n&rsquo;est pas approuv\u00e9. Quel est le mode de paiement qui vous convient le mieux. En d&rsquo;autres termes, faites votre choix. L&rsquo;important dans un casino en ligne est de profiter de votre machine \u00e0 sous en ligne pr\u00e9f\u00e9r\u00e9e. C\u00e9l\u00e9brez votre pari gagnant avec vos amis.           <\/b><\/p>\n<\/div>\n<p>Qui sommes-nous ?<\/p>\n<p>Nous sommes une bande de vieux briscards des casinos. Ensemble, nous devons avoir des d\u00e9cennies d&rsquo;exp\u00e9rience et nous avons vu des choses. Oh oui, nous avons vu des choses ! Si vous voulez en savoir plus ou nous contacter, utilisez notre <a href=\"https:\/\/casinoreturn.com\/contact\/\">lien<\/a>.     <\/p>\n<div> <\/div>\n\t\t\t\t\t\t\t\t<\/div>\n\t\t\t\t<\/div>\n\t\t\t\t<div class=\"elementor-element elementor-element-25ee8e0 elementor-shape-circle elementor-grid-0 e-grid-align-center elementor-widget elementor-widget-social-icons\" data-id=\"25ee8e0\" data-element_type=\"widget\" data-widget_type=\"social-icons.default\">\n\t\t\t\t<div class=\"elementor-widget-container\">\n\t\t\t\t\t\t\t<div class=\"elementor-social-icons-wrapper elementor-grid\" role=\"list\">\n\t\t\t\t\t\t\t<span class=\"elementor-grid-item\" role=\"listitem\">\n\t\t\t\t\t<a class=\"elementor-icon elementor-social-icon elementor-social-icon-facebook elementor-repeater-item-47ce264\" href=\"http:\/\/blah.com\" target=\"_blank\">\n\t\t\t\t\t\t<span class=\"elementor-screen-only\">Facebook<\/span>\n\t\t\t\t\t\t<i aria-hidden=\"true\" class=\"fab fa-facebook\"><\/i>\t\t\t\t\t<\/a>\n\t\t\t\t<\/span>\n\t\t\t\t\t\t\t<span class=\"elementor-grid-item\" role=\"listitem\">\n\t\t\t\t\t<a class=\"elementor-icon elementor-social-icon elementor-social-icon-twitter elementor-repeater-item-d400d96\" target=\"_blank\">\n\t\t\t\t\t\t<span class=\"elementor-screen-only\">Twitter<\/span>\n\t\t\t\t\t\t<i aria-hidden=\"true\" class=\"fab fa-twitter\"><\/i>\t\t\t\t\t<\/a>\n\t\t\t\t<\/span>\n\t\t\t\t\t\t\t<span class=\"elementor-grid-item\" role=\"listitem\">\n\t\t\t\t\t<a class=\"elementor-icon elementor-social-icon elementor-social-icon-youtube elementor-repeater-item-f639b0c\" target=\"_blank\">\n\t\t\t\t\t\t<span class=\"elementor-screen-only\">Youtube<\/span>\n\t\t\t\t\t\t<i aria-hidden=\"true\" class=\"fab fa-youtube\"><\/i>\t\t\t\t\t<\/a>\n\t\t\t\t<\/span>\n\t\t\t\t\t<\/div>\n\t\t\t\t\t\t<\/div>\n\t\t\t\t<\/div>\n\t\t\t\t<\/div>\n\t\t\t\t<\/div>\n\t\t<div class=\"elementor-element elementor-element-434d551 e-con-full e-flex e-con e-child\" data-id=\"434d551\" data-element_type=\"container\">\n\t\t\t\t<div class=\"elementor-element elementor-element-8becfe3 elementor-widget elementor-widget-heading\" data-id=\"8becfe3\" data-element_type=\"widget\" data-widget_type=\"heading.default\">\n\t\t\t\t<div class=\"elementor-widget-container\">\n\t\t\t\t\t<h3 class=\"elementor-heading-title elementor-size-default\">Tous les articles post\u00e9s par THT ( Tower House Team)<\/h3>\t\t\t\t<\/div>\n\t\t\t\t<\/div>\n\t\t\t\t<div class=\"elementor-element elementor-element-b50bf83 elementor-grid-1 elementor-grid-tablet-1 elementor-grid-mobile-1 elementor-posts--thumbnail-top elementor-widget elementor-widget-posts\" data-id=\"b50bf83\" data-element_type=\"widget\" data-settings=\"{&quot;classic_columns&quot;:&quot;1&quot;,&quot;classic_columns_tablet&quot;:&quot;1&quot;,&quot;classic_columns_mobile&quot;:&quot;1&quot;,&quot;classic_row_gap&quot;:{&quot;unit&quot;:&quot;px&quot;,&quot;size&quot;:35,&quot;sizes&quot;:[]},&quot;classic_row_gap_tablet&quot;:{&quot;unit&quot;:&quot;px&quot;,&quot;size&quot;:&quot;&quot;,&quot;sizes&quot;:[]},&quot;classic_row_gap_mobile&quot;:{&quot;unit&quot;:&quot;px&quot;,&quot;size&quot;:&quot;&quot;,&quot;sizes&quot;:[]}}\" data-widget_type=\"posts.classic\">\n\t\t\t\t<div class=\"elementor-widget-container\">\n\t\t\t\t\t\t\t<div class=\"elementor-posts-container elementor-posts elementor-posts--skin-classic elementor-grid\">\n\t\t\t\t<article class=\"elementor-post elementor-grid-item post-16126 post type-post status-publish format-standard has-post-thumbnail hentry category-non-classifiee\">\n\t\t\t\t<a class=\"elementor-post__thumbnail__link\" href=\"https:\/\/casinoreturn.com\/fr\/les-paris-sur-les-combats-de-coqs-sont-illegaux\/\" tabindex=\"-1\" >\n\t\t\t<div class=\"elementor-post__thumbnail\"><img fetchpriority=\"high\" decoding=\"async\" width=\"300\" height=\"210\" src=\"https:\/\/casinoreturn.com\/wp-content\/uploads\/2025\/10\/Cockfight-Betting-illegally-done-300x210.jpg\" class=\"attachment-medium size-medium wp-image-15872\" alt=\"Cockfight Betting illegally done\" srcset=\"https:\/\/casinoreturn.com\/wp-content\/uploads\/2025\/10\/Cockfight-Betting-illegally-done-300x210.jpg 300w, https:\/\/casinoreturn.com\/wp-content\/uploads\/2025\/10\/Cockfight-Betting-illegally-done.jpg 514w\" sizes=\"(max-width: 300px) 100vw, 300px\" \/><\/div>\n\t\t<\/a>\n\t\t\t\t<div class=\"elementor-post__text\">\n\t\t\t\t<h3 class=\"elementor-post__title\">\n\t\t\t<a href=\"https:\/\/casinoreturn.com\/fr\/les-paris-sur-les-combats-de-coqs-sont-illegaux\/\" >\n\t\t\t\tLes paris sur les combats de coqs sont ill\u00e9gaux\t\t\t<\/a>\n\t\t<\/h3>\n\t\t\t\t<div class=\"elementor-post__meta-data\">\n\t\t\t\t\t<span class=\"elementor-post-date\">\n\t\t\tnovembre 3, 2025\t\t<\/span>\n\t\t\t\t<span class=\"elementor-post-avatar\">\n\t\t\tAucun commentaire\t\t<\/span>\n\t\t\t\t<\/div>\n\t\t\t\t<div class=\"elementor-post__excerpt\">\n\t\t\t<p>Les paris sur les combats de coqs en lambeaux Les<\/p>\n\t\t<\/div>\n\t\t\n\t\t<a class=\"elementor-post__read-more\" href=\"https:\/\/casinoreturn.com\/fr\/les-paris-sur-les-combats-de-coqs-sont-illegaux\/\" aria-label=\"Read more about Les paris sur les combats de coqs sont ill\u00e9gaux\" tabindex=\"-1\" >\n\t\t\tEn savoir plus\t\t<\/a>\n\n\t\t\t\t<\/div>\n\t\t\t\t<\/article>\n\t\t\t\t<article class=\"elementor-post elementor-grid-item post-15890 post type-post status-publish format-standard has-post-thumbnail hentry category-non-classifiee\">\n\t\t\t\t<a class=\"elementor-post__thumbnail__link\" href=\"https:\/\/casinoreturn.com\/fr\/gaming-regulations-in-turkey\/\" tabindex=\"-1\" >\n\t\t\t<div class=\"elementor-post__thumbnail\"><img decoding=\"async\" width=\"300\" height=\"200\" src=\"https:\/\/casinoreturn.com\/wp-content\/uploads\/2025\/10\/Gaming-regulations-in-Turkey-300x200.jpg\" class=\"attachment-medium size-medium wp-image-15778\" alt=\"Gaming regulations in Turkey\" srcset=\"https:\/\/casinoreturn.com\/wp-content\/uploads\/2025\/10\/Gaming-regulations-in-Turkey-300x200.jpg 300w, https:\/\/casinoreturn.com\/wp-content\/uploads\/2025\/10\/Gaming-regulations-in-Turkey.jpg 740w\" sizes=\"(max-width: 300px) 100vw, 300px\" \/><\/div>\n\t\t<\/a>\n\t\t\t\t<div class=\"elementor-post__text\">\n\t\t\t\t<h3 class=\"elementor-post__title\">\n\t\t\t<a href=\"https:\/\/casinoreturn.com\/fr\/gaming-regulations-in-turkey\/\" >\n\t\t\t\tGaming regulations in Turkey\t\t\t<\/a>\n\t\t<\/h3>\n\t\t\t\t<div class=\"elementor-post__meta-data\">\n\t\t\t\t\t<span class=\"elementor-post-date\">\n\t\t\toctobre 30, 2025\t\t<\/span>\n\t\t\t\t<span class=\"elementor-post-avatar\">\n\t\t\tAucun commentaire\t\t<\/span>\n\t\t\t\t<\/div>\n\t\t\t\t<div class=\"elementor-post__excerpt\">\n\t\t\t<p>Gaming regulations in Turkey La r\u00e9glementation des jeux en Turquie<\/p>\n\t\t<\/div>\n\t\t\n\t\t<a class=\"elementor-post__read-more\" href=\"https:\/\/casinoreturn.com\/fr\/gaming-regulations-in-turkey\/\" aria-label=\"Read more about Gaming regulations in Turkey\" tabindex=\"-1\" >\n\t\t\tEn savoir plus\t\t<\/a>\n\n\t\t\t\t<\/div>\n\t\t\t\t<\/article>\n\t\t\t\t<\/div>\n\t\t\n\t\t\t\t\t\t<\/div>\n\t\t\t\t<\/div>\n\t\t\t\t<\/div>\n\t\t\t\t<\/div>\n\t\t\t\t\t<\/div>\n\t\t\t\t<\/div>\n\t\t\t\t<\/div>\n\t\t","protected":false},"excerpt":{"rendered":"<p>Auteur : Tower House Team \u00c0 propos de l&rsquo;\u00e9quipe de Tower House THT ou mieux connu sous le nom de Tower House Affiliate Team a rassembl\u00e9 le bon, le mauvais et le laid des casinos en ligne. Nous ne sommes pas l\u00e0 pour r\u00e9inventer la roue. Nous ajoutons du sel et du poivre \u00e0 nos [&hellip;]<\/p>\n","protected":false},"author":2,"featured_media":3018,"parent":0,"menu_order":0,"comment_status":"closed","ping_status":"closed","template":"elementor_header_footer","meta":{"footnotes":""},"class_list":["post-1855","page","type-page","status-publish","has-post-thumbnail","hentry"],"blocksy_meta":[],"acf":[],"yoast_head":"<!-- This site is optimized with the Yoast SEO plugin v24.1 - https:\/\/yoast.com\/wordpress\/plugins\/seo\/ -->\n<title>Auteur domini - casinoreturn<\/title>\n<meta name=\"description\" content=\"Des critiques de casinos honn\u00eates et diff\u00e9rentes. Nous mettons en lumi\u00e8re les bonnes, les mauvaises et les terribles v\u00e9rit\u00e9s sur votre meilleur si\u00e8ge dans la maison.\" \/>\n<meta name=\"robots\" content=\"index, follow, max-snippet:-1, max-image-preview:large, max-video-preview:-1\" \/>\n<link rel=\"canonical\" href=\"https:\/\/casinoreturn.com\/fr\/auteur-domini\/\" \/>\n<meta property=\"og:locale\" content=\"fr_FR\" \/>\n<meta property=\"og:type\" content=\"article\" \/>\n<meta property=\"og:title\" content=\"Auteur domini - casinoreturn\" \/>\n<meta property=\"og:description\" content=\"Des critiques de casinos honn\u00eates et diff\u00e9rentes. Nous mettons en lumi\u00e8re les bonnes, les mauvaises et les terribles v\u00e9rit\u00e9s sur votre meilleur si\u00e8ge dans la maison.\" \/>\n<meta property=\"og:url\" content=\"https:\/\/casinoreturn.com\/fr\/auteur-domini\/\" \/>\n<meta property=\"og:site_name\" content=\"casinoreturn\" \/>\n<meta property=\"article:modified_time\" content=\"2024-12-02T14:04:21+00:00\" \/>\n<meta property=\"og:image\" content=\"https:\/\/casinoreturn.com\/wp-content\/uploads\/2024\/11\/Honest-casino-review.webp\" \/>\n\t<meta property=\"og:image:width\" content=\"600\" \/>\n\t<meta property=\"og:image:height\" content=\"424\" \/>\n\t<meta property=\"og:image:type\" content=\"image\/webp\" \/>\n<meta name=\"twitter:card\" content=\"summary_large_image\" \/>\n<meta name=\"twitter:label1\" content=\"Dur\u00e9e de lecture estim\u00e9e\" \/>\n\t<meta name=\"twitter:data1\" content=\"1 minute\" \/>\n<script type=\"application\/ld+json\" class=\"yoast-schema-graph\">{\"@context\":\"https:\/\/schema.org\",\"@graph\":[{\"@type\":\"WebPage\",\"@id\":\"https:\/\/casinoreturn.com\/fr\/auteur-domini\/\",\"url\":\"https:\/\/casinoreturn.com\/fr\/auteur-domini\/\",\"name\":\"Auteur domini - casinoreturn\",\"isPartOf\":{\"@id\":\"https:\/\/casinoreturn.com\/#website\"},\"primaryImageOfPage\":{\"@id\":\"https:\/\/casinoreturn.com\/fr\/auteur-domini\/#primaryimage\"},\"image\":{\"@id\":\"https:\/\/casinoreturn.com\/fr\/auteur-domini\/#primaryimage\"},\"thumbnailUrl\":\"https:\/\/casinoreturn.com\/wp-content\/uploads\/2024\/11\/Honest-casino-review.webp\",\"datePublished\":\"2024-10-08T12:47:07+00:00\",\"dateModified\":\"2024-12-02T14:04:21+00:00\",\"description\":\"Des critiques de casinos honn\u00eates et diff\u00e9rentes. Nous mettons en lumi\u00e8re les bonnes, les mauvaises et les terribles v\u00e9rit\u00e9s sur votre meilleur si\u00e8ge dans la maison.\",\"breadcrumb\":{\"@id\":\"https:\/\/casinoreturn.com\/fr\/auteur-domini\/#breadcrumb\"},\"inLanguage\":\"fr-FR\",\"potentialAction\":[{\"@type\":\"ReadAction\",\"target\":[\"https:\/\/casinoreturn.com\/fr\/auteur-domini\/\"]}]},{\"@type\":\"ImageObject\",\"inLanguage\":\"fr-FR\",\"@id\":\"https:\/\/casinoreturn.com\/fr\/auteur-domini\/#primaryimage\",\"url\":\"https:\/\/casinoreturn.com\/wp-content\/uploads\/2024\/11\/Honest-casino-review.webp\",\"contentUrl\":\"https:\/\/casinoreturn.com\/wp-content\/uploads\/2024\/11\/Honest-casino-review.webp\",\"width\":600,\"height\":424,\"caption\":\"Honest casino review\"},{\"@type\":\"BreadcrumbList\",\"@id\":\"https:\/\/casinoreturn.com\/fr\/auteur-domini\/#breadcrumb\",\"itemListElement\":[{\"@type\":\"ListItem\",\"position\":1,\"name\":\"Home\",\"item\":\"https:\/\/casinoreturn.com\/fr\/home\/\"},{\"@type\":\"ListItem\",\"position\":2,\"name\":\"Auteur domini\"}]},{\"@type\":\"WebSite\",\"@id\":\"https:\/\/casinoreturn.com\/#website\",\"url\":\"https:\/\/casinoreturn.com\/\",\"name\":\"casinoreturn\",\"description\":\"\",\"publisher\":{\"@id\":\"https:\/\/casinoreturn.com\/#organization\"},\"potentialAction\":[{\"@type\":\"SearchAction\",\"target\":{\"@type\":\"EntryPoint\",\"urlTemplate\":\"https:\/\/casinoreturn.com\/?s={search_term_string}\"},\"query-input\":{\"@type\":\"PropertyValueSpecification\",\"valueRequired\":true,\"valueName\":\"search_term_string\"}}],\"inLanguage\":\"fr-FR\"},{\"@type\":\"Organization\",\"@id\":\"https:\/\/casinoreturn.com\/#organization\",\"name\":\"casinoreturn\",\"url\":\"https:\/\/casinoreturn.com\/\",\"logo\":{\"@type\":\"ImageObject\",\"inLanguage\":\"fr-FR\",\"@id\":\"https:\/\/casinoreturn.com\/#\/schema\/logo\/image\/\",\"url\":\"https:\/\/casinoreturn.com\/wp-content\/uploads\/2024\/09\/animal-favicon.png\",\"contentUrl\":\"https:\/\/casinoreturn.com\/wp-content\/uploads\/2024\/09\/animal-favicon.png\",\"width\":92,\"height\":92,\"caption\":\"casinoreturn\"},\"image\":{\"@id\":\"https:\/\/casinoreturn.com\/#\/schema\/logo\/image\/\"}}]}<\/script>\n<!-- \/ Yoast SEO plugin. -->","yoast_head_json":{"title":"Auteur domini - casinoreturn","description":"Des critiques de casinos honn\u00eates et diff\u00e9rentes. Nous mettons en lumi\u00e8re les bonnes, les mauvaises et les terribles v\u00e9rit\u00e9s sur votre meilleur si\u00e8ge dans la maison.","robots":{"index":"index","follow":"follow","max-snippet":"max-snippet:-1","max-image-preview":"max-image-preview:large","max-video-preview":"max-video-preview:-1"},"canonical":"https:\/\/casinoreturn.com\/fr\/auteur-domini\/","og_locale":"fr_FR","og_type":"article","og_title":"Auteur domini - casinoreturn","og_description":"Des critiques de casinos honn\u00eates et diff\u00e9rentes. Nous mettons en lumi\u00e8re les bonnes, les mauvaises et les terribles v\u00e9rit\u00e9s sur votre meilleur si\u00e8ge dans la maison.","og_url":"https:\/\/casinoreturn.com\/fr\/auteur-domini\/","og_site_name":"casinoreturn","article_modified_time":"2024-12-02T14:04:21+00:00","og_image":[{"width":600,"height":424,"url":"https:\/\/casinoreturn.com\/wp-content\/uploads\/2024\/11\/Honest-casino-review.webp","type":"image\/webp"}],"twitter_card":"summary_large_image","twitter_misc":{"Dur\u00e9e de lecture estim\u00e9e":"1 minute"},"schema":{"@context":"https:\/\/schema.org","@graph":[{"@type":"WebPage","@id":"https:\/\/casinoreturn.com\/fr\/auteur-domini\/","url":"https:\/\/casinoreturn.com\/fr\/auteur-domini\/","name":"Auteur domini - casinoreturn","isPartOf":{"@id":"https:\/\/casinoreturn.com\/#website"},"primaryImageOfPage":{"@id":"https:\/\/casinoreturn.com\/fr\/auteur-domini\/#primaryimage"},"image":{"@id":"https:\/\/casinoreturn.com\/fr\/auteur-domini\/#primaryimage"},"thumbnailUrl":"https:\/\/casinoreturn.com\/wp-content\/uploads\/2024\/11\/Honest-casino-review.webp","datePublished":"2024-10-08T12:47:07+00:00","dateModified":"2024-12-02T14:04:21+00:00","description":"Des critiques de casinos honn\u00eates et diff\u00e9rentes. Nous mettons en lumi\u00e8re les bonnes, les mauvaises et les terribles v\u00e9rit\u00e9s sur votre meilleur si\u00e8ge dans la maison.","breadcrumb":{"@id":"https:\/\/casinoreturn.com\/fr\/auteur-domini\/#breadcrumb"},"inLanguage":"fr-FR","potentialAction":[{"@type":"ReadAction","target":["https:\/\/casinoreturn.com\/fr\/auteur-domini\/"]}]},{"@type":"ImageObject","inLanguage":"fr-FR","@id":"https:\/\/casinoreturn.com\/fr\/auteur-domini\/#primaryimage","url":"https:\/\/casinoreturn.com\/wp-content\/uploads\/2024\/11\/Honest-casino-review.webp","contentUrl":"https:\/\/casinoreturn.com\/wp-content\/uploads\/2024\/11\/Honest-casino-review.webp","width":600,"height":424,"caption":"Honest casino review"},{"@type":"BreadcrumbList","@id":"https:\/\/casinoreturn.com\/fr\/auteur-domini\/#breadcrumb","itemListElement":[{"@type":"ListItem","position":1,"name":"Home","item":"https:\/\/casinoreturn.com\/fr\/home\/"},{"@type":"ListItem","position":2,"name":"Auteur domini"}]},{"@type":"WebSite","@id":"https:\/\/casinoreturn.com\/#website","url":"https:\/\/casinoreturn.com\/","name":"casinoreturn","description":"","publisher":{"@id":"https:\/\/casinoreturn.com\/#organization"},"potentialAction":[{"@type":"SearchAction","target":{"@type":"EntryPoint","urlTemplate":"https:\/\/casinoreturn.com\/?s={search_term_string}"},"query-input":{"@type":"PropertyValueSpecification","valueRequired":true,"valueName":"search_term_string"}}],"inLanguage":"fr-FR"},{"@type":"Organization","@id":"https:\/\/casinoreturn.com\/#organization","name":"casinoreturn","url":"https:\/\/casinoreturn.com\/","logo":{"@type":"ImageObject","inLanguage":"fr-FR","@id":"https:\/\/casinoreturn.com\/#\/schema\/logo\/image\/","url":"https:\/\/casinoreturn.com\/wp-content\/uploads\/2024\/09\/animal-favicon.png","contentUrl":"https:\/\/casinoreturn.com\/wp-content\/uploads\/2024\/09\/animal-favicon.png","width":92,"height":92,"caption":"casinoreturn"},"image":{"@id":"https:\/\/casinoreturn.com\/#\/schema\/logo\/image\/"}}]}},"_links":{"self":[{"href":"https:\/\/casinoreturn.com\/fr\/wp-json\/wp\/v2\/pages\/1855","targetHints":{"allow":["GET"]}}],"collection":[{"href":"https:\/\/casinoreturn.com\/fr\/wp-json\/wp\/v2\/pages"}],"about":[{"href":"https:\/\/casinoreturn.com\/fr\/wp-json\/wp\/v2\/types\/page"}],"author":[{"embeddable":true,"href":"https:\/\/casinoreturn.com\/fr\/wp-json\/wp\/v2\/users\/2"}],"replies":[{"embeddable":true,"href":"https:\/\/casinoreturn.com\/fr\/wp-json\/wp\/v2\/comments?post=1855"}],"version-history":[{"count":4,"href":"https:\/\/casinoreturn.com\/fr\/wp-json\/wp\/v2\/pages\/1855\/revisions"}],"predecessor-version":[{"id":4596,"href":"https:\/\/casinoreturn.com\/fr\/wp-json\/wp\/v2\/pages\/1855\/revisions\/4596"}],"wp:featuredmedia":[{"embeddable":true,"href":"https:\/\/casinoreturn.com\/fr\/wp-json\/wp\/v2\/media\/3018"}],"wp:attachment":[{"href":"https:\/\/casinoreturn.com\/fr\/wp-json\/wp\/v2\/media?parent=1855"}],"curies":[{"name":"wp","href":"https:\/\/api.w.org\/{rel}","templated":true}]}}