{"id":4508,"date":"2024-11-11T14:01:17","date_gmt":"2024-11-11T14:01:17","guid":{"rendered":"https:\/\/casinoreturn.com\/licences-de-casino\/"},"modified":"2024-12-02T12:13:14","modified_gmt":"2024-12-02T12:13:14","slug":"licences-de-casino","status":"publish","type":"page","link":"https:\/\/casinoreturn.com\/fr\/licences-de-casino\/","title":{"rendered":"Licences de casino"},"content":{"rendered":"\t\t<div data-elementor-type=\"wp-page\" data-elementor-id=\"4508\" class=\"elementor elementor-4508\" data-elementor-post-type=\"page\">\n\t\t\t\t<div class=\"elementor-element elementor-element-25ab31d e-con-full e-flex e-con e-parent\" data-id=\"25ab31d\" data-element_type=\"container\">\n\t\t\t\t<div class=\"elementor-element elementor-element-e2d7818 elementor-widget elementor-widget-image\" data-id=\"e2d7818\" data-element_type=\"widget\" data-widget_type=\"image.default\">\n\t\t\t\t<div class=\"elementor-widget-container\">\n\t\t\t\t\t\t\t\t\t\t\t\t\t\t\t<img fetchpriority=\"high\" decoding=\"async\" width=\"1024\" height=\"538\" src=\"https:\/\/casinoreturn.com\/wp-content\/uploads\/2024\/12\/Online-Casino-Licences-1024x538.png\" class=\"attachment-large size-large wp-image-4475\" alt=\"Online Casino Licences\" srcset=\"https:\/\/casinoreturn.com\/wp-content\/uploads\/2024\/12\/Online-Casino-Licences-1024x538.png 1024w, https:\/\/casinoreturn.com\/wp-content\/uploads\/2024\/12\/Online-Casino-Licences-300x158.png 300w, https:\/\/casinoreturn.com\/wp-content\/uploads\/2024\/12\/Online-Casino-Licences-768x403.png 768w, https:\/\/casinoreturn.com\/wp-content\/uploads\/2024\/12\/Online-Casino-Licences.png 1200w\" sizes=\"(max-width: 1024px) 100vw, 1024px\" \/>\t\t\t\t\t\t\t\t\t\t\t\t\t\t\t<\/div>\n\t\t\t\t<\/div>\n\t\t\t\t<div class=\"elementor-element elementor-element-91388ca elementor-widget elementor-widget-heading\" data-id=\"91388ca\" data-element_type=\"widget\" data-widget_type=\"heading.default\">\n\t\t\t\t<div class=\"elementor-widget-container\">\n\t\t\t\t\t<h3 class=\"elementor-heading-title elementor-size-default\">Licences de casinos en ligne pour les jeux de hasard et les paris sportifs<\/h3>\t\t\t\t<\/div>\n\t\t\t\t<\/div>\n\t\t\t\t<div class=\"elementor-element elementor-element-b90a94d elementor-widget elementor-widget-text-editor\" data-id=\"b90a94d\" data-element_type=\"widget\" data-widget_type=\"text-editor.default\">\n\t\t\t\t<div class=\"elementor-widget-container\">\n\t\t\t\t\t\t\t\t\t<p>Les licences en ligne pour les casinos sont essentielles pour r\u00e9glementer et offrir un havre de paix pour les jeux d&rsquo;argent en ligne. Le secteur des jeux en ligne a connu une explosion de la demande et de la popularit\u00e9. On estime que le march\u00e9 mondial des jeux d&rsquo;argent d\u00e9passe les 270 milliards de dollars am\u00e9ricains. La conf\u00e9rence COVID-19 de 2019 a mis \u00e0 mal ce chiffre, mais la reprise a \u00e9t\u00e9 rapide et le march\u00e9 a connu une croissance exponentielle.     <\/p>\n\t\t\t\t\t\t\t\t<\/div>\n\t\t\t\t<\/div>\n\t\t\t\t<div class=\"elementor-element elementor-element-349a86e elementor-widget elementor-widget-heading\" data-id=\"349a86e\" data-element_type=\"widget\" data-widget_type=\"heading.default\">\n\t\t\t\t<div class=\"elementor-widget-container\">\n\t\t\t\t\t<h3 class=\"elementor-heading-title elementor-size-default\">March\u00e9s blanc, gris et noir - L'heure de la d\u00e9cision a sonn\u00e9 pour les joueurs<\/h3>\t\t\t\t<\/div>\n\t\t\t\t<\/div>\n\t\t\t\t<div class=\"elementor-element elementor-element-fbe3b09 elementor-widget elementor-widget-text-editor\" data-id=\"fbe3b09\" data-element_type=\"widget\" data-widget_type=\"text-editor.default\">\n\t\t\t\t<div class=\"elementor-widget-container\">\n\t\t\t\t\t\t\t\t\t<p>Lorsque l&rsquo;on parle de march\u00e9s blanc, gris et noir, on parle de  <span style=\"box-sizing: border-box; margin: 0px; padding: 0px;\">font r\u00e9f\u00e9rence \u00e0 certaines licences ou, dans certains cas, \u00e0 l&rsquo;absence de licence. Quelques <a href=\"https:\/\/upgaming.com\/white-grey-and-black-igaming-markets\/\" target=\"_blank\" rel=\"noopener\">informations<\/a> suppl\u00e9mentaires <\/span><a href=\"https:\/\/upgaming.com\/white-grey-and-black-igaming-markets\/\">  peut \u00eatre lu ici.<\/a><\/p>\n<h4><strong>March\u00e9s blancs pour les jeux en ligne &#8211; March\u00e9s r\u00e9glement\u00e9s pour les jeux en ligne<\/strong><\/h4>\n<p>Les casinos du march\u00e9 blanc sont consid\u00e9r\u00e9s comme plus s\u00fbrs et op\u00e8rent dans des pays o\u00f9 les jeux d&rsquo;argent en ligne sont autoris\u00e9s. La plupart des pays d&rsquo;Europe ont mis en place des r\u00e9glementations pour contr\u00f4ler et r\u00e9guler les casinos. Les juridictions ont impos\u00e9 des r\u00e8gles strictes et introduit le jeu responsable. Les r\u00e9gulateurs ont forc\u00e9 les casinos en ligne \u00e0 d\u00e9voiler leurs revenus et leurs mesures proactives en mati\u00e8re de jeu responsable. Certaines juridictions sont all\u00e9es jusqu&rsquo;\u00e0 s\u00e9parer les paris sportifs des casinos en ligne. Elles ont s\u00e9par\u00e9 les bonus de bienvenue, les paris gratuits, les tours gratuits et les mises minimales que l&rsquo;on peut placer.       <\/p>\n<p>Cette mesure repr\u00e9sente un co\u00fbt \u00e9lev\u00e9 pour les op\u00e9rateurs et les op\u00e9rateurs utilisant des licences MGA, des licences de l&rsquo;\u00eele de Man, de Kahnawake et des licences britanniques.  <\/p>\n<h4><strong>March\u00e9s gris des jeux d&rsquo;argent &#8211; Proches mais pas tant que \u00e7a<\/strong><\/h4>\n<p>La diff\u00e9rence entre le march\u00e9 blanc et le march\u00e9 gris est assez facile \u00e0 discerner. Les march\u00e9s gris autorisent les op\u00e9rations de casino en ligne et les op\u00e9rations terrestres, mais avec moins de r\u00e9glementations et de restrictions. Les casinos peuvent op\u00e9rer avec des licences internationales, telles que les licences de Cura\u00e7ao. Les op\u00e9rateurs peuvent choisir d&rsquo;exploiter plus d&rsquo;un casino en ligne sous une telle licence, qui est moins susceptible d&rsquo;\u00eatre r\u00e9glement\u00e9e par les l\u00e9gislateurs locaux. Des am\u00e9liorations positives ont \u00e9t\u00e9 constat\u00e9es sur les march\u00e9s gris, et de plus en plus de casinos des march\u00e9s gris s&rsquo;adaptent volontairement au jeu responsable. N\u00e9anmoins, les march\u00e9s gris ont toujours le dessus en ce qui concerne la volatilit\u00e9 et la transparence de leurs op\u00e9rations.       <\/p>\n<h4><strong>March\u00e9s noirs des jeux en ligne &#8211; Ce qu&rsquo;il faut savoir<\/strong><\/h4>\n<p>Les march\u00e9s noirs sont consid\u00e9r\u00e9s comme des march\u00e9s o\u00f9 les jeux d&rsquo;argent ou les jeux d&rsquo;argent en ligne sont interdits. Cela peut \u00eatre d\u00fb \u00e0 des croyances, \u00e0 des raisons culturelles, \u00e9thiques ou politiques. Les casinos op\u00e9rant sur ces march\u00e9s sont g\u00e9n\u00e9ralement ferm\u00e9s rapidement et peuvent faire l&rsquo;objet de poursuites p\u00e9nales lorsqu&rsquo;ils p\u00e9n\u00e8trent dans ces pays. Les pays musulmans, certains pays africains et l&rsquo;Asie sont des march\u00e9s noirs de premier ordre. Le jeu responsable est inexistant ; les op\u00e9rations bancaires, les d\u00e9p\u00f4ts et les retraits sont devenus de plus en plus volatiles. Il est d\u00e9conseill\u00e9 d&rsquo;utiliser les casinos sans licence.       <\/p>\n\t\t\t\t\t\t\t\t<\/div>\n\t\t\t\t<\/div>\n\t\t\t\t<div class=\"elementor-element elementor-element-cbb0223 elementor-widget elementor-widget-image\" data-id=\"cbb0223\" data-element_type=\"widget\" data-widget_type=\"image.default\">\n\t\t\t\t<div class=\"elementor-widget-container\">\n\t\t\t\t\t\t\t\t\t\t\t\t\t\t\t<img decoding=\"async\" width=\"225\" height=\"225\" src=\"https:\/\/casinoreturn.com\/wp-content\/uploads\/2024\/12\/Black-market-igaming.png\" class=\"attachment-large size-large wp-image-4487\" alt=\"Black market igaming\" srcset=\"https:\/\/casinoreturn.com\/wp-content\/uploads\/2024\/12\/Black-market-igaming.png 225w, https:\/\/casinoreturn.com\/wp-content\/uploads\/2024\/12\/Black-market-igaming-150x150.png 150w\" sizes=\"(max-width: 225px) 100vw, 225px\" \/>\t\t\t\t\t\t\t\t\t\t\t\t\t\t\t<\/div>\n\t\t\t\t<\/div>\n\t\t\t\t<div class=\"elementor-element elementor-element-e5d1860 elementor-widget elementor-widget-heading\" data-id=\"e5d1860\" data-element_type=\"widget\" data-widget_type=\"heading.default\">\n\t\t\t\t<div class=\"elementor-widget-container\">\n\t\t\t\t\t<h3 class=\"elementor-heading-title elementor-size-default\">Obstacles et d\u00e9fis  <\/h3>\t\t\t\t<\/div>\n\t\t\t\t<\/div>\n\t\t\t\t<div class=\"elementor-element elementor-element-1cd3dce elementor-widget elementor-widget-text-editor\" data-id=\"1cd3dce\" data-element_type=\"widget\" data-widget_type=\"text-editor.default\">\n\t\t\t\t<div class=\"elementor-widget-container\">\n\t\t\t\t\t\t\t\t\t<p>\u00catre sans licence, c&rsquo;est un peu comme jouer \u00e0 la roulette russe. La loi est sur vos talons et l&rsquo;op\u00e9rateur risque la fermeture et des amendes p\u00e9nales. Les poursuites judiciaires et l&#8217;emprisonnement sont quelques-uns des avantages auxquels vous pouvez vous attendre. Les clients se heurtent \u00e0 une forte r\u00e9sistance et \u00e0 la possibilit\u00e9 de fermer leur compte sans pouvoir poser de questions.     <\/p>\n<p>Il est pr\u00e9f\u00e9rable de penser \u00e0 long terme et d&rsquo;obtenir une licence de casino afin de fournir un service de qualit\u00e9 et des produits de marque. Avec les march\u00e9s gris et les march\u00e9s de jeux blancs, la publicit\u00e9 est possible ou limit\u00e9e \u00e0 certaines parties. De nos jours, les joueurs s&rsquo;int\u00e9ressent aux licences avant de s&rsquo;inscrire.  <\/p>\n\t\t\t\t\t\t\t\t<\/div>\n\t\t\t\t<\/div>\n\t\t\t\t<\/div>\n\t\t\t\t<\/div>\n\t\t","protected":false},"excerpt":{"rendered":"<p>Licences de casinos en ligne pour les jeux de hasard et les paris sportifs Les licences en ligne pour les casinos sont essentielles pour r\u00e9glementer et offrir un havre de paix pour les jeux d&rsquo;argent en ligne. Le secteur des jeux en ligne a connu une explosion de la demande et de la popularit\u00e9. On [&hellip;]<\/p>\n","protected":false},"author":1,"featured_media":0,"parent":0,"menu_order":0,"comment_status":"closed","ping_status":"closed","template":"","meta":{"footnotes":""},"class_list":["post-4508","page","type-page","status-publish","hentry"],"blocksy_meta":[],"acf":[],"yoast_head":"<!-- This site is optimized with the Yoast SEO plugin v24.1 - https:\/\/yoast.com\/wordpress\/plugins\/seo\/ -->\n<title>Licences de casino - casinoreturn<\/title>\n<meta name=\"description\" content=\"Les licences de casino peuvent d\u00e9terminer votre d\u00e9cision de vous inscrire et de jouer au casino en ligne. Voici quelques licences de casino et des casinos.\" \/>\n<meta name=\"robots\" content=\"index, follow, max-snippet:-1, max-image-preview:large, max-video-preview:-1\" \/>\n<link rel=\"canonical\" href=\"https:\/\/casinoreturn.com\/fr\/licences-de-casino\/\" \/>\n<meta property=\"og:locale\" content=\"fr_FR\" \/>\n<meta property=\"og:type\" content=\"article\" \/>\n<meta property=\"og:title\" content=\"Licences de casino - casinoreturn\" \/>\n<meta property=\"og:description\" content=\"Les licences de casino peuvent d\u00e9terminer votre d\u00e9cision de vous inscrire et de jouer au casino en ligne. Voici quelques licences de casino et des casinos.\" \/>\n<meta property=\"og:url\" content=\"https:\/\/casinoreturn.com\/fr\/licences-de-casino\/\" \/>\n<meta property=\"og:site_name\" content=\"casinoreturn\" \/>\n<meta property=\"article:modified_time\" content=\"2024-12-02T12:13:14+00:00\" \/>\n<meta property=\"og:image\" content=\"https:\/\/casinoreturn.com\/wp-content\/uploads\/2024\/12\/Online-Casino-Licences.png\" \/>\n\t<meta property=\"og:image:width\" content=\"1200\" \/>\n\t<meta property=\"og:image:height\" content=\"630\" \/>\n\t<meta property=\"og:image:type\" content=\"image\/png\" \/>\n<meta name=\"twitter:card\" content=\"summary_large_image\" \/>\n<meta name=\"twitter:label1\" content=\"Dur\u00e9e de lecture estim\u00e9e\" \/>\n\t<meta name=\"twitter:data1\" content=\"4 minutes\" \/>\n<script type=\"application\/ld+json\" class=\"yoast-schema-graph\">{\"@context\":\"https:\/\/schema.org\",\"@graph\":[{\"@type\":\"WebPage\",\"@id\":\"https:\/\/casinoreturn.com\/fr\/licences-de-casino\/\",\"url\":\"https:\/\/casinoreturn.com\/fr\/licences-de-casino\/\",\"name\":\"Licences de casino - casinoreturn\",\"isPartOf\":{\"@id\":\"https:\/\/casinoreturn.com\/#website\"},\"primaryImageOfPage\":{\"@id\":\"https:\/\/casinoreturn.com\/fr\/licences-de-casino\/#primaryimage\"},\"image\":{\"@id\":\"https:\/\/casinoreturn.com\/fr\/licences-de-casino\/#primaryimage\"},\"thumbnailUrl\":\"https:\/\/casinoreturn.com\/wp-content\/uploads\/2024\/12\/Online-Casino-Licences-1024x538.png\",\"datePublished\":\"2024-11-11T14:01:17+00:00\",\"dateModified\":\"2024-12-02T12:13:14+00:00\",\"description\":\"Les licences de casino peuvent d\u00e9terminer votre d\u00e9cision de vous inscrire et de jouer au casino en ligne. Voici quelques licences de casino et des casinos.\",\"breadcrumb\":{\"@id\":\"https:\/\/casinoreturn.com\/fr\/licences-de-casino\/#breadcrumb\"},\"inLanguage\":\"fr-FR\",\"potentialAction\":[{\"@type\":\"ReadAction\",\"target\":[\"https:\/\/casinoreturn.com\/fr\/licences-de-casino\/\"]}]},{\"@type\":\"ImageObject\",\"inLanguage\":\"fr-FR\",\"@id\":\"https:\/\/casinoreturn.com\/fr\/licences-de-casino\/#primaryimage\",\"url\":\"https:\/\/casinoreturn.com\/wp-content\/uploads\/2024\/12\/Online-Casino-Licences-1024x538.png\",\"contentUrl\":\"https:\/\/casinoreturn.com\/wp-content\/uploads\/2024\/12\/Online-Casino-Licences-1024x538.png\"},{\"@type\":\"BreadcrumbList\",\"@id\":\"https:\/\/casinoreturn.com\/fr\/licences-de-casino\/#breadcrumb\",\"itemListElement\":[{\"@type\":\"ListItem\",\"position\":1,\"name\":\"Home\",\"item\":\"https:\/\/casinoreturn.com\/fr\/home\/\"},{\"@type\":\"ListItem\",\"position\":2,\"name\":\"Licences de casino\"}]},{\"@type\":\"WebSite\",\"@id\":\"https:\/\/casinoreturn.com\/#website\",\"url\":\"https:\/\/casinoreturn.com\/\",\"name\":\"casinoreturn\",\"description\":\"\",\"publisher\":{\"@id\":\"https:\/\/casinoreturn.com\/#organization\"},\"potentialAction\":[{\"@type\":\"SearchAction\",\"target\":{\"@type\":\"EntryPoint\",\"urlTemplate\":\"https:\/\/casinoreturn.com\/?s={search_term_string}\"},\"query-input\":{\"@type\":\"PropertyValueSpecification\",\"valueRequired\":true,\"valueName\":\"search_term_string\"}}],\"inLanguage\":\"fr-FR\"},{\"@type\":\"Organization\",\"@id\":\"https:\/\/casinoreturn.com\/#organization\",\"name\":\"casinoreturn\",\"url\":\"https:\/\/casinoreturn.com\/\",\"logo\":{\"@type\":\"ImageObject\",\"inLanguage\":\"fr-FR\",\"@id\":\"https:\/\/casinoreturn.com\/#\/schema\/logo\/image\/\",\"url\":\"https:\/\/casinoreturn.com\/wp-content\/uploads\/2024\/09\/animal-favicon.png\",\"contentUrl\":\"https:\/\/casinoreturn.com\/wp-content\/uploads\/2024\/09\/animal-favicon.png\",\"width\":92,\"height\":92,\"caption\":\"casinoreturn\"},\"image\":{\"@id\":\"https:\/\/casinoreturn.com\/#\/schema\/logo\/image\/\"}}]}<\/script>\n<!-- \/ Yoast SEO plugin. -->","yoast_head_json":{"title":"Licences de casino - casinoreturn","description":"Les licences de casino peuvent d\u00e9terminer votre d\u00e9cision de vous inscrire et de jouer au casino en ligne. Voici quelques licences de casino et des casinos.","robots":{"index":"index","follow":"follow","max-snippet":"max-snippet:-1","max-image-preview":"max-image-preview:large","max-video-preview":"max-video-preview:-1"},"canonical":"https:\/\/casinoreturn.com\/fr\/licences-de-casino\/","og_locale":"fr_FR","og_type":"article","og_title":"Licences de casino - casinoreturn","og_description":"Les licences de casino peuvent d\u00e9terminer votre d\u00e9cision de vous inscrire et de jouer au casino en ligne. Voici quelques licences de casino et des casinos.","og_url":"https:\/\/casinoreturn.com\/fr\/licences-de-casino\/","og_site_name":"casinoreturn","article_modified_time":"2024-12-02T12:13:14+00:00","og_image":[{"width":1200,"height":630,"url":"https:\/\/casinoreturn.com\/wp-content\/uploads\/2024\/12\/Online-Casino-Licences.png","type":"image\/png"}],"twitter_card":"summary_large_image","twitter_misc":{"Dur\u00e9e de lecture estim\u00e9e":"4 minutes"},"schema":{"@context":"https:\/\/schema.org","@graph":[{"@type":"WebPage","@id":"https:\/\/casinoreturn.com\/fr\/licences-de-casino\/","url":"https:\/\/casinoreturn.com\/fr\/licences-de-casino\/","name":"Licences de casino - casinoreturn","isPartOf":{"@id":"https:\/\/casinoreturn.com\/#website"},"primaryImageOfPage":{"@id":"https:\/\/casinoreturn.com\/fr\/licences-de-casino\/#primaryimage"},"image":{"@id":"https:\/\/casinoreturn.com\/fr\/licences-de-casino\/#primaryimage"},"thumbnailUrl":"https:\/\/casinoreturn.com\/wp-content\/uploads\/2024\/12\/Online-Casino-Licences-1024x538.png","datePublished":"2024-11-11T14:01:17+00:00","dateModified":"2024-12-02T12:13:14+00:00","description":"Les licences de casino peuvent d\u00e9terminer votre d\u00e9cision de vous inscrire et de jouer au casino en ligne. Voici quelques licences de casino et des casinos.","breadcrumb":{"@id":"https:\/\/casinoreturn.com\/fr\/licences-de-casino\/#breadcrumb"},"inLanguage":"fr-FR","potentialAction":[{"@type":"ReadAction","target":["https:\/\/casinoreturn.com\/fr\/licences-de-casino\/"]}]},{"@type":"ImageObject","inLanguage":"fr-FR","@id":"https:\/\/casinoreturn.com\/fr\/licences-de-casino\/#primaryimage","url":"https:\/\/casinoreturn.com\/wp-content\/uploads\/2024\/12\/Online-Casino-Licences-1024x538.png","contentUrl":"https:\/\/casinoreturn.com\/wp-content\/uploads\/2024\/12\/Online-Casino-Licences-1024x538.png"},{"@type":"BreadcrumbList","@id":"https:\/\/casinoreturn.com\/fr\/licences-de-casino\/#breadcrumb","itemListElement":[{"@type":"ListItem","position":1,"name":"Home","item":"https:\/\/casinoreturn.com\/fr\/home\/"},{"@type":"ListItem","position":2,"name":"Licences de casino"}]},{"@type":"WebSite","@id":"https:\/\/casinoreturn.com\/#website","url":"https:\/\/casinoreturn.com\/","name":"casinoreturn","description":"","publisher":{"@id":"https:\/\/casinoreturn.com\/#organization"},"potentialAction":[{"@type":"SearchAction","target":{"@type":"EntryPoint","urlTemplate":"https:\/\/casinoreturn.com\/?s={search_term_string}"},"query-input":{"@type":"PropertyValueSpecification","valueRequired":true,"valueName":"search_term_string"}}],"inLanguage":"fr-FR"},{"@type":"Organization","@id":"https:\/\/casinoreturn.com\/#organization","name":"casinoreturn","url":"https:\/\/casinoreturn.com\/","logo":{"@type":"ImageObject","inLanguage":"fr-FR","@id":"https:\/\/casinoreturn.com\/#\/schema\/logo\/image\/","url":"https:\/\/casinoreturn.com\/wp-content\/uploads\/2024\/09\/animal-favicon.png","contentUrl":"https:\/\/casinoreturn.com\/wp-content\/uploads\/2024\/09\/animal-favicon.png","width":92,"height":92,"caption":"casinoreturn"},"image":{"@id":"https:\/\/casinoreturn.com\/#\/schema\/logo\/image\/"}}]}},"_links":{"self":[{"href":"https:\/\/casinoreturn.com\/fr\/wp-json\/wp\/v2\/pages\/4508","targetHints":{"allow":["GET"]}}],"collection":[{"href":"https:\/\/casinoreturn.com\/fr\/wp-json\/wp\/v2\/pages"}],"about":[{"href":"https:\/\/casinoreturn.com\/fr\/wp-json\/wp\/v2\/types\/page"}],"author":[{"embeddable":true,"href":"https:\/\/casinoreturn.com\/fr\/wp-json\/wp\/v2\/users\/1"}],"replies":[{"embeddable":true,"href":"https:\/\/casinoreturn.com\/fr\/wp-json\/wp\/v2\/comments?post=4508"}],"version-history":[{"count":1,"href":"https:\/\/casinoreturn.com\/fr\/wp-json\/wp\/v2\/pages\/4508\/revisions"}],"predecessor-version":[{"id":4509,"href":"https:\/\/casinoreturn.com\/fr\/wp-json\/wp\/v2\/pages\/4508\/revisions\/4509"}],"wp:attachment":[{"href":"https:\/\/casinoreturn.com\/fr\/wp-json\/wp\/v2\/media?parent=4508"}],"curies":[{"name":"wp","href":"https:\/\/api.w.org\/{rel}","templated":true}]}}