{"id":4551,"date":"2024-11-02T10:47:02","date_gmt":"2024-11-02T10:47:02","guid":{"rendered":"https:\/\/casinoreturn.com\/influenceur-casino\/"},"modified":"2025-03-12T10:50:26","modified_gmt":"2025-03-12T10:50:26","slug":"influenceur-casino","status":"publish","type":"page","link":"https:\/\/casinoreturn.com\/fr\/influenceur-casino\/","title":{"rendered":"Influenceur Casino"},"content":{"rendered":"\t\t<div data-elementor-type=\"wp-page\" data-elementor-id=\"4551\" class=\"elementor elementor-4551\" data-elementor-post-type=\"page\">\n\t\t\t\t<div class=\"elementor-element elementor-element-55b8a04 e-flex e-con-boxed e-con e-parent\" data-id=\"55b8a04\" data-element_type=\"container\">\n\t\t\t\t\t<div class=\"e-con-inner\">\n\t\t\t\t<div class=\"elementor-element elementor-element-56141af elementor-widget elementor-widget-text-editor\" data-id=\"56141af\" data-element_type=\"widget\" data-widget_type=\"text-editor.default\">\n\t\t\t\t<div class=\"elementor-widget-container\">\n\t\t\t\t\t\t\t\t\t<h3>Les influenceurs de casinos qui utilisent les m\u00e9dias sociaux sont de plus en plus connus, un point souvent n\u00e9glig\u00e9 par de nombreux op\u00e9rateurs.  <\/h3>\n\t\t\t\t\t\t\t\t<\/div>\n\t\t\t\t<\/div>\n\t\t\t\t\t<\/div>\n\t\t\t\t<\/div>\n\t\t<div class=\"elementor-element elementor-element-fbf2875 e-flex e-con-boxed e-con e-parent\" data-id=\"fbf2875\" data-element_type=\"container\">\n\t\t\t\t\t<div class=\"e-con-inner\">\n\t\t\t\t<div class=\"elementor-element elementor-element-c338f23 elementor-widget elementor-widget-text-editor\" data-id=\"c338f23\" data-element_type=\"widget\" data-widget_type=\"text-editor.default\">\n\t\t\t\t<div class=\"elementor-widget-container\">\n\t\t\t\t\t\t\t\t\t<p>Dans le monde d&rsquo;aujourd&rsquo;hui o\u00f9 les tendances changent constamment, un groupe est devenu ind\u00e9niablement une force motrice dans l&rsquo;industrie des jeux d&rsquo;argent en ligne. Nous parlons ici de la mont\u00e9e en fl\u00e8che des influenceurs sociaux des casinos en ligne. Quel r\u00f4le jouent-ils au sein de la communaut\u00e9 des joueurs ? Quels sont les avantages des influenceurs dans les jeux ? Et bien d&rsquo;autres faits int\u00e9ressants que nous aimerions vous pr\u00e9senter \u00e0 vous, le consommateur final. Cliquez <strong>ICI<\/strong> pour vous engager avec notre streamer du mois et lire notre revue du streamer Casino Return.       <\/p>\n\t\t\t\t\t\t\t\t<\/div>\n\t\t\t\t<\/div>\n\t\t\t\t\t<\/div>\n\t\t\t\t<\/div>\n\t\t<div class=\"elementor-element elementor-element-f3bb186 e-flex e-con-boxed e-con e-parent\" data-id=\"f3bb186\" data-element_type=\"container\">\n\t\t\t\t\t<div class=\"e-con-inner\">\n\t\t\t\t<div class=\"elementor-element elementor-element-0c927c6 elementor-widget elementor-widget-heading\" data-id=\"0c927c6\" data-element_type=\"widget\" data-widget_type=\"heading.default\">\n\t\t\t\t<div class=\"elementor-widget-container\">\n\t\t\t\t\t<h4 class=\"elementor-heading-title elementor-size-default\">Influenceurs dans le secteur des jeux de hasard<\/h4>\t\t\t\t<\/div>\n\t\t\t\t<\/div>\n\t\t\t\t\t<\/div>\n\t\t\t\t<\/div>\n\t\t<div class=\"elementor-element elementor-element-a4caf4b e-flex e-con-boxed e-con e-parent\" data-id=\"a4caf4b\" data-element_type=\"container\">\n\t\t\t\t\t<div class=\"e-con-inner\">\n\t\t\t\t<div class=\"elementor-element elementor-element-9bb9446 elementor-widget elementor-widget-text-editor\" data-id=\"9bb9446\" data-element_type=\"widget\" data-widget_type=\"text-editor.default\">\n\t\t\t\t<div class=\"elementor-widget-container\">\n\t\t\t\t\t\t\t\t\t<p>Depuis l&rsquo;essor fulgurant des plateformes de m\u00e9dias sociaux, un groupe de personnes s&rsquo;est adapt\u00e9 et a d\u00e9laiss\u00e9 la mode, le sport et l&rsquo;alimentation pour se tourner vers les jeux d&rsquo;argent en ligne. Les <a href=\"https:\/\/casinoreturn.com\/fr\/cest-ainsi-que-les-choses-sont-ainsi-les-choses-sont\/\">influenceurs<\/a> dans le domaine du marketing n&rsquo;ont rien de nouveau. Auparavant, il s&rsquo;agissait souvent d&rsquo;ic\u00f4nes du sport ou de musiciens qui faisaient la promotion de leurs produits en public. Mais les temps ont chang\u00e9 et depuis que la plupart d&rsquo;entre nous sont en possession de t\u00e9l\u00e9phones portables et d&rsquo;Internet, un nombre nettement plus \u00e9lev\u00e9 d&rsquo;influenceurs ont intensifi\u00e9 leur jeu en promouvant des produits de jeux d&rsquo;argent en ligne. Ce type d&rsquo;approbation d&rsquo;une marque a ouvert la porte au bon, au mauvais et au laid, en d&rsquo;autres termes, les influenceurs d&rsquo;aujourd&rsquo;hui doivent aussi prendre leur part dans le jeu responsable. Examinons donc quelques-uns des avantages des influenceurs dans le domaine des jeux d&rsquo;argent, ainsi que certains d\u00e9fis et pr\u00e9occupations dont nous pourrions discuter.     <\/p>\n\t\t\t\t\t\t\t\t<\/div>\n\t\t\t\t<\/div>\n\t\t\t\t\t<\/div>\n\t\t\t\t<\/div>\n\t\t<div class=\"elementor-element elementor-element-f340639 e-flex e-con-boxed e-con e-parent\" data-id=\"f340639\" data-element_type=\"container\">\n\t\t\t\t\t<div class=\"e-con-inner\">\n\t\t\t\t<div class=\"elementor-element elementor-element-42ea645 elementor-widget elementor-widget-heading\" data-id=\"42ea645\" data-element_type=\"widget\" data-widget_type=\"heading.default\">\n\t\t\t\t<div class=\"elementor-widget-container\">\n\t\t\t\t\t<h4 class=\"elementor-heading-title elementor-size-default\">Avantages des influenceurs dans les jeux d'argent<\/h4>\t\t\t\t<\/div>\n\t\t\t\t<\/div>\n\t\t\t\t\t<\/div>\n\t\t\t\t<\/div>\n\t\t<div class=\"elementor-element elementor-element-a89ec35 e-flex e-con-boxed e-con e-parent\" data-id=\"a89ec35\" data-element_type=\"container\">\n\t\t\t\t\t<div class=\"e-con-inner\">\n\t\t\t\t<div class=\"elementor-element elementor-element-8ec5cde elementor-widget elementor-widget-text-editor\" data-id=\"8ec5cde\" data-element_type=\"widget\" data-widget_type=\"text-editor.default\">\n\t\t\t\t<div class=\"elementor-widget-container\">\n\t\t\t\t\t\t\t\t\t<p>Les avantages suivants font des influenceurs, d&rsquo;une mani\u00e8re g\u00e9n\u00e9rale, des sp\u00e9cialistes du marketing hors pair :  <\/p>\n<ul>\n<li><strong>Les influenceurs augmentent la notori\u00e9t\u00e9 de la marque.<\/strong>  Leur r\u00f4le dans la promotion d&rsquo;une bonne marque est particuli\u00e8rement important, car les adeptes font confiance aux recommandations et sont plus susceptibles de s&rsquo;engager avec la marque.  <\/li>\n<li>L<strong>&lsquo;expertise et l&rsquo;exp\u00e9rience<\/strong> sont deux points essentiels. Les influenceurs sont g\u00e9n\u00e9ralement mieux inform\u00e9s sur une marque ou un produit. En renfor\u00e7ant leur cr\u00e9dibilit\u00e9 et leur confiance, ils inciteront un plus grand nombre d&rsquo;adeptes \u00e0 tester la marque ou le produit dont ils font la promotion. Par exemple, une personnalit\u00e9 sportive c\u00e9l\u00e8bre fait la promotion sur sa cha\u00eene d&rsquo;une nouvelle s\u00e9rie de chaussures de sport. Le r\u00e9sultat est que les ventes de ces chaussures ont explos\u00e9, gr\u00e2ce \u00e0 la recommandation et au fait que l&rsquo;ic\u00f4ne porte les m\u00eames chaussures. Les influenceurs sont des mod\u00e8les et les personnes qui les suivent peuvent s&rsquo;identifier ou faire des d\u00e9clarations en portant la m\u00eame marque.       <\/li>\n<li>L<strong>&lsquo;engagement et le pouvoir de l&rsquo;identification<\/strong>. Les influenceurs sont souvent des professionnels dans leur domaine ou ont acquis et d\u00e9montr\u00e9 un niveau d&rsquo;expertise \u00e9lev\u00e9. Pour illustrer ce point, examinons les influenceurs dans le domaine du sport, du poker et du football. Les stars du basket-ball font la promotion d&rsquo;une certaine marque, ce qui fait de lui l&rsquo;un des premiers sportifs \u00e0 gagner 500 millions de dollars de commission sur les ventes. Les joueurs de poker sont invit\u00e9s \u00e0 Las Vegas et les d\u00e9marches pour les faire venir sont stup\u00e9fiantes. Un c\u00e9l\u00e8bre joueur de football britannique a chang\u00e9 de coiffure, ce qui a pouss\u00e9 de jeunes gar\u00e7ons \u00e0 se rendre chez le coiffeur pour s&rsquo;identifier \u00e0 lui.       <\/li>\n<\/ul>\n\t\t\t\t\t\t\t\t<\/div>\n\t\t\t\t<\/div>\n\t\t\t\t\t<\/div>\n\t\t\t\t<\/div>\n\t\t<div class=\"elementor-element elementor-element-49db073 e-flex e-con-boxed e-con e-parent\" data-id=\"49db073\" data-element_type=\"container\">\n\t\t\t\t\t<div class=\"e-con-inner\">\n\t\t\t\t<div class=\"elementor-element elementor-element-95ecd9c elementor-widget elementor-widget-heading\" data-id=\"95ecd9c\" data-element_type=\"widget\" data-widget_type=\"heading.default\">\n\t\t\t\t<div class=\"elementor-widget-container\">\n\t\t\t\t\t<h4 class=\"elementor-heading-title elementor-size-default\">D\u00e9fis et responsabilit\u00e9s<\/h4>\t\t\t\t<\/div>\n\t\t\t\t<\/div>\n\t\t\t\t\t<\/div>\n\t\t\t\t<\/div>\n\t\t<div class=\"elementor-element elementor-element-d90b400 e-flex e-con-boxed e-con e-parent\" data-id=\"d90b400\" data-element_type=\"container\">\n\t\t\t\t\t<div class=\"e-con-inner\">\n\t\t\t\t<div class=\"elementor-element elementor-element-40c1321 elementor-widget elementor-widget-text-editor\" data-id=\"40c1321\" data-element_type=\"widget\" data-widget_type=\"text-editor.default\">\n\t\t\t\t<div class=\"elementor-widget-container\">\n\t\t\t\t\t\t\t\t\t<p>Le marketing des casinos et les plateformes de casino en ligne sont r\u00e9glement\u00e9s et, sans surprise, un grand nombre d&rsquo;entre eux ne le sont pas. Quels sont les d\u00e9fis \u00e0 venir pour les influenceurs et les op\u00e9rateurs de casinos ? Les d\u00e9fis \u00e0 venir peuvent varier, pour n&rsquo;en citer que quelques-uns :  <\/p>\n\t\t\t\t\t\t\t\t<\/div>\n\t\t\t\t<\/div>\n\t\t\t\t\t<\/div>\n\t\t\t\t<\/div>\n\t\t<div class=\"elementor-element elementor-element-836bdc3 e-flex e-con-boxed e-con e-parent\" data-id=\"836bdc3\" data-element_type=\"container\">\n\t\t\t\t\t<div class=\"e-con-inner\">\n\t\t\t\t<div class=\"elementor-element elementor-element-5ecded3 elementor-widget elementor-widget-text-editor\" data-id=\"5ecded3\" data-element_type=\"widget\" data-widget_type=\"text-editor.default\">\n\t\t\t\t<div class=\"elementor-widget-container\">\n\t\t\t\t\t\t\t\t\t<ul>\n<li>La <strong>promotion des jeux d&rsquo;argent en ligne en public est souvent un signal d&rsquo;alarme<\/strong> pour certains r\u00e9gulateurs et certains pays comme l&rsquo;Allemagne, l&rsquo;Espagne, les Pays-Bas, certaines parties des \u00c9tats-Unis et la Grande-Bretagne ont pris des mesures efficaces pour conna\u00eetre l&rsquo;ennemi int\u00e9rieur. Mais le temps a montr\u00e9 qu&rsquo;au lieu d&rsquo;interdire et d&rsquo;imposer une couverture r\u00e9glementaire aux joueurs, il est souvent plus utile de s&rsquo;engager avec les op\u00e9rateurs, d&rsquo;ouvrir un dialogue avec l&rsquo;intention honn\u00eate de cr\u00e9er un environnement de jeu plus s\u00fbr. Mieux vaut conna\u00eetre le diable.    <\/li>\n<\/ul>\n\t\t\t\t\t\t\t\t<\/div>\n\t\t\t\t<\/div>\n\t\t\t\t\t<\/div>\n\t\t\t\t<\/div>\n\t\t<div class=\"elementor-element elementor-element-91b3109 e-flex e-con-boxed e-con e-parent\" data-id=\"91b3109\" data-element_type=\"container\">\n\t\t\t\t\t<div class=\"e-con-inner\">\n\t\t\t\t<div class=\"elementor-element elementor-element-3a1d9be elementor-widget elementor-widget-text-editor\" data-id=\"3a1d9be\" data-element_type=\"widget\" data-widget_type=\"text-editor.default\">\n\t\t\t\t<div class=\"elementor-widget-container\">\n\t\t\t\t\t\t\t\t\t<ul>\n<li><strong>Les influenceurs ont \u00e9galement la responsabilit\u00e9<\/strong> de prot\u00e9ger leurs followers et la communaut\u00e9 des collaborations avec des marques partenaires qui ne sont pas dispos\u00e9es \u00e0 soutenir le jeu responsable et \u00e0 suivre les normes du march\u00e9.  <\/li>\n<\/ul>\n\t\t\t\t\t\t\t\t<\/div>\n\t\t\t\t<\/div>\n\t\t\t\t\t<\/div>\n\t\t\t\t<\/div>\n\t\t<div class=\"elementor-element elementor-element-8138a19 e-flex e-con-boxed e-con e-parent\" data-id=\"8138a19\" data-element_type=\"container\">\n\t\t\t\t\t<div class=\"e-con-inner\">\n\t\t\t\t<div class=\"elementor-element elementor-element-f004e45 elementor-widget elementor-widget-heading\" data-id=\"f004e45\" data-element_type=\"widget\" data-widget_type=\"heading.default\">\n\t\t\t\t<div class=\"elementor-widget-container\">\n\t\t\t\t\t<h5 class=\"elementor-heading-title elementor-size-default\">Que r\u00e9serve l'avenir aux influenceurs dans les casinos en ligne ?<\/h5>\t\t\t\t<\/div>\n\t\t\t\t<\/div>\n\t\t\t\t\t<\/div>\n\t\t\t\t<\/div>\n\t\t<div class=\"elementor-element elementor-element-e26ded2 e-flex e-con-boxed e-con e-parent\" data-id=\"e26ded2\" data-element_type=\"container\">\n\t\t\t\t\t<div class=\"e-con-inner\">\n\t\t\t\t<div class=\"elementor-element elementor-element-83be952 elementor-widget elementor-widget-text-editor\" data-id=\"83be952\" data-element_type=\"widget\" data-widget_type=\"text-editor.default\">\n\t\t\t\t<div class=\"elementor-widget-container\">\n\t\t\t\t\t\t\t\t\t<p>L&rsquo;avenir des m\u00e9dias sociaux est rapide et color\u00e9. On s&rsquo;attend \u00e0 ce que, t\u00f4t ou tard, un grand nombre d&rsquo;entre eux disparaissent simplement en raison du nombre \u00e9crasant de ceux qui essaient d&rsquo;avoir un impact significatif. Le plus important, et pour insister sur ce point, est d&rsquo;assurer la s\u00e9curit\u00e9 des joueurs gr\u00e2ce \u00e0 des pratiques de jeu responsables et \u00e0 des influenceurs respectueux de l&rsquo;\u00e9thique qui prennent au s\u00e9rieux leur r\u00f4le important dans la soci\u00e9t\u00e9. Compte tenu de ce qui pr\u00e9c\u00e8de, nous pensons que l&rsquo;avenir est prometteur lorsque tous les aspects sont pris en compte.     <\/p>\n\t\t\t\t\t\t\t\t<\/div>\n\t\t\t\t<\/div>\n\t\t\t\t\t<\/div>\n\t\t\t\t<\/div>\n\t\t\t\t<\/div>\n\t\t","protected":false},"excerpt":{"rendered":"<p>Les influenceurs de casinos qui utilisent les m\u00e9dias sociaux sont de plus en plus connus, un point souvent n\u00e9glig\u00e9 par de nombreux op\u00e9rateurs. Dans le monde d&rsquo;aujourd&rsquo;hui o\u00f9 les tendances changent constamment, un groupe est devenu ind\u00e9niablement une force motrice dans l&rsquo;industrie des jeux d&rsquo;argent en ligne. Nous parlons ici de la mont\u00e9e en fl\u00e8che [&hellip;]<\/p>\n","protected":false},"author":1,"featured_media":0,"parent":0,"menu_order":0,"comment_status":"closed","ping_status":"closed","template":"","meta":{"footnotes":""},"class_list":["post-4551","page","type-page","status-publish","hentry"],"blocksy_meta":[],"acf":[],"yoast_head":"<!-- This site is optimized with the Yoast SEO plugin v24.1 - https:\/\/yoast.com\/wordpress\/plugins\/seo\/ -->\n<title>Influenceur Casino - casinoreturn<\/title>\n<meta name=\"description\" content=\"Les influenceurs de casino ont fait le grand saut des m\u00e9dias sociaux pour arriver au casino en ligne. Suivez-nous ici et voyez qui est qui et quoi de neuf sur Twitch.\" \/>\n<meta name=\"robots\" content=\"index, follow, max-snippet:-1, max-image-preview:large, max-video-preview:-1\" \/>\n<link rel=\"canonical\" href=\"https:\/\/casinoreturn.com\/fr\/influenceur-casino\/\" \/>\n<meta property=\"og:locale\" content=\"fr_FR\" \/>\n<meta property=\"og:type\" content=\"article\" \/>\n<meta property=\"og:title\" content=\"Influenceur Casino - casinoreturn\" \/>\n<meta property=\"og:description\" content=\"Les influenceurs de casino ont fait le grand saut des m\u00e9dias sociaux pour arriver au casino en ligne. Suivez-nous ici et voyez qui est qui et quoi de neuf sur Twitch.\" \/>\n<meta property=\"og:url\" content=\"https:\/\/casinoreturn.com\/fr\/influenceur-casino\/\" \/>\n<meta property=\"og:site_name\" content=\"casinoreturn\" \/>\n<meta property=\"article:modified_time\" content=\"2025-03-12T10:50:26+00:00\" \/>\n<meta name=\"twitter:card\" content=\"summary_large_image\" \/>\n<meta name=\"twitter:label1\" content=\"Dur\u00e9e de lecture estim\u00e9e\" \/>\n\t<meta name=\"twitter:data1\" content=\"5 minutes\" \/>\n<script type=\"application\/ld+json\" class=\"yoast-schema-graph\">{\"@context\":\"https:\/\/schema.org\",\"@graph\":[{\"@type\":\"WebPage\",\"@id\":\"https:\/\/casinoreturn.com\/fr\/influenceur-casino\/\",\"url\":\"https:\/\/casinoreturn.com\/fr\/influenceur-casino\/\",\"name\":\"Influenceur Casino - casinoreturn\",\"isPartOf\":{\"@id\":\"https:\/\/casinoreturn.com\/#website\"},\"datePublished\":\"2024-11-02T10:47:02+00:00\",\"dateModified\":\"2025-03-12T10:50:26+00:00\",\"description\":\"Les influenceurs de casino ont fait le grand saut des m\u00e9dias sociaux pour arriver au casino en ligne. Suivez-nous ici et voyez qui est qui et quoi de neuf sur Twitch.\",\"breadcrumb\":{\"@id\":\"https:\/\/casinoreturn.com\/fr\/influenceur-casino\/#breadcrumb\"},\"inLanguage\":\"fr-FR\",\"potentialAction\":[{\"@type\":\"ReadAction\",\"target\":[\"https:\/\/casinoreturn.com\/fr\/influenceur-casino\/\"]}]},{\"@type\":\"BreadcrumbList\",\"@id\":\"https:\/\/casinoreturn.com\/fr\/influenceur-casino\/#breadcrumb\",\"itemListElement\":[{\"@type\":\"ListItem\",\"position\":1,\"name\":\"Home\",\"item\":\"https:\/\/casinoreturn.com\/fr\/home\/\"},{\"@type\":\"ListItem\",\"position\":2,\"name\":\"Influenceur Casino\"}]},{\"@type\":\"WebSite\",\"@id\":\"https:\/\/casinoreturn.com\/#website\",\"url\":\"https:\/\/casinoreturn.com\/\",\"name\":\"casinoreturn\",\"description\":\"\",\"publisher\":{\"@id\":\"https:\/\/casinoreturn.com\/#organization\"},\"potentialAction\":[{\"@type\":\"SearchAction\",\"target\":{\"@type\":\"EntryPoint\",\"urlTemplate\":\"https:\/\/casinoreturn.com\/?s={search_term_string}\"},\"query-input\":{\"@type\":\"PropertyValueSpecification\",\"valueRequired\":true,\"valueName\":\"search_term_string\"}}],\"inLanguage\":\"fr-FR\"},{\"@type\":\"Organization\",\"@id\":\"https:\/\/casinoreturn.com\/#organization\",\"name\":\"casinoreturn\",\"url\":\"https:\/\/casinoreturn.com\/\",\"logo\":{\"@type\":\"ImageObject\",\"inLanguage\":\"fr-FR\",\"@id\":\"https:\/\/casinoreturn.com\/#\/schema\/logo\/image\/\",\"url\":\"https:\/\/casinoreturn.com\/wp-content\/uploads\/2024\/09\/animal-favicon.png\",\"contentUrl\":\"https:\/\/casinoreturn.com\/wp-content\/uploads\/2024\/09\/animal-favicon.png\",\"width\":92,\"height\":92,\"caption\":\"casinoreturn\"},\"image\":{\"@id\":\"https:\/\/casinoreturn.com\/#\/schema\/logo\/image\/\"}}]}<\/script>\n<!-- \/ Yoast SEO plugin. -->","yoast_head_json":{"title":"Influenceur Casino - casinoreturn","description":"Les influenceurs de casino ont fait le grand saut des m\u00e9dias sociaux pour arriver au casino en ligne. Suivez-nous ici et voyez qui est qui et quoi de neuf sur Twitch.","robots":{"index":"index","follow":"follow","max-snippet":"max-snippet:-1","max-image-preview":"max-image-preview:large","max-video-preview":"max-video-preview:-1"},"canonical":"https:\/\/casinoreturn.com\/fr\/influenceur-casino\/","og_locale":"fr_FR","og_type":"article","og_title":"Influenceur Casino - casinoreturn","og_description":"Les influenceurs de casino ont fait le grand saut des m\u00e9dias sociaux pour arriver au casino en ligne. Suivez-nous ici et voyez qui est qui et quoi de neuf sur Twitch.","og_url":"https:\/\/casinoreturn.com\/fr\/influenceur-casino\/","og_site_name":"casinoreturn","article_modified_time":"2025-03-12T10:50:26+00:00","twitter_card":"summary_large_image","twitter_misc":{"Dur\u00e9e de lecture estim\u00e9e":"5 minutes"},"schema":{"@context":"https:\/\/schema.org","@graph":[{"@type":"WebPage","@id":"https:\/\/casinoreturn.com\/fr\/influenceur-casino\/","url":"https:\/\/casinoreturn.com\/fr\/influenceur-casino\/","name":"Influenceur Casino - casinoreturn","isPartOf":{"@id":"https:\/\/casinoreturn.com\/#website"},"datePublished":"2024-11-02T10:47:02+00:00","dateModified":"2025-03-12T10:50:26+00:00","description":"Les influenceurs de casino ont fait le grand saut des m\u00e9dias sociaux pour arriver au casino en ligne. Suivez-nous ici et voyez qui est qui et quoi de neuf sur Twitch.","breadcrumb":{"@id":"https:\/\/casinoreturn.com\/fr\/influenceur-casino\/#breadcrumb"},"inLanguage":"fr-FR","potentialAction":[{"@type":"ReadAction","target":["https:\/\/casinoreturn.com\/fr\/influenceur-casino\/"]}]},{"@type":"BreadcrumbList","@id":"https:\/\/casinoreturn.com\/fr\/influenceur-casino\/#breadcrumb","itemListElement":[{"@type":"ListItem","position":1,"name":"Home","item":"https:\/\/casinoreturn.com\/fr\/home\/"},{"@type":"ListItem","position":2,"name":"Influenceur Casino"}]},{"@type":"WebSite","@id":"https:\/\/casinoreturn.com\/#website","url":"https:\/\/casinoreturn.com\/","name":"casinoreturn","description":"","publisher":{"@id":"https:\/\/casinoreturn.com\/#organization"},"potentialAction":[{"@type":"SearchAction","target":{"@type":"EntryPoint","urlTemplate":"https:\/\/casinoreturn.com\/?s={search_term_string}"},"query-input":{"@type":"PropertyValueSpecification","valueRequired":true,"valueName":"search_term_string"}}],"inLanguage":"fr-FR"},{"@type":"Organization","@id":"https:\/\/casinoreturn.com\/#organization","name":"casinoreturn","url":"https:\/\/casinoreturn.com\/","logo":{"@type":"ImageObject","inLanguage":"fr-FR","@id":"https:\/\/casinoreturn.com\/#\/schema\/logo\/image\/","url":"https:\/\/casinoreturn.com\/wp-content\/uploads\/2024\/09\/animal-favicon.png","contentUrl":"https:\/\/casinoreturn.com\/wp-content\/uploads\/2024\/09\/animal-favicon.png","width":92,"height":92,"caption":"casinoreturn"},"image":{"@id":"https:\/\/casinoreturn.com\/#\/schema\/logo\/image\/"}}]}},"_links":{"self":[{"href":"https:\/\/casinoreturn.com\/fr\/wp-json\/wp\/v2\/pages\/4551","targetHints":{"allow":["GET"]}}],"collection":[{"href":"https:\/\/casinoreturn.com\/fr\/wp-json\/wp\/v2\/pages"}],"about":[{"href":"https:\/\/casinoreturn.com\/fr\/wp-json\/wp\/v2\/types\/page"}],"author":[{"embeddable":true,"href":"https:\/\/casinoreturn.com\/fr\/wp-json\/wp\/v2\/users\/1"}],"replies":[{"embeddable":true,"href":"https:\/\/casinoreturn.com\/fr\/wp-json\/wp\/v2\/comments?post=4551"}],"version-history":[{"count":2,"href":"https:\/\/casinoreturn.com\/fr\/wp-json\/wp\/v2\/pages\/4551\/revisions"}],"predecessor-version":[{"id":11007,"href":"https:\/\/casinoreturn.com\/fr\/wp-json\/wp\/v2\/pages\/4551\/revisions\/11007"}],"wp:attachment":[{"href":"https:\/\/casinoreturn.com\/fr\/wp-json\/wp\/v2\/media?parent=4551"}],"curies":[{"name":"wp","href":"https:\/\/api.w.org\/{rel}","templated":true}]}}