{"id":4623,"date":"2024-11-20T13:24:12","date_gmt":"2024-11-20T13:24:12","guid":{"rendered":"https:\/\/casinoreturn.com\/casinos-esport\/"},"modified":"2024-12-02T14:23:43","modified_gmt":"2024-12-02T14:23:43","slug":"casinos-esport","status":"publish","type":"page","link":"https:\/\/casinoreturn.com\/fr\/casinos-esport\/","title":{"rendered":"Casinos eSport"},"content":{"rendered":"\t\t<div data-elementor-type=\"wp-page\" data-elementor-id=\"4623\" class=\"elementor elementor-4623\" data-elementor-post-type=\"page\">\n\t\t\t\t<div class=\"elementor-element elementor-element-fdf3628 e-con-full e-flex e-con e-parent\" data-id=\"fdf3628\" data-element_type=\"container\">\n\t\t\t\t<div class=\"elementor-element elementor-element-d39e98f elementor-widget elementor-widget-heading\" data-id=\"d39e98f\" data-element_type=\"widget\" data-widget_type=\"heading.default\">\n\t\t\t\t<div class=\"elementor-widget-container\">\n\t\t\t\t\t<h1 class=\"elementor-heading-title elementor-size-default\">Casinos ESport et paris sur les casinos ESport<\/h1>\t\t\t\t<\/div>\n\t\t\t\t<\/div>\n\t\t\t\t<div class=\"elementor-element elementor-element-f722aef elementor-widget elementor-widget-image\" data-id=\"f722aef\" data-element_type=\"widget\" data-widget_type=\"image.default\">\n\t\t\t\t<div class=\"elementor-widget-container\">\n\t\t\t\t\t\t\t\t\t\t\t\t\t\t\t<img fetchpriority=\"high\" decoding=\"async\" width=\"360\" height=\"360\" src=\"https:\/\/casinoreturn.com\/wp-content\/uploads\/2024\/11\/esport-casinos.jpg\" class=\"attachment-large size-large wp-image-3671\" alt=\"esport casinos\" srcset=\"https:\/\/casinoreturn.com\/wp-content\/uploads\/2024\/11\/esport-casinos.jpg 360w, https:\/\/casinoreturn.com\/wp-content\/uploads\/2024\/11\/esport-casinos-300x300.jpg 300w, https:\/\/casinoreturn.com\/wp-content\/uploads\/2024\/11\/esport-casinos-150x150.jpg 150w\" sizes=\"(max-width: 360px) 100vw, 360px\" \/>\t\t\t\t\t\t\t\t\t\t\t\t\t\t\t<\/div>\n\t\t\t\t<\/div>\n\t\t\t\t<div class=\"elementor-element elementor-element-edb1ad6 elementor-widget elementor-widget-text-editor\" data-id=\"edb1ad6\" data-element_type=\"widget\" data-widget_type=\"text-editor.default\">\n\t\t\t\t<div class=\"elementor-widget-container\">\n\t\t\t\t\t\t\t\t\t<h3><strong>Casinos eSport et paris sportifs &#8211; Un monde d&rsquo;applications mobiles en \u00e9volution rapide  <\/strong><\/h3>\n\t\t\t\t\t\t\t\t<\/div>\n\t\t\t\t<\/div>\n\t\t\t\t<div class=\"elementor-element elementor-element-16e733a elementor-widget elementor-widget-text-editor\" data-id=\"16e733a\" data-element_type=\"widget\" data-widget_type=\"text-editor.default\">\n\t\t\t\t<div class=\"elementor-widget-container\">\n\t\t\t\t\t\t\t\t\t<p>eSport Casinos betting &#8211; Non seulement un hobby et une passion pour la plupart d&rsquo;entre nous, mais en m\u00eame temps, si vous le connaissez bien, un excellent moyen de gagner un revenu d&rsquo;appoint.<\/p>\n<p>Dans les sports \u00e9lectroniques, il existe des tournois au cours desquels les meilleurs joueurs sont r\u00e9compens\u00e9s. Des championnats du monde sont m\u00eame r\u00e9guli\u00e8rement organis\u00e9s dans le cadre de ces sports \u00e9lectroniques. Les fanatiques d&rsquo;eSports peuvent ainsi parier en ligne sur leurs \u00e9quipes et joueurs pr\u00e9f\u00e9r\u00e9s.  <\/p>\n<p>Dans l&rsquo;article suivant, vous apprendrez tout ce qu&rsquo;il faut savoir sur les paris eSports, comme les joueurs sur lesquels vous pouvez parier dans les eSports, ce \u00e0 quoi vous devez faire attention, etc. Nous vous fournirons des informations exclusives sur ce \u00e0 quoi vous devez pr\u00eater attention. Nous voulons vous donner les conseils qui vous aideront \u00e0 r\u00e9ussir dans le monde des paris sur les sports \u00e9lectroniques, afin que vous puissiez r\u00e9ussir.  <\/p>\n\t\t\t\t\t\t\t\t<\/div>\n\t\t\t\t<\/div>\n\t\t\t\t<div class=\"elementor-element elementor-element-9bc958b elementor-button-success elementor-widget elementor-widget-button\" data-id=\"9bc958b\" data-element_type=\"widget\" data-widget_type=\"button.default\">\n\t\t\t\t<div class=\"elementor-widget-container\">\n\t\t\t\t\t\t\t\t\t<div class=\"elementor-button-wrapper\">\n\t\t\t\t\t<a class=\"elementor-button elementor-button-link elementor-size-sm\" href=\"https:\/\/lvbet.com\/sports\/en\/esport\/\" target=\"_blank\">\n\t\t\t\t\t\t<span class=\"elementor-button-content-wrapper\">\n\t\t\t\t\t\t\t\t\t<span class=\"elementor-button-text\">Epsort Parier avec LVBet  <\/span>\n\t\t\t\t\t<\/span>\n\t\t\t\t\t<\/a>\n\t\t\t\t<\/div>\n\t\t\t\t\t\t\t\t<\/div>\n\t\t\t\t<\/div>\n\t\t\t\t<div class=\"elementor-element elementor-element-bcac7df elementor-widget elementor-widget-heading\" data-id=\"bcac7df\" data-element_type=\"widget\" data-widget_type=\"heading.default\">\n\t\t\t\t<div class=\"elementor-widget-container\">\n\t\t\t\t\t<h3 class=\"elementor-heading-title elementor-size-default\">Que sont exactement les paris sur les sports \u00e9lectroniques ?<\/h3>\t\t\t\t<\/div>\n\t\t\t\t<\/div>\n\t\t\t\t<div class=\"elementor-element elementor-element-3426893 elementor-widget elementor-widget-text-editor\" data-id=\"3426893\" data-element_type=\"widget\" data-widget_type=\"text-editor.default\">\n\t\t\t\t<div class=\"elementor-widget-container\">\n\t\t\t\t\t\t\t\t\t<p>Les paris eSport dans les casinos eSport font partie des nouveaux types de paris en ligne. Ces derni\u00e8res ann\u00e9es, l&rsquo;int\u00e9r\u00eat pour les sports \u00e9lectroniques n&rsquo;a cess\u00e9 de cro\u00eetre et il s&rsquo;agit d\u00e9sormais de l&rsquo;une des versions les plus populaires des paris en ligne. Par cons\u00e9quent, le nombre de fournisseurs de paris eSports ne cesse de cro\u00eetre. Vous connaissez peut-\u00eatre d\u00e9j\u00e0 quelqu&rsquo;un qui est un fanatique d&rsquo;eSports ou qui s&rsquo;int\u00e9resse de pr\u00e8s \u00e0 ce domaine.   <\/p>\n\t\t\t\t\t\t\t\t<\/div>\n\t\t\t\t<\/div>\n\t\t\t\t<div class=\"elementor-element elementor-element-c3b9f87 elementor-widget elementor-widget-button\" data-id=\"c3b9f87\" data-element_type=\"widget\" data-widget_type=\"button.default\">\n\t\t\t\t<div class=\"elementor-widget-container\">\n\t\t\t\t\t\t\t\t\t<div class=\"elementor-button-wrapper\">\n\t\t\t\t\t<a class=\"elementor-button elementor-button-link elementor-size-sm\" href=\"#\">\n\t\t\t\t\t\t<span class=\"elementor-button-content-wrapper\">\n\t\t\t\t\t\t\t\t\t<span class=\"elementor-button-text\">Parier sur le sport avec Bitkingz<\/span>\n\t\t\t\t\t<\/span>\n\t\t\t\t\t<\/a>\n\t\t\t\t<\/div>\n\t\t\t\t\t\t\t\t<\/div>\n\t\t\t\t<\/div>\n\t\t\t\t<div class=\"elementor-element elementor-element-9d858c2 elementor-widget elementor-widget-heading\" data-id=\"9d858c2\" data-element_type=\"widget\" data-widget_type=\"heading.default\">\n\t\t\t\t<div class=\"elementor-widget-container\">\n\t\t\t\t\t<h3 class=\"elementor-heading-title elementor-size-default\">Quels sont les jeux disponibles pour l'eSports ?<\/h3>\t\t\t\t<\/div>\n\t\t\t\t<\/div>\n\t\t\t\t<div class=\"elementor-element elementor-element-7ba9fd5 elementor-widget elementor-widget-text-editor\" data-id=\"7ba9fd5\" data-element_type=\"widget\" data-widget_type=\"text-editor.default\">\n\t\t\t\t<div class=\"elementor-widget-container\">\n\t\t\t\t\t\t\t\t\t<p>LES PARIS SUR CS : GO est l&rsquo;un des jeux les plus populaires dans le domaine des <strong>paris<\/strong> eSports. Cependant, cela change constamment en raison de la croissance exponentielle et de l&rsquo;augmentation constante de la concurrence. De nouveaux jeux comme le genre Battle-Royale, notamment Fortnite et PUBG, sont continuellement ajout\u00e9s. Les jeux MOBA ont \u00e9galement conserv\u00e9 leur glamour et captiv\u00e9 les joueurs. Ainsi, LoL et DotA obtiennent toujours de bonnes critiques.    <\/p>\n<p><strong>Counterstrike Global Offensive,<\/strong> ou<strong> CSGO<\/strong> en abr\u00e9g\u00e9, est un jeu de tir d\u00e9velopp\u00e9 par Valve et Hidden Path Entertainment. Le jeu fait partie des jeux multijoueurs. Vous pouvez jouer \u00e0 ce jeu sur Windows, OS X, Xbox 360 et PlayStation 3. Le jeu a \u00e9t\u00e9 d\u00e9velopp\u00e9 en 2012.   <\/p>\n<p><strong>Epic Games a lanc\u00e9 et d\u00e9velopp\u00e9 Fortnite en 2017<\/strong>. Le jeu vid\u00e9o en ligne comprend des \u00e9l\u00e9ments de survie en tir coop\u00e9ratif et est disponible sur Windows, Mac OS, Nintendo Switch, PlayStation 4, PlayStation 5, Xbox One, Xbox Series X et Android. <\/p>\n<p>Notre dernier exemple est le jeu <strong>LoL-League of Legends<\/strong>, d\u00e9velopp\u00e9 et publi\u00e9 par Riot Games. Ce jeu est un jeu multijoueur en ligne qui se d\u00e9roule dans une ar\u00e8ne de combat et qui est disponible sur les logiciels Windows et Mac OS. <\/p>\n\t\t\t\t\t\t\t\t<\/div>\n\t\t\t\t<\/div>\n\t\t\t\t<\/div>\n\t\t<div class=\"elementor-element elementor-element-22f6be3 e-con-full e-flex e-con e-parent\" data-id=\"22f6be3\" data-element_type=\"container\">\n\t\t\t\t<div class=\"elementor-element elementor-element-78d5df1 elementor-widget elementor-widget-heading\" data-id=\"78d5df1\" data-element_type=\"widget\" data-widget_type=\"heading.default\">\n\t\t\t\t<div class=\"elementor-widget-container\">\n\t\t\t\t\t<h3 class=\"elementor-heading-title elementor-size-default\">Paris eSports ou paris sportifs ?<\/h3>\t\t\t\t<\/div>\n\t\t\t\t<\/div>\n\t\t\t\t<div class=\"elementor-element elementor-element-007718b elementor-widget elementor-widget-text-editor\" data-id=\"007718b\" data-element_type=\"widget\" data-widget_type=\"text-editor.default\">\n\t\t\t\t<div class=\"elementor-widget-container\">\n\t\t\t\t\t\t\t\t\t<p>Si vous comparez les paris eSports avec d&rsquo;autres paris sportifs populaires, ces deux types de paris semblent tr\u00e8s similaires \u00e0 premi\u00e8re vue. Ils sont tous deux li\u00e9s \u00e0 un sport particulier, mais vous devez en apprendre davantage sur le genre avant de commencer, car il existe des tournois, des championnats et des matchs de coupe. Vous pourriez donc penser qu&rsquo;il n&rsquo;y a pas de grandes diff\u00e9rences entre les deux. Les paris en ligne sur les sports \u00e9lectroniques doivent \u00eatre jou\u00e9s de la m\u00eame mani\u00e8re que tous les autres types de paris en ligne, avec une petite diff\u00e9rence possible au niveau du financement et des fournisseurs individuels, ce qui ne repr\u00e9sente toutefois pas une grande diff\u00e9rence pour les parieurs.   <\/p>\n\t\t\t\t\t\t\t\t<\/div>\n\t\t\t\t<\/div>\n\t\t\t\t<div class=\"elementor-element elementor-element-049f4af elementor-widget elementor-widget-heading\" data-id=\"049f4af\" data-element_type=\"widget\" data-widget_type=\"heading.default\">\n\t\t\t\t<div class=\"elementor-widget-container\">\n\t\t\t\t\t<h3 class=\"elementor-heading-title elementor-size-default\">Les jeux les plus connus sur lesquels parier<\/h3>\t\t\t\t<\/div>\n\t\t\t\t<\/div>\n\t\t\t\t<\/div>\n\t\t<div class=\"elementor-element elementor-element-4257928 e-con-full e-flex e-con e-parent\" data-id=\"4257928\" data-element_type=\"container\">\n\t\t\t\t<div class=\"elementor-element elementor-element-0a1e3a9 elementor-widget elementor-widget-text-editor\" data-id=\"0a1e3a9\" data-element_type=\"widget\" data-widget_type=\"text-editor.default\">\n\t\t\t\t<div class=\"elementor-widget-container\">\n\t\t\t\t\t\t\t\t\t<p>Dans le prochain article, vous en apprendrez un peu plus sur vos deux jeux eSports pr\u00e9f\u00e9r\u00e9s. Nous avons essay\u00e9 de r\u00e9duire notre s\u00e9lection afin de faciliter votre choix. Nous ferons donc r\u00e9f\u00e9rence aux jeux CS : GO et LoL. Vous avez d\u00e9j\u00e0 re\u00e7u les donn\u00e9es techniques cl\u00e9s du jeu, nous pouvons donc maintenant entrer dans les d\u00e9tails du jeu.   <\/p>\n<p>Les prochains matchs de la ligue, les LCS de Riot Games et les Playoffs de printemps des LCS permettent diff\u00e9rents types de paris pour les joueurs. Bien s\u00fbr, vous avez plusieurs options, ce qui vous permet de placer un pari gagnant sur l&rsquo;\u00e9quipe qui gagnera ou sur certaines personnes. <\/p>\n<p>Dans les casinos eSport, vous pouvez placer des paris sur diff\u00e9rents \u00e9v\u00e9nements susceptibles de se produire dans le jeu LoL : Quelle \u00e9quipe obtiendra le \u00a0\u00bb premier sang \u00a0\u00bb ? Quelle \u00e9quipe battra la Team Baron Nashor en premier ou gagnera le match avec un crayon ? En plus des paris habituels, des paris sp\u00e9ciaux sont disponibles lors de tournois majeurs tels que le championnat du monde de League of Legends ou le MSI.  <\/p>\n<p>La sc\u00e8ne professionnelle des paris sur CS : GO est bien connue et est devenue l&rsquo;une des soci\u00e9t\u00e9s de paris les plus influentes de l&rsquo;industrie. Les \u00e9quipes de haut niveau et leurs joueurs sont devenus des figures cultes de la communaut\u00e9, et de plus en plus de tournois proposent des cagnottes plus importantes que jamais. L&rsquo;ESL One Cologne est actuellement le sujet principal pour tous les fans de CS GO. Mais il sera bient\u00f4t remplac\u00e9 par le FACEIT Major de Londres, qui sera sans aucun doute un spectacle. Il ne fait aucun doute que le jeu CS : GO est tr\u00e8s difficile, les transferts sont fr\u00e9quents et changeants, le jeu est \u00e9prouvant pour les nerfs et les r\u00e9sultats sont difficiles \u00e0 pr\u00e9dire.    <\/p>\n\t\t\t\t\t\t\t\t<\/div>\n\t\t\t\t<\/div>\n\t\t\t\t<\/div>\n\t\t\t\t<\/div>\n\t\t","protected":false},"excerpt":{"rendered":"<p>Casinos ESport et paris sur les casinos ESport Casinos eSport et paris sportifs &#8211; Un monde d&rsquo;applications mobiles en \u00e9volution rapide eSport Casinos betting &#8211; Non seulement un hobby et une passion pour la plupart d&rsquo;entre nous, mais en m\u00eame temps, si vous le connaissez bien, un excellent moyen de gagner un revenu d&rsquo;appoint. Dans [&hellip;]<\/p>\n","protected":false},"author":1,"featured_media":0,"parent":0,"menu_order":0,"comment_status":"closed","ping_status":"closed","template":"","meta":{"footnotes":""},"class_list":["post-4623","page","type-page","status-publish","hentry"],"blocksy_meta":[],"acf":[],"yoast_head":"<!-- This site is optimized with the Yoast SEO plugin v24.1 - https:\/\/yoast.com\/wordpress\/plugins\/seo\/ -->\n<title>Casinos eSport - casinoreturn<\/title>\n<meta name=\"description\" content=\"Les casinos eSport sont une petite entit\u00e9 \u00e0 part enti\u00e8re. Une communaut\u00e9 mobile eSport en pleine croissance avec des jeux fantastiques et des interactions sociales.\" \/>\n<meta name=\"robots\" content=\"index, follow, max-snippet:-1, max-image-preview:large, max-video-preview:-1\" \/>\n<link rel=\"canonical\" href=\"https:\/\/casinoreturn.com\/fr\/casinos-esport\/\" \/>\n<meta property=\"og:locale\" content=\"fr_FR\" \/>\n<meta property=\"og:type\" content=\"article\" \/>\n<meta property=\"og:title\" content=\"Casinos eSport - casinoreturn\" \/>\n<meta property=\"og:description\" content=\"Les casinos eSport sont une petite entit\u00e9 \u00e0 part enti\u00e8re. Une communaut\u00e9 mobile eSport en pleine croissance avec des jeux fantastiques et des interactions sociales.\" \/>\n<meta property=\"og:url\" content=\"https:\/\/casinoreturn.com\/fr\/casinos-esport\/\" \/>\n<meta property=\"og:site_name\" content=\"casinoreturn\" \/>\n<meta property=\"article:modified_time\" content=\"2024-12-02T14:23:43+00:00\" \/>\n<meta property=\"og:image\" content=\"https:\/\/casinoreturn.com\/wp-content\/uploads\/2024\/11\/esport-casinos.jpg\" \/>\n\t<meta property=\"og:image:width\" content=\"360\" \/>\n\t<meta property=\"og:image:height\" content=\"360\" \/>\n\t<meta property=\"og:image:type\" content=\"image\/jpeg\" \/>\n<meta name=\"twitter:card\" content=\"summary_large_image\" \/>\n<meta name=\"twitter:label1\" content=\"Dur\u00e9e de lecture estim\u00e9e\" \/>\n\t<meta name=\"twitter:data1\" content=\"5 minutes\" \/>\n<script type=\"application\/ld+json\" class=\"yoast-schema-graph\">{\"@context\":\"https:\/\/schema.org\",\"@graph\":[{\"@type\":\"WebPage\",\"@id\":\"https:\/\/casinoreturn.com\/fr\/casinos-esport\/\",\"url\":\"https:\/\/casinoreturn.com\/fr\/casinos-esport\/\",\"name\":\"Casinos eSport - casinoreturn\",\"isPartOf\":{\"@id\":\"https:\/\/casinoreturn.com\/#website\"},\"primaryImageOfPage\":{\"@id\":\"https:\/\/casinoreturn.com\/fr\/casinos-esport\/#primaryimage\"},\"image\":{\"@id\":\"https:\/\/casinoreturn.com\/fr\/casinos-esport\/#primaryimage\"},\"thumbnailUrl\":\"https:\/\/casinoreturn.com\/wp-content\/uploads\/2024\/11\/esport-casinos.jpg\",\"datePublished\":\"2024-11-20T13:24:12+00:00\",\"dateModified\":\"2024-12-02T14:23:43+00:00\",\"description\":\"Les casinos eSport sont une petite entit\u00e9 \u00e0 part enti\u00e8re. Une communaut\u00e9 mobile eSport en pleine croissance avec des jeux fantastiques et des interactions sociales.\",\"breadcrumb\":{\"@id\":\"https:\/\/casinoreturn.com\/fr\/casinos-esport\/#breadcrumb\"},\"inLanguage\":\"fr-FR\",\"potentialAction\":[{\"@type\":\"ReadAction\",\"target\":[\"https:\/\/casinoreturn.com\/fr\/casinos-esport\/\"]}]},{\"@type\":\"ImageObject\",\"inLanguage\":\"fr-FR\",\"@id\":\"https:\/\/casinoreturn.com\/fr\/casinos-esport\/#primaryimage\",\"url\":\"https:\/\/casinoreturn.com\/wp-content\/uploads\/2024\/11\/esport-casinos.jpg\",\"contentUrl\":\"https:\/\/casinoreturn.com\/wp-content\/uploads\/2024\/11\/esport-casinos.jpg\"},{\"@type\":\"BreadcrumbList\",\"@id\":\"https:\/\/casinoreturn.com\/fr\/casinos-esport\/#breadcrumb\",\"itemListElement\":[{\"@type\":\"ListItem\",\"position\":1,\"name\":\"Home\",\"item\":\"https:\/\/casinoreturn.com\/fr\/home\/\"},{\"@type\":\"ListItem\",\"position\":2,\"name\":\"Casinos eSport\"}]},{\"@type\":\"WebSite\",\"@id\":\"https:\/\/casinoreturn.com\/#website\",\"url\":\"https:\/\/casinoreturn.com\/\",\"name\":\"casinoreturn\",\"description\":\"\",\"publisher\":{\"@id\":\"https:\/\/casinoreturn.com\/#organization\"},\"potentialAction\":[{\"@type\":\"SearchAction\",\"target\":{\"@type\":\"EntryPoint\",\"urlTemplate\":\"https:\/\/casinoreturn.com\/?s={search_term_string}\"},\"query-input\":{\"@type\":\"PropertyValueSpecification\",\"valueRequired\":true,\"valueName\":\"search_term_string\"}}],\"inLanguage\":\"fr-FR\"},{\"@type\":\"Organization\",\"@id\":\"https:\/\/casinoreturn.com\/#organization\",\"name\":\"casinoreturn\",\"url\":\"https:\/\/casinoreturn.com\/\",\"logo\":{\"@type\":\"ImageObject\",\"inLanguage\":\"fr-FR\",\"@id\":\"https:\/\/casinoreturn.com\/#\/schema\/logo\/image\/\",\"url\":\"https:\/\/casinoreturn.com\/wp-content\/uploads\/2024\/09\/animal-favicon.png\",\"contentUrl\":\"https:\/\/casinoreturn.com\/wp-content\/uploads\/2024\/09\/animal-favicon.png\",\"width\":92,\"height\":92,\"caption\":\"casinoreturn\"},\"image\":{\"@id\":\"https:\/\/casinoreturn.com\/#\/schema\/logo\/image\/\"}}]}<\/script>\n<!-- \/ Yoast SEO plugin. -->","yoast_head_json":{"title":"Casinos eSport - casinoreturn","description":"Les casinos eSport sont une petite entit\u00e9 \u00e0 part enti\u00e8re. Une communaut\u00e9 mobile eSport en pleine croissance avec des jeux fantastiques et des interactions sociales.","robots":{"index":"index","follow":"follow","max-snippet":"max-snippet:-1","max-image-preview":"max-image-preview:large","max-video-preview":"max-video-preview:-1"},"canonical":"https:\/\/casinoreturn.com\/fr\/casinos-esport\/","og_locale":"fr_FR","og_type":"article","og_title":"Casinos eSport - casinoreturn","og_description":"Les casinos eSport sont une petite entit\u00e9 \u00e0 part enti\u00e8re. Une communaut\u00e9 mobile eSport en pleine croissance avec des jeux fantastiques et des interactions sociales.","og_url":"https:\/\/casinoreturn.com\/fr\/casinos-esport\/","og_site_name":"casinoreturn","article_modified_time":"2024-12-02T14:23:43+00:00","og_image":[{"width":360,"height":360,"url":"https:\/\/casinoreturn.com\/wp-content\/uploads\/2024\/11\/esport-casinos.jpg","type":"image\/jpeg"}],"twitter_card":"summary_large_image","twitter_misc":{"Dur\u00e9e de lecture estim\u00e9e":"5 minutes"},"schema":{"@context":"https:\/\/schema.org","@graph":[{"@type":"WebPage","@id":"https:\/\/casinoreturn.com\/fr\/casinos-esport\/","url":"https:\/\/casinoreturn.com\/fr\/casinos-esport\/","name":"Casinos eSport - casinoreturn","isPartOf":{"@id":"https:\/\/casinoreturn.com\/#website"},"primaryImageOfPage":{"@id":"https:\/\/casinoreturn.com\/fr\/casinos-esport\/#primaryimage"},"image":{"@id":"https:\/\/casinoreturn.com\/fr\/casinos-esport\/#primaryimage"},"thumbnailUrl":"https:\/\/casinoreturn.com\/wp-content\/uploads\/2024\/11\/esport-casinos.jpg","datePublished":"2024-11-20T13:24:12+00:00","dateModified":"2024-12-02T14:23:43+00:00","description":"Les casinos eSport sont une petite entit\u00e9 \u00e0 part enti\u00e8re. Une communaut\u00e9 mobile eSport en pleine croissance avec des jeux fantastiques et des interactions sociales.","breadcrumb":{"@id":"https:\/\/casinoreturn.com\/fr\/casinos-esport\/#breadcrumb"},"inLanguage":"fr-FR","potentialAction":[{"@type":"ReadAction","target":["https:\/\/casinoreturn.com\/fr\/casinos-esport\/"]}]},{"@type":"ImageObject","inLanguage":"fr-FR","@id":"https:\/\/casinoreturn.com\/fr\/casinos-esport\/#primaryimage","url":"https:\/\/casinoreturn.com\/wp-content\/uploads\/2024\/11\/esport-casinos.jpg","contentUrl":"https:\/\/casinoreturn.com\/wp-content\/uploads\/2024\/11\/esport-casinos.jpg"},{"@type":"BreadcrumbList","@id":"https:\/\/casinoreturn.com\/fr\/casinos-esport\/#breadcrumb","itemListElement":[{"@type":"ListItem","position":1,"name":"Home","item":"https:\/\/casinoreturn.com\/fr\/home\/"},{"@type":"ListItem","position":2,"name":"Casinos eSport"}]},{"@type":"WebSite","@id":"https:\/\/casinoreturn.com\/#website","url":"https:\/\/casinoreturn.com\/","name":"casinoreturn","description":"","publisher":{"@id":"https:\/\/casinoreturn.com\/#organization"},"potentialAction":[{"@type":"SearchAction","target":{"@type":"EntryPoint","urlTemplate":"https:\/\/casinoreturn.com\/?s={search_term_string}"},"query-input":{"@type":"PropertyValueSpecification","valueRequired":true,"valueName":"search_term_string"}}],"inLanguage":"fr-FR"},{"@type":"Organization","@id":"https:\/\/casinoreturn.com\/#organization","name":"casinoreturn","url":"https:\/\/casinoreturn.com\/","logo":{"@type":"ImageObject","inLanguage":"fr-FR","@id":"https:\/\/casinoreturn.com\/#\/schema\/logo\/image\/","url":"https:\/\/casinoreturn.com\/wp-content\/uploads\/2024\/09\/animal-favicon.png","contentUrl":"https:\/\/casinoreturn.com\/wp-content\/uploads\/2024\/09\/animal-favicon.png","width":92,"height":92,"caption":"casinoreturn"},"image":{"@id":"https:\/\/casinoreturn.com\/#\/schema\/logo\/image\/"}}]}},"_links":{"self":[{"href":"https:\/\/casinoreturn.com\/fr\/wp-json\/wp\/v2\/pages\/4623","targetHints":{"allow":["GET"]}}],"collection":[{"href":"https:\/\/casinoreturn.com\/fr\/wp-json\/wp\/v2\/pages"}],"about":[{"href":"https:\/\/casinoreturn.com\/fr\/wp-json\/wp\/v2\/types\/page"}],"author":[{"embeddable":true,"href":"https:\/\/casinoreturn.com\/fr\/wp-json\/wp\/v2\/users\/1"}],"replies":[{"embeddable":true,"href":"https:\/\/casinoreturn.com\/fr\/wp-json\/wp\/v2\/comments?post=4623"}],"version-history":[{"count":1,"href":"https:\/\/casinoreturn.com\/fr\/wp-json\/wp\/v2\/pages\/4623\/revisions"}],"predecessor-version":[{"id":4624,"href":"https:\/\/casinoreturn.com\/fr\/wp-json\/wp\/v2\/pages\/4623\/revisions\/4624"}],"wp:attachment":[{"href":"https:\/\/casinoreturn.com\/fr\/wp-json\/wp\/v2\/media?parent=4623"}],"curies":[{"name":"wp","href":"https:\/\/api.w.org\/{rel}","templated":true}]}}