{"id":4648,"date":"2024-11-21T14:27:34","date_gmt":"2024-11-21T14:27:34","guid":{"rendered":"https:\/\/casinoreturn.com\/baccarat-en-ligne\/"},"modified":"2024-12-02T17:59:52","modified_gmt":"2024-12-02T17:59:52","slug":"baccarat-en-ligne","status":"publish","type":"page","link":"https:\/\/casinoreturn.com\/fr\/baccarat-en-ligne\/","title":{"rendered":"Baccarat en ligne"},"content":{"rendered":"\t\t<div data-elementor-type=\"wp-page\" data-elementor-id=\"4648\" class=\"elementor elementor-4648\" data-elementor-post-type=\"page\">\n\t\t\t\t<div class=\"elementor-element elementor-element-54716bf e-con-full e-flex e-con e-parent\" data-id=\"54716bf\" data-element_type=\"container\">\n\t\t\t\t<div class=\"elementor-element elementor-element-e1d0de2 elementor-widget elementor-widget-image\" data-id=\"e1d0de2\" data-element_type=\"widget\" data-widget_type=\"image.default\">\n\t\t\t\t<div class=\"elementor-widget-container\">\n\t\t\t\t\t\t\t\t\t\t\t\t\t\t\t<img fetchpriority=\"high\" decoding=\"async\" width=\"376\" height=\"250\" src=\"https:\/\/casinoreturn.com\/wp-content\/uploads\/2024\/11\/Online-Baccarat.png\" class=\"attachment-large size-large wp-image-3744\" alt=\"Online Baccarat\" srcset=\"https:\/\/casinoreturn.com\/wp-content\/uploads\/2024\/11\/Online-Baccarat.png 376w, https:\/\/casinoreturn.com\/wp-content\/uploads\/2024\/11\/Online-Baccarat-300x199.png 300w\" sizes=\"(max-width: 376px) 100vw, 376px\" \/>\t\t\t\t\t\t\t\t\t\t\t\t\t\t\t<\/div>\n\t\t\t\t<\/div>\n\t\t\t\t<div class=\"elementor-element elementor-element-94a1cbc elementor-widget elementor-widget-heading\" data-id=\"94a1cbc\" data-element_type=\"widget\" data-widget_type=\"heading.default\">\n\t\t\t\t<div class=\"elementor-widget-container\">\n\t\t\t\t\t<h2 class=\"elementor-heading-title elementor-size-default\">R\u00e8gles et informations sur le Baccarat en ligne<\/h2>\t\t\t\t<\/div>\n\t\t\t\t<\/div>\n\t\t\t\t<div class=\"elementor-element elementor-element-0c38f38 elementor-button-success elementor-align-center elementor-widget elementor-widget-button\" data-id=\"0c38f38\" data-element_type=\"widget\" data-widget_type=\"button.default\">\n\t\t\t\t<div class=\"elementor-widget-container\">\n\t\t\t\t\t\t\t\t\t<div class=\"elementor-button-wrapper\">\n\t\t\t\t\t<a class=\"elementor-button elementor-button-link elementor-size-sm\" href=\"#\">\n\t\t\t\t\t\t<span class=\"elementor-button-content-wrapper\">\n\t\t\t\t\t\t\t\t\t<span class=\"elementor-button-text\">Jouez au Baccarat ici  <\/span>\n\t\t\t\t\t<\/span>\n\t\t\t\t\t<\/a>\n\t\t\t\t<\/div>\n\t\t\t\t\t\t\t\t<\/div>\n\t\t\t\t<\/div>\n\t\t\t\t<\/div>\n\t\t<div class=\"elementor-element elementor-element-8c4d838 e-con-full e-flex e-con e-parent\" data-id=\"8c4d838\" data-element_type=\"container\">\n\t\t\t\t<div class=\"elementor-element elementor-element-e7305df elementor-widget elementor-widget-text-editor\" data-id=\"e7305df\" data-element_type=\"widget\" data-widget_type=\"text-editor.default\">\n\t\t\t\t<div class=\"elementor-widget-container\">\n\t\t\t\t\t\t\t\t\t<p>R\u00e8gles du Baccarat en ligne. Cet article vous pr\u00e9sente le populaire jeu de machines \u00e0 sous Baccarat en ligne. On pense que ce jeu a vu le jour au 16\u00e8me si\u00e8cle \u00e0 Naples. Depuis, le jeu s&rsquo;est r\u00e9pandu dans le monde entier et est devenu l&rsquo;une des machines \u00e0 sous classiques les plus populaires. C&rsquo;est surtout en Asie que le jeu de Baccarat est bien connu et qu&rsquo;il est l&rsquo;un des plus populaires dans les salles de jeux. La plupart des tables de baccara se trouvent \u00e0 Macao.     <\/p>\n<p>L&rsquo;avantage du baccara est qu&rsquo;il est facile \u00e0 apprendre et qu&rsquo;il offre de grandes chances de gagner. Comme vous ne pariez que sur le r\u00e9sultat du jeu de baccara, vous n&rsquo;avez pas besoin d&rsquo;apprendre des strat\u00e9gies complexes pour b\u00e9n\u00e9ficier d&rsquo;un bon taux de gain &#8211; contrairement au blackjack, par exemple, o\u00f9 vous n&rsquo;avez que la possibilit\u00e9 d&rsquo;int\u00e9rioriser le plan de base au moins. Au fil du temps, de nombreuses variantes de baccarat de casino en ligne ont \u00e9volu\u00e9, et aujourd&rsquo;hui, nous voulons pr\u00e9senter uniquement la variante la plus populaire, \u00ab\u00a0Punto Banco\u00a0\u00bb, car c&rsquo;est de loin la variante de baccarat la plus utilis\u00e9e.     <\/p>\n\t\t\t\t\t\t\t\t<\/div>\n\t\t\t\t<\/div>\n\t\t\t\t<div class=\"elementor-element elementor-element-4ab8244 elementor-widget elementor-widget-heading\" data-id=\"4ab8244\" data-element_type=\"widget\" data-widget_type=\"heading.default\">\n\t\t\t\t<div class=\"elementor-widget-container\">\n\t\t\t\t\t<h2 class=\"elementor-heading-title elementor-size-default\">Comment jouer au baccarat ?<\/h2>\t\t\t\t<\/div>\n\t\t\t\t<\/div>\n\t\t\t\t<\/div>\n\t\t<div class=\"elementor-element elementor-element-2538271 e-con-full e-flex e-con e-parent\" data-id=\"2538271\" data-element_type=\"container\">\n\t\t\t\t<div class=\"elementor-element elementor-element-c07f515 elementor-widget elementor-widget-text-editor\" data-id=\"c07f515\" data-element_type=\"widget\" data-widget_type=\"text-editor.default\">\n\t\t\t\t<div class=\"elementor-widget-container\">\n\t\t\t\t\t\t\t\t\t<p>C&rsquo;est tr\u00e8s brutal de jouer au baccarat en ligne parce que ce directeur artistique rend tout le travail encore plus difficile, alors vous devez d\u00e9cider avec les autres personnes qui ce championnat va obtenir sur le chien \u00e0 partir de maintenant, l&rsquo;institution financi\u00e8re ou les joueurs. Les identifiants sont un peu trompeurs, surtout parce que le joueur n&rsquo;est pas un vrai joueur de baccarat, mais plut\u00f4t un joueur virtuel. Ainsi, en soi, on parie au baccarat sur le fait de savoir si c&rsquo;est l&rsquo;un ou l&rsquo;autre qui remporte la mise. La seule diff\u00e9rence entre les deux parties est le moment o\u00f9 l&rsquo;option doit \u00eatre tir\u00e9e ou non.   <\/p>\n<p>Pour suivre le baccarat, vous devez savoir combien vaut un tel billet. L&rsquo;expert a toujours le num\u00e9ro 1 dans le contexte du baccarat &#8211; autrement identique au blackjack, o\u00f9 cet expert peut aussi accepter le num\u00e9ro 11. Le num\u00e9ro 2 n&rsquo;appara\u00eet qu&rsquo;en cas de 9 au baccarat ; cependant, en outre. . le num\u00e9ro imprim\u00e9 (identique dans le contexte du blackjack). Les cartes de face (valet, dame, roi) valent 0 point au baccarat &#8211; au blackjack, de telles cartes rapportent \u00e0 chaque fois un chiffre sur les faces 10.      <\/p>\n\t\t\t\t\t\t\t\t<\/div>\n\t\t\t\t<\/div>\n\t\t\t\t<div class=\"elementor-element elementor-element-e180f40 elementor-widget elementor-widget-heading\" data-id=\"e180f40\" data-element_type=\"widget\" data-widget_type=\"heading.default\">\n\t\t\t\t<div class=\"elementor-widget-container\">\n\t\t\t\t\t<h3 class=\"elementor-heading-title elementor-size-default\">Probabilit\u00e9s et r\u00e8gles du baccara :<\/h3>\t\t\t\t<\/div>\n\t\t\t\t<\/div>\n\t\t\t\t<div class=\"elementor-element elementor-element-189f9a7 elementor-widget elementor-widget-text-editor\" data-id=\"189f9a7\" data-element_type=\"widget\" data-widget_type=\"text-editor.default\">\n\t\t\t\t<div class=\"elementor-widget-container\">\n\t\t\t\t\t\t\t\t\t<p>Commen\u00e7ons par les probabilit\u00e9s. La probabilit\u00e9 qu&rsquo;une partie se termine par un match nul est de 14. 12%. Si vous avez raison avec ce pari, votre mise est pay\u00e9e \u00e0 8:1 &#8211; un montant impressionnant, plut\u00f4t au d\u00e9savantage du joueur, alors que les autres paris ont une chance de gagner \u00e0 long terme. Les chances des deux autres joueurs sont d&rsquo;environ 50 %, ce qui donne un petit avantage \u00e0 la banque. L&rsquo;avantage de la maison au baccarat n&rsquo;est garanti que par une commission de 5 % si la maison gagne, sinon le jeu serait assez \u00e9quitable. Les chances de gagner les plus \u00e9lev\u00e9es sont certainement celles qui concernent le \u00ab\u00a0Banco\u00a0\u00bb, car l&rsquo;avantage de la maison tombe ici \u00e0 1,06% &#8211; c&rsquo;est l&rsquo;une des meilleures cotes de tous les jeux de machines \u00e0 sous.       <\/p>\n<p>Venons-en aux r\u00e8gles. Le jeu commence g\u00e9n\u00e9ralement apr\u00e8s avoir plac\u00e9 les mises. Toutes les d\u00e9cisions sont prises de mani\u00e8re enti\u00e8rement automatique, de sorte que le joueur peut suivre le tour avec enthousiasme. Certaines r\u00e8gles d\u00e9terminent quand un joueur re\u00e7oit une nouvelle carte et quand il n&rsquo;en re\u00e7oit pas. La proc\u00e9dure est \u00e9galement tr\u00e8s similaire \u00e0 celle du blackjack, \u00e0 la seule diff\u00e9rence que le baccara n\u00e9cessite la pr\u00e9sence des deux joueurs. \u00c9tant donn\u00e9 que les r\u00e8gles du tirage varient l\u00e9g\u00e8rement d&rsquo;une variante du baccara \u00e0 l&rsquo;autre et qu&rsquo;elles ne sont pas n\u00e9cessaires \u00e0 une v\u00e9ritable compr\u00e9hension du jeu, nous laisserons les explications de c\u00f4t\u00e9 pour l&rsquo;instant.    <\/p>\n\t\t\t\t\t\t\t\t<\/div>\n\t\t\t\t<\/div>\n\t\t\t\t<div class=\"elementor-element elementor-element-e0a4023 elementor-widget elementor-widget-heading\" data-id=\"e0a4023\" data-element_type=\"widget\" data-widget_type=\"heading.default\">\n\t\t\t\t<div class=\"elementor-widget-container\">\n\t\t\t\t\t<h3 class=\"elementor-heading-title elementor-size-default\">Conseils pour les d\u00e9butants au Baccarat<\/h3>\t\t\t\t<\/div>\n\t\t\t\t<\/div>\n\t\t\t\t<div class=\"elementor-element elementor-element-f5ddc21 elementor-widget elementor-widget-text-editor\" data-id=\"f5ddc21\" data-element_type=\"widget\" data-widget_type=\"text-editor.default\">\n\t\t\t\t<div class=\"elementor-widget-container\">\n\t\t\t\t\t\t\t\t\t<p>Si vous \u00eates un nouveau venu au jeu du baccarat, vous trouverez les meilleurs conseils et astuces sur BestCasinoListe. com. <\/p>\n<p>Vous recueillerez les meilleurs conseils et astuces en vous asseyant \u00e0 la table de baccara et en misant initialement une petite mise minimale pour \u00e9viter les grosses pertes. L&rsquo;exp\u00e9rience vous permettra \u00e9galement de d\u00e9velopper un sentiment pour le baccara. Un conseil de notre part : Ne misez pas sur un tirage, car c&rsquo;est l\u00e0 que les chances de gagner sont les plus faibles. Si vous regardez les vieux films de James Bond, vous pouvez aussi en tirer quelques conseils.   <\/p>\n\t\t\t\t\t\t\t\t<\/div>\n\t\t\t\t<\/div>\n\t\t\t\t<div class=\"elementor-element elementor-element-1a432e1 elementor-widget elementor-widget-heading\" data-id=\"1a432e1\" data-element_type=\"widget\" data-widget_type=\"heading.default\">\n\t\t\t\t<div class=\"elementor-widget-container\">\n\t\t\t\t\t<h3 class=\"elementor-heading-title elementor-size-default\">Les meilleures strat\u00e9gies pour le baccarat :<\/h3>\t\t\t\t<\/div>\n\t\t\t\t<\/div>\n\t\t\t\t<div class=\"elementor-element elementor-element-00a0cfd elementor-widget elementor-widget-text-editor\" data-id=\"00a0cfd\" data-element_type=\"widget\" data-widget_type=\"text-editor.default\">\n\t\t\t\t<div class=\"elementor-widget-container\">\n\t\t\t\t\t\t\t\t\t<p>L&rsquo;anciennet\u00e9 du baccara a permis de d\u00e9velopper des strat\u00e9gies int\u00e9ressantes au fil du temps ; en particulier, la facilit\u00e9 de compr\u00e9hension du baccara et la clart\u00e9 des possibilit\u00e9s de mise ont favoris\u00e9 son d\u00e9veloppement. \u00c9tant donn\u00e9 que miser sur l&rsquo;un des deux joueurs est presque identique \u00e0 une mise de 50:50, vous pouvez utiliser presque toutes les strat\u00e9gies au baccara.<\/p>\n\t\t\t\t\t\t\t\t<\/div>\n\t\t\t\t<\/div>\n\t\t\t\t<div class=\"elementor-element elementor-element-d7ac299 elementor-widget elementor-widget-heading\" data-id=\"d7ac299\" data-element_type=\"widget\" data-widget_type=\"heading.default\">\n\t\t\t\t<div class=\"elementor-widget-container\">\n\t\t\t\t\t<h3 class=\"elementor-heading-title elementor-size-default\">Baccarat Strat\u00e9gie Martingale  <\/h3>\t\t\t\t<\/div>\n\t\t\t\t<\/div>\n\t\t\t\t<div class=\"elementor-element elementor-element-c070242 elementor-widget elementor-widget-text-editor\" data-id=\"c070242\" data-element_type=\"widget\" data-widget_type=\"text-editor.default\">\n\t\t\t\t<div class=\"elementor-widget-container\">\n\t\t\t\t\t\t\t\t\t<p>Avec la strat\u00e9gie Martingale, vous doublez votre mise \u00e0 chaque perte. Gr\u00e2ce \u00e0 cette approche progressive, vous pouvez r\u00e9cup\u00e9rer tout l&rsquo;argent perdu en une seule fois si vous gagnez. Ce syst\u00e8me est consid\u00e9r\u00e9 comme moyennement s\u00fbr et pr\u00e9sente l&rsquo;inconv\u00e9nient de n\u00e9cessiter tr\u00e8s rapidement des sommes importantes pour pouvoir doubler votre mise.  <\/p>\n<p><strong>Mots du syst\u00e8me :<\/strong><\/p>\n<p>Le syst\u00e8me Paroli est relativement similaire au syst\u00e8me Martingale, avec la diff\u00e9rence cruciale qu&rsquo;ici vous augmentez votre mise si vous gagnez, si vous perdez un tour, vous diminuez votre mise \u00e0 la suite d&rsquo;un gain, comme des mots doubles. L&rsquo;objectif de profit ne doit pas \u00eatre trop \u00e9lev\u00e9, sinon vous ne l&rsquo;atteindrez que rarement, voire jamais. Un mot triple devrait \u00eatre la limite sup\u00e9rieure pour les joueurs mod\u00e9r\u00e9s.  <\/p>\n\t\t\t\t\t\t\t\t<\/div>\n\t\t\t\t<\/div>\n\t\t\t\t<div class=\"elementor-element elementor-element-564c748 elementor-widget elementor-widget-heading\" data-id=\"564c748\" data-element_type=\"widget\" data-widget_type=\"heading.default\">\n\t\t\t\t<div class=\"elementor-widget-container\">\n\t\t\t\t\t<h3 class=\"elementor-heading-title elementor-size-default\">Syst\u00e8me Baccarat D'Lamberet :<\/h3>\t\t\t\t<\/div>\n\t\t\t\t<\/div>\n\t\t\t\t<div class=\"elementor-element elementor-element-5db5e79 elementor-widget elementor-widget-text-editor\" data-id=\"5db5e79\" data-element_type=\"widget\" data-widget_type=\"text-editor.default\">\n\t\t\t\t<div class=\"elementor-widget-container\">\n\t\t\t\t\t\t\t\t\t<p>Le syst\u00e8me Lamberet est consid\u00e9r\u00e9 comme l&rsquo;un des syst\u00e8mes de jeu les plus s\u00fbrs, mais cela signifie \u00e9galement qu&rsquo;il n&rsquo;est pas possible de r\u00e9aliser rapidement de gros b\u00e9n\u00e9fices. Avec ce syst\u00e8me, vous modifiez votre mise m\u00eame apr\u00e8s chaque tour. Si vous gagnez, vous augmentez la mise d&rsquo;une unit\u00e9. Si vous perdez, vous r\u00e9duisez la mise d&rsquo;une unit\u00e9, ce qui vous permet d&rsquo;obtenir un bankroll tr\u00e8s \u00e9quilibr\u00e9 et de rester dans le jeu pendant longtemps.   <\/p>\n\t\t\t\t\t\t\t\t<\/div>\n\t\t\t\t<\/div>\n\t\t\t\t<div class=\"elementor-element elementor-element-93e79b3 elementor-widget elementor-widget-text-editor\" data-id=\"93e79b3\" data-element_type=\"widget\" data-widget_type=\"text-editor.default\">\n\t\t\t\t<div class=\"elementor-widget-container\">\n\t\t\t\t\t\t\t\t\t<p><strong>Conclusion<\/strong>:<\/p>\n<p>Nous esp\u00e9rons que vous avez appr\u00e9ci\u00e9 notre article sur le baccarat et que vous avez maintenant compris les bases de ce jeu. Croyez-nous, il n&rsquo;y a pas de jeu de machine \u00e0 sous plus simple. La prochaine fois que vous vous rendrez dans une salle de jeu, osez utiliser la table de baccara et profitez de l&rsquo;avantage minime de la maison qui vous donne la possibilit\u00e9 de faire un gros profit. Il en va de m\u00eame pour le jeu de baccarat en ligne &#8211; vous devriez essayer le baccarat en direct en ligne !   <\/p>\n\t\t\t\t\t\t\t\t<\/div>\n\t\t\t\t<\/div>\n\t\t\t\t<div class=\"elementor-element elementor-element-f5f08ad elementor-button-success elementor-align-center elementor-widget elementor-widget-button\" data-id=\"f5f08ad\" data-element_type=\"widget\" data-widget_type=\"button.default\">\n\t\t\t\t<div class=\"elementor-widget-container\">\n\t\t\t\t\t\t\t\t\t<div class=\"elementor-button-wrapper\">\n\t\t\t\t\t<a class=\"elementor-button elementor-button-link elementor-size-sm\" href=\"#\">\n\t\t\t\t\t\t<span class=\"elementor-button-content-wrapper\">\n\t\t\t\t\t\t\t\t\t<span class=\"elementor-button-text\">Jouez au Baccarat ici<\/span>\n\t\t\t\t\t<\/span>\n\t\t\t\t\t<\/a>\n\t\t\t\t<\/div>\n\t\t\t\t\t\t\t\t<\/div>\n\t\t\t\t<\/div>\n\t\t\t\t<div class=\"elementor-element elementor-element-7fe8f30 elementor-headline--style-highlight elementor-widget elementor-widget-animated-headline\" data-id=\"7fe8f30\" data-element_type=\"widget\" data-settings=\"{&quot;highlighted_text&quot;:&quot;Zinkra Casino&quot;,&quot;headline_style&quot;:&quot;highlight&quot;,&quot;marker&quot;:&quot;circle&quot;,&quot;loop&quot;:&quot;yes&quot;,&quot;highlight_animation_duration&quot;:1200,&quot;highlight_iteration_delay&quot;:8000}\" data-widget_type=\"animated-headline.default\">\n\t\t\t\t<div class=\"elementor-widget-container\">\n\t\t\t\t\t\t\t\t<a href=\"https:\/\/zinkra.com\/en\/home\" target=\"_blank\">\n\n\t\t\t\t\t<h3 class=\"elementor-headline\">\n\t\t\t\t\t<span class=\"elementor-headline-plain-text elementor-headline-text-wrapper\">Editors Top Baccarat Casino :  <\/span>\n\t\t\t\t<span class=\"elementor-headline-dynamic-wrapper elementor-headline-text-wrapper\">\n\t\t\t\t\t<span class=\"elementor-headline-dynamic-text elementor-headline-text-active\">Zinkra Casino<\/span>\n\t\t\t\t<\/span>\n\t\t\t\t<\/h3>\n\t\t<\/a>\t\t\t\t<\/div>\n\t\t\t\t<\/div>\n\t\t\t\t<\/div>\n\t\t\t\t<\/div>\n\t\t","protected":false},"excerpt":{"rendered":"<p>R\u00e8gles et informations sur le Baccarat en ligne Jouez au Baccarat ici R\u00e8gles du Baccarat en ligne. Cet article vous pr\u00e9sente le populaire jeu de machines \u00e0 sous Baccarat en ligne. On pense que ce jeu a vu le jour au 16\u00e8me si\u00e8cle \u00e0 Naples. Depuis, le jeu s&rsquo;est r\u00e9pandu dans le monde entier et [&hellip;]<\/p>\n","protected":false},"author":1,"featured_media":0,"parent":0,"menu_order":0,"comment_status":"closed","ping_status":"closed","template":"","meta":{"footnotes":""},"class_list":["post-4648","page","type-page","status-publish","hentry"],"blocksy_meta":[],"acf":[],"yoast_head":"<!-- This site is optimized with the Yoast SEO plugin v24.1 - https:\/\/yoast.com\/wordpress\/plugins\/seo\/ -->\n<title>Baccarat en ligne - casinoreturn<\/title>\n<meta name=\"description\" content=\"Le baccara en ligne est l&#039;un des plus anciens jeux connus, originaire de Naples. Lisez ici comment jouer au Baccarat en ligne.\" \/>\n<meta name=\"robots\" content=\"index, follow, max-snippet:-1, max-image-preview:large, max-video-preview:-1\" \/>\n<link rel=\"canonical\" href=\"https:\/\/casinoreturn.com\/fr\/baccarat-en-ligne\/\" \/>\n<meta property=\"og:locale\" content=\"fr_FR\" \/>\n<meta property=\"og:type\" content=\"article\" \/>\n<meta property=\"og:title\" content=\"Baccarat en ligne - casinoreturn\" \/>\n<meta property=\"og:description\" content=\"Le baccara en ligne est l&#039;un des plus anciens jeux connus, originaire de Naples. Lisez ici comment jouer au Baccarat en ligne.\" \/>\n<meta property=\"og:url\" content=\"https:\/\/casinoreturn.com\/fr\/baccarat-en-ligne\/\" \/>\n<meta property=\"og:site_name\" content=\"casinoreturn\" \/>\n<meta property=\"article:modified_time\" content=\"2024-12-02T17:59:52+00:00\" \/>\n<meta property=\"og:image\" content=\"https:\/\/casinoreturn.com\/wp-content\/uploads\/2024\/11\/Online-Baccarat.png\" \/>\n\t<meta property=\"og:image:width\" content=\"376\" \/>\n\t<meta property=\"og:image:height\" content=\"250\" \/>\n\t<meta property=\"og:image:type\" content=\"image\/png\" \/>\n<meta name=\"twitter:card\" content=\"summary_large_image\" \/>\n<meta name=\"twitter:label1\" content=\"Dur\u00e9e de lecture estim\u00e9e\" \/>\n\t<meta name=\"twitter:data1\" content=\"6 minutes\" \/>\n<script type=\"application\/ld+json\" class=\"yoast-schema-graph\">{\"@context\":\"https:\/\/schema.org\",\"@graph\":[{\"@type\":\"WebPage\",\"@id\":\"https:\/\/casinoreturn.com\/fr\/baccarat-en-ligne\/\",\"url\":\"https:\/\/casinoreturn.com\/fr\/baccarat-en-ligne\/\",\"name\":\"Baccarat en ligne - casinoreturn\",\"isPartOf\":{\"@id\":\"https:\/\/casinoreturn.com\/#website\"},\"primaryImageOfPage\":{\"@id\":\"https:\/\/casinoreturn.com\/fr\/baccarat-en-ligne\/#primaryimage\"},\"image\":{\"@id\":\"https:\/\/casinoreturn.com\/fr\/baccarat-en-ligne\/#primaryimage\"},\"thumbnailUrl\":\"https:\/\/casinoreturn.com\/wp-content\/uploads\/2024\/11\/Online-Baccarat.png\",\"datePublished\":\"2024-11-21T14:27:34+00:00\",\"dateModified\":\"2024-12-02T17:59:52+00:00\",\"description\":\"Le baccara en ligne est l'un des plus anciens jeux connus, originaire de Naples. Lisez ici comment jouer au Baccarat en ligne.\",\"breadcrumb\":{\"@id\":\"https:\/\/casinoreturn.com\/fr\/baccarat-en-ligne\/#breadcrumb\"},\"inLanguage\":\"fr-FR\",\"potentialAction\":[{\"@type\":\"ReadAction\",\"target\":[\"https:\/\/casinoreturn.com\/fr\/baccarat-en-ligne\/\"]}]},{\"@type\":\"ImageObject\",\"inLanguage\":\"fr-FR\",\"@id\":\"https:\/\/casinoreturn.com\/fr\/baccarat-en-ligne\/#primaryimage\",\"url\":\"https:\/\/casinoreturn.com\/wp-content\/uploads\/2024\/11\/Online-Baccarat.png\",\"contentUrl\":\"https:\/\/casinoreturn.com\/wp-content\/uploads\/2024\/11\/Online-Baccarat.png\"},{\"@type\":\"BreadcrumbList\",\"@id\":\"https:\/\/casinoreturn.com\/fr\/baccarat-en-ligne\/#breadcrumb\",\"itemListElement\":[{\"@type\":\"ListItem\",\"position\":1,\"name\":\"Home\",\"item\":\"https:\/\/casinoreturn.com\/fr\/home\/\"},{\"@type\":\"ListItem\",\"position\":2,\"name\":\"Baccarat en ligne\"}]},{\"@type\":\"WebSite\",\"@id\":\"https:\/\/casinoreturn.com\/#website\",\"url\":\"https:\/\/casinoreturn.com\/\",\"name\":\"casinoreturn\",\"description\":\"\",\"publisher\":{\"@id\":\"https:\/\/casinoreturn.com\/#organization\"},\"potentialAction\":[{\"@type\":\"SearchAction\",\"target\":{\"@type\":\"EntryPoint\",\"urlTemplate\":\"https:\/\/casinoreturn.com\/?s={search_term_string}\"},\"query-input\":{\"@type\":\"PropertyValueSpecification\",\"valueRequired\":true,\"valueName\":\"search_term_string\"}}],\"inLanguage\":\"fr-FR\"},{\"@type\":\"Organization\",\"@id\":\"https:\/\/casinoreturn.com\/#organization\",\"name\":\"casinoreturn\",\"url\":\"https:\/\/casinoreturn.com\/\",\"logo\":{\"@type\":\"ImageObject\",\"inLanguage\":\"fr-FR\",\"@id\":\"https:\/\/casinoreturn.com\/#\/schema\/logo\/image\/\",\"url\":\"https:\/\/casinoreturn.com\/wp-content\/uploads\/2024\/09\/animal-favicon.png\",\"contentUrl\":\"https:\/\/casinoreturn.com\/wp-content\/uploads\/2024\/09\/animal-favicon.png\",\"width\":92,\"height\":92,\"caption\":\"casinoreturn\"},\"image\":{\"@id\":\"https:\/\/casinoreturn.com\/#\/schema\/logo\/image\/\"}}]}<\/script>\n<!-- \/ Yoast SEO plugin. -->","yoast_head_json":{"title":"Baccarat en ligne - casinoreturn","description":"Le baccara en ligne est l'un des plus anciens jeux connus, originaire de Naples. Lisez ici comment jouer au Baccarat en ligne.","robots":{"index":"index","follow":"follow","max-snippet":"max-snippet:-1","max-image-preview":"max-image-preview:large","max-video-preview":"max-video-preview:-1"},"canonical":"https:\/\/casinoreturn.com\/fr\/baccarat-en-ligne\/","og_locale":"fr_FR","og_type":"article","og_title":"Baccarat en ligne - casinoreturn","og_description":"Le baccara en ligne est l'un des plus anciens jeux connus, originaire de Naples. Lisez ici comment jouer au Baccarat en ligne.","og_url":"https:\/\/casinoreturn.com\/fr\/baccarat-en-ligne\/","og_site_name":"casinoreturn","article_modified_time":"2024-12-02T17:59:52+00:00","og_image":[{"width":376,"height":250,"url":"https:\/\/casinoreturn.com\/wp-content\/uploads\/2024\/11\/Online-Baccarat.png","type":"image\/png"}],"twitter_card":"summary_large_image","twitter_misc":{"Dur\u00e9e de lecture estim\u00e9e":"6 minutes"},"schema":{"@context":"https:\/\/schema.org","@graph":[{"@type":"WebPage","@id":"https:\/\/casinoreturn.com\/fr\/baccarat-en-ligne\/","url":"https:\/\/casinoreturn.com\/fr\/baccarat-en-ligne\/","name":"Baccarat en ligne - casinoreturn","isPartOf":{"@id":"https:\/\/casinoreturn.com\/#website"},"primaryImageOfPage":{"@id":"https:\/\/casinoreturn.com\/fr\/baccarat-en-ligne\/#primaryimage"},"image":{"@id":"https:\/\/casinoreturn.com\/fr\/baccarat-en-ligne\/#primaryimage"},"thumbnailUrl":"https:\/\/casinoreturn.com\/wp-content\/uploads\/2024\/11\/Online-Baccarat.png","datePublished":"2024-11-21T14:27:34+00:00","dateModified":"2024-12-02T17:59:52+00:00","description":"Le baccara en ligne est l'un des plus anciens jeux connus, originaire de Naples. Lisez ici comment jouer au Baccarat en ligne.","breadcrumb":{"@id":"https:\/\/casinoreturn.com\/fr\/baccarat-en-ligne\/#breadcrumb"},"inLanguage":"fr-FR","potentialAction":[{"@type":"ReadAction","target":["https:\/\/casinoreturn.com\/fr\/baccarat-en-ligne\/"]}]},{"@type":"ImageObject","inLanguage":"fr-FR","@id":"https:\/\/casinoreturn.com\/fr\/baccarat-en-ligne\/#primaryimage","url":"https:\/\/casinoreturn.com\/wp-content\/uploads\/2024\/11\/Online-Baccarat.png","contentUrl":"https:\/\/casinoreturn.com\/wp-content\/uploads\/2024\/11\/Online-Baccarat.png"},{"@type":"BreadcrumbList","@id":"https:\/\/casinoreturn.com\/fr\/baccarat-en-ligne\/#breadcrumb","itemListElement":[{"@type":"ListItem","position":1,"name":"Home","item":"https:\/\/casinoreturn.com\/fr\/home\/"},{"@type":"ListItem","position":2,"name":"Baccarat en ligne"}]},{"@type":"WebSite","@id":"https:\/\/casinoreturn.com\/#website","url":"https:\/\/casinoreturn.com\/","name":"casinoreturn","description":"","publisher":{"@id":"https:\/\/casinoreturn.com\/#organization"},"potentialAction":[{"@type":"SearchAction","target":{"@type":"EntryPoint","urlTemplate":"https:\/\/casinoreturn.com\/?s={search_term_string}"},"query-input":{"@type":"PropertyValueSpecification","valueRequired":true,"valueName":"search_term_string"}}],"inLanguage":"fr-FR"},{"@type":"Organization","@id":"https:\/\/casinoreturn.com\/#organization","name":"casinoreturn","url":"https:\/\/casinoreturn.com\/","logo":{"@type":"ImageObject","inLanguage":"fr-FR","@id":"https:\/\/casinoreturn.com\/#\/schema\/logo\/image\/","url":"https:\/\/casinoreturn.com\/wp-content\/uploads\/2024\/09\/animal-favicon.png","contentUrl":"https:\/\/casinoreturn.com\/wp-content\/uploads\/2024\/09\/animal-favicon.png","width":92,"height":92,"caption":"casinoreturn"},"image":{"@id":"https:\/\/casinoreturn.com\/#\/schema\/logo\/image\/"}}]}},"_links":{"self":[{"href":"https:\/\/casinoreturn.com\/fr\/wp-json\/wp\/v2\/pages\/4648","targetHints":{"allow":["GET"]}}],"collection":[{"href":"https:\/\/casinoreturn.com\/fr\/wp-json\/wp\/v2\/pages"}],"about":[{"href":"https:\/\/casinoreturn.com\/fr\/wp-json\/wp\/v2\/types\/page"}],"author":[{"embeddable":true,"href":"https:\/\/casinoreturn.com\/fr\/wp-json\/wp\/v2\/users\/1"}],"replies":[{"embeddable":true,"href":"https:\/\/casinoreturn.com\/fr\/wp-json\/wp\/v2\/comments?post=4648"}],"version-history":[{"count":1,"href":"https:\/\/casinoreturn.com\/fr\/wp-json\/wp\/v2\/pages\/4648\/revisions"}],"predecessor-version":[{"id":4649,"href":"https:\/\/casinoreturn.com\/fr\/wp-json\/wp\/v2\/pages\/4648\/revisions\/4649"}],"wp:attachment":[{"href":"https:\/\/casinoreturn.com\/fr\/wp-json\/wp\/v2\/media?parent=4648"}],"curies":[{"name":"wp","href":"https:\/\/api.w.org\/{rel}","templated":true}]}}