{"id":4962,"date":"2024-11-13T14:22:59","date_gmt":"2024-11-13T14:22:59","guid":{"rendered":"https:\/\/casinoreturn.com\/fantasy-football-betting-casinos\/"},"modified":"2025-10-31T13:17:41","modified_gmt":"2025-10-31T13:17:41","slug":"fantasy-football-betting-casinos","status":"publish","type":"page","link":"https:\/\/casinoreturn.com\/fr\/fantasy-football-betting-casinos\/","title":{"rendered":"Fantasy Football Betting Casinos"},"content":{"rendered":"\t\t<div data-elementor-type=\"wp-page\" data-elementor-id=\"4962\" class=\"elementor elementor-4962\" data-elementor-post-type=\"page\">\n\t\t\t\t<div class=\"elementor-element elementor-element-642d999 e-con-full e-flex e-con e-parent\" data-id=\"642d999\" data-element_type=\"container\">\n\t\t\t\t<div class=\"elementor-element elementor-element-d027b58 elementor-widget elementor-widget-image\" data-id=\"d027b58\" data-element_type=\"widget\" data-widget_type=\"image.default\">\n\t\t\t\t<div class=\"elementor-widget-container\">\n\t\t\t\t\t\t\t\t\t\t\t\t\t\t\t<img decoding=\"async\" src=\"https:\/\/casinoreturn.com\/wp-content\/uploads\/elementor\/thumbs\/Fantasy-Football-Casino-qx0213mld26kmw2y2bvw2cqpmcar1kh6oms60z1sr4.jpg\" title=\"Fantasy Football Casino\" alt=\"Fantasy Football Casino Betting\" loading=\"lazy\" \/>\t\t\t\t\t\t\t\t\t\t\t\t\t\t\t<\/div>\n\t\t\t\t<\/div>\n\t\t\t\t<div class=\"elementor-element elementor-element-1095682 elementor-widget elementor-widget-heading\" data-id=\"1095682\" data-element_type=\"widget\" data-widget_type=\"heading.default\">\n\t\t\t\t<div class=\"elementor-widget-container\">\n\t\t\t\t\t<h2 class=\"elementor-heading-title elementor-size-default\">Fantasy Football Casino Betting<\/h2>\t\t\t\t<\/div>\n\t\t\t\t<\/div>\n\t\t\t\t<div class=\"elementor-element elementor-element-77d5a60 elementor-widget elementor-widget-text-editor\" data-id=\"77d5a60\" data-element_type=\"widget\" data-widget_type=\"text-editor.default\">\n\t\t\t\t<div class=\"elementor-widget-container\">\n\t\t\t\t\t\t\t\t\t<h3>Qu&rsquo;est-ce que le football fantastique ?<\/h3>\n<p>Qu&rsquo;est-ce que le football fantastique ? Vous pouvez ainsi devenir le directeur g\u00e9n\u00e9ral de votre \u00e9quipe de football, o\u00f9 vous &#8211; et vous seul &#8211; d\u00e9cidez des joueurs que vous voulez. <\/p>\n<h5>S\u00e9lection de vos propres joueurs<\/h5>\n<p>Vous s\u00e9lectionnez une liste de joueurs de la NFL pour votre \u00e9quipe et utilisez leurs donn\u00e9es r\u00e9elles pour rivaliser avec d&rsquo;autres \u00e9quipes s\u00e9lectionn\u00e9es de la m\u00eame mani\u00e8re afin de d\u00e9terminer quel patron est le plus performant. Au cours de chaque semaine de la saison de football, les performances des joueurs que vous placez dans l&rsquo;\u00e9quipe de d\u00e9part d\u00e9terminent le succ\u00e8s ou l&rsquo;\u00e9chec de votre \u00e9quipe fantaisiste. <\/p>\n<h5>Remplacez vos joueurs<\/h5>\n<p>Vous pouvez choisir des joueurs de remplacement qui restent sur le banc, travailler sur la ligne libre pour obtenir des pi\u00e8ces chaudes, ou essayer de vous d\u00e9barrasser d&rsquo;un v\u00e9t\u00e9ran vieillissant avant que la roue ne tombe en \u00e9change d&rsquo;un nouveau venu sur le point de s&rsquo;enflammer. Une fois inscrit dans votre biblioth\u00e8que de jeux en ligne, choisissez d&rsquo;abord votre ligue pr\u00e9f\u00e9r\u00e9e, et votre premier pari en Fantasy Football ne sera plus un obstacle ! Lorsque vous choisissez une ligue, vous devez \u00e9galement tenir compte des points suivants :  <\/p>\n<h4>Les \u00e9l\u00e9ments \u00e0 prendre en compte dans le Fantasy Football<\/h4>\n<p>Il existe des ligues de toutes tailles et vous pouvez choisir de participer \u00e0 quatre \u00e9quipes seulement ou \u00e0 30 \u00e9quipes. Moins il y a de propri\u00e9taires, plus il y a de superstars dans chaque \u00e9quipe. Toutefois, si votre ligue compte trop d&rsquo;\u00e9quipes et que vous souhaitez \u00e9tablir une liste une fois par semaine, vous devrez peut-\u00eatre conna\u00eetre le nom du joueur de champ de la quatri\u00e8me rang\u00e9e. Ce nom peut \u00eatre plus facile \u00e0 m\u00e2cher que celui des supporters ordinaires.   <\/p>\n<h5>Ligue des 12 \u00e9quipes<\/h5>\n<p>Pour moi, 12 joueurs est la taille id\u00e9ale pour la Fantasy Football League. De cette fa\u00e7on, chaque \u00e9quipe finira par avoir un bon m\u00e9lange de talents ; chaque \u00e9quipe aura non seulement plusieurs joueurs, mais le propri\u00e9taire devra \u00e9galement puiser plus profond\u00e9ment dans la r\u00e9serve de joueurs pour compl\u00e9ter la liste des joueurs. Cependant, il y aura probablement de bons joueurs si toutes les listes de joueurs sont remplies. Ainsi, lorsque la saison battra son plein, les patrons pourront am\u00e9liorer leur territoire.   <\/p>\n\t\t\t\t\t\t\t\t<\/div>\n\t\t\t\t<\/div>\n\t\t\t\t<div class=\"elementor-element elementor-element-b8c877b elementor-widget elementor-widget-heading\" data-id=\"b8c877b\" data-element_type=\"widget\" data-widget_type=\"heading.default\">\n\t\t\t\t<div class=\"elementor-widget-container\">\n\t\t\t\t\t<h3 class=\"elementor-heading-title elementor-size-default\">Comment parier sur le Fantasy Football ?<\/h3>\t\t\t\t<\/div>\n\t\t\t\t<\/div>\n\t\t\t\t<div class=\"elementor-element elementor-element-65d3835 elementor-widget elementor-widget-text-editor\" data-id=\"65d3835\" data-element_type=\"widget\" data-widget_type=\"text-editor.default\">\n\t\t\t\t<div class=\"elementor-widget-container\">\n\t\t\t\t\t\t\t\t\t<p>Dans l&rsquo;article suivant, nous aborderons la question du fonctionnement du Fantasy Football ou \u00ab\u00a0Comment fonctionne le Fantasy Football NFL\u00a0\u00bb ? Ou \u00ab\u00a0Comment fonctionne le Fantasy Football Draft\u00a0\u00bb ? En outre, nous \u00e9tudions la question de savoir dans quelle mesure un propri\u00e9taire de Fantasy est assign\u00e9 \u00e0 un joueur particulier.  <\/p>\n<h5>Comment fonctionne la Draft Fantasy de la NFL ?<\/h5>\n<p>La plupart des ligues s\u00e9lectionnent des drafts, o\u00f9 le patron choisit \u00e0 tour de r\u00f4le des joueurs qui n&rsquo;ont pas encore \u00e9t\u00e9 affect\u00e9s \u00e0 l&rsquo;\u00e9quipe. G\u00e9n\u00e9ralement, la conception se fait dans une file d&rsquo;attente, l&rsquo;\u00e9quipe votant en premier lors d&rsquo;un tour et en dernier lors du tour suivant afin d&rsquo;assurer l&rsquo;\u00e9quilibre de l&rsquo;\u00e9quipe. Les ventes aux ench\u00e8res constituent un autre mode de diffusion.  <\/p>\n<h5>Que se passe-t-il lors d&rsquo;une vente aux ench\u00e8res pour les joueurs de l&rsquo;\u00e9quipe ?<\/h5>\n<p>Dans le format d&rsquo;ench\u00e8res, toutes les \u00e9quipes commencent avec le m\u00eame montant d&rsquo;argent fantasy et nomment ensuite un joueur. L&rsquo;offre la plus \u00e9lev\u00e9e pour un joueur donn\u00e9 l&#8217;emporte, mais bien entendu, le propri\u00e9taire gagnant dispose d\u00e9sormais de moins d&rsquo;argent pour ench\u00e9rir sur les joueurs suivants. Ainsi, bien que la vente aux ench\u00e8res permette \u00e0 chaque patron de s&rsquo;occuper des joueurs qu&rsquo;il souhaite, chaque patron doit veiller \u00e0 respecter un budget raisonnable, faute de quoi il risque d&rsquo;avoir trois candidats \u00e0 c\u00f4t\u00e9 d&rsquo;un tas de \u00ab\u00a0broussards\u00a0\u00bb. \u00a0\u00bb  <\/p>\n\t\t\t\t\t\t\t\t<\/div>\n\t\t\t\t<\/div>\n\t\t\t\t<div class=\"elementor-element elementor-element-f39cfac elementor-widget elementor-widget-image\" data-id=\"f39cfac\" data-element_type=\"widget\" data-widget_type=\"image.default\">\n\t\t\t\t<div class=\"elementor-widget-container\">\n\t\t\t\t\t\t\t\t\t\t\t\t\t\t\t<img decoding=\"async\" src=\"https:\/\/casinoreturn.com\/wp-content\/uploads\/elementor\/thumbs\/Fantasy-Football-Betting-qx02bndcu9ujrxxwe1uggpwkyijm1f47ij8zsbghxs.jpg\" title=\"Fantasy Football Betting\" alt=\"Fantasy Football Betting\" loading=\"lazy\" \/>\t\t\t\t\t\t\t\t\t\t\t\t\t\t\t<\/div>\n\t\t\t\t<\/div>\n\t\t\t\t<div class=\"elementor-element elementor-element-9a86ccb elementor-widget elementor-widget-heading\" data-id=\"9a86ccb\" data-element_type=\"widget\" data-widget_type=\"heading.default\">\n\t\t\t\t<div class=\"elementor-widget-container\">\n\t\t\t\t\t<h3 class=\"elementor-heading-title elementor-size-default\">Les meilleurs conseils pour parier sur le Fantasy Football :<\/h3>\t\t\t\t<\/div>\n\t\t\t\t<\/div>\n\t\t\t\t<div class=\"elementor-element elementor-element-74ad2b2 elementor-widget elementor-widget-text-editor\" data-id=\"74ad2b2\" data-element_type=\"widget\" data-widget_type=\"text-editor.default\">\n\t\t\t\t<div class=\"elementor-widget-container\">\n\t\t\t\t\t\t\t\t\t<p>Certaines ligues proc\u00e8dent \u00e0 une nouvelle s\u00e9lection au d\u00e9but de chaque saison. D&rsquo;autres, en revanche, offrent aux propri\u00e9taires la possibilit\u00e9 de conserver des joueurs dans leur \u00e9quipe pendant plusieurs saisons. <\/p>\n<h5>L&rsquo;heure des d\u00e9cisions dans le Fantasy Foofball<\/h5>\n<p>Cependant, la d\u00e9cision doit \u00eatre prise le plus t\u00f4t possible car vous saurez alors si un joueur restera dans l&rsquo;\u00e9quipe plus ou moins longtemps. Quelle que soit la m\u00e9thode que vous choisirez en fin de compte, vous devriez avoir une id\u00e9e de la forme et du fonctionnement d&rsquo;un rep\u00eachage, et de la meilleure fa\u00e7on de proc\u00e9der avant de l&rsquo;entamer. <\/p>\n\t\t\t\t\t\t\t\t<\/div>\n\t\t\t\t<\/div>\n\t\t\t\t<div class=\"elementor-element elementor-element-f389443 elementor-widget elementor-widget-heading\" data-id=\"f389443\" data-element_type=\"widget\" data-widget_type=\"heading.default\">\n\t\t\t\t<div class=\"elementor-widget-container\">\n\t\t\t\t\t<h3 class=\"elementor-heading-title elementor-size-default\">Les meilleurs casinos de paris pour le Fantasy Football ?<\/h3>\t\t\t\t<\/div>\n\t\t\t\t<\/div>\n\t\t\t\t<div class=\"elementor-element elementor-element-44ba9f8 elementor-widget elementor-widget-text-editor\" data-id=\"44ba9f8\" data-element_type=\"widget\" data-widget_type=\"text-editor.default\">\n\t\t\t\t<div class=\"elementor-widget-container\">\n\t\t\t\t\t\t\t\t\t<ul>\n<li>Lorem ipsum dolor sit amet, consectetur adipiscing elit. Ut elit tellus, luctus nec ullamcorper mattis, pulvinar dapibus leo. <\/li>\n<\/ul>\n\t\t\t\t\t\t\t\t<\/div>\n\t\t\t\t<\/div>\n\t\t\t\t<\/div>\n\t\t\t\t<\/div>\n\t\t","protected":false},"excerpt":{"rendered":"<p>Fantasy Football Casino Betting Qu&rsquo;est-ce que le football fantastique ? Qu&rsquo;est-ce que le football fantastique ? Vous pouvez ainsi devenir le directeur g\u00e9n\u00e9ral de votre \u00e9quipe de football, o\u00f9 vous &#8211; et vous seul &#8211; d\u00e9cidez des joueurs que vous voulez. S\u00e9lection de vos propres joueurs Vous s\u00e9lectionnez une liste de joueurs de la NFL [&hellip;]<\/p>\n","protected":false},"author":1,"featured_media":0,"parent":0,"menu_order":0,"comment_status":"closed","ping_status":"closed","template":"","meta":{"footnotes":""},"class_list":["post-4962","page","type-page","status-publish","hentry"],"blocksy_meta":[],"acf":[],"yoast_head":"<!-- This site is optimized with the Yoast SEO plugin v24.1 - https:\/\/yoast.com\/wordpress\/plugins\/seo\/ -->\n<title>Fantasy Football Betting Casinos - casinoreturn<\/title>\n<meta name=\"description\" content=\"Les casinos de paris sur le Fantasy Football ne sont pas les plus courants. S&#039;impliquer, \u00e9changer des r\u00e9sultats et en parler, c&#039;est la cl\u00e9 pour les joueurs.\" \/>\n<meta name=\"robots\" content=\"index, follow, max-snippet:-1, max-image-preview:large, max-video-preview:-1\" \/>\n<link rel=\"canonical\" href=\"https:\/\/casinoreturn.com\/fr\/fantasy-football-betting-casinos\/\" \/>\n<meta property=\"og:locale\" content=\"fr_FR\" \/>\n<meta property=\"og:type\" content=\"article\" \/>\n<meta property=\"og:title\" content=\"Fantasy Football Betting Casinos - casinoreturn\" \/>\n<meta property=\"og:description\" content=\"Les casinos de paris sur le Fantasy Football ne sont pas les plus courants. S&#039;impliquer, \u00e9changer des r\u00e9sultats et en parler, c&#039;est la cl\u00e9 pour les joueurs.\" \/>\n<meta property=\"og:url\" content=\"https:\/\/casinoreturn.com\/fr\/fantasy-football-betting-casinos\/\" \/>\n<meta property=\"og:site_name\" content=\"casinoreturn\" \/>\n<meta property=\"article:modified_time\" content=\"2025-10-31T13:17:41+00:00\" \/>\n<meta property=\"og:image\" content=\"https:\/\/casinoreturn.com\/wp-content\/uploads\/elementor\/thumbs\/Fantasy-Football-Casino-qx0213mld26kmw2y2bvw2cqpmcar1kh6oms60z1sr4.jpg\" \/>\n<meta name=\"twitter:card\" content=\"summary_large_image\" \/>\n<meta name=\"twitter:label1\" content=\"Dur\u00e9e de lecture estim\u00e9e\" \/>\n\t<meta name=\"twitter:data1\" content=\"4 minutes\" \/>\n<script type=\"application\/ld+json\" class=\"yoast-schema-graph\">{\"@context\":\"https:\/\/schema.org\",\"@graph\":[{\"@type\":\"WebPage\",\"@id\":\"https:\/\/casinoreturn.com\/fr\/fantasy-football-betting-casinos\/\",\"url\":\"https:\/\/casinoreturn.com\/fr\/fantasy-football-betting-casinos\/\",\"name\":\"Fantasy Football Betting Casinos - casinoreturn\",\"isPartOf\":{\"@id\":\"https:\/\/casinoreturn.com\/#website\"},\"primaryImageOfPage\":{\"@id\":\"https:\/\/casinoreturn.com\/fr\/fantasy-football-betting-casinos\/#primaryimage\"},\"image\":{\"@id\":\"https:\/\/casinoreturn.com\/fr\/fantasy-football-betting-casinos\/#primaryimage\"},\"thumbnailUrl\":\"https:\/\/casinoreturn.com\/wp-content\/uploads\/elementor\/thumbs\/Fantasy-Football-Casino-qx0213mld26kmw2y2bvw2cqpmcar1kh6oms60z1sr4.jpg\",\"datePublished\":\"2024-11-13T14:22:59+00:00\",\"dateModified\":\"2025-10-31T13:17:41+00:00\",\"description\":\"Les casinos de paris sur le Fantasy Football ne sont pas les plus courants. S'impliquer, \u00e9changer des r\u00e9sultats et en parler, c'est la cl\u00e9 pour les joueurs.\",\"breadcrumb\":{\"@id\":\"https:\/\/casinoreturn.com\/fr\/fantasy-football-betting-casinos\/#breadcrumb\"},\"inLanguage\":\"fr-FR\",\"potentialAction\":[{\"@type\":\"ReadAction\",\"target\":[\"https:\/\/casinoreturn.com\/fr\/fantasy-football-betting-casinos\/\"]}]},{\"@type\":\"ImageObject\",\"inLanguage\":\"fr-FR\",\"@id\":\"https:\/\/casinoreturn.com\/fr\/fantasy-football-betting-casinos\/#primaryimage\",\"url\":\"https:\/\/casinoreturn.com\/wp-content\/uploads\/elementor\/thumbs\/Fantasy-Football-Casino-qx0213mld26kmw2y2bvw2cqpmcar1kh6oms60z1sr4.jpg\",\"contentUrl\":\"https:\/\/casinoreturn.com\/wp-content\/uploads\/elementor\/thumbs\/Fantasy-Football-Casino-qx0213mld26kmw2y2bvw2cqpmcar1kh6oms60z1sr4.jpg\"},{\"@type\":\"BreadcrumbList\",\"@id\":\"https:\/\/casinoreturn.com\/fr\/fantasy-football-betting-casinos\/#breadcrumb\",\"itemListElement\":[{\"@type\":\"ListItem\",\"position\":1,\"name\":\"Home\",\"item\":\"https:\/\/casinoreturn.com\/fr\/home\/\"},{\"@type\":\"ListItem\",\"position\":2,\"name\":\"Fantasy Football Betting Casinos\"}]},{\"@type\":\"WebSite\",\"@id\":\"https:\/\/casinoreturn.com\/#website\",\"url\":\"https:\/\/casinoreturn.com\/\",\"name\":\"casinoreturn\",\"description\":\"\",\"publisher\":{\"@id\":\"https:\/\/casinoreturn.com\/#organization\"},\"potentialAction\":[{\"@type\":\"SearchAction\",\"target\":{\"@type\":\"EntryPoint\",\"urlTemplate\":\"https:\/\/casinoreturn.com\/?s={search_term_string}\"},\"query-input\":{\"@type\":\"PropertyValueSpecification\",\"valueRequired\":true,\"valueName\":\"search_term_string\"}}],\"inLanguage\":\"fr-FR\"},{\"@type\":\"Organization\",\"@id\":\"https:\/\/casinoreturn.com\/#organization\",\"name\":\"casinoreturn\",\"url\":\"https:\/\/casinoreturn.com\/\",\"logo\":{\"@type\":\"ImageObject\",\"inLanguage\":\"fr-FR\",\"@id\":\"https:\/\/casinoreturn.com\/#\/schema\/logo\/image\/\",\"url\":\"https:\/\/casinoreturn.com\/wp-content\/uploads\/2024\/09\/animal-favicon.png\",\"contentUrl\":\"https:\/\/casinoreturn.com\/wp-content\/uploads\/2024\/09\/animal-favicon.png\",\"width\":92,\"height\":92,\"caption\":\"casinoreturn\"},\"image\":{\"@id\":\"https:\/\/casinoreturn.com\/#\/schema\/logo\/image\/\"}}]}<\/script>\n<!-- \/ Yoast SEO plugin. -->","yoast_head_json":{"title":"Fantasy Football Betting Casinos - casinoreturn","description":"Les casinos de paris sur le Fantasy Football ne sont pas les plus courants. S'impliquer, \u00e9changer des r\u00e9sultats et en parler, c'est la cl\u00e9 pour les joueurs.","robots":{"index":"index","follow":"follow","max-snippet":"max-snippet:-1","max-image-preview":"max-image-preview:large","max-video-preview":"max-video-preview:-1"},"canonical":"https:\/\/casinoreturn.com\/fr\/fantasy-football-betting-casinos\/","og_locale":"fr_FR","og_type":"article","og_title":"Fantasy Football Betting Casinos - casinoreturn","og_description":"Les casinos de paris sur le Fantasy Football ne sont pas les plus courants. S'impliquer, \u00e9changer des r\u00e9sultats et en parler, c'est la cl\u00e9 pour les joueurs.","og_url":"https:\/\/casinoreturn.com\/fr\/fantasy-football-betting-casinos\/","og_site_name":"casinoreturn","article_modified_time":"2025-10-31T13:17:41+00:00","og_image":[{"url":"https:\/\/casinoreturn.com\/wp-content\/uploads\/elementor\/thumbs\/Fantasy-Football-Casino-qx0213mld26kmw2y2bvw2cqpmcar1kh6oms60z1sr4.jpg","type":"","width":"","height":""}],"twitter_card":"summary_large_image","twitter_misc":{"Dur\u00e9e de lecture estim\u00e9e":"4 minutes"},"schema":{"@context":"https:\/\/schema.org","@graph":[{"@type":"WebPage","@id":"https:\/\/casinoreturn.com\/fr\/fantasy-football-betting-casinos\/","url":"https:\/\/casinoreturn.com\/fr\/fantasy-football-betting-casinos\/","name":"Fantasy Football Betting Casinos - casinoreturn","isPartOf":{"@id":"https:\/\/casinoreturn.com\/#website"},"primaryImageOfPage":{"@id":"https:\/\/casinoreturn.com\/fr\/fantasy-football-betting-casinos\/#primaryimage"},"image":{"@id":"https:\/\/casinoreturn.com\/fr\/fantasy-football-betting-casinos\/#primaryimage"},"thumbnailUrl":"https:\/\/casinoreturn.com\/wp-content\/uploads\/elementor\/thumbs\/Fantasy-Football-Casino-qx0213mld26kmw2y2bvw2cqpmcar1kh6oms60z1sr4.jpg","datePublished":"2024-11-13T14:22:59+00:00","dateModified":"2025-10-31T13:17:41+00:00","description":"Les casinos de paris sur le Fantasy Football ne sont pas les plus courants. S'impliquer, \u00e9changer des r\u00e9sultats et en parler, c'est la cl\u00e9 pour les joueurs.","breadcrumb":{"@id":"https:\/\/casinoreturn.com\/fr\/fantasy-football-betting-casinos\/#breadcrumb"},"inLanguage":"fr-FR","potentialAction":[{"@type":"ReadAction","target":["https:\/\/casinoreturn.com\/fr\/fantasy-football-betting-casinos\/"]}]},{"@type":"ImageObject","inLanguage":"fr-FR","@id":"https:\/\/casinoreturn.com\/fr\/fantasy-football-betting-casinos\/#primaryimage","url":"https:\/\/casinoreturn.com\/wp-content\/uploads\/elementor\/thumbs\/Fantasy-Football-Casino-qx0213mld26kmw2y2bvw2cqpmcar1kh6oms60z1sr4.jpg","contentUrl":"https:\/\/casinoreturn.com\/wp-content\/uploads\/elementor\/thumbs\/Fantasy-Football-Casino-qx0213mld26kmw2y2bvw2cqpmcar1kh6oms60z1sr4.jpg"},{"@type":"BreadcrumbList","@id":"https:\/\/casinoreturn.com\/fr\/fantasy-football-betting-casinos\/#breadcrumb","itemListElement":[{"@type":"ListItem","position":1,"name":"Home","item":"https:\/\/casinoreturn.com\/fr\/home\/"},{"@type":"ListItem","position":2,"name":"Fantasy Football Betting Casinos"}]},{"@type":"WebSite","@id":"https:\/\/casinoreturn.com\/#website","url":"https:\/\/casinoreturn.com\/","name":"casinoreturn","description":"","publisher":{"@id":"https:\/\/casinoreturn.com\/#organization"},"potentialAction":[{"@type":"SearchAction","target":{"@type":"EntryPoint","urlTemplate":"https:\/\/casinoreturn.com\/?s={search_term_string}"},"query-input":{"@type":"PropertyValueSpecification","valueRequired":true,"valueName":"search_term_string"}}],"inLanguage":"fr-FR"},{"@type":"Organization","@id":"https:\/\/casinoreturn.com\/#organization","name":"casinoreturn","url":"https:\/\/casinoreturn.com\/","logo":{"@type":"ImageObject","inLanguage":"fr-FR","@id":"https:\/\/casinoreturn.com\/#\/schema\/logo\/image\/","url":"https:\/\/casinoreturn.com\/wp-content\/uploads\/2024\/09\/animal-favicon.png","contentUrl":"https:\/\/casinoreturn.com\/wp-content\/uploads\/2024\/09\/animal-favicon.png","width":92,"height":92,"caption":"casinoreturn"},"image":{"@id":"https:\/\/casinoreturn.com\/#\/schema\/logo\/image\/"}}]}},"_links":{"self":[{"href":"https:\/\/casinoreturn.com\/fr\/wp-json\/wp\/v2\/pages\/4962","targetHints":{"allow":["GET"]}}],"collection":[{"href":"https:\/\/casinoreturn.com\/fr\/wp-json\/wp\/v2\/pages"}],"about":[{"href":"https:\/\/casinoreturn.com\/fr\/wp-json\/wp\/v2\/types\/page"}],"author":[{"embeddable":true,"href":"https:\/\/casinoreturn.com\/fr\/wp-json\/wp\/v2\/users\/1"}],"replies":[{"embeddable":true,"href":"https:\/\/casinoreturn.com\/fr\/wp-json\/wp\/v2\/comments?post=4962"}],"version-history":[{"count":3,"href":"https:\/\/casinoreturn.com\/fr\/wp-json\/wp\/v2\/pages\/4962\/revisions"}],"predecessor-version":[{"id":15861,"href":"https:\/\/casinoreturn.com\/fr\/wp-json\/wp\/v2\/pages\/4962\/revisions\/15861"}],"wp:attachment":[{"href":"https:\/\/casinoreturn.com\/fr\/wp-json\/wp\/v2\/media?parent=4962"}],"curies":[{"name":"wp","href":"https:\/\/api.w.org\/{rel}","templated":true}]}}