{"id":4984,"date":"2024-11-03T10:12:19","date_gmt":"2024-11-03T10:12:19","guid":{"rendered":"https:\/\/casinoreturn.com\/football-americain-canada-pour-les-debutants\/"},"modified":"2025-02-12T12:52:51","modified_gmt":"2025-02-12T12:52:51","slug":"football-americain-canada-pour-les-debutants","status":"publish","type":"page","link":"https:\/\/casinoreturn.com\/fr\/football-americain-canada-pour-les-debutants\/","title":{"rendered":"Football am\u00e9ricain Canada pour les d\u00e9butants"},"content":{"rendered":"\t\t<div data-elementor-type=\"wp-page\" data-elementor-id=\"4984\" class=\"elementor elementor-4984\" data-elementor-post-type=\"page\">\n\t\t\t\t<div class=\"elementor-element elementor-element-192ee5b7 e-flex e-con-boxed e-con e-parent\" data-id=\"192ee5b7\" data-element_type=\"container\">\n\t\t\t\t\t<div class=\"e-con-inner\">\n\t\t\t\t<div class=\"elementor-element elementor-element-266bc16c elementor-widget elementor-widget-text-editor\" data-id=\"266bc16c\" data-element_type=\"widget\" data-widget_type=\"text-editor.default\">\n\t\t\t\t<div class=\"elementor-widget-container\">\n\t\t\t\t\t\t\t\t\t<h4 class=\"wp-block-heading\">Le football am\u00e9ricain au Canada et ses r\u00e8gles de base.<\/h4>\n<p><strong>Mais tout d&rsquo;abord, consultez Lucky Days Casino et sa revue des casinos.<\/strong> <\/p>\n<div id=\"element-384\" class=\"widget item-absolute headline \" data-at=\"headline\">\n<div class=\"contents\">\n<h1><span class=\"x_949eba9a x_7911f47e\"><span class=\"x_f2074b6c\">Jusqu&rsquo;\u00e0 1500 CAD$<\/span><span class=\"x_f2074b6c\"> de BONUS + 100 tours gratuits <\/span> <\/span><\/h1>\n<p><a href=\"https:\/\/media.luckydaysaffiliates.com\/redirect.aspx?pid=13114&amp;bid=1586\" target=\"_blank\" rel=\"noopener\"><strong>R\u00e9clamez votre bonus exclusif Lucky Days ICI<\/strong><\/a><\/p>\n<p>Les conditions g\u00e9n\u00e9rales de vente s&rsquo;appliquent  <\/p>\n<\/div>\n<\/div>\n<p><img fetchpriority=\"high\" decoding=\"async\" class=\"size-medium wp-image-6372\" src=\"https:\/\/casinoreturn.com\/wp-content\/uploads\/2024\/12\/Lucky-Days-casino-300x300.png\" alt=\"Lucky-Days-casino\" width=\"300\" height=\"300\" srcset=\"https:\/\/casinoreturn.com\/wp-content\/uploads\/2024\/12\/Lucky-Days-casino-300x300.png 300w, https:\/\/casinoreturn.com\/wp-content\/uploads\/2024\/12\/Lucky-Days-casino-150x150.png 150w, https:\/\/casinoreturn.com\/wp-content\/uploads\/2024\/12\/Lucky-Days-casino.png 500w\" sizes=\"(max-width: 300px) 100vw, 300px\" \/><\/p>\n<h5>Quelles sont les conditions du bonus de Lucky Days Casino ?<\/h5>\n<p>D\u00e9posez 20 CAD$ ou plus. Mise de 30x. Mise maximale de 5 CAD$ par pari. Les fonds propres sont utilis\u00e9s en premier. Expiration de 30 jours. Les tours gratuits expirent apr\u00e8s 24 heures. Doivent \u00eatre mis\u00e9s 25x sur les jeux s\u00e9lectionn\u00e9s.      <\/p>\n<h5>Quels sont les principes de base du football am\u00e9ricain au Canada ?<\/h5>\n<p>Le football am\u00e9ricain est l&rsquo;un des sports les plus populaires au Canada. Nous allons vous expliquer comment le jeu est structur\u00e9.<br \/>Commen\u00e7ons par le but du jeu. Le jeu a un objectif principal : les joueurs essaient d&rsquo;amener le ballon dans la zone d&rsquo;en-but de l&rsquo;adversaire pour marquer des points. Celui qui a le plus de points \u00e0 la fin du match gagne.   <\/p>\n<h4 class=\"wp-block-heading\">Comment fonctionne un jeu de football ?<\/h4>\n<p>La dur\u00e9e d&rsquo;un match est g\u00e9n\u00e9ralement de 2,5 \u00e0 3 heures. Pendant le jeu, une \u00e9quipe a toujours le \u00ab\u00a0droit d&rsquo;attaque\u00a0\u00bb et l&rsquo;autre \u00e9quipe est en \u00ab\u00a0d\u00e9fense\u00a0\u00bb. \u00ab\u00a0Le \u00ab\u00a0droit d&rsquo;attaque\u00a0\u00bb alterne toujours. Le d\u00e9but d&rsquo;une partie commence par un tirage \u00e0 pile ou face pour d\u00e9terminer le d\u00e9butant. La balle de jeu est plac\u00e9e sur la ligne du terrain et l&rsquo;\u00e9quipe d\u00e9butante doit la botter le plus loin possible. Apr\u00e8s le premier coup, l&rsquo;\u00e9quipe adverse essaie d&rsquo;attraper le ballon et de le ramener loin derri\u00e8re. C&rsquo;est \u00e0 l&rsquo;endroit o\u00f9 l&rsquo;\u00e9quipe adverse r\u00e9ussit \u00e0 attraper le ballon que commence le jeu sur le terrain.<br \/>Offense. . . Passes. . . Course            <\/p>\n<h4 class=\"wp-block-heading\">Le jeu favori des Am\u00e9ricains a commenc\u00e9, mais comment va-t-il se poursuivre ?<\/h4>\n<p>L&rsquo;\u00e9quipe qui poss\u00e8de le ballon est appel\u00e9e l&rsquo;attaquant (l&rsquo;attaque). Elle essaie de gagner de l&rsquo;espace en lan\u00e7ant et en courant vers les autres camarades de jeu. Dans le meilleur des cas, cela se termine dans la zone d&rsquo;en-but. Pendant que les attaquants courent avec le ballon, l&rsquo;\u00e9quipe adverse doit emp\u00eacher autant que possible les attaquants de gagner de l&rsquo;espace et essayer de s&#8217;emparer du ballon. Les attaquants disposent d&rsquo;un total de quatre tentatives et doivent gagner un espace de dix m\u00e8tres. En cas d&rsquo;\u00e9chec, les positions sont modifi\u00e9es.     <\/p>\n<h4 class=\"wp-block-heading\">Que signifie \u00ab\u00a0Touchdown\u00a0\u00bb dans le football am\u00e9ricain ?<\/h4>\n<p>Un touchdown dans le football am\u00e9ricain Canada et NFL ( US ) est la m\u00e9thode la plus connue pour marquer des points dans le football am\u00e9ricain. Le touchdown apporte \u00e0 l&rsquo;\u00e9quipe un total de six points. Il est atteint lorsque le ballon est port\u00e9 au-del\u00e0 de la ligne d&rsquo;arriv\u00e9e de l&rsquo;\u00e9quipe adverse ou lorsqu&rsquo;il est attrap\u00e9 dans la zone d&rsquo;en-but.<br \/>Si l&rsquo;\u00e9quipe r\u00e9ussit \u00e0 lancer le ballon dans le but apr\u00e8s un touchdown, elle peut gagner un autre point.<br \/>Si un touchdown n&rsquo;est pas possible \u00e0 partir d&rsquo;un \u00e9tat donn\u00e9, l&rsquo;\u00e9quipe peut sortir du jeu et essayer de botter le ballon dans le but. Cela soul\u00e8ve un autre point.   <\/p>\n<h4 class=\"wp-block-heading\">Qu&rsquo;est-ce que la s\u00e9curit\u00e9 dans un match de football ?<\/h4>\n<p>La s\u00e9curit\u00e9 est aussi une m\u00e9thode pour gagner des points pendant le jeu. Pour ce faire, l&rsquo;\u00e9quipe de d\u00e9fense, l&rsquo;\u00e9quipe attaquante, doit vaincre l&rsquo;\u00e9quipe attaquante dans sa zone d&rsquo;en-but. Dans ce cas, l&rsquo;\u00e9quipe re\u00e7oit deux points suppl\u00e9mentaires.  <\/p>\n<h3 class=\"wp-block-heading\">Les paris sur le football am\u00e9ricain au Canada. . ce que vous devez savoir ?   <\/h3>\n<h4 class=\"wp-block-heading\">Que sont les paris \u00e0 handicap et les paris \u00e0 \u00e9cart dans le football am\u00e9ricain au Canada ?<\/h4>\n<p>Au casino en ligne, il existe deux principaux types de paris sur le football am\u00e9ricain. Il y a d&rsquo;abord le pari avec handicap ou pari sur l&rsquo;\u00e9cart. Ce type de pari est l&rsquo;un des plus populaires au football am\u00e9ricain. Ici, il est assez simple de parier sur la diff\u00e9rence d&rsquo;un certain r\u00e9sultat. En d&rsquo;autres termes, ils parient sur la diff\u00e9rence entre les sp\u00e9cifications du fournisseur de paris et le r\u00e9sultat. C&rsquo;est vrai : \u00ab\u00a0Plus la diff\u00e9rence est grande, plus la cote est \u00e9lev\u00e9e et donc le gain ou la perte. \u00ab\u00a0Trouvez votre meilleur bookmaker pour les <a href=\"https:\/\/casinoreturn.com\/american-football-betting-canada\/\">paris sur le football am\u00e9ricain au Canada ICI<\/a><br \/>Par cons\u00e9quent, le fournisseur de paris fixe une certaine fourchette en utilisant les cotes maximales et minimales, qui d\u00e9crivent le r\u00e9sultat de l&rsquo;\u00e9v\u00e9nement sportif sur lequel le pari est effectu\u00e9. Le temps sp\u00e9cule si le r\u00e9sultat est sup\u00e9rieur ou inf\u00e9rieur \u00e0 la fourchette fix\u00e9e par le bookmaker en fonction de sa position de pari. Aucun pari n&rsquo;est plac\u00e9 si les pr\u00e9visions du Souffleur correspondent \u00e0 celles du bookmaker. Par cons\u00e9quent, le pari sur l&rsquo;\u00e9cart est une \u00e9valuation m\u00e9t\u00e9orologique du r\u00e9sultat ou de l&rsquo;\u00e9v\u00e9nement d&rsquo;une manifestation sportive, comme l&rsquo;\u00e9valuation d&rsquo;un certain nombre de points, de buts, de cartons jaunes ou de fautes. Si votre pronostic est en dehors de la fourchette du fournisseur de paris, ce que l&rsquo;on appelle la limite, alors prononcez un pronostic. Si la cote d\u00e9passe la limite fix\u00e9e par le bookmaker, le profit et la perte sont calcul\u00e9s comme suit :          <\/p>\n<h5 class=\"wp-block-heading\">Comment calculer la somme ?<\/h5>\n<p>La somme de ce qui pr\u00e9c\u00e8de = bonus de mise = le nombre de mises (la somme des actions moins la limite). La somme des \u00e9l\u00e9ments suivants = perte de pari = nombre de grands gagnants (la limite moins la somme des actions). Si la valeur saisie est inf\u00e9rieure \u00e0 la port\u00e9e du bookmaker, le calcul est invers\u00e9 : La somme des montants suivants : = bonus de pari = nombre de paris (la limite inf\u00e9rieure moins la somme de la promotion) La somme des montants suivants = perte de pari = nombre de gagnants principaux (la limite sup\u00e9rieure moins la somme de la promotion)  <\/p>\n<h4 class=\"wp-block-heading\">Quel est le score global pari\u00e9 pour Football Am\u00e9ricain Canada ?<\/h4>\n<p>De m\u00eame, pour le football am\u00e9ricain, tous les bookmakers r\u00e9put\u00e9s offrent la possibilit\u00e9 de parier sur le r\u00e9sultat final du match avec des mises \u00e9lev\u00e9es ou faibles. Il ne s&rsquo;agit pas de pr\u00e9dire le nombre de points qu&rsquo;une \u00e9quipe marquera, mais le score total que les deux \u00e9quipes obtiendront \u00e0 la fin du match. Par exemple, un bookmaker peut fixer une limite de 49,5 points, et vous devez alors d\u00e9cider si vous voulez obtenir plus ou moins de points. Avec ce type de pari, chaque cote est g\u00e9n\u00e9ralement d&rsquo;environ 1,90.<br \/>Bien entendu, en football am\u00e9ricain, vous pouvez \u00e9galement parier sur l&rsquo;avance de l&rsquo;\u00e9quipe \u00e0 la fin du match. Les bookmakers proposent g\u00e9n\u00e9ralement diff\u00e9rents paris sur l&rsquo;avance des deux \u00e9quipes. Par exemple, vous pouvez parier que l&rsquo;\u00e9quipe A gagne le match avec un \u00e9cart de 1 \u00e0 6 points. Il est \u00e9galement possible de miser sur un avantage de 19 \u00e0 24 points pour l&rsquo;\u00e9quipe favorite. Le bookmaker estime que plus la marge b\u00e9n\u00e9ficiaire de l&rsquo;\u00e9quipe est faible, plus la cote est \u00e9lev\u00e9e.         <\/p>\n<h4 class=\"wp-block-heading\">Les paris sur le football am\u00e9ricain avec les meilleures cotes<\/h4>\n<p>Comment identifier les meilleures cotes pour les paris sur le football am\u00e9ricain ?<\/p>\n<p>Visitez notre site web, Casinoreturn.com, aujourd&rsquo;hui et trouvez les meilleurs paris en ligne avec les meilleures cotes de paris. L&rsquo;\u00e9quipe de Casinoreturn s&rsquo;efforce toujours de trouver les meilleurs fournisseurs pour vous offrir la meilleure exp\u00e9rience de jeu possible.<br \/>Les paris ne sont pas nouveaux dans le monde moderne d&rsquo;aujourd&rsquo;hui, mais ils semblent toujours aussi populaires. Qu&rsquo;il s&rsquo;agisse d&rsquo;un pari amical, entre amis, d&rsquo;un pari dans le stade avec des inconnus qui deviennent des amis avec le c\u0153ur sur la main, ou de ce qui est indispensable de nos jours : en ligne.<br \/>Le frisson et la joie sont les m\u00eames. On ne s&rsquo;ennuie jamais, car il y a toujours quelque chose de nouveau sur lequel parier. L&rsquo;offre est plus abondante qu&rsquo;elle ne l&rsquo;a \u00e9t\u00e9 depuis longtemps, gr\u00e2ce aux m\u00e9dias sociaux et aux nombreuses plateformes en ligne sur lesquelles on peut s&rsquo;inscrire aujourd&rsquo;hui. La valeur ludique augmente consid\u00e9rablement, car le nombre de plateformes accro\u00eet non seulement l&rsquo;\u00e9ventail des possibilit\u00e9s de paris, mais aussi le nombre de fournisseurs.     <\/p>\n<h4 class=\"wp-block-heading\">Football am\u00e9ricain Statut social<\/h4>\n<p>Quelle est l&rsquo;importance de la NFL et de la Canadian Football League ?<\/p>\n<p>Le sport est synonyme de rivalit\u00e9 et de comp\u00e9tition, mais aussi d&rsquo;amiti\u00e9 et d&rsquo;alliance. C&rsquo;est une chose qui unit les gens mais qui, d&rsquo;un autre c\u00f4t\u00e9, peut aussi diviser les opinions. Les joueurs d&rsquo;\u00e9v\u00e9nements individuels et les r\u00e9sultats records nous fascinent depuis toujours et nous attirent sous le charme.<br \/>Le casino en ligne, l&rsquo;un des passe-temps les plus populaires, est repr\u00e9sent\u00e9 par une grande vari\u00e9t\u00e9 de fournisseurs. L&rsquo;offre est tr\u00e8s vari\u00e9e, et notre \u00e9quipe est l\u00e0 pour vous aider \u00e0 trouver votre meilleur casino en ligne parmi la vari\u00e9t\u00e9.<br \/>Jetez un coup d&rsquo;\u0153il \u00e0 Casinoreturn.com, notre Top 10 vous permet d&rsquo;avoir tous les bons casinos en un coup d&rsquo;\u0153il. La liste des 10 meilleurs casinos vous montre les casinos en ligne les meilleurs et les plus r\u00e9put\u00e9s qui se caract\u00e9risent par d&rsquo;excellentes offres de sport et de casino.<br \/>Une liste d\u00e9taill\u00e9e des meilleurs fournisseurs de paris et des meilleures offres de paris pour 2025 se trouve dans notre liste des 10 meilleurs casinos.<br \/>Les meilleurs casinos en ligne doivent avoir un service 24 heures sur 24 et 7 jours sur 7 o\u00f9 vous pouvez entrer en contact par chat, e-mail ou t\u00e9l\u00e9phone. Les m\u00e9thodes de d\u00e9p\u00f4t et de retrait doivent \u00eatre clairement identifi\u00e9es. Des conditions de vente claires et la transparence en font \u00e9galement partie. En outre, le portail doit contenir suffisamment d&rsquo;informations et de conseils.       <\/p>\n\t\t\t\t\t\t\t\t<\/div>\n\t\t\t\t<\/div>\n\t\t\t\t\t<\/div>\n\t\t\t\t<\/div>\n\t\t\t\t<\/div>\n\t\t","protected":false},"excerpt":{"rendered":"<p>Le football am\u00e9ricain au Canada et ses r\u00e8gles de base. Mais tout d&rsquo;abord, consultez Lucky Days Casino et sa revue des casinos. Jusqu&rsquo;\u00e0 1500 CAD$ de BONUS + 100 tours gratuits R\u00e9clamez votre bonus exclusif Lucky Days ICI Les conditions g\u00e9n\u00e9rales de vente s&rsquo;appliquent Quelles sont les conditions du bonus de Lucky Days Casino ? [&hellip;]<\/p>\n","protected":false},"author":1,"featured_media":0,"parent":0,"menu_order":0,"comment_status":"closed","ping_status":"closed","template":"","meta":{"footnotes":""},"class_list":["post-4984","page","type-page","status-publish","hentry"],"blocksy_meta":[],"acf":[],"yoast_head":"<!-- This site is optimized with the Yoast SEO plugin v24.1 - https:\/\/yoast.com\/wordpress\/plugins\/seo\/ -->\n<title>Football am\u00e9ricain Canada pour les d\u00e9butants - casinoreturn<\/title>\n<meta name=\"description\" content=\"American Football Canada pour les d\u00e9butants est l&#039;ABC du football am\u00e9ricain ou les r\u00e8gles du football am\u00e9ricain pour les nuls. Installez-vous confortablement et profitez-en.\" \/>\n<meta name=\"robots\" content=\"index, follow, max-snippet:-1, max-image-preview:large, max-video-preview:-1\" \/>\n<link rel=\"canonical\" href=\"https:\/\/casinoreturn.com\/fr\/football-americain-canada-pour-les-debutants\/\" \/>\n<meta property=\"og:locale\" content=\"fr_FR\" \/>\n<meta property=\"og:type\" content=\"article\" \/>\n<meta property=\"og:title\" content=\"Football am\u00e9ricain Canada pour les d\u00e9butants - casinoreturn\" \/>\n<meta property=\"og:description\" content=\"American Football Canada pour les d\u00e9butants est l&#039;ABC du football am\u00e9ricain ou les r\u00e8gles du football am\u00e9ricain pour les nuls. Installez-vous confortablement et profitez-en.\" \/>\n<meta property=\"og:url\" content=\"https:\/\/casinoreturn.com\/fr\/football-americain-canada-pour-les-debutants\/\" \/>\n<meta property=\"og:site_name\" content=\"casinoreturn\" \/>\n<meta property=\"article:modified_time\" content=\"2025-02-12T12:52:51+00:00\" \/>\n<meta property=\"og:image\" content=\"https:\/\/casinoreturn.com\/wp-content\/uploads\/2024\/12\/Lucky-Days-casino.png\" \/>\n\t<meta property=\"og:image:width\" content=\"500\" \/>\n\t<meta property=\"og:image:height\" content=\"500\" \/>\n\t<meta property=\"og:image:type\" content=\"image\/png\" \/>\n<meta name=\"twitter:card\" content=\"summary_large_image\" \/>\n<meta name=\"twitter:label1\" content=\"Dur\u00e9e de lecture estim\u00e9e\" \/>\n\t<meta name=\"twitter:data1\" content=\"8 minutes\" \/>\n<script type=\"application\/ld+json\" class=\"yoast-schema-graph\">{\"@context\":\"https:\/\/schema.org\",\"@graph\":[{\"@type\":\"WebPage\",\"@id\":\"https:\/\/casinoreturn.com\/fr\/football-americain-canada-pour-les-debutants\/\",\"url\":\"https:\/\/casinoreturn.com\/fr\/football-americain-canada-pour-les-debutants\/\",\"name\":\"Football am\u00e9ricain Canada pour les d\u00e9butants - casinoreturn\",\"isPartOf\":{\"@id\":\"https:\/\/casinoreturn.com\/#website\"},\"primaryImageOfPage\":{\"@id\":\"https:\/\/casinoreturn.com\/fr\/football-americain-canada-pour-les-debutants\/#primaryimage\"},\"image\":{\"@id\":\"https:\/\/casinoreturn.com\/fr\/football-americain-canada-pour-les-debutants\/#primaryimage\"},\"thumbnailUrl\":\"https:\/\/casinoreturn.com\/wp-content\/uploads\/2024\/12\/Lucky-Days-casino-300x300.png\",\"datePublished\":\"2024-11-03T10:12:19+00:00\",\"dateModified\":\"2025-02-12T12:52:51+00:00\",\"description\":\"American Football Canada pour les d\u00e9butants est l'ABC du football am\u00e9ricain ou les r\u00e8gles du football am\u00e9ricain pour les nuls. Installez-vous confortablement et profitez-en.\",\"breadcrumb\":{\"@id\":\"https:\/\/casinoreturn.com\/fr\/football-americain-canada-pour-les-debutants\/#breadcrumb\"},\"inLanguage\":\"fr-FR\",\"potentialAction\":[{\"@type\":\"ReadAction\",\"target\":[\"https:\/\/casinoreturn.com\/fr\/football-americain-canada-pour-les-debutants\/\"]}]},{\"@type\":\"ImageObject\",\"inLanguage\":\"fr-FR\",\"@id\":\"https:\/\/casinoreturn.com\/fr\/football-americain-canada-pour-les-debutants\/#primaryimage\",\"url\":\"https:\/\/casinoreturn.com\/wp-content\/uploads\/2024\/12\/Lucky-Days-casino-300x300.png\",\"contentUrl\":\"https:\/\/casinoreturn.com\/wp-content\/uploads\/2024\/12\/Lucky-Days-casino-300x300.png\"},{\"@type\":\"BreadcrumbList\",\"@id\":\"https:\/\/casinoreturn.com\/fr\/football-americain-canada-pour-les-debutants\/#breadcrumb\",\"itemListElement\":[{\"@type\":\"ListItem\",\"position\":1,\"name\":\"Home\",\"item\":\"https:\/\/casinoreturn.com\/fr\/home\/\"},{\"@type\":\"ListItem\",\"position\":2,\"name\":\"Football am\u00e9ricain Canada pour les d\u00e9butants\"}]},{\"@type\":\"WebSite\",\"@id\":\"https:\/\/casinoreturn.com\/#website\",\"url\":\"https:\/\/casinoreturn.com\/\",\"name\":\"casinoreturn\",\"description\":\"\",\"publisher\":{\"@id\":\"https:\/\/casinoreturn.com\/#organization\"},\"potentialAction\":[{\"@type\":\"SearchAction\",\"target\":{\"@type\":\"EntryPoint\",\"urlTemplate\":\"https:\/\/casinoreturn.com\/?s={search_term_string}\"},\"query-input\":{\"@type\":\"PropertyValueSpecification\",\"valueRequired\":true,\"valueName\":\"search_term_string\"}}],\"inLanguage\":\"fr-FR\"},{\"@type\":\"Organization\",\"@id\":\"https:\/\/casinoreturn.com\/#organization\",\"name\":\"casinoreturn\",\"url\":\"https:\/\/casinoreturn.com\/\",\"logo\":{\"@type\":\"ImageObject\",\"inLanguage\":\"fr-FR\",\"@id\":\"https:\/\/casinoreturn.com\/#\/schema\/logo\/image\/\",\"url\":\"https:\/\/casinoreturn.com\/wp-content\/uploads\/2024\/09\/animal-favicon.png\",\"contentUrl\":\"https:\/\/casinoreturn.com\/wp-content\/uploads\/2024\/09\/animal-favicon.png\",\"width\":92,\"height\":92,\"caption\":\"casinoreturn\"},\"image\":{\"@id\":\"https:\/\/casinoreturn.com\/#\/schema\/logo\/image\/\"}}]}<\/script>\n<!-- \/ Yoast SEO plugin. -->","yoast_head_json":{"title":"Football am\u00e9ricain Canada pour les d\u00e9butants - casinoreturn","description":"American Football Canada pour les d\u00e9butants est l'ABC du football am\u00e9ricain ou les r\u00e8gles du football am\u00e9ricain pour les nuls. Installez-vous confortablement et profitez-en.","robots":{"index":"index","follow":"follow","max-snippet":"max-snippet:-1","max-image-preview":"max-image-preview:large","max-video-preview":"max-video-preview:-1"},"canonical":"https:\/\/casinoreturn.com\/fr\/football-americain-canada-pour-les-debutants\/","og_locale":"fr_FR","og_type":"article","og_title":"Football am\u00e9ricain Canada pour les d\u00e9butants - casinoreturn","og_description":"American Football Canada pour les d\u00e9butants est l'ABC du football am\u00e9ricain ou les r\u00e8gles du football am\u00e9ricain pour les nuls. Installez-vous confortablement et profitez-en.","og_url":"https:\/\/casinoreturn.com\/fr\/football-americain-canada-pour-les-debutants\/","og_site_name":"casinoreturn","article_modified_time":"2025-02-12T12:52:51+00:00","og_image":[{"width":500,"height":500,"url":"https:\/\/casinoreturn.com\/wp-content\/uploads\/2024\/12\/Lucky-Days-casino.png","type":"image\/png"}],"twitter_card":"summary_large_image","twitter_misc":{"Dur\u00e9e de lecture estim\u00e9e":"8 minutes"},"schema":{"@context":"https:\/\/schema.org","@graph":[{"@type":"WebPage","@id":"https:\/\/casinoreturn.com\/fr\/football-americain-canada-pour-les-debutants\/","url":"https:\/\/casinoreturn.com\/fr\/football-americain-canada-pour-les-debutants\/","name":"Football am\u00e9ricain Canada pour les d\u00e9butants - casinoreturn","isPartOf":{"@id":"https:\/\/casinoreturn.com\/#website"},"primaryImageOfPage":{"@id":"https:\/\/casinoreturn.com\/fr\/football-americain-canada-pour-les-debutants\/#primaryimage"},"image":{"@id":"https:\/\/casinoreturn.com\/fr\/football-americain-canada-pour-les-debutants\/#primaryimage"},"thumbnailUrl":"https:\/\/casinoreturn.com\/wp-content\/uploads\/2024\/12\/Lucky-Days-casino-300x300.png","datePublished":"2024-11-03T10:12:19+00:00","dateModified":"2025-02-12T12:52:51+00:00","description":"American Football Canada pour les d\u00e9butants est l'ABC du football am\u00e9ricain ou les r\u00e8gles du football am\u00e9ricain pour les nuls. Installez-vous confortablement et profitez-en.","breadcrumb":{"@id":"https:\/\/casinoreturn.com\/fr\/football-americain-canada-pour-les-debutants\/#breadcrumb"},"inLanguage":"fr-FR","potentialAction":[{"@type":"ReadAction","target":["https:\/\/casinoreturn.com\/fr\/football-americain-canada-pour-les-debutants\/"]}]},{"@type":"ImageObject","inLanguage":"fr-FR","@id":"https:\/\/casinoreturn.com\/fr\/football-americain-canada-pour-les-debutants\/#primaryimage","url":"https:\/\/casinoreturn.com\/wp-content\/uploads\/2024\/12\/Lucky-Days-casino-300x300.png","contentUrl":"https:\/\/casinoreturn.com\/wp-content\/uploads\/2024\/12\/Lucky-Days-casino-300x300.png"},{"@type":"BreadcrumbList","@id":"https:\/\/casinoreturn.com\/fr\/football-americain-canada-pour-les-debutants\/#breadcrumb","itemListElement":[{"@type":"ListItem","position":1,"name":"Home","item":"https:\/\/casinoreturn.com\/fr\/home\/"},{"@type":"ListItem","position":2,"name":"Football am\u00e9ricain Canada pour les d\u00e9butants"}]},{"@type":"WebSite","@id":"https:\/\/casinoreturn.com\/#website","url":"https:\/\/casinoreturn.com\/","name":"casinoreturn","description":"","publisher":{"@id":"https:\/\/casinoreturn.com\/#organization"},"potentialAction":[{"@type":"SearchAction","target":{"@type":"EntryPoint","urlTemplate":"https:\/\/casinoreturn.com\/?s={search_term_string}"},"query-input":{"@type":"PropertyValueSpecification","valueRequired":true,"valueName":"search_term_string"}}],"inLanguage":"fr-FR"},{"@type":"Organization","@id":"https:\/\/casinoreturn.com\/#organization","name":"casinoreturn","url":"https:\/\/casinoreturn.com\/","logo":{"@type":"ImageObject","inLanguage":"fr-FR","@id":"https:\/\/casinoreturn.com\/#\/schema\/logo\/image\/","url":"https:\/\/casinoreturn.com\/wp-content\/uploads\/2024\/09\/animal-favicon.png","contentUrl":"https:\/\/casinoreturn.com\/wp-content\/uploads\/2024\/09\/animal-favicon.png","width":92,"height":92,"caption":"casinoreturn"},"image":{"@id":"https:\/\/casinoreturn.com\/#\/schema\/logo\/image\/"}}]}},"_links":{"self":[{"href":"https:\/\/casinoreturn.com\/fr\/wp-json\/wp\/v2\/pages\/4984","targetHints":{"allow":["GET"]}}],"collection":[{"href":"https:\/\/casinoreturn.com\/fr\/wp-json\/wp\/v2\/pages"}],"about":[{"href":"https:\/\/casinoreturn.com\/fr\/wp-json\/wp\/v2\/types\/page"}],"author":[{"embeddable":true,"href":"https:\/\/casinoreturn.com\/fr\/wp-json\/wp\/v2\/users\/1"}],"replies":[{"embeddable":true,"href":"https:\/\/casinoreturn.com\/fr\/wp-json\/wp\/v2\/comments?post=4984"}],"version-history":[{"count":2,"href":"https:\/\/casinoreturn.com\/fr\/wp-json\/wp\/v2\/pages\/4984\/revisions"}],"predecessor-version":[{"id":7859,"href":"https:\/\/casinoreturn.com\/fr\/wp-json\/wp\/v2\/pages\/4984\/revisions\/7859"}],"wp:attachment":[{"href":"https:\/\/casinoreturn.com\/fr\/wp-json\/wp\/v2\/media?parent=4984"}],"curies":[{"name":"wp","href":"https:\/\/api.w.org\/{rel}","templated":true}]}}