{"id":5006,"date":"2024-11-13T17:29:31","date_gmt":"2024-11-13T17:29:31","guid":{"rendered":"https:\/\/casinoreturn.com\/regles-du-keno-en-ligne\/"},"modified":"2024-12-04T13:38:42","modified_gmt":"2024-12-04T13:38:42","slug":"regles-du-keno-en-ligne","status":"publish","type":"page","link":"https:\/\/casinoreturn.com\/fr\/regles-du-keno-en-ligne\/","title":{"rendered":"R\u00e8gles du keno en ligne"},"content":{"rendered":"\t\t<div data-elementor-type=\"wp-page\" data-elementor-id=\"5006\" class=\"elementor elementor-5006\" data-elementor-post-type=\"page\">\n\t\t\t\t<div class=\"elementor-element elementor-element-e950284 e-con-full e-flex e-con e-parent\" data-id=\"e950284\" data-element_type=\"container\">\n\t\t\t\t<div class=\"elementor-element elementor-element-274b4dc elementor-widget elementor-widget-image\" data-id=\"274b4dc\" data-element_type=\"widget\" data-widget_type=\"image.default\">\n\t\t\t\t<div class=\"elementor-widget-container\">\n\t\t\t\t\t\t\t\t\t\t\t\t\t\t\t<img decoding=\"async\" width=\"200\" height=\"200\" src=\"https:\/\/casinoreturn.com\/wp-content\/uploads\/2024\/11\/Online-Keno-Rules.png\" class=\"attachment-large size-large wp-image-3310\" alt=\"Online Keno Rules\" srcset=\"https:\/\/casinoreturn.com\/wp-content\/uploads\/2024\/11\/Online-Keno-Rules.png 200w, https:\/\/casinoreturn.com\/wp-content\/uploads\/2024\/11\/Online-Keno-Rules-150x150.png 150w\" sizes=\"(max-width: 200px) 100vw, 200px\" \/>\t\t\t\t\t\t\t\t\t\t\t\t\t\t\t<\/div>\n\t\t\t\t<\/div>\n\t\t\t\t<div class=\"elementor-element elementor-element-c6bc008 elementor-widget elementor-widget-heading\" data-id=\"c6bc008\" data-element_type=\"widget\" data-widget_type=\"heading.default\">\n\t\t\t\t<div class=\"elementor-widget-container\">\n\t\t\t\t\t<h2 class=\"elementor-heading-title elementor-size-default\">R\u00e8gles et strat\u00e9gies du keno en ligne<\/h2>\t\t\t\t<\/div>\n\t\t\t\t<\/div>\n\t\t\t\t<div class=\"elementor-element elementor-element-04d6c59 elementor-widget elementor-widget-text-editor\" data-id=\"04d6c59\" data-element_type=\"widget\" data-widget_type=\"text-editor.default\">\n\t\t\t\t<div class=\"elementor-widget-container\">\n\t\t\t\t\t\t\t\t\t<p><strong>R\u00e8gles du keno en ligne et son histoire<\/strong><\/p>\n<p>Le jeu de keno, cr\u00e9\u00e9 en Chine, a \u00e9t\u00e9 introduit aux \u00c9tats-Unis par des immigrants chinois \u00e0 la fin des ann\u00e9es 1800. \u00c0 l&rsquo;origine, le keno se jouait avec 80 caract\u00e8res chinois, qui ont ensuite \u00e9t\u00e9 remplac\u00e9s par 80 chiffres arabes aux \u00c9tats-Unis. <\/p>\n<p><strong>Le cheval de course appel\u00e9 Keno !<\/strong><\/p>\n<p>Pendant un certain temps, au Nevada, les num\u00e9ros individuels ont \u00e9t\u00e9 intitul\u00e9s avec le nom d&rsquo;un cheval de course. C&rsquo;est ainsi que le jeu est devenu connu sous le nom de \u00ab\u00a0Racehorse Keno\u00a0\u00bb (keno des chevaux de course). \u00ab\u00a0En 1951, les noms des chevaux ont \u00e9t\u00e9 supprim\u00e9s. L&rsquo;une des raisons \u00e9tait qu&rsquo;une taxe avait \u00e9t\u00e9 impos\u00e9e sur les paris en dehors de l&rsquo;hippodrome. Logiquement, les op\u00e9rateurs de l&rsquo;\u00e9poque ne voulaient pas confondre le jeu avec les paris hippiques classiques. Aujourd&rsquo;hui, on trouve encore des vestiges du jeu de chevaux de course du keno. Si vous vous penchez sur la question, vous remarquerez que de nombreux jeux sont encore appel\u00e9s \u00ab\u00a0courses\u00a0\u00bb si vous pariez sur plusieurs jeux en m\u00eame temps. C&rsquo;est ainsi que vous achetez un ticket pour plus d&rsquo;une course.      <\/p>\n\t\t\t\t\t\t\t\t<\/div>\n\t\t\t\t<\/div>\n\t\t\t\t<div class=\"elementor-element elementor-element-c14ad00 elementor-widget elementor-widget-heading\" data-id=\"c14ad00\" data-element_type=\"widget\" data-widget_type=\"heading.default\">\n\t\t\t\t<div class=\"elementor-widget-container\">\n\t\t\t\t\t<h3 class=\"elementor-heading-title elementor-size-default\">Comment jouer au keno ?<\/h3>\t\t\t\t<\/div>\n\t\t\t\t<\/div>\n\t\t\t\t<div class=\"elementor-element elementor-element-1f3affb elementor-widget elementor-widget-text-editor\" data-id=\"1f3affb\" data-element_type=\"widget\" data-widget_type=\"text-editor.default\">\n\t\t\t\t<div class=\"elementor-widget-container\">\n\t\t\t\t\t\t\t\t\t<p>Ce jeu est facile \u00e0 comprendre et \u00e0 jouer, ce qui en fait une excellente opportunit\u00e9 pour les joueurs en ligne d\u00e9butants. Lorsque vous jouez au Keno, vous pouvez s\u00e9lectionner un ou plusieurs num\u00e9ros dans un champ de 80 chiffres. L&rsquo;objectif est que l&rsquo;un des num\u00e9ros s\u00e9lectionn\u00e9s corresponde aux num\u00e9ros appel\u00e9s et que votre mise soit gagnante.  <\/p>\n<p>De nos jours, dans les salles de jeu en ligne, telles que Digibet, les num\u00e9ros sont s\u00e9lectionn\u00e9s de mani\u00e8re al\u00e9atoire \u00e0 l&rsquo;aide de ce que l&rsquo;on appelle la valeur RNG. Si vous s\u00e9lectionnez un num\u00e9ro correctement et qu&rsquo;il correspond au num\u00e9ro que vous avez appel\u00e9, c&rsquo;est ce qu&rsquo;on appelle le \u00ab\u00a0catch\u00a0\u00bb au keno. <\/p>\n<p>Si vous avez choisi le jeu, il est logique de choisir d&rsquo;abord un jeu d&rsquo;arcade en ligne, puis un jeu de keno en ligne. Dans l&rsquo;\u00e9tape suivante, s\u00e9lectionnez les num\u00e9ros sur lesquels vous voulez parier et attendez qu&rsquo;ils soient appel\u00e9s. <\/p>\n\t\t\t\t\t\t\t\t<\/div>\n\t\t\t\t<\/div>\n\t\t\t\t<div class=\"elementor-element elementor-element-8424c0b elementor-widget elementor-widget-heading\" data-id=\"8424c0b\" data-element_type=\"widget\" data-widget_type=\"heading.default\">\n\t\t\t\t<div class=\"elementor-widget-container\">\n\t\t\t\t\t<h2 class=\"elementor-heading-title elementor-size-default\">Quelles sont les chances de gagner au Keno ?<\/h2>\t\t\t\t<\/div>\n\t\t\t\t<\/div>\n\t\t\t\t<div class=\"elementor-element elementor-element-4c6c49a elementor-widget elementor-widget-text-editor\" data-id=\"4c6c49a\" data-element_type=\"widget\" data-widget_type=\"text-editor.default\">\n\t\t\t\t<div class=\"elementor-widget-container\">\n\t\t\t\t\t\t\t\t\t<p>Le keno est \u00e9galement l&rsquo;un des jeux de hasard classiques. Cela signifie que vous pouvez choisir les num\u00e9ros que vous voulez. Quel que soit le num\u00e9ro choisi, les chances de gagner restent les m\u00eames. Un point int\u00e9ressant qui pourrait vous int\u00e9resser : La probabilit\u00e9 de gagner les 20 num\u00e9ros est exactement de 1 sur 3 535 316 142 212 174 320. Les joueurs exp\u00e9riment\u00e9s savent qu&rsquo;au Keno, l&rsquo;avantage de la maison est tr\u00e8s \u00e9lev\u00e9, de l&rsquo;ordre de 35 %. C&rsquo;est pourquoi de nombreux joueurs optent pour d&rsquo;autres jeux o\u00f9 l&rsquo;avantage de la maison est moins \u00e9lev\u00e9.     <\/p>\n\t\t\t\t\t\t\t\t<\/div>\n\t\t\t\t<\/div>\n\t\t\t\t<div class=\"elementor-element elementor-element-81cfd46 elementor-widget elementor-widget-heading\" data-id=\"81cfd46\" data-element_type=\"widget\" data-widget_type=\"heading.default\">\n\t\t\t\t<div class=\"elementor-widget-container\">\n\t\t\t\t\t<h2 class=\"elementor-heading-title elementor-size-default\">Quelles sont les chances de gagner au Keno en ligne ?<\/h2>\t\t\t\t<\/div>\n\t\t\t\t<\/div>\n\t\t\t\t<div class=\"elementor-element elementor-element-fa4acd0 elementor-widget elementor-widget-text-editor\" data-id=\"fa4acd0\" data-element_type=\"widget\" data-widget_type=\"text-editor.default\">\n\t\t\t\t<div class=\"elementor-widget-container\">\n\t\t\t\t\t\t\t\t\t<p>Pour comprendre les chances de gagner au Keno, vous devez d&rsquo;abord comprendre la fonction combinatoire. Dans une loterie, par exemple, le joueur choisit 6 num\u00e9ros parmi 49. Ensuite, la loterie tire 6 num\u00e9ros sur 49, et si les 6 num\u00e9ros correspondent (l&rsquo;ordre n&rsquo;a pas d&rsquo;importance), le joueur gagne. Si vous ne savez pas que les chances de gagner sont de 1 sur 13 983 816, vous devez v\u00e9rifier la fonction combinatoire avant de continuer. Au keno, la machine \u00e0 sous tire 20 des 80 num\u00e9ros sans substitution. Au pr\u00e9alable, les joueurs peuvent tirer de 1 \u00e0 15 (ou plus) num\u00e9ros. Le num\u00e9ro \u00ab\u00a0Catch\u00a0\u00bb est le num\u00e9ro que le joueur compose et qu&rsquo;il tire dans la biblioth\u00e8que du jeu. Le \u00ab\u00a0Miss\u00a0\u00bb est un num\u00e9ro choisi par le joueur, qui n&rsquo;est pas tir\u00e9 dans la biblioth\u00e8que du jeu. Les joueurs sont pay\u00e9s en fonction du nombre de num\u00e9ros tir\u00e9s et attrap\u00e9s.        <\/p>\n<p>Combinaisons (80. 20) = 3 535 316 142 212 180 000 options Comment le casino tire-t-il 20 num\u00e9ros sur 80 ? De nombreuses calculatrices ne prennent pas en charge des nombres aussi importants. Pour r\u00e9duire la taille de la combinaison, nous supposons que la ludoth\u00e8que tirera les prix en premier, mais gardera les num\u00e9ros secrets et que les joueurs essaieront de faire correspondre les num\u00e9ros d\u00e9j\u00e0 tir\u00e9s.  <\/p>\n\t\t\t\t\t\t\t\t<\/div>\n\t\t\t\t<\/div>\n\t\t\t\t<div class=\"elementor-element elementor-element-ddd17b4 elementor-widget elementor-widget-heading\" data-id=\"ddd17b4\" data-element_type=\"widget\" data-widget_type=\"heading.default\">\n\t\t\t\t<div class=\"elementor-widget-container\">\n\t\t\t\t\t<h2 class=\"elementor-heading-title elementor-size-default\">Types de Keno en ligne - Keno \u00e0 jeu unique :<\/h2>\t\t\t\t<\/div>\n\t\t\t\t<\/div>\n\t\t\t\t<div class=\"elementor-element elementor-element-6082c88 elementor-widget elementor-widget-text-editor\" data-id=\"6082c88\" data-element_type=\"widget\" data-widget_type=\"text-editor.default\">\n\t\t\t\t<div class=\"elementor-widget-container\">\n\t\t\t\t\t\t\t\t\t<p>Keno \u00e0 jeu unique : Ensuite, vous devez r\u00e9clamer le prix avant de commencer un autre jeu, sinon vous risquez de perdre la partie. Dans les casinos terrestres, il ne s&rsquo;\u00e9coule qu&rsquo;environ cinq minutes entre la fin d&rsquo;un jeu de keno et le d\u00e9but du jeu suivant. Si vous ne remettez pas votre billet de loterie \u00e0 temps, vous perdrez g\u00e9n\u00e9ralement votre gain. C&rsquo;est pourquoi la ludoth\u00e8que a d\u00e9velopp\u00e9 le Keno multi-courses, qui vous permet de jouer plusieurs parties de keno \u00e0 la suite sans avoir \u00e0 vous lever \u00e0 la fin de chaque partie. Bonus.    <\/p>\n<p>Keno avec plusieurs courses\/ Probabilit\u00e9 de gain au Multi Keno<\/p>\n\t\t\t\t\t\t\t\t<\/div>\n\t\t\t\t<\/div>\n\t\t\t\t<div class=\"elementor-element elementor-element-90e71a5 elementor-widget elementor-widget-heading\" data-id=\"90e71a5\" data-element_type=\"widget\" data-widget_type=\"heading.default\">\n\t\t\t\t<div class=\"elementor-widget-container\">\n\t\t\t\t\t<h3 class=\"elementor-heading-title elementor-size-default\">Paiements au keno<\/h3>\t\t\t\t<\/div>\n\t\t\t\t<\/div>\n\t\t\t\t<div class=\"elementor-element elementor-element-4de6a37 elementor-widget elementor-widget-text-editor\" data-id=\"4de6a37\" data-element_type=\"widget\" data-widget_type=\"text-editor.default\">\n\t\t\t\t<div class=\"elementor-widget-container\">\n\t\t\t\t\t\t\t\t\t<p>Le keno multi-courses exige que vous jouiez le m\u00eame num\u00e9ro dans une s\u00e9rie de jeux cons\u00e9cutifs, entre 2 et 20 jeux, et (g\u00e9n\u00e9ralement) vous ne pouvez r\u00e9clamer vos gains qu&rsquo;apr\u00e8s le dernier jeu de la s\u00e9rie. Vous devez \u00e9galement payer le montant minimum pour chaque partie. Par exemple, pour un jeu de keno de 15 parties, vous devez payer 2,30 \u20ac.  <\/p>\n\t\t\t\t\t\t\t\t<\/div>\n\t\t\t\t<\/div>\n\t\t\t\t<div class=\"elementor-element elementor-element-04b4d1b elementor-widget elementor-widget-heading\" data-id=\"04b4d1b\" data-element_type=\"widget\" data-widget_type=\"heading.default\">\n\t\t\t\t<div class=\"elementor-widget-container\">\n\t\t\t\t\t<h3 class=\"elementor-heading-title elementor-size-default\">Nos conseils et astuces sur le keno :<\/h3>\t\t\t\t<\/div>\n\t\t\t\t<\/div>\n\t\t\t\t<div class=\"elementor-element elementor-element-b3019bf elementor-widget elementor-widget-text-editor\" data-id=\"b3019bf\" data-element_type=\"widget\" data-widget_type=\"text-editor.default\">\n\t\t\t\t<div class=\"elementor-widget-container\">\n\t\t\t\t\t\t\t\t\t<p>Le keno est un pur jeu de hasard. Il n&rsquo;existe pas de v\u00e9ritable \u00ab\u00a0strat\u00e9gie\u00a0\u00bb permettant d&rsquo;am\u00e9liorer vos chances de tirer des num\u00e9ros. Cependant, vous pouvez augmenter vos gains en choisissant moins de num\u00e9ros et en esp\u00e9rant obtenir un pourcentage plus \u00e9lev\u00e9 de bons num\u00e9ros de keno.  <\/p>\n<p>Pour commencer, c&rsquo;est une bonne id\u00e9e de jouer \u00e0 la version gratuite du Keno en ligne dans une <a href=\"https:\/\/casinoreturn.com\/fr\/machines-a-sous-de-demonstration\/\">version d\u00e9mo du Keno<\/a>. Vous pourrez ainsi d\u00e9couvrir la biblioth\u00e8que de jeux en ligne et, si vous jouez gratuitement, vous pourrez essayer diff\u00e9rentes variantes de keno en ligne. La plupart des machines \u00e0 sous disposent d&rsquo;une version gratuite ou d&rsquo;un mode d&rsquo;entra\u00eenement. L&rsquo;objectif est de permettre aux nouveaux joueurs de s&rsquo;initier au jeu sans avoir \u00e0 jouer avec de l&rsquo;argent r\u00e9el. Une fois que vous vous serez familiaris\u00e9 avec la plateforme en ligne, vous pourrez commencer \u00e0 jouer \u00e0 des jeux de keno en argent r\u00e9el. Pour profiter au maximum du jeu, n&rsquo;oubliez pas de faire attention \u00e0 votre solde et de ne jamais miser plus que ce que vous \u00eates pr\u00eat \u00e0 perdre. Au keno, il se peut que vous souhaitiez jouer \u00e0 plusieurs jeux, alors misez en cons\u00e9quence pour maintenir le plaisir. Vous devrez \u00e9galement v\u00e9rifier les diff\u00e9rentes offres de bonus dans la biblioth\u00e8que de jeux qui peuvent augmenter la valeur du divertissement. Ce qu&rsquo;il faut retenir, c&rsquo;est que le keno est un jeu de hasard. Pour vous, cela signifie que les chances de gagner seront toujours les m\u00eames.         <\/p>\n\t\t\t\t\t\t\t\t<\/div>\n\t\t\t\t<\/div>\n\t\t\t\t<\/div>\n\t\t\t\t<\/div>\n\t\t","protected":false},"excerpt":{"rendered":"<p>R\u00e8gles et strat\u00e9gies du keno en ligne R\u00e8gles du keno en ligne et son histoire Le jeu de keno, cr\u00e9\u00e9 en Chine, a \u00e9t\u00e9 introduit aux \u00c9tats-Unis par des immigrants chinois \u00e0 la fin des ann\u00e9es 1800. \u00c0 l&rsquo;origine, le keno se jouait avec 80 caract\u00e8res chinois, qui ont ensuite \u00e9t\u00e9 remplac\u00e9s par 80 chiffres [&hellip;]<\/p>\n","protected":false},"author":1,"featured_media":0,"parent":0,"menu_order":0,"comment_status":"closed","ping_status":"closed","template":"","meta":{"footnotes":""},"class_list":["post-5006","page","type-page","status-publish","hentry"],"blocksy_meta":[],"acf":[],"yoast_head":"<!-- This site is optimized with the Yoast SEO plugin v24.1 - https:\/\/yoast.com\/wordpress\/plugins\/seo\/ -->\n<title>R\u00e8gles du keno en ligne - casinoreturn<\/title>\n<meta name=\"description\" content=\"R\u00e8gles du keno en ligne et son histoire. L&#039;un des jeux les plus populaires de ces derni\u00e8res ann\u00e9es. Rejoignez-nous et lisez plus sur les strat\u00e9gies et les strat\u00e9gies de Keno.\" \/>\n<meta name=\"robots\" content=\"index, follow, max-snippet:-1, max-image-preview:large, max-video-preview:-1\" \/>\n<link rel=\"canonical\" href=\"https:\/\/casinoreturn.com\/fr\/regles-du-keno-en-ligne\/\" \/>\n<meta property=\"og:locale\" content=\"fr_FR\" \/>\n<meta property=\"og:type\" content=\"article\" \/>\n<meta property=\"og:title\" content=\"R\u00e8gles du keno en ligne - casinoreturn\" \/>\n<meta property=\"og:description\" content=\"R\u00e8gles du keno en ligne et son histoire. L&#039;un des jeux les plus populaires de ces derni\u00e8res ann\u00e9es. Rejoignez-nous et lisez plus sur les strat\u00e9gies et les strat\u00e9gies de Keno.\" \/>\n<meta property=\"og:url\" content=\"https:\/\/casinoreturn.com\/fr\/regles-du-keno-en-ligne\/\" \/>\n<meta property=\"og:site_name\" content=\"casinoreturn\" \/>\n<meta property=\"article:modified_time\" content=\"2024-12-04T13:38:42+00:00\" \/>\n<meta property=\"og:image\" content=\"https:\/\/casinoreturn.com\/wp-content\/uploads\/2024\/11\/Online-Keno-Rules.png\" \/>\n\t<meta property=\"og:image:width\" content=\"200\" \/>\n\t<meta property=\"og:image:height\" content=\"200\" \/>\n\t<meta property=\"og:image:type\" content=\"image\/png\" \/>\n<meta name=\"twitter:card\" content=\"summary_large_image\" \/>\n<meta name=\"twitter:label1\" content=\"Dur\u00e9e de lecture estim\u00e9e\" \/>\n\t<meta name=\"twitter:data1\" content=\"6 minutes\" \/>\n<script type=\"application\/ld+json\" class=\"yoast-schema-graph\">{\"@context\":\"https:\/\/schema.org\",\"@graph\":[{\"@type\":\"WebPage\",\"@id\":\"https:\/\/casinoreturn.com\/fr\/regles-du-keno-en-ligne\/\",\"url\":\"https:\/\/casinoreturn.com\/fr\/regles-du-keno-en-ligne\/\",\"name\":\"R\u00e8gles du keno en ligne - casinoreturn\",\"isPartOf\":{\"@id\":\"https:\/\/casinoreturn.com\/#website\"},\"primaryImageOfPage\":{\"@id\":\"https:\/\/casinoreturn.com\/fr\/regles-du-keno-en-ligne\/#primaryimage\"},\"image\":{\"@id\":\"https:\/\/casinoreturn.com\/fr\/regles-du-keno-en-ligne\/#primaryimage\"},\"thumbnailUrl\":\"https:\/\/casinoreturn.com\/wp-content\/uploads\/2024\/11\/Online-Keno-Rules.png\",\"datePublished\":\"2024-11-13T17:29:31+00:00\",\"dateModified\":\"2024-12-04T13:38:42+00:00\",\"description\":\"R\u00e8gles du keno en ligne et son histoire. L'un des jeux les plus populaires de ces derni\u00e8res ann\u00e9es. Rejoignez-nous et lisez plus sur les strat\u00e9gies et les strat\u00e9gies de Keno.\",\"breadcrumb\":{\"@id\":\"https:\/\/casinoreturn.com\/fr\/regles-du-keno-en-ligne\/#breadcrumb\"},\"inLanguage\":\"fr-FR\",\"potentialAction\":[{\"@type\":\"ReadAction\",\"target\":[\"https:\/\/casinoreturn.com\/fr\/regles-du-keno-en-ligne\/\"]}]},{\"@type\":\"ImageObject\",\"inLanguage\":\"fr-FR\",\"@id\":\"https:\/\/casinoreturn.com\/fr\/regles-du-keno-en-ligne\/#primaryimage\",\"url\":\"https:\/\/casinoreturn.com\/wp-content\/uploads\/2024\/11\/Online-Keno-Rules.png\",\"contentUrl\":\"https:\/\/casinoreturn.com\/wp-content\/uploads\/2024\/11\/Online-Keno-Rules.png\"},{\"@type\":\"BreadcrumbList\",\"@id\":\"https:\/\/casinoreturn.com\/fr\/regles-du-keno-en-ligne\/#breadcrumb\",\"itemListElement\":[{\"@type\":\"ListItem\",\"position\":1,\"name\":\"Home\",\"item\":\"https:\/\/casinoreturn.com\/fr\/home\/\"},{\"@type\":\"ListItem\",\"position\":2,\"name\":\"R\u00e8gles du keno en ligne\"}]},{\"@type\":\"WebSite\",\"@id\":\"https:\/\/casinoreturn.com\/#website\",\"url\":\"https:\/\/casinoreturn.com\/\",\"name\":\"casinoreturn\",\"description\":\"\",\"publisher\":{\"@id\":\"https:\/\/casinoreturn.com\/#organization\"},\"potentialAction\":[{\"@type\":\"SearchAction\",\"target\":{\"@type\":\"EntryPoint\",\"urlTemplate\":\"https:\/\/casinoreturn.com\/?s={search_term_string}\"},\"query-input\":{\"@type\":\"PropertyValueSpecification\",\"valueRequired\":true,\"valueName\":\"search_term_string\"}}],\"inLanguage\":\"fr-FR\"},{\"@type\":\"Organization\",\"@id\":\"https:\/\/casinoreturn.com\/#organization\",\"name\":\"casinoreturn\",\"url\":\"https:\/\/casinoreturn.com\/\",\"logo\":{\"@type\":\"ImageObject\",\"inLanguage\":\"fr-FR\",\"@id\":\"https:\/\/casinoreturn.com\/#\/schema\/logo\/image\/\",\"url\":\"https:\/\/casinoreturn.com\/wp-content\/uploads\/2024\/09\/animal-favicon.png\",\"contentUrl\":\"https:\/\/casinoreturn.com\/wp-content\/uploads\/2024\/09\/animal-favicon.png\",\"width\":92,\"height\":92,\"caption\":\"casinoreturn\"},\"image\":{\"@id\":\"https:\/\/casinoreturn.com\/#\/schema\/logo\/image\/\"}}]}<\/script>\n<!-- \/ Yoast SEO plugin. -->","yoast_head_json":{"title":"R\u00e8gles du keno en ligne - casinoreturn","description":"R\u00e8gles du keno en ligne et son histoire. L'un des jeux les plus populaires de ces derni\u00e8res ann\u00e9es. Rejoignez-nous et lisez plus sur les strat\u00e9gies et les strat\u00e9gies de Keno.","robots":{"index":"index","follow":"follow","max-snippet":"max-snippet:-1","max-image-preview":"max-image-preview:large","max-video-preview":"max-video-preview:-1"},"canonical":"https:\/\/casinoreturn.com\/fr\/regles-du-keno-en-ligne\/","og_locale":"fr_FR","og_type":"article","og_title":"R\u00e8gles du keno en ligne - casinoreturn","og_description":"R\u00e8gles du keno en ligne et son histoire. L'un des jeux les plus populaires de ces derni\u00e8res ann\u00e9es. Rejoignez-nous et lisez plus sur les strat\u00e9gies et les strat\u00e9gies de Keno.","og_url":"https:\/\/casinoreturn.com\/fr\/regles-du-keno-en-ligne\/","og_site_name":"casinoreturn","article_modified_time":"2024-12-04T13:38:42+00:00","og_image":[{"width":200,"height":200,"url":"https:\/\/casinoreturn.com\/wp-content\/uploads\/2024\/11\/Online-Keno-Rules.png","type":"image\/png"}],"twitter_card":"summary_large_image","twitter_misc":{"Dur\u00e9e de lecture estim\u00e9e":"6 minutes"},"schema":{"@context":"https:\/\/schema.org","@graph":[{"@type":"WebPage","@id":"https:\/\/casinoreturn.com\/fr\/regles-du-keno-en-ligne\/","url":"https:\/\/casinoreturn.com\/fr\/regles-du-keno-en-ligne\/","name":"R\u00e8gles du keno en ligne - casinoreturn","isPartOf":{"@id":"https:\/\/casinoreturn.com\/#website"},"primaryImageOfPage":{"@id":"https:\/\/casinoreturn.com\/fr\/regles-du-keno-en-ligne\/#primaryimage"},"image":{"@id":"https:\/\/casinoreturn.com\/fr\/regles-du-keno-en-ligne\/#primaryimage"},"thumbnailUrl":"https:\/\/casinoreturn.com\/wp-content\/uploads\/2024\/11\/Online-Keno-Rules.png","datePublished":"2024-11-13T17:29:31+00:00","dateModified":"2024-12-04T13:38:42+00:00","description":"R\u00e8gles du keno en ligne et son histoire. L'un des jeux les plus populaires de ces derni\u00e8res ann\u00e9es. Rejoignez-nous et lisez plus sur les strat\u00e9gies et les strat\u00e9gies de Keno.","breadcrumb":{"@id":"https:\/\/casinoreturn.com\/fr\/regles-du-keno-en-ligne\/#breadcrumb"},"inLanguage":"fr-FR","potentialAction":[{"@type":"ReadAction","target":["https:\/\/casinoreturn.com\/fr\/regles-du-keno-en-ligne\/"]}]},{"@type":"ImageObject","inLanguage":"fr-FR","@id":"https:\/\/casinoreturn.com\/fr\/regles-du-keno-en-ligne\/#primaryimage","url":"https:\/\/casinoreturn.com\/wp-content\/uploads\/2024\/11\/Online-Keno-Rules.png","contentUrl":"https:\/\/casinoreturn.com\/wp-content\/uploads\/2024\/11\/Online-Keno-Rules.png"},{"@type":"BreadcrumbList","@id":"https:\/\/casinoreturn.com\/fr\/regles-du-keno-en-ligne\/#breadcrumb","itemListElement":[{"@type":"ListItem","position":1,"name":"Home","item":"https:\/\/casinoreturn.com\/fr\/home\/"},{"@type":"ListItem","position":2,"name":"R\u00e8gles du keno en ligne"}]},{"@type":"WebSite","@id":"https:\/\/casinoreturn.com\/#website","url":"https:\/\/casinoreturn.com\/","name":"casinoreturn","description":"","publisher":{"@id":"https:\/\/casinoreturn.com\/#organization"},"potentialAction":[{"@type":"SearchAction","target":{"@type":"EntryPoint","urlTemplate":"https:\/\/casinoreturn.com\/?s={search_term_string}"},"query-input":{"@type":"PropertyValueSpecification","valueRequired":true,"valueName":"search_term_string"}}],"inLanguage":"fr-FR"},{"@type":"Organization","@id":"https:\/\/casinoreturn.com\/#organization","name":"casinoreturn","url":"https:\/\/casinoreturn.com\/","logo":{"@type":"ImageObject","inLanguage":"fr-FR","@id":"https:\/\/casinoreturn.com\/#\/schema\/logo\/image\/","url":"https:\/\/casinoreturn.com\/wp-content\/uploads\/2024\/09\/animal-favicon.png","contentUrl":"https:\/\/casinoreturn.com\/wp-content\/uploads\/2024\/09\/animal-favicon.png","width":92,"height":92,"caption":"casinoreturn"},"image":{"@id":"https:\/\/casinoreturn.com\/#\/schema\/logo\/image\/"}}]}},"_links":{"self":[{"href":"https:\/\/casinoreturn.com\/fr\/wp-json\/wp\/v2\/pages\/5006","targetHints":{"allow":["GET"]}}],"collection":[{"href":"https:\/\/casinoreturn.com\/fr\/wp-json\/wp\/v2\/pages"}],"about":[{"href":"https:\/\/casinoreturn.com\/fr\/wp-json\/wp\/v2\/types\/page"}],"author":[{"embeddable":true,"href":"https:\/\/casinoreturn.com\/fr\/wp-json\/wp\/v2\/users\/1"}],"replies":[{"embeddable":true,"href":"https:\/\/casinoreturn.com\/fr\/wp-json\/wp\/v2\/comments?post=5006"}],"version-history":[{"count":1,"href":"https:\/\/casinoreturn.com\/fr\/wp-json\/wp\/v2\/pages\/5006\/revisions"}],"predecessor-version":[{"id":5007,"href":"https:\/\/casinoreturn.com\/fr\/wp-json\/wp\/v2\/pages\/5006\/revisions\/5007"}],"wp:attachment":[{"href":"https:\/\/casinoreturn.com\/fr\/wp-json\/wp\/v2\/media?parent=5006"}],"curies":[{"name":"wp","href":"https:\/\/api.w.org\/{rel}","templated":true}]}}