{"id":5050,"date":"2024-11-20T16:41:12","date_gmt":"2024-11-20T16:41:12","guid":{"rendered":"https:\/\/casinoreturn.com\/quinte-royale-au-poker\/"},"modified":"2024-12-04T13:54:20","modified_gmt":"2024-12-04T13:54:20","slug":"quinte-royale-au-poker","status":"publish","type":"page","link":"https:\/\/casinoreturn.com\/fr\/quinte-royale-au-poker\/","title":{"rendered":"Quinte royale au poker"},"content":{"rendered":"\t\t<div data-elementor-type=\"wp-page\" data-elementor-id=\"5050\" class=\"elementor elementor-5050\" data-elementor-post-type=\"page\">\n\t\t\t\t<div class=\"elementor-element elementor-element-544c1d6 e-con-full e-flex e-con e-parent\" data-id=\"544c1d6\" data-element_type=\"container\">\n\t\t\t\t<div class=\"elementor-element elementor-element-7598f05 elementor-widget elementor-widget-heading\" data-id=\"7598f05\" data-element_type=\"widget\" data-widget_type=\"heading.default\">\n\t\t\t\t<div class=\"elementor-widget-container\">\n\t\t\t\t\t<h2 class=\"elementor-heading-title elementor-size-default\">Quinte royale au poker - \"Cette main unique au poker\".<\/h2>\t\t\t\t<\/div>\n\t\t\t\t<\/div>\n\t\t\t\t<div class=\"elementor-element elementor-element-c8fb580 elementor-widget elementor-widget-image\" data-id=\"c8fb580\" data-element_type=\"widget\" data-widget_type=\"image.default\">\n\t\t\t\t<div class=\"elementor-widget-container\">\n\t\t\t\t\t\t\t\t\t\t\t\t\t\t\t<img fetchpriority=\"high\" decoding=\"async\" width=\"522\" height=\"360\" src=\"https:\/\/casinoreturn.com\/wp-content\/uploads\/2024\/11\/Royal-Flush-in-Poker.jpg\" class=\"attachment-large size-large wp-image-3699\" alt=\"creator-television-and-poker-world-tour-align\" srcset=\"https:\/\/casinoreturn.com\/wp-content\/uploads\/2024\/11\/Royal-Flush-in-Poker.jpg 522w, https:\/\/casinoreturn.com\/wp-content\/uploads\/2024\/11\/Royal-Flush-in-Poker-300x207.jpg 300w\" sizes=\"(max-width: 522px) 100vw, 522px\" \/>\t\t\t\t\t\t\t\t\t\t\t\t\t\t\t<\/div>\n\t\t\t\t<\/div>\n\t\t\t\t<div class=\"elementor-element elementor-element-4a45df4 elementor-widget elementor-widget-heading\" data-id=\"4a45df4\" data-element_type=\"widget\" data-widget_type=\"heading.default\">\n\t\t\t\t<div class=\"elementor-widget-container\">\n\t\t\t\t\t<h2 class=\"elementor-heading-title elementor-size-default\">Qu'est-ce qu'une Quinte Royale au poker ?<\/h2>\t\t\t\t<\/div>\n\t\t\t\t<\/div>\n\t\t\t\t<div class=\"elementor-element elementor-element-91fa191 elementor-button-success elementor-align-center elementor-widget elementor-widget-button\" data-id=\"91fa191\" data-element_type=\"widget\" data-widget_type=\"button.default\">\n\t\t\t\t<div class=\"elementor-widget-container\">\n\t\t\t\t\t\t\t\t\t<div class=\"elementor-button-wrapper\">\n\t\t\t\t\t<a class=\"elementor-button elementor-button-link elementor-size-sm\" href=\"https:\/\/casinoreturn.com\/fr\/casinos-de-poker-en-ligne\/\">\n\t\t\t\t\t\t<span class=\"elementor-button-content-wrapper\">\n\t\t\t\t\t\t\t\t\t<span class=\"elementor-button-text\">Jouez au poker ici<\/span>\n\t\t\t\t\t<\/span>\n\t\t\t\t\t<\/a>\n\t\t\t\t<\/div>\n\t\t\t\t\t\t\t\t<\/div>\n\t\t\t\t<\/div>\n\t\t\t\t<div class=\"elementor-element elementor-element-ffeecd1 elementor-widget elementor-widget-text-editor\" data-id=\"ffeecd1\" data-element_type=\"widget\" data-widget_type=\"text-editor.default\">\n\t\t\t\t<div class=\"elementor-widget-container\">\n\t\t\t\t\t\t\t\t\t<p>La Quinte Royale au poker, la m\u00e8re de toutes les mains au poker. Il s&rsquo;agit d&rsquo;une certaine combinaison de cartes qui peut \u00eatre utilis\u00e9e au poker. Comme indiqu\u00e9 ci-dessus, il ne s&rsquo;agit pas de n&rsquo;importe quelle combinaison ; c&rsquo;est toujours la combinaison ayant la valeur la plus \u00e9lev\u00e9e qui l&#8217;emporte. Une Quinte Royale ou Royal Flush se compose de cinq cartes cons\u00e9cutives, telles que 6, 7, 8, 9 et 10. La particularit\u00e9 d&rsquo;une Quinte Royale est que la s\u00e9quence (\u00e9galement appel\u00e9e Quinte ou Rue) est dans l&rsquo;ordre le plus \u00e9lev\u00e9 : 10, Valet, Reine, Roi et As, et comme si cela ne suffisait pas, les cartes de la Quinte Royale doivent \u00eatre de la m\u00eame couleur, quelle que soit la couleur. En fait, la quinte royale est la meilleure. Une quinte flush se compose toujours de cinq cartes de la m\u00eame couleur. Par cons\u00e9quent, si ces cartes sont toutes les plus hautes d&rsquo;une m\u00eame couleur, vous obtenez une quinte royale.       <\/p>\n\t\t\t\t\t\t\t\t<\/div>\n\t\t\t\t<\/div>\n\t\t\t\t<div class=\"elementor-element elementor-element-83611db elementor-widget elementor-widget-heading\" data-id=\"83611db\" data-element_type=\"widget\" data-widget_type=\"heading.default\">\n\t\t\t\t<div class=\"elementor-widget-container\">\n\t\t\t\t\t<h3 class=\"elementor-heading-title elementor-size-default\">Evaluation de la main de quinte royale<\/h3>\t\t\t\t<\/div>\n\t\t\t\t<\/div>\n\t\t\t\t<div class=\"elementor-element elementor-element-59a7e45 elementor-widget elementor-widget-text-editor\" data-id=\"59a7e45\" data-element_type=\"widget\" data-widget_type=\"text-editor.default\">\n\t\t\t\t<div class=\"elementor-widget-container\">\n\t\t\t\t\t\t\t\t\t<p>Vous ne pouvez pas vous tromper avec une main de Quinte Royale. En effet, vous disposez d\u00e9j\u00e0 de la meilleure combinaison possible. Mais avec une Quinte Royale, il y a quelques points \u00e0 garder \u00e0 l&rsquo;esprit, m\u00eame si vous avez d\u00e9j\u00e0 quatre cartes de la m\u00eame couleur \u00e0 la suite. Cela ne signifie pas que la cinqui\u00e8me carte correspondante est ajout\u00e9e \u00e0 la fin. Si la bonne carte n&rsquo;arrive pas jusqu&rsquo;\u00e0 la fin, essayer d&rsquo;obtenir une Quinte Royale au poker aboutit souvent \u00e0 une main finale houleuse. Le risque est grand.     <\/p>\n\t\t\t\t\t\t\t\t<\/div>\n\t\t\t\t<\/div>\n\t\t\t\t<div class=\"elementor-element elementor-element-fc7dee4 elementor-widget elementor-widget-heading\" data-id=\"fc7dee4\" data-element_type=\"widget\" data-widget_type=\"heading.default\">\n\t\t\t\t<div class=\"elementor-widget-container\">\n\t\t\t\t\t<h3 class=\"elementor-heading-title elementor-size-default\">La strat\u00e9gie optimale pour une Quinte Royale<\/h3>\t\t\t\t<\/div>\n\t\t\t\t<\/div>\n\t\t\t\t<div class=\"elementor-element elementor-element-8889405 elementor-widget elementor-widget-text-editor\" data-id=\"8889405\" data-element_type=\"widget\" data-widget_type=\"text-editor.default\">\n\t\t\t\t<div class=\"elementor-widget-container\">\n\t\t\t\t\t\t\t\t\t<p>Si vous souhaitez obtenir une Quinte Royale, jouer uniquement des mains prometteuses de Quinte Royale serait plus rentable. Vous pouvez vous coucher sur toutes les autres cartes, mais ce n&rsquo;est pas la meilleure strat\u00e9gie. Il est souvent plus prometteur de miser sur une autre combinaison de cartes, qui est plus probable. Il est \u00e9galement important de garder un \u0153il sur le comportement des autres joueurs. Pour ce faire, vous devez analyser tr\u00e8s attentivement leur comportement de jeu. En fin de compte, vous n&rsquo;avez besoin d&rsquo;une Quinte Royale qu&rsquo;une seule fois et pour battre d&rsquo;autres bonnes mains. Comme ces derni\u00e8res sont \u00e9galement tr\u00e8s rares, la Quinte Royale est rarement n\u00e9cessaire. Il est \u00e9galement important que s&rsquo;il y a une forte probabilit\u00e9 que votre adversaire ne soit pas trop incertain pour une Quinte Royale et qu&rsquo;il appelle, parce que, malheureusement, votre Quinte Royale ne vous sera d&rsquo;aucune utilit\u00e9 si vos adversaires se couchent pr\u00e9matur\u00e9ment. \u00c9videmment, la situation est diff\u00e9rente lorsque vous jouez au vid\u00e9o poker. Puisque vous pouvez faire un profit disproportionn\u00e9 au vid\u00e9o poker avec une Quinte Royale, vous devriez toujours jouer avec une Quinte Royale. Comme vous n&rsquo;avez pas d&rsquo;ennemis ici, ne jouez pas ce r\u00f4le.          <\/p>\n\t\t\t\t\t\t\t\t<\/div>\n\t\t\t\t<\/div>\n\t\t\t\t<div class=\"elementor-element elementor-element-863e8de elementor-widget elementor-widget-heading\" data-id=\"863e8de\" data-element_type=\"widget\" data-widget_type=\"heading.default\">\n\t\t\t\t<div class=\"elementor-widget-container\">\n\t\t\t\t\t<h3 class=\"elementor-heading-title elementor-size-default\">Variantes de poker dans Royal Flush ?<\/h3>\t\t\t\t<\/div>\n\t\t\t\t<\/div>\n\t\t\t\t<div class=\"elementor-element elementor-element-80672b1 elementor-widget elementor-widget-text-editor\" data-id=\"80672b1\" data-element_type=\"widget\" data-widget_type=\"text-editor.default\">\n\t\t\t\t<div class=\"elementor-widget-container\">\n\t\t\t\t\t\t\t\t\t<p>La Quinte Royale est pr\u00e9sente dans toutes les variantes de poker encore largement jou\u00e9es aujourd&rsquo;hui, telles que le Texas Hold&#8217;em, le Five Card Draw et le Seven Card Stud. Comme indiqu\u00e9 ci-dessus, il est presque aussi difficile de trouver une variante de poker sans Quinte Royale que d&rsquo;en obtenir une. <\/p>\n\t\t\t\t\t\t\t\t<\/div>\n\t\t\t\t<\/div>\n\t\t\t\t<\/div>\n\t\t\t\t<\/div>\n\t\t","protected":false},"excerpt":{"rendered":"<p>Quinte royale au poker &#8211; \u00ab\u00a0Cette main unique au poker\u00a0\u00bb. Qu&rsquo;est-ce qu&rsquo;une Quinte Royale au poker ? Jouez au poker ici La Quinte Royale au poker, la m\u00e8re de toutes les mains au poker. Il s&rsquo;agit d&rsquo;une certaine combinaison de cartes qui peut \u00eatre utilis\u00e9e au poker. Comme indiqu\u00e9 ci-dessus, il ne s&rsquo;agit pas de [&hellip;]<\/p>\n","protected":false},"author":1,"featured_media":0,"parent":0,"menu_order":0,"comment_status":"closed","ping_status":"closed","template":"","meta":{"footnotes":""},"class_list":["post-5050","page","type-page","status-publish","hentry"],"blocksy_meta":[],"acf":[],"yoast_head":"<!-- This site is optimized with the Yoast SEO plugin v24.1 - https:\/\/yoast.com\/wordpress\/plugins\/seo\/ -->\n<title>Quinte royale au poker - casinoreturn<\/title>\n<meta name=\"description\" content=\"La quinte royale au poker, la grande dame de toutes les mains. Oubliez les carr\u00e9s et les As. Notre petit guide vous donnera quelques informations.\" \/>\n<meta name=\"robots\" content=\"index, follow, max-snippet:-1, max-image-preview:large, max-video-preview:-1\" \/>\n<link rel=\"canonical\" href=\"https:\/\/casinoreturn.com\/fr\/quinte-royale-au-poker\/\" \/>\n<meta property=\"og:locale\" content=\"fr_FR\" \/>\n<meta property=\"og:type\" content=\"article\" \/>\n<meta property=\"og:title\" content=\"Quinte royale au poker - casinoreturn\" \/>\n<meta property=\"og:description\" content=\"La quinte royale au poker, la grande dame de toutes les mains. Oubliez les carr\u00e9s et les As. Notre petit guide vous donnera quelques informations.\" \/>\n<meta property=\"og:url\" content=\"https:\/\/casinoreturn.com\/fr\/quinte-royale-au-poker\/\" \/>\n<meta property=\"og:site_name\" content=\"casinoreturn\" \/>\n<meta property=\"article:modified_time\" content=\"2024-12-04T13:54:20+00:00\" \/>\n<meta property=\"og:image\" content=\"https:\/\/casinoreturn.com\/wp-content\/uploads\/2024\/11\/Royal-Flush-in-Poker.jpg\" \/>\n\t<meta property=\"og:image:width\" content=\"522\" \/>\n\t<meta property=\"og:image:height\" content=\"360\" \/>\n\t<meta property=\"og:image:type\" content=\"image\/jpeg\" \/>\n<meta name=\"twitter:card\" content=\"summary_large_image\" \/>\n<meta name=\"twitter:label1\" content=\"Dur\u00e9e de lecture estim\u00e9e\" \/>\n\t<meta name=\"twitter:data1\" content=\"3 minutes\" \/>\n<script type=\"application\/ld+json\" class=\"yoast-schema-graph\">{\"@context\":\"https:\/\/schema.org\",\"@graph\":[{\"@type\":\"WebPage\",\"@id\":\"https:\/\/casinoreturn.com\/fr\/quinte-royale-au-poker\/\",\"url\":\"https:\/\/casinoreturn.com\/fr\/quinte-royale-au-poker\/\",\"name\":\"Quinte royale au poker - casinoreturn\",\"isPartOf\":{\"@id\":\"https:\/\/casinoreturn.com\/#website\"},\"primaryImageOfPage\":{\"@id\":\"https:\/\/casinoreturn.com\/fr\/quinte-royale-au-poker\/#primaryimage\"},\"image\":{\"@id\":\"https:\/\/casinoreturn.com\/fr\/quinte-royale-au-poker\/#primaryimage\"},\"thumbnailUrl\":\"https:\/\/casinoreturn.com\/wp-content\/uploads\/2024\/11\/Royal-Flush-in-Poker.jpg\",\"datePublished\":\"2024-11-20T16:41:12+00:00\",\"dateModified\":\"2024-12-04T13:54:20+00:00\",\"description\":\"La quinte royale au poker, la grande dame de toutes les mains. Oubliez les carr\u00e9s et les As. Notre petit guide vous donnera quelques informations.\",\"breadcrumb\":{\"@id\":\"https:\/\/casinoreturn.com\/fr\/quinte-royale-au-poker\/#breadcrumb\"},\"inLanguage\":\"fr-FR\",\"potentialAction\":[{\"@type\":\"ReadAction\",\"target\":[\"https:\/\/casinoreturn.com\/fr\/quinte-royale-au-poker\/\"]}]},{\"@type\":\"ImageObject\",\"inLanguage\":\"fr-FR\",\"@id\":\"https:\/\/casinoreturn.com\/fr\/quinte-royale-au-poker\/#primaryimage\",\"url\":\"https:\/\/casinoreturn.com\/wp-content\/uploads\/2024\/11\/Royal-Flush-in-Poker.jpg\",\"contentUrl\":\"https:\/\/casinoreturn.com\/wp-content\/uploads\/2024\/11\/Royal-Flush-in-Poker.jpg\"},{\"@type\":\"BreadcrumbList\",\"@id\":\"https:\/\/casinoreturn.com\/fr\/quinte-royale-au-poker\/#breadcrumb\",\"itemListElement\":[{\"@type\":\"ListItem\",\"position\":1,\"name\":\"Home\",\"item\":\"https:\/\/casinoreturn.com\/fr\/home\/\"},{\"@type\":\"ListItem\",\"position\":2,\"name\":\"Quinte royale au poker\"}]},{\"@type\":\"WebSite\",\"@id\":\"https:\/\/casinoreturn.com\/#website\",\"url\":\"https:\/\/casinoreturn.com\/\",\"name\":\"casinoreturn\",\"description\":\"\",\"publisher\":{\"@id\":\"https:\/\/casinoreturn.com\/#organization\"},\"potentialAction\":[{\"@type\":\"SearchAction\",\"target\":{\"@type\":\"EntryPoint\",\"urlTemplate\":\"https:\/\/casinoreturn.com\/?s={search_term_string}\"},\"query-input\":{\"@type\":\"PropertyValueSpecification\",\"valueRequired\":true,\"valueName\":\"search_term_string\"}}],\"inLanguage\":\"fr-FR\"},{\"@type\":\"Organization\",\"@id\":\"https:\/\/casinoreturn.com\/#organization\",\"name\":\"casinoreturn\",\"url\":\"https:\/\/casinoreturn.com\/\",\"logo\":{\"@type\":\"ImageObject\",\"inLanguage\":\"fr-FR\",\"@id\":\"https:\/\/casinoreturn.com\/#\/schema\/logo\/image\/\",\"url\":\"https:\/\/casinoreturn.com\/wp-content\/uploads\/2024\/09\/animal-favicon.png\",\"contentUrl\":\"https:\/\/casinoreturn.com\/wp-content\/uploads\/2024\/09\/animal-favicon.png\",\"width\":92,\"height\":92,\"caption\":\"casinoreturn\"},\"image\":{\"@id\":\"https:\/\/casinoreturn.com\/#\/schema\/logo\/image\/\"}}]}<\/script>\n<!-- \/ Yoast SEO plugin. -->","yoast_head_json":{"title":"Quinte royale au poker - casinoreturn","description":"La quinte royale au poker, la grande dame de toutes les mains. Oubliez les carr\u00e9s et les As. Notre petit guide vous donnera quelques informations.","robots":{"index":"index","follow":"follow","max-snippet":"max-snippet:-1","max-image-preview":"max-image-preview:large","max-video-preview":"max-video-preview:-1"},"canonical":"https:\/\/casinoreturn.com\/fr\/quinte-royale-au-poker\/","og_locale":"fr_FR","og_type":"article","og_title":"Quinte royale au poker - casinoreturn","og_description":"La quinte royale au poker, la grande dame de toutes les mains. Oubliez les carr\u00e9s et les As. Notre petit guide vous donnera quelques informations.","og_url":"https:\/\/casinoreturn.com\/fr\/quinte-royale-au-poker\/","og_site_name":"casinoreturn","article_modified_time":"2024-12-04T13:54:20+00:00","og_image":[{"width":522,"height":360,"url":"https:\/\/casinoreturn.com\/wp-content\/uploads\/2024\/11\/Royal-Flush-in-Poker.jpg","type":"image\/jpeg"}],"twitter_card":"summary_large_image","twitter_misc":{"Dur\u00e9e de lecture estim\u00e9e":"3 minutes"},"schema":{"@context":"https:\/\/schema.org","@graph":[{"@type":"WebPage","@id":"https:\/\/casinoreturn.com\/fr\/quinte-royale-au-poker\/","url":"https:\/\/casinoreturn.com\/fr\/quinte-royale-au-poker\/","name":"Quinte royale au poker - casinoreturn","isPartOf":{"@id":"https:\/\/casinoreturn.com\/#website"},"primaryImageOfPage":{"@id":"https:\/\/casinoreturn.com\/fr\/quinte-royale-au-poker\/#primaryimage"},"image":{"@id":"https:\/\/casinoreturn.com\/fr\/quinte-royale-au-poker\/#primaryimage"},"thumbnailUrl":"https:\/\/casinoreturn.com\/wp-content\/uploads\/2024\/11\/Royal-Flush-in-Poker.jpg","datePublished":"2024-11-20T16:41:12+00:00","dateModified":"2024-12-04T13:54:20+00:00","description":"La quinte royale au poker, la grande dame de toutes les mains. Oubliez les carr\u00e9s et les As. Notre petit guide vous donnera quelques informations.","breadcrumb":{"@id":"https:\/\/casinoreturn.com\/fr\/quinte-royale-au-poker\/#breadcrumb"},"inLanguage":"fr-FR","potentialAction":[{"@type":"ReadAction","target":["https:\/\/casinoreturn.com\/fr\/quinte-royale-au-poker\/"]}]},{"@type":"ImageObject","inLanguage":"fr-FR","@id":"https:\/\/casinoreturn.com\/fr\/quinte-royale-au-poker\/#primaryimage","url":"https:\/\/casinoreturn.com\/wp-content\/uploads\/2024\/11\/Royal-Flush-in-Poker.jpg","contentUrl":"https:\/\/casinoreturn.com\/wp-content\/uploads\/2024\/11\/Royal-Flush-in-Poker.jpg"},{"@type":"BreadcrumbList","@id":"https:\/\/casinoreturn.com\/fr\/quinte-royale-au-poker\/#breadcrumb","itemListElement":[{"@type":"ListItem","position":1,"name":"Home","item":"https:\/\/casinoreturn.com\/fr\/home\/"},{"@type":"ListItem","position":2,"name":"Quinte royale au poker"}]},{"@type":"WebSite","@id":"https:\/\/casinoreturn.com\/#website","url":"https:\/\/casinoreturn.com\/","name":"casinoreturn","description":"","publisher":{"@id":"https:\/\/casinoreturn.com\/#organization"},"potentialAction":[{"@type":"SearchAction","target":{"@type":"EntryPoint","urlTemplate":"https:\/\/casinoreturn.com\/?s={search_term_string}"},"query-input":{"@type":"PropertyValueSpecification","valueRequired":true,"valueName":"search_term_string"}}],"inLanguage":"fr-FR"},{"@type":"Organization","@id":"https:\/\/casinoreturn.com\/#organization","name":"casinoreturn","url":"https:\/\/casinoreturn.com\/","logo":{"@type":"ImageObject","inLanguage":"fr-FR","@id":"https:\/\/casinoreturn.com\/#\/schema\/logo\/image\/","url":"https:\/\/casinoreturn.com\/wp-content\/uploads\/2024\/09\/animal-favicon.png","contentUrl":"https:\/\/casinoreturn.com\/wp-content\/uploads\/2024\/09\/animal-favicon.png","width":92,"height":92,"caption":"casinoreturn"},"image":{"@id":"https:\/\/casinoreturn.com\/#\/schema\/logo\/image\/"}}]}},"_links":{"self":[{"href":"https:\/\/casinoreturn.com\/fr\/wp-json\/wp\/v2\/pages\/5050","targetHints":{"allow":["GET"]}}],"collection":[{"href":"https:\/\/casinoreturn.com\/fr\/wp-json\/wp\/v2\/pages"}],"about":[{"href":"https:\/\/casinoreturn.com\/fr\/wp-json\/wp\/v2\/types\/page"}],"author":[{"embeddable":true,"href":"https:\/\/casinoreturn.com\/fr\/wp-json\/wp\/v2\/users\/1"}],"replies":[{"embeddable":true,"href":"https:\/\/casinoreturn.com\/fr\/wp-json\/wp\/v2\/comments?post=5050"}],"version-history":[{"count":1,"href":"https:\/\/casinoreturn.com\/fr\/wp-json\/wp\/v2\/pages\/5050\/revisions"}],"predecessor-version":[{"id":5051,"href":"https:\/\/casinoreturn.com\/fr\/wp-json\/wp\/v2\/pages\/5050\/revisions\/5051"}],"wp:attachment":[{"href":"https:\/\/casinoreturn.com\/fr\/wp-json\/wp\/v2\/media?parent=5050"}],"curies":[{"name":"wp","href":"https:\/\/api.w.org\/{rel}","templated":true}]}}