{"id":6148,"date":"2024-11-12T22:30:29","date_gmt":"2024-11-12T22:30:29","guid":{"rendered":"https:\/\/casinoreturn.com\/no-wagering-casino-bonus-canada\/"},"modified":"2024-12-20T00:41:43","modified_gmt":"2024-12-20T00:41:43","slug":"no-wagering-casino-bonus-canada","status":"publish","type":"page","link":"https:\/\/casinoreturn.com\/fr\/no-wagering-casino-bonus-canada\/","title":{"rendered":"No Wagering Casino Bonus Canada"},"content":{"rendered":"\t\t<div data-elementor-type=\"wp-page\" data-elementor-id=\"6148\" class=\"elementor elementor-6148\" data-elementor-post-type=\"page\">\n\t\t\t\t<div class=\"elementor-element elementor-element-099340e e-con-full e-flex e-con e-parent\" data-id=\"099340e\" data-element_type=\"container\" data-e-type=\"container\">\n\t\t\t\t<div class=\"elementor-element elementor-element-9452dd6 elementor-widget elementor-widget-heading\" data-id=\"9452dd6\" data-element_type=\"widget\" data-e-type=\"widget\" data-widget_type=\"heading.default\">\n\t\t\t\t<div class=\"elementor-widget-container\">\n\t\t\t\t\t<h4 class=\"elementor-heading-title elementor-size-default\">Les bonus des casinos sans mise au Canada ont de jolies cicatrices. Nous avons r\u00e9pertori\u00e9 pour vous une poign\u00e9e de ces bonus sans mise.   <\/h4>\t\t\t\t<\/div>\n\t\t\t\t<\/div>\n\t\t\t\t<div class=\"elementor-element elementor-element-206107d elementor-widget elementor-widget-image\" data-id=\"206107d\" data-element_type=\"widget\" data-e-type=\"widget\" data-widget_type=\"image.default\">\n\t\t\t\t<div class=\"elementor-widget-container\">\n\t\t\t\t\t\t\t\t\t\t\t\t\t\t\t<img fetchpriority=\"high\" decoding=\"async\" width=\"300\" height=\"300\" src=\"https:\/\/casinoreturn.com\/wp-content\/uploads\/2024\/11\/No-Wagering-Casino-Bonuses.png\" class=\"attachment-large size-large wp-image-3189\" alt=\"No Wagering Casino Bonuses\" srcset=\"https:\/\/casinoreturn.com\/wp-content\/uploads\/2024\/11\/No-Wagering-Casino-Bonuses.png 300w, https:\/\/casinoreturn.com\/wp-content\/uploads\/2024\/11\/No-Wagering-Casino-Bonuses-150x150.png 150w\" sizes=\"(max-width: 300px) 100vw, 300px\" \/>\t\t\t\t\t\t\t\t\t\t\t\t\t\t\t<\/div>\n\t\t\t\t<\/div>\n\t\t\t\t<div class=\"elementor-element elementor-element-a282737 elementor-widget elementor-widget-heading\" data-id=\"a282737\" data-element_type=\"widget\" data-e-type=\"widget\" data-widget_type=\"heading.default\">\n\t\t\t\t<div class=\"elementor-widget-container\">\n\t\t\t\t\t<h4 class=\"elementor-heading-title elementor-size-default\">Notre meilleur choix pour les bonus sans mise au Canada.  <\/h4>\t\t\t\t<\/div>\n\t\t\t\t<\/div>\n\t\t\t\t<div class=\"elementor-element elementor-element-a7c48aa elementor-button-success elementor-align-center elementor-widget elementor-widget-button\" data-id=\"a7c48aa\" data-element_type=\"widget\" data-e-type=\"widget\" data-widget_type=\"button.default\">\n\t\t\t\t<div class=\"elementor-widget-container\">\n\t\t\t\t\t\t\t\t\t<div class=\"elementor-button-wrapper\">\n\t\t\t\t\t<a class=\"elementor-button elementor-button-link elementor-size-sm\" href=\"#\">\n\t\t\t\t\t\t<span class=\"elementor-button-content-wrapper\">\n\t\t\t\t\t\t\t\t\t<span class=\"elementor-button-text\">50 tours gratuits sans mise sur THOR - Jouez \u00e0 OJO Casino aujourd'hui !<\/span>\n\t\t\t\t\t<\/span>\n\t\t\t\t\t<\/a>\n\t\t\t\t<\/div>\n\t\t\t\t\t\t\t\t<\/div>\n\t\t\t\t<\/div>\n\t\t\t\t<div class=\"elementor-element elementor-element-4236979 elementor-countdown--label-block elementor-widget elementor-widget-countdown\" data-id=\"4236979\" data-element_type=\"widget\" data-e-type=\"widget\" data-widget_type=\"countdown.default\">\n\t\t\t\t<div class=\"elementor-widget-container\">\n\t\t\t\t\t\t\t<div data-expire-actions=\"[{&quot;type&quot;:&quot;message&quot;}]\" class=\"elementor-countdown-wrapper\" data-date=\"1767224100\">\n\t\t\t<div class=\"elementor-countdown-item\"><span class=\"elementor-countdown-digits elementor-countdown-days\"><\/span> <span class=\"elementor-countdown-label\">Jours<\/span><\/div><div class=\"elementor-countdown-item\"><span class=\"elementor-countdown-digits elementor-countdown-hours\"><\/span> <span class=\"elementor-countdown-label\">Heures<\/span><\/div><div class=\"elementor-countdown-item\"><span class=\"elementor-countdown-digits elementor-countdown-minutes\"><\/span> <span class=\"elementor-countdown-label\">Proc\u00e8s-verbal<\/span><\/div><div class=\"elementor-countdown-item\"><span class=\"elementor-countdown-digits elementor-countdown-seconds\"><\/span> <span class=\"elementor-countdown-label\">Secondes<\/span><\/div>\t\t<\/div>\n\t\t\t\t\t\t<div class=\"elementor-countdown-expire--message\">\n\t\t\t\t\tR\u00e9clamez 50 tours gratuits sans obligation de mise sur THOR - Jouez aux tours gratuits sans mise d&#039;OJO Casino d\u00e8s aujourd&#039;hui.\t\t\t\t<\/div>\n\t\t\t\t\t\t\t\t<\/div>\n\t\t\t\t<\/div>\n\t\t\t\t<div class=\"elementor-element elementor-element-a9b8b0a elementor-widget elementor-widget-image\" data-id=\"a9b8b0a\" data-element_type=\"widget\" data-e-type=\"widget\" data-widget_type=\"image.default\">\n\t\t\t\t<div class=\"elementor-widget-container\">\n\t\t\t\t\t\t\t\t\t\t\t\t\t\t\t<img decoding=\"async\" width=\"300\" height=\"150\" src=\"https:\/\/casinoreturn.com\/wp-content\/uploads\/2024\/12\/Play-Ojo-no-wagering-free-spins.png\" class=\"attachment-large size-large wp-image-6119\" alt=\"Play Ojo no wagering free spins\" \/>\t\t\t\t\t\t\t\t\t\t\t\t\t\t\t<\/div>\n\t\t\t\t<\/div>\n\t\t\t\t<div class=\"elementor-element elementor-element-ccbe21f elementor-widget elementor-widget-heading\" data-id=\"ccbe21f\" data-element_type=\"widget\" data-e-type=\"widget\" data-widget_type=\"heading.default\">\n\t\t\t\t<div class=\"elementor-widget-container\">\n\t\t\t\t\t<h4 class=\"elementor-heading-title elementor-size-default\">En savoir plus sur les bonus sans mise, les tours gratuits sans d\u00e9p\u00f4t et les bonus sans d\u00e9p\u00f4t au Canada et en Ontario.<\/h4>\t\t\t\t<\/div>\n\t\t\t\t<\/div>\n\t\t\t\t<div class=\"elementor-element elementor-element-e56fee4 elementor-widget elementor-widget-text-editor\" data-id=\"e56fee4\" data-element_type=\"widget\" data-e-type=\"widget\" data-widget_type=\"text-editor.default\">\n\t\t\t\t<div class=\"elementor-widget-container\">\n\t\t\t\t\t\t\t\t\t<h5><strong>Comment puis-je obtenir 50 tours gratuits sans mise ?<\/strong><\/h5>\n<p>Pour r\u00e9clamer ces 50 tours sans mise, il vous suffit de suivre quelques \u00e9tapes.<\/p>\n<ul>\n<li>S&rsquo;inscrire \u00e0 PlayOJO<\/li>\n<li>Le num\u00e9ro de t\u00e9l\u00e9phone et votre date de naissance sont n\u00e9cessaires uniquement pour ouvrir un compte au casino PlayOJO.<\/li>\n<li>D\u00e9posez et jouez vos tours gratuits ( <a href=\"https:\/\/www.playojo.com\/en\/reward-policy\/?appName=PlayOJO\">T&amp;C&rsquo;s Apply)<\/a><\/li>\n<\/ul>\n\t\t\t\t\t\t\t\t<\/div>\n\t\t\t\t<\/div>\n\t\t\t\t<div class=\"elementor-element elementor-element-8ab4dfd elementor-widget elementor-widget-image\" data-id=\"8ab4dfd\" data-element_type=\"widget\" data-e-type=\"widget\" data-widget_type=\"image.default\">\n\t\t\t\t<div class=\"elementor-widget-container\">\n\t\t\t\t\t\t\t\t\t\t\t\t\t\t\t<img decoding=\"async\" width=\"514\" height=\"388\" src=\"https:\/\/casinoreturn.com\/wp-content\/uploads\/2024\/12\/50-No-Wagering-Free-Spins.png\" class=\"attachment-large size-large wp-image-6131\" alt=\"50 No Wagering Free Spins\" srcset=\"https:\/\/casinoreturn.com\/wp-content\/uploads\/2024\/12\/50-No-Wagering-Free-Spins.png 514w, https:\/\/casinoreturn.com\/wp-content\/uploads\/2024\/12\/50-No-Wagering-Free-Spins-300x226.png 300w\" sizes=\"(max-width: 514px) 100vw, 514px\" \/>\t\t\t\t\t\t\t\t\t\t\t\t\t\t\t<\/div>\n\t\t\t\t<\/div>\n\t\t\t\t<div class=\"elementor-element elementor-element-f04881c elementor-widget elementor-widget-heading\" data-id=\"f04881c\" data-element_type=\"widget\" data-e-type=\"widget\" data-widget_type=\"heading.default\">\n\t\t\t\t<div class=\"elementor-widget-container\">\n\t\t\t\t\t<h4 class=\"elementor-heading-title elementor-size-default\">Qu'est-ce que le pari au casino ?<\/h4>\t\t\t\t<\/div>\n\t\t\t\t<\/div>\n\t\t\t\t<div class=\"elementor-element elementor-element-380aa18 elementor-widget elementor-widget-text-editor\" data-id=\"380aa18\" data-element_type=\"widget\" data-e-type=\"widget\" data-widget_type=\"text-editor.default\">\n\t\t\t\t<div class=\"elementor-widget-container\">\n\t\t\t\t\t\t\t\t\t<p>Le pari dans un casino est le processus qui consiste \u00e0 remplir les conditions d&rsquo;un bonus gratuit ou d&rsquo;un bonus g\u00e9n\u00e9ral de casino. Voici quelques exemples du fonctionnement des mises dans les casinos en ligne. Commen\u00e7ons par les 50 tours gratuits sans mise de PlayOJO. Les conditions g\u00e9n\u00e9rales stipulent que 50 tours sont offerts :     <\/p>\n<ul>\n<li>Un premier d\u00e9p\u00f4t qualifiant doit \u00eatre effectu\u00e9<\/li>\n<li>THOR &#8211; Machine \u00e0 sous \u00e0 utiliser uniquement avec des mises minimales de CAD$0.10<\/li>\n<li><a href=\"https:\/\/www.playojo.com\/en\/reward-policy\/?appName=PlayOJO\">Les conditions d&rsquo;utilisation s&rsquo;appliquent  <\/a><\/li>\n<\/ul>\n<p>Comme il n&rsquo;y a pas d&rsquo;exigence de mise, chacun des cinquante tours peut se transformer en gain d&rsquo;argent.  <\/p>\n<p><strong>Par exemple, pour une exigence de mise de 50 fois.<\/strong><\/p>\n<ul>\n<li>Un premier d\u00e9p\u00f4t qualifiant doit \u00eatre effectu\u00e9<\/li>\n<li>THOR &#8211; Machine \u00e0 sous \u00e0 utiliser uniquement avec des mises minimales de CAD$0.10<\/li>\n<li>Les conditions d&rsquo;utilisation s&rsquo;appliquent  <\/li>\n<li>Mise requise 50 fois<\/li>\n<\/ul>\n<p>Pour compl\u00e9ter les mises et pouvoir retirer les gains r\u00e9alis\u00e9s, le joueur doit miser 50 fois sur les gains.  <strong>Par exemple, le gain total des 50 tours gratuits est de 50 cr\u00e9dits. Un joueur doit miser 50 x 50 cr\u00e9dits = 250 cr\u00e9dits avec une ligne de cr\u00e9dit minimum de 0,10 \u20ac. <\/strong>  Les gains restants sont automatiquement convertis en argent r\u00e9el.<\/p>\n\t\t\t\t\t\t\t\t<\/div>\n\t\t\t\t<\/div>\n\t\t\t\t<div class=\"elementor-element elementor-element-859f500 elementor-widget elementor-widget-heading\" data-id=\"859f500\" data-element_type=\"widget\" data-e-type=\"widget\" data-widget_type=\"heading.default\">\n\t\t\t\t<div class=\"elementor-widget-container\">\n\t\t\t\t\t<h4 class=\"elementor-heading-title elementor-size-default\">Quels sont les avantages d'un bonus sans mise ?<\/h4>\t\t\t\t<\/div>\n\t\t\t\t<\/div>\n\t\t\t\t<div class=\"elementor-element elementor-element-ad45116 elementor-widget elementor-widget-text-editor\" data-id=\"ad45116\" data-element_type=\"widget\" data-e-type=\"widget\" data-widget_type=\"text-editor.default\">\n\t\t\t\t<div class=\"elementor-widget-container\">\n\t\t\t\t\t\t\t\t\t<p>L&rsquo;avantage d&rsquo;un bonus sans mise est qu&rsquo;il se transforme instantan\u00e9ment en argent r\u00e9el. Il n&rsquo;est pas tr\u00e8s courant et repr\u00e9sente un co\u00fbt consid\u00e9rable pour les casinos en ligne. Il est utilis\u00e9 \u00e0 des fins promotionnelles, par exemple pour les anniversaires, ou pour attirer de nouveaux joueurs.    <\/p>\n<p><strong><span style=\"text-decoration: underline;\">Avantages du bonus sans mise<\/span><\/strong><\/p>\n<p>Moins de risques pour les joueurs<\/p>\n<p>Gains instantan\u00e9s<\/p>\n<p><strong><span style=\"text-decoration: underline;\">Contra&rsquo;s pour l&rsquo;absence d&rsquo;exigences de mise<\/span><\/strong><\/p>\n<p>Les conditions g\u00e9n\u00e9rales li\u00e9es au bonus doivent \u00eatre lues au pr\u00e9alable.  <\/p>\n<p>Un d\u00e9p\u00f4t minimum est requis<\/p>\n<p>Le retrait est souvent li\u00e9 au processus KYC  <\/p>\n\t\t\t\t\t\t\t\t<\/div>\n\t\t\t\t<\/div>\n\t\t\t\t<\/div>\n\t\t\t\t<\/div>\n\t\t","protected":false},"excerpt":{"rendered":"<p>Les bonus des casinos sans mise au Canada ont de jolies cicatrices. Nous avons r\u00e9pertori\u00e9 pour vous une poign\u00e9e de ces bonus sans mise. Notre meilleur choix pour les bonus sans mise au Canada. 50 tours gratuits sans mise sur THOR &#8211; Jouez \u00e0 OJO Casino aujourd&rsquo;hui ! Jours Heures Proc\u00e8s-verbal Secondes R\u00e9clamez 50 tours [&hellip;]<\/p>\n","protected":false},"author":1,"featured_media":0,"parent":0,"menu_order":0,"comment_status":"closed","ping_status":"closed","template":"","meta":{"footnotes":""},"class_list":["post-6148","page","type-page","status-publish","hentry"],"blocksy_meta":[],"acf":[],"yoast_head":"<!-- This site is optimized with the Yoast SEO plugin v24.1 - https:\/\/yoast.com\/wordpress\/plugins\/seo\/ -->\n<title>No Wagering Casino Bonus Canada - casinoreturn<\/title>\n<meta name=\"description\" content=\"Les bonus de casino sans mise au Canada sont un excellent moyen d&#039;attirer de nouveaux joueurs. Ils sont renforc\u00e9s par des bonus sans d\u00e9p\u00f4t ou des tours gratuits sans d\u00e9p\u00f4t.\" \/>\n<meta name=\"robots\" content=\"index, follow, max-snippet:-1, max-image-preview:large, max-video-preview:-1\" \/>\n<link rel=\"canonical\" href=\"https:\/\/casinoreturn.com\/fr\/no-wagering-casino-bonus-canada\/\" \/>\n<meta property=\"og:locale\" content=\"fr_FR\" \/>\n<meta property=\"og:type\" content=\"article\" \/>\n<meta property=\"og:title\" content=\"No Wagering Casino Bonus Canada - casinoreturn\" \/>\n<meta property=\"og:description\" content=\"Les bonus de casino sans mise au Canada sont un excellent moyen d&#039;attirer de nouveaux joueurs. Ils sont renforc\u00e9s par des bonus sans d\u00e9p\u00f4t ou des tours gratuits sans d\u00e9p\u00f4t.\" \/>\n<meta property=\"og:url\" content=\"https:\/\/casinoreturn.com\/fr\/no-wagering-casino-bonus-canada\/\" \/>\n<meta property=\"og:site_name\" content=\"casinoreturn\" \/>\n<meta property=\"article:modified_time\" content=\"2024-12-20T00:41:43+00:00\" \/>\n<meta property=\"og:image\" content=\"https:\/\/casinoreturn.com\/wp-content\/uploads\/2024\/11\/No-Wagering-Casino-Bonuses.png\" \/>\n\t<meta property=\"og:image:width\" content=\"300\" \/>\n\t<meta property=\"og:image:height\" content=\"300\" \/>\n\t<meta property=\"og:image:type\" content=\"image\/png\" \/>\n<meta name=\"twitter:card\" content=\"summary_large_image\" \/>\n<meta name=\"twitter:label1\" content=\"Dur\u00e9e de lecture estim\u00e9e\" \/>\n\t<meta name=\"twitter:data1\" content=\"2 minutes\" \/>\n<script type=\"application\/ld+json\" class=\"yoast-schema-graph\">{\"@context\":\"https:\/\/schema.org\",\"@graph\":[{\"@type\":\"WebPage\",\"@id\":\"https:\/\/casinoreturn.com\/fr\/no-wagering-casino-bonus-canada\/\",\"url\":\"https:\/\/casinoreturn.com\/fr\/no-wagering-casino-bonus-canada\/\",\"name\":\"No Wagering Casino Bonus Canada - casinoreturn\",\"isPartOf\":{\"@id\":\"https:\/\/casinoreturn.com\/#website\"},\"primaryImageOfPage\":{\"@id\":\"https:\/\/casinoreturn.com\/fr\/no-wagering-casino-bonus-canada\/#primaryimage\"},\"image\":{\"@id\":\"https:\/\/casinoreturn.com\/fr\/no-wagering-casino-bonus-canada\/#primaryimage\"},\"thumbnailUrl\":\"https:\/\/casinoreturn.com\/wp-content\/uploads\/2024\/11\/No-Wagering-Casino-Bonuses.png\",\"datePublished\":\"2024-11-12T22:30:29+00:00\",\"dateModified\":\"2024-12-20T00:41:43+00:00\",\"description\":\"Les bonus de casino sans mise au Canada sont un excellent moyen d'attirer de nouveaux joueurs. Ils sont renforc\u00e9s par des bonus sans d\u00e9p\u00f4t ou des tours gratuits sans d\u00e9p\u00f4t.\",\"breadcrumb\":{\"@id\":\"https:\/\/casinoreturn.com\/fr\/no-wagering-casino-bonus-canada\/#breadcrumb\"},\"inLanguage\":\"fr-FR\",\"potentialAction\":[{\"@type\":\"ReadAction\",\"target\":[\"https:\/\/casinoreturn.com\/fr\/no-wagering-casino-bonus-canada\/\"]}]},{\"@type\":\"ImageObject\",\"inLanguage\":\"fr-FR\",\"@id\":\"https:\/\/casinoreturn.com\/fr\/no-wagering-casino-bonus-canada\/#primaryimage\",\"url\":\"https:\/\/casinoreturn.com\/wp-content\/uploads\/2024\/11\/No-Wagering-Casino-Bonuses.png\",\"contentUrl\":\"https:\/\/casinoreturn.com\/wp-content\/uploads\/2024\/11\/No-Wagering-Casino-Bonuses.png\"},{\"@type\":\"BreadcrumbList\",\"@id\":\"https:\/\/casinoreturn.com\/fr\/no-wagering-casino-bonus-canada\/#breadcrumb\",\"itemListElement\":[{\"@type\":\"ListItem\",\"position\":1,\"name\":\"Home\",\"item\":\"https:\/\/casinoreturn.com\/fr\/home\/\"},{\"@type\":\"ListItem\",\"position\":2,\"name\":\"No Wagering Casino Bonus Canada\"}]},{\"@type\":\"WebSite\",\"@id\":\"https:\/\/casinoreturn.com\/#website\",\"url\":\"https:\/\/casinoreturn.com\/\",\"name\":\"casinoreturn\",\"description\":\"\",\"publisher\":{\"@id\":\"https:\/\/casinoreturn.com\/#organization\"},\"potentialAction\":[{\"@type\":\"SearchAction\",\"target\":{\"@type\":\"EntryPoint\",\"urlTemplate\":\"https:\/\/casinoreturn.com\/?s={search_term_string}\"},\"query-input\":{\"@type\":\"PropertyValueSpecification\",\"valueRequired\":true,\"valueName\":\"search_term_string\"}}],\"inLanguage\":\"fr-FR\"},{\"@type\":\"Organization\",\"@id\":\"https:\/\/casinoreturn.com\/#organization\",\"name\":\"casinoreturn\",\"url\":\"https:\/\/casinoreturn.com\/\",\"logo\":{\"@type\":\"ImageObject\",\"inLanguage\":\"fr-FR\",\"@id\":\"https:\/\/casinoreturn.com\/#\/schema\/logo\/image\/\",\"url\":\"https:\/\/casinoreturn.com\/wp-content\/uploads\/2024\/09\/animal-favicon.png\",\"contentUrl\":\"https:\/\/casinoreturn.com\/wp-content\/uploads\/2024\/09\/animal-favicon.png\",\"width\":92,\"height\":92,\"caption\":\"casinoreturn\"},\"image\":{\"@id\":\"https:\/\/casinoreturn.com\/#\/schema\/logo\/image\/\"}}]}<\/script>\n<!-- \/ Yoast SEO plugin. -->","yoast_head_json":{"title":"No Wagering Casino Bonus Canada - casinoreturn","description":"Les bonus de casino sans mise au Canada sont un excellent moyen d'attirer de nouveaux joueurs. Ils sont renforc\u00e9s par des bonus sans d\u00e9p\u00f4t ou des tours gratuits sans d\u00e9p\u00f4t.","robots":{"index":"index","follow":"follow","max-snippet":"max-snippet:-1","max-image-preview":"max-image-preview:large","max-video-preview":"max-video-preview:-1"},"canonical":"https:\/\/casinoreturn.com\/fr\/no-wagering-casino-bonus-canada\/","og_locale":"fr_FR","og_type":"article","og_title":"No Wagering Casino Bonus Canada - casinoreturn","og_description":"Les bonus de casino sans mise au Canada sont un excellent moyen d'attirer de nouveaux joueurs. Ils sont renforc\u00e9s par des bonus sans d\u00e9p\u00f4t ou des tours gratuits sans d\u00e9p\u00f4t.","og_url":"https:\/\/casinoreturn.com\/fr\/no-wagering-casino-bonus-canada\/","og_site_name":"casinoreturn","article_modified_time":"2024-12-20T00:41:43+00:00","og_image":[{"width":300,"height":300,"url":"https:\/\/casinoreturn.com\/wp-content\/uploads\/2024\/11\/No-Wagering-Casino-Bonuses.png","type":"image\/png"}],"twitter_card":"summary_large_image","twitter_misc":{"Dur\u00e9e de lecture estim\u00e9e":"2 minutes"},"schema":{"@context":"https:\/\/schema.org","@graph":[{"@type":"WebPage","@id":"https:\/\/casinoreturn.com\/fr\/no-wagering-casino-bonus-canada\/","url":"https:\/\/casinoreturn.com\/fr\/no-wagering-casino-bonus-canada\/","name":"No Wagering Casino Bonus Canada - casinoreturn","isPartOf":{"@id":"https:\/\/casinoreturn.com\/#website"},"primaryImageOfPage":{"@id":"https:\/\/casinoreturn.com\/fr\/no-wagering-casino-bonus-canada\/#primaryimage"},"image":{"@id":"https:\/\/casinoreturn.com\/fr\/no-wagering-casino-bonus-canada\/#primaryimage"},"thumbnailUrl":"https:\/\/casinoreturn.com\/wp-content\/uploads\/2024\/11\/No-Wagering-Casino-Bonuses.png","datePublished":"2024-11-12T22:30:29+00:00","dateModified":"2024-12-20T00:41:43+00:00","description":"Les bonus de casino sans mise au Canada sont un excellent moyen d'attirer de nouveaux joueurs. Ils sont renforc\u00e9s par des bonus sans d\u00e9p\u00f4t ou des tours gratuits sans d\u00e9p\u00f4t.","breadcrumb":{"@id":"https:\/\/casinoreturn.com\/fr\/no-wagering-casino-bonus-canada\/#breadcrumb"},"inLanguage":"fr-FR","potentialAction":[{"@type":"ReadAction","target":["https:\/\/casinoreturn.com\/fr\/no-wagering-casino-bonus-canada\/"]}]},{"@type":"ImageObject","inLanguage":"fr-FR","@id":"https:\/\/casinoreturn.com\/fr\/no-wagering-casino-bonus-canada\/#primaryimage","url":"https:\/\/casinoreturn.com\/wp-content\/uploads\/2024\/11\/No-Wagering-Casino-Bonuses.png","contentUrl":"https:\/\/casinoreturn.com\/wp-content\/uploads\/2024\/11\/No-Wagering-Casino-Bonuses.png"},{"@type":"BreadcrumbList","@id":"https:\/\/casinoreturn.com\/fr\/no-wagering-casino-bonus-canada\/#breadcrumb","itemListElement":[{"@type":"ListItem","position":1,"name":"Home","item":"https:\/\/casinoreturn.com\/fr\/home\/"},{"@type":"ListItem","position":2,"name":"No Wagering Casino Bonus Canada"}]},{"@type":"WebSite","@id":"https:\/\/casinoreturn.com\/#website","url":"https:\/\/casinoreturn.com\/","name":"casinoreturn","description":"","publisher":{"@id":"https:\/\/casinoreturn.com\/#organization"},"potentialAction":[{"@type":"SearchAction","target":{"@type":"EntryPoint","urlTemplate":"https:\/\/casinoreturn.com\/?s={search_term_string}"},"query-input":{"@type":"PropertyValueSpecification","valueRequired":true,"valueName":"search_term_string"}}],"inLanguage":"fr-FR"},{"@type":"Organization","@id":"https:\/\/casinoreturn.com\/#organization","name":"casinoreturn","url":"https:\/\/casinoreturn.com\/","logo":{"@type":"ImageObject","inLanguage":"fr-FR","@id":"https:\/\/casinoreturn.com\/#\/schema\/logo\/image\/","url":"https:\/\/casinoreturn.com\/wp-content\/uploads\/2024\/09\/animal-favicon.png","contentUrl":"https:\/\/casinoreturn.com\/wp-content\/uploads\/2024\/09\/animal-favicon.png","width":92,"height":92,"caption":"casinoreturn"},"image":{"@id":"https:\/\/casinoreturn.com\/#\/schema\/logo\/image\/"}}]}},"_links":{"self":[{"href":"https:\/\/casinoreturn.com\/fr\/wp-json\/wp\/v2\/pages\/6148","targetHints":{"allow":["GET"]}}],"collection":[{"href":"https:\/\/casinoreturn.com\/fr\/wp-json\/wp\/v2\/pages"}],"about":[{"href":"https:\/\/casinoreturn.com\/fr\/wp-json\/wp\/v2\/types\/page"}],"author":[{"embeddable":true,"href":"https:\/\/casinoreturn.com\/fr\/wp-json\/wp\/v2\/users\/1"}],"replies":[{"embeddable":true,"href":"https:\/\/casinoreturn.com\/fr\/wp-json\/wp\/v2\/comments?post=6148"}],"version-history":[{"count":1,"href":"https:\/\/casinoreturn.com\/fr\/wp-json\/wp\/v2\/pages\/6148\/revisions"}],"predecessor-version":[{"id":6149,"href":"https:\/\/casinoreturn.com\/fr\/wp-json\/wp\/v2\/pages\/6148\/revisions\/6149"}],"wp:attachment":[{"href":"https:\/\/casinoreturn.com\/fr\/wp-json\/wp\/v2\/media?parent=6148"}],"curies":[{"name":"wp","href":"https:\/\/api.w.org\/{rel}","templated":true}]}}