{"id":7905,"date":"2024-11-11T14:31:40","date_gmt":"2024-11-11T14:31:40","guid":{"rendered":"https:\/\/casinoreturn.com\/casinos-de-lontario-canada\/"},"modified":"2025-03-13T17:08:59","modified_gmt":"2025-03-13T17:08:59","slug":"casinos-de-lontario-canada","status":"publish","type":"page","link":"https:\/\/casinoreturn.com\/fr\/casinos-de-lontario-canada\/","title":{"rendered":"Casinos de l&rsquo;Ontario Canada"},"content":{"rendered":"\t\t<div data-elementor-type=\"wp-page\" data-elementor-id=\"7905\" class=\"elementor elementor-7905\" data-elementor-post-type=\"page\">\n\t\t\t\t<div class=\"elementor-element elementor-element-0319f61 e-con-full e-flex e-con e-parent\" data-id=\"0319f61\" data-element_type=\"container\">\n\t\t\t\t<div class=\"elementor-element elementor-element-c9a4faf elementor-widget elementor-widget-heading\" data-id=\"c9a4faf\" data-element_type=\"widget\" data-widget_type=\"heading.default\">\n\t\t\t\t<div class=\"elementor-widget-container\">\n\t\t\t\t\t<h3 class=\"elementor-heading-title elementor-size-default\">Ontario Casinos Canada - Ce que vous devez savoir<\/h3>\t\t\t\t<\/div>\n\t\t\t\t<\/div>\n\t\t\t\t<div class=\"elementor-element elementor-element-69ae674 elementor-widget elementor-widget-text-editor\" data-id=\"69ae674\" data-element_type=\"widget\" data-widget_type=\"text-editor.default\">\n\t\t\t\t<div class=\"elementor-widget-container\">\n\t\t\t\t\t\t\t\t\t<p>Autorit\u00e9 de r\u00e9gulation des jeux de hasard de l&rsquo;Ontario et ses r\u00e8glements. AGCO, OLG et iGaming Ontario <\/p>\n<ol>\n<li>Qu&rsquo;est-ce que l&rsquo;AGCO ? AGCO est l&rsquo;acronyme de Alcohol and Gaming Commission of Ontario (Commission des alcools et des jeux de hasard de l&rsquo;Ontario), l&rsquo;organisme de r\u00e9glementation qui supervise l&rsquo;alcool, les jeux de hasard et les courses. <\/li>\n<li>Qu&rsquo;est-ce que l&rsquo;OLG ? La Soci\u00e9t\u00e9 des loteries et jeux de l&rsquo;Ontario est responsable des casinos et des loteries terrestres. <\/li>\n<li>Qu&rsquo;est-ce que iGaming Ontario ? Organisation charg\u00e9e de superviser les licences et les l\u00e9galit\u00e9s en Ontario. <\/li>\n<\/ol>\n\t\t\t\t\t\t\t\t<\/div>\n\t\t\t\t<\/div>\n\t\t\t\t<div class=\"elementor-element elementor-element-4bf69de elementor-button-success elementor-align-center elementor-widget elementor-widget-button\" data-id=\"4bf69de\" data-element_type=\"widget\" data-widget_type=\"button.default\">\n\t\t\t\t<div class=\"elementor-widget-container\">\n\t\t\t\t\t\t\t\t\t<div class=\"elementor-button-wrapper\">\n\t\t\t\t\t<a class=\"elementor-button elementor-button-link elementor-size-sm\" href=\"https:\/\/casinoreturn.com\/fr\/casinos-de-lontario-canada\/#topten\">\n\t\t\t\t\t\t<span class=\"elementor-button-content-wrapper\">\n\t\t\t\t\t\t\t\t\t<span class=\"elementor-button-text\">Les 10 meilleurs casinos de l'Ontario - Casinos autoris\u00e9s de l'Ontario<\/span>\n\t\t\t\t\t<\/span>\n\t\t\t\t\t<\/a>\n\t\t\t\t<\/div>\n\t\t\t\t\t\t\t\t<\/div>\n\t\t\t\t<\/div>\n\t\t\t\t<div class=\"elementor-element elementor-element-9081e7f elementor-button-success elementor-align-center elementor-widget elementor-widget-button\" data-id=\"9081e7f\" data-element_type=\"widget\" data-widget_type=\"button.default\">\n\t\t\t\t<div class=\"elementor-widget-container\">\n\t\t\t\t\t\t\t\t\t<div class=\"elementor-button-wrapper\">\n\t\t\t\t\t<a class=\"elementor-button elementor-button-link elementor-size-sm\" href=\"https:\/\/casinoreturn.com\/fr\/casino-du-canada\/\">\n\t\t\t\t\t\t<span class=\"elementor-button-content-wrapper\">\n\t\t\t\t\t\t\t\t\t<span class=\"elementor-button-text\">Canada Casino - paris sportifs et alternatives aux casinos en ligne<\/span>\n\t\t\t\t\t<\/span>\n\t\t\t\t\t<\/a>\n\t\t\t\t<\/div>\n\t\t\t\t\t\t\t\t<\/div>\n\t\t\t\t<\/div>\n\t\t\t\t<div class=\"elementor-element elementor-element-6f15be7 elementor-widget elementor-widget-image\" data-id=\"6f15be7\" data-element_type=\"widget\" data-widget_type=\"image.default\">\n\t\t\t\t<div class=\"elementor-widget-container\">\n\t\t\t\t\t\t\t\t\t\t\t\t\t\t\t<img fetchpriority=\"high\" decoding=\"async\" width=\"548\" height=\"300\" src=\"https:\/\/casinoreturn.com\/wp-content\/uploads\/2024\/12\/Alcohol-and-Gaming-Commission-of-Ontario.jpg\" class=\"attachment-large size-large wp-image-6360\" alt=\"Alcohol-and-Gaming-Commission-of-Ontario\" srcset=\"https:\/\/casinoreturn.com\/wp-content\/uploads\/2024\/12\/Alcohol-and-Gaming-Commission-of-Ontario.jpg 548w, https:\/\/casinoreturn.com\/wp-content\/uploads\/2024\/12\/Alcohol-and-Gaming-Commission-of-Ontario-300x164.jpg 300w\" sizes=\"(max-width: 548px) 100vw, 548px\" \/>\t\t\t\t\t\t\t\t\t\t\t\t\t\t\t<\/div>\n\t\t\t\t<\/div>\n\t\t\t\t<div class=\"elementor-element elementor-element-336ae12 elementor-widget elementor-widget-heading\" data-id=\"336ae12\" data-element_type=\"widget\" id=\"who\" data-widget_type=\"heading.default\">\n\t\t\t\t<div class=\"elementor-widget-container\">\n\t\t\t\t\t<h3 class=\"elementor-heading-title elementor-size-default\">Qui peut jouer dans les casinos de l'Ontario ?<\/h3>\t\t\t\t<\/div>\n\t\t\t\t<\/div>\n\t\t\t\t<div class=\"elementor-element elementor-element-6cea1ba elementor-widget elementor-widget-text-editor\" data-id=\"6cea1ba\" data-element_type=\"widget\" data-widget_type=\"text-editor.default\">\n\t\t\t\t<div class=\"elementor-widget-container\">\n\t\t\t\t\t\t\t\t\t<p>Les joueurs des casinos de l&rsquo;Ontario doivent fournir une pi\u00e8ce d&rsquo;identit\u00e9 l\u00e9gale. Ils doivent \u00eatre \u00e2g\u00e9s de plus de 19 ans. Ils doivent r\u00e9sider dans la province de l&rsquo;Ontario. Un processus KYC strict est une exigence l\u00e9gale pour l&rsquo;exploitation des casinos en ligne de l&rsquo;Ontario. La g\u00e9olocalisation de la r\u00e9sidence doit \u00eatre fournie par les joueurs, ainsi que des documents l\u00e9gaux tels qu&rsquo;un justificatif de domicile, un justificatif des m\u00e9thodes de paiement en CAD$, une pi\u00e8ce d&rsquo;identit\u00e9 l\u00e9gale, une v\u00e9rification de l&rsquo;adresse \u00e9lectronique et du domicile.      <\/p>\n\t\t\t\t\t\t\t\t<\/div>\n\t\t\t\t<\/div>\n\t\t\t\t<div class=\"elementor-element elementor-element-8efa135 elementor-widget elementor-widget-heading\" data-id=\"8efa135\" data-element_type=\"widget\" data-widget_type=\"heading.default\">\n\t\t\t\t<div class=\"elementor-widget-container\">\n\t\t\t\t\t<h4 class=\"elementor-heading-title elementor-size-default\">Quels sont les modes de paiement accept\u00e9s dans les casinos en ligne de l'Ontario ?<\/h4>\t\t\t\t<\/div>\n\t\t\t\t<\/div>\n\t\t\t\t<div class=\"elementor-element elementor-element-9d2e2ad elementor-widget elementor-widget-text-editor\" data-id=\"9d2e2ad\" data-element_type=\"widget\" data-widget_type=\"text-editor.default\">\n\t\t\t\t<div class=\"elementor-widget-container\">\n\t\t\t\t\t\t\t\t\t<p>L&rsquo;Ontario a limit\u00e9 ses m\u00e9thodes de paiement et a exclu les crypto-monnaies. Il est essentiel de v\u00e9rifier d&rsquo;abord si le casino ontarien que vous avez choisi poss\u00e8de une licence ontarienne valide (cliquez sur le logo de la licence et v\u00e9rifiez le num\u00e9ro et la validation &#8211; les moutons noirs affichent une licence mais ne d\u00e9tiennent pas de licence valide).   <\/p>\n\t\t\t\t\t\t\t\t<\/div>\n\t\t\t\t<\/div>\n\t\t\t\t<div class=\"elementor-element elementor-element-7e6ad6e elementor-widget elementor-widget-text-editor\" data-id=\"7e6ad6e\" data-element_type=\"widget\" data-widget_type=\"text-editor.default\">\n\t\t\t\t<div class=\"elementor-widget-container\">\n\t\t\t\t\t\t\t\t\t<ul>\n<li>Portefeuilles \u00e9lectroniques<\/li>\n<li>Cartes de d\u00e9bit  <\/li>\n<li>Transferts via la banque en ligne<\/li>\n<li>Cartes pr\u00e9pay\u00e9es<\/li>\n<li><strong>Interac (le mode de paiement le plus populaire en Ontario)<\/strong><\/li>\n<li>Instadebit<\/li>\n<\/ul>\n\t\t\t\t\t\t\t\t<\/div>\n\t\t\t\t<\/div>\n\t\t\t\t<div class=\"elementor-element elementor-element-98ea00d elementor-widget elementor-widget-heading\" data-id=\"98ea00d\" data-element_type=\"widget\" data-widget_type=\"heading.default\">\n\t\t\t\t<div class=\"elementor-widget-container\">\n\t\t\t\t\t<h4 class=\"elementor-heading-title elementor-size-default\">Quels sont les jeux autoris\u00e9s dans les casinos de l'Ontario ?<\/h4>\t\t\t\t<\/div>\n\t\t\t\t<\/div>\n\t\t\t\t<div class=\"elementor-element elementor-element-f8e0ae3 elementor-widget elementor-widget-text-editor\" data-id=\"f8e0ae3\" data-element_type=\"widget\" data-widget_type=\"text-editor.default\">\n\t\t\t\t<div class=\"elementor-widget-container\">\n\t\t\t\t\t\t\t\t\t<p>Jeux autoris\u00e9s l\u00e9galement en Ontario :<\/p>\n<ul>\n<li>Casino et machines \u00e0 sous  <\/li>\n<li>Paris sportifs et paris sur les courses<\/li>\n<li>Loterie  <\/li>\n<li>Bingo<\/li>\n<\/ul>\n\t\t\t\t\t\t\t\t<\/div>\n\t\t\t\t<\/div>\n\t\t\t\t<div class=\"elementor-element elementor-element-67a6ce0 elementor-widget elementor-widget-heading\" data-id=\"67a6ce0\" data-element_type=\"widget\" id=\"topten\" data-widget_type=\"heading.default\">\n\t\t\t\t<div class=\"elementor-widget-container\">\n\t\t\t\t\t<h4 class=\"elementor-heading-title elementor-size-default\">Les 10 meilleurs casinos de l'Ontario - Casinos autoris\u00e9s de l'Ontario<\/h4>\t\t\t\t<\/div>\n\t\t\t\t<\/div>\n\t\t<div class=\"elementor-element elementor-element-3d369fc e-flex e-con-boxed e-con e-child\" data-id=\"3d369fc\" data-element_type=\"container\" data-settings=\"{&quot;background_background&quot;:&quot;classic&quot;}\">\n\t\t\t\t\t<div class=\"e-con-inner\">\n\t\t\t\t<div class=\"elementor-element elementor-element-ce9e79b elementor-widget elementor-widget-image\" data-id=\"ce9e79b\" data-element_type=\"widget\" data-widget_type=\"image.default\">\n\t\t\t\t<div class=\"elementor-widget-container\">\n\t\t\t\t\t\t\t\t\t\t\t\t\t\t\t\t<a href=\"https:\/\/site.knightslots.com\/index.php?aname=slotstarscookiedough\" target=\"_blank\" rel=\"nofollow\">\n\t\t\t\t\t\t\t<img decoding=\"async\" src=\"https:\/\/casinoreturn.com\/wp-content\/uploads\/elementor\/thumbs\/knight-slots-casino-r2snv7434tcarz5s9r23sgqpqwcr7hq6i81txtjtms.png\" title=\"knight slots casino\" alt=\"knight slots casino\" loading=\"lazy\" \/>\t\t\t\t\t\t\t\t<\/a>\n\t\t\t\t\t\t\t\t\t\t\t\t\t\t\t<\/div>\n\t\t\t\t<\/div>\n\t\t\t\t<div class=\"elementor-element elementor-element-4985015 elementor-widget elementor-widget-heading\" data-id=\"4985015\" data-element_type=\"widget\" data-widget_type=\"heading.default\">\n\t\t\t\t<div class=\"elementor-widget-container\">\n\t\t\t\t\t<h4 class=\"elementor-heading-title elementor-size-default\"><a href=\"https:\/\/site.knightslots.com\/index.php?aname=slotstarscookiedough\" target=\"_blank\" rel=\"nofollow\">Knight Slots Casino Ontario<\/a><\/h4>\t\t\t\t<\/div>\n\t\t\t\t<\/div>\n\t\t\t\t<div class=\"elementor-element elementor-element-414ba18 elementor-widget elementor-widget-text-editor\" data-id=\"414ba18\" data-element_type=\"widget\" data-widget_type=\"text-editor.default\">\n\t\t\t\t<div class=\"elementor-widget-container\">\n\t\t\t\t\t\t\t\t\t<ul>\n<li>Licence de jeu de l&rsquo;Ontario<\/li>\n<li>100 % de bonus de bienvenue au casino jusqu&rsquo;\u00e0 100 $CAN + 50 FS sur BOD<\/li>\n<li>Good Casino Bonus Wagering 30x  <\/li>\n<li>Facile \u00e0 naviguer sur mobile<\/li>\n<\/ul>\n\t\t\t\t\t\t\t\t<\/div>\n\t\t\t\t<\/div>\n\t\t\t\t<div class=\"elementor-element elementor-element-1add6c2 elementor-button-success elementor-align-center elementor-widget elementor-widget-button\" data-id=\"1add6c2\" data-element_type=\"widget\" data-widget_type=\"button.default\">\n\t\t\t\t<div class=\"elementor-widget-container\">\n\t\t\t\t\t\t\t\t\t<div class=\"elementor-button-wrapper\">\n\t\t\t\t\t<a class=\"elementor-button elementor-button-link elementor-size-sm\" href=\"https:\/\/site.knightslots.com\/index.php?aname=slotstarscookiedough\" target=\"_blank\" rel=\"nofollow\">\n\t\t\t\t\t\t<span class=\"elementor-button-content-wrapper\">\n\t\t\t\t\t\t\t\t\t<span class=\"elementor-button-text\">R\u00e9clamer le bonus<\/span>\n\t\t\t\t\t<\/span>\n\t\t\t\t\t<\/a>\n\t\t\t\t<\/div>\n\t\t\t\t\t\t\t\t<\/div>\n\t\t\t\t<\/div>\n\t\t\t\t\t<\/div>\n\t\t\t\t<\/div>\n\t\t<div class=\"elementor-element elementor-element-069cd3c e-flex e-con-boxed e-con e-child\" data-id=\"069cd3c\" data-element_type=\"container\" data-settings=\"{&quot;background_background&quot;:&quot;classic&quot;}\">\n\t\t\t\t\t<div class=\"e-con-inner\">\n\t\t\t\t<div class=\"elementor-element elementor-element-d13329e elementor-widget elementor-widget-image\" data-id=\"d13329e\" data-element_type=\"widget\" data-widget_type=\"image.default\">\n\t\t\t\t<div class=\"elementor-widget-container\">\n\t\t\t\t\t\t\t\t\t\t\t\t\t\t\t<img decoding=\"async\" src=\"https:\/\/casinoreturn.com\/wp-content\/uploads\/elementor\/thumbs\/TonyBet-Sports-Betting-r1eg3fpu53a27qlbupycfxl1sclsvc5hnnnlt3cuhs.jpg\" title=\"TonyBet Sports Betting\" alt=\"TonyBet Sports Betting\" loading=\"lazy\" \/>\t\t\t\t\t\t\t\t\t\t\t\t\t\t\t<\/div>\n\t\t\t\t<\/div>\n\t\t\t\t<div class=\"elementor-element elementor-element-583b62f elementor-widget elementor-widget-heading\" data-id=\"583b62f\" data-element_type=\"widget\" data-widget_type=\"heading.default\">\n\t\t\t\t<div class=\"elementor-widget-container\">\n\t\t\t\t\t<h4 class=\"elementor-heading-title elementor-size-default\">ToniBet Casino et paris sportifs Ontario<\/h4>\t\t\t\t<\/div>\n\t\t\t\t<\/div>\n\t\t\t\t<div class=\"elementor-element elementor-element-16861cd elementor-widget elementor-widget-text-editor\" data-id=\"16861cd\" data-element_type=\"widget\" data-widget_type=\"text-editor.default\">\n\t\t\t\t<div class=\"elementor-widget-container\">\n\t\t\t\t\t\t\t\t\t<ul>\n<li>Licence de jeu de l&rsquo;Ontario<\/li>\n<li>100% de Bonus de Bienvenue au Casino jusqu&rsquo;\u00e0 C$350 + 50 FS sur BOD<\/li>\n<li>Good Casino Bonus Wagering 30x  <\/li>\n<li>Facile \u00e0 naviguer sur mobile<\/li>\n<\/ul>\n\t\t\t\t\t\t\t\t<\/div>\n\t\t\t\t<\/div>\n\t\t\t\t<div class=\"elementor-element elementor-element-71fba47 elementor-button-success elementor-align-center elementor-widget elementor-widget-button\" data-id=\"71fba47\" data-element_type=\"widget\" data-widget_type=\"button.default\">\n\t\t\t\t<div class=\"elementor-widget-container\">\n\t\t\t\t\t\t\t\t\t<div class=\"elementor-button-wrapper\">\n\t\t\t\t\t<a class=\"elementor-button elementor-size-sm\" role=\"button\">\n\t\t\t\t\t\t<span class=\"elementor-button-content-wrapper\">\n\t\t\t\t\t\t\t\t\t<span class=\"elementor-button-text\">R\u00e9clamer le bonus<\/span>\n\t\t\t\t\t<\/span>\n\t\t\t\t\t<\/a>\n\t\t\t\t<\/div>\n\t\t\t\t\t\t\t\t<\/div>\n\t\t\t\t<\/div>\n\t\t\t\t\t<\/div>\n\t\t\t\t<\/div>\n\t\t\t\t<\/div>\n\t\t<div class=\"elementor-element elementor-element-2cd1199 e-flex e-con-boxed e-con e-parent\" data-id=\"2cd1199\" data-element_type=\"container\">\n\t\t\t\t\t<div class=\"e-con-inner\">\n\t\t\t\t<div class=\"elementor-element elementor-element-87de80c elementor-widget elementor-widget-video\" data-id=\"87de80c\" data-element_type=\"widget\" data-settings=\"{&quot;youtube_url&quot;:&quot;https:\\\/\\\/www.youtube.com\\\/watch?v=XHOmBV4js_E&quot;,&quot;video_type&quot;:&quot;youtube&quot;,&quot;controls&quot;:&quot;yes&quot;}\" data-widget_type=\"video.default\">\n\t\t\t\t<div class=\"elementor-widget-container\">\n\t\t\t\t\t\t\t<div class=\"elementor-wrapper elementor-open-inline\">\n\t\t\t<div class=\"elementor-video\"><\/div>\t\t<\/div>\n\t\t\t\t\t\t<\/div>\n\t\t\t\t<\/div>\n\t\t\t\t\t<\/div>\n\t\t\t\t<\/div>\n\t\t\t\t<\/div>\n\t\t","protected":false},"excerpt":{"rendered":"<p>Ontario Casinos Canada &#8211; Ce que vous devez savoir Autorit\u00e9 de r\u00e9gulation des jeux de hasard de l&rsquo;Ontario et ses r\u00e8glements. AGCO, OLG et iGaming Ontario Qu&rsquo;est-ce que l&rsquo;AGCO ? AGCO est l&rsquo;acronyme de Alcohol and Gaming Commission of Ontario (Commission des alcools et des jeux de hasard de l&rsquo;Ontario), l&rsquo;organisme de r\u00e9glementation qui supervise [&hellip;]<\/p>\n","protected":false},"author":1,"featured_media":0,"parent":0,"menu_order":0,"comment_status":"closed","ping_status":"closed","template":"","meta":{"footnotes":""},"class_list":["post-7905","page","type-page","status-publish","hentry"],"blocksy_meta":[],"acf":[],"yoast_head":"<!-- This site is optimized with the Yoast SEO plugin v24.1 - https:\/\/yoast.com\/wordpress\/plugins\/seo\/ -->\n<title>Casinos de l&#039;Ontario Canada - casinoreturn<\/title>\n<meta name=\"description\" content=\"Ontario Casinos Canada dispose d&#039;une liste de casinos en ligne titulaires d&#039;une licence de casino de l&#039;Ontario. D\u00e9couvrez qui est qui en Ontario ?\" \/>\n<meta name=\"robots\" content=\"index, follow, max-snippet:-1, max-image-preview:large, max-video-preview:-1\" \/>\n<link rel=\"canonical\" href=\"https:\/\/casinoreturn.com\/fr\/casinos-de-lontario-canada\/\" \/>\n<meta property=\"og:locale\" content=\"fr_FR\" \/>\n<meta property=\"og:type\" content=\"article\" \/>\n<meta property=\"og:title\" content=\"Casinos de l&#039;Ontario Canada - casinoreturn\" \/>\n<meta property=\"og:description\" content=\"Ontario Casinos Canada dispose d&#039;une liste de casinos en ligne titulaires d&#039;une licence de casino de l&#039;Ontario. D\u00e9couvrez qui est qui en Ontario ?\" \/>\n<meta property=\"og:url\" content=\"https:\/\/casinoreturn.com\/fr\/casinos-de-lontario-canada\/\" \/>\n<meta property=\"og:site_name\" content=\"casinoreturn\" \/>\n<meta property=\"article:modified_time\" content=\"2025-03-13T17:08:59+00:00\" \/>\n<meta property=\"og:image\" content=\"https:\/\/casinoreturn.com\/wp-content\/uploads\/2024\/12\/Alcohol-and-Gaming-Commission-of-Ontario.jpg\" \/>\n\t<meta property=\"og:image:width\" content=\"548\" \/>\n\t<meta property=\"og:image:height\" content=\"300\" \/>\n\t<meta property=\"og:image:type\" content=\"image\/jpeg\" \/>\n<meta name=\"twitter:card\" content=\"summary_large_image\" \/>\n<meta name=\"twitter:label1\" content=\"Dur\u00e9e de lecture estim\u00e9e\" \/>\n\t<meta name=\"twitter:data1\" content=\"2 minutes\" \/>\n<script type=\"application\/ld+json\" class=\"yoast-schema-graph\">{\"@context\":\"https:\/\/schema.org\",\"@graph\":[{\"@type\":\"WebPage\",\"@id\":\"https:\/\/casinoreturn.com\/fr\/casinos-de-lontario-canada\/\",\"url\":\"https:\/\/casinoreturn.com\/fr\/casinos-de-lontario-canada\/\",\"name\":\"Casinos de l'Ontario Canada - casinoreturn\",\"isPartOf\":{\"@id\":\"https:\/\/casinoreturn.com\/#website\"},\"primaryImageOfPage\":{\"@id\":\"https:\/\/casinoreturn.com\/fr\/casinos-de-lontario-canada\/#primaryimage\"},\"image\":{\"@id\":\"https:\/\/casinoreturn.com\/fr\/casinos-de-lontario-canada\/#primaryimage\"},\"thumbnailUrl\":\"https:\/\/casinoreturn.com\/wp-content\/uploads\/2024\/12\/Alcohol-and-Gaming-Commission-of-Ontario.jpg\",\"datePublished\":\"2024-11-11T14:31:40+00:00\",\"dateModified\":\"2025-03-13T17:08:59+00:00\",\"description\":\"Ontario Casinos Canada dispose d'une liste de casinos en ligne titulaires d'une licence de casino de l'Ontario. D\u00e9couvrez qui est qui en Ontario ?\",\"breadcrumb\":{\"@id\":\"https:\/\/casinoreturn.com\/fr\/casinos-de-lontario-canada\/#breadcrumb\"},\"inLanguage\":\"fr-FR\",\"potentialAction\":[{\"@type\":\"ReadAction\",\"target\":[\"https:\/\/casinoreturn.com\/fr\/casinos-de-lontario-canada\/\"]}]},{\"@type\":\"ImageObject\",\"inLanguage\":\"fr-FR\",\"@id\":\"https:\/\/casinoreturn.com\/fr\/casinos-de-lontario-canada\/#primaryimage\",\"url\":\"https:\/\/casinoreturn.com\/wp-content\/uploads\/2024\/12\/Alcohol-and-Gaming-Commission-of-Ontario.jpg\",\"contentUrl\":\"https:\/\/casinoreturn.com\/wp-content\/uploads\/2024\/12\/Alcohol-and-Gaming-Commission-of-Ontario.jpg\"},{\"@type\":\"BreadcrumbList\",\"@id\":\"https:\/\/casinoreturn.com\/fr\/casinos-de-lontario-canada\/#breadcrumb\",\"itemListElement\":[{\"@type\":\"ListItem\",\"position\":1,\"name\":\"Home\",\"item\":\"https:\/\/casinoreturn.com\/fr\/home\/\"},{\"@type\":\"ListItem\",\"position\":2,\"name\":\"Casinos de l&rsquo;Ontario Canada\"}]},{\"@type\":\"WebSite\",\"@id\":\"https:\/\/casinoreturn.com\/#website\",\"url\":\"https:\/\/casinoreturn.com\/\",\"name\":\"casinoreturn\",\"description\":\"\",\"publisher\":{\"@id\":\"https:\/\/casinoreturn.com\/#organization\"},\"potentialAction\":[{\"@type\":\"SearchAction\",\"target\":{\"@type\":\"EntryPoint\",\"urlTemplate\":\"https:\/\/casinoreturn.com\/?s={search_term_string}\"},\"query-input\":{\"@type\":\"PropertyValueSpecification\",\"valueRequired\":true,\"valueName\":\"search_term_string\"}}],\"inLanguage\":\"fr-FR\"},{\"@type\":\"Organization\",\"@id\":\"https:\/\/casinoreturn.com\/#organization\",\"name\":\"casinoreturn\",\"url\":\"https:\/\/casinoreturn.com\/\",\"logo\":{\"@type\":\"ImageObject\",\"inLanguage\":\"fr-FR\",\"@id\":\"https:\/\/casinoreturn.com\/#\/schema\/logo\/image\/\",\"url\":\"https:\/\/casinoreturn.com\/wp-content\/uploads\/2024\/09\/animal-favicon.png\",\"contentUrl\":\"https:\/\/casinoreturn.com\/wp-content\/uploads\/2024\/09\/animal-favicon.png\",\"width\":92,\"height\":92,\"caption\":\"casinoreturn\"},\"image\":{\"@id\":\"https:\/\/casinoreturn.com\/#\/schema\/logo\/image\/\"}}]}<\/script>\n<!-- \/ Yoast SEO plugin. -->","yoast_head_json":{"title":"Casinos de l'Ontario Canada - casinoreturn","description":"Ontario Casinos Canada dispose d'une liste de casinos en ligne titulaires d'une licence de casino de l'Ontario. D\u00e9couvrez qui est qui en Ontario ?","robots":{"index":"index","follow":"follow","max-snippet":"max-snippet:-1","max-image-preview":"max-image-preview:large","max-video-preview":"max-video-preview:-1"},"canonical":"https:\/\/casinoreturn.com\/fr\/casinos-de-lontario-canada\/","og_locale":"fr_FR","og_type":"article","og_title":"Casinos de l'Ontario Canada - casinoreturn","og_description":"Ontario Casinos Canada dispose d'une liste de casinos en ligne titulaires d'une licence de casino de l'Ontario. D\u00e9couvrez qui est qui en Ontario ?","og_url":"https:\/\/casinoreturn.com\/fr\/casinos-de-lontario-canada\/","og_site_name":"casinoreturn","article_modified_time":"2025-03-13T17:08:59+00:00","og_image":[{"width":548,"height":300,"url":"https:\/\/casinoreturn.com\/wp-content\/uploads\/2024\/12\/Alcohol-and-Gaming-Commission-of-Ontario.jpg","type":"image\/jpeg"}],"twitter_card":"summary_large_image","twitter_misc":{"Dur\u00e9e de lecture estim\u00e9e":"2 minutes"},"schema":{"@context":"https:\/\/schema.org","@graph":[{"@type":"WebPage","@id":"https:\/\/casinoreturn.com\/fr\/casinos-de-lontario-canada\/","url":"https:\/\/casinoreturn.com\/fr\/casinos-de-lontario-canada\/","name":"Casinos de l'Ontario Canada - casinoreturn","isPartOf":{"@id":"https:\/\/casinoreturn.com\/#website"},"primaryImageOfPage":{"@id":"https:\/\/casinoreturn.com\/fr\/casinos-de-lontario-canada\/#primaryimage"},"image":{"@id":"https:\/\/casinoreturn.com\/fr\/casinos-de-lontario-canada\/#primaryimage"},"thumbnailUrl":"https:\/\/casinoreturn.com\/wp-content\/uploads\/2024\/12\/Alcohol-and-Gaming-Commission-of-Ontario.jpg","datePublished":"2024-11-11T14:31:40+00:00","dateModified":"2025-03-13T17:08:59+00:00","description":"Ontario Casinos Canada dispose d'une liste de casinos en ligne titulaires d'une licence de casino de l'Ontario. D\u00e9couvrez qui est qui en Ontario ?","breadcrumb":{"@id":"https:\/\/casinoreturn.com\/fr\/casinos-de-lontario-canada\/#breadcrumb"},"inLanguage":"fr-FR","potentialAction":[{"@type":"ReadAction","target":["https:\/\/casinoreturn.com\/fr\/casinos-de-lontario-canada\/"]}]},{"@type":"ImageObject","inLanguage":"fr-FR","@id":"https:\/\/casinoreturn.com\/fr\/casinos-de-lontario-canada\/#primaryimage","url":"https:\/\/casinoreturn.com\/wp-content\/uploads\/2024\/12\/Alcohol-and-Gaming-Commission-of-Ontario.jpg","contentUrl":"https:\/\/casinoreturn.com\/wp-content\/uploads\/2024\/12\/Alcohol-and-Gaming-Commission-of-Ontario.jpg"},{"@type":"BreadcrumbList","@id":"https:\/\/casinoreturn.com\/fr\/casinos-de-lontario-canada\/#breadcrumb","itemListElement":[{"@type":"ListItem","position":1,"name":"Home","item":"https:\/\/casinoreturn.com\/fr\/home\/"},{"@type":"ListItem","position":2,"name":"Casinos de l&rsquo;Ontario Canada"}]},{"@type":"WebSite","@id":"https:\/\/casinoreturn.com\/#website","url":"https:\/\/casinoreturn.com\/","name":"casinoreturn","description":"","publisher":{"@id":"https:\/\/casinoreturn.com\/#organization"},"potentialAction":[{"@type":"SearchAction","target":{"@type":"EntryPoint","urlTemplate":"https:\/\/casinoreturn.com\/?s={search_term_string}"},"query-input":{"@type":"PropertyValueSpecification","valueRequired":true,"valueName":"search_term_string"}}],"inLanguage":"fr-FR"},{"@type":"Organization","@id":"https:\/\/casinoreturn.com\/#organization","name":"casinoreturn","url":"https:\/\/casinoreturn.com\/","logo":{"@type":"ImageObject","inLanguage":"fr-FR","@id":"https:\/\/casinoreturn.com\/#\/schema\/logo\/image\/","url":"https:\/\/casinoreturn.com\/wp-content\/uploads\/2024\/09\/animal-favicon.png","contentUrl":"https:\/\/casinoreturn.com\/wp-content\/uploads\/2024\/09\/animal-favicon.png","width":92,"height":92,"caption":"casinoreturn"},"image":{"@id":"https:\/\/casinoreturn.com\/#\/schema\/logo\/image\/"}}]}},"_links":{"self":[{"href":"https:\/\/casinoreturn.com\/fr\/wp-json\/wp\/v2\/pages\/7905","targetHints":{"allow":["GET"]}}],"collection":[{"href":"https:\/\/casinoreturn.com\/fr\/wp-json\/wp\/v2\/pages"}],"about":[{"href":"https:\/\/casinoreturn.com\/fr\/wp-json\/wp\/v2\/types\/page"}],"author":[{"embeddable":true,"href":"https:\/\/casinoreturn.com\/fr\/wp-json\/wp\/v2\/users\/1"}],"replies":[{"embeddable":true,"href":"https:\/\/casinoreturn.com\/fr\/wp-json\/wp\/v2\/comments?post=7905"}],"version-history":[{"count":5,"href":"https:\/\/casinoreturn.com\/fr\/wp-json\/wp\/v2\/pages\/7905\/revisions"}],"predecessor-version":[{"id":11343,"href":"https:\/\/casinoreturn.com\/fr\/wp-json\/wp\/v2\/pages\/7905\/revisions\/11343"}],"wp:attachment":[{"href":"https:\/\/casinoreturn.com\/fr\/wp-json\/wp\/v2\/media?parent=7905"}],"curies":[{"name":"wp","href":"https:\/\/api.w.org\/{rel}","templated":true}]}}