{"id":12486,"date":"2024-09-10T11:38:04","date_gmt":"2024-09-10T11:38:04","guid":{"rendered":"https:\/\/casinoreturn.com\/datenschutzrichtlinie\/"},"modified":"2025-03-21T09:37:19","modified_gmt":"2025-03-21T09:37:19","slug":"datenschutzrichtlinie","status":"publish","type":"page","link":"https:\/\/casinoreturn.com\/hu\/datenschutzrichtlinie\/","title":{"rendered":"Datenschutzrichtlinie"},"content":{"rendered":"\t\t<div data-elementor-type=\"wp-page\" data-elementor-id=\"12486\" class=\"elementor elementor-12486\" data-elementor-post-type=\"page\">\n\t\t\t\t<div class=\"elementor-element elementor-element-1857f910 e-flex e-con-boxed e-con e-parent\" data-id=\"1857f910\" data-element_type=\"container\">\n\t\t\t\t\t<div class=\"e-con-inner\">\n\t\t\t\t<div class=\"elementor-element elementor-element-3d53ec11 elementor-widget elementor-widget-text-editor\" data-id=\"3d53ec11\" data-element_type=\"widget\" data-widget_type=\"text-editor.default\">\n\t\t\t\t<div class=\"elementor-widget-container\">\n\t\t\t\t\t\t\t\t\t<h2 class=\"wp-block-heading\">Kik vagyunk<\/h2>\n<p><b><a href=\"https:\/\/towerhouseaffiliates.net\/\">Tower House le\u00e1nyv\u00e1llalatok<\/a><\/b><\/p>\n<h2 class=\"wp-block-heading\">Megjegyz\u00e9sek<\/h2>\n<p>Amikor a l\u00e1togat\u00f3k megjegyz\u00e9seket hagynak a webhelyen, a spamek felder\u00edt\u00e9se \u00e9rdek\u00e9ben \u00f6sszegy\u0171jtj\u00fck a megjegyz\u00e9s \u0171rlapon megjelen\u0151 adatokat, a l\u00e1togat\u00f3 IP-c\u00edm\u00e9t \u00e9s a b\u00f6ng\u00e9sz\u0151 user agent stringj\u00e9t.<\/p>\n<p>Az \u00d6n e-mail c\u00edm\u00e9b\u0151l l\u00e9trehozott anonimiz\u00e1lt karakterl\u00e1ncot (m\u00e1s n\u00e9ven hash-t) a Gravatar szolg\u00e1ltat\u00e1snak meg lehet adni, hogy l\u00e1ssa, haszn\u00e1lja-e azt. A Gravatar szolg\u00e1ltat\u00e1s adatv\u00e9delmi szab\u00e1lyzata itt \u00e9rhet\u0151 el: https:\/\/automattic.com\/privacy\/. A hozz\u00e1sz\u00f3l\u00e1s j\u00f3v\u00e1hagy\u00e1sa ut\u00e1n az \u00d6n profilk\u00e9pe a nyilv\u00e1noss\u00e1g sz\u00e1m\u00e1ra a hozz\u00e1sz\u00f3l\u00e1s\u00e1val \u00f6sszef\u00fcgg\u00e9sben l\u00e1that\u00f3v\u00e1 v\u00e1lik. <strong class=\"privacy-policy-tutorial\"> <\/strong>Ha k\u00e9peket t\u00f6lt fel a weboldalra, ker\u00fclje a be\u00e1gyazott helyadatok (EXIF GPS) haszn\u00e1lat\u00e1t. A l\u00e1togat\u00f3k let\u00f6lthetnek \u00e9s kivehetnek b\u00e1rmilyen helymeghat\u00e1roz\u00f3 adatot a weboldalon tal\u00e1lhat\u00f3 k\u00e9pekb\u0151l.<\/p>\n<h2 class=\"wp-block-heading\">S\u00fctik<\/h2>\n<p>Ha hozz\u00e1sz\u00f3l\u00e1st hagy az oldalunkon, d\u00f6nthet \u00fagy, hogy nev\u00e9t, e-mail c\u00edm\u00e9t \u00e9s weboldal\u00e1t cookie-kban t\u00e1roljuk. Ezek a s\u00fctik egy \u00e9vig tartanak, \u00e9s az \u00d6n k\u00e9nyelm\u00e9t szolg\u00e1lj\u00e1k, hogy ne kelljen \u00fajra megadnia adatait, amikor \u00fajabb megjegyz\u00e9st hagy.<\/p>\n<p>Ha megl\u00e1togatja a bejelentkez\u00e9si oldalunkat, egy ideiglenes s\u00fctit \u00e1ll\u00edtunk be, hogy meg\u00e1llap\u00edtsuk, a b\u00f6ng\u00e9sz\u0151je elfogadja-e a s\u00fctiket. Ez a s\u00fcti nem tartalmaz szem\u00e9lyes adatokat, \u00e9s a b\u00f6ng\u00e9sz\u0151 bez\u00e1r\u00e1sakor t\u00f6rl\u0151dik. <\/p>\n<p>Amikor bejelentkezik, t\u00f6bb s\u00fctit \u00e1ll\u00edtunk be, hogy elmentse a bejelentkez\u00e9si adatait \u00e9s a k\u00e9perny\u0151 megjelen\u00edt\u00e9si be\u00e1ll\u00edt\u00e1sait. A bejelentkez\u00e9si s\u00fctik k\u00e9t napig, a k\u00e9perny\u0151be\u00e1ll\u00edt\u00e1si s\u00fctik pedig egy \u00e9vig tartanak. Ha az &#8222;Eml\u00e9kezz r\u00e1m&#8221; lehet\u0151s\u00e9get v\u00e1lasztja, a bejelentkez\u00e9se k\u00e9t h\u00e9tig megmarad. Ha kijelentkezik a fi\u00f3kj\u00e1b\u00f3l, a bejelentkez\u00e9si s\u00fctik t\u00f6rl\u0151dnek.<\/p>\n<p>Ha szerkeszt vagy k\u00f6zz\u00e9tesz egy cikket, egy tov\u00e1bbi cookie ker\u00fcl elment\u00e9sre a b\u00f6ng\u00e9sz\u0151j\u00e9ben. Ez a s\u00fcti nem tartalmaz szem\u00e9lyes adatokat, \u00e9s az \u00d6n \u00e1ltal szerkesztett cikk hozz\u00e1sz\u00f3l\u00e1si azonos\u00edt\u00f3j\u00e1t jelzi. 1 nap m\u00falva lej\u00e1r.<\/p>\n<h2 class=\"wp-block-heading\">Be\u00e1gyazott tartalom m\u00e1s webhelyekr\u0151l<\/h2>\n<p>Az oldalon tal\u00e1lhat\u00f3 cikkek tartalmazhatnak be\u00e1gyazott tartalmakat (pl. vide\u00f3kat, k\u00e9peket, cikkeket stb.). A m\u00e1s webhelyekr\u0151l sz\u00e1rmaz\u00f3 be\u00e1gyazott tartalom pontosan ugyan\u00fagy viselkedik, mintha a l\u00e1togat\u00f3 a m\u00e1sik webhelyet l\u00e1togatta volna meg.<\/p>\n<p>Ezek a weboldalak adatokat gy\u0171jthetnek \u00d6nr\u0151l, cookie-kat haszn\u00e1lhatnak, tov\u00e1bbi harmadik f\u00e9lt\u0151l sz\u00e1rmaz\u00f3 nyomk\u00f6vet\u00e9st \u00e1gyazhatnak be, \u00e9s nyomon k\u00f6vethetik az \u00d6n interakci\u00f3j\u00e1t a be\u00e1gyazott tartalommal, bele\u00e9rtve a be\u00e1gyazott tartalommal val\u00f3 interakci\u00f3j\u00e1nak nyomon k\u00f6vet\u00e9s\u00e9t, ha \u00d6n rendelkezik fi\u00f3kkal \u00e9s be van jelentkezve az adott weboldalra.<\/p>\n<h2 class=\"wp-block-heading\">Kivel osztjuk meg az \u00d6n adatait<\/h2>\n<p>Ha jelsz\u00f3-vissza\u00e1ll\u00edt\u00e1st k\u00e9r, az IP-c\u00edme szerepel a jelsz\u00f3-vissza\u00e1ll\u00edt\u00e1si e-mailben.<\/p>\n<h2 class=\"wp-block-heading\">Mennyi ideig \u0151rizz\u00fck meg az \u00d6n adatait<\/h2>\n<p>Ha hozz\u00e1sz\u00f3l\u00e1st hagy, a hozz\u00e1sz\u00f3l\u00e1s \u00e9s annak metaadatai hat\u00e1rozatlan ideig megmaradnak. Ez lehet\u0151v\u00e9 teszi sz\u00e1munkra, hogy automatikusan felismerj\u00fck \u00e9s j\u00f3v\u00e1hagyjuk a nyomon k\u00f6vet\u0151 megjegyz\u00e9seket, ahelyett, hogy a moder\u00e1l\u00e1si sorban tartan\u00e1nk \u0151ket.<\/p>\n<p>A weboldalunkon regisztr\u00e1l\u00f3 felhaszn\u00e1l\u00f3k \u00e1ltal megadott szem\u00e9lyes adatokat (ha vannak ilyenek) a felhaszn\u00e1l\u00f3i profiljukban t\u00e1roljuk. Minden felhaszn\u00e1l\u00f3 b\u00e1rmikor megtekintheti, szerkesztheti vagy t\u00f6r\u00f6lheti szem\u00e9lyes adatait (kiv\u00e9ve, hogy nem v\u00e1ltoztathatja meg a felhaszn\u00e1l\u00f3nev\u00e9t). A weboldal adminisztr\u00e1torai is l\u00e1thatj\u00e1k \u00e9s szerkeszthetik ezeket az inform\u00e1ci\u00f3kat.<\/p>\n<h2 class=\"wp-block-heading\">Milyen jogai vannak az adatai felett<\/h2>\n<p>Ha van fi\u00f3kja ezen a webhelyen, vagy hozz\u00e1sz\u00f3l\u00e1sokat hagyott, k\u00e9rheti, hogy megkapja az \u00d6nr\u0151l t\u00e1rolt szem\u00e9lyes adatok export\u00e1lt f\u00e1jlj\u00e1t, bele\u00e9rtve az \u00d6n \u00e1ltal megadott adatokat is. Azt is k\u00e9rheti, hogy t\u00f6r\u00f6lj\u00fck az \u00d6nr\u0151l t\u00e1rolt szem\u00e9lyes adatait. Ez nem tartalmazza azokat az adatokat, amelyeket adminisztrat\u00edv, jogi vagy biztons\u00e1gi okokb\u00f3l meg kell \u0151rizn\u00fcnk.<\/p>\n<h2 class=\"wp-block-heading\">Hov\u00e1 ker\u00fclnek az \u00d6n adatai<\/h2>\n<p>A l\u00e1togat\u00f3k hozz\u00e1sz\u00f3l\u00e1sait egy automatikus spam-felismer\u0151 szolg\u00e1ltat\u00e1s ellen\u0151rizheti.<\/p>\n\t\t\t\t\t\t\t\t<\/div>\n\t\t\t\t<\/div>\n\t\t\t\t\t<\/div>\n\t\t\t\t<\/div>\n\t\t\t\t<\/div>\n\t\t","protected":false},"excerpt":{"rendered":"<p>Kik vagyunk Tower House le\u00e1nyv\u00e1llalatok Megjegyz\u00e9sek Amikor a l\u00e1togat\u00f3k megjegyz\u00e9seket hagynak a webhelyen, a spamek felder\u00edt\u00e9se \u00e9rdek\u00e9ben \u00f6sszegy\u0171jtj\u00fck a megjegyz\u00e9s \u0171rlapon megjelen\u0151 adatokat, a l\u00e1togat\u00f3 IP-c\u00edm\u00e9t \u00e9s a b\u00f6ng\u00e9sz\u0151 user agent stringj\u00e9t. Az \u00d6n e-mail c\u00edm\u00e9b\u0151l l\u00e9trehozott anonimiz\u00e1lt karakterl\u00e1ncot (m\u00e1s n\u00e9ven hash-t) a Gravatar szolg\u00e1ltat\u00e1snak meg lehet adni, hogy l\u00e1ssa, haszn\u00e1lja-e azt. A Gravatar szolg\u00e1ltat\u00e1s [&hellip;]<\/p>\n","protected":false},"author":1,"featured_media":0,"parent":0,"menu_order":0,"comment_status":"closed","ping_status":"closed","template":"","meta":{"footnotes":""},"class_list":["post-12486","page","type-page","status-publish","hentry"],"blocksy_meta":[],"acf":[],"yoast_head":"<!-- This site is optimized with the Yoast SEO plugin v24.1 - https:\/\/yoast.com\/wordpress\/plugins\/seo\/ -->\n<title>Datenschutzrichtlinie - casinoreturn<\/title>\n<meta name=\"robots\" content=\"index, follow, max-snippet:-1, max-image-preview:large, max-video-preview:-1\" \/>\n<link rel=\"canonical\" href=\"https:\/\/casinoreturn.com\/hu\/datenschutzrichtlinie\/\" \/>\n<meta property=\"og:locale\" content=\"hu_HU\" \/>\n<meta property=\"og:type\" content=\"article\" \/>\n<meta property=\"og:title\" content=\"Datenschutzrichtlinie - casinoreturn\" \/>\n<meta property=\"og:description\" content=\"Kik vagyunk Tower House le\u00e1nyv\u00e1llalatok Megjegyz\u00e9sek Amikor a l\u00e1togat\u00f3k megjegyz\u00e9seket hagynak a webhelyen, a spamek felder\u00edt\u00e9se \u00e9rdek\u00e9ben \u00f6sszegy\u0171jtj\u00fck a megjegyz\u00e9s \u0171rlapon megjelen\u0151 adatokat, a l\u00e1togat\u00f3 IP-c\u00edm\u00e9t \u00e9s a b\u00f6ng\u00e9sz\u0151 user agent stringj\u00e9t. Az \u00d6n e-mail c\u00edm\u00e9b\u0151l l\u00e9trehozott anonimiz\u00e1lt karakterl\u00e1ncot (m\u00e1s n\u00e9ven hash-t) a Gravatar szolg\u00e1ltat\u00e1snak meg lehet adni, hogy l\u00e1ssa, haszn\u00e1lja-e azt. A Gravatar szolg\u00e1ltat\u00e1s [&hellip;]\" \/>\n<meta property=\"og:url\" content=\"https:\/\/casinoreturn.com\/hu\/datenschutzrichtlinie\/\" \/>\n<meta property=\"og:site_name\" content=\"casinoreturn\" \/>\n<meta property=\"article:modified_time\" content=\"2025-03-21T09:37:19+00:00\" \/>\n<meta name=\"twitter:card\" content=\"summary_large_image\" \/>\n<meta name=\"twitter:label1\" content=\"Becs\u00fclt olvas\u00e1si id\u0151\" \/>\n\t<meta name=\"twitter:data1\" content=\"4 perc\" \/>\n<script type=\"application\/ld+json\" class=\"yoast-schema-graph\">{\"@context\":\"https:\/\/schema.org\",\"@graph\":[{\"@type\":\"WebPage\",\"@id\":\"https:\/\/casinoreturn.com\/hu\/datenschutzrichtlinie\/\",\"url\":\"https:\/\/casinoreturn.com\/hu\/datenschutzrichtlinie\/\",\"name\":\"Datenschutzrichtlinie - casinoreturn\",\"isPartOf\":{\"@id\":\"https:\/\/casinoreturn.com\/#website\"},\"datePublished\":\"2024-09-10T11:38:04+00:00\",\"dateModified\":\"2025-03-21T09:37:19+00:00\",\"breadcrumb\":{\"@id\":\"https:\/\/casinoreturn.com\/hu\/datenschutzrichtlinie\/#breadcrumb\"},\"inLanguage\":\"hu\",\"potentialAction\":[{\"@type\":\"ReadAction\",\"target\":[\"https:\/\/casinoreturn.com\/hu\/datenschutzrichtlinie\/\"]}]},{\"@type\":\"BreadcrumbList\",\"@id\":\"https:\/\/casinoreturn.com\/hu\/datenschutzrichtlinie\/#breadcrumb\",\"itemListElement\":[{\"@type\":\"ListItem\",\"position\":1,\"name\":\"Home\",\"item\":\"https:\/\/casinoreturn.com\/hu\/home\/\"},{\"@type\":\"ListItem\",\"position\":2,\"name\":\"Datenschutzrichtlinie\"}]},{\"@type\":\"WebSite\",\"@id\":\"https:\/\/casinoreturn.com\/#website\",\"url\":\"https:\/\/casinoreturn.com\/\",\"name\":\"casinoreturn\",\"description\":\"\",\"publisher\":{\"@id\":\"https:\/\/casinoreturn.com\/#organization\"},\"potentialAction\":[{\"@type\":\"SearchAction\",\"target\":{\"@type\":\"EntryPoint\",\"urlTemplate\":\"https:\/\/casinoreturn.com\/?s={search_term_string}\"},\"query-input\":{\"@type\":\"PropertyValueSpecification\",\"valueRequired\":true,\"valueName\":\"search_term_string\"}}],\"inLanguage\":\"hu\"},{\"@type\":\"Organization\",\"@id\":\"https:\/\/casinoreturn.com\/#organization\",\"name\":\"casinoreturn\",\"url\":\"https:\/\/casinoreturn.com\/\",\"logo\":{\"@type\":\"ImageObject\",\"inLanguage\":\"hu\",\"@id\":\"https:\/\/casinoreturn.com\/#\/schema\/logo\/image\/\",\"url\":\"https:\/\/casinoreturn.com\/wp-content\/uploads\/2024\/09\/animal-favicon.png\",\"contentUrl\":\"https:\/\/casinoreturn.com\/wp-content\/uploads\/2024\/09\/animal-favicon.png\",\"width\":92,\"height\":92,\"caption\":\"casinoreturn\"},\"image\":{\"@id\":\"https:\/\/casinoreturn.com\/#\/schema\/logo\/image\/\"}}]}<\/script>\n<!-- \/ Yoast SEO plugin. -->","yoast_head_json":{"title":"Datenschutzrichtlinie - casinoreturn","robots":{"index":"index","follow":"follow","max-snippet":"max-snippet:-1","max-image-preview":"max-image-preview:large","max-video-preview":"max-video-preview:-1"},"canonical":"https:\/\/casinoreturn.com\/hu\/datenschutzrichtlinie\/","og_locale":"hu_HU","og_type":"article","og_title":"Datenschutzrichtlinie - casinoreturn","og_description":"Kik vagyunk Tower House le\u00e1nyv\u00e1llalatok Megjegyz\u00e9sek Amikor a l\u00e1togat\u00f3k megjegyz\u00e9seket hagynak a webhelyen, a spamek felder\u00edt\u00e9se \u00e9rdek\u00e9ben \u00f6sszegy\u0171jtj\u00fck a megjegyz\u00e9s \u0171rlapon megjelen\u0151 adatokat, a l\u00e1togat\u00f3 IP-c\u00edm\u00e9t \u00e9s a b\u00f6ng\u00e9sz\u0151 user agent stringj\u00e9t. Az \u00d6n e-mail c\u00edm\u00e9b\u0151l l\u00e9trehozott anonimiz\u00e1lt karakterl\u00e1ncot (m\u00e1s n\u00e9ven hash-t) a Gravatar szolg\u00e1ltat\u00e1snak meg lehet adni, hogy l\u00e1ssa, haszn\u00e1lja-e azt. A Gravatar szolg\u00e1ltat\u00e1s [&hellip;]","og_url":"https:\/\/casinoreturn.com\/hu\/datenschutzrichtlinie\/","og_site_name":"casinoreturn","article_modified_time":"2025-03-21T09:37:19+00:00","twitter_card":"summary_large_image","twitter_misc":{"Becs\u00fclt olvas\u00e1si id\u0151":"4 perc"},"schema":{"@context":"https:\/\/schema.org","@graph":[{"@type":"WebPage","@id":"https:\/\/casinoreturn.com\/hu\/datenschutzrichtlinie\/","url":"https:\/\/casinoreturn.com\/hu\/datenschutzrichtlinie\/","name":"Datenschutzrichtlinie - casinoreturn","isPartOf":{"@id":"https:\/\/casinoreturn.com\/#website"},"datePublished":"2024-09-10T11:38:04+00:00","dateModified":"2025-03-21T09:37:19+00:00","breadcrumb":{"@id":"https:\/\/casinoreturn.com\/hu\/datenschutzrichtlinie\/#breadcrumb"},"inLanguage":"hu","potentialAction":[{"@type":"ReadAction","target":["https:\/\/casinoreturn.com\/hu\/datenschutzrichtlinie\/"]}]},{"@type":"BreadcrumbList","@id":"https:\/\/casinoreturn.com\/hu\/datenschutzrichtlinie\/#breadcrumb","itemListElement":[{"@type":"ListItem","position":1,"name":"Home","item":"https:\/\/casinoreturn.com\/hu\/home\/"},{"@type":"ListItem","position":2,"name":"Datenschutzrichtlinie"}]},{"@type":"WebSite","@id":"https:\/\/casinoreturn.com\/#website","url":"https:\/\/casinoreturn.com\/","name":"casinoreturn","description":"","publisher":{"@id":"https:\/\/casinoreturn.com\/#organization"},"potentialAction":[{"@type":"SearchAction","target":{"@type":"EntryPoint","urlTemplate":"https:\/\/casinoreturn.com\/?s={search_term_string}"},"query-input":{"@type":"PropertyValueSpecification","valueRequired":true,"valueName":"search_term_string"}}],"inLanguage":"hu"},{"@type":"Organization","@id":"https:\/\/casinoreturn.com\/#organization","name":"casinoreturn","url":"https:\/\/casinoreturn.com\/","logo":{"@type":"ImageObject","inLanguage":"hu","@id":"https:\/\/casinoreturn.com\/#\/schema\/logo\/image\/","url":"https:\/\/casinoreturn.com\/wp-content\/uploads\/2024\/09\/animal-favicon.png","contentUrl":"https:\/\/casinoreturn.com\/wp-content\/uploads\/2024\/09\/animal-favicon.png","width":92,"height":92,"caption":"casinoreturn"},"image":{"@id":"https:\/\/casinoreturn.com\/#\/schema\/logo\/image\/"}}]}},"_links":{"self":[{"href":"https:\/\/casinoreturn.com\/hu\/wp-json\/wp\/v2\/pages\/12486","targetHints":{"allow":["GET"]}}],"collection":[{"href":"https:\/\/casinoreturn.com\/hu\/wp-json\/wp\/v2\/pages"}],"about":[{"href":"https:\/\/casinoreturn.com\/hu\/wp-json\/wp\/v2\/types\/page"}],"author":[{"embeddable":true,"href":"https:\/\/casinoreturn.com\/hu\/wp-json\/wp\/v2\/users\/1"}],"replies":[{"embeddable":true,"href":"https:\/\/casinoreturn.com\/hu\/wp-json\/wp\/v2\/comments?post=12486"}],"version-history":[{"count":1,"href":"https:\/\/casinoreturn.com\/hu\/wp-json\/wp\/v2\/pages\/12486\/revisions"}],"predecessor-version":[{"id":12487,"href":"https:\/\/casinoreturn.com\/hu\/wp-json\/wp\/v2\/pages\/12486\/revisions\/12487"}],"wp:attachment":[{"href":"https:\/\/casinoreturn.com\/hu\/wp-json\/wp\/v2\/media?parent=12486"}],"curies":[{"name":"wp","href":"https:\/\/api.w.org\/{rel}","templated":true}]}}