{"id":15977,"date":"2025-10-20T11:35:56","date_gmt":"2025-10-20T11:35:56","guid":{"rendered":"https:\/\/casinoreturn.com\/sweepstake-kaszinok-virginia\/"},"modified":"2025-10-31T14:11:42","modified_gmt":"2025-10-31T14:11:42","slug":"sweepstake-kaszinok-virginia","status":"publish","type":"page","link":"https:\/\/casinoreturn.com\/hu\/sweepstake-kaszinok-virginia\/","title":{"rendered":"Sweepstake kaszin\u00f3k Virginia"},"content":{"rendered":"\t\t<div data-elementor-type=\"wp-page\" data-elementor-id=\"15977\" class=\"elementor elementor-15977\" data-elementor-post-type=\"page\">\n\t\t\t\t<div class=\"elementor-element elementor-element-047734d e-con-full e-flex e-con e-parent\" data-id=\"047734d\" data-element_type=\"container\">\n\t\t\t\t<div class=\"elementor-element elementor-element-1de28d0 elementor-widget elementor-widget-heading\" data-id=\"1de28d0\" data-element_type=\"widget\" data-widget_type=\"heading.default\">\n\t\t\t\t<div class=\"elementor-widget-container\">\n\t\t\t\t\t<h2 class=\"elementor-heading-title elementor-size-default\">Sweepstake kaszin\u00f3k Virginia<\/h2>\t\t\t\t<\/div>\n\t\t\t\t<\/div>\n\t\t\t\t<div class=\"elementor-element elementor-element-84aa821 elementor-widget elementor-widget-text-editor\" data-id=\"84aa821\" data-element_type=\"widget\" data-widget_type=\"text-editor.default\">\n\t\t\t\t<div class=\"elementor-widget-container\">\n\t\t\t\t\t\t\t\t\t<p>A virginiai Sweepstake kaszin\u00f3k nem min\u0151s\u00fclnek szerencsej\u00e1t\u00e9knak az ingyenes bel\u00e9p\u00e9si \u00fatvonal modell miatt. M\u00e1s \u00e1llamok, p\u00e9ld\u00e1ul New York \u00e9s Kalifornia hat\u00e1rozottabban \u00e1lltak ki a nyerem\u00e9nyj\u00e1t\u00e9kos kaszin\u00f3kkal szemben. Tov\u00e1bbi inform\u00e1ci\u00f3 <a href=\"https:\/\/casinoreturn.com\/new-york-sweepstake-casinos\/\">New Yorkr\u00f3l \u00e9s a nyerem\u00e9nyj\u00e1t\u00e9kkal foglalkoz\u00f3 kaszin\u00f3k jelenlegi jogi megk\u00f6zel\u00edt\u00e9s\u00e9r\u0151l<\/a>. \u00c9s itt van egy teljes fel\u00fclvizsg\u00e1lat <a href=\"https:\/\/casinoreturn.com\/california-bans-social-sweepstake-games\/\">Kaliforni\u00e1ban veszi a sweepstake kaszin\u00f3k<\/a>.<\/p>\n<p><img fetchpriority=\"high\" decoding=\"async\" class=\"alignnone size-medium wp-image-15603\" src=\"https:\/\/casinoreturn.com\/wp-content\/uploads\/2025\/10\/Sweepstake-Casinos-in-Virginia-300x300.png\" alt=\"Sorsol\u00e1sos kaszin\u00f3k Virginia\" width=\"300\" height=\"300\" srcset=\"https:\/\/casinoreturn.com\/wp-content\/uploads\/2025\/10\/Sweepstake-Casinos-in-Virginia-300x300.png 300w, https:\/\/casinoreturn.com\/wp-content\/uploads\/2025\/10\/Sweepstake-Casinos-in-Virginia-150x150.png 150w, https:\/\/casinoreturn.com\/wp-content\/uploads\/2025\/10\/Sweepstake-Casinos-in-Virginia-768x768.png 768w, https:\/\/casinoreturn.com\/wp-content\/uploads\/2025\/10\/Sweepstake-Casinos-in-Virginia.png 1024w\" sizes=\"(max-width: 300px) 100vw, 300px\" \/><\/p>\n<p>Ebben a cikkben: <\/p>\n<ul>\n<li><a href=\"https:\/\/casinoreturn.com\/hu\/sweepstake-kaszinok-virginia\/#virginia\">Sorsol\u00e1s Virginia \u00e1llamban  <\/a><\/li>\n<li><a href=\"https:\/\/casinoreturn.com\/hu\/sweepstake-kaszinok-virginia\/#sport\">Sportfogad\u00e1s Virgini\u00e1ban  <\/a><\/li>\n<li><a href=\"https:\/\/casinoreturn.com\/hu\/sweepstake-kaszinok-virginia\/#list\">Sweepstake kaszin\u00f3k list\u00e1ja Virginia-ban Virginia  <\/a><\/li>\n<li><a href=\"https:\/\/casinoreturn.com\/hu\/sweepstake-kaszinok-virginia\/#land\">Sz\u00e1razf\u00f6ldi Real Monay kaszin\u00f3k Viginia-ban<\/a><\/li>\n<li><a href=\"https:\/\/casinoreturn.com\/hu\/sweepstake-kaszinok-virginia\/#faq\">FQA nyerem\u00e9nyj\u00e1t\u00e9kok Virgini\u00e1ban<\/a><\/li>\n<\/ul>\n\t\t\t\t\t\t\t\t<\/div>\n\t\t\t\t<\/div>\n\t\t\t\t<div class=\"elementor-element elementor-element-8978e42 elementor-widget elementor-widget-heading\" data-id=\"8978e42\" data-element_type=\"widget\" data-widget_type=\"heading.default\">\n\t\t\t\t<div class=\"elementor-widget-container\">\n\t\t\t\t\t<h3 class=\"elementor-heading-title elementor-size-default\">Nyerem\u00e9nyj\u00e1t\u00e9kok Virgini\u00e1ban<\/h3>\t\t\t\t<\/div>\n\t\t\t\t<\/div>\n\t\t\t\t<div class=\"elementor-element elementor-element-48ec529 elementor-widget elementor-widget-text-editor\" data-id=\"48ec529\" data-element_type=\"widget\" id=\"virginia\" data-widget_type=\"text-editor.default\">\n\t\t\t\t<div class=\"elementor-widget-container\">\n\t\t\t\t\t\t\t\t\t<p>A nyerem\u00e9nyj\u00e1t\u00e9kok \u00faj m\u00f3dj\u00e1t jelentik a j\u00e1t\u00e9k\u00e9lm\u00e9ny fokoz\u00e1s\u00e1nak an\u00e9lk\u00fcl, hogy val\u00f3di p\u00e9nzt kellene letenned. M\u00e1s, mint a val\u00f3di p\u00e9nzes online nyerem\u00e9nyj\u00e1t\u00e9k kaszin\u00f3k k\u00edn\u00e1lnak a k\u00e9nyelem a k\u00f6nny\u0171 bel\u00e9p\u00e9st j\u00e1tszani a szoci\u00e1lis kaszin\u00f3kban hozz\u00e1adott prom\u00f3ci\u00f3k. Nincs sz\u00fcks\u00e9g v\u00e1s\u00e1rl\u00e1sra, \u00e9s az \u00fagynevezett arany\u00e9rm\u00e9ket ingyen adj\u00e1k. Olvasson t\u00f6bbet a szoci\u00e1lis kaszin\u00f3k a mi szakasz <a href=\"https:\/\/casinoreturn.com\/sweep-stake-casino-return-usa\/\">nyerem\u00e9nyj\u00e1t\u00e9k kaszin\u00f3 visszat\u00e9r\u00e9s USA<\/a>, ahol megtal\u00e1lja r\u00e9szletes v\u00e1laszokat arany\u00e9rm\u00e9k, prom\u00f3ci\u00f3k, el\u0151\u00edr\u00e1sok, \u00e9s a k\u00fcl\u00f6nbs\u00e9g a szoci\u00e1lis kaszin\u00f3 \u00e9s nyerem\u00e9nyj\u00e1t\u00e9k kaszin\u00f3.  <\/p>\n<p><img decoding=\"async\" class=\"alignnone size-medium wp-image-14813\" src=\"https:\/\/casinoreturn.com\/wp-content\/uploads\/2025\/10\/Sweep-stake-casino-return-300x166.jpg\" alt=\"Sweep t\u00e9t kaszin\u00f3 visszat\u00e9r\u00e9s\" width=\"300\" height=\"166\" srcset=\"https:\/\/casinoreturn.com\/wp-content\/uploads\/2025\/10\/Sweep-stake-casino-return-300x166.jpg 300w, https:\/\/casinoreturn.com\/wp-content\/uploads\/2025\/10\/Sweep-stake-casino-return-768x424.jpg 768w, https:\/\/casinoreturn.com\/wp-content\/uploads\/2025\/10\/Sweep-stake-casino-return.jpg 906w\" sizes=\"(max-width: 300px) 100vw, 300px\" \/><\/p>\n<p>Teh\u00e1t a j\u00f3 h\u00edr a virginiai j\u00e1t\u00e9kosok sz\u00e1m\u00e1ra az, hogy ez leg\u00e1lis, kiv\u00e9ve, ha az \u00fczemeltet\u0151k rejtett m\u00f3don k\u00edn\u00e1lnak val\u00f3di p\u00e9nzzel val\u00f3 j\u00e1t\u00e9kot, ami illeg\u00e1lisnak min\u0151s\u00fcl.  <\/p>\n\t\t\t\t\t\t\t\t<\/div>\n\t\t\t\t<\/div>\n\t\t\t\t<div class=\"elementor-element elementor-element-601b0c0 elementor-widget elementor-widget-heading\" data-id=\"601b0c0\" data-element_type=\"widget\" data-widget_type=\"heading.default\">\n\t\t\t\t<div class=\"elementor-widget-container\">\n\t\t\t\t\t<h3 class=\"elementor-heading-title elementor-size-default\">Sportfogad\u00e1s Virgini\u00e1ban<\/h3>\t\t\t\t<\/div>\n\t\t\t\t<\/div>\n\t\t\t\t<div class=\"elementor-element elementor-element-a402086 elementor-widget elementor-widget-text-editor\" data-id=\"a402086\" data-element_type=\"widget\" id=\"sport\" data-widget_type=\"text-editor.default\">\n\t\t\t\t<div class=\"elementor-widget-container\">\n\t\t\t\t\t\t\t\t\t<p>A sportfogad\u00e1s Virginia \u00e1llamban a 40. fejezet 2. cikke alapj\u00e1n enged\u00e9lyezett, a Virginia Code 58.1. c\u00edm alatt. Bonyolultnak hangzik? Nem, nem az. A j\u00e1t\u00e9kosoknak 21 \u00e9vesnek kell lenni\u00fck, \u00e9s Virginia \u00e1llamban kell tart\u00f3zkodniuk. A mobil fogad\u00e1si fogad\u00e1sokat k\u00edn\u00e1l\u00f3 \u00fczemeltet\u0151knek helyi ( virginiai sz\u00e9khely\u0171 ) enged\u00e9llyel KELL rendelkezni\u00fck.  <\/p>\n<p><strong>Mint a legt\u00f6bb amerikai \u00e1llamban, itt is tilos fogadni a f\u0151iskolai sportesem\u00e9nyekre \u00e9s minden olyan sportra, amelyben kiskor\u00faak vesznek r\u00e9szt, ha p\u00e9ld\u00e1ul egy virginiai csapatr\u00f3l van sz\u00f3.  <\/strong><\/p>\n<p>A virginiai \u00fczemeltet\u0151knek be kell tartaniuk a biztons\u00e1gi szab\u00e1lyokat \u00e9s el\u0151\u00edr\u00e1sokat a felel\u0151ss\u00e9gteljes j\u00e1t\u00e9k garant\u00e1l\u00e1sa \u00e9rdek\u00e9ben. Az enged\u00e9ly\u00fck azt is el\u0151\u00edrja, hogy a bev\u00e9tel\u00fck ut\u00e1n 15% GGR-ad\u00f3t kell fizetni\u00fck.  <\/p>\n\t\t\t\t\t\t\t\t<\/div>\n\t\t\t\t<\/div>\n\t\t\t\t<div class=\"elementor-element elementor-element-2f1924c elementor-widget elementor-widget-heading\" data-id=\"2f1924c\" data-element_type=\"widget\" data-widget_type=\"heading.default\">\n\t\t\t\t<div class=\"elementor-widget-container\">\n\t\t\t\t\t<h2 class=\"elementor-heading-title elementor-size-default\">A virginiai sportfogad\u00e1si szolg\u00e1ltat\u00f3k list\u00e1ja<\/h2>\t\t\t\t<\/div>\n\t\t\t\t<\/div>\n\t\t\t\t<div class=\"elementor-element elementor-element-72b28f4 elementor-widget elementor-widget-text-editor\" data-id=\"72b28f4\" data-element_type=\"widget\" id=\"list\" data-widget_type=\"text-editor.default\">\n\t\t\t\t<div class=\"elementor-widget-container\">\n\t\t\t\t\t\t\t\t\t<p>A virginiai sportfogad\u00e1si szolg\u00e1ltat\u00f3k list\u00e1ja. Amint l\u00e1thatja, az al\u00e1bbi lista nagyon kev\u00e9s meglepet\u00e9st tartalmaz. Az amerikai fogad\u00e1sok nagy h\u00e1rmasa jelen van, valamint n\u00e9h\u00e1ny eur\u00f3pai oldal is, amelyek hasonl\u00f3 vagy m\u00e9g jobb fogad\u00e1si platformokkal rendelkeznek.  <\/p>\n<p>\u00cdme az 5 legjobb Virginia fogad\u00e1si oldalunk:  <\/p>\n<ul>\n<li>Bet365 &#8211; A mez\u0151ny mestere, egy igazi j\u00e1t\u00e9kos<\/li>\n<li>BetMGM &#8211; Nagy n\u00e9v az Egyes\u00fclt \u00c1llamokban, 2025-ben a 4. helyen \u00e1ll a bev\u00e9telek rangsor\u00e1ban<\/li>\n<li>Ceasars Sportfogad\u00e1s &#8211; 5. helyezett a bev\u00e9telek tekintet\u00e9ben, de er\u0151s portf\u00f3li\u00f3val rendelkezik  <\/li>\n<li>FanDuel &#8211; nem szorul tov\u00e1bbi bemutatkoz\u00e1sra, 2025-ben a legnagyobb n\u00f6veked\u00e9ssel k\u00f6zeleg<\/li>\n<li>Fanatics &#8211; A top 2-ben rangsorolva, piacvezet\u0151 az eg\u00e9sz USA-ban  <\/li>\n<\/ul>\n\t\t\t\t\t\t\t\t<\/div>\n\t\t\t\t<\/div>\n\t\t\t\t<div class=\"elementor-element elementor-element-80164e0 elementor-widget elementor-widget-heading\" data-id=\"80164e0\" data-element_type=\"widget\" data-widget_type=\"heading.default\">\n\t\t\t\t<div class=\"elementor-widget-container\">\n\t\t\t\t\t<h3 class=\"elementor-heading-title elementor-size-default\">Sz\u00e1razf\u00f6ldi kaszin\u00f3k Virginia  <\/h3>\t\t\t\t<\/div>\n\t\t\t\t<\/div>\n\t\t\t\t<div class=\"elementor-element elementor-element-3d78c2a elementor-widget elementor-widget-text-editor\" data-id=\"3d78c2a\" data-element_type=\"widget\" id=\"land\" data-widget_type=\"text-editor.default\">\n\t\t\t\t<div class=\"elementor-widget-container\">\n\t\t\t\t\t\t\t\t\t<p>A sz\u00e1razf\u00f6ldi kaszin\u00f3k Virginia, USA-ban nagyon korl\u00e1tozottak. 2020-ban csak 5 enged\u00e9lyt adtak ki sz\u00e1razf\u00f6ldi kaszin\u00f3knak. Az 5-b\u0151l 3 jelenleg is m\u0171k\u00f6dik, k\u00e9t kaszin\u00f3 pedig fejleszt\u00e9s alatt \u00e1ll. Ez a h\u00e1rom kaszin\u00f3k Bristol, US, Portsmouth,US, \u00e9s Danville a saj\u00e1t jog\u00e1n m\u00e1r el\u00e9g leny\u0171g\u00f6z\u0151 a statisztika. Csak 2024-ben 1,4 milli\u00e1rd USD teljes j\u00e1t\u00e9kbev\u00e9telre sz\u00e1m\u00edthat. A bev\u00e9telek ebben a m\u0171veletben a val\u00f3di p\u00e9nzes kaszin\u00f3kon kereszt\u00fcl j\u00f6nnek l\u00e9tre: Nyer\u0151g\u00e9pek, asztali j\u00e1t\u00e9kok, \u00e9l\u0151 oszt\u00f3s j\u00e1t\u00e9kok, fogad\u00e1sok \u00e9s kiskereskedelmi fogad\u00e1si g\u00e9pek.  <\/p>\n\t\t\t\t\t\t\t\t<\/div>\n\t\t\t\t<\/div>\n\t\t\t\t<div class=\"elementor-element elementor-element-d7fd54d elementor-widget elementor-widget-heading\" data-id=\"d7fd54d\" data-element_type=\"widget\" data-widget_type=\"heading.default\">\n\t\t\t\t<div class=\"elementor-widget-container\">\n\t\t\t\t\t<h3 class=\"elementor-heading-title elementor-size-default\">GYIK Sweepstake kaszin\u00f3k Virgina-ban<\/h3>\t\t\t\t<\/div>\n\t\t\t\t<\/div>\n\t\t\t\t<div class=\"elementor-element elementor-element-59fc1da elementor-widget elementor-widget-elementskit-faq\" data-id=\"59fc1da\" data-element_type=\"widget\" id=\"faq\" data-widget_type=\"elementskit-faq.default\">\n\t\t\t\t<div class=\"elementor-widget-container\">\n\t\t\t\t\t<div class=\"ekit-wid-con\" >\n                <div class=\"elementskit-single-faq elementor-repeater-item-8a3ec80\">\n            <div class=\"elementskit-faq-header\">\n                <h2 class=\"elementskit-faq-title\">What are Gold Coins in Sweepstake casinos?<\/h2>\n            <\/div>\n            <div class=\"elementskit-faq-body\">\n                Other than Real money casinos, Gold coins are a free giveaway in online Social Casinos. Gold coins are a promotional addition and can be part of a social Casino without a purchase.             <\/div>\n        <\/div>\n                <div class=\"elementskit-single-faq elementor-repeater-item-c0e40d1\">\n            <div class=\"elementskit-faq-header\">\n                <h2 class=\"elementskit-faq-title\">Can I bet on College football in Virginia, US? <\/h2>\n            <\/div>\n            <div class=\"elementskit-faq-body\">\n                The answer is NO. you can't bet on College football, or college sport events in Virginia. Same applies to any event involving minors.            <\/div>\n        <\/div>\n                <div class=\"elementskit-single-faq elementor-repeater-item-7190428\">\n            <div class=\"elementskit-faq-header\">\n                <h2 class=\"elementskit-faq-title\">Where can I play casino with real money in Virginia?<\/h2>\n            <\/div>\n            <div class=\"elementskit-faq-body\">\n                Real money casinos are land-based only. With currently 3 out of 5 land-based Casinos running, the choice is limited.             <\/div>\n        <\/div>\n                \n    <\/div>\t\t\t\t<\/div>\n\t\t\t\t<\/div>\n\t\t\t\t<\/div>\n\t\t\t\t<\/div>\n\t\t","protected":false},"excerpt":{"rendered":"<p>Sweepstake kaszin\u00f3k Virginia A virginiai Sweepstake kaszin\u00f3k nem min\u0151s\u00fclnek szerencsej\u00e1t\u00e9knak az ingyenes bel\u00e9p\u00e9si \u00fatvonal modell miatt. M\u00e1s \u00e1llamok, p\u00e9ld\u00e1ul New York \u00e9s Kalifornia hat\u00e1rozottabban \u00e1lltak ki a nyerem\u00e9nyj\u00e1t\u00e9kos kaszin\u00f3kkal szemben. Tov\u00e1bbi inform\u00e1ci\u00f3 New Yorkr\u00f3l \u00e9s a nyerem\u00e9nyj\u00e1t\u00e9kkal foglalkoz\u00f3 kaszin\u00f3k jelenlegi jogi megk\u00f6zel\u00edt\u00e9s\u00e9r\u0151l. \u00c9s itt van egy teljes fel\u00fclvizsg\u00e1lat Kaliforni\u00e1ban veszi a sweepstake kaszin\u00f3k. Ebben a [&hellip;]<\/p>\n","protected":false},"author":1,"featured_media":15607,"parent":0,"menu_order":0,"comment_status":"closed","ping_status":"closed","template":"","meta":{"footnotes":""},"class_list":["post-15977","page","type-page","status-publish","has-post-thumbnail","hentry"],"blocksy_meta":[],"acf":[],"yoast_head":"<!-- This site is optimized with the Yoast SEO plugin v24.1 - https:\/\/yoast.com\/wordpress\/plugins\/seo\/ -->\n<title>Sweepstake kaszin\u00f3k Virginia - casinoreturn<\/title>\n<meta name=\"description\" content=\"A nyerem\u00e9nyj\u00e1t\u00e9k kaszin\u00f3k Virginia \u00e1llamban leg\u00e1lisak - egyel\u0151re. A prom\u00f3ci\u00f3s nyerem\u00e9nyj\u00e1t\u00e9kok kulcsfontoss\u00e1g\u00faak ahhoz, hogy k\u00e9szp\u00e9nzcsere n\u00e9lk\u00fcl is leg\u00e1lisak maradjanak.\" \/>\n<meta name=\"robots\" content=\"index, follow, max-snippet:-1, max-image-preview:large, max-video-preview:-1\" \/>\n<link rel=\"canonical\" href=\"https:\/\/casinoreturn.com\/hu\/sweepstake-kaszinok-virginia\/\" \/>\n<meta property=\"og:locale\" content=\"hu_HU\" \/>\n<meta property=\"og:type\" content=\"article\" \/>\n<meta property=\"og:title\" content=\"Sweepstake kaszin\u00f3k Virginia - casinoreturn\" \/>\n<meta property=\"og:description\" content=\"A nyerem\u00e9nyj\u00e1t\u00e9k kaszin\u00f3k Virginia \u00e1llamban leg\u00e1lisak - egyel\u0151re. A prom\u00f3ci\u00f3s nyerem\u00e9nyj\u00e1t\u00e9kok kulcsfontoss\u00e1g\u00faak ahhoz, hogy k\u00e9szp\u00e9nzcsere n\u00e9lk\u00fcl is leg\u00e1lisak maradjanak.\" \/>\n<meta property=\"og:url\" content=\"https:\/\/casinoreturn.com\/hu\/sweepstake-kaszinok-virginia\/\" \/>\n<meta property=\"og:site_name\" content=\"casinoreturn\" \/>\n<meta property=\"article:modified_time\" content=\"2025-10-31T14:11:42+00:00\" \/>\n<meta property=\"og:image\" content=\"https:\/\/casinoreturn.com\/wp-content\/uploads\/2025\/10\/Sweepstake-Casinos-in-Virginia.png\" \/>\n\t<meta property=\"og:image:width\" content=\"1024\" \/>\n\t<meta property=\"og:image:height\" content=\"1024\" \/>\n\t<meta property=\"og:image:type\" content=\"image\/png\" \/>\n<meta name=\"twitter:card\" content=\"summary_large_image\" \/>\n<meta name=\"twitter:label1\" content=\"Becs\u00fclt olvas\u00e1si id\u0151\" \/>\n\t<meta name=\"twitter:data1\" content=\"4 perc\" \/>\n<script type=\"application\/ld+json\" class=\"yoast-schema-graph\">{\"@context\":\"https:\/\/schema.org\",\"@graph\":[{\"@type\":\"WebPage\",\"@id\":\"https:\/\/casinoreturn.com\/hu\/sweepstake-kaszinok-virginia\/\",\"url\":\"https:\/\/casinoreturn.com\/hu\/sweepstake-kaszinok-virginia\/\",\"name\":\"Sweepstake kaszin\u00f3k Virginia - casinoreturn\",\"isPartOf\":{\"@id\":\"https:\/\/casinoreturn.com\/#website\"},\"primaryImageOfPage\":{\"@id\":\"https:\/\/casinoreturn.com\/hu\/sweepstake-kaszinok-virginia\/#primaryimage\"},\"image\":{\"@id\":\"https:\/\/casinoreturn.com\/hu\/sweepstake-kaszinok-virginia\/#primaryimage\"},\"thumbnailUrl\":\"https:\/\/casinoreturn.com\/wp-content\/uploads\/2025\/10\/Sweepstake-Casinos-in-Virginia.png\",\"datePublished\":\"2025-10-20T11:35:56+00:00\",\"dateModified\":\"2025-10-31T14:11:42+00:00\",\"description\":\"A nyerem\u00e9nyj\u00e1t\u00e9k kaszin\u00f3k Virginia \u00e1llamban leg\u00e1lisak - egyel\u0151re. A prom\u00f3ci\u00f3s nyerem\u00e9nyj\u00e1t\u00e9kok kulcsfontoss\u00e1g\u00faak ahhoz, hogy k\u00e9szp\u00e9nzcsere n\u00e9lk\u00fcl is leg\u00e1lisak maradjanak.\",\"breadcrumb\":{\"@id\":\"https:\/\/casinoreturn.com\/hu\/sweepstake-kaszinok-virginia\/#breadcrumb\"},\"inLanguage\":\"hu\",\"potentialAction\":[{\"@type\":\"ReadAction\",\"target\":[\"https:\/\/casinoreturn.com\/hu\/sweepstake-kaszinok-virginia\/\"]}]},{\"@type\":\"ImageObject\",\"inLanguage\":\"hu\",\"@id\":\"https:\/\/casinoreturn.com\/hu\/sweepstake-kaszinok-virginia\/#primaryimage\",\"url\":\"https:\/\/casinoreturn.com\/wp-content\/uploads\/2025\/10\/Sweepstake-Casinos-in-Virginia.png\",\"contentUrl\":\"https:\/\/casinoreturn.com\/wp-content\/uploads\/2025\/10\/Sweepstake-Casinos-in-Virginia.png\",\"width\":1024,\"height\":1024,\"caption\":\"Sweepstake Casinos in Virginia\"},{\"@type\":\"BreadcrumbList\",\"@id\":\"https:\/\/casinoreturn.com\/hu\/sweepstake-kaszinok-virginia\/#breadcrumb\",\"itemListElement\":[{\"@type\":\"ListItem\",\"position\":1,\"name\":\"Home\",\"item\":\"https:\/\/casinoreturn.com\/hu\/home\/\"},{\"@type\":\"ListItem\",\"position\":2,\"name\":\"Sweepstake kaszin\u00f3k Virginia\"}]},{\"@type\":\"WebSite\",\"@id\":\"https:\/\/casinoreturn.com\/#website\",\"url\":\"https:\/\/casinoreturn.com\/\",\"name\":\"casinoreturn\",\"description\":\"\",\"publisher\":{\"@id\":\"https:\/\/casinoreturn.com\/#organization\"},\"potentialAction\":[{\"@type\":\"SearchAction\",\"target\":{\"@type\":\"EntryPoint\",\"urlTemplate\":\"https:\/\/casinoreturn.com\/?s={search_term_string}\"},\"query-input\":{\"@type\":\"PropertyValueSpecification\",\"valueRequired\":true,\"valueName\":\"search_term_string\"}}],\"inLanguage\":\"hu\"},{\"@type\":\"Organization\",\"@id\":\"https:\/\/casinoreturn.com\/#organization\",\"name\":\"casinoreturn\",\"url\":\"https:\/\/casinoreturn.com\/\",\"logo\":{\"@type\":\"ImageObject\",\"inLanguage\":\"hu\",\"@id\":\"https:\/\/casinoreturn.com\/#\/schema\/logo\/image\/\",\"url\":\"https:\/\/casinoreturn.com\/wp-content\/uploads\/2024\/09\/animal-favicon.png\",\"contentUrl\":\"https:\/\/casinoreturn.com\/wp-content\/uploads\/2024\/09\/animal-favicon.png\",\"width\":92,\"height\":92,\"caption\":\"casinoreturn\"},\"image\":{\"@id\":\"https:\/\/casinoreturn.com\/#\/schema\/logo\/image\/\"}}]}<\/script>\n<!-- \/ Yoast SEO plugin. -->","yoast_head_json":{"title":"Sweepstake kaszin\u00f3k Virginia - casinoreturn","description":"A nyerem\u00e9nyj\u00e1t\u00e9k kaszin\u00f3k Virginia \u00e1llamban leg\u00e1lisak - egyel\u0151re. A prom\u00f3ci\u00f3s nyerem\u00e9nyj\u00e1t\u00e9kok kulcsfontoss\u00e1g\u00faak ahhoz, hogy k\u00e9szp\u00e9nzcsere n\u00e9lk\u00fcl is leg\u00e1lisak maradjanak.","robots":{"index":"index","follow":"follow","max-snippet":"max-snippet:-1","max-image-preview":"max-image-preview:large","max-video-preview":"max-video-preview:-1"},"canonical":"https:\/\/casinoreturn.com\/hu\/sweepstake-kaszinok-virginia\/","og_locale":"hu_HU","og_type":"article","og_title":"Sweepstake kaszin\u00f3k Virginia - casinoreturn","og_description":"A nyerem\u00e9nyj\u00e1t\u00e9k kaszin\u00f3k Virginia \u00e1llamban leg\u00e1lisak - egyel\u0151re. A prom\u00f3ci\u00f3s nyerem\u00e9nyj\u00e1t\u00e9kok kulcsfontoss\u00e1g\u00faak ahhoz, hogy k\u00e9szp\u00e9nzcsere n\u00e9lk\u00fcl is leg\u00e1lisak maradjanak.","og_url":"https:\/\/casinoreturn.com\/hu\/sweepstake-kaszinok-virginia\/","og_site_name":"casinoreturn","article_modified_time":"2025-10-31T14:11:42+00:00","og_image":[{"width":1024,"height":1024,"url":"https:\/\/casinoreturn.com\/wp-content\/uploads\/2025\/10\/Sweepstake-Casinos-in-Virginia.png","type":"image\/png"}],"twitter_card":"summary_large_image","twitter_misc":{"Becs\u00fclt olvas\u00e1si id\u0151":"4 perc"},"schema":{"@context":"https:\/\/schema.org","@graph":[{"@type":"WebPage","@id":"https:\/\/casinoreturn.com\/hu\/sweepstake-kaszinok-virginia\/","url":"https:\/\/casinoreturn.com\/hu\/sweepstake-kaszinok-virginia\/","name":"Sweepstake kaszin\u00f3k Virginia - casinoreturn","isPartOf":{"@id":"https:\/\/casinoreturn.com\/#website"},"primaryImageOfPage":{"@id":"https:\/\/casinoreturn.com\/hu\/sweepstake-kaszinok-virginia\/#primaryimage"},"image":{"@id":"https:\/\/casinoreturn.com\/hu\/sweepstake-kaszinok-virginia\/#primaryimage"},"thumbnailUrl":"https:\/\/casinoreturn.com\/wp-content\/uploads\/2025\/10\/Sweepstake-Casinos-in-Virginia.png","datePublished":"2025-10-20T11:35:56+00:00","dateModified":"2025-10-31T14:11:42+00:00","description":"A nyerem\u00e9nyj\u00e1t\u00e9k kaszin\u00f3k Virginia \u00e1llamban leg\u00e1lisak - egyel\u0151re. A prom\u00f3ci\u00f3s nyerem\u00e9nyj\u00e1t\u00e9kok kulcsfontoss\u00e1g\u00faak ahhoz, hogy k\u00e9szp\u00e9nzcsere n\u00e9lk\u00fcl is leg\u00e1lisak maradjanak.","breadcrumb":{"@id":"https:\/\/casinoreturn.com\/hu\/sweepstake-kaszinok-virginia\/#breadcrumb"},"inLanguage":"hu","potentialAction":[{"@type":"ReadAction","target":["https:\/\/casinoreturn.com\/hu\/sweepstake-kaszinok-virginia\/"]}]},{"@type":"ImageObject","inLanguage":"hu","@id":"https:\/\/casinoreturn.com\/hu\/sweepstake-kaszinok-virginia\/#primaryimage","url":"https:\/\/casinoreturn.com\/wp-content\/uploads\/2025\/10\/Sweepstake-Casinos-in-Virginia.png","contentUrl":"https:\/\/casinoreturn.com\/wp-content\/uploads\/2025\/10\/Sweepstake-Casinos-in-Virginia.png","width":1024,"height":1024,"caption":"Sweepstake Casinos in Virginia"},{"@type":"BreadcrumbList","@id":"https:\/\/casinoreturn.com\/hu\/sweepstake-kaszinok-virginia\/#breadcrumb","itemListElement":[{"@type":"ListItem","position":1,"name":"Home","item":"https:\/\/casinoreturn.com\/hu\/home\/"},{"@type":"ListItem","position":2,"name":"Sweepstake kaszin\u00f3k Virginia"}]},{"@type":"WebSite","@id":"https:\/\/casinoreturn.com\/#website","url":"https:\/\/casinoreturn.com\/","name":"casinoreturn","description":"","publisher":{"@id":"https:\/\/casinoreturn.com\/#organization"},"potentialAction":[{"@type":"SearchAction","target":{"@type":"EntryPoint","urlTemplate":"https:\/\/casinoreturn.com\/?s={search_term_string}"},"query-input":{"@type":"PropertyValueSpecification","valueRequired":true,"valueName":"search_term_string"}}],"inLanguage":"hu"},{"@type":"Organization","@id":"https:\/\/casinoreturn.com\/#organization","name":"casinoreturn","url":"https:\/\/casinoreturn.com\/","logo":{"@type":"ImageObject","inLanguage":"hu","@id":"https:\/\/casinoreturn.com\/#\/schema\/logo\/image\/","url":"https:\/\/casinoreturn.com\/wp-content\/uploads\/2024\/09\/animal-favicon.png","contentUrl":"https:\/\/casinoreturn.com\/wp-content\/uploads\/2024\/09\/animal-favicon.png","width":92,"height":92,"caption":"casinoreturn"},"image":{"@id":"https:\/\/casinoreturn.com\/#\/schema\/logo\/image\/"}}]}},"_links":{"self":[{"href":"https:\/\/casinoreturn.com\/hu\/wp-json\/wp\/v2\/pages\/15977","targetHints":{"allow":["GET"]}}],"collection":[{"href":"https:\/\/casinoreturn.com\/hu\/wp-json\/wp\/v2\/pages"}],"about":[{"href":"https:\/\/casinoreturn.com\/hu\/wp-json\/wp\/v2\/types\/page"}],"author":[{"embeddable":true,"href":"https:\/\/casinoreturn.com\/hu\/wp-json\/wp\/v2\/users\/1"}],"replies":[{"embeddable":true,"href":"https:\/\/casinoreturn.com\/hu\/wp-json\/wp\/v2\/comments?post=15977"}],"version-history":[{"count":1,"href":"https:\/\/casinoreturn.com\/hu\/wp-json\/wp\/v2\/pages\/15977\/revisions"}],"predecessor-version":[{"id":15978,"href":"https:\/\/casinoreturn.com\/hu\/wp-json\/wp\/v2\/pages\/15977\/revisions\/15978"}],"wp:featuredmedia":[{"embeddable":true,"href":"https:\/\/casinoreturn.com\/hu\/wp-json\/wp\/v2\/media\/15607"}],"wp:attachment":[{"href":"https:\/\/casinoreturn.com\/hu\/wp-json\/wp\/v2\/media?parent=15977"}],"curies":[{"name":"wp","href":"https:\/\/api.w.org\/{rel}","templated":true}]}}