{"id":16031,"date":"2025-10-17T16:07:39","date_gmt":"2025-10-17T16:07:39","guid":{"rendered":"https:\/\/casinoreturn.com\/sorsolasos-kaszinok-floridaban\/"},"modified":"2025-10-31T14:24:10","modified_gmt":"2025-10-31T14:24:10","slug":"sorsolasos-kaszinok-floridaban","status":"publish","type":"page","link":"https:\/\/casinoreturn.com\/hu\/sorsolasos-kaszinok-floridaban\/","title":{"rendered":"Sorsol\u00e1sos kaszin\u00f3k Florid\u00e1ban"},"content":{"rendered":"\t\t<div data-elementor-type=\"wp-page\" data-elementor-id=\"16031\" class=\"elementor elementor-16031\" data-elementor-post-type=\"page\">\n\t\t\t\t<div class=\"elementor-element elementor-element-550cc17 e-con-full e-flex e-con e-parent\" data-id=\"550cc17\" data-element_type=\"container\">\n\t\t\t\t<div class=\"elementor-element elementor-element-5396053 elementor-widget elementor-widget-heading\" data-id=\"5396053\" data-element_type=\"widget\" data-widget_type=\"heading.default\">\n\t\t\t\t<div class=\"elementor-widget-container\">\n\t\t\t\t\t<h3 class=\"elementor-heading-title elementor-size-default\">Sorsol\u00e1sos kaszin\u00f3k Florid\u00e1ban<\/h3>\t\t\t\t<\/div>\n\t\t\t\t<\/div>\n\t\t\t\t<div class=\"elementor-element elementor-element-4383f5b elementor-widget elementor-widget-text-editor\" data-id=\"4383f5b\" data-element_type=\"widget\" data-widget_type=\"text-editor.default\">\n\t\t\t\t<div class=\"elementor-widget-container\">\n\t\t\t\t\t\t\t\t\t<p>A floridai Sweepstake kaszin\u00f3k jelenleg ink\u00e1bb prom\u00f3ci\u00f3s versenynek, mint szerencsej\u00e1t\u00e9knak sz\u00e1m\u00edtanak. Ez a j\u00f3 h\u00edr. A Florida Gaming Control Commission m\u00e9g nem tiltotta be a nyerem\u00e9nyj\u00e1t\u00e9kokat \u00e9s az arany\u00e9rm\u00e9ket. 2025-ben azonban javaslatok sz\u00fclettek arra vonatkoz\u00f3an, hogy a nyerem\u00e9nyj\u00e1t\u00e9kos kaszin\u00f3kat internetes szerencsej\u00e1t\u00e9knak min\u0151s\u00edts\u00e9k. Mindk\u00e9t f\u00e9l, a nyerem\u00e9nyj\u00e1t\u00e9k-\u00fczemeltet\u0151k \u00e9s a szab\u00e1lyoz\u00f3 hat\u00f3s\u00e1gok is dolgoznak az \u00fcgy\u00fcket al\u00e1t\u00e1maszt\u00f3 tervezeteken. A szabad j\u00e1t\u00e9k az Egyes\u00fclt \u00c1llamok egyes \u00e1llamaiban egyre ink\u00e1bb ellen\u0151rz\u00e9s alatt \u00e1ll. A sok \u00e1llamban m\u00e9g mindig leg\u00e1lis <a href=\"https:\/\/casinoreturn.com\/sweep-stake-casino-return-usa\/\">k\u00f6z\u00f6ss\u00e9gi kaszin\u00f3k<\/a> egyre t\u00f6bb \u00e1llamban ker\u00fclnek t\u0171z al\u00e1, hogy illeg\u00e1lisnak nyilv\u00e1n\u00edts\u00e1k \u0151ket.<\/p>\n<p><strong>Ebben a cikkben:<\/strong><\/p>\n<ul>\n<li>Szerencsej\u00e1t\u00e9k kaszin\u00f3k list\u00e1ja<\/li>\n<li>Floridai rendeletek<\/li>\n<li>List\u00e1ja Sportfogad\u00e1s kaszin\u00f3k Florida<\/li>\n<li>GYIK nyerem\u00e9nyj\u00e1t\u00e9k Florida kaszin\u00f3k<\/li>\n<\/ul>\n<p><img decoding=\"async\" class=\"alignnone wp-image-15496\" src=\"https:\/\/casinoreturn.com\/wp-content\/uploads\/2025\/10\/Sweepstake-Casinos-in-Florida.png\" alt=\"Sorsol\u00e1sos kaszin\u00f3k Florid\u00e1ban\" width=\"125\" height=\"125\" srcset=\"https:\/\/casinoreturn.com\/wp-content\/uploads\/2025\/10\/Sweepstake-Casinos-in-Florida.png 225w, https:\/\/casinoreturn.com\/wp-content\/uploads\/2025\/10\/Sweepstake-Casinos-in-Florida-150x150.png 150w\" sizes=\"(max-width: 125px) 100vw, 125px\" \/><\/p>\n\t\t\t\t\t\t\t\t<\/div>\n\t\t\t\t<\/div>\n\t\t\t\t<div class=\"elementor-element elementor-element-d15c0ae elementor-widget elementor-widget-heading\" data-id=\"d15c0ae\" data-element_type=\"widget\" data-widget_type=\"heading.default\">\n\t\t\t\t<div class=\"elementor-widget-container\">\n\t\t\t\t\t<h3 class=\"elementor-heading-title elementor-size-default\">Lista Sweepstake kaszin\u00f3k Florida ter\u00fclet\u00e9n tal\u00e1lhat\u00f3 Florida<\/h3>\t\t\t\t<\/div>\n\t\t\t\t<\/div>\n\t\t\t\t<div class=\"elementor-element elementor-element-fe42027 elementor-widget elementor-widget-text-editor\" data-id=\"fe42027\" data-element_type=\"widget\" data-widget_type=\"text-editor.default\">\n\t\t\t\t<div class=\"elementor-widget-container\">\n\t\t\t\t\t\t\t\t\t<p>A floridai Sweepstake kaszin\u00f3k nem olyan b\u0151s\u00e9gesek. Egy tucatn\u00e1l t\u00f6bb nincs regisztr\u00e1lva, de n\u00e9h\u00e1ny \u00fczemeltet\u0151 n\u00e9h\u00e1ny sz\u00fcrke z\u00f3n\u00e1n bel\u00fcl k\u00edn\u00e1lja nyerem\u00e9nyj\u00e1t\u00e9k arany\u00e9rm\u00e9it. K\u00fcl\u00f6n\u00f6sebb sorrend vagy rangsorol\u00e1s n\u00e9lk\u00fcl:<\/p>\n<ul>\n<li>Mr Luck, regisztr\u00e1lt  <\/li>\n<li>High5 Casino, regisztr\u00e1lt<\/li>\n<li>Hello Millions,regisztr\u00e1lt<\/li>\n<li>Crown Coins,regisztr\u00e1lt<\/li>\n<li>WOW Vegas, regisztr\u00e1lt<\/li>\n<li>Stake.us ,regisztr\u00e1lt<\/li>\n<\/ul>\n<p>A sz\u00e1razf\u00f6ldi kaszin\u00f3k, vagy a szem\u00e9lyes kaszin\u00f3k, \u00e1ltal m\u0171k\u00f6dtetett t\u00f6rzsek vagy v\u00e1llalatok, mint ilyenek<\/p>\n<ul>\n<li>Seminole Hard Rock Hotel &amp; Casino (Tampa \u00e9s HollywoodSeminole)<\/li>\n<li>Brighton Casino Seminole<\/li>\n<li>Miccosukee Resort &amp; Gaming (Miami)<\/li>\n<li>Casino Immokale<\/li>\n<li>Seminole Casino Immokale<\/li>\n<\/ul>\n<p>A val\u00f3di p\u00e9nzes kaszin\u00f3k \u00e9s az online kaszin\u00f3k jogszer\u0171s\u00e9g\u00e9t az eg\u00e9sz Egyes\u00fclt \u00c1llamokban vitatj\u00e1k, \u00e9s Florida is hasonl\u00f3 mozg\u00e1sokat mutat a nyerem\u00e9nyj\u00e1t\u00e9kok j\u00f6v\u0151beni teljes betilt\u00e1sa fel\u00e9.  <\/p>\n\t\t\t\t\t\t\t\t<\/div>\n\t\t\t\t<\/div>\n\t\t\t\t<div class=\"elementor-element elementor-element-c3cd23d elementor-widget elementor-widget-heading\" data-id=\"c3cd23d\" data-element_type=\"widget\" data-widget_type=\"heading.default\">\n\t\t\t\t<div class=\"elementor-widget-container\">\n\t\t\t\t\t<h3 class=\"elementor-heading-title elementor-size-default\">Floridai rendeletek<\/h3>\t\t\t\t<\/div>\n\t\t\t\t<\/div>\n\t\t\t\t<div class=\"elementor-element elementor-element-328690d elementor-widget elementor-widget-text-editor\" data-id=\"328690d\" data-element_type=\"widget\" data-widget_type=\"text-editor.default\">\n\t\t\t\t<div class=\"elementor-widget-container\">\n\t\t\t\t\t\t\t\t\t<p>A floridai szab\u00e1lyoz\u00e1s egyre nagyobb nyom\u00e1s al\u00e1 ker\u00fcl, hogy betilts\u00e1k vagy korl\u00e1tozz\u00e1k a nyerem\u00e9nyj\u00e1t\u00e9kos kaszin\u00f3k haszn\u00e1lat\u00e1t.  <\/p><\/p>\n\t\t\t\t\t\t\t\t<\/div>\n\t\t\t\t<\/div>\n\t\t\t\t<\/div>\n\t\t<div class=\"elementor-element elementor-element-9509de3 e-grid e-con-full e-con e-parent\" data-id=\"9509de3\" data-element_type=\"container\" data-settings=\"{&quot;background_background&quot;:&quot;classic&quot;}\">\n\t\t\t\t<div class=\"elementor-element elementor-element-a246602 elementor-widget elementor-widget-text-editor\" data-id=\"a246602\" data-element_type=\"widget\" data-widget_type=\"text-editor.default\">\n\t\t\t\t<div class=\"elementor-widget-container\">\n\t\t\t\t\t\t\t\t\t<p><strong>A val\u00f3di p\u00e9nzes kaszin\u00f3k vagy a val\u00f3di p\u00e9nzt elfogad\u00f3 online kaszin\u00f3k illeg\u00e1lisak Florid\u00e1ban.  <\/strong><\/p>\n<p><strong>J\u00e1tszhatok val\u00f3di p\u00e9nzzel a sz\u00e1razf\u00f6ldi kaszin\u00f3kban?<\/strong><\/p>\n<p><strong>Igen, ezek a sz\u00e1razf\u00f6ldi kaszin\u00f3k leg\u00e1lisak<\/strong><\/p>\n\t\t\t\t\t\t\t\t<\/div>\n\t\t\t\t<\/div>\n\t\t\t\t<div class=\"elementor-element elementor-element-347bbf8 elementor-widget elementor-widget-image\" data-id=\"347bbf8\" data-element_type=\"widget\" data-widget_type=\"image.default\">\n\t\t\t\t<div class=\"elementor-widget-container\">\n\t\t\t\t\t\t\t\t\t\t\t\t\t\t\t<img fetchpriority=\"high\" decoding=\"async\" width=\"225\" height=\"225\" src=\"https:\/\/casinoreturn.com\/wp-content\/uploads\/2025\/10\/Sweepstake-Casinos-in-Florida.png\" class=\"attachment-large size-large wp-image-15496\" alt=\"Sweepstake Casinos in Florida\" srcset=\"https:\/\/casinoreturn.com\/wp-content\/uploads\/2025\/10\/Sweepstake-Casinos-in-Florida.png 225w, https:\/\/casinoreturn.com\/wp-content\/uploads\/2025\/10\/Sweepstake-Casinos-in-Florida-150x150.png 150w\" sizes=\"(max-width: 225px) 100vw, 225px\" \/>\t\t\t\t\t\t\t\t\t\t\t\t\t\t\t<\/div>\n\t\t\t\t<\/div>\n\t\t\t\t<div class=\"elementor-element elementor-element-eb23194 elementor-widget elementor-widget-text-editor\" data-id=\"eb23194\" data-element_type=\"widget\" data-widget_type=\"text-editor.default\">\n\t\t\t\t<div class=\"elementor-widget-container\">\n\t\t\t\t\t\t\t\t\t<p><strong>A nyerem\u00e9nyj\u00e1t\u00e9kos kaszin\u00f3k m\u00e9g mindig leg\u00e1lisnak sz\u00e1m\u00edtanak, de m\u00e1r folyamatban van egy javaslat az arany\u00e9rmes prom\u00f3ci\u00f3k \u00e9s \u00e1ltal\u00e1ban a nyerem\u00e9nyj\u00e1t\u00e9kok betilt\u00e1s\u00e1ra Florid\u00e1ban.<\/strong><\/p>\n<p>pl. Stake.us \u00e9s Chumba kaszin\u00f3<\/p><\/p>\n\t\t\t\t\t\t\t\t<\/div>\n\t\t\t\t<\/div>\n\t\t\t\t<div class=\"elementor-element elementor-element-d7dd2e5 elementor-widget elementor-widget-text-editor\" data-id=\"d7dd2e5\" data-element_type=\"widget\" data-widget_type=\"text-editor.default\">\n\t\t\t\t<div class=\"elementor-widget-container\">\n\t\t\t\t\t\t\t\t\t<p><strong>A sportfogad\u00e1s leg\u00e1lis Florid\u00e1ban?  <\/strong><\/p>\n<p><strong>Itt van a kicker, ez leg\u00e1lis Florid\u00e1ban, DE az egyetlen leg\u00e1lis \u00fczemeltet\u0151 a Hard Rock Bet ( \u00e1ltal m\u0171k\u00f6dtetett Seminole Tribe of Florida) .  <\/strong><\/p>\n<p><strong>Florid\u00e1ban kevesebb mint egy tucat m\u00e1sik sz\u00e1razf\u00f6ldi kiskereskedelmi \u00fczletet \u00fczemeltet a Seminole t\u00f6rzs.  <\/strong><\/p>\n\t\t\t\t\t\t\t\t<\/div>\n\t\t\t\t<\/div>\n\t\t\t\t<div class=\"elementor-element elementor-element-e4c9e61 elementor-widget elementor-widget-image\" data-id=\"e4c9e61\" data-element_type=\"widget\" data-widget_type=\"image.default\">\n\t\t\t\t<div class=\"elementor-widget-container\">\n\t\t\t\t\t\t\t\t\t\t\t\t\t\t\t<img decoding=\"async\" width=\"906\" height=\"500\" src=\"https:\/\/casinoreturn.com\/wp-content\/uploads\/2025\/10\/Sweep-stake-casino-return.jpg\" class=\"attachment-large size-large wp-image-14813\" alt=\"Sweep stake casino return\" srcset=\"https:\/\/casinoreturn.com\/wp-content\/uploads\/2025\/10\/Sweep-stake-casino-return.jpg 906w, https:\/\/casinoreturn.com\/wp-content\/uploads\/2025\/10\/Sweep-stake-casino-return-300x166.jpg 300w, https:\/\/casinoreturn.com\/wp-content\/uploads\/2025\/10\/Sweep-stake-casino-return-768x424.jpg 768w\" sizes=\"(max-width: 906px) 100vw, 906px\" \/>\t\t\t\t\t\t\t\t\t\t\t\t\t\t\t<\/div>\n\t\t\t\t<\/div>\n\t\t\t\t<div class=\"elementor-element elementor-element-366b516 elementor-widget elementor-widget-text-editor\" data-id=\"366b516\" data-element_type=\"widget\" data-widget_type=\"text-editor.default\">\n\t\t\t\t<div class=\"elementor-widget-container\">\n\t\t\t\t\t\t\t\t\t<p><strong>Mivel a Seminole monop\u00f3liummal rendelkezik a sportfogad\u00e1s ter\u00e9n Florid\u00e1ban, sokan \u00fagy v\u00e9lik, hogy a piac t\u00fals\u00e1gosan korl\u00e1tozott, \u00e9s egyesek szerint t\u00fals\u00e1gosan is korl\u00e1tozott.  <\/strong><\/p>\n<p><strong>A b\u00edr\u00f3s\u00e1gok eddig helyt adtak a sz\u00f6vets\u00e9gi t\u00f6rv\u00e9nyek elleni panasznak, \u00e9s a t\u00f6rzsek uralhatj\u00e1k a floridai fogad\u00e1si vil\u00e1got.  <\/strong><\/p>\n\t\t\t\t\t\t\t\t<\/div>\n\t\t\t\t<\/div>\n\t\t\t\t<\/div>\n\t\t\t\t<\/div>\n\t\t","protected":false},"excerpt":{"rendered":"<p>Sorsol\u00e1sos kaszin\u00f3k Florid\u00e1ban A floridai Sweepstake kaszin\u00f3k jelenleg ink\u00e1bb prom\u00f3ci\u00f3s versenynek, mint szerencsej\u00e1t\u00e9knak sz\u00e1m\u00edtanak. Ez a j\u00f3 h\u00edr. A Florida Gaming Control Commission m\u00e9g nem tiltotta be a nyerem\u00e9nyj\u00e1t\u00e9kokat \u00e9s az arany\u00e9rm\u00e9ket. 2025-ben azonban javaslatok sz\u00fclettek arra vonatkoz\u00f3an, hogy a nyerem\u00e9nyj\u00e1t\u00e9kos kaszin\u00f3kat internetes szerencsej\u00e1t\u00e9knak min\u0151s\u00edts\u00e9k. Mindk\u00e9t f\u00e9l, a nyerem\u00e9nyj\u00e1t\u00e9k-\u00fczemeltet\u0151k \u00e9s a szab\u00e1lyoz\u00f3 hat\u00f3s\u00e1gok is dolgoznak [&hellip;]<\/p>\n","protected":false},"author":1,"featured_media":15500,"parent":0,"menu_order":0,"comment_status":"closed","ping_status":"closed","template":"","meta":{"footnotes":""},"class_list":["post-16031","page","type-page","status-publish","has-post-thumbnail","hentry"],"blocksy_meta":[],"acf":[],"yoast_head":"<!-- This site is optimized with the Yoast SEO plugin v24.1 - https:\/\/yoast.com\/wordpress\/plugins\/seo\/ -->\n<title>Sorsol\u00e1sos kaszin\u00f3k Florid\u00e1ban - casinoreturn<\/title>\n<meta name=\"description\" content=\"Sweepstake kaszin\u00f3k Florid\u00e1ban futnak a napf\u00e9ny \u00e1llamban prom\u00f3ci\u00f3s verseny, nem pedig tiszta szerencsej\u00e1t\u00e9k, \u00edgy a leg\u00e1lis, egyel\u0151re.\" \/>\n<meta name=\"robots\" content=\"index, follow, max-snippet:-1, max-image-preview:large, max-video-preview:-1\" \/>\n<link rel=\"canonical\" href=\"https:\/\/casinoreturn.com\/hu\/sorsolasos-kaszinok-floridaban\/\" \/>\n<meta property=\"og:locale\" content=\"hu_HU\" \/>\n<meta property=\"og:type\" content=\"article\" \/>\n<meta property=\"og:title\" content=\"Sorsol\u00e1sos kaszin\u00f3k Florid\u00e1ban - casinoreturn\" \/>\n<meta property=\"og:description\" content=\"Sweepstake kaszin\u00f3k Florid\u00e1ban futnak a napf\u00e9ny \u00e1llamban prom\u00f3ci\u00f3s verseny, nem pedig tiszta szerencsej\u00e1t\u00e9k, \u00edgy a leg\u00e1lis, egyel\u0151re.\" \/>\n<meta property=\"og:url\" content=\"https:\/\/casinoreturn.com\/hu\/sorsolasos-kaszinok-floridaban\/\" \/>\n<meta property=\"og:site_name\" content=\"casinoreturn\" \/>\n<meta property=\"article:modified_time\" content=\"2025-10-31T14:24:10+00:00\" \/>\n<meta property=\"og:image\" content=\"https:\/\/casinoreturn.com\/wp-content\/uploads\/2025\/10\/Sweepstake-Casinos-in-Florida.png\" \/>\n\t<meta property=\"og:image:width\" content=\"225\" \/>\n\t<meta property=\"og:image:height\" content=\"225\" \/>\n\t<meta property=\"og:image:type\" content=\"image\/png\" \/>\n<meta name=\"twitter:card\" content=\"summary_large_image\" \/>\n<meta name=\"twitter:label1\" content=\"Becs\u00fclt olvas\u00e1si id\u0151\" \/>\n\t<meta name=\"twitter:data1\" content=\"3 perc\" \/>\n<script type=\"application\/ld+json\" class=\"yoast-schema-graph\">{\"@context\":\"https:\/\/schema.org\",\"@graph\":[{\"@type\":\"WebPage\",\"@id\":\"https:\/\/casinoreturn.com\/hu\/sorsolasos-kaszinok-floridaban\/\",\"url\":\"https:\/\/casinoreturn.com\/hu\/sorsolasos-kaszinok-floridaban\/\",\"name\":\"Sorsol\u00e1sos kaszin\u00f3k Florid\u00e1ban - casinoreturn\",\"isPartOf\":{\"@id\":\"https:\/\/casinoreturn.com\/#website\"},\"primaryImageOfPage\":{\"@id\":\"https:\/\/casinoreturn.com\/hu\/sorsolasos-kaszinok-floridaban\/#primaryimage\"},\"image\":{\"@id\":\"https:\/\/casinoreturn.com\/hu\/sorsolasos-kaszinok-floridaban\/#primaryimage\"},\"thumbnailUrl\":\"https:\/\/casinoreturn.com\/wp-content\/uploads\/2025\/10\/Sweepstake-Casinos-in-Florida.png\",\"datePublished\":\"2025-10-17T16:07:39+00:00\",\"dateModified\":\"2025-10-31T14:24:10+00:00\",\"description\":\"Sweepstake kaszin\u00f3k Florid\u00e1ban futnak a napf\u00e9ny \u00e1llamban prom\u00f3ci\u00f3s verseny, nem pedig tiszta szerencsej\u00e1t\u00e9k, \u00edgy a leg\u00e1lis, egyel\u0151re.\",\"breadcrumb\":{\"@id\":\"https:\/\/casinoreturn.com\/hu\/sorsolasos-kaszinok-floridaban\/#breadcrumb\"},\"inLanguage\":\"hu\",\"potentialAction\":[{\"@type\":\"ReadAction\",\"target\":[\"https:\/\/casinoreturn.com\/hu\/sorsolasos-kaszinok-floridaban\/\"]}]},{\"@type\":\"ImageObject\",\"inLanguage\":\"hu\",\"@id\":\"https:\/\/casinoreturn.com\/hu\/sorsolasos-kaszinok-floridaban\/#primaryimage\",\"url\":\"https:\/\/casinoreturn.com\/wp-content\/uploads\/2025\/10\/Sweepstake-Casinos-in-Florida.png\",\"contentUrl\":\"https:\/\/casinoreturn.com\/wp-content\/uploads\/2025\/10\/Sweepstake-Casinos-in-Florida.png\",\"width\":225,\"height\":225,\"caption\":\"Sweepstake Casinos in Florida\"},{\"@type\":\"BreadcrumbList\",\"@id\":\"https:\/\/casinoreturn.com\/hu\/sorsolasos-kaszinok-floridaban\/#breadcrumb\",\"itemListElement\":[{\"@type\":\"ListItem\",\"position\":1,\"name\":\"Home\",\"item\":\"https:\/\/casinoreturn.com\/hu\/home\/\"},{\"@type\":\"ListItem\",\"position\":2,\"name\":\"Sorsol\u00e1sos kaszin\u00f3k Florid\u00e1ban\"}]},{\"@type\":\"WebSite\",\"@id\":\"https:\/\/casinoreturn.com\/#website\",\"url\":\"https:\/\/casinoreturn.com\/\",\"name\":\"casinoreturn\",\"description\":\"\",\"publisher\":{\"@id\":\"https:\/\/casinoreturn.com\/#organization\"},\"potentialAction\":[{\"@type\":\"SearchAction\",\"target\":{\"@type\":\"EntryPoint\",\"urlTemplate\":\"https:\/\/casinoreturn.com\/?s={search_term_string}\"},\"query-input\":{\"@type\":\"PropertyValueSpecification\",\"valueRequired\":true,\"valueName\":\"search_term_string\"}}],\"inLanguage\":\"hu\"},{\"@type\":\"Organization\",\"@id\":\"https:\/\/casinoreturn.com\/#organization\",\"name\":\"casinoreturn\",\"url\":\"https:\/\/casinoreturn.com\/\",\"logo\":{\"@type\":\"ImageObject\",\"inLanguage\":\"hu\",\"@id\":\"https:\/\/casinoreturn.com\/#\/schema\/logo\/image\/\",\"url\":\"https:\/\/casinoreturn.com\/wp-content\/uploads\/2024\/09\/animal-favicon.png\",\"contentUrl\":\"https:\/\/casinoreturn.com\/wp-content\/uploads\/2024\/09\/animal-favicon.png\",\"width\":92,\"height\":92,\"caption\":\"casinoreturn\"},\"image\":{\"@id\":\"https:\/\/casinoreturn.com\/#\/schema\/logo\/image\/\"}}]}<\/script>\n<!-- \/ Yoast SEO plugin. -->","yoast_head_json":{"title":"Sorsol\u00e1sos kaszin\u00f3k Florid\u00e1ban - casinoreturn","description":"Sweepstake kaszin\u00f3k Florid\u00e1ban futnak a napf\u00e9ny \u00e1llamban prom\u00f3ci\u00f3s verseny, nem pedig tiszta szerencsej\u00e1t\u00e9k, \u00edgy a leg\u00e1lis, egyel\u0151re.","robots":{"index":"index","follow":"follow","max-snippet":"max-snippet:-1","max-image-preview":"max-image-preview:large","max-video-preview":"max-video-preview:-1"},"canonical":"https:\/\/casinoreturn.com\/hu\/sorsolasos-kaszinok-floridaban\/","og_locale":"hu_HU","og_type":"article","og_title":"Sorsol\u00e1sos kaszin\u00f3k Florid\u00e1ban - casinoreturn","og_description":"Sweepstake kaszin\u00f3k Florid\u00e1ban futnak a napf\u00e9ny \u00e1llamban prom\u00f3ci\u00f3s verseny, nem pedig tiszta szerencsej\u00e1t\u00e9k, \u00edgy a leg\u00e1lis, egyel\u0151re.","og_url":"https:\/\/casinoreturn.com\/hu\/sorsolasos-kaszinok-floridaban\/","og_site_name":"casinoreturn","article_modified_time":"2025-10-31T14:24:10+00:00","og_image":[{"width":225,"height":225,"url":"https:\/\/casinoreturn.com\/wp-content\/uploads\/2025\/10\/Sweepstake-Casinos-in-Florida.png","type":"image\/png"}],"twitter_card":"summary_large_image","twitter_misc":{"Becs\u00fclt olvas\u00e1si id\u0151":"3 perc"},"schema":{"@context":"https:\/\/schema.org","@graph":[{"@type":"WebPage","@id":"https:\/\/casinoreturn.com\/hu\/sorsolasos-kaszinok-floridaban\/","url":"https:\/\/casinoreturn.com\/hu\/sorsolasos-kaszinok-floridaban\/","name":"Sorsol\u00e1sos kaszin\u00f3k Florid\u00e1ban - casinoreturn","isPartOf":{"@id":"https:\/\/casinoreturn.com\/#website"},"primaryImageOfPage":{"@id":"https:\/\/casinoreturn.com\/hu\/sorsolasos-kaszinok-floridaban\/#primaryimage"},"image":{"@id":"https:\/\/casinoreturn.com\/hu\/sorsolasos-kaszinok-floridaban\/#primaryimage"},"thumbnailUrl":"https:\/\/casinoreturn.com\/wp-content\/uploads\/2025\/10\/Sweepstake-Casinos-in-Florida.png","datePublished":"2025-10-17T16:07:39+00:00","dateModified":"2025-10-31T14:24:10+00:00","description":"Sweepstake kaszin\u00f3k Florid\u00e1ban futnak a napf\u00e9ny \u00e1llamban prom\u00f3ci\u00f3s verseny, nem pedig tiszta szerencsej\u00e1t\u00e9k, \u00edgy a leg\u00e1lis, egyel\u0151re.","breadcrumb":{"@id":"https:\/\/casinoreturn.com\/hu\/sorsolasos-kaszinok-floridaban\/#breadcrumb"},"inLanguage":"hu","potentialAction":[{"@type":"ReadAction","target":["https:\/\/casinoreturn.com\/hu\/sorsolasos-kaszinok-floridaban\/"]}]},{"@type":"ImageObject","inLanguage":"hu","@id":"https:\/\/casinoreturn.com\/hu\/sorsolasos-kaszinok-floridaban\/#primaryimage","url":"https:\/\/casinoreturn.com\/wp-content\/uploads\/2025\/10\/Sweepstake-Casinos-in-Florida.png","contentUrl":"https:\/\/casinoreturn.com\/wp-content\/uploads\/2025\/10\/Sweepstake-Casinos-in-Florida.png","width":225,"height":225,"caption":"Sweepstake Casinos in Florida"},{"@type":"BreadcrumbList","@id":"https:\/\/casinoreturn.com\/hu\/sorsolasos-kaszinok-floridaban\/#breadcrumb","itemListElement":[{"@type":"ListItem","position":1,"name":"Home","item":"https:\/\/casinoreturn.com\/hu\/home\/"},{"@type":"ListItem","position":2,"name":"Sorsol\u00e1sos kaszin\u00f3k Florid\u00e1ban"}]},{"@type":"WebSite","@id":"https:\/\/casinoreturn.com\/#website","url":"https:\/\/casinoreturn.com\/","name":"casinoreturn","description":"","publisher":{"@id":"https:\/\/casinoreturn.com\/#organization"},"potentialAction":[{"@type":"SearchAction","target":{"@type":"EntryPoint","urlTemplate":"https:\/\/casinoreturn.com\/?s={search_term_string}"},"query-input":{"@type":"PropertyValueSpecification","valueRequired":true,"valueName":"search_term_string"}}],"inLanguage":"hu"},{"@type":"Organization","@id":"https:\/\/casinoreturn.com\/#organization","name":"casinoreturn","url":"https:\/\/casinoreturn.com\/","logo":{"@type":"ImageObject","inLanguage":"hu","@id":"https:\/\/casinoreturn.com\/#\/schema\/logo\/image\/","url":"https:\/\/casinoreturn.com\/wp-content\/uploads\/2024\/09\/animal-favicon.png","contentUrl":"https:\/\/casinoreturn.com\/wp-content\/uploads\/2024\/09\/animal-favicon.png","width":92,"height":92,"caption":"casinoreturn"},"image":{"@id":"https:\/\/casinoreturn.com\/#\/schema\/logo\/image\/"}}]}},"_links":{"self":[{"href":"https:\/\/casinoreturn.com\/hu\/wp-json\/wp\/v2\/pages\/16031","targetHints":{"allow":["GET"]}}],"collection":[{"href":"https:\/\/casinoreturn.com\/hu\/wp-json\/wp\/v2\/pages"}],"about":[{"href":"https:\/\/casinoreturn.com\/hu\/wp-json\/wp\/v2\/types\/page"}],"author":[{"embeddable":true,"href":"https:\/\/casinoreturn.com\/hu\/wp-json\/wp\/v2\/users\/1"}],"replies":[{"embeddable":true,"href":"https:\/\/casinoreturn.com\/hu\/wp-json\/wp\/v2\/comments?post=16031"}],"version-history":[{"count":1,"href":"https:\/\/casinoreturn.com\/hu\/wp-json\/wp\/v2\/pages\/16031\/revisions"}],"predecessor-version":[{"id":16032,"href":"https:\/\/casinoreturn.com\/hu\/wp-json\/wp\/v2\/pages\/16031\/revisions\/16032"}],"wp:featuredmedia":[{"embeddable":true,"href":"https:\/\/casinoreturn.com\/hu\/wp-json\/wp\/v2\/media\/15500"}],"wp:attachment":[{"href":"https:\/\/casinoreturn.com\/hu\/wp-json\/wp\/v2\/media?parent=16031"}],"curies":[{"name":"wp","href":"https:\/\/api.w.org\/{rel}","templated":true}]}}