{"id":16067,"date":"2025-10-15T10:15:30","date_gmt":"2025-10-15T10:15:30","guid":{"rendered":"https:\/\/casinoreturn.com\/pennsylvania-sweepstake-kaszinok\/"},"modified":"2025-10-31T14:39:05","modified_gmt":"2025-10-31T14:39:05","slug":"pennsylvania-sweepstake-kaszinok","status":"publish","type":"page","link":"https:\/\/casinoreturn.com\/hu\/pennsylvania-sweepstake-kaszinok\/","title":{"rendered":"Pennsylvania Sweepstake kaszin\u00f3k"},"content":{"rendered":"\t\t<div data-elementor-type=\"wp-page\" data-elementor-id=\"16067\" class=\"elementor elementor-16067\" data-elementor-post-type=\"page\">\n\t\t\t\t<div class=\"elementor-element elementor-element-feed78d e-con-full e-flex e-con e-parent\" data-id=\"feed78d\" data-element_type=\"container\">\n\t\t\t\t<div class=\"elementor-element elementor-element-61285ac elementor-widget elementor-widget-heading\" data-id=\"61285ac\" data-element_type=\"widget\" data-widget_type=\"heading.default\">\n\t\t\t\t<div class=\"elementor-widget-container\">\n\t\t\t\t\t<h3 class=\"elementor-heading-title elementor-size-default\">Pennsylvania Sweepstake kaszin\u00f3k<\/h3>\t\t\t\t<\/div>\n\t\t\t\t<\/div>\n\t\t\t\t<div class=\"elementor-element elementor-element-d2600d4 elementor-widget elementor-widget-text-editor\" data-id=\"d2600d4\" data-element_type=\"widget\" data-widget_type=\"text-editor.default\">\n\t\t\t\t<div class=\"elementor-widget-container\">\n\t\t\t\t\t\t\t\t\t<p>Sweepstake kaszin\u00f3k Pennsylvania vannak Limbo ut\u00e1n a PGCB, A Pennsylvania Gaming Control Board, kiadott egy \u00e9rtes\u00edt\u00e9st 18 akt\u00edv sweepstake \u00fczemeltet\u0151k.  <\/p>\n<p><img decoding=\"async\" class=\"alignnone size-medium wp-image-14813\" src=\"https:\/\/casinoreturn.com\/wp-content\/uploads\/2025\/10\/Sweep-stake-casino-return-300x166.jpg\" alt=\"Sweep t\u00e9t kaszin\u00f3 visszat\u00e9r\u00e9s\" width=\"300\" height=\"166\" srcset=\"https:\/\/casinoreturn.com\/wp-content\/uploads\/2025\/10\/Sweep-stake-casino-return-300x166.jpg 300w, https:\/\/casinoreturn.com\/wp-content\/uploads\/2025\/10\/Sweep-stake-casino-return-768x424.jpg 768w, https:\/\/casinoreturn.com\/wp-content\/uploads\/2025\/10\/Sweep-stake-casino-return.jpg 906w\" sizes=\"(max-width: 300px) 100vw, 300px\" \/><\/p>\n<p>2025 \u00e1prilis\u00e1ban a sz\u00f3ban forg\u00f3 c\u00e9gek a pennsylvaniai tev\u00e9kenys\u00e9g\u00fcket megsz\u00fcntet\u0151 levelet kaptak. Sok \u00fczemeltet\u0151 m\u00e1r megsz\u00fcntette a lakosoknak ny\u00fajtott szolg\u00e1ltat\u00e1sait, \u00e9s besz\u00fcntette az \u00fczleti tev\u00e9kenys\u00e9g\u00e9t. A PGCB sz\u00f3viv\u0151i illeg\u00e1lisnak tartj\u00e1k a nyerem\u00e9nyj\u00e1t\u00e9kos kaszin\u00f3kat, \u00e9s er\u0151teljesebben l\u00e9pnek fel a bejelent\u00e9s betartat\u00e1sa \u00e9rdek\u00e9ben.  <\/p>\n<p><strong>Ebben a cikkben  <\/strong><\/p>\n<ul>\n<li><a href=\"https:\/\/casinoreturn.com\/hu\/pennsylvania-sweepstake-kaszinok\/#legal\">A sportfogad\u00e1s leg\u00e1lis Pennsylvani\u00e1ban?<\/a><\/li>\n<li>A PA-ban sportfogad\u00e1st k\u00edn\u00e1l\u00f3 mobil kiskereskedelmi szolg\u00e1ltat\u00f3k<\/li>\n<li><a href=\"https:\/\/casinoreturn.com\/pennsylvania-sweepstake#list\">Kaszin\u00f3k list\u00e1ja Pennsylvania \u00e1llamban  <\/a><\/li>\n<li><a href=\"https:\/\/casinoreturn.com\/pennsylvania-sweepstake#real\">J\u00e1tszhatok val\u00f3di p\u00e9nzzel Pennsylvani\u00e1ban?<\/a><\/li>\n<li><a href=\"https:\/\/casinoreturn.com\/pennsylvania-sweepstake#faq\">GYIK Sweepstake kaszin\u00f3k Pennsylvania-ban  <\/a><\/li>\n<\/ul>\n<p><img decoding=\"async\" class=\"alignnone wp-image-15387\" src=\"https:\/\/casinoreturn.com\/wp-content\/uploads\/2025\/10\/Pennsylvania-Sweepstake-Casinos-300x215.jpg\" alt=\"Pennsylvania Sweepstake kaszin\u00f3k\" width=\"250\" height=\"179\" srcset=\"https:\/\/casinoreturn.com\/wp-content\/uploads\/2025\/10\/Pennsylvania-Sweepstake-Casinos-300x215.jpg 300w, https:\/\/casinoreturn.com\/wp-content\/uploads\/2025\/10\/Pennsylvania-Sweepstake-Casinos-768x549.jpg 768w, https:\/\/casinoreturn.com\/wp-content\/uploads\/2025\/10\/Pennsylvania-Sweepstake-Casinos.jpg 800w\" sizes=\"(max-width: 250px) 100vw, 250px\" \/><\/p>\n\t\t\t\t\t\t\t\t<\/div>\n\t\t\t\t<\/div>\n\t\t\t\t<div class=\"elementor-element elementor-element-3291067 elementor-widget elementor-widget-heading\" data-id=\"3291067\" data-element_type=\"widget\" id=\"legal\" data-widget_type=\"heading.default\">\n\t\t\t\t<div class=\"elementor-widget-container\">\n\t\t\t\t\t<h3 class=\"elementor-heading-title elementor-size-default\">A sportfogad\u00e1s leg\u00e1lis Pennsylvani\u00e1ban?  <\/h3>\t\t\t\t<\/div>\n\t\t\t\t<\/div>\n\t\t\t\t<div class=\"elementor-element elementor-element-5ef6b05 elementor-widget elementor-widget-text-editor\" data-id=\"5ef6b05\" data-element_type=\"widget\" data-widget_type=\"text-editor.default\">\n\t\t\t\t<div class=\"elementor-widget-container\">\n\t\t\t\t\t\t\t\t\t<p>A sportfogad\u00e1s Pennsylvani\u00e1ban leg\u00e1lis, \u00e9s 2017 \u00f3ta a PGCB, a Pennsylvania Gaming Control Board szab\u00e1lyozza a House Bill 271 \u00e9rtelm\u00e9ben. A kiskereskedelmi \u00e9s mobil sportfogad\u00e1si m\u0171veletek m\u0171k\u00f6dtet\u00e9s\u00e9re vonatkoz\u00f3 enged\u00e9ly k\u00e9relmez\u00e9s\u00e9hez a m\u00e1rk\u00e1nak mag\u00e1t\u00f3l a PGCB-t\u0151l kell sportfogad\u00e1si tan\u00fas\u00edtv\u00e1nyt k\u00e9rnie, \u00e9s 10 milli\u00f3 USD magas enged\u00e9lyez\u00e9si d\u00edjat kell fizetnie. Az ad\u00f3k 36%-os m\u00e9rt\u00e9ke el\u00e9g magas, ami az egyik f\u0151 oka annak, hogy csak egy tucat m\u00e1rka rendelkezik enged\u00e9llyel.  <\/p>\n<p>De vannak korl\u00e1toz\u00e1sok. Pennsylvania NEM enged\u00e9lyezi a k\u00f6z\u00e9piskolai fogad\u00e1sokat, ahogy egy\u00e9bk\u00e9nt m\u00e1s amerikai \u00e1llamok sem. Ugyanez vonatkozik a hazai f\u0151iskolai sportesem\u00e9nyekre is.  <\/p>\n<p>Egy korl\u00e1toz\u00e1s kiemelkedik a t\u00f6bbi k\u00f6z\u00fcl, ez pedig a politik\u00e1ra val\u00f3 fogad\u00e1s. Pennsylvani\u00e1ban ez nem megy.  <\/p>\n<p>Az eSportfogad\u00e1s egyel\u0151re szint\u00e9n ki van z\u00e1rva a PGCB t\u00f6rv\u00e9nyei \u00e9s hat\u00e1sk\u00f6re al\u00f3l.  <\/p>\n<h4>Sportfogad\u00e1st k\u00edn\u00e1l\u00f3 mobil kiskereskedelmi szolg\u00e1ltat\u00f3k PA-ban<\/h4>\n<ul>\n<li>FanDuel, 2021 \u00f3ta enged\u00e9lyezett, Megb\u00edzhat\u00f3, j\u00f3 h\u00edr\u0171 sportfogad\u00e1si m\u00e1rka<\/li>\n<li>DraftKings, 2020 \u00f3ta enged\u00e9lyezett, amerikai \u00fczemeltet\u0151 hatalmas k\u00f6vet\u0151vel<\/li>\n<li>BetMGM, 2020 \u00f3ta enged\u00e9lyezett, az USA legnagyobb j\u00e1t\u00e9kosai k\u00f6z\u00f6tt az els\u0151 5 k\u00f6z\u00f6tt van<\/li>\n<li>bet365, 2025 \u00f3ta enged\u00e9lyezett, Eur\u00f3pa v\u00e1lasza a Fanduel \u00e9s t\u00e1rsaira.<\/li>\n<li>Pala Interactive, 2022 \u00f3ta enged\u00e9lyezett, k\u00f6zepes m\u00e9ret\u0171 \u00fczemeltet\u0151 PA-ban<\/li>\n<li>UniBet, j\u00f3v\u00e1hagyva a kaszin\u00f3 \u00e9s sportfogad\u00e1sra<\/li>\n<li>SBTech Malta Ltd, sportfogad\u00e1st k\u00edn\u00e1l\u00f3 m\u00e1rk\u00e1k platformja  <\/li>\n<li>American Wagering, j\u00f3v\u00e1hagy\u00e1sra v\u00e1r<\/li>\n<\/ul>\n\t\t\t\t\t\t\t\t<\/div>\n\t\t\t\t<\/div>\n\t\t\t\t<div class=\"elementor-element elementor-element-35f12d6 elementor-widget elementor-widget-heading\" data-id=\"35f12d6\" data-element_type=\"widget\" id=\"list\" data-widget_type=\"heading.default\">\n\t\t\t\t<div class=\"elementor-widget-container\">\n\t\t\t\t\t<h3 class=\"elementor-heading-title elementor-size-default\">Kaszin\u00f3k list\u00e1ja Pennsylvania \u00e1llamban<\/h3>\t\t\t\t<\/div>\n\t\t\t\t<\/div>\n\t\t\t\t<div class=\"elementor-element elementor-element-7dcb10b elementor-view-default elementor-widget elementor-widget-icon\" data-id=\"7dcb10b\" data-element_type=\"widget\" data-widget_type=\"icon.default\">\n\t\t\t\t<div class=\"elementor-widget-container\">\n\t\t\t\t\t\t\t<div class=\"elementor-icon-wrapper\">\n\t\t\t<div class=\"elementor-icon\">\n\t\t\t<i aria-hidden=\"true\" class=\"fas fa-star\"><\/i>\t\t\t<\/div>\n\t\t<\/div>\n\t\t\t\t\t\t<\/div>\n\t\t\t\t<\/div>\n\t\t\t\t<div class=\"elementor-element elementor-element-eb36c18 elementor-widget elementor-widget-text-editor\" data-id=\"eb36c18\" data-element_type=\"widget\" data-widget_type=\"text-editor.default\">\n\t\t\t\t<div class=\"elementor-widget-container\">\n\t\t\t\t\t\t\t\t\t<h4>Bet365 sportfogad\u00e1s  <\/h4>\n<ul>\n<li>100% \u00fcdv\u00f6zl\u0151 b\u00f3nusz ak\u00e1r USD $ 1000 + 500 p\u00f6rget\u00e9sekig<\/li>\n<li>Minim\u00e1lis befizet\u00e9s USD$10  <\/li>\n<li>Alacsony t\u00e9t csak 25-sz\u00f6r<\/li>\n<li>Az egyik legjobb el\u00e9rhet\u0151 sportfogad\u00e1si alkalmaz\u00e1s<\/li>\n<li> <\/li>\n<\/ul>\n\t\t\t\t\t\t\t\t<\/div>\n\t\t\t\t<\/div>\n\t\t\t\t<div class=\"elementor-element elementor-element-da802c6 elementor-align-center elementor-widget elementor-widget-button\" data-id=\"da802c6\" data-element_type=\"widget\" data-widget_type=\"button.default\">\n\t\t\t\t<div class=\"elementor-widget-container\">\n\t\t\t\t\t\t\t\t\t<div class=\"elementor-button-wrapper\">\n\t\t\t\t\t<a class=\"elementor-button elementor-button-link elementor-size-sm\" href=\"#\">\n\t\t\t\t\t\t<span class=\"elementor-button-content-wrapper\">\n\t\t\t\t\t\t\t\t\t<span class=\"elementor-button-text\">Ig\u00e9nyl\u00e9s itt a Bet365 eset\u00e9ben  <\/span>\n\t\t\t\t\t<\/span>\n\t\t\t\t\t<\/a>\n\t\t\t\t<\/div>\n\t\t\t\t\t\t\t\t<\/div>\n\t\t\t\t<\/div>\n\t\t\t\t<div class=\"elementor-element elementor-element-ff1e285 elementor-widget elementor-widget-heading\" data-id=\"ff1e285\" data-element_type=\"widget\" id=\"real\" data-widget_type=\"heading.default\">\n\t\t\t\t<div class=\"elementor-widget-container\">\n\t\t\t\t\t<h3 class=\"elementor-heading-title elementor-size-default\">J\u00e1tszhatok val\u00f3di p\u00e9nzzel Pennsylvani\u00e1ban?<\/h3>\t\t\t\t<\/div>\n\t\t\t\t<\/div>\n\t\t\t\t<div class=\"elementor-element elementor-element-f23df3a elementor-widget elementor-widget-text-editor\" data-id=\"f23df3a\" data-element_type=\"widget\" data-widget_type=\"text-editor.default\">\n\t\t\t\t<div class=\"elementor-widget-container\">\n\t\t\t\t\t\t\t\t\t<p>Igen, Pennsylvania lakosai val\u00f3di p\u00e9nzzel j\u00e1tszhatnak a kaszin\u00f3kban. Minimum \u00e9letkor 21+. \u00d6ssze\u00e1ll\u00edtottunk egy list\u00e1t a jelenlegi sz\u00e1razf\u00f6ldi kaszin\u00f3kr\u00f3l Pennsylvani\u00e1ban.  <\/p>\n<p><strong>Sz\u00e1razf\u00f6ldi kaszin\u00f3k PA, US<\/strong><\/p>\n<ul>\n<li>Harrahs PA kaszin\u00f3 \u00e9s versenyp\u00e1lya, Chester<\/li>\n<li>Rivers Casino PA,  <\/li>\n<li>Parx Casino and Racing, Bensalem<\/li>\n<li>\u00c9l\u0151ben! Hotel \u00e9s kaszin\u00f3, PA<\/li>\n<li>Valley Forge Resort, King of Prussia<\/li>\n<li>Hollywood Casino a Penn National versenyp\u00e1ly\u00e1n, Grantville<\/li>\n<li>Mohegan Sun Pocono, Wilkes-Barre<\/li>\n<li>Lady Luck Casino, Farmington<\/li>\n<\/ul>\n\t\t\t\t\t\t\t\t<\/div>\n\t\t\t\t<\/div>\n\t\t\t\t<div class=\"elementor-element elementor-element-f9f4919 elementor-widget elementor-widget-heading\" data-id=\"f9f4919\" data-element_type=\"widget\" id=\"faq\" data-widget_type=\"heading.default\">\n\t\t\t\t<div class=\"elementor-widget-container\">\n\t\t\t\t\t<h3 class=\"elementor-heading-title elementor-size-default\">GYIK Sweepstake kaszin\u00f3k Pennsylvania-ban<\/h3>\t\t\t\t<\/div>\n\t\t\t\t<\/div>\n\t\t\t\t<div class=\"elementor-element elementor-element-3f14f5d elementor-widget elementor-widget-elementskit-faq\" data-id=\"3f14f5d\" data-element_type=\"widget\" data-widget_type=\"elementskit-faq.default\">\n\t\t\t\t<div class=\"elementor-widget-container\">\n\t\t\t\t\t<div class=\"ekit-wid-con\" >\n                <div class=\"elementskit-single-faq elementor-repeater-item-f98fd40\">\n            <div class=\"elementskit-faq-header\">\n                <h2 class=\"elementskit-faq-title\">Are Social Casinos legal in PA?<\/h2>\n            <\/div>\n            <div class=\"elementskit-faq-body\">\n                Social casinos offering sweepstakes promotions were prohibited in April 2025 by the PGCB. Those operators were deemed illegal and therefore faced a shutdown. 18 known brands received a letter of cease-and-desist from the board            <\/div>\n        <\/div>\n                <div class=\"elementskit-single-faq elementor-repeater-item-dde268b\">\n            <div class=\"elementskit-faq-header\">\n                <h2 class=\"elementskit-faq-title\">Which legal casinos can I visit in PA?<\/h2>\n            <\/div>\n            <div class=\"elementskit-faq-body\">\n                Player of the age of 21+ are allowed to visit land-based casinos. The PCGB also issues licences to Online Casinos, Mobile Sports Betting operators, Online Poker, and Fantasy sports.            <\/div>\n        <\/div>\n                <div class=\"elementskit-single-faq elementor-repeater-item-525abea\">\n            <div class=\"elementskit-faq-header\">\n                <h2 class=\"elementskit-faq-title\">Can I bet on Colleague Football in PA?<\/h2>\n            <\/div>\n            <div class=\"elementskit-faq-body\">\n                The answer is NO, you can't. \n\nBetting on High school events are illegal \nBetting on Colleague events are illegal\nBetting on Politics are illegal\neSports Betting is illegal             <\/div>\n        <\/div>\n                \n    <\/div>\t\t\t\t<\/div>\n\t\t\t\t<\/div>\n\t\t\t\t<\/div>\n\t\t\t\t<\/div>\n\t\t","protected":false},"excerpt":{"rendered":"<p>Pennsylvania Sweepstake kaszin\u00f3k Sweepstake kaszin\u00f3k Pennsylvania vannak Limbo ut\u00e1n a PGCB, A Pennsylvania Gaming Control Board, kiadott egy \u00e9rtes\u00edt\u00e9st 18 akt\u00edv sweepstake \u00fczemeltet\u0151k. 2025 \u00e1prilis\u00e1ban a sz\u00f3ban forg\u00f3 c\u00e9gek a pennsylvaniai tev\u00e9kenys\u00e9g\u00fcket megsz\u00fcntet\u0151 levelet kaptak. Sok \u00fczemeltet\u0151 m\u00e1r megsz\u00fcntette a lakosoknak ny\u00fajtott szolg\u00e1ltat\u00e1sait, \u00e9s besz\u00fcntette az \u00fczleti tev\u00e9kenys\u00e9g\u00e9t. A PGCB sz\u00f3viv\u0151i illeg\u00e1lisnak tartj\u00e1k a nyerem\u00e9nyj\u00e1t\u00e9kos [&hellip;]<\/p>\n","protected":false},"author":1,"featured_media":15391,"parent":0,"menu_order":0,"comment_status":"closed","ping_status":"closed","template":"","meta":{"footnotes":""},"class_list":["post-16067","page","type-page","status-publish","has-post-thumbnail","hentry"],"blocksy_meta":[],"acf":[],"yoast_head":"<!-- This site is optimized with the Yoast SEO plugin v24.1 - https:\/\/yoast.com\/wordpress\/plugins\/seo\/ -->\n<title>Pennsylvania Sweepstake kaszin\u00f3k - casinoreturn<\/title>\n<meta name=\"description\" content=\"Pennsylvania Sweepstake kaszin\u00f3k a Gaming Control Board ellen\u0151rz\u00e9se alatt. 18 nyerem\u00e9nyj\u00e1t\u00e9k-\u00fczemeltet\u0151 kapott \u00e9rtes\u00edt\u00e9st, hogy vonja vissza a m\u00e1rk\u00e1j\u00e1t.\" \/>\n<meta name=\"robots\" content=\"index, follow, max-snippet:-1, max-image-preview:large, max-video-preview:-1\" \/>\n<link rel=\"canonical\" href=\"https:\/\/casinoreturn.com\/hu\/pennsylvania-sweepstake-kaszinok\/\" \/>\n<meta property=\"og:locale\" content=\"hu_HU\" \/>\n<meta property=\"og:type\" content=\"article\" \/>\n<meta property=\"og:title\" content=\"Pennsylvania Sweepstake kaszin\u00f3k - casinoreturn\" \/>\n<meta property=\"og:description\" content=\"Pennsylvania Sweepstake kaszin\u00f3k a Gaming Control Board ellen\u0151rz\u00e9se alatt. 18 nyerem\u00e9nyj\u00e1t\u00e9k-\u00fczemeltet\u0151 kapott \u00e9rtes\u00edt\u00e9st, hogy vonja vissza a m\u00e1rk\u00e1j\u00e1t.\" \/>\n<meta property=\"og:url\" content=\"https:\/\/casinoreturn.com\/hu\/pennsylvania-sweepstake-kaszinok\/\" \/>\n<meta property=\"og:site_name\" content=\"casinoreturn\" \/>\n<meta property=\"article:modified_time\" content=\"2025-10-31T14:39:05+00:00\" \/>\n<meta property=\"og:image\" content=\"https:\/\/casinoreturn.com\/wp-content\/uploads\/2025\/10\/Pennsylvania-Sweepstake-Casinos.jpg\" \/>\n\t<meta property=\"og:image:width\" content=\"800\" \/>\n\t<meta property=\"og:image:height\" content=\"572\" \/>\n\t<meta property=\"og:image:type\" content=\"image\/jpeg\" \/>\n<meta name=\"twitter:card\" content=\"summary_large_image\" \/>\n<meta name=\"twitter:label1\" content=\"Becs\u00fclt olvas\u00e1si id\u0151\" \/>\n\t<meta name=\"twitter:data1\" content=\"3 perc\" \/>\n<script type=\"application\/ld+json\" class=\"yoast-schema-graph\">{\"@context\":\"https:\/\/schema.org\",\"@graph\":[{\"@type\":\"WebPage\",\"@id\":\"https:\/\/casinoreturn.com\/hu\/pennsylvania-sweepstake-kaszinok\/\",\"url\":\"https:\/\/casinoreturn.com\/hu\/pennsylvania-sweepstake-kaszinok\/\",\"name\":\"Pennsylvania Sweepstake kaszin\u00f3k - casinoreturn\",\"isPartOf\":{\"@id\":\"https:\/\/casinoreturn.com\/#website\"},\"primaryImageOfPage\":{\"@id\":\"https:\/\/casinoreturn.com\/hu\/pennsylvania-sweepstake-kaszinok\/#primaryimage\"},\"image\":{\"@id\":\"https:\/\/casinoreturn.com\/hu\/pennsylvania-sweepstake-kaszinok\/#primaryimage\"},\"thumbnailUrl\":\"https:\/\/casinoreturn.com\/wp-content\/uploads\/2025\/10\/Pennsylvania-Sweepstake-Casinos.jpg\",\"datePublished\":\"2025-10-15T10:15:30+00:00\",\"dateModified\":\"2025-10-31T14:39:05+00:00\",\"description\":\"Pennsylvania Sweepstake kaszin\u00f3k a Gaming Control Board ellen\u0151rz\u00e9se alatt. 18 nyerem\u00e9nyj\u00e1t\u00e9k-\u00fczemeltet\u0151 kapott \u00e9rtes\u00edt\u00e9st, hogy vonja vissza a m\u00e1rk\u00e1j\u00e1t.\",\"breadcrumb\":{\"@id\":\"https:\/\/casinoreturn.com\/hu\/pennsylvania-sweepstake-kaszinok\/#breadcrumb\"},\"inLanguage\":\"hu\",\"potentialAction\":[{\"@type\":\"ReadAction\",\"target\":[\"https:\/\/casinoreturn.com\/hu\/pennsylvania-sweepstake-kaszinok\/\"]}]},{\"@type\":\"ImageObject\",\"inLanguage\":\"hu\",\"@id\":\"https:\/\/casinoreturn.com\/hu\/pennsylvania-sweepstake-kaszinok\/#primaryimage\",\"url\":\"https:\/\/casinoreturn.com\/wp-content\/uploads\/2025\/10\/Pennsylvania-Sweepstake-Casinos.jpg\",\"contentUrl\":\"https:\/\/casinoreturn.com\/wp-content\/uploads\/2025\/10\/Pennsylvania-Sweepstake-Casinos.jpg\",\"width\":800,\"height\":572,\"caption\":\"Pennsylvania Sweepstake Casinos\"},{\"@type\":\"BreadcrumbList\",\"@id\":\"https:\/\/casinoreturn.com\/hu\/pennsylvania-sweepstake-kaszinok\/#breadcrumb\",\"itemListElement\":[{\"@type\":\"ListItem\",\"position\":1,\"name\":\"Home\",\"item\":\"https:\/\/casinoreturn.com\/hu\/home\/\"},{\"@type\":\"ListItem\",\"position\":2,\"name\":\"Pennsylvania Sweepstake kaszin\u00f3k\"}]},{\"@type\":\"WebSite\",\"@id\":\"https:\/\/casinoreturn.com\/#website\",\"url\":\"https:\/\/casinoreturn.com\/\",\"name\":\"casinoreturn\",\"description\":\"\",\"publisher\":{\"@id\":\"https:\/\/casinoreturn.com\/#organization\"},\"potentialAction\":[{\"@type\":\"SearchAction\",\"target\":{\"@type\":\"EntryPoint\",\"urlTemplate\":\"https:\/\/casinoreturn.com\/?s={search_term_string}\"},\"query-input\":{\"@type\":\"PropertyValueSpecification\",\"valueRequired\":true,\"valueName\":\"search_term_string\"}}],\"inLanguage\":\"hu\"},{\"@type\":\"Organization\",\"@id\":\"https:\/\/casinoreturn.com\/#organization\",\"name\":\"casinoreturn\",\"url\":\"https:\/\/casinoreturn.com\/\",\"logo\":{\"@type\":\"ImageObject\",\"inLanguage\":\"hu\",\"@id\":\"https:\/\/casinoreturn.com\/#\/schema\/logo\/image\/\",\"url\":\"https:\/\/casinoreturn.com\/wp-content\/uploads\/2024\/09\/animal-favicon.png\",\"contentUrl\":\"https:\/\/casinoreturn.com\/wp-content\/uploads\/2024\/09\/animal-favicon.png\",\"width\":92,\"height\":92,\"caption\":\"casinoreturn\"},\"image\":{\"@id\":\"https:\/\/casinoreturn.com\/#\/schema\/logo\/image\/\"}}]}<\/script>\n<!-- \/ Yoast SEO plugin. -->","yoast_head_json":{"title":"Pennsylvania Sweepstake kaszin\u00f3k - casinoreturn","description":"Pennsylvania Sweepstake kaszin\u00f3k a Gaming Control Board ellen\u0151rz\u00e9se alatt. 18 nyerem\u00e9nyj\u00e1t\u00e9k-\u00fczemeltet\u0151 kapott \u00e9rtes\u00edt\u00e9st, hogy vonja vissza a m\u00e1rk\u00e1j\u00e1t.","robots":{"index":"index","follow":"follow","max-snippet":"max-snippet:-1","max-image-preview":"max-image-preview:large","max-video-preview":"max-video-preview:-1"},"canonical":"https:\/\/casinoreturn.com\/hu\/pennsylvania-sweepstake-kaszinok\/","og_locale":"hu_HU","og_type":"article","og_title":"Pennsylvania Sweepstake kaszin\u00f3k - casinoreturn","og_description":"Pennsylvania Sweepstake kaszin\u00f3k a Gaming Control Board ellen\u0151rz\u00e9se alatt. 18 nyerem\u00e9nyj\u00e1t\u00e9k-\u00fczemeltet\u0151 kapott \u00e9rtes\u00edt\u00e9st, hogy vonja vissza a m\u00e1rk\u00e1j\u00e1t.","og_url":"https:\/\/casinoreturn.com\/hu\/pennsylvania-sweepstake-kaszinok\/","og_site_name":"casinoreturn","article_modified_time":"2025-10-31T14:39:05+00:00","og_image":[{"width":800,"height":572,"url":"https:\/\/casinoreturn.com\/wp-content\/uploads\/2025\/10\/Pennsylvania-Sweepstake-Casinos.jpg","type":"image\/jpeg"}],"twitter_card":"summary_large_image","twitter_misc":{"Becs\u00fclt olvas\u00e1si id\u0151":"3 perc"},"schema":{"@context":"https:\/\/schema.org","@graph":[{"@type":"WebPage","@id":"https:\/\/casinoreturn.com\/hu\/pennsylvania-sweepstake-kaszinok\/","url":"https:\/\/casinoreturn.com\/hu\/pennsylvania-sweepstake-kaszinok\/","name":"Pennsylvania Sweepstake kaszin\u00f3k - casinoreturn","isPartOf":{"@id":"https:\/\/casinoreturn.com\/#website"},"primaryImageOfPage":{"@id":"https:\/\/casinoreturn.com\/hu\/pennsylvania-sweepstake-kaszinok\/#primaryimage"},"image":{"@id":"https:\/\/casinoreturn.com\/hu\/pennsylvania-sweepstake-kaszinok\/#primaryimage"},"thumbnailUrl":"https:\/\/casinoreturn.com\/wp-content\/uploads\/2025\/10\/Pennsylvania-Sweepstake-Casinos.jpg","datePublished":"2025-10-15T10:15:30+00:00","dateModified":"2025-10-31T14:39:05+00:00","description":"Pennsylvania Sweepstake kaszin\u00f3k a Gaming Control Board ellen\u0151rz\u00e9se alatt. 18 nyerem\u00e9nyj\u00e1t\u00e9k-\u00fczemeltet\u0151 kapott \u00e9rtes\u00edt\u00e9st, hogy vonja vissza a m\u00e1rk\u00e1j\u00e1t.","breadcrumb":{"@id":"https:\/\/casinoreturn.com\/hu\/pennsylvania-sweepstake-kaszinok\/#breadcrumb"},"inLanguage":"hu","potentialAction":[{"@type":"ReadAction","target":["https:\/\/casinoreturn.com\/hu\/pennsylvania-sweepstake-kaszinok\/"]}]},{"@type":"ImageObject","inLanguage":"hu","@id":"https:\/\/casinoreturn.com\/hu\/pennsylvania-sweepstake-kaszinok\/#primaryimage","url":"https:\/\/casinoreturn.com\/wp-content\/uploads\/2025\/10\/Pennsylvania-Sweepstake-Casinos.jpg","contentUrl":"https:\/\/casinoreturn.com\/wp-content\/uploads\/2025\/10\/Pennsylvania-Sweepstake-Casinos.jpg","width":800,"height":572,"caption":"Pennsylvania Sweepstake Casinos"},{"@type":"BreadcrumbList","@id":"https:\/\/casinoreturn.com\/hu\/pennsylvania-sweepstake-kaszinok\/#breadcrumb","itemListElement":[{"@type":"ListItem","position":1,"name":"Home","item":"https:\/\/casinoreturn.com\/hu\/home\/"},{"@type":"ListItem","position":2,"name":"Pennsylvania Sweepstake kaszin\u00f3k"}]},{"@type":"WebSite","@id":"https:\/\/casinoreturn.com\/#website","url":"https:\/\/casinoreturn.com\/","name":"casinoreturn","description":"","publisher":{"@id":"https:\/\/casinoreturn.com\/#organization"},"potentialAction":[{"@type":"SearchAction","target":{"@type":"EntryPoint","urlTemplate":"https:\/\/casinoreturn.com\/?s={search_term_string}"},"query-input":{"@type":"PropertyValueSpecification","valueRequired":true,"valueName":"search_term_string"}}],"inLanguage":"hu"},{"@type":"Organization","@id":"https:\/\/casinoreturn.com\/#organization","name":"casinoreturn","url":"https:\/\/casinoreturn.com\/","logo":{"@type":"ImageObject","inLanguage":"hu","@id":"https:\/\/casinoreturn.com\/#\/schema\/logo\/image\/","url":"https:\/\/casinoreturn.com\/wp-content\/uploads\/2024\/09\/animal-favicon.png","contentUrl":"https:\/\/casinoreturn.com\/wp-content\/uploads\/2024\/09\/animal-favicon.png","width":92,"height":92,"caption":"casinoreturn"},"image":{"@id":"https:\/\/casinoreturn.com\/#\/schema\/logo\/image\/"}}]}},"_links":{"self":[{"href":"https:\/\/casinoreturn.com\/hu\/wp-json\/wp\/v2\/pages\/16067","targetHints":{"allow":["GET"]}}],"collection":[{"href":"https:\/\/casinoreturn.com\/hu\/wp-json\/wp\/v2\/pages"}],"about":[{"href":"https:\/\/casinoreturn.com\/hu\/wp-json\/wp\/v2\/types\/page"}],"author":[{"embeddable":true,"href":"https:\/\/casinoreturn.com\/hu\/wp-json\/wp\/v2\/users\/1"}],"replies":[{"embeddable":true,"href":"https:\/\/casinoreturn.com\/hu\/wp-json\/wp\/v2\/comments?post=16067"}],"version-history":[{"count":1,"href":"https:\/\/casinoreturn.com\/hu\/wp-json\/wp\/v2\/pages\/16067\/revisions"}],"predecessor-version":[{"id":16068,"href":"https:\/\/casinoreturn.com\/hu\/wp-json\/wp\/v2\/pages\/16067\/revisions\/16068"}],"wp:featuredmedia":[{"embeddable":true,"href":"https:\/\/casinoreturn.com\/hu\/wp-json\/wp\/v2\/media\/15391"}],"wp:attachment":[{"href":"https:\/\/casinoreturn.com\/hu\/wp-json\/wp\/v2\/media?parent=16067"}],"curies":[{"name":"wp","href":"https:\/\/api.w.org\/{rel}","templated":true}]}}