{"id":4454,"date":"2024-11-11T14:03:43","date_gmt":"2024-11-11T14:03:43","guid":{"rendered":"https:\/\/casinoreturn.com\/fekete-listas-kaszinok\/"},"modified":"2025-03-31T17:56:20","modified_gmt":"2025-03-31T17:56:20","slug":"fekete-listas-kaszinok","status":"publish","type":"page","link":"https:\/\/casinoreturn.com\/hu\/fekete-listas-kaszinok\/","title":{"rendered":"Fekete list\u00e1s kaszin\u00f3k"},"content":{"rendered":"\t\t<div data-elementor-type=\"wp-page\" data-elementor-id=\"4454\" class=\"elementor elementor-4454\" data-elementor-post-type=\"page\">\n\t\t\t\t<div class=\"elementor-element elementor-element-1c57588 e-con-full e-flex e-con e-parent\" data-id=\"1c57588\" data-element_type=\"container\">\n\t\t\t\t<div class=\"elementor-element elementor-element-97f3017 elementor-widget elementor-widget-image\" data-id=\"97f3017\" data-element_type=\"widget\" data-widget_type=\"image.default\">\n\t\t\t\t<div class=\"elementor-widget-container\">\n\t\t\t\t\t\t\t\t\t\t\t\t<figure class=\"wp-caption\">\n\t\t\t\t\t\t\t\t\t\t<img decoding=\"async\" width=\"200\" height=\"200\" src=\"https:\/\/casinoreturn.com\/wp-content\/uploads\/2024\/11\/Black-Listed-Casinos.png\" class=\"attachment-large size-large wp-image-3138\" alt=\"Black Listed Casinos\" srcset=\"https:\/\/casinoreturn.com\/wp-content\/uploads\/2024\/11\/Black-Listed-Casinos.png 200w, https:\/\/casinoreturn.com\/wp-content\/uploads\/2024\/11\/Black-Listed-Casinos-150x150.png 150w\" sizes=\"(max-width: 200px) 100vw, 200px\" \/>\t\t\t\t\t\t\t\t\t\t\t<figcaption class=\"widget-image-caption wp-caption-text\">Yay or Nay of Online Casinos<\/figcaption>\n\t\t\t\t\t\t\t\t\t\t<\/figure>\n\t\t\t\t\t\t\t\t\t<\/div>\n\t\t\t\t<\/div>\n\t\t\t\t<\/div>\n\t\t<div class=\"elementor-element elementor-element-1ef8313 e-con-full e-flex e-con e-parent\" data-id=\"1ef8313\" data-element_type=\"container\">\n\t\t\t\t<div class=\"elementor-element elementor-element-890a450 elementor-widget elementor-widget-heading\" data-id=\"890a450\" data-element_type=\"widget\" data-widget_type=\"heading.default\">\n\t\t\t\t<div class=\"elementor-widget-container\">\n\t\t\t\t\t<h2 class=\"elementor-heading-title elementor-size-default\">A Black Listed Casinos a kaszin\u00f3\u00fczemeltet\u0151k j\u00f3, rossz \u00e9s cs\u00fanya csoportj\u00e1nak r\u00e9sze.  <\/h2>\t\t\t\t<\/div>\n\t\t\t\t<\/div>\n\t\t\t\t<\/div>\n\t\t<div class=\"elementor-element elementor-element-309d100 e-con-full e-flex e-con e-parent\" data-id=\"309d100\" data-element_type=\"container\">\n\t\t\t\t<div class=\"elementor-element elementor-element-c6c5629 elementor-widget elementor-widget-text-editor\" data-id=\"c6c5629\" data-element_type=\"widget\" data-widget_type=\"text-editor.default\">\n\t\t\t\t<div class=\"elementor-widget-container\">\n\t\t\t\t\t\t\t\t\t<p><strong>Fekete list\u00e1s kaszin\u00f3k \u00e9s Mi\u00e9rt list\u00e1zunk egy kaszin\u00f3t kev\u00e9sb\u00e9 kedvez\u0151 v\u00e9lem\u00e9nyekkel?<\/strong><\/p>\n\t\t\t\t\t\t\t\t<\/div>\n\t\t\t\t<\/div>\n\t\t\t\t<\/div>\n\t\t<div class=\"elementor-element elementor-element-7ca80b1 e-con-full e-flex e-con e-parent\" data-id=\"7ca80b1\" data-element_type=\"container\">\n\t\t\t\t<div class=\"elementor-element elementor-element-dcf79ac elementor-widget elementor-widget-text-editor\" data-id=\"dcf79ac\" data-element_type=\"widget\" data-widget_type=\"text-editor.default\">\n\t\t\t\t<div class=\"elementor-widget-container\">\n\t\t\t\t\t\t\t\t\t<p>A feketelist\u00e1s kaszin\u00f3k sajnos a j\u00e1t\u00e9k r\u00e9szei. Van n\u00e9h\u00e1ny ok, ami\u00e9rt egy kaszin\u00f3 vagy sportfogad\u00e1si szolg\u00e1ltat\u00f3 ide ker\u00fclhet. Etikai okok, a j\u00e1t\u00e9kosok \u00e9s az \u00fczleti partnerek visszajelz\u00e9sei.    <\/p>\n<ul>\n<li>pl. A j\u00e1t\u00e9kosoknak megoldatlan \u00e9s f\u00fcgg\u0151ben l\u00e9v\u0151 visszavon\u00e1sok vannak.  <\/li>\n<li>Nincs \u00e9rv\u00e9nyes enged\u00e9ly<\/li>\n<li>A p\u00e9nzeszk\u00f6z\u00f6k elkobz\u00e1sa<\/li>\n<li>Meg\u00e1llapodott \u00fczleti tranzakci\u00f3k visszatart\u00e1sa  <\/li>\n<li>Az \u00c1SZF rejtett vagy nehezen \u00e9rthet\u0151<\/li>\n<li>A fogad\u00e1si k\u00f6vetelm\u00e9nyek az \u00e9gbe sz\u00f6knek  <\/li>\n<li>Hi\u00e1nyos \u00fcgyf\u00e9lszolg\u00e1lat, amely csak e-mailre korl\u00e1toz\u00f3dik<\/li>\n<\/ul>\n<p>&#8230;.. csak hogy n\u00e9h\u00e1nyat eml\u00edtsek. Teh\u00e1t, ha tal\u00e1lja mag\u00e1t, mint egy \u00fczemeltet\u0151 itt, Akkor a jelenlegi online kaszin\u00f3 itt. Gondolja \u00fajra.  <\/p>\n\t\t\t\t\t\t\t\t<\/div>\n\t\t\t\t<\/div>\n\t\t\t\t<\/div>\n\t\t<div class=\"elementor-element elementor-element-3a8e4fc e-con-full e-flex e-con e-parent\" data-id=\"3a8e4fc\" data-element_type=\"container\">\n\t\t\t\t<div class=\"elementor-element elementor-element-a1f5bba elementor-widget elementor-widget-heading\" data-id=\"a1f5bba\" data-element_type=\"widget\" data-widget_type=\"heading.default\">\n\t\t\t\t<div class=\"elementor-widget-container\">\n\t\t\t\t\t<h3 class=\"elementor-heading-title elementor-size-default\">Nay's az online kaszin\u00f3<\/h3>\t\t\t\t<\/div>\n\t\t\t\t<\/div>\n\t\t\t\t<\/div>\n\t\t<div class=\"elementor-element elementor-element-f1d6178 e-con-full e-flex e-con e-parent\" data-id=\"f1d6178\" data-element_type=\"container\">\n\t\t\t\t<div class=\"elementor-element elementor-element-7380f5d elementor--h-position-center elementor--v-position-middle elementor-arrows-position-inside elementor-pagination-position-inside elementor-widget elementor-widget-slides\" data-id=\"7380f5d\" data-element_type=\"widget\" data-settings=\"{&quot;navigation&quot;:&quot;both&quot;,&quot;autoplay&quot;:&quot;yes&quot;,&quot;pause_on_hover&quot;:&quot;yes&quot;,&quot;pause_on_interaction&quot;:&quot;yes&quot;,&quot;autoplay_speed&quot;:5000,&quot;infinite&quot;:&quot;yes&quot;,&quot;transition&quot;:&quot;slide&quot;,&quot;transition_speed&quot;:500}\" data-widget_type=\"slides.default\">\n\t\t\t\t<div class=\"elementor-widget-container\">\n\t\t\t\t\t\t\t<div class=\"elementor-swiper\">\n\t\t\t<div class=\"elementor-slides-wrapper elementor-main-swiper swiper-container\" dir=\"ltr\" data-animation=\"fadeInUp\">\n\t\t\t\t<div class=\"swiper-wrapper elementor-slides\">\n\t\t\t\t\t\t\t\t\t\t<div class=\"elementor-repeater-item-3438376 swiper-slide\"><div class=\"swiper-slide-bg\" role=\"img\"><\/div><div class=\"swiper-slide-inner\" ><div class=\"swiper-slide-contents\"><div class=\"elementor-slide-heading\">Bovada<\/div><div class=\"elementor-slide-description\"><p>Mivel r\u00e9sze egy nagyobb testv\u00e9r \u00e9s nagyobb kaszin\u00f3 nem tette, hogy a kaszin\u00f3 valami, amit aj\u00e1nlunk<\/p>\n<\/div><div  class=\"elementor-button elementor-slide-button elementor-size-sm\">Ker\u00fclje a  <\/div><\/div><\/div><\/div><div class=\"elementor-repeater-item-aa01b44 swiper-slide\"><div class=\"swiper-slide-bg\" role=\"img\"><\/div><div class=\"swiper-slide-inner\" ><div class=\"swiper-slide-contents\"><div class=\"elementor-slide-heading\">God55<\/div><div class=\"elementor-slide-description\"><p>Jogosulatlanul haszn\u00e1lt rekl\u00e1m az MGA embereivel a nyilv\u00e1noss\u00e1g el\u0151tt.  <\/p>\n<\/div><div  class=\"elementor-button elementor-slide-button elementor-size-sm\">Ker\u00fclje a<\/div><\/div><\/div><\/div><div class=\"elementor-repeater-item-6dadcaa swiper-slide\"><div class=\"swiper-slide-bg\" role=\"img\"><\/div><div class=\"swiper-slide-inner\" ><div class=\"swiper-slide-contents\"><div class=\"elementor-slide-heading\">3. dia C\u00edm<\/div><div class=\"elementor-slide-description\"><p>Lorem ipsum dolor sit amet consectetur adipiscing elit dolor<\/p>\n<\/div><div  class=\"elementor-button elementor-slide-button elementor-size-sm\">Kattintson ide<\/div><\/div><\/div><\/div>\t\t\t\t<\/div>\n\t\t\t\t\t\t\t\t\t\t\t\t\t\t\t<div class=\"swiper-pagination\"><\/div>\n\t\t\t\t\t\t\t\t\t\t\t\t\t\t\t\t<div class=\"elementor-swiper-button elementor-swiper-button-prev\" role=\"button\" tabindex=\"0\">\n\t\t\t\t\t\t\t<i aria-hidden=\"true\" class=\"eicon-chevron-left\"><\/i>\t\t\t\t\t\t\t<span class=\"elementor-screen-only\">Previous slide<\/span>\n\t\t\t\t\t\t<\/div>\n\t\t\t\t\t\t<div class=\"elementor-swiper-button elementor-swiper-button-next\" role=\"button\" tabindex=\"0\">\n\t\t\t\t\t\t\t<i aria-hidden=\"true\" class=\"eicon-chevron-right\"><\/i>\t\t\t\t\t\t\t<span class=\"elementor-screen-only\">Next slide<\/span>\n\t\t\t\t\t\t<\/div>\n\t\t\t\t\t\t\t\t\t\t\t\t<\/div>\n\t\t<\/div>\n\t\t\t\t\t\t<\/div>\n\t\t\t\t<\/div>\n\t\t\t\t<\/div>\n\t\t<div class=\"elementor-element elementor-element-1bfb3b9 e-con-full e-flex e-con e-parent\" data-id=\"1bfb3b9\" data-element_type=\"container\">\n\t\t\t\t<div class=\"elementor-element elementor-element-2e4ab10 elementor-widget elementor-widget-heading\" data-id=\"2e4ab10\" data-element_type=\"widget\" data-widget_type=\"heading.default\">\n\t\t\t\t<div class=\"elementor-widget-container\">\n\t\t\t\t\t<h5 class=\"elementor-heading-title elementor-size-default\">Milyen k\u00f6vetkezm\u00e9nyekkel j\u00e1r a feketelist\u00e1s kaszin\u00f3kban val\u00f3 j\u00e1t\u00e9k?<\/h5>\t\t\t\t<\/div>\n\t\t\t\t<\/div>\n\t\t\t\t<\/div>\n\t\t<div class=\"elementor-element elementor-element-9352674 e-con-full e-flex e-con e-parent\" data-id=\"9352674\" data-element_type=\"container\">\n\t\t\t\t<div class=\"elementor-element elementor-element-e9cd3ea elementor-widget elementor-widget-text-editor\" data-id=\"e9cd3ea\" data-element_type=\"widget\" data-widget_type=\"text-editor.default\">\n\t\t\t\t<div class=\"elementor-widget-container\">\n\t\t\t\t\t\t\t\t\t<p>A feketelist\u00e1s kaszin\u00f3k hajlamosak k\u00e9sleltetni vagy ak\u00e1r r\u00e9szben vagy eg\u00e9szben visszatartani a p\u00e9nz\u00e9t. Az \u00e9rv\u00e9nyes kaszin\u00f3enged\u00e9llyel nem rendelkez\u0151 kaszin\u00f3k hajlamosak az adatok \u00e9s inform\u00e1ci\u00f3k zs\u00e1km\u00e1nyol\u00e1s\u00e1ra. Gyakran csal\u00f3 szoftverszolg\u00e1ltat\u00f3kkal dolgoznak egy\u00fctt, vagy saj\u00e1t j\u00e1t\u00e9kh\u00e1l\u00f3zatot \u00e9p\u00edtenek ki. Ezek a j\u00e1t\u00e9kok \u00e1ltal\u00e1ban az \u00fczemeltet\u0151nek kedveznek, \u00e9s szinte kisz\u00e1m\u00edthat\u00f3nak t\u0171nnek.     <\/p>\n\t\t\t\t\t\t\t\t<\/div>\n\t\t\t\t<\/div>\n\t\t\t\t<\/div>\n\t\t<div class=\"elementor-element elementor-element-4c73a66 e-con-full e-flex e-con e-parent\" data-id=\"4c73a66\" data-element_type=\"container\">\n\t\t\t\t<div class=\"elementor-element elementor-element-9fff887 elementor-widget elementor-widget-heading\" data-id=\"9fff887\" data-element_type=\"widget\" data-widget_type=\"heading.default\">\n\t\t\t\t<div class=\"elementor-widget-container\">\n\t\t\t\t\t<h5 class=\"elementor-heading-title elementor-size-default\">Mit lehet tenni, ha elesett egy sz\u00e9lh\u00e1mos kaszin\u00f3?  <\/h5>\t\t\t\t<\/div>\n\t\t\t\t<\/div>\n\t\t\t\t<\/div>\n\t\t<div class=\"elementor-element elementor-element-f81ac85 e-con-full e-flex e-con e-parent\" data-id=\"f81ac85\" data-element_type=\"container\">\n\t\t\t\t<div class=\"elementor-element elementor-element-1e95dcf elementor-widget elementor-widget-text-editor\" data-id=\"1e95dcf\" data-element_type=\"widget\" data-widget_type=\"text-editor.default\">\n\t\t\t\t<div class=\"elementor-widget-container\">\n\t\t\t\t\t\t\t\t\t<p>Ha \u00d6n egy csal\u00f3 kaszin\u00f3 \u00e1ldozat\u00e1v\u00e1 v\u00e1lt, vagy adatlop\u00e1s \u00e1ldozat\u00e1v\u00e1 v\u00e1lt, vagy egyszer\u0171en csak negat\u00edv tapasztalata van, forduljon hozz\u00e1nk bizalommal. Rengeteg tapasztalatunk \u00e9s kapcsolatunk van ahhoz, hogy m\u00e1sokat is figyelmeztess\u00fcnk az ilyen m\u00f3dszerekre \u00e9s arra, hogyan ker\u00fclj\u00e9k el az ilyen kaszin\u00f3kat.   <\/p>\n\t\t\t\t\t\t\t\t<\/div>\n\t\t\t\t<\/div>\n\t\t\t\t<\/div>\n\t\t\t\t<\/div>\n\t\t","protected":false},"excerpt":{"rendered":"<p>Yay or Nay of Online Casinos A Black Listed Casinos a kaszin\u00f3\u00fczemeltet\u0151k j\u00f3, rossz \u00e9s cs\u00fanya csoportj\u00e1nak r\u00e9sze. Fekete list\u00e1s kaszin\u00f3k \u00e9s Mi\u00e9rt list\u00e1zunk egy kaszin\u00f3t kev\u00e9sb\u00e9 kedvez\u0151 v\u00e9lem\u00e9nyekkel? A feketelist\u00e1s kaszin\u00f3k sajnos a j\u00e1t\u00e9k r\u00e9szei. Van n\u00e9h\u00e1ny ok, ami\u00e9rt egy kaszin\u00f3 vagy sportfogad\u00e1si szolg\u00e1ltat\u00f3 ide ker\u00fclhet. Etikai okok, a j\u00e1t\u00e9kosok \u00e9s az \u00fczleti partnerek [&hellip;]<\/p>\n","protected":false},"author":1,"featured_media":3142,"parent":0,"menu_order":0,"comment_status":"closed","ping_status":"closed","template":"","meta":{"footnotes":""},"class_list":["post-4454","page","type-page","status-publish","has-post-thumbnail","hentry"],"blocksy_meta":[],"acf":[],"yoast_head":"<!-- This site is optimized with the Yoast SEO plugin v24.1 - https:\/\/yoast.com\/wordpress\/plugins\/seo\/ -->\n<title>Fekete list\u00e1s kaszin\u00f3k - casinoreturn<\/title>\n<meta name=\"description\" content=\"A feketelist\u00e1s kaszin\u00f3k sajnos a j\u00e1t\u00e9k r\u00e9szei. \u00cdme n\u00e9h\u00e1ny olyan kaszin\u00f3, ahol nem \u00e9rdemes regisztr\u00e1lnia.\" \/>\n<meta name=\"robots\" content=\"index, follow, max-snippet:-1, max-image-preview:large, max-video-preview:-1\" \/>\n<link rel=\"canonical\" href=\"https:\/\/casinoreturn.com\/hu\/fekete-listas-kaszinok\/\" \/>\n<meta property=\"og:locale\" content=\"hu_HU\" \/>\n<meta property=\"og:type\" content=\"article\" \/>\n<meta property=\"og:title\" content=\"Fekete list\u00e1s kaszin\u00f3k - casinoreturn\" \/>\n<meta property=\"og:description\" content=\"A feketelist\u00e1s kaszin\u00f3k sajnos a j\u00e1t\u00e9k r\u00e9szei. \u00cdme n\u00e9h\u00e1ny olyan kaszin\u00f3, ahol nem \u00e9rdemes regisztr\u00e1lnia.\" \/>\n<meta property=\"og:url\" content=\"https:\/\/casinoreturn.com\/hu\/fekete-listas-kaszinok\/\" \/>\n<meta property=\"og:site_name\" content=\"casinoreturn\" \/>\n<meta property=\"article:modified_time\" content=\"2025-03-31T17:56:20+00:00\" \/>\n<meta property=\"og:image\" content=\"https:\/\/casinoreturn.com\/wp-content\/uploads\/2024\/11\/Black-Listed-Casinos.png\" \/>\n\t<meta property=\"og:image:width\" content=\"200\" \/>\n\t<meta property=\"og:image:height\" content=\"200\" \/>\n\t<meta property=\"og:image:type\" content=\"image\/png\" \/>\n<meta name=\"twitter:card\" content=\"summary_large_image\" \/>\n<meta name=\"twitter:label1\" content=\"Becs\u00fclt olvas\u00e1si id\u0151\" \/>\n\t<meta name=\"twitter:data1\" content=\"2 perc\" \/>\n<script type=\"application\/ld+json\" class=\"yoast-schema-graph\">{\"@context\":\"https:\/\/schema.org\",\"@graph\":[{\"@type\":\"WebPage\",\"@id\":\"https:\/\/casinoreturn.com\/hu\/fekete-listas-kaszinok\/\",\"url\":\"https:\/\/casinoreturn.com\/hu\/fekete-listas-kaszinok\/\",\"name\":\"Fekete list\u00e1s kaszin\u00f3k - casinoreturn\",\"isPartOf\":{\"@id\":\"https:\/\/casinoreturn.com\/#website\"},\"primaryImageOfPage\":{\"@id\":\"https:\/\/casinoreturn.com\/hu\/fekete-listas-kaszinok\/#primaryimage\"},\"image\":{\"@id\":\"https:\/\/casinoreturn.com\/hu\/fekete-listas-kaszinok\/#primaryimage\"},\"thumbnailUrl\":\"https:\/\/casinoreturn.com\/wp-content\/uploads\/2024\/11\/Black-Listed-Casinos.png\",\"datePublished\":\"2024-11-11T14:03:43+00:00\",\"dateModified\":\"2025-03-31T17:56:20+00:00\",\"description\":\"A feketelist\u00e1s kaszin\u00f3k sajnos a j\u00e1t\u00e9k r\u00e9szei. \u00cdme n\u00e9h\u00e1ny olyan kaszin\u00f3, ahol nem \u00e9rdemes regisztr\u00e1lnia.\",\"breadcrumb\":{\"@id\":\"https:\/\/casinoreturn.com\/hu\/fekete-listas-kaszinok\/#breadcrumb\"},\"inLanguage\":\"hu\",\"potentialAction\":[{\"@type\":\"ReadAction\",\"target\":[\"https:\/\/casinoreturn.com\/hu\/fekete-listas-kaszinok\/\"]}]},{\"@type\":\"ImageObject\",\"inLanguage\":\"hu\",\"@id\":\"https:\/\/casinoreturn.com\/hu\/fekete-listas-kaszinok\/#primaryimage\",\"url\":\"https:\/\/casinoreturn.com\/wp-content\/uploads\/2024\/11\/Black-Listed-Casinos.png\",\"contentUrl\":\"https:\/\/casinoreturn.com\/wp-content\/uploads\/2024\/11\/Black-Listed-Casinos.png\",\"width\":200,\"height\":200,\"caption\":\"Black Listed Casinos\"},{\"@type\":\"BreadcrumbList\",\"@id\":\"https:\/\/casinoreturn.com\/hu\/fekete-listas-kaszinok\/#breadcrumb\",\"itemListElement\":[{\"@type\":\"ListItem\",\"position\":1,\"name\":\"Home\",\"item\":\"https:\/\/casinoreturn.com\/hu\/home\/\"},{\"@type\":\"ListItem\",\"position\":2,\"name\":\"Fekete list\u00e1s kaszin\u00f3k\"}]},{\"@type\":\"WebSite\",\"@id\":\"https:\/\/casinoreturn.com\/#website\",\"url\":\"https:\/\/casinoreturn.com\/\",\"name\":\"casinoreturn\",\"description\":\"\",\"publisher\":{\"@id\":\"https:\/\/casinoreturn.com\/#organization\"},\"potentialAction\":[{\"@type\":\"SearchAction\",\"target\":{\"@type\":\"EntryPoint\",\"urlTemplate\":\"https:\/\/casinoreturn.com\/?s={search_term_string}\"},\"query-input\":{\"@type\":\"PropertyValueSpecification\",\"valueRequired\":true,\"valueName\":\"search_term_string\"}}],\"inLanguage\":\"hu\"},{\"@type\":\"Organization\",\"@id\":\"https:\/\/casinoreturn.com\/#organization\",\"name\":\"casinoreturn\",\"url\":\"https:\/\/casinoreturn.com\/\",\"logo\":{\"@type\":\"ImageObject\",\"inLanguage\":\"hu\",\"@id\":\"https:\/\/casinoreturn.com\/#\/schema\/logo\/image\/\",\"url\":\"https:\/\/casinoreturn.com\/wp-content\/uploads\/2024\/09\/animal-favicon.png\",\"contentUrl\":\"https:\/\/casinoreturn.com\/wp-content\/uploads\/2024\/09\/animal-favicon.png\",\"width\":92,\"height\":92,\"caption\":\"casinoreturn\"},\"image\":{\"@id\":\"https:\/\/casinoreturn.com\/#\/schema\/logo\/image\/\"}}]}<\/script>\n<!-- \/ Yoast SEO plugin. -->","yoast_head_json":{"title":"Fekete list\u00e1s kaszin\u00f3k - casinoreturn","description":"A feketelist\u00e1s kaszin\u00f3k sajnos a j\u00e1t\u00e9k r\u00e9szei. \u00cdme n\u00e9h\u00e1ny olyan kaszin\u00f3, ahol nem \u00e9rdemes regisztr\u00e1lnia.","robots":{"index":"index","follow":"follow","max-snippet":"max-snippet:-1","max-image-preview":"max-image-preview:large","max-video-preview":"max-video-preview:-1"},"canonical":"https:\/\/casinoreturn.com\/hu\/fekete-listas-kaszinok\/","og_locale":"hu_HU","og_type":"article","og_title":"Fekete list\u00e1s kaszin\u00f3k - casinoreturn","og_description":"A feketelist\u00e1s kaszin\u00f3k sajnos a j\u00e1t\u00e9k r\u00e9szei. \u00cdme n\u00e9h\u00e1ny olyan kaszin\u00f3, ahol nem \u00e9rdemes regisztr\u00e1lnia.","og_url":"https:\/\/casinoreturn.com\/hu\/fekete-listas-kaszinok\/","og_site_name":"casinoreturn","article_modified_time":"2025-03-31T17:56:20+00:00","og_image":[{"width":200,"height":200,"url":"https:\/\/casinoreturn.com\/wp-content\/uploads\/2024\/11\/Black-Listed-Casinos.png","type":"image\/png"}],"twitter_card":"summary_large_image","twitter_misc":{"Becs\u00fclt olvas\u00e1si id\u0151":"2 perc"},"schema":{"@context":"https:\/\/schema.org","@graph":[{"@type":"WebPage","@id":"https:\/\/casinoreturn.com\/hu\/fekete-listas-kaszinok\/","url":"https:\/\/casinoreturn.com\/hu\/fekete-listas-kaszinok\/","name":"Fekete list\u00e1s kaszin\u00f3k - casinoreturn","isPartOf":{"@id":"https:\/\/casinoreturn.com\/#website"},"primaryImageOfPage":{"@id":"https:\/\/casinoreturn.com\/hu\/fekete-listas-kaszinok\/#primaryimage"},"image":{"@id":"https:\/\/casinoreturn.com\/hu\/fekete-listas-kaszinok\/#primaryimage"},"thumbnailUrl":"https:\/\/casinoreturn.com\/wp-content\/uploads\/2024\/11\/Black-Listed-Casinos.png","datePublished":"2024-11-11T14:03:43+00:00","dateModified":"2025-03-31T17:56:20+00:00","description":"A feketelist\u00e1s kaszin\u00f3k sajnos a j\u00e1t\u00e9k r\u00e9szei. \u00cdme n\u00e9h\u00e1ny olyan kaszin\u00f3, ahol nem \u00e9rdemes regisztr\u00e1lnia.","breadcrumb":{"@id":"https:\/\/casinoreturn.com\/hu\/fekete-listas-kaszinok\/#breadcrumb"},"inLanguage":"hu","potentialAction":[{"@type":"ReadAction","target":["https:\/\/casinoreturn.com\/hu\/fekete-listas-kaszinok\/"]}]},{"@type":"ImageObject","inLanguage":"hu","@id":"https:\/\/casinoreturn.com\/hu\/fekete-listas-kaszinok\/#primaryimage","url":"https:\/\/casinoreturn.com\/wp-content\/uploads\/2024\/11\/Black-Listed-Casinos.png","contentUrl":"https:\/\/casinoreturn.com\/wp-content\/uploads\/2024\/11\/Black-Listed-Casinos.png","width":200,"height":200,"caption":"Black Listed Casinos"},{"@type":"BreadcrumbList","@id":"https:\/\/casinoreturn.com\/hu\/fekete-listas-kaszinok\/#breadcrumb","itemListElement":[{"@type":"ListItem","position":1,"name":"Home","item":"https:\/\/casinoreturn.com\/hu\/home\/"},{"@type":"ListItem","position":2,"name":"Fekete list\u00e1s kaszin\u00f3k"}]},{"@type":"WebSite","@id":"https:\/\/casinoreturn.com\/#website","url":"https:\/\/casinoreturn.com\/","name":"casinoreturn","description":"","publisher":{"@id":"https:\/\/casinoreturn.com\/#organization"},"potentialAction":[{"@type":"SearchAction","target":{"@type":"EntryPoint","urlTemplate":"https:\/\/casinoreturn.com\/?s={search_term_string}"},"query-input":{"@type":"PropertyValueSpecification","valueRequired":true,"valueName":"search_term_string"}}],"inLanguage":"hu"},{"@type":"Organization","@id":"https:\/\/casinoreturn.com\/#organization","name":"casinoreturn","url":"https:\/\/casinoreturn.com\/","logo":{"@type":"ImageObject","inLanguage":"hu","@id":"https:\/\/casinoreturn.com\/#\/schema\/logo\/image\/","url":"https:\/\/casinoreturn.com\/wp-content\/uploads\/2024\/09\/animal-favicon.png","contentUrl":"https:\/\/casinoreturn.com\/wp-content\/uploads\/2024\/09\/animal-favicon.png","width":92,"height":92,"caption":"casinoreturn"},"image":{"@id":"https:\/\/casinoreturn.com\/#\/schema\/logo\/image\/"}}]}},"_links":{"self":[{"href":"https:\/\/casinoreturn.com\/hu\/wp-json\/wp\/v2\/pages\/4454","targetHints":{"allow":["GET"]}}],"collection":[{"href":"https:\/\/casinoreturn.com\/hu\/wp-json\/wp\/v2\/pages"}],"about":[{"href":"https:\/\/casinoreturn.com\/hu\/wp-json\/wp\/v2\/types\/page"}],"author":[{"embeddable":true,"href":"https:\/\/casinoreturn.com\/hu\/wp-json\/wp\/v2\/users\/1"}],"replies":[{"embeddable":true,"href":"https:\/\/casinoreturn.com\/hu\/wp-json\/wp\/v2\/comments?post=4454"}],"version-history":[{"count":2,"href":"https:\/\/casinoreturn.com\/hu\/wp-json\/wp\/v2\/pages\/4454\/revisions"}],"predecessor-version":[{"id":13595,"href":"https:\/\/casinoreturn.com\/hu\/wp-json\/wp\/v2\/pages\/4454\/revisions\/13595"}],"wp:featuredmedia":[{"embeddable":true,"href":"https:\/\/casinoreturn.com\/hu\/wp-json\/wp\/v2\/media\/3142"}],"wp:attachment":[{"href":"https:\/\/casinoreturn.com\/hu\/wp-json\/wp\/v2\/media?parent=4454"}],"curies":[{"name":"wp","href":"https:\/\/api.w.org\/{rel}","templated":true}]}}