{"id":4512,"date":"2024-11-11T14:01:17","date_gmt":"2024-11-11T14:01:17","guid":{"rendered":"https:\/\/casinoreturn.com\/kaszino-engedelyek\/"},"modified":"2024-12-02T12:13:55","modified_gmt":"2024-12-02T12:13:55","slug":"kaszino-engedelyek","status":"publish","type":"page","link":"https:\/\/casinoreturn.com\/hu\/kaszino-engedelyek\/","title":{"rendered":"Kaszin\u00f3 enged\u00e9lyek"},"content":{"rendered":"\t\t<div data-elementor-type=\"wp-page\" data-elementor-id=\"4512\" class=\"elementor elementor-4512\" data-elementor-post-type=\"page\">\n\t\t\t\t<div class=\"elementor-element elementor-element-25ab31d e-con-full e-flex e-con e-parent\" data-id=\"25ab31d\" data-element_type=\"container\">\n\t\t\t\t<div class=\"elementor-element elementor-element-e2d7818 elementor-widget elementor-widget-image\" data-id=\"e2d7818\" data-element_type=\"widget\" data-widget_type=\"image.default\">\n\t\t\t\t<div class=\"elementor-widget-container\">\n\t\t\t\t\t\t\t\t\t\t\t\t\t\t\t<img fetchpriority=\"high\" decoding=\"async\" width=\"1024\" height=\"538\" src=\"https:\/\/casinoreturn.com\/wp-content\/uploads\/2024\/12\/Online-Casino-Licences-1024x538.png\" class=\"attachment-large size-large wp-image-4475\" alt=\"Online Casino Licences\" srcset=\"https:\/\/casinoreturn.com\/wp-content\/uploads\/2024\/12\/Online-Casino-Licences-1024x538.png 1024w, https:\/\/casinoreturn.com\/wp-content\/uploads\/2024\/12\/Online-Casino-Licences-300x158.png 300w, https:\/\/casinoreturn.com\/wp-content\/uploads\/2024\/12\/Online-Casino-Licences-768x403.png 768w, https:\/\/casinoreturn.com\/wp-content\/uploads\/2024\/12\/Online-Casino-Licences.png 1200w\" sizes=\"(max-width: 1024px) 100vw, 1024px\" \/>\t\t\t\t\t\t\t\t\t\t\t\t\t\t\t<\/div>\n\t\t\t\t<\/div>\n\t\t\t\t<div class=\"elementor-element elementor-element-91388ca elementor-widget elementor-widget-heading\" data-id=\"91388ca\" data-element_type=\"widget\" data-widget_type=\"heading.default\">\n\t\t\t\t<div class=\"elementor-widget-container\">\n\t\t\t\t\t<h3 class=\"elementor-heading-title elementor-size-default\">Online kaszin\u00f3 enged\u00e9lyek a szerencsej\u00e1t\u00e9k \u00e9s sportfogad\u00e1s ter\u00fclet\u00e9n<\/h3>\t\t\t\t<\/div>\n\t\t\t\t<\/div>\n\t\t\t\t<div class=\"elementor-element elementor-element-b90a94d elementor-widget elementor-widget-text-editor\" data-id=\"b90a94d\" data-element_type=\"widget\" data-widget_type=\"text-editor.default\">\n\t\t\t\t<div class=\"elementor-widget-container\">\n\t\t\t\t\t\t\t\t\t<p>A kaszin\u00f3k online enged\u00e9lyei l\u00e9tfontoss\u00e1g\u00faak az online szerencsej\u00e1t\u00e9kok szab\u00e1lyoz\u00e1s\u00e1hoz \u00e9s mened\u00e9khelyk\u00e9nt val\u00f3 biztos\u00edt\u00e1s\u00e1hoz. Az IGaming ipar\u00e1g robban\u00e1sszer\u0171en megn\u0151tt a kereslet \u00e9s a n\u00e9pszer\u0171s\u00e9g. Becsl\u00e9sek szerint a glob\u00e1lis szerencsej\u00e1t\u00e9k-piac meghaladja a 270 milli\u00e1rd USD-t. A 2019-es COVID-19 csorb\u00e1t ejtett ezen a sz\u00e1mon, de a helyre\u00e1ll\u00e1s gyors volt, \u00e9s a piac exponenci\u00e1lisan n\u0151tt.     <\/p>\n\t\t\t\t\t\t\t\t<\/div>\n\t\t\t\t<\/div>\n\t\t\t\t<div class=\"elementor-element elementor-element-349a86e elementor-widget elementor-widget-heading\" data-id=\"349a86e\" data-element_type=\"widget\" data-widget_type=\"heading.default\">\n\t\t\t\t<div class=\"elementor-widget-container\">\n\t\t\t\t\t<h3 class=\"elementor-heading-title elementor-size-default\">Feh\u00e9r, sz\u00fcrke \u00e9s fekete piacok - A d\u00f6nt\u00e9s ideje a j\u00e1t\u00e9kosok sz\u00e1m\u00e1ra<\/h3>\t\t\t\t<\/div>\n\t\t\t\t<\/div>\n\t\t\t\t<div class=\"elementor-element elementor-element-fbe3b09 elementor-widget elementor-widget-text-editor\" data-id=\"fbe3b09\" data-element_type=\"widget\" data-widget_type=\"text-editor.default\">\n\t\t\t\t<div class=\"elementor-widget-container\">\n\t\t\t\t\t\t\t\t\t<p>Amikor a feh\u00e9r, sz\u00fcrke \u00e9s fekete piacokr\u00f3l besz\u00e9l\u00fcnk, akkor  <span style=\"box-sizing: border-box; margin: 0px; padding: 0px;\">bizonyos licencekre, vagy bizonyos esetekben licenc n\u00e9lk\u00fcl. N\u00e9h\u00e1ny tov\u00e1bbi <a href=\"https:\/\/upgaming.com\/white-grey-and-black-igaming-markets\/\" target=\"_blank\" rel=\"noopener\">inform\u00e1ci\u00f3<\/a> <\/span><a href=\"https:\/\/upgaming.com\/white-grey-and-black-igaming-markets\/\">  itt olvashat\u00f3.<\/a><\/p>\n<h4><strong>Feh\u00e9r i-Gaming piacok &#8211; Az i-Gaming szab\u00e1lyozott piacai<\/strong><\/h4>\n<p>A feh\u00e9r piacos kaszin\u00f3k biztons\u00e1gosabbnak sz\u00e1m\u00edtanak, \u00e9s olyan orsz\u00e1gokban m\u0171k\u00f6dnek, ahol az online szerencsej\u00e1t\u00e9kot enged\u00e9lyezt\u00e9k. Eur\u00f3pa nagy r\u00e9sz\u00e9ben l\u00e9teznek a kaszin\u00f3k ellen\u0151rz\u00e9s\u00e9re \u00e9s szab\u00e1lyoz\u00e1s\u00e1ra vonatkoz\u00f3 szab\u00e1lyoz\u00e1sok. A joghat\u00f3s\u00e1gok szigor\u00fa szab\u00e1lyokat vezettek be \u00e9s bevezett\u00e9k a felel\u0151s szerencsej\u00e1t\u00e9kot. A szab\u00e1lyoz\u00f3k arra k\u00e9nyszer\u00edtett\u00e9k az online kaszin\u00f3kat, hogy kiteregess\u00e9k bev\u00e9teleiket, felel\u0151s szerencsej\u00e1t\u00e9k-el\u0151k\u00e9sz\u00edt\u0151 l\u00e9p\u00e9seiket. Egyes joghat\u00f3s\u00e1gok od\u00e1ig mentek, hogy sz\u00e9tv\u00e1lasztott\u00e1k a sportfogad\u00e1st \u00e9s az online kaszin\u00f3kat. K\u00fcl\u00f6nv\u00e1lasztott\u00e1k az \u00fcdv\u00f6zl\u0151 b\u00f3nuszt, az ingyenes fogad\u00e1sokat, az ingyenes p\u00f6rget\u00e9seket \u00e9s a minim\u00e1lisan elhelyezhet\u0151 t\u00e9teket.       <\/p>\n<p>Ez magas k\u00f6lts\u00e9get jelent az MGA-enged\u00e9lyt, a Man-szigeti, Kahnawake-i \u00e9s az Egyes\u00fclt Kir\u00e1lys\u00e1gban kiadott enged\u00e9lyt haszn\u00e1l\u00f3 \u00fczemeltet\u0151k \u00e9s \u00fczemeltet\u0151k sz\u00e1m\u00e1ra.  <\/p>\n<h4><strong>Sz\u00fcrke i-Gaming piacok &#8211; K\u00f6zel, de nem annyira k\u00f6zel<\/strong><\/h4>\n<p>A feh\u00e9r \u00e9s a sz\u00fcrke piac k\u00f6z\u00f6tti k\u00fcl\u00f6nbs\u00e9get k\u00f6nny\u0171 megk\u00fcl\u00f6nb\u00f6ztetni. A sz\u00fcrke piacok lehet\u0151v\u00e9 teszik az online kaszin\u00f3 \u00e9s a f\u00f6ldi kaszin\u00f3 m\u0171k\u00f6d\u00e9s\u00e9t, de kevesebb szab\u00e1lyoz\u00e1ssal \u00e9s korl\u00e1toz\u00e1ssal. A kaszin\u00f3k nemzetk\u00f6zi enged\u00e9lyekkel, p\u00e9ld\u00e1ul curaca\u00f3i enged\u00e9lyekkel m\u0171k\u00f6dhetnek. Az \u00fczemeltet\u0151k d\u00f6nthetnek \u00fagy, hogy egyn\u00e9l t\u00f6bb online kaszin\u00f3t m\u0171k\u00f6dtetnek egy ilyen licenc alatt, amelyet kev\u00e9sb\u00e9 szab\u00e1lyoznak a helyi t\u00f6rv\u00e9nyhoz\u00f3k. A sz\u00fcrke piacokon bel\u00fcl pozit\u00edv javul\u00e1s tapasztalhat\u00f3, \u00e9s egyre t\u00f6bb sz\u00fcrke piaci kaszin\u00f3 alkalmazkodik \u00f6nk\u00e9nt a felel\u0151s j\u00e1t\u00e9khoz. Mindazon\u00e1ltal a sz\u00fcrke piacok m\u00e9g mindig el\u0151nyben vannak a volatilit\u00e1s \u00e9s a m\u0171k\u00f6d\u00e9s\u00fck teljes \u00e1tl\u00e1that\u00f3s\u00e1g\u00e1nak biztos\u00edt\u00e1sa tekintet\u00e9ben.       <\/p>\n<h4><strong>Fekete i-Gaming piacok &#8211; Amit figyelembe kell vennie<\/strong><\/h4>\n<p>Fekete piacnak tekintik azokat a piacokat, ahol a szerencsej\u00e1t\u00e9k vagy az online szerencsej\u00e1t\u00e9k tilos. Ennek lehetnek hitbeli, kultur\u00e1lis, etikai vagy politikai okai. Az ilyen piacokon m\u0171k\u00f6d\u0151 kaszin\u00f3kat \u00e1ltal\u00e1ban gyorsan bez\u00e1rj\u00e1k, \u00e9s b\u00fcntet\u0151jogi v\u00e1dakkal n\u00e9zhetnek szembe, ha bel\u00e9pnek ezekbe az orsz\u00e1gokba. A muszlim orient\u00e1ci\u00f3j\u00fa \u00e1llamok, n\u00e9h\u00e1ny afrikai \u00e1llam \u00e9s \u00c1zsia els\u0151dleges fekete piacok. A felel\u0151ss\u00e9gteljes szerencsej\u00e1t\u00e9k nem l\u00e9tezik; a bankol\u00e1s, a befizet\u00e9sek \u00e9s a p\u00e9nzkiv\u00e9telek egyre ingatagabb\u00e1 v\u00e1ltak. Nem aj\u00e1nlott a kaszin\u00f3k haszn\u00e1lata enged\u00e9ly n\u00e9lk\u00fcl.       <\/p>\n\t\t\t\t\t\t\t\t<\/div>\n\t\t\t\t<\/div>\n\t\t\t\t<div class=\"elementor-element elementor-element-cbb0223 elementor-widget elementor-widget-image\" data-id=\"cbb0223\" data-element_type=\"widget\" data-widget_type=\"image.default\">\n\t\t\t\t<div class=\"elementor-widget-container\">\n\t\t\t\t\t\t\t\t\t\t\t\t\t\t\t<img decoding=\"async\" width=\"225\" height=\"225\" src=\"https:\/\/casinoreturn.com\/wp-content\/uploads\/2024\/12\/Black-market-igaming.png\" class=\"attachment-large size-large wp-image-4487\" alt=\"Black market igaming\" srcset=\"https:\/\/casinoreturn.com\/wp-content\/uploads\/2024\/12\/Black-market-igaming.png 225w, https:\/\/casinoreturn.com\/wp-content\/uploads\/2024\/12\/Black-market-igaming-150x150.png 150w\" sizes=\"(max-width: 225px) 100vw, 225px\" \/>\t\t\t\t\t\t\t\t\t\t\t\t\t\t\t<\/div>\n\t\t\t\t<\/div>\n\t\t\t\t<div class=\"elementor-element elementor-element-e5d1860 elementor-widget elementor-widget-heading\" data-id=\"e5d1860\" data-element_type=\"widget\" data-widget_type=\"heading.default\">\n\t\t\t\t<div class=\"elementor-widget-container\">\n\t\t\t\t\t<h3 class=\"elementor-heading-title elementor-size-default\">Akad\u00e1lyok \u00e9s kih\u00edv\u00e1sok  <\/h3>\t\t\t\t<\/div>\n\t\t\t\t<\/div>\n\t\t\t\t<div class=\"elementor-element elementor-element-1cd3dce elementor-widget elementor-widget-text-editor\" data-id=\"1cd3dce\" data-element_type=\"widget\" data-widget_type=\"text-editor.default\">\n\t\t\t\t<div class=\"elementor-widget-container\">\n\t\t\t\t\t\t\t\t\t<p>Jogos\u00edtv\u00e1ny n\u00e9lk\u00fcl el\u00e9gg\u00e9 orosz rulettet j\u00e1tszani. A t\u00f6rv\u00e9ny a sark\u00e1ban van, az \u00fczemeltet\u0151 pedig bez\u00e1r\u00e1ssal \u00e9s b\u00fcntet\u0151jogi b\u00edrs\u00e1ggal n\u00e9z szembe. A v\u00e1demel\u00e9s \u00e9s a b\u00f6rt\u00f6nb\u00fcntet\u00e9s csak n\u00e9h\u00e1ny a v\u00e1rhat\u00f3 el\u0151ny\u00f6k k\u00f6z\u00fcl. Az \u00fcgyfelek kem\u00e9ny ellen\u00e1ll\u00e1ssal \u00e9s a sz\u00e1ml\u00e1juk lez\u00e1r\u00e1s\u00e1nak lehet\u0151s\u00e9g\u00e9vel szembes\u00fclnek, an\u00e9lk\u00fcl, hogy megk\u00e9rd\u0151jelezhetn\u00e9k az \u00fcgyet.     <\/p>\n<p>Jobb, ha hossz\u00fa t\u00e1von gondolkodik, \u00e9s folytatja a kaszin\u00f3 enged\u00e9lyt, hogy j\u00f3 szolg\u00e1ltat\u00e1st \u00e9s m\u00e1rk\u00e1s term\u00e9keket ny\u00fajtson. A sz\u00fcrke \u00e9s feh\u00e9r szerencsej\u00e1t\u00e9k-piacok eset\u00e9ben a rekl\u00e1moz\u00e1s csak r\u00e9szekre lehets\u00e9ges vagy korl\u00e1tozott. A j\u00e1t\u00e9kosok manaps\u00e1g az enged\u00e9lyekre \u00f6sszpontos\u00edtanak, miel\u0151tt regisztr\u00e1ln\u00e1nak.  <\/p>\n\t\t\t\t\t\t\t\t<\/div>\n\t\t\t\t<\/div>\n\t\t\t\t<\/div>\n\t\t\t\t<\/div>\n\t\t","protected":false},"excerpt":{"rendered":"<p>Online kaszin\u00f3 enged\u00e9lyek a szerencsej\u00e1t\u00e9k \u00e9s sportfogad\u00e1s ter\u00fclet\u00e9n A kaszin\u00f3k online enged\u00e9lyei l\u00e9tfontoss\u00e1g\u00faak az online szerencsej\u00e1t\u00e9kok szab\u00e1lyoz\u00e1s\u00e1hoz \u00e9s mened\u00e9khelyk\u00e9nt val\u00f3 biztos\u00edt\u00e1s\u00e1hoz. Az IGaming ipar\u00e1g robban\u00e1sszer\u0171en megn\u0151tt a kereslet \u00e9s a n\u00e9pszer\u0171s\u00e9g. Becsl\u00e9sek szerint a glob\u00e1lis szerencsej\u00e1t\u00e9k-piac meghaladja a 270 milli\u00e1rd USD-t. A 2019-es COVID-19 csorb\u00e1t ejtett ezen a sz\u00e1mon, de a helyre\u00e1ll\u00e1s gyors volt, \u00e9s [&hellip;]<\/p>\n","protected":false},"author":1,"featured_media":0,"parent":0,"menu_order":0,"comment_status":"closed","ping_status":"closed","template":"","meta":{"footnotes":""},"class_list":["post-4512","page","type-page","status-publish","hentry"],"blocksy_meta":[],"acf":[],"yoast_head":"<!-- This site is optimized with the Yoast SEO plugin v24.1 - https:\/\/yoast.com\/wordpress\/plugins\/seo\/ -->\n<title>Kaszin\u00f3 enged\u00e9lyek - casinoreturn<\/title>\n<meta name=\"description\" content=\"A kaszin\u00f3enged\u00e9lyek meghat\u00e1rozhatj\u00e1k az \u00d6n d\u00f6nt\u00e9s\u00e9t az online kaszin\u00f3 regisztr\u00e1ci\u00f3j\u00e1r\u00f3l \u00e9s j\u00e1t\u00e9k\u00e1r\u00f3l. Itt van n\u00e9h\u00e1ny kaszin\u00f3 enged\u00e9lyek \u00e9s kaszin\u00f3k.\" \/>\n<meta name=\"robots\" content=\"index, follow, max-snippet:-1, max-image-preview:large, max-video-preview:-1\" \/>\n<link rel=\"canonical\" href=\"https:\/\/casinoreturn.com\/hu\/kaszino-engedelyek\/\" \/>\n<meta property=\"og:locale\" content=\"hu_HU\" \/>\n<meta property=\"og:type\" content=\"article\" \/>\n<meta property=\"og:title\" content=\"Kaszin\u00f3 enged\u00e9lyek - casinoreturn\" \/>\n<meta property=\"og:description\" content=\"A kaszin\u00f3enged\u00e9lyek meghat\u00e1rozhatj\u00e1k az \u00d6n d\u00f6nt\u00e9s\u00e9t az online kaszin\u00f3 regisztr\u00e1ci\u00f3j\u00e1r\u00f3l \u00e9s j\u00e1t\u00e9k\u00e1r\u00f3l. Itt van n\u00e9h\u00e1ny kaszin\u00f3 enged\u00e9lyek \u00e9s kaszin\u00f3k.\" \/>\n<meta property=\"og:url\" content=\"https:\/\/casinoreturn.com\/hu\/kaszino-engedelyek\/\" \/>\n<meta property=\"og:site_name\" content=\"casinoreturn\" \/>\n<meta property=\"article:modified_time\" content=\"2024-12-02T12:13:55+00:00\" \/>\n<meta property=\"og:image\" content=\"https:\/\/casinoreturn.com\/wp-content\/uploads\/2024\/12\/Online-Casino-Licences.png\" \/>\n\t<meta property=\"og:image:width\" content=\"1200\" \/>\n\t<meta property=\"og:image:height\" content=\"630\" \/>\n\t<meta property=\"og:image:type\" content=\"image\/png\" \/>\n<meta name=\"twitter:card\" content=\"summary_large_image\" \/>\n<meta name=\"twitter:label1\" content=\"Becs\u00fclt olvas\u00e1si id\u0151\" \/>\n\t<meta name=\"twitter:data1\" content=\"4 perc\" \/>\n<script type=\"application\/ld+json\" class=\"yoast-schema-graph\">{\"@context\":\"https:\/\/schema.org\",\"@graph\":[{\"@type\":\"WebPage\",\"@id\":\"https:\/\/casinoreturn.com\/hu\/kaszino-engedelyek\/\",\"url\":\"https:\/\/casinoreturn.com\/hu\/kaszino-engedelyek\/\",\"name\":\"Kaszin\u00f3 enged\u00e9lyek - casinoreturn\",\"isPartOf\":{\"@id\":\"https:\/\/casinoreturn.com\/#website\"},\"primaryImageOfPage\":{\"@id\":\"https:\/\/casinoreturn.com\/hu\/kaszino-engedelyek\/#primaryimage\"},\"image\":{\"@id\":\"https:\/\/casinoreturn.com\/hu\/kaszino-engedelyek\/#primaryimage\"},\"thumbnailUrl\":\"https:\/\/casinoreturn.com\/wp-content\/uploads\/2024\/12\/Online-Casino-Licences-1024x538.png\",\"datePublished\":\"2024-11-11T14:01:17+00:00\",\"dateModified\":\"2024-12-02T12:13:55+00:00\",\"description\":\"A kaszin\u00f3enged\u00e9lyek meghat\u00e1rozhatj\u00e1k az \u00d6n d\u00f6nt\u00e9s\u00e9t az online kaszin\u00f3 regisztr\u00e1ci\u00f3j\u00e1r\u00f3l \u00e9s j\u00e1t\u00e9k\u00e1r\u00f3l. Itt van n\u00e9h\u00e1ny kaszin\u00f3 enged\u00e9lyek \u00e9s kaszin\u00f3k.\",\"breadcrumb\":{\"@id\":\"https:\/\/casinoreturn.com\/hu\/kaszino-engedelyek\/#breadcrumb\"},\"inLanguage\":\"hu\",\"potentialAction\":[{\"@type\":\"ReadAction\",\"target\":[\"https:\/\/casinoreturn.com\/hu\/kaszino-engedelyek\/\"]}]},{\"@type\":\"ImageObject\",\"inLanguage\":\"hu\",\"@id\":\"https:\/\/casinoreturn.com\/hu\/kaszino-engedelyek\/#primaryimage\",\"url\":\"https:\/\/casinoreturn.com\/wp-content\/uploads\/2024\/12\/Online-Casino-Licences-1024x538.png\",\"contentUrl\":\"https:\/\/casinoreturn.com\/wp-content\/uploads\/2024\/12\/Online-Casino-Licences-1024x538.png\"},{\"@type\":\"BreadcrumbList\",\"@id\":\"https:\/\/casinoreturn.com\/hu\/kaszino-engedelyek\/#breadcrumb\",\"itemListElement\":[{\"@type\":\"ListItem\",\"position\":1,\"name\":\"Home\",\"item\":\"https:\/\/casinoreturn.com\/hu\/home\/\"},{\"@type\":\"ListItem\",\"position\":2,\"name\":\"Kaszin\u00f3 enged\u00e9lyek\"}]},{\"@type\":\"WebSite\",\"@id\":\"https:\/\/casinoreturn.com\/#website\",\"url\":\"https:\/\/casinoreturn.com\/\",\"name\":\"casinoreturn\",\"description\":\"\",\"publisher\":{\"@id\":\"https:\/\/casinoreturn.com\/#organization\"},\"potentialAction\":[{\"@type\":\"SearchAction\",\"target\":{\"@type\":\"EntryPoint\",\"urlTemplate\":\"https:\/\/casinoreturn.com\/?s={search_term_string}\"},\"query-input\":{\"@type\":\"PropertyValueSpecification\",\"valueRequired\":true,\"valueName\":\"search_term_string\"}}],\"inLanguage\":\"hu\"},{\"@type\":\"Organization\",\"@id\":\"https:\/\/casinoreturn.com\/#organization\",\"name\":\"casinoreturn\",\"url\":\"https:\/\/casinoreturn.com\/\",\"logo\":{\"@type\":\"ImageObject\",\"inLanguage\":\"hu\",\"@id\":\"https:\/\/casinoreturn.com\/#\/schema\/logo\/image\/\",\"url\":\"https:\/\/casinoreturn.com\/wp-content\/uploads\/2024\/09\/animal-favicon.png\",\"contentUrl\":\"https:\/\/casinoreturn.com\/wp-content\/uploads\/2024\/09\/animal-favicon.png\",\"width\":92,\"height\":92,\"caption\":\"casinoreturn\"},\"image\":{\"@id\":\"https:\/\/casinoreturn.com\/#\/schema\/logo\/image\/\"}}]}<\/script>\n<!-- \/ Yoast SEO plugin. -->","yoast_head_json":{"title":"Kaszin\u00f3 enged\u00e9lyek - casinoreturn","description":"A kaszin\u00f3enged\u00e9lyek meghat\u00e1rozhatj\u00e1k az \u00d6n d\u00f6nt\u00e9s\u00e9t az online kaszin\u00f3 regisztr\u00e1ci\u00f3j\u00e1r\u00f3l \u00e9s j\u00e1t\u00e9k\u00e1r\u00f3l. Itt van n\u00e9h\u00e1ny kaszin\u00f3 enged\u00e9lyek \u00e9s kaszin\u00f3k.","robots":{"index":"index","follow":"follow","max-snippet":"max-snippet:-1","max-image-preview":"max-image-preview:large","max-video-preview":"max-video-preview:-1"},"canonical":"https:\/\/casinoreturn.com\/hu\/kaszino-engedelyek\/","og_locale":"hu_HU","og_type":"article","og_title":"Kaszin\u00f3 enged\u00e9lyek - casinoreturn","og_description":"A kaszin\u00f3enged\u00e9lyek meghat\u00e1rozhatj\u00e1k az \u00d6n d\u00f6nt\u00e9s\u00e9t az online kaszin\u00f3 regisztr\u00e1ci\u00f3j\u00e1r\u00f3l \u00e9s j\u00e1t\u00e9k\u00e1r\u00f3l. Itt van n\u00e9h\u00e1ny kaszin\u00f3 enged\u00e9lyek \u00e9s kaszin\u00f3k.","og_url":"https:\/\/casinoreturn.com\/hu\/kaszino-engedelyek\/","og_site_name":"casinoreturn","article_modified_time":"2024-12-02T12:13:55+00:00","og_image":[{"width":1200,"height":630,"url":"https:\/\/casinoreturn.com\/wp-content\/uploads\/2024\/12\/Online-Casino-Licences.png","type":"image\/png"}],"twitter_card":"summary_large_image","twitter_misc":{"Becs\u00fclt olvas\u00e1si id\u0151":"4 perc"},"schema":{"@context":"https:\/\/schema.org","@graph":[{"@type":"WebPage","@id":"https:\/\/casinoreturn.com\/hu\/kaszino-engedelyek\/","url":"https:\/\/casinoreturn.com\/hu\/kaszino-engedelyek\/","name":"Kaszin\u00f3 enged\u00e9lyek - casinoreturn","isPartOf":{"@id":"https:\/\/casinoreturn.com\/#website"},"primaryImageOfPage":{"@id":"https:\/\/casinoreturn.com\/hu\/kaszino-engedelyek\/#primaryimage"},"image":{"@id":"https:\/\/casinoreturn.com\/hu\/kaszino-engedelyek\/#primaryimage"},"thumbnailUrl":"https:\/\/casinoreturn.com\/wp-content\/uploads\/2024\/12\/Online-Casino-Licences-1024x538.png","datePublished":"2024-11-11T14:01:17+00:00","dateModified":"2024-12-02T12:13:55+00:00","description":"A kaszin\u00f3enged\u00e9lyek meghat\u00e1rozhatj\u00e1k az \u00d6n d\u00f6nt\u00e9s\u00e9t az online kaszin\u00f3 regisztr\u00e1ci\u00f3j\u00e1r\u00f3l \u00e9s j\u00e1t\u00e9k\u00e1r\u00f3l. Itt van n\u00e9h\u00e1ny kaszin\u00f3 enged\u00e9lyek \u00e9s kaszin\u00f3k.","breadcrumb":{"@id":"https:\/\/casinoreturn.com\/hu\/kaszino-engedelyek\/#breadcrumb"},"inLanguage":"hu","potentialAction":[{"@type":"ReadAction","target":["https:\/\/casinoreturn.com\/hu\/kaszino-engedelyek\/"]}]},{"@type":"ImageObject","inLanguage":"hu","@id":"https:\/\/casinoreturn.com\/hu\/kaszino-engedelyek\/#primaryimage","url":"https:\/\/casinoreturn.com\/wp-content\/uploads\/2024\/12\/Online-Casino-Licences-1024x538.png","contentUrl":"https:\/\/casinoreturn.com\/wp-content\/uploads\/2024\/12\/Online-Casino-Licences-1024x538.png"},{"@type":"BreadcrumbList","@id":"https:\/\/casinoreturn.com\/hu\/kaszino-engedelyek\/#breadcrumb","itemListElement":[{"@type":"ListItem","position":1,"name":"Home","item":"https:\/\/casinoreturn.com\/hu\/home\/"},{"@type":"ListItem","position":2,"name":"Kaszin\u00f3 enged\u00e9lyek"}]},{"@type":"WebSite","@id":"https:\/\/casinoreturn.com\/#website","url":"https:\/\/casinoreturn.com\/","name":"casinoreturn","description":"","publisher":{"@id":"https:\/\/casinoreturn.com\/#organization"},"potentialAction":[{"@type":"SearchAction","target":{"@type":"EntryPoint","urlTemplate":"https:\/\/casinoreturn.com\/?s={search_term_string}"},"query-input":{"@type":"PropertyValueSpecification","valueRequired":true,"valueName":"search_term_string"}}],"inLanguage":"hu"},{"@type":"Organization","@id":"https:\/\/casinoreturn.com\/#organization","name":"casinoreturn","url":"https:\/\/casinoreturn.com\/","logo":{"@type":"ImageObject","inLanguage":"hu","@id":"https:\/\/casinoreturn.com\/#\/schema\/logo\/image\/","url":"https:\/\/casinoreturn.com\/wp-content\/uploads\/2024\/09\/animal-favicon.png","contentUrl":"https:\/\/casinoreturn.com\/wp-content\/uploads\/2024\/09\/animal-favicon.png","width":92,"height":92,"caption":"casinoreturn"},"image":{"@id":"https:\/\/casinoreturn.com\/#\/schema\/logo\/image\/"}}]}},"_links":{"self":[{"href":"https:\/\/casinoreturn.com\/hu\/wp-json\/wp\/v2\/pages\/4512","targetHints":{"allow":["GET"]}}],"collection":[{"href":"https:\/\/casinoreturn.com\/hu\/wp-json\/wp\/v2\/pages"}],"about":[{"href":"https:\/\/casinoreturn.com\/hu\/wp-json\/wp\/v2\/types\/page"}],"author":[{"embeddable":true,"href":"https:\/\/casinoreturn.com\/hu\/wp-json\/wp\/v2\/users\/1"}],"replies":[{"embeddable":true,"href":"https:\/\/casinoreturn.com\/hu\/wp-json\/wp\/v2\/comments?post=4512"}],"version-history":[{"count":1,"href":"https:\/\/casinoreturn.com\/hu\/wp-json\/wp\/v2\/pages\/4512\/revisions"}],"predecessor-version":[{"id":4513,"href":"https:\/\/casinoreturn.com\/hu\/wp-json\/wp\/v2\/pages\/4512\/revisions\/4513"}],"wp:attachment":[{"href":"https:\/\/casinoreturn.com\/hu\/wp-json\/wp\/v2\/media?parent=4512"}],"curies":[{"name":"wp","href":"https:\/\/api.w.org\/{rel}","templated":true}]}}