{"id":4555,"date":"2024-11-02T10:47:02","date_gmt":"2024-11-02T10:47:02","guid":{"rendered":"https:\/\/casinoreturn.com\/kaszino-influencer\/"},"modified":"2024-12-02T13:34:17","modified_gmt":"2024-12-02T13:34:17","slug":"kaszino-influencer","status":"publish","type":"page","link":"https:\/\/casinoreturn.com\/hu\/kaszino-influencer\/","title":{"rendered":"Kaszin\u00f3 influencer"},"content":{"rendered":"\t\t<div data-elementor-type=\"wp-page\" data-elementor-id=\"4555\" class=\"elementor elementor-4555\" data-elementor-post-type=\"page\">\n\t\t\t\t<div class=\"elementor-element elementor-element-55b8a04 e-flex e-con-boxed e-con e-parent\" data-id=\"55b8a04\" data-element_type=\"container\">\n\t\t\t\t\t<div class=\"e-con-inner\">\n\t\t\t\t<div class=\"elementor-element elementor-element-56141af elementor-widget elementor-widget-text-editor\" data-id=\"56141af\" data-element_type=\"widget\" data-widget_type=\"text-editor.default\">\n\t\t\t\t<div class=\"elementor-widget-container\">\n\t\t\t\t\t\t\t\t\t<h3>A k\u00f6z\u00f6ss\u00e9gi m\u00e9di\u00e1t haszn\u00e1l\u00f3 kaszin\u00f3befoly\u00e1sol\u00f3k er\u0151s h\u00edrn\u00e9vre tesznek szert, amit sok \u00fczemeltet\u0151 gyakran figyelmen k\u00edv\u00fcl hagy.  <\/h3>\n\t\t\t\t\t\t\t\t<\/div>\n\t\t\t\t<\/div>\n\t\t\t\t\t<\/div>\n\t\t\t\t<\/div>\n\t\t<div class=\"elementor-element elementor-element-fbf2875 e-flex e-con-boxed e-con e-parent\" data-id=\"fbf2875\" data-element_type=\"container\">\n\t\t\t\t\t<div class=\"e-con-inner\">\n\t\t\t\t<div class=\"elementor-element elementor-element-c338f23 elementor-widget elementor-widget-text-editor\" data-id=\"c338f23\" data-element_type=\"widget\" data-widget_type=\"text-editor.default\">\n\t\t\t\t<div class=\"elementor-widget-container\">\n\t\t\t\t\t\t\t\t\t<p>Napjainkban a folyamatosan v\u00e1ltoz\u00f3 trendek vil\u00e1g\u00e1ban egy csoport tagadhatatlanul az online szerencsej\u00e1t\u00e9k-ipar egyik hajt\u00f3erej\u00e9v\u00e9 v\u00e1lt. A k\u00f6z\u00f6ss\u00e9gi online kaszin\u00f3 influencerek csillag\u00e1szati felemelked\u00e9s\u00e9r\u0151l besz\u00e9l\u00fcnk. Milyen szerepet j\u00e1tszanak a j\u00e1t\u00e9kosok k\u00f6z\u00f6ss\u00e9g\u00e9ben? Milyen el\u0151nyei vannak az influencereknek a szerencsej\u00e1t\u00e9kban? \u00c9s m\u00e9g sok m\u00e1s \u00e9rdekes t\u00e9nyt szeretn\u00e9nk bemutatni \u00d6nnek, a v\u00e9gfelhaszn\u00e1l\u00f3nak. Kattintson a <a href=\"http:\/\/HTTP:\/\/twitch.tv\/Rectotio\" data-wplink-url-error=\"true\"><strong>IDE<\/strong><\/a> hogy kapcsolatba l\u00e9pj a h\u00f3nap streamer\u00e9vel, \u00e9s elolvasd a Casino return streamer \u00e9rt\u00e9kel\u00e9s\u00fcnket.       <\/p>\n\t\t\t\t\t\t\t\t<\/div>\n\t\t\t\t<\/div>\n\t\t\t\t\t<\/div>\n\t\t\t\t<\/div>\n\t\t<div class=\"elementor-element elementor-element-f3bb186 e-flex e-con-boxed e-con e-parent\" data-id=\"f3bb186\" data-element_type=\"container\">\n\t\t\t\t\t<div class=\"e-con-inner\">\n\t\t\t\t<div class=\"elementor-element elementor-element-0c927c6 elementor-widget elementor-widget-heading\" data-id=\"0c927c6\" data-element_type=\"widget\" data-widget_type=\"heading.default\">\n\t\t\t\t<div class=\"elementor-widget-container\">\n\t\t\t\t\t<h4 class=\"elementor-heading-title elementor-size-default\">A szerencsej\u00e1t\u00e9kok befoly\u00e1sol\u00f3i<\/h4>\t\t\t\t<\/div>\n\t\t\t\t<\/div>\n\t\t\t\t\t<\/div>\n\t\t\t\t<\/div>\n\t\t<div class=\"elementor-element elementor-element-a4caf4b e-flex e-con-boxed e-con e-parent\" data-id=\"a4caf4b\" data-element_type=\"container\">\n\t\t\t\t\t<div class=\"e-con-inner\">\n\t\t\t\t<div class=\"elementor-element elementor-element-9bb9446 elementor-widget elementor-widget-text-editor\" data-id=\"9bb9446\" data-element_type=\"widget\" data-widget_type=\"text-editor.default\">\n\t\t\t\t<div class=\"elementor-widget-container\">\n\t\t\t\t\t\t\t\t\t<p>A k\u00f6z\u00f6ss\u00e9gi m\u00e9diaplatformok meteorikus felemelked\u00e9se \u00f3ta az emberek egy csoportja alkalmazkodott, \u00e9s a divat, a sport \u00e9s az \u00e9lelmiszer helyett az online szerencsej\u00e1t\u00e9kok fel\u00e9 fordult. <a href=\"https:\/\/casinoreturn.com\/hu\/online-kaszino-influencer\/\">Az influencerek<\/a> a marketingben nem \u00fajdons\u00e1gok, \u00e9s kor\u00e1bban gyakran sportikonok vagy zen\u00e9szek voltak, akik nyilv\u00e1nosan n\u00e9pszer\u0171s\u00edtett\u00e9k term\u00e9keiket. Az id\u0151k azonban tov\u00e1bbl\u00e9ptek, \u00e9s mivel a legt\u00f6bb\u00fcnknek van mobiltelefonja \u00e9s internetje, a befoly\u00e1sol\u00f3k j\u00f3val nagyobb sz\u00e1ma l\u00e9pett be az online szerencsej\u00e1t\u00e9k-term\u00e9kek n\u00e9pszer\u0171s\u00edt\u00e9s\u00e9be. Egy m\u00e1rka ilyen jelleg\u0171 t\u00e1mogat\u00e1sa megnyitotta az ajt\u00f3t a j\u00f3, a rossz \u00e9s a cs\u00fanya el\u0151tt, m\u00e1s sz\u00f3val a mai id\u0151kben az influencereknek is ki kell venni\u00fck a r\u00e9sz\u00fcket a felel\u0151s szerencsej\u00e1t\u00e9kb\u00f3l. Ez\u00e9rt n\u00e9zz\u00fck meg az influencerek n\u00e9h\u00e1ny el\u0151ny\u00e9t a szerencsej\u00e1t\u00e9kban, \u00e9s tal\u00e1n n\u00e9h\u00e1ny kih\u00edv\u00e1st \u00e9s gyakran aggodalmat is megvitathatunk.     <\/p>\n\t\t\t\t\t\t\t\t<\/div>\n\t\t\t\t<\/div>\n\t\t\t\t\t<\/div>\n\t\t\t\t<\/div>\n\t\t<div class=\"elementor-element elementor-element-f340639 e-flex e-con-boxed e-con e-parent\" data-id=\"f340639\" data-element_type=\"container\">\n\t\t\t\t\t<div class=\"e-con-inner\">\n\t\t\t\t<div class=\"elementor-element elementor-element-42ea645 elementor-widget elementor-widget-heading\" data-id=\"42ea645\" data-element_type=\"widget\" data-widget_type=\"heading.default\">\n\t\t\t\t<div class=\"elementor-widget-container\">\n\t\t\t\t\t<h4 class=\"elementor-heading-title elementor-size-default\">A befoly\u00e1sol\u00f3k el\u0151nyei a szerencsej\u00e1t\u00e9kban<\/h4>\t\t\t\t<\/div>\n\t\t\t\t<\/div>\n\t\t\t\t\t<\/div>\n\t\t\t\t<\/div>\n\t\t<div class=\"elementor-element elementor-element-a89ec35 e-flex e-con-boxed e-con e-parent\" data-id=\"a89ec35\" data-element_type=\"container\">\n\t\t\t\t\t<div class=\"e-con-inner\">\n\t\t\t\t<div class=\"elementor-element elementor-element-8ec5cde elementor-widget elementor-widget-text-editor\" data-id=\"8ec5cde\" data-element_type=\"widget\" data-widget_type=\"text-editor.default\">\n\t\t\t\t<div class=\"elementor-widget-container\">\n\t\t\t\t\t\t\t\t\t<p>A k\u00f6vetkez\u0151 el\u0151ny\u00f6k teszik az influencereket \u00e1ltal\u00e1ban v\u00e9ve kiemelked\u0151 marketingesnek:  <\/p>\n<ul>\n<li><strong>Az influencerek n\u00f6velik a m\u00e1rka ismerts\u00e9g\u00e9t.<\/strong>  A j\u00f3 m\u00e1rka n\u00e9pszer\u0171s\u00edt\u00e9s\u00e9ben bet\u00f6lt\u00f6tt szerep\u00fck k\u00fcl\u00f6n\u00f6sen fontos, mivel a k\u00f6vet\u0151k az aj\u00e1nl\u00e1sokra \u00e9p\u00edtettek bizalmat, \u00e9s nagyobb val\u00f3sz\u00edn\u0171s\u00e9ggel vesznek r\u00e9szt a m\u00e1rk\u00e1val val\u00f3 kapcsolattart\u00e1sban.  <\/li>\n<li>A <strong>szak\u00e9rtelem \u00e9s a tapasztalat<\/strong> k\u00e9t l\u00e9nyeges pont. Az influencerek \u00e1ltal\u00e1ban jobban ismerik a m\u00e1rk\u00e1t vagy a term\u00e9ket. A hiteless\u00e9g \u00e9s a bizalom ki\u00e9p\u00edt\u00e9se t\u00f6bb k\u00f6vet\u0151t vonz a t\u00e1mogatott m\u00e1rka vagy term\u00e9k tesztel\u00e9s\u00e9re. P\u00e9ld\u00e1ul egy h\u00edres sportol\u00f3 szem\u00e9lyis\u00e9g, aki a csatorn\u00e1j\u00e1n egy \u00faj sportcip\u0151 sorozatot n\u00e9pszer\u0171s\u00edt. Az eredm\u00e9ny, hogy az elad\u00e1sok ennek a cip\u0151nek az elad\u00e1sa az egekbe sz\u00f6kik , az aj\u00e1nl\u00e1sra \u00e9s az azonos cip\u0151t visel\u0151 ikonra \u00e9p\u00edtve. Az influencerek p\u00e9ldak\u00e9pek, \u00e9s a k\u00f6vet\u0151k azonosulhatnak vagy nyilatkozhatnak azzal, hogy ugyanazt a m\u00e1rk\u00e1t viselik.       <\/li>\n<li><strong>Elk\u00f6telezetts\u00e9g \u00e9s az azonosul\u00e1s ereje<\/strong>. A befoly\u00e1sol\u00f3k gyakran maguk is szakemberek a saj\u00e1t ter\u00fclet\u00fck\u00f6n, vagy magasabb szint\u0171 szak\u00e9rtelmet gy\u0171jt\u00f6ttek \u00f6ssze \u00e9s mutattak fel. Ennek illusztr\u00e1l\u00e1s\u00e1ra n\u00e9zz\u00fck meg a sport, a p\u00f3ker \u00e9s a futball influencereit. Kos\u00e1rlabda szt\u00e1rok egy bizonyos m\u00e1rk\u00e1t n\u00e9pszer\u0171s\u00edtenek, \u00edgy \u0151 az egyik els\u0151 sportember, aki 500 mill\u00e1s \u00e9rt\u00e9kes\u00edt\u00e9si jutal\u00e9kot keresett. P\u00f3kerj\u00e1t\u00e9kosokat Las Vegasba h\u00edvnak, \u00e9s az udvarl\u00e1s, hogy ezeket a top p\u00f3kerj\u00e1t\u00e9kosokat bejuttass\u00e1k, elk\u00e9peszt\u0151. Egy h\u00edres angol focista megv\u00e1ltoztatta a frizur\u00e1j\u00e1t, \u00e9s ennek hat\u00e1s\u00e1ra a fiatal fi\u00fak is a fodr\u00e1szokhoz csap\u00f3dnak, hogy azonosuljanak vele.       <\/li>\n<\/ul>\n\t\t\t\t\t\t\t\t<\/div>\n\t\t\t\t<\/div>\n\t\t\t\t\t<\/div>\n\t\t\t\t<\/div>\n\t\t<div class=\"elementor-element elementor-element-49db073 e-flex e-con-boxed e-con e-parent\" data-id=\"49db073\" data-element_type=\"container\">\n\t\t\t\t\t<div class=\"e-con-inner\">\n\t\t\t\t<div class=\"elementor-element elementor-element-95ecd9c elementor-widget elementor-widget-heading\" data-id=\"95ecd9c\" data-element_type=\"widget\" data-widget_type=\"heading.default\">\n\t\t\t\t<div class=\"elementor-widget-container\">\n\t\t\t\t\t<h4 class=\"elementor-heading-title elementor-size-default\">Kih\u00edv\u00e1sok \u00e9s felel\u0151ss\u00e9gek<\/h4>\t\t\t\t<\/div>\n\t\t\t\t<\/div>\n\t\t\t\t\t<\/div>\n\t\t\t\t<\/div>\n\t\t<div class=\"elementor-element elementor-element-d90b400 e-flex e-con-boxed e-con e-parent\" data-id=\"d90b400\" data-element_type=\"container\">\n\t\t\t\t\t<div class=\"e-con-inner\">\n\t\t\t\t<div class=\"elementor-element elementor-element-40c1321 elementor-widget elementor-widget-text-editor\" data-id=\"40c1321\" data-element_type=\"widget\" data-widget_type=\"text-editor.default\">\n\t\t\t\t<div class=\"elementor-widget-container\">\n\t\t\t\t\t\t\t\t\t<p>Kaszin\u00f3 marketing \u00e9s online kaszin\u00f3 platformok szab\u00e1lyozott \u00e9s nem meglep\u0151 m\u00f3don nagyobb sz\u00e1mban nem szab\u00e1lyozott. Milyen kih\u00edv\u00e1sok v\u00e1rnak a kaszin\u00f3 influencerekre \u00e9s a kaszin\u00f3 \u00fczemeltet\u0151kre? Az el\u0151tt\u00fcnk \u00e1ll\u00f3 kih\u00edv\u00e1sok v\u00e1ltozatosak lehetnek, hogy csak n\u00e9h\u00e1nyat eml\u00edtsek:  <\/p>\n\t\t\t\t\t\t\t\t<\/div>\n\t\t\t\t<\/div>\n\t\t\t\t\t<\/div>\n\t\t\t\t<\/div>\n\t\t<div class=\"elementor-element elementor-element-836bdc3 e-flex e-con-boxed e-con e-parent\" data-id=\"836bdc3\" data-element_type=\"container\">\n\t\t\t\t\t<div class=\"e-con-inner\">\n\t\t\t\t<div class=\"elementor-element elementor-element-5ecded3 elementor-widget elementor-widget-text-editor\" data-id=\"5ecded3\" data-element_type=\"widget\" data-widget_type=\"text-editor.default\">\n\t\t\t\t<div class=\"elementor-widget-container\">\n\t\t\t\t\t\t\t\t\t<ul>\n<li><strong>Az online szerencsej\u00e1t\u00e9kok nyilv\u00e1nos n\u00e9pszer\u0171s\u00edt\u00e9se gyakran piros z\u00e1szl\u00f3t jelent<\/strong> egyes szab\u00e1lyoz\u00f3k sz\u00e1m\u00e1ra, \u00e9s n\u00e9h\u00e1ny orsz\u00e1g, p\u00e9ld\u00e1ul N\u00e9metorsz\u00e1g, Spanyolorsz\u00e1g, Hollandia, az USA egyes r\u00e9szei \u00e9s Nagy-Britannia hat\u00e9kony l\u00e9p\u00e9seket tett a bels\u0151 ellens\u00e9g felismer\u00e9s\u00e9re. Az id\u0151 azonban megmutatta, hogy a tilt\u00e1s \u00e9s a j\u00e1t\u00e9kosok szab\u00e1lyoz\u00e1sa helyett gyakran hasznosabb a szolg\u00e1ltat\u00f3kkal val\u00f3 egy\u00fcttm\u0171k\u00f6d\u00e9s, a p\u00e1rbesz\u00e9d megkezd\u00e9se a biztons\u00e1gosabb szerencsej\u00e1t\u00e9k-k\u00f6rnyezet megteremt\u00e9s\u00e9nek \u0151szinte sz\u00e1nd\u00e9k\u00e1val. Jobb, ha az \u00f6rd\u00f6g\u00f6t ismered.    <\/li>\n<\/ul>\n\t\t\t\t\t\t\t\t<\/div>\n\t\t\t\t<\/div>\n\t\t\t\t\t<\/div>\n\t\t\t\t<\/div>\n\t\t<div class=\"elementor-element elementor-element-91b3109 e-flex e-con-boxed e-con e-parent\" data-id=\"91b3109\" data-element_type=\"container\">\n\t\t\t\t\t<div class=\"e-con-inner\">\n\t\t\t\t<div class=\"elementor-element elementor-element-3a1d9be elementor-widget elementor-widget-text-editor\" data-id=\"3a1d9be\" data-element_type=\"widget\" data-widget_type=\"text-editor.default\">\n\t\t\t\t<div class=\"elementor-widget-container\">\n\t\t\t\t\t\t\t\t\t<ul>\n<li><strong>Az influencerek is felel\u0151sek<\/strong> az\u00e9rt, hogy meg\u00f3vj\u00e1k k\u00f6vet\u0151iket \u00e9s a k\u00f6z\u00f6ss\u00e9get az olyan m\u00e1rkapartnerekkel val\u00f3 egy\u00fcttm\u0171k\u00f6d\u00e9st\u0151l, akik nem hajland\u00f3ak t\u00e1mogatni a felel\u0151s szerencsej\u00e1t\u00e9kot \u00e9s a piaci norm\u00e1k betart\u00e1s\u00e1t.  <\/li>\n<\/ul>\n\t\t\t\t\t\t\t\t<\/div>\n\t\t\t\t<\/div>\n\t\t\t\t\t<\/div>\n\t\t\t\t<\/div>\n\t\t<div class=\"elementor-element elementor-element-8138a19 e-flex e-con-boxed e-con e-parent\" data-id=\"8138a19\" data-element_type=\"container\">\n\t\t\t\t\t<div class=\"e-con-inner\">\n\t\t\t\t<div class=\"elementor-element elementor-element-f004e45 elementor-widget elementor-widget-heading\" data-id=\"f004e45\" data-element_type=\"widget\" data-widget_type=\"heading.default\">\n\t\t\t\t<div class=\"elementor-widget-container\">\n\t\t\t\t\t<h5 class=\"elementor-heading-title elementor-size-default\">Mi v\u00e1r az online kaszin\u00f3 influencerekre?<\/h5>\t\t\t\t<\/div>\n\t\t\t\t<\/div>\n\t\t\t\t\t<\/div>\n\t\t\t\t<\/div>\n\t\t<div class=\"elementor-element elementor-element-e26ded2 e-flex e-con-boxed e-con e-parent\" data-id=\"e26ded2\" data-element_type=\"container\">\n\t\t\t\t\t<div class=\"e-con-inner\">\n\t\t\t\t<div class=\"elementor-element elementor-element-83be952 elementor-widget elementor-widget-text-editor\" data-id=\"83be952\" data-element_type=\"widget\" data-widget_type=\"text-editor.default\">\n\t\t\t\t<div class=\"elementor-widget-container\">\n\t\t\t\t\t\t\t\t\t<p>A j\u00f6v\u0151 a k\u00f6z\u00f6ss\u00e9gi m\u00e9dia gyors \u00e9s sz\u00ednes. V\u00e1rhat\u00f3, hogy el\u0151bb-ut\u00f3bb hatalmas sz\u00e1mban fognak elt\u0171nni a t\u00fal nagy sz\u00e1m\u00fa, \u00e9rtelmes hat\u00e1st gyakorolni pr\u00f3b\u00e1l\u00f3 oldal miatt. A legfontosabb r\u00e9sz, \u00e9s hogy er\u0151sen hangs\u00falyozzuk a dolgot, a j\u00e1t\u00e9kosok biztons\u00e1gban tart\u00e1sa a felel\u0151s j\u00e1t\u00e9kgyakorlatokkal \u00e9s az etikusan megk\u00e9rd\u0151jelezett befoly\u00e1sol\u00f3kkal, akik komolyan veszik a t\u00e1rsadalomban bet\u00f6lt\u00f6tt fontos szerep\u00fcket. A fentieket figyelembe v\u00e9ve \u00fagy \u00e9rezz\u00fck, hogy f\u00e9nyes j\u00f6v\u0151 el\u00e9 n\u00e9z\u00fcnk, ha minden szempontot figyelembe vesz\u00fcnk.     <\/p>\n\t\t\t\t\t\t\t\t<\/div>\n\t\t\t\t<\/div>\n\t\t\t\t\t<\/div>\n\t\t\t\t<\/div>\n\t\t\t\t<\/div>\n\t\t","protected":false},"excerpt":{"rendered":"<p>A k\u00f6z\u00f6ss\u00e9gi m\u00e9di\u00e1t haszn\u00e1l\u00f3 kaszin\u00f3befoly\u00e1sol\u00f3k er\u0151s h\u00edrn\u00e9vre tesznek szert, amit sok \u00fczemeltet\u0151 gyakran figyelmen k\u00edv\u00fcl hagy. Napjainkban a folyamatosan v\u00e1ltoz\u00f3 trendek vil\u00e1g\u00e1ban egy csoport tagadhatatlanul az online szerencsej\u00e1t\u00e9k-ipar egyik hajt\u00f3erej\u00e9v\u00e9 v\u00e1lt. A k\u00f6z\u00f6ss\u00e9gi online kaszin\u00f3 influencerek csillag\u00e1szati felemelked\u00e9s\u00e9r\u0151l besz\u00e9l\u00fcnk. Milyen szerepet j\u00e1tszanak a j\u00e1t\u00e9kosok k\u00f6z\u00f6ss\u00e9g\u00e9ben? Milyen el\u0151nyei vannak az influencereknek a szerencsej\u00e1t\u00e9kban? \u00c9s m\u00e9g sok [&hellip;]<\/p>\n","protected":false},"author":1,"featured_media":0,"parent":0,"menu_order":0,"comment_status":"closed","ping_status":"closed","template":"","meta":{"footnotes":""},"class_list":["post-4555","page","type-page","status-publish","hentry"],"blocksy_meta":[],"acf":[],"yoast_head":"<!-- This site is optimized with the Yoast SEO plugin v24.1 - https:\/\/yoast.com\/wordpress\/plugins\/seo\/ -->\n<title>Kaszin\u00f3 influencer - casinoreturn<\/title>\n<meta name=\"description\" content=\"A Casino Influencer nagyot ugrott a k\u00f6z\u00f6ss\u00e9gi m\u00e9di\u00e1b\u00f3l, hogy meg\u00e9rkezzen az online kaszin\u00f3ba. K\u00f6vessen minket itt, \u00e9s n\u00e9zze meg, hogy ki kicsoda \u00e9s mi \u00fajs\u00e1g a Twitch-en.\" \/>\n<meta name=\"robots\" content=\"index, follow, max-snippet:-1, max-image-preview:large, max-video-preview:-1\" \/>\n<link rel=\"canonical\" href=\"https:\/\/casinoreturn.com\/hu\/kaszino-influencer\/\" \/>\n<meta property=\"og:locale\" content=\"hu_HU\" \/>\n<meta property=\"og:type\" content=\"article\" \/>\n<meta property=\"og:title\" content=\"Kaszin\u00f3 influencer - casinoreturn\" \/>\n<meta property=\"og:description\" content=\"A Casino Influencer nagyot ugrott a k\u00f6z\u00f6ss\u00e9gi m\u00e9di\u00e1b\u00f3l, hogy meg\u00e9rkezzen az online kaszin\u00f3ba. K\u00f6vessen minket itt, \u00e9s n\u00e9zze meg, hogy ki kicsoda \u00e9s mi \u00fajs\u00e1g a Twitch-en.\" \/>\n<meta property=\"og:url\" content=\"https:\/\/casinoreturn.com\/hu\/kaszino-influencer\/\" \/>\n<meta property=\"og:site_name\" content=\"casinoreturn\" \/>\n<meta property=\"article:modified_time\" content=\"2024-12-02T13:34:17+00:00\" \/>\n<meta name=\"twitter:card\" content=\"summary_large_image\" \/>\n<meta name=\"twitter:label1\" content=\"Becs\u00fclt olvas\u00e1si id\u0151\" \/>\n\t<meta name=\"twitter:data1\" content=\"5 perc\" \/>\n<script type=\"application\/ld+json\" class=\"yoast-schema-graph\">{\"@context\":\"https:\/\/schema.org\",\"@graph\":[{\"@type\":\"WebPage\",\"@id\":\"https:\/\/casinoreturn.com\/hu\/kaszino-influencer\/\",\"url\":\"https:\/\/casinoreturn.com\/hu\/kaszino-influencer\/\",\"name\":\"Kaszin\u00f3 influencer - casinoreturn\",\"isPartOf\":{\"@id\":\"https:\/\/casinoreturn.com\/#website\"},\"datePublished\":\"2024-11-02T10:47:02+00:00\",\"dateModified\":\"2024-12-02T13:34:17+00:00\",\"description\":\"A Casino Influencer nagyot ugrott a k\u00f6z\u00f6ss\u00e9gi m\u00e9di\u00e1b\u00f3l, hogy meg\u00e9rkezzen az online kaszin\u00f3ba. K\u00f6vessen minket itt, \u00e9s n\u00e9zze meg, hogy ki kicsoda \u00e9s mi \u00fajs\u00e1g a Twitch-en.\",\"breadcrumb\":{\"@id\":\"https:\/\/casinoreturn.com\/hu\/kaszino-influencer\/#breadcrumb\"},\"inLanguage\":\"hu\",\"potentialAction\":[{\"@type\":\"ReadAction\",\"target\":[\"https:\/\/casinoreturn.com\/hu\/kaszino-influencer\/\"]}]},{\"@type\":\"BreadcrumbList\",\"@id\":\"https:\/\/casinoreturn.com\/hu\/kaszino-influencer\/#breadcrumb\",\"itemListElement\":[{\"@type\":\"ListItem\",\"position\":1,\"name\":\"Home\",\"item\":\"https:\/\/casinoreturn.com\/hu\/home\/\"},{\"@type\":\"ListItem\",\"position\":2,\"name\":\"Kaszin\u00f3 influencer\"}]},{\"@type\":\"WebSite\",\"@id\":\"https:\/\/casinoreturn.com\/#website\",\"url\":\"https:\/\/casinoreturn.com\/\",\"name\":\"casinoreturn\",\"description\":\"\",\"publisher\":{\"@id\":\"https:\/\/casinoreturn.com\/#organization\"},\"potentialAction\":[{\"@type\":\"SearchAction\",\"target\":{\"@type\":\"EntryPoint\",\"urlTemplate\":\"https:\/\/casinoreturn.com\/?s={search_term_string}\"},\"query-input\":{\"@type\":\"PropertyValueSpecification\",\"valueRequired\":true,\"valueName\":\"search_term_string\"}}],\"inLanguage\":\"hu\"},{\"@type\":\"Organization\",\"@id\":\"https:\/\/casinoreturn.com\/#organization\",\"name\":\"casinoreturn\",\"url\":\"https:\/\/casinoreturn.com\/\",\"logo\":{\"@type\":\"ImageObject\",\"inLanguage\":\"hu\",\"@id\":\"https:\/\/casinoreturn.com\/#\/schema\/logo\/image\/\",\"url\":\"https:\/\/casinoreturn.com\/wp-content\/uploads\/2024\/09\/animal-favicon.png\",\"contentUrl\":\"https:\/\/casinoreturn.com\/wp-content\/uploads\/2024\/09\/animal-favicon.png\",\"width\":92,\"height\":92,\"caption\":\"casinoreturn\"},\"image\":{\"@id\":\"https:\/\/casinoreturn.com\/#\/schema\/logo\/image\/\"}}]}<\/script>\n<!-- \/ Yoast SEO plugin. -->","yoast_head_json":{"title":"Kaszin\u00f3 influencer - casinoreturn","description":"A Casino Influencer nagyot ugrott a k\u00f6z\u00f6ss\u00e9gi m\u00e9di\u00e1b\u00f3l, hogy meg\u00e9rkezzen az online kaszin\u00f3ba. K\u00f6vessen minket itt, \u00e9s n\u00e9zze meg, hogy ki kicsoda \u00e9s mi \u00fajs\u00e1g a Twitch-en.","robots":{"index":"index","follow":"follow","max-snippet":"max-snippet:-1","max-image-preview":"max-image-preview:large","max-video-preview":"max-video-preview:-1"},"canonical":"https:\/\/casinoreturn.com\/hu\/kaszino-influencer\/","og_locale":"hu_HU","og_type":"article","og_title":"Kaszin\u00f3 influencer - casinoreturn","og_description":"A Casino Influencer nagyot ugrott a k\u00f6z\u00f6ss\u00e9gi m\u00e9di\u00e1b\u00f3l, hogy meg\u00e9rkezzen az online kaszin\u00f3ba. K\u00f6vessen minket itt, \u00e9s n\u00e9zze meg, hogy ki kicsoda \u00e9s mi \u00fajs\u00e1g a Twitch-en.","og_url":"https:\/\/casinoreturn.com\/hu\/kaszino-influencer\/","og_site_name":"casinoreturn","article_modified_time":"2024-12-02T13:34:17+00:00","twitter_card":"summary_large_image","twitter_misc":{"Becs\u00fclt olvas\u00e1si id\u0151":"5 perc"},"schema":{"@context":"https:\/\/schema.org","@graph":[{"@type":"WebPage","@id":"https:\/\/casinoreturn.com\/hu\/kaszino-influencer\/","url":"https:\/\/casinoreturn.com\/hu\/kaszino-influencer\/","name":"Kaszin\u00f3 influencer - casinoreturn","isPartOf":{"@id":"https:\/\/casinoreturn.com\/#website"},"datePublished":"2024-11-02T10:47:02+00:00","dateModified":"2024-12-02T13:34:17+00:00","description":"A Casino Influencer nagyot ugrott a k\u00f6z\u00f6ss\u00e9gi m\u00e9di\u00e1b\u00f3l, hogy meg\u00e9rkezzen az online kaszin\u00f3ba. K\u00f6vessen minket itt, \u00e9s n\u00e9zze meg, hogy ki kicsoda \u00e9s mi \u00fajs\u00e1g a Twitch-en.","breadcrumb":{"@id":"https:\/\/casinoreturn.com\/hu\/kaszino-influencer\/#breadcrumb"},"inLanguage":"hu","potentialAction":[{"@type":"ReadAction","target":["https:\/\/casinoreturn.com\/hu\/kaszino-influencer\/"]}]},{"@type":"BreadcrumbList","@id":"https:\/\/casinoreturn.com\/hu\/kaszino-influencer\/#breadcrumb","itemListElement":[{"@type":"ListItem","position":1,"name":"Home","item":"https:\/\/casinoreturn.com\/hu\/home\/"},{"@type":"ListItem","position":2,"name":"Kaszin\u00f3 influencer"}]},{"@type":"WebSite","@id":"https:\/\/casinoreturn.com\/#website","url":"https:\/\/casinoreturn.com\/","name":"casinoreturn","description":"","publisher":{"@id":"https:\/\/casinoreturn.com\/#organization"},"potentialAction":[{"@type":"SearchAction","target":{"@type":"EntryPoint","urlTemplate":"https:\/\/casinoreturn.com\/?s={search_term_string}"},"query-input":{"@type":"PropertyValueSpecification","valueRequired":true,"valueName":"search_term_string"}}],"inLanguage":"hu"},{"@type":"Organization","@id":"https:\/\/casinoreturn.com\/#organization","name":"casinoreturn","url":"https:\/\/casinoreturn.com\/","logo":{"@type":"ImageObject","inLanguage":"hu","@id":"https:\/\/casinoreturn.com\/#\/schema\/logo\/image\/","url":"https:\/\/casinoreturn.com\/wp-content\/uploads\/2024\/09\/animal-favicon.png","contentUrl":"https:\/\/casinoreturn.com\/wp-content\/uploads\/2024\/09\/animal-favicon.png","width":92,"height":92,"caption":"casinoreturn"},"image":{"@id":"https:\/\/casinoreturn.com\/#\/schema\/logo\/image\/"}}]}},"_links":{"self":[{"href":"https:\/\/casinoreturn.com\/hu\/wp-json\/wp\/v2\/pages\/4555","targetHints":{"allow":["GET"]}}],"collection":[{"href":"https:\/\/casinoreturn.com\/hu\/wp-json\/wp\/v2\/pages"}],"about":[{"href":"https:\/\/casinoreturn.com\/hu\/wp-json\/wp\/v2\/types\/page"}],"author":[{"embeddable":true,"href":"https:\/\/casinoreturn.com\/hu\/wp-json\/wp\/v2\/users\/1"}],"replies":[{"embeddable":true,"href":"https:\/\/casinoreturn.com\/hu\/wp-json\/wp\/v2\/comments?post=4555"}],"version-history":[{"count":1,"href":"https:\/\/casinoreturn.com\/hu\/wp-json\/wp\/v2\/pages\/4555\/revisions"}],"predecessor-version":[{"id":4556,"href":"https:\/\/casinoreturn.com\/hu\/wp-json\/wp\/v2\/pages\/4555\/revisions\/4556"}],"wp:attachment":[{"href":"https:\/\/casinoreturn.com\/hu\/wp-json\/wp\/v2\/media?parent=4555"}],"curies":[{"name":"wp","href":"https:\/\/api.w.org\/{rel}","templated":true}]}}