{"id":4598,"date":"2024-10-08T12:47:07","date_gmt":"2024-10-08T12:47:07","guid":{"rendered":"https:\/\/casinoreturn.com\/szerzo-domini\/"},"modified":"2024-12-02T14:04:56","modified_gmt":"2024-12-02T14:04:56","slug":"szerzo-domini","status":"publish","type":"page","link":"https:\/\/casinoreturn.com\/hu\/szerzo-domini\/","title":{"rendered":"Szerz\u0151 domini"},"content":{"rendered":"\t\t<div data-elementor-type=\"wp-page\" data-elementor-id=\"4598\" class=\"elementor elementor-4598\" data-elementor-post-type=\"page\">\n\t\t\t\t<div class=\"elementor-element elementor-element-487b8c8 e-flex e-con-boxed e-con e-parent\" data-id=\"487b8c8\" data-element_type=\"container\" data-settings=\"{&quot;background_background&quot;:&quot;classic&quot;}\">\n\t\t\t\t\t<div class=\"e-con-inner\">\n\t\t\t\t<div class=\"elementor-element elementor-element-053e7bf elementor-widget elementor-widget-heading\" data-id=\"053e7bf\" data-element_type=\"widget\" data-widget_type=\"heading.default\">\n\t\t\t\t<div class=\"elementor-widget-container\">\n\t\t\t\t\t<h2 class=\"elementor-heading-title elementor-size-default\">Szerz\u0151 : Tower House Team<\/h2>\t\t\t\t<\/div>\n\t\t\t\t<\/div>\n\t\t\t\t\t<\/div>\n\t\t\t\t<\/div>\n\t\t<div class=\"elementor-element elementor-element-72c42d1 e-flex e-con-boxed e-con e-parent\" data-id=\"72c42d1\" data-element_type=\"container\">\n\t\t\t\t\t<div class=\"e-con-inner\">\n\t\t<div class=\"elementor-element elementor-element-5aafae2 e-con-full e-flex e-con e-child\" data-id=\"5aafae2\" data-element_type=\"container\">\n\t\t<div class=\"elementor-element elementor-element-b159f64 e-con-full e-flex e-con e-child\" data-id=\"b159f64\" data-element_type=\"container\" data-settings=\"{&quot;background_background&quot;:&quot;classic&quot;}\">\n\t\t<div class=\"elementor-element elementor-element-129e9d4 e-con-full e-flex e-con e-child\" data-id=\"129e9d4\" data-element_type=\"container\" data-settings=\"{&quot;background_background&quot;:&quot;classic&quot;}\">\n\t\t\t\t<div class=\"elementor-element elementor-element-b3fb6bb elementor-widget elementor-widget-heading\" data-id=\"b3fb6bb\" data-element_type=\"widget\" data-widget_type=\"heading.default\">\n\t\t\t\t<div class=\"elementor-widget-container\">\n\t\t\t\t\t<h2 class=\"elementor-heading-title elementor-size-default\">A Tower House csapat\u00e1r\u00f3l<\/h2>\t\t\t\t<\/div>\n\t\t\t\t<\/div>\n\t\t\t\t<div class=\"elementor-element elementor-element-f33bd2e elementor-widget elementor-widget-image\" data-id=\"f33bd2e\" data-element_type=\"widget\" data-widget_type=\"image.default\">\n\t\t\t\t<div class=\"elementor-widget-container\">\n\t\t\t\t\t\t\t\t\t\t\t\t\t\t\t<img decoding=\"async\" width=\"150\" height=\"150\" src=\"https:\/\/casinoreturn.com\/wp-content\/uploads\/2024\/10\/pikaso_edit-150x150.jpeg\" class=\"attachment-thumbnail size-thumbnail wp-image-818\" alt=\"\" srcset=\"https:\/\/casinoreturn.com\/wp-content\/uploads\/2024\/10\/pikaso_edit-150x150.jpeg 150w, https:\/\/casinoreturn.com\/wp-content\/uploads\/2024\/10\/pikaso_edit-300x300.jpeg 300w, https:\/\/casinoreturn.com\/wp-content\/uploads\/2024\/10\/pikaso_edit-1024x1024.jpeg 1024w, https:\/\/casinoreturn.com\/wp-content\/uploads\/2024\/10\/pikaso_edit-768x768.jpeg 768w, https:\/\/casinoreturn.com\/wp-content\/uploads\/2024\/10\/pikaso_edit-1536x1536.jpeg 1536w, https:\/\/casinoreturn.com\/wp-content\/uploads\/2024\/10\/pikaso_edit.jpeg 2000w\" sizes=\"(max-width: 150px) 100vw, 150px\" \/>\t\t\t\t\t\t\t\t\t\t\t\t\t\t\t<\/div>\n\t\t\t\t<\/div>\n\t\t\t\t<div class=\"elementor-element elementor-element-7103dd2 elementor-widget elementor-widget-text-editor\" data-id=\"7103dd2\" data-element_type=\"widget\" data-widget_type=\"text-editor.default\">\n\t\t\t\t<div class=\"elementor-widget-container\">\n\t\t\t\t\t\t\t\t\t<div>\n<p><b>A THT, vagy ismertebb nev\u00e9n a Tower House Affiliate Team az online kaszin\u00f3 j\u00f3, rossz \u00e9s cs\u00fanya oldal\u00e1t foglalja \u00f6ssze. Nem az\u00e9rt vagyunk itt, hogy \u00fajra feltal\u00e1ljuk a kereket. Hozz\u00e1adunk egy kis s\u00f3t \u00e9s borsot a hozz\u00e1sz\u00f3l\u00e1sainkhoz, megjegyz\u00e9seinkhez \u00e9s v\u00e9lem\u00e9nyeinkhez. T\u00e9nyekkel dolgozunk, \u00e9s mi is loooooooove a pletyka <a href=\"https:\/\/casinoreturn.com\/hu\/premier-league-fogadasok\/\">ITT<\/a>. Kaszin\u00f3 V\u00e9lem\u00e9nyek fontosak, \u00e9s \u00edrni egy v\u00e9lem\u00e9nyt a Sportfogad\u00e1s \u00e9s kaszin\u00f3 l\u00e9tfontoss\u00e1g\u00fa az \u00d6n, a j\u00e1t\u00e9kos. Ismerd meg a kaszin\u00f3t. Teszteld a kaszin\u00f3t demo kaszin\u00f3 m\u00f3dban. \u00c9rezd meg, hogyan forr\u00f3sodnak fel a dolgok, ha a KYC-edet nem hagyj\u00e1k j\u00f3v\u00e1. Melyik fizet\u00e9si m\u00f3d a legjobb az \u00d6n sz\u00e1m\u00e1ra. M\u00e1s sz\u00f3val, v\u00e1lasszon a saj\u00e1t \u00edzl\u00e9se szerint. Az online kaszin\u00f3ban az a fontos, hogy \u00e9lvezd a kedvenc online nyer\u0151g\u00e9pedet. \u00dcnnepeld meg a nyertes fogad\u00e1st a t\u00e1rsaiddal.           <\/b><\/p>\n<\/div>\n<p>Kik vagyunk mi?<\/p>\n<p>Mi egy rak\u00e1s \u00f6reg kaszin\u00f3s banda vagyunk. Egy\u00fctt t\u00f6bb \u00e9vtizedes tapasztalattal rendelkez\u00fcnk, \u00e9s l\u00e1ttunk m\u00e1r dolgokat. \u00d3, igen! Ha t\u00f6bbet szeretne hallani vagy kapcsolatba l\u00e9pni vel\u00fcnk, k\u00e9rj\u00fck, haszn\u00e1lja a <a href=\"https:\/\/casinoreturn.com\/contact\/\">link\u00fcnket<\/a>.     <\/p>\n<div> <\/div>\n\t\t\t\t\t\t\t\t<\/div>\n\t\t\t\t<\/div>\n\t\t\t\t<div class=\"elementor-element elementor-element-25ee8e0 elementor-shape-circle elementor-grid-0 e-grid-align-center elementor-widget elementor-widget-social-icons\" data-id=\"25ee8e0\" data-element_type=\"widget\" data-widget_type=\"social-icons.default\">\n\t\t\t\t<div class=\"elementor-widget-container\">\n\t\t\t\t\t\t\t<div class=\"elementor-social-icons-wrapper elementor-grid\" role=\"list\">\n\t\t\t\t\t\t\t<span class=\"elementor-grid-item\" role=\"listitem\">\n\t\t\t\t\t<a class=\"elementor-icon elementor-social-icon elementor-social-icon-facebook elementor-repeater-item-47ce264\" href=\"http:\/\/blah.com\" target=\"_blank\">\n\t\t\t\t\t\t<span class=\"elementor-screen-only\">Facebook<\/span>\n\t\t\t\t\t\t<i aria-hidden=\"true\" class=\"fab fa-facebook\"><\/i>\t\t\t\t\t<\/a>\n\t\t\t\t<\/span>\n\t\t\t\t\t\t\t<span class=\"elementor-grid-item\" role=\"listitem\">\n\t\t\t\t\t<a class=\"elementor-icon elementor-social-icon elementor-social-icon-twitter elementor-repeater-item-d400d96\" target=\"_blank\">\n\t\t\t\t\t\t<span class=\"elementor-screen-only\">Twitter<\/span>\n\t\t\t\t\t\t<i aria-hidden=\"true\" class=\"fab fa-twitter\"><\/i>\t\t\t\t\t<\/a>\n\t\t\t\t<\/span>\n\t\t\t\t\t\t\t<span class=\"elementor-grid-item\" role=\"listitem\">\n\t\t\t\t\t<a class=\"elementor-icon elementor-social-icon elementor-social-icon-youtube elementor-repeater-item-f639b0c\" target=\"_blank\">\n\t\t\t\t\t\t<span class=\"elementor-screen-only\">Youtube<\/span>\n\t\t\t\t\t\t<i aria-hidden=\"true\" class=\"fab fa-youtube\"><\/i>\t\t\t\t\t<\/a>\n\t\t\t\t<\/span>\n\t\t\t\t\t<\/div>\n\t\t\t\t\t\t<\/div>\n\t\t\t\t<\/div>\n\t\t\t\t<\/div>\n\t\t\t\t<\/div>\n\t\t<div class=\"elementor-element elementor-element-434d551 e-con-full e-flex e-con e-child\" data-id=\"434d551\" data-element_type=\"container\">\n\t\t\t\t<div class=\"elementor-element elementor-element-8becfe3 elementor-widget elementor-widget-heading\" data-id=\"8becfe3\" data-element_type=\"widget\" data-widget_type=\"heading.default\">\n\t\t\t\t<div class=\"elementor-widget-container\">\n\t\t\t\t\t<h3 class=\"elementor-heading-title elementor-size-default\">Minden hozz\u00e1sz\u00f3l\u00e1s a THT ( Tower House Team) \u00e1ltal<\/h3>\t\t\t\t<\/div>\n\t\t\t\t<\/div>\n\t\t\t\t<div class=\"elementor-element elementor-element-b50bf83 elementor-grid-1 elementor-grid-tablet-1 elementor-grid-mobile-1 elementor-posts--thumbnail-top elementor-widget elementor-widget-posts\" data-id=\"b50bf83\" data-element_type=\"widget\" data-settings=\"{&quot;classic_columns&quot;:&quot;1&quot;,&quot;classic_columns_tablet&quot;:&quot;1&quot;,&quot;classic_columns_mobile&quot;:&quot;1&quot;,&quot;classic_row_gap&quot;:{&quot;unit&quot;:&quot;px&quot;,&quot;size&quot;:35,&quot;sizes&quot;:[]},&quot;classic_row_gap_tablet&quot;:{&quot;unit&quot;:&quot;px&quot;,&quot;size&quot;:&quot;&quot;,&quot;sizes&quot;:[]},&quot;classic_row_gap_mobile&quot;:{&quot;unit&quot;:&quot;px&quot;,&quot;size&quot;:&quot;&quot;,&quot;sizes&quot;:[]}}\" data-widget_type=\"posts.classic\">\n\t\t\t\t<div class=\"elementor-widget-container\">\n\t\t\t\t\t\t\t<div class=\"elementor-posts-container elementor-posts elementor-posts--skin-classic elementor-grid\">\n\t\t\t\t<article class=\"elementor-post elementor-grid-item post-16130 post type-post status-publish format-standard has-post-thumbnail hentry category-uncategorized-hu\">\n\t\t\t\t<a class=\"elementor-post__thumbnail__link\" href=\"https:\/\/casinoreturn.com\/hu\/kakasviadal-fogadas-illegalisan-megtortent\/\" tabindex=\"-1\" >\n\t\t\t<div class=\"elementor-post__thumbnail\"><img fetchpriority=\"high\" decoding=\"async\" width=\"300\" height=\"210\" src=\"https:\/\/casinoreturn.com\/wp-content\/uploads\/2025\/10\/Cockfight-Betting-illegally-done-300x210.jpg\" class=\"attachment-medium size-medium wp-image-15874\" alt=\"Cockfight Betting illegally done\" srcset=\"https:\/\/casinoreturn.com\/wp-content\/uploads\/2025\/10\/Cockfight-Betting-illegally-done-300x210.jpg 300w, https:\/\/casinoreturn.com\/wp-content\/uploads\/2025\/10\/Cockfight-Betting-illegally-done.jpg 514w\" sizes=\"(max-width: 300px) 100vw, 300px\" \/><\/div>\n\t\t<\/a>\n\t\t\t\t<div class=\"elementor-post__text\">\n\t\t\t\t<h3 class=\"elementor-post__title\">\n\t\t\t<a href=\"https:\/\/casinoreturn.com\/hu\/kakasviadal-fogadas-illegalisan-megtortent\/\" >\n\t\t\t\tKakasviadal Fogad\u00e1s illeg\u00e1lisan megt\u00f6rt\u00e9nt\t\t\t<\/a>\n\t\t<\/h3>\n\t\t\t\t<div class=\"elementor-post__meta-data\">\n\t\t\t\t\t<span class=\"elementor-post-date\">\n\t\t\tnovember 3, 2025\t\t<\/span>\n\t\t\t\t<span class=\"elementor-post-avatar\">\n\t\t\tNincs hozz\u00e1sz\u00f3l\u00e1s\t\t<\/span>\n\t\t\t\t<\/div>\n\t\t\t\t<div class=\"elementor-post__excerpt\">\n\t\t\t<p>A kakasviadalok fogad\u00e1sa romokban hever Az Indi\u00e1ban illeg\u00e1lisan lebonyol\u00edtott kakasviadalfogad\u00e1s<\/p>\n\t\t<\/div>\n\t\t\n\t\t<a class=\"elementor-post__read-more\" href=\"https:\/\/casinoreturn.com\/hu\/kakasviadal-fogadas-illegalisan-megtortent\/\" aria-label=\"Read more about Kakasviadal Fogad\u00e1s illeg\u00e1lisan megt\u00f6rt\u00e9nt\" tabindex=\"-1\" >\n\t\t\tOlvass tov\u00e1bb \"\t\t<\/a>\n\n\t\t\t\t<\/div>\n\t\t\t\t<\/article>\n\t\t\t\t<article class=\"elementor-post elementor-grid-item post-15895 post type-post status-publish format-standard has-post-thumbnail hentry category-uncategorized-hu\">\n\t\t\t\t<a class=\"elementor-post__thumbnail__link\" href=\"https:\/\/casinoreturn.com\/hu\/szerencsejatek-szabalyozas-torokorszagban\/\" tabindex=\"-1\" >\n\t\t\t<div class=\"elementor-post__thumbnail\"><img decoding=\"async\" width=\"300\" height=\"200\" src=\"https:\/\/casinoreturn.com\/wp-content\/uploads\/2025\/10\/Gaming-regulations-in-Turkey-300x200.jpg\" class=\"attachment-medium size-medium wp-image-15780\" alt=\"Gaming regulations in Turkey\" srcset=\"https:\/\/casinoreturn.com\/wp-content\/uploads\/2025\/10\/Gaming-regulations-in-Turkey-300x200.jpg 300w, https:\/\/casinoreturn.com\/wp-content\/uploads\/2025\/10\/Gaming-regulations-in-Turkey.jpg 740w\" sizes=\"(max-width: 300px) 100vw, 300px\" \/><\/div>\n\t\t<\/a>\n\t\t\t\t<div class=\"elementor-post__text\">\n\t\t\t\t<h3 class=\"elementor-post__title\">\n\t\t\t<a href=\"https:\/\/casinoreturn.com\/hu\/szerencsejatek-szabalyozas-torokorszagban\/\" >\n\t\t\t\tSzerencsej\u00e1t\u00e9k-szab\u00e1lyoz\u00e1s T\u00f6r\u00f6korsz\u00e1gban\t\t\t<\/a>\n\t\t<\/h3>\n\t\t\t\t<div class=\"elementor-post__meta-data\">\n\t\t\t\t\t<span class=\"elementor-post-date\">\n\t\t\tokt\u00f3ber 30, 2025\t\t<\/span>\n\t\t\t\t<span class=\"elementor-post-avatar\">\n\t\t\tNincs hozz\u00e1sz\u00f3l\u00e1s\t\t<\/span>\n\t\t\t\t<\/div>\n\t\t\t\t<div class=\"elementor-post__excerpt\">\n\t\t\t<p>Szerencsej\u00e1t\u00e9k-szab\u00e1lyoz\u00e1s T\u00f6r\u00f6korsz\u00e1gban T\u00f6r\u00f6korsz\u00e1gban a szerencsej\u00e1t\u00e9k-szab\u00e1lyoz\u00e1s korl\u00e1tozott, \u00e9s a szerencsej\u00e1t\u00e9kokat k\u00edn\u00e1l\u00f3<\/p>\n\t\t<\/div>\n\t\t\n\t\t<a class=\"elementor-post__read-more\" href=\"https:\/\/casinoreturn.com\/hu\/szerencsejatek-szabalyozas-torokorszagban\/\" aria-label=\"Read more about Szerencsej\u00e1t\u00e9k-szab\u00e1lyoz\u00e1s T\u00f6r\u00f6korsz\u00e1gban\" tabindex=\"-1\" >\n\t\t\tOlvass tov\u00e1bb \"\t\t<\/a>\n\n\t\t\t\t<\/div>\n\t\t\t\t<\/article>\n\t\t\t\t<\/div>\n\t\t\n\t\t\t\t\t\t<\/div>\n\t\t\t\t<\/div>\n\t\t\t\t<\/div>\n\t\t\t\t<\/div>\n\t\t\t\t\t<\/div>\n\t\t\t\t<\/div>\n\t\t\t\t<\/div>\n\t\t","protected":false},"excerpt":{"rendered":"<p>Szerz\u0151 : Tower House Team A Tower House csapat\u00e1r\u00f3l A THT, vagy ismertebb nev\u00e9n a Tower House Affiliate Team az online kaszin\u00f3 j\u00f3, rossz \u00e9s cs\u00fanya oldal\u00e1t foglalja \u00f6ssze. Nem az\u00e9rt vagyunk itt, hogy \u00fajra feltal\u00e1ljuk a kereket. Hozz\u00e1adunk egy kis s\u00f3t \u00e9s borsot a hozz\u00e1sz\u00f3l\u00e1sainkhoz, megjegyz\u00e9seinkhez \u00e9s v\u00e9lem\u00e9nyeinkhez. T\u00e9nyekkel dolgozunk, \u00e9s mi is loooooooove [&hellip;]<\/p>\n","protected":false},"author":2,"featured_media":3020,"parent":0,"menu_order":0,"comment_status":"closed","ping_status":"closed","template":"elementor_header_footer","meta":{"footnotes":""},"class_list":["post-4598","page","type-page","status-publish","has-post-thumbnail","hentry"],"blocksy_meta":[],"acf":[],"yoast_head":"<!-- This site is optimized with the Yoast SEO plugin v24.1 - https:\/\/yoast.com\/wordpress\/plugins\/seo\/ -->\n<title>Szerz\u0151 domini - casinoreturn<\/title>\n<meta name=\"description\" content=\"\u0150szinte kaszin\u00f3 v\u00e9lem\u00e9nyek a k\u00fcl\u00f6nbs\u00e9ggel. Kiemelve a j\u00f3, a rossz \u00e9s a cs\u00fanya igazs\u00e1got a legjobb helyr\u0151l a h\u00e1zban.\" \/>\n<meta name=\"robots\" content=\"index, follow, max-snippet:-1, max-image-preview:large, max-video-preview:-1\" \/>\n<link rel=\"canonical\" href=\"https:\/\/casinoreturn.com\/hu\/szerzo-domini\/\" \/>\n<meta property=\"og:locale\" content=\"hu_HU\" \/>\n<meta property=\"og:type\" content=\"article\" \/>\n<meta property=\"og:title\" content=\"Szerz\u0151 domini - casinoreturn\" \/>\n<meta property=\"og:description\" content=\"\u0150szinte kaszin\u00f3 v\u00e9lem\u00e9nyek a k\u00fcl\u00f6nbs\u00e9ggel. Kiemelve a j\u00f3, a rossz \u00e9s a cs\u00fanya igazs\u00e1got a legjobb helyr\u0151l a h\u00e1zban.\" \/>\n<meta property=\"og:url\" content=\"https:\/\/casinoreturn.com\/hu\/szerzo-domini\/\" \/>\n<meta property=\"og:site_name\" content=\"casinoreturn\" \/>\n<meta property=\"article:modified_time\" content=\"2024-12-02T14:04:56+00:00\" \/>\n<meta property=\"og:image\" content=\"https:\/\/casinoreturn.com\/wp-content\/uploads\/2024\/11\/Honest-casino-review.webp\" \/>\n\t<meta property=\"og:image:width\" content=\"600\" \/>\n\t<meta property=\"og:image:height\" content=\"424\" \/>\n\t<meta property=\"og:image:type\" content=\"image\/webp\" \/>\n<meta name=\"twitter:card\" content=\"summary_large_image\" \/>\n<meta name=\"twitter:label1\" content=\"Becs\u00fclt olvas\u00e1si id\u0151\" \/>\n\t<meta name=\"twitter:data1\" content=\"1 perc\" \/>\n<script type=\"application\/ld+json\" class=\"yoast-schema-graph\">{\"@context\":\"https:\/\/schema.org\",\"@graph\":[{\"@type\":\"WebPage\",\"@id\":\"https:\/\/casinoreturn.com\/hu\/szerzo-domini\/\",\"url\":\"https:\/\/casinoreturn.com\/hu\/szerzo-domini\/\",\"name\":\"Szerz\u0151 domini - casinoreturn\",\"isPartOf\":{\"@id\":\"https:\/\/casinoreturn.com\/#website\"},\"primaryImageOfPage\":{\"@id\":\"https:\/\/casinoreturn.com\/hu\/szerzo-domini\/#primaryimage\"},\"image\":{\"@id\":\"https:\/\/casinoreturn.com\/hu\/szerzo-domini\/#primaryimage\"},\"thumbnailUrl\":\"https:\/\/casinoreturn.com\/wp-content\/uploads\/2024\/11\/Honest-casino-review.webp\",\"datePublished\":\"2024-10-08T12:47:07+00:00\",\"dateModified\":\"2024-12-02T14:04:56+00:00\",\"description\":\"\u0150szinte kaszin\u00f3 v\u00e9lem\u00e9nyek a k\u00fcl\u00f6nbs\u00e9ggel. Kiemelve a j\u00f3, a rossz \u00e9s a cs\u00fanya igazs\u00e1got a legjobb helyr\u0151l a h\u00e1zban.\",\"breadcrumb\":{\"@id\":\"https:\/\/casinoreturn.com\/hu\/szerzo-domini\/#breadcrumb\"},\"inLanguage\":\"hu\",\"potentialAction\":[{\"@type\":\"ReadAction\",\"target\":[\"https:\/\/casinoreturn.com\/hu\/szerzo-domini\/\"]}]},{\"@type\":\"ImageObject\",\"inLanguage\":\"hu\",\"@id\":\"https:\/\/casinoreturn.com\/hu\/szerzo-domini\/#primaryimage\",\"url\":\"https:\/\/casinoreturn.com\/wp-content\/uploads\/2024\/11\/Honest-casino-review.webp\",\"contentUrl\":\"https:\/\/casinoreturn.com\/wp-content\/uploads\/2024\/11\/Honest-casino-review.webp\",\"width\":600,\"height\":424,\"caption\":\"Honest casino review\"},{\"@type\":\"BreadcrumbList\",\"@id\":\"https:\/\/casinoreturn.com\/hu\/szerzo-domini\/#breadcrumb\",\"itemListElement\":[{\"@type\":\"ListItem\",\"position\":1,\"name\":\"Home\",\"item\":\"https:\/\/casinoreturn.com\/hu\/home\/\"},{\"@type\":\"ListItem\",\"position\":2,\"name\":\"Szerz\u0151 domini\"}]},{\"@type\":\"WebSite\",\"@id\":\"https:\/\/casinoreturn.com\/#website\",\"url\":\"https:\/\/casinoreturn.com\/\",\"name\":\"casinoreturn\",\"description\":\"\",\"publisher\":{\"@id\":\"https:\/\/casinoreturn.com\/#organization\"},\"potentialAction\":[{\"@type\":\"SearchAction\",\"target\":{\"@type\":\"EntryPoint\",\"urlTemplate\":\"https:\/\/casinoreturn.com\/?s={search_term_string}\"},\"query-input\":{\"@type\":\"PropertyValueSpecification\",\"valueRequired\":true,\"valueName\":\"search_term_string\"}}],\"inLanguage\":\"hu\"},{\"@type\":\"Organization\",\"@id\":\"https:\/\/casinoreturn.com\/#organization\",\"name\":\"casinoreturn\",\"url\":\"https:\/\/casinoreturn.com\/\",\"logo\":{\"@type\":\"ImageObject\",\"inLanguage\":\"hu\",\"@id\":\"https:\/\/casinoreturn.com\/#\/schema\/logo\/image\/\",\"url\":\"https:\/\/casinoreturn.com\/wp-content\/uploads\/2024\/09\/animal-favicon.png\",\"contentUrl\":\"https:\/\/casinoreturn.com\/wp-content\/uploads\/2024\/09\/animal-favicon.png\",\"width\":92,\"height\":92,\"caption\":\"casinoreturn\"},\"image\":{\"@id\":\"https:\/\/casinoreturn.com\/#\/schema\/logo\/image\/\"}}]}<\/script>\n<!-- \/ Yoast SEO plugin. -->","yoast_head_json":{"title":"Szerz\u0151 domini - casinoreturn","description":"\u0150szinte kaszin\u00f3 v\u00e9lem\u00e9nyek a k\u00fcl\u00f6nbs\u00e9ggel. Kiemelve a j\u00f3, a rossz \u00e9s a cs\u00fanya igazs\u00e1got a legjobb helyr\u0151l a h\u00e1zban.","robots":{"index":"index","follow":"follow","max-snippet":"max-snippet:-1","max-image-preview":"max-image-preview:large","max-video-preview":"max-video-preview:-1"},"canonical":"https:\/\/casinoreturn.com\/hu\/szerzo-domini\/","og_locale":"hu_HU","og_type":"article","og_title":"Szerz\u0151 domini - casinoreturn","og_description":"\u0150szinte kaszin\u00f3 v\u00e9lem\u00e9nyek a k\u00fcl\u00f6nbs\u00e9ggel. Kiemelve a j\u00f3, a rossz \u00e9s a cs\u00fanya igazs\u00e1got a legjobb helyr\u0151l a h\u00e1zban.","og_url":"https:\/\/casinoreturn.com\/hu\/szerzo-domini\/","og_site_name":"casinoreturn","article_modified_time":"2024-12-02T14:04:56+00:00","og_image":[{"width":600,"height":424,"url":"https:\/\/casinoreturn.com\/wp-content\/uploads\/2024\/11\/Honest-casino-review.webp","type":"image\/webp"}],"twitter_card":"summary_large_image","twitter_misc":{"Becs\u00fclt olvas\u00e1si id\u0151":"1 perc"},"schema":{"@context":"https:\/\/schema.org","@graph":[{"@type":"WebPage","@id":"https:\/\/casinoreturn.com\/hu\/szerzo-domini\/","url":"https:\/\/casinoreturn.com\/hu\/szerzo-domini\/","name":"Szerz\u0151 domini - casinoreturn","isPartOf":{"@id":"https:\/\/casinoreturn.com\/#website"},"primaryImageOfPage":{"@id":"https:\/\/casinoreturn.com\/hu\/szerzo-domini\/#primaryimage"},"image":{"@id":"https:\/\/casinoreturn.com\/hu\/szerzo-domini\/#primaryimage"},"thumbnailUrl":"https:\/\/casinoreturn.com\/wp-content\/uploads\/2024\/11\/Honest-casino-review.webp","datePublished":"2024-10-08T12:47:07+00:00","dateModified":"2024-12-02T14:04:56+00:00","description":"\u0150szinte kaszin\u00f3 v\u00e9lem\u00e9nyek a k\u00fcl\u00f6nbs\u00e9ggel. Kiemelve a j\u00f3, a rossz \u00e9s a cs\u00fanya igazs\u00e1got a legjobb helyr\u0151l a h\u00e1zban.","breadcrumb":{"@id":"https:\/\/casinoreturn.com\/hu\/szerzo-domini\/#breadcrumb"},"inLanguage":"hu","potentialAction":[{"@type":"ReadAction","target":["https:\/\/casinoreturn.com\/hu\/szerzo-domini\/"]}]},{"@type":"ImageObject","inLanguage":"hu","@id":"https:\/\/casinoreturn.com\/hu\/szerzo-domini\/#primaryimage","url":"https:\/\/casinoreturn.com\/wp-content\/uploads\/2024\/11\/Honest-casino-review.webp","contentUrl":"https:\/\/casinoreturn.com\/wp-content\/uploads\/2024\/11\/Honest-casino-review.webp","width":600,"height":424,"caption":"Honest casino review"},{"@type":"BreadcrumbList","@id":"https:\/\/casinoreturn.com\/hu\/szerzo-domini\/#breadcrumb","itemListElement":[{"@type":"ListItem","position":1,"name":"Home","item":"https:\/\/casinoreturn.com\/hu\/home\/"},{"@type":"ListItem","position":2,"name":"Szerz\u0151 domini"}]},{"@type":"WebSite","@id":"https:\/\/casinoreturn.com\/#website","url":"https:\/\/casinoreturn.com\/","name":"casinoreturn","description":"","publisher":{"@id":"https:\/\/casinoreturn.com\/#organization"},"potentialAction":[{"@type":"SearchAction","target":{"@type":"EntryPoint","urlTemplate":"https:\/\/casinoreturn.com\/?s={search_term_string}"},"query-input":{"@type":"PropertyValueSpecification","valueRequired":true,"valueName":"search_term_string"}}],"inLanguage":"hu"},{"@type":"Organization","@id":"https:\/\/casinoreturn.com\/#organization","name":"casinoreturn","url":"https:\/\/casinoreturn.com\/","logo":{"@type":"ImageObject","inLanguage":"hu","@id":"https:\/\/casinoreturn.com\/#\/schema\/logo\/image\/","url":"https:\/\/casinoreturn.com\/wp-content\/uploads\/2024\/09\/animal-favicon.png","contentUrl":"https:\/\/casinoreturn.com\/wp-content\/uploads\/2024\/09\/animal-favicon.png","width":92,"height":92,"caption":"casinoreturn"},"image":{"@id":"https:\/\/casinoreturn.com\/#\/schema\/logo\/image\/"}}]}},"_links":{"self":[{"href":"https:\/\/casinoreturn.com\/hu\/wp-json\/wp\/v2\/pages\/4598","targetHints":{"allow":["GET"]}}],"collection":[{"href":"https:\/\/casinoreturn.com\/hu\/wp-json\/wp\/v2\/pages"}],"about":[{"href":"https:\/\/casinoreturn.com\/hu\/wp-json\/wp\/v2\/types\/page"}],"author":[{"embeddable":true,"href":"https:\/\/casinoreturn.com\/hu\/wp-json\/wp\/v2\/users\/2"}],"replies":[{"embeddable":true,"href":"https:\/\/casinoreturn.com\/hu\/wp-json\/wp\/v2\/comments?post=4598"}],"version-history":[{"count":1,"href":"https:\/\/casinoreturn.com\/hu\/wp-json\/wp\/v2\/pages\/4598\/revisions"}],"predecessor-version":[{"id":4600,"href":"https:\/\/casinoreturn.com\/hu\/wp-json\/wp\/v2\/pages\/4598\/revisions\/4600"}],"wp:featuredmedia":[{"embeddable":true,"href":"https:\/\/casinoreturn.com\/hu\/wp-json\/wp\/v2\/media\/3020"}],"wp:attachment":[{"href":"https:\/\/casinoreturn.com\/hu\/wp-json\/wp\/v2\/media?parent=4598"}],"curies":[{"name":"wp","href":"https:\/\/api.w.org\/{rel}","templated":true}]}}