{"id":4627,"date":"2024-11-20T13:24:12","date_gmt":"2024-11-20T13:24:12","guid":{"rendered":"https:\/\/casinoreturn.com\/esport-kaszinok\/"},"modified":"2024-12-02T14:24:22","modified_gmt":"2024-12-02T14:24:22","slug":"esport-kaszinok","status":"publish","type":"page","link":"https:\/\/casinoreturn.com\/hu\/esport-kaszinok\/","title":{"rendered":"eSport kaszin\u00f3k"},"content":{"rendered":"\t\t<div data-elementor-type=\"wp-page\" data-elementor-id=\"4627\" class=\"elementor elementor-4627\" data-elementor-post-type=\"page\">\n\t\t\t\t<div class=\"elementor-element elementor-element-fdf3628 e-con-full e-flex e-con e-parent\" data-id=\"fdf3628\" data-element_type=\"container\">\n\t\t\t\t<div class=\"elementor-element elementor-element-d39e98f elementor-widget elementor-widget-heading\" data-id=\"d39e98f\" data-element_type=\"widget\" data-widget_type=\"heading.default\">\n\t\t\t\t<div class=\"elementor-widget-container\">\n\t\t\t\t\t<h1 class=\"elementor-heading-title elementor-size-default\">ESport kaszin\u00f3k \u00e9s Esport Casino fogad\u00e1sok<\/h1>\t\t\t\t<\/div>\n\t\t\t\t<\/div>\n\t\t\t\t<div class=\"elementor-element elementor-element-f722aef elementor-widget elementor-widget-image\" data-id=\"f722aef\" data-element_type=\"widget\" data-widget_type=\"image.default\">\n\t\t\t\t<div class=\"elementor-widget-container\">\n\t\t\t\t\t\t\t\t\t\t\t\t\t\t\t<img fetchpriority=\"high\" decoding=\"async\" width=\"360\" height=\"360\" src=\"https:\/\/casinoreturn.com\/wp-content\/uploads\/2024\/11\/esport-casinos.jpg\" class=\"attachment-large size-large wp-image-3671\" alt=\"esport casinos\" srcset=\"https:\/\/casinoreturn.com\/wp-content\/uploads\/2024\/11\/esport-casinos.jpg 360w, https:\/\/casinoreturn.com\/wp-content\/uploads\/2024\/11\/esport-casinos-300x300.jpg 300w, https:\/\/casinoreturn.com\/wp-content\/uploads\/2024\/11\/esport-casinos-150x150.jpg 150w\" sizes=\"(max-width: 360px) 100vw, 360px\" \/>\t\t\t\t\t\t\t\t\t\t\t\t\t\t\t<\/div>\n\t\t\t\t<\/div>\n\t\t\t\t<div class=\"elementor-element elementor-element-edb1ad6 elementor-widget elementor-widget-text-editor\" data-id=\"edb1ad6\" data-element_type=\"widget\" data-widget_type=\"text-editor.default\">\n\t\t\t\t<div class=\"elementor-widget-container\">\n\t\t\t\t\t\t\t\t\t<h3><strong>eSport kaszin\u00f3k \u00e9s Esports fogad\u00e1sok &#8211; Egy gyorsan v\u00e1ltoz\u00f3 mobilalkalmaz\u00e1s vil\u00e1ga  <\/strong><\/h3>\n\t\t\t\t\t\t\t\t<\/div>\n\t\t\t\t<\/div>\n\t\t\t\t<div class=\"elementor-element elementor-element-16e733a elementor-widget elementor-widget-text-editor\" data-id=\"16e733a\" data-element_type=\"widget\" data-widget_type=\"text-editor.default\">\n\t\t\t\t<div class=\"elementor-widget-container\">\n\t\t\t\t\t\t\t\t\t<p>eSport Kaszin\u00f3k fogad\u00e1sok &#8211; Nem csak hobbi \u00e9s szenved\u00e9ly a legt\u00f6bb\u00fcnk sz\u00e1m\u00e1ra, de ugyanakkor, ha j\u00f3l ismered, egy remek m\u00f3dja annak, hogy mell\u00e9kes j\u00f6vedelemre tegy\u00e9l szert, ha ismered.<\/p>\n<p>Az e-sportban vannak \u00fagynevezett versenyek, amelyeken a legjobb j\u00e1t\u00e9kosokat d\u00edjazz\u00e1k. M\u00e9g vil\u00e1gbajnoks\u00e1gok is rendszeresen zajlanak az ilyen e-sportokban. \u00cdgy az eSport fanatikusai online fogadhatnak kedvenc csapataikra \u00e9s j\u00e1t\u00e9kosaikra.  <\/p>\n<p>A k\u00f6vetkez\u0151 cikkben mindent megtudhatsz, amit az eSport fogad\u00e1sokr\u00f3l tudni kell, p\u00e9ld\u00e1ul, hogy milyen j\u00e1t\u00e9kosokra fogadhatsz az eSportban, mire kell figyelned stb. T\u0151l\u00fcnk exkluz\u00edv inform\u00e1ci\u00f3kat kapsz arr\u00f3l, hogy mire kell figyelned. Szeretn\u00e9nk olyan tippeket adni, amelyek sikerre visznek az eSport fogad\u00e1si vil\u00e1g\u00e1ban, hogy sikeres lehess.  <\/p>\n\t\t\t\t\t\t\t\t<\/div>\n\t\t\t\t<\/div>\n\t\t\t\t<div class=\"elementor-element elementor-element-9bc958b elementor-button-success elementor-widget elementor-widget-button\" data-id=\"9bc958b\" data-element_type=\"widget\" data-widget_type=\"button.default\">\n\t\t\t\t<div class=\"elementor-widget-container\">\n\t\t\t\t\t\t\t\t\t<div class=\"elementor-button-wrapper\">\n\t\t\t\t\t<a class=\"elementor-button elementor-button-link elementor-size-sm\" href=\"https:\/\/lvbet.com\/sports\/en\/esport\/\" target=\"_blank\">\n\t\t\t\t\t\t<span class=\"elementor-button-content-wrapper\">\n\t\t\t\t\t\t\t\t\t<span class=\"elementor-button-text\">Epsort fogad\u00e1sok az LVBet-n\u00e9l  <\/span>\n\t\t\t\t\t<\/span>\n\t\t\t\t\t<\/a>\n\t\t\t\t<\/div>\n\t\t\t\t\t\t\t\t<\/div>\n\t\t\t\t<\/div>\n\t\t\t\t<div class=\"elementor-element elementor-element-bcac7df elementor-widget elementor-widget-heading\" data-id=\"bcac7df\" data-element_type=\"widget\" data-widget_type=\"heading.default\">\n\t\t\t\t<div class=\"elementor-widget-container\">\n\t\t\t\t\t<h3 class=\"elementor-heading-title elementor-size-default\">Mik is pontosan az eSport fogad\u00e1sok?<\/h3>\t\t\t\t<\/div>\n\t\t\t\t<\/div>\n\t\t\t\t<div class=\"elementor-element elementor-element-3426893 elementor-widget elementor-widget-text-editor\" data-id=\"3426893\" data-element_type=\"widget\" data-widget_type=\"text-editor.default\">\n\t\t\t\t<div class=\"elementor-widget-container\">\n\t\t\t\t\t\t\t\t\t<p>Az ESport fogad\u00e1sok az eSport kaszin\u00f3kban az online fogad\u00e1sok \u00fajabb t\u00edpusai k\u00f6z\u00e9 tartoznak. Az elm\u00falt \u00e9vekben az eSport ir\u00e1nti \u00e9rdekl\u0151d\u00e9s folyamatosan n\u0151tt, \u00e9s ma m\u00e1r az online fogad\u00e1sok egyik legn\u00e9pszer\u0171bb v\u00e1ltozata. Ennek eredm\u00e9nyek\u00e9ppen az eSport fogad\u00e1si szolg\u00e1ltat\u00f3k sz\u00e1ma folyamatosan n\u00f6vekszik. Mostanra tal\u00e1n m\u00e1r ismer valakit, aki eSport-fanatikus, vagy m\u00e9lyen benne van a szakm\u00e1ban, \u00e9s \u00e9l\u00e9nken \u00e9rdekl\u0151dik ir\u00e1nta.   <\/p>\n\t\t\t\t\t\t\t\t<\/div>\n\t\t\t\t<\/div>\n\t\t\t\t<div class=\"elementor-element elementor-element-c3b9f87 elementor-widget elementor-widget-button\" data-id=\"c3b9f87\" data-element_type=\"widget\" data-widget_type=\"button.default\">\n\t\t\t\t<div class=\"elementor-widget-container\">\n\t\t\t\t\t\t\t\t\t<div class=\"elementor-button-wrapper\">\n\t\t\t\t\t<a class=\"elementor-button elementor-button-link elementor-size-sm\" href=\"#\">\n\t\t\t\t\t\t<span class=\"elementor-button-content-wrapper\">\n\t\t\t\t\t\t\t\t\t<span class=\"elementor-button-text\">Esport fogad\u00e1sok a Bitkingz-szel<\/span>\n\t\t\t\t\t<\/span>\n\t\t\t\t\t<\/a>\n\t\t\t\t<\/div>\n\t\t\t\t\t\t\t\t<\/div>\n\t\t\t\t<\/div>\n\t\t\t\t<div class=\"elementor-element elementor-element-9d858c2 elementor-widget elementor-widget-heading\" data-id=\"9d858c2\" data-element_type=\"widget\" data-widget_type=\"heading.default\">\n\t\t\t\t<div class=\"elementor-widget-container\">\n\t\t\t\t\t<h3 class=\"elementor-heading-title elementor-size-default\">Milyen j\u00e1t\u00e9kok \u00e9rhet\u0151ek el az eSportban?<\/h3>\t\t\t\t<\/div>\n\t\t\t\t<\/div>\n\t\t\t\t<div class=\"elementor-element elementor-element-7ba9fd5 elementor-widget elementor-widget-text-editor\" data-id=\"7ba9fd5\" data-element_type=\"widget\" data-widget_type=\"text-editor.default\">\n\t\t\t\t<div class=\"elementor-widget-container\">\n\t\t\t\t\t\t\t\t\t<p>CS: A GO fogad\u00e1s az egyik legn\u00e9pszer\u0171bb j\u00e1t\u00e9k az eSport <strong>fogad\u00e1sok<\/strong> k\u00f6z\u00f6tt. Ez azonban folyamatosan v\u00e1ltozik az exponenci\u00e1lis n\u00f6veked\u00e9s \u00e9s a folyamatosan n\u00f6vekv\u0151 verseny miatt. Folyamatosan \u00faj j\u00e1t\u00e9kok, p\u00e9ld\u00e1ul a Battle-Royale m\u0171faj, k\u00f6zt\u00fck a Fortnite \u00e9s a PUBG, ker\u00fclnek be. A MOBA-j\u00e1t\u00e9kok is meg\u0151rizt\u00e9k var\u00e1zsukat \u00e9s rabul ejtett\u00e9k a j\u00e1t\u00e9kosokat. \u00cdgy a LoL \u00e9s a DotA m\u00e9g mindig j\u00f3 kritik\u00e1kat \u00e9r el.    <\/p>\n<p>A <strong>Counterstrike Global Offensive,<\/strong> vagy r\u00f6viden<strong> CSGO<\/strong> egy l\u00f6v\u00f6ld\u00f6z\u0151s j\u00e1t\u00e9k, amelyet a Valve \u00e9s a Hidden Path Entertainment fejlesztett ki. A j\u00e1t\u00e9k a t\u00f6bbj\u00e1t\u00e9kos j\u00e1t\u00e9kok k\u00f6z\u00e9 tartozik. A j\u00e1t\u00e9kot Windowson, OS X-en, Xbox 360-on \u00e9s PlayStation 3-on j\u00e1tszhatod. A j\u00e1t\u00e9kot 2012-ben fejlesztett\u00e9k ki.   <\/p>\n<p><strong>Az Epic Games 2017-ben adta ki \u00e9s fejlesztette ki a Fortnite-ot<\/strong>. Az online videoj\u00e1t\u00e9k kooperat\u00edv l\u00f6v\u00f6ld\u00f6z\u0151s t\u00fal\u00e9l\u0151elemeket tartalmaz, \u00e9s el\u00e9rhet\u0151 Windows, Mac OS, Nintendo Switch, PlayStation 4, PlayStation 5, Xbox One, Xbox Series X \u00e9s Android rendszereken. <\/p>\n<p>Utols\u00f3 p\u00e9ld\u00e1nk a <strong>LoL-League of Legends<\/strong> j\u00e1t\u00e9k, amelyet a Riot Games fejlesztett \u00e9s adott ki. Ez a j\u00e1t\u00e9k egy online multiplayer j\u00e1t\u00e9k, amely egy harci ar\u00e9n\u00e1ban j\u00e1tsz\u00f3dik, \u00e9s Windows \u00e9s Mac OS szoftvereken \u00e9rhet\u0151 el. <\/p>\n\t\t\t\t\t\t\t\t<\/div>\n\t\t\t\t<\/div>\n\t\t\t\t<\/div>\n\t\t<div class=\"elementor-element elementor-element-22f6be3 e-con-full e-flex e-con e-parent\" data-id=\"22f6be3\" data-element_type=\"container\">\n\t\t\t\t<div class=\"elementor-element elementor-element-78d5df1 elementor-widget elementor-widget-heading\" data-id=\"78d5df1\" data-element_type=\"widget\" data-widget_type=\"heading.default\">\n\t\t\t\t<div class=\"elementor-widget-container\">\n\t\t\t\t\t<h3 class=\"elementor-heading-title elementor-size-default\">eSport fogad\u00e1sok vs. sportfogad\u00e1sok?<\/h3>\t\t\t\t<\/div>\n\t\t\t\t<\/div>\n\t\t\t\t<div class=\"elementor-element elementor-element-007718b elementor-widget elementor-widget-text-editor\" data-id=\"007718b\" data-element_type=\"widget\" data-widget_type=\"text-editor.default\">\n\t\t\t\t<div class=\"elementor-widget-container\">\n\t\t\t\t\t\t\t\t\t<p>Ha \u00f6sszehasonl\u00edtja az eSport fogad\u00e1sokat m\u00e1s n\u00e9pszer\u0171 sportfogad\u00e1sokkal, ez a k\u00e9t fogad\u00e1si forma els\u0151 pillant\u00e1sra nagyon hasonl\u00f3nak t\u0171nik. Mindkett\u0151 egy adott sport\u00e1ghoz kapcsol\u00f3dik, de miel\u0151tt belev\u00e1gn\u00e1l, \u00e9rdemes t\u00f6bbet megtudnod a m\u0171fajr\u00f3l, hiszen vannak versenyek, bajnoks\u00e1gok \u00e9s kupameccsek. \u00cdgy azt gondolhatod, hogy nincsenek nagy k\u00fcl\u00f6nbs\u00e9gek k\u00f6z\u00f6tt\u00fck. Az eSport online fogad\u00e1st ugyan\u00fagy kell j\u00e1tszani, mint az \u00f6sszes t\u00f6bbi online fogad\u00e1si t\u00edpust, egy esetleges kis k\u00fcl\u00f6nbs\u00e9ggel a finansz\u00edroz\u00e1sban \u00e9s az egyes szolg\u00e1ltat\u00f3kban, ami azonban nem jelent nagy k\u00fcl\u00f6nbs\u00e9get sz\u00e1mukra, mint szerencsej\u00e1t\u00e9kosok sz\u00e1m\u00e1ra.   <\/p>\n\t\t\t\t\t\t\t\t<\/div>\n\t\t\t\t<\/div>\n\t\t\t\t<div class=\"elementor-element elementor-element-049f4af elementor-widget elementor-widget-heading\" data-id=\"049f4af\" data-element_type=\"widget\" data-widget_type=\"heading.default\">\n\t\t\t\t<div class=\"elementor-widget-container\">\n\t\t\t\t\t<h3 class=\"elementor-heading-title elementor-size-default\">A legh\u00edresebb j\u00e1t\u00e9kok, amelyekre fogadni lehet<\/h3>\t\t\t\t<\/div>\n\t\t\t\t<\/div>\n\t\t\t\t<\/div>\n\t\t<div class=\"elementor-element elementor-element-4257928 e-con-full e-flex e-con e-parent\" data-id=\"4257928\" data-element_type=\"container\">\n\t\t\t\t<div class=\"elementor-element elementor-element-0a1e3a9 elementor-widget elementor-widget-text-editor\" data-id=\"0a1e3a9\" data-element_type=\"widget\" data-widget_type=\"text-editor.default\">\n\t\t\t\t<div class=\"elementor-widget-container\">\n\t\t\t\t\t\t\t\t\t<p>A k\u00f6vetkez\u0151 cikkben egy kicsit t\u00f6bbet tudhatsz meg a k\u00e9t kedvenc eSport j\u00e1t\u00e9kodr\u00f3l. Igyekezt\u00fcnk lesz\u0171k\u00edteni a v\u00e1laszt\u00e9kot, hogy megk\u00f6nny\u00edts\u00fck a d\u00f6nt\u00e9st. Ez\u00e9rt a CS: GO \u00e9s a LoL j\u00e1t\u00e9kokra fogunk hivatkozni. A j\u00e1t\u00e9k technikai kulcsadatait m\u00e1r megkapt\u00e1tok, \u00edgy most r\u00e9szletesebben is kit\u00e9rhet\u00fcnk a j\u00e1t\u00e9kra.   <\/p>\n<p>A k\u00f6zelg\u0151 bajnoki m\u00e9rk\u0151z\u00e9sek, a Riot Games LCS \u00e9s az LCS tavaszi r\u00e1j\u00e1tsz\u00e1sa k\u00fcl\u00f6nb\u00f6z\u0151 t\u00edpus\u00fa fogad\u00e1sokat tesz lehet\u0151v\u00e9 a j\u00e1t\u00e9kosok sz\u00e1m\u00e1ra. Term\u00e9szetesen t\u00f6bb lehet\u0151s\u00e9ged is van, \u00edgy ak\u00e1r arra is fogadhatsz, hogy melyik csapat nyer, vagy bizonyos emberekre. <\/p>\n<p>Az eSport Kaszin\u00f3kban fogad\u00e1sokat k\u00f6thetsz k\u00fcl\u00f6nb\u00f6z\u0151 esem\u00e9nyekre, amelyek a LoL j\u00e1t\u00e9kban el\u0151fordulhatnak: Melyik csapat kapja az &#8222;els\u0151 v\u00e9rt&#8221;? Melyik csapat gy\u0151zi le el\u0151sz\u00f6r a Team Baron Nashor csapat\u00e1t, vagy nyeri meg a j\u00e1t\u00e9kot ceruz\u00e1val? A szok\u00e1sos fogad\u00e1sokon k\u00edv\u00fcl speci\u00e1lis fogad\u00e1sok is el\u00e9rhet\u0151ek a nagyobb versenyek sor\u00e1n, mint p\u00e9ld\u00e1ul a League of Legends vil\u00e1gbajnoks\u00e1g vagy az MSI.  <\/p>\n<p>A CS: GO fogad\u00e1sok professzion\u00e1lis sz\u00edntere j\u00f3l ismert, \u00e9s az ipar\u00e1g egyik legbefoly\u00e1sosabb fogad\u00f3irod\u00e1j\u00e1v\u00e1 v\u00e1lt. A cs\u00facscsapatok \u00e9s j\u00e1t\u00e9kosaik kultikus figur\u00e1kk\u00e1 v\u00e1ltak a k\u00f6z\u00f6ss\u00e9gben, \u00e9s egyre t\u00f6bb versenyen nagyobb a nyerem\u00e9nyalap, mint valaha. Az ESL One Cologne jelenleg minden CS GO-rajong\u00f3 sz\u00e1m\u00e1ra a f\u0151 t\u00e9ma. De hamarosan \u00e1tv\u00e1lt a FACEIT Major Londonra, ami minden bizonnyal l\u00e1tv\u00e1nyos lesz. K\u00e9ts\u00e9gtelen, hogy a CS: GO j\u00e1t\u00e9k nagyon neh\u00e9z, az \u00e1tigazol\u00e1sok gyakoriak \u00e9s v\u00e1ltoz\u00e9konyak, a j\u00e1t\u00e9k ideg\u0151rl\u0151, az eredm\u00e9nyeket pedig neh\u00e9z megj\u00f3solni.    <\/p>\n\t\t\t\t\t\t\t\t<\/div>\n\t\t\t\t<\/div>\n\t\t\t\t<\/div>\n\t\t\t\t<\/div>\n\t\t","protected":false},"excerpt":{"rendered":"<p>ESport kaszin\u00f3k \u00e9s Esport Casino fogad\u00e1sok eSport kaszin\u00f3k \u00e9s Esports fogad\u00e1sok &#8211; Egy gyorsan v\u00e1ltoz\u00f3 mobilalkalmaz\u00e1s vil\u00e1ga eSport Kaszin\u00f3k fogad\u00e1sok &#8211; Nem csak hobbi \u00e9s szenved\u00e9ly a legt\u00f6bb\u00fcnk sz\u00e1m\u00e1ra, de ugyanakkor, ha j\u00f3l ismered, egy remek m\u00f3dja annak, hogy mell\u00e9kes j\u00f6vedelemre tegy\u00e9l szert, ha ismered. Az e-sportban vannak \u00fagynevezett versenyek, amelyeken a legjobb j\u00e1t\u00e9kosokat d\u00edjazz\u00e1k. [&hellip;]<\/p>\n","protected":false},"author":1,"featured_media":0,"parent":0,"menu_order":0,"comment_status":"closed","ping_status":"closed","template":"","meta":{"footnotes":""},"class_list":["post-4627","page","type-page","status-publish","hentry"],"blocksy_meta":[],"acf":[],"yoast_head":"<!-- This site is optimized with the Yoast SEO plugin v24.1 - https:\/\/yoast.com\/wordpress\/plugins\/seo\/ -->\n<title>eSport kaszin\u00f3k - casinoreturn<\/title>\n<meta name=\"description\" content=\"Az eSport Casinos egy saj\u00e1t kis egys\u00e9g. Egy n\u00f6vekv\u0151 eSport mobil k\u00f6z\u00f6ss\u00e9g fantasztikus j\u00e1t\u00e9kokkal \u00e9s t\u00e1rsadalmi interakci\u00f3kkal.\" \/>\n<meta name=\"robots\" content=\"index, follow, max-snippet:-1, max-image-preview:large, max-video-preview:-1\" \/>\n<link rel=\"canonical\" href=\"https:\/\/casinoreturn.com\/hu\/esport-kaszinok\/\" \/>\n<meta property=\"og:locale\" content=\"hu_HU\" \/>\n<meta property=\"og:type\" content=\"article\" \/>\n<meta property=\"og:title\" content=\"eSport kaszin\u00f3k - casinoreturn\" \/>\n<meta property=\"og:description\" content=\"Az eSport Casinos egy saj\u00e1t kis egys\u00e9g. Egy n\u00f6vekv\u0151 eSport mobil k\u00f6z\u00f6ss\u00e9g fantasztikus j\u00e1t\u00e9kokkal \u00e9s t\u00e1rsadalmi interakci\u00f3kkal.\" \/>\n<meta property=\"og:url\" content=\"https:\/\/casinoreturn.com\/hu\/esport-kaszinok\/\" \/>\n<meta property=\"og:site_name\" content=\"casinoreturn\" \/>\n<meta property=\"article:modified_time\" content=\"2024-12-02T14:24:22+00:00\" \/>\n<meta property=\"og:image\" content=\"https:\/\/casinoreturn.com\/wp-content\/uploads\/2024\/11\/esport-casinos.jpg\" \/>\n\t<meta property=\"og:image:width\" content=\"360\" \/>\n\t<meta property=\"og:image:height\" content=\"360\" \/>\n\t<meta property=\"og:image:type\" content=\"image\/jpeg\" \/>\n<meta name=\"twitter:card\" content=\"summary_large_image\" \/>\n<meta name=\"twitter:label1\" content=\"Becs\u00fclt olvas\u00e1si id\u0151\" \/>\n\t<meta name=\"twitter:data1\" content=\"5 perc\" \/>\n<script type=\"application\/ld+json\" class=\"yoast-schema-graph\">{\"@context\":\"https:\/\/schema.org\",\"@graph\":[{\"@type\":\"WebPage\",\"@id\":\"https:\/\/casinoreturn.com\/hu\/esport-kaszinok\/\",\"url\":\"https:\/\/casinoreturn.com\/hu\/esport-kaszinok\/\",\"name\":\"eSport kaszin\u00f3k - casinoreturn\",\"isPartOf\":{\"@id\":\"https:\/\/casinoreturn.com\/#website\"},\"primaryImageOfPage\":{\"@id\":\"https:\/\/casinoreturn.com\/hu\/esport-kaszinok\/#primaryimage\"},\"image\":{\"@id\":\"https:\/\/casinoreturn.com\/hu\/esport-kaszinok\/#primaryimage\"},\"thumbnailUrl\":\"https:\/\/casinoreturn.com\/wp-content\/uploads\/2024\/11\/esport-casinos.jpg\",\"datePublished\":\"2024-11-20T13:24:12+00:00\",\"dateModified\":\"2024-12-02T14:24:22+00:00\",\"description\":\"Az eSport Casinos egy saj\u00e1t kis egys\u00e9g. Egy n\u00f6vekv\u0151 eSport mobil k\u00f6z\u00f6ss\u00e9g fantasztikus j\u00e1t\u00e9kokkal \u00e9s t\u00e1rsadalmi interakci\u00f3kkal.\",\"breadcrumb\":{\"@id\":\"https:\/\/casinoreturn.com\/hu\/esport-kaszinok\/#breadcrumb\"},\"inLanguage\":\"hu\",\"potentialAction\":[{\"@type\":\"ReadAction\",\"target\":[\"https:\/\/casinoreturn.com\/hu\/esport-kaszinok\/\"]}]},{\"@type\":\"ImageObject\",\"inLanguage\":\"hu\",\"@id\":\"https:\/\/casinoreturn.com\/hu\/esport-kaszinok\/#primaryimage\",\"url\":\"https:\/\/casinoreturn.com\/wp-content\/uploads\/2024\/11\/esport-casinos.jpg\",\"contentUrl\":\"https:\/\/casinoreturn.com\/wp-content\/uploads\/2024\/11\/esport-casinos.jpg\"},{\"@type\":\"BreadcrumbList\",\"@id\":\"https:\/\/casinoreturn.com\/hu\/esport-kaszinok\/#breadcrumb\",\"itemListElement\":[{\"@type\":\"ListItem\",\"position\":1,\"name\":\"Home\",\"item\":\"https:\/\/casinoreturn.com\/hu\/home\/\"},{\"@type\":\"ListItem\",\"position\":2,\"name\":\"eSport kaszin\u00f3k\"}]},{\"@type\":\"WebSite\",\"@id\":\"https:\/\/casinoreturn.com\/#website\",\"url\":\"https:\/\/casinoreturn.com\/\",\"name\":\"casinoreturn\",\"description\":\"\",\"publisher\":{\"@id\":\"https:\/\/casinoreturn.com\/#organization\"},\"potentialAction\":[{\"@type\":\"SearchAction\",\"target\":{\"@type\":\"EntryPoint\",\"urlTemplate\":\"https:\/\/casinoreturn.com\/?s={search_term_string}\"},\"query-input\":{\"@type\":\"PropertyValueSpecification\",\"valueRequired\":true,\"valueName\":\"search_term_string\"}}],\"inLanguage\":\"hu\"},{\"@type\":\"Organization\",\"@id\":\"https:\/\/casinoreturn.com\/#organization\",\"name\":\"casinoreturn\",\"url\":\"https:\/\/casinoreturn.com\/\",\"logo\":{\"@type\":\"ImageObject\",\"inLanguage\":\"hu\",\"@id\":\"https:\/\/casinoreturn.com\/#\/schema\/logo\/image\/\",\"url\":\"https:\/\/casinoreturn.com\/wp-content\/uploads\/2024\/09\/animal-favicon.png\",\"contentUrl\":\"https:\/\/casinoreturn.com\/wp-content\/uploads\/2024\/09\/animal-favicon.png\",\"width\":92,\"height\":92,\"caption\":\"casinoreturn\"},\"image\":{\"@id\":\"https:\/\/casinoreturn.com\/#\/schema\/logo\/image\/\"}}]}<\/script>\n<!-- \/ Yoast SEO plugin. -->","yoast_head_json":{"title":"eSport kaszin\u00f3k - casinoreturn","description":"Az eSport Casinos egy saj\u00e1t kis egys\u00e9g. Egy n\u00f6vekv\u0151 eSport mobil k\u00f6z\u00f6ss\u00e9g fantasztikus j\u00e1t\u00e9kokkal \u00e9s t\u00e1rsadalmi interakci\u00f3kkal.","robots":{"index":"index","follow":"follow","max-snippet":"max-snippet:-1","max-image-preview":"max-image-preview:large","max-video-preview":"max-video-preview:-1"},"canonical":"https:\/\/casinoreturn.com\/hu\/esport-kaszinok\/","og_locale":"hu_HU","og_type":"article","og_title":"eSport kaszin\u00f3k - casinoreturn","og_description":"Az eSport Casinos egy saj\u00e1t kis egys\u00e9g. Egy n\u00f6vekv\u0151 eSport mobil k\u00f6z\u00f6ss\u00e9g fantasztikus j\u00e1t\u00e9kokkal \u00e9s t\u00e1rsadalmi interakci\u00f3kkal.","og_url":"https:\/\/casinoreturn.com\/hu\/esport-kaszinok\/","og_site_name":"casinoreturn","article_modified_time":"2024-12-02T14:24:22+00:00","og_image":[{"width":360,"height":360,"url":"https:\/\/casinoreturn.com\/wp-content\/uploads\/2024\/11\/esport-casinos.jpg","type":"image\/jpeg"}],"twitter_card":"summary_large_image","twitter_misc":{"Becs\u00fclt olvas\u00e1si id\u0151":"5 perc"},"schema":{"@context":"https:\/\/schema.org","@graph":[{"@type":"WebPage","@id":"https:\/\/casinoreturn.com\/hu\/esport-kaszinok\/","url":"https:\/\/casinoreturn.com\/hu\/esport-kaszinok\/","name":"eSport kaszin\u00f3k - casinoreturn","isPartOf":{"@id":"https:\/\/casinoreturn.com\/#website"},"primaryImageOfPage":{"@id":"https:\/\/casinoreturn.com\/hu\/esport-kaszinok\/#primaryimage"},"image":{"@id":"https:\/\/casinoreturn.com\/hu\/esport-kaszinok\/#primaryimage"},"thumbnailUrl":"https:\/\/casinoreturn.com\/wp-content\/uploads\/2024\/11\/esport-casinos.jpg","datePublished":"2024-11-20T13:24:12+00:00","dateModified":"2024-12-02T14:24:22+00:00","description":"Az eSport Casinos egy saj\u00e1t kis egys\u00e9g. Egy n\u00f6vekv\u0151 eSport mobil k\u00f6z\u00f6ss\u00e9g fantasztikus j\u00e1t\u00e9kokkal \u00e9s t\u00e1rsadalmi interakci\u00f3kkal.","breadcrumb":{"@id":"https:\/\/casinoreturn.com\/hu\/esport-kaszinok\/#breadcrumb"},"inLanguage":"hu","potentialAction":[{"@type":"ReadAction","target":["https:\/\/casinoreturn.com\/hu\/esport-kaszinok\/"]}]},{"@type":"ImageObject","inLanguage":"hu","@id":"https:\/\/casinoreturn.com\/hu\/esport-kaszinok\/#primaryimage","url":"https:\/\/casinoreturn.com\/wp-content\/uploads\/2024\/11\/esport-casinos.jpg","contentUrl":"https:\/\/casinoreturn.com\/wp-content\/uploads\/2024\/11\/esport-casinos.jpg"},{"@type":"BreadcrumbList","@id":"https:\/\/casinoreturn.com\/hu\/esport-kaszinok\/#breadcrumb","itemListElement":[{"@type":"ListItem","position":1,"name":"Home","item":"https:\/\/casinoreturn.com\/hu\/home\/"},{"@type":"ListItem","position":2,"name":"eSport kaszin\u00f3k"}]},{"@type":"WebSite","@id":"https:\/\/casinoreturn.com\/#website","url":"https:\/\/casinoreturn.com\/","name":"casinoreturn","description":"","publisher":{"@id":"https:\/\/casinoreturn.com\/#organization"},"potentialAction":[{"@type":"SearchAction","target":{"@type":"EntryPoint","urlTemplate":"https:\/\/casinoreturn.com\/?s={search_term_string}"},"query-input":{"@type":"PropertyValueSpecification","valueRequired":true,"valueName":"search_term_string"}}],"inLanguage":"hu"},{"@type":"Organization","@id":"https:\/\/casinoreturn.com\/#organization","name":"casinoreturn","url":"https:\/\/casinoreturn.com\/","logo":{"@type":"ImageObject","inLanguage":"hu","@id":"https:\/\/casinoreturn.com\/#\/schema\/logo\/image\/","url":"https:\/\/casinoreturn.com\/wp-content\/uploads\/2024\/09\/animal-favicon.png","contentUrl":"https:\/\/casinoreturn.com\/wp-content\/uploads\/2024\/09\/animal-favicon.png","width":92,"height":92,"caption":"casinoreturn"},"image":{"@id":"https:\/\/casinoreturn.com\/#\/schema\/logo\/image\/"}}]}},"_links":{"self":[{"href":"https:\/\/casinoreturn.com\/hu\/wp-json\/wp\/v2\/pages\/4627","targetHints":{"allow":["GET"]}}],"collection":[{"href":"https:\/\/casinoreturn.com\/hu\/wp-json\/wp\/v2\/pages"}],"about":[{"href":"https:\/\/casinoreturn.com\/hu\/wp-json\/wp\/v2\/types\/page"}],"author":[{"embeddable":true,"href":"https:\/\/casinoreturn.com\/hu\/wp-json\/wp\/v2\/users\/1"}],"replies":[{"embeddable":true,"href":"https:\/\/casinoreturn.com\/hu\/wp-json\/wp\/v2\/comments?post=4627"}],"version-history":[{"count":1,"href":"https:\/\/casinoreturn.com\/hu\/wp-json\/wp\/v2\/pages\/4627\/revisions"}],"predecessor-version":[{"id":4628,"href":"https:\/\/casinoreturn.com\/hu\/wp-json\/wp\/v2\/pages\/4627\/revisions\/4628"}],"wp:attachment":[{"href":"https:\/\/casinoreturn.com\/hu\/wp-json\/wp\/v2\/media?parent=4627"}],"curies":[{"name":"wp","href":"https:\/\/api.w.org\/{rel}","templated":true}]}}