{"id":4966,"date":"2024-11-13T14:22:59","date_gmt":"2024-11-13T14:22:59","guid":{"rendered":"https:\/\/casinoreturn.com\/fantasy-football-fogadasi-kaszinok\/"},"modified":"2025-03-18T16:22:44","modified_gmt":"2025-03-18T16:22:44","slug":"fantasy-football-fogadasi-kaszinok","status":"publish","type":"page","link":"https:\/\/casinoreturn.com\/hu\/fantasy-football-fogadasi-kaszinok\/","title":{"rendered":"Fantasy Football fogad\u00e1si kaszin\u00f3k"},"content":{"rendered":"\t\t<div data-elementor-type=\"wp-page\" data-elementor-id=\"4966\" class=\"elementor elementor-4966\" data-elementor-post-type=\"page\">\n\t\t\t\t<div class=\"elementor-element elementor-element-642d999 e-con-full e-flex e-con e-parent\" data-id=\"642d999\" data-element_type=\"container\">\n\t\t\t\t<div class=\"elementor-element elementor-element-d027b58 elementor-widget elementor-widget-image\" data-id=\"d027b58\" data-element_type=\"widget\" data-widget_type=\"image.default\">\n\t\t\t\t<div class=\"elementor-widget-container\">\n\t\t\t\t\t\t\t\t\t\t\t\t\t\t\t<img decoding=\"async\" src=\"https:\/\/casinoreturn.com\/wp-content\/uploads\/elementor\/thumbs\/Fantasy-Football-Casino-qx0213mld26kmw2y2bvw2cqpmcar1kh6oms60z1sr4.jpg\" title=\"Fantasy Football Casino\" alt=\"Fantasy Football Casino Betting\" loading=\"lazy\" \/>\t\t\t\t\t\t\t\t\t\t\t\t\t\t\t<\/div>\n\t\t\t\t<\/div>\n\t\t\t\t<div class=\"elementor-element elementor-element-1095682 elementor-widget elementor-widget-heading\" data-id=\"1095682\" data-element_type=\"widget\" data-widget_type=\"heading.default\">\n\t\t\t\t<div class=\"elementor-widget-container\">\n\t\t\t\t\t<h2 class=\"elementor-heading-title elementor-size-default\">Fantasy Football kaszin\u00f3 fogad\u00e1sok<\/h2>\t\t\t\t<\/div>\n\t\t\t\t<\/div>\n\t\t\t\t<div class=\"elementor-element elementor-element-77d5a60 elementor-widget elementor-widget-text-editor\" data-id=\"77d5a60\" data-element_type=\"widget\" data-widget_type=\"text-editor.default\">\n\t\t\t\t<div class=\"elementor-widget-container\">\n\t\t\t\t\t\t\t\t\t<h3>Mi az a fant\u00e1ziafoci?<\/h3>\n<p>Mi is pontosan a fant\u00e1ziafoci? \u00cdgy v\u00e1lhatsz a futballcsapatod vez\u00e9rigazgat\u00f3j\u00e1v\u00e1, ahol te &#8211; \u00e9s csakis te &#8211; d\u00f6nt\u00f6d el, hogy milyen j\u00e1t\u00e9kosokat szeretn\u00e9l. <\/p>\n<h5>Saj\u00e1t j\u00e1t\u00e9kosok kiv\u00e1laszt\u00e1sa<\/h5>\n<p>Kiv\u00e1laszthatsz egy list\u00e1t az NFL-j\u00e1t\u00e9kosokb\u00f3l a csapatod sz\u00e1m\u00e1ra, \u00e9s val\u00f3s adataik alapj\u00e1n versenyezhetsz m\u00e1s, hasonl\u00f3an kiv\u00e1lasztott csapatokkal, hogy melyik f\u0151n\u00f6k teljes\u00edt jobban. A futballszezon minden egyes het\u00e9ben az \u00e1ltalad a kezd\u0151csapatba \u00e1ll\u00edtott j\u00e1t\u00e9kosok teljes\u00edtm\u00e9nye hat\u00e1rozza meg fant\u00e1ziacsapatod siker\u00e9t vagy kudarc\u00e1t. <\/p>\n<h5>Cser\u00e9ld le a j\u00e1t\u00e9kosokat<\/h5>\n<p>V\u00e1laszthatsz cserej\u00e1t\u00e9kosokat, akik a kispadon \u00fclnek, dolgozhatsz a szabadvonalon, hogy forr\u00f3 alkatr\u00e9szeket szerezz, vagy megpr\u00f3b\u00e1lhatsz megszabadulni egy \u00f6reged\u0151 veter\u00e1nt\u00f3l, miel\u0151tt a ker\u00e9k leesik, cser\u00e9be egy \u00fajonc\u00e9rt, aki hamarosan l\u00e1ngra kap. Miut\u00e1n regisztr\u00e1lt\u00e1l az online j\u00e1t\u00e9kt\u00e1radban, v\u00e1laszd ki el\u0151sz\u00f6r a kedvenc lig\u00e1dat, \u00e9s az els\u0151 fogad\u00e1sodnak a Fantasy Footballban m\u00e1r nem lesz akad\u00e1lya! A liga kiv\u00e1laszt\u00e1sakor a k\u00f6vetkez\u0151 pontokat is figyelembe kell venned:  <\/p>\n<h4>A Fantasy Footballban figyelembe veend\u0151 dolgok<\/h4>\n<p>Mindenf\u00e9le m\u00e9ret\u0171 bajnoks\u00e1g l\u00e9tezik, \u00e9s v\u00e1laszthatsz, hogy csak n\u00e9gy csapatban vagy ak\u00e1r 30 csapatban szeretn\u00e9l r\u00e9szt venni. Min\u00e9l kevesebb a tulajdonos, ann\u00e1l t\u00f6bb szuperszt\u00e1r van az egyes csapatokban. Ha azonban a lig\u00e1dban t\u00fal sok csapat van, \u00e9s hetente egyszer szeretn\u00e9d \u00f6ssze\u00e1ll\u00edtani a j\u00e1t\u00e9koskeretet, akkor sz\u00fcks\u00e9ged lehet a negyedik sorban l\u00e9v\u0151 close end nev\u00e9re. Ez r\u00e1g\u00f3sabb lehet, mint a k\u00f6z\u00f6ns\u00e9ges szurkol\u00f3k\u00e9.   <\/p>\n<h5>12 csapatos liga<\/h5>\n<p>Sz\u00e1momra a 12 a t\u00f6k\u00e9letes m\u00e9ret a Fantasy Football League sz\u00e1m\u00e1ra. \u00cdgy v\u00e9g\u00fcl minden csapatban j\u00f3l megoszlanak a tehets\u00e9gek; minden csapatban nem csak t\u00f6bb j\u00e1t\u00e9kos lesz, hanem a tulajdonosnak m\u00e9lyebbre kell ny\u00falnia a j\u00e1t\u00e9kos\u00e1llom\u00e1nyban, hogy kieg\u00e9sz\u00edtse a j\u00e1t\u00e9koslist\u00e1t. Azonban val\u00f3sz\u00edn\u0171leg akkor is lesznek j\u00f3 j\u00e1t\u00e9kosok, ha minden j\u00e1t\u00e9koslista felt\u00f6lt\u00e9sre ker\u00fcl. \u00cdgy amikor a szezon m\u00e1r jav\u00e1ban tart, a f\u0151n\u00f6k\u00f6k jav\u00edthatnak a ter\u00fclet\u00fck\u00f6n.   <\/p>\n\t\t\t\t\t\t\t\t<\/div>\n\t\t\t\t<\/div>\n\t\t\t\t<div class=\"elementor-element elementor-element-b8c877b elementor-widget elementor-widget-heading\" data-id=\"b8c877b\" data-element_type=\"widget\" data-widget_type=\"heading.default\">\n\t\t\t\t<div class=\"elementor-widget-container\">\n\t\t\t\t\t<h3 class=\"elementor-heading-title elementor-size-default\">Hogyan fogadjunk a Fantasy Footballra?<\/h3>\t\t\t\t<\/div>\n\t\t\t\t<\/div>\n\t\t\t\t<div class=\"elementor-element elementor-element-65d3835 elementor-widget elementor-widget-text-editor\" data-id=\"65d3835\" data-element_type=\"widget\" data-widget_type=\"text-editor.default\">\n\t\t\t\t<div class=\"elementor-widget-container\">\n\t\t\t\t\t\t\t\t\t<p>A k\u00f6vetkez\u0151 cikkben azzal a k\u00e9rd\u00e9ssel foglalkozunk, hogy hogyan m\u0171k\u00f6dik a Fantasy Football, vagy &#8222;Hogyan m\u0171k\u00f6dik az NFL Fantasy Football&#8221;? Vagy &#8222;Hogyan m\u0171k\u00f6dik a Fantasy Football Draft&#8221;? Emellett azt a k\u00e9rd\u00e9st is megvizsg\u00e1ljuk, hogy egy fantasy tulajdonos milyen m\u00e9rt\u00e9kben van hozz\u00e1rendelve egy adott j\u00e1t\u00e9koshoz.  <\/p>\n<h5>Hogyan m\u0171k\u00f6dik az NFL Fantasy Draft?<\/h5>\n<p>A legt\u00f6bb bajnoks\u00e1gban a f\u0151n\u00f6k felv\u00e1ltva v\u00e1lasztja ki azokat a j\u00e1t\u00e9kosokat, akik m\u00e9g nem ker\u00fcltek be a csapatba. A tervez\u00e9s \u00e1ltal\u00e1ban sorban t\u00f6rt\u00e9nik, a csapat az egyik k\u00f6rben el\u0151sz\u00f6r, a k\u00f6vetkez\u0151ben pedig utolj\u00e1ra szavaz a csapat egyens\u00faly\u00e1nak biztos\u00edt\u00e1sa \u00e9rdek\u00e9ben. A terjeszt\u00e9s m\u00e1sik m\u00f3dja az \u00e1rver\u00e9s.<\/p>\n<h5>Mi t\u00f6rt\u00e9nik a csapatj\u00e1t\u00e9kosok \u00e1rver\u00e9s\u00e9n?<\/h5>\n<p>Az aukci\u00f3s form\u00e1tumban minden csapat ugyanannyi fant\u00e1ziap\u00e9nzzel indul, majd jel\u00f6l egy j\u00e1t\u00e9kost. A legmagasabb aj\u00e1nlatot tev\u0151 j\u00e1t\u00e9kos nyer, de term\u00e9szetesen a nyertes tulajdonosnak most kevesebb p\u00e9nz \u00e1ll rendelkez\u00e9s\u00e9re, hogy a k\u00f6vetkez\u0151 j\u00e1t\u00e9kosokra licit\u00e1ljon. Teh\u00e1t b\u00e1r az aukci\u00f3 lehet\u0151v\u00e9 teszi, hogy minden f\u0151n\u00f6k gondoskodjon a k\u00edv\u00e1nt j\u00e1t\u00e9kosokr\u00f3l, minden f\u0151n\u00f6knek figyelnie kell az \u00e9sszer\u0171 k\u00f6lts\u00e9gvet\u00e9sre, k\u00fcl\u00f6nben el\u0151fordulhat, hogy h\u00e1rom jel\u00f6ltje mellett egy csom\u00f3 &#8222;bokor&#8221; is van. &#8221;  <\/p>\n\t\t\t\t\t\t\t\t<\/div>\n\t\t\t\t<\/div>\n\t\t\t\t<div class=\"elementor-element elementor-element-f39cfac elementor-widget elementor-widget-image\" data-id=\"f39cfac\" data-element_type=\"widget\" data-widget_type=\"image.default\">\n\t\t\t\t<div class=\"elementor-widget-container\">\n\t\t\t\t\t\t\t\t\t\t\t\t\t\t\t<img decoding=\"async\" src=\"https:\/\/casinoreturn.com\/wp-content\/uploads\/elementor\/thumbs\/Fantasy-Football-Betting-qx02bndcu9ujrxxwe1uggpwkyijm1f47ij8zsbghxs.jpg\" title=\"Fantasy Football Betting\" alt=\"Fantasy Football Betting\" loading=\"lazy\" \/>\t\t\t\t\t\t\t\t\t\t\t\t\t\t\t<\/div>\n\t\t\t\t<\/div>\n\t\t\t\t<div class=\"elementor-element elementor-element-9a86ccb elementor-widget elementor-widget-heading\" data-id=\"9a86ccb\" data-element_type=\"widget\" data-widget_type=\"heading.default\">\n\t\t\t\t<div class=\"elementor-widget-container\">\n\t\t\t\t\t<h3 class=\"elementor-heading-title elementor-size-default\">A legjobb tippek a Fantasy Football fogad\u00e1sokhoz:<\/h3>\t\t\t\t<\/div>\n\t\t\t\t<\/div>\n\t\t\t\t<div class=\"elementor-element elementor-element-74ad2b2 elementor-widget elementor-widget-text-editor\" data-id=\"74ad2b2\" data-element_type=\"widget\" data-widget_type=\"text-editor.default\">\n\t\t\t\t<div class=\"elementor-widget-container\">\n\t\t\t\t\t\t\t\t\t<p>Egyes lig\u00e1kban minden szezon elej\u00e9n \u00faj draftot tartanak. M\u00e1sok viszont lehet\u0151s\u00e9get adnak a tulajdonosoknak, hogy a j\u00e1t\u00e9kosokat t\u00f6bb szezonon kereszt\u00fcl is a csapatukban tarts\u00e1k. <\/p>\n<h5>D\u00f6nt\u00e9si id\u0151 a Fantasy Foofballban<\/h5>\n<p>A d\u00f6nt\u00e9st azonban a lehet\u0151 leghamarabb meg kell hozni, mivel akkor tudni fogod, hogy egy j\u00e1t\u00e9kos hossz\u00fa vagy r\u00f6vid ideig marad-e a csapatban. F\u00fcggetlen\u00fcl att\u00f3l, hogy v\u00e9g\u00fcl melyik m\u00f3dszert v\u00e1lasztod, \u00e1ltal\u00e1noss\u00e1gban v\u00e9ve m\u00e1r a draft megkezd\u00e9se el\u0151tt meg kell kapnod egyfajta k\u00e9pet arr\u00f3l, hogy hogyan n\u00e9z ki \u00e9s hogyan m\u0171k\u00f6dik, \u00e9s hogy a legjobb, ha m\u00e1r a draft megkezd\u00e9se el\u0151tt megismered. <\/p>\n\t\t\t\t\t\t\t\t<\/div>\n\t\t\t\t<\/div>\n\t\t\t\t<div class=\"elementor-element elementor-element-f389443 elementor-widget elementor-widget-heading\" data-id=\"f389443\" data-element_type=\"widget\" data-widget_type=\"heading.default\">\n\t\t\t\t<div class=\"elementor-widget-container\">\n\t\t\t\t\t<h3 class=\"elementor-heading-title elementor-size-default\">A legjobb fogad\u00f3 kaszin\u00f3k a Fantasy Footballhoz?<\/h3>\t\t\t\t<\/div>\n\t\t\t\t<\/div>\n\t\t\t\t<div class=\"elementor-element elementor-element-44ba9f8 elementor-widget elementor-widget-text-editor\" data-id=\"44ba9f8\" data-element_type=\"widget\" data-widget_type=\"text-editor.default\">\n\t\t\t\t<div class=\"elementor-widget-container\">\n\t\t\t\t\t\t\t\t\t<ul>\n<li>Lorem ipsum dolor sit amet, consectetur adipiscing elit. Ut elit tellus, luctus nec ullamcorper mattis, pulvinar dapibus leo. <\/li>\n<\/ul>\n\t\t\t\t\t\t\t\t<\/div>\n\t\t\t\t<\/div>\n\t\t\t\t<\/div>\n\t\t\t\t<\/div>\n\t\t","protected":false},"excerpt":{"rendered":"<p>Fantasy Football kaszin\u00f3 fogad\u00e1sok Mi az a fant\u00e1ziafoci? Mi is pontosan a fant\u00e1ziafoci? \u00cdgy v\u00e1lhatsz a futballcsapatod vez\u00e9rigazgat\u00f3j\u00e1v\u00e1, ahol te &#8211; \u00e9s csakis te &#8211; d\u00f6nt\u00f6d el, hogy milyen j\u00e1t\u00e9kosokat szeretn\u00e9l. Saj\u00e1t j\u00e1t\u00e9kosok kiv\u00e1laszt\u00e1sa Kiv\u00e1laszthatsz egy list\u00e1t az NFL-j\u00e1t\u00e9kosokb\u00f3l a csapatod sz\u00e1m\u00e1ra, \u00e9s val\u00f3s adataik alapj\u00e1n versenyezhetsz m\u00e1s, hasonl\u00f3an kiv\u00e1lasztott csapatokkal, hogy melyik f\u0151n\u00f6k teljes\u00edt [&hellip;]<\/p>\n","protected":false},"author":1,"featured_media":0,"parent":0,"menu_order":0,"comment_status":"closed","ping_status":"closed","template":"","meta":{"footnotes":""},"class_list":["post-4966","page","type-page","status-publish","hentry"],"blocksy_meta":[],"acf":[],"yoast_head":"<!-- This site is optimized with the Yoast SEO plugin v24.1 - https:\/\/yoast.com\/wordpress\/plugins\/seo\/ -->\n<title>Fantasy Football fogad\u00e1si kaszin\u00f3k - casinoreturn<\/title>\n<meta name=\"description\" content=\"A Fantasy Football fogad\u00e1si kaszin\u00f3k nem a legelterjedtebbek. A j\u00e1t\u00e9kosok sz\u00e1m\u00e1ra kulcsfontoss\u00e1g\u00fa a r\u00e9szv\u00e9tel, az eredm\u00e9nyek cser\u00e9je \u00e9s a besz\u00e9lget\u00e9s.\" \/>\n<meta name=\"robots\" content=\"index, follow, max-snippet:-1, max-image-preview:large, max-video-preview:-1\" \/>\n<link rel=\"canonical\" href=\"https:\/\/casinoreturn.com\/hu\/fantasy-football-fogadasi-kaszinok\/\" \/>\n<meta property=\"og:locale\" content=\"hu_HU\" \/>\n<meta property=\"og:type\" content=\"article\" \/>\n<meta property=\"og:title\" content=\"Fantasy Football fogad\u00e1si kaszin\u00f3k - casinoreturn\" \/>\n<meta property=\"og:description\" content=\"A Fantasy Football fogad\u00e1si kaszin\u00f3k nem a legelterjedtebbek. A j\u00e1t\u00e9kosok sz\u00e1m\u00e1ra kulcsfontoss\u00e1g\u00fa a r\u00e9szv\u00e9tel, az eredm\u00e9nyek cser\u00e9je \u00e9s a besz\u00e9lget\u00e9s.\" \/>\n<meta property=\"og:url\" content=\"https:\/\/casinoreturn.com\/hu\/fantasy-football-fogadasi-kaszinok\/\" \/>\n<meta property=\"og:site_name\" content=\"casinoreturn\" \/>\n<meta property=\"article:modified_time\" content=\"2025-03-18T16:22:44+00:00\" \/>\n<meta property=\"og:image\" content=\"https:\/\/casinoreturn.com\/wp-content\/uploads\/elementor\/thumbs\/Fantasy-Football-Casino-qx0213mld26kmw2y2bvw2cqpmcar1kh6oms60z1sr4.jpg\" \/>\n<meta name=\"twitter:card\" content=\"summary_large_image\" \/>\n<meta name=\"twitter:label1\" content=\"Becs\u00fclt olvas\u00e1si id\u0151\" \/>\n\t<meta name=\"twitter:data1\" content=\"4 perc\" \/>\n<script type=\"application\/ld+json\" class=\"yoast-schema-graph\">{\"@context\":\"https:\/\/schema.org\",\"@graph\":[{\"@type\":\"WebPage\",\"@id\":\"https:\/\/casinoreturn.com\/hu\/fantasy-football-fogadasi-kaszinok\/\",\"url\":\"https:\/\/casinoreturn.com\/hu\/fantasy-football-fogadasi-kaszinok\/\",\"name\":\"Fantasy Football fogad\u00e1si kaszin\u00f3k - casinoreturn\",\"isPartOf\":{\"@id\":\"https:\/\/casinoreturn.com\/#website\"},\"primaryImageOfPage\":{\"@id\":\"https:\/\/casinoreturn.com\/hu\/fantasy-football-fogadasi-kaszinok\/#primaryimage\"},\"image\":{\"@id\":\"https:\/\/casinoreturn.com\/hu\/fantasy-football-fogadasi-kaszinok\/#primaryimage\"},\"thumbnailUrl\":\"https:\/\/casinoreturn.com\/wp-content\/uploads\/elementor\/thumbs\/Fantasy-Football-Casino-qx0213mld26kmw2y2bvw2cqpmcar1kh6oms60z1sr4.jpg\",\"datePublished\":\"2024-11-13T14:22:59+00:00\",\"dateModified\":\"2025-03-18T16:22:44+00:00\",\"description\":\"A Fantasy Football fogad\u00e1si kaszin\u00f3k nem a legelterjedtebbek. A j\u00e1t\u00e9kosok sz\u00e1m\u00e1ra kulcsfontoss\u00e1g\u00fa a r\u00e9szv\u00e9tel, az eredm\u00e9nyek cser\u00e9je \u00e9s a besz\u00e9lget\u00e9s.\",\"breadcrumb\":{\"@id\":\"https:\/\/casinoreturn.com\/hu\/fantasy-football-fogadasi-kaszinok\/#breadcrumb\"},\"inLanguage\":\"hu\",\"potentialAction\":[{\"@type\":\"ReadAction\",\"target\":[\"https:\/\/casinoreturn.com\/hu\/fantasy-football-fogadasi-kaszinok\/\"]}]},{\"@type\":\"ImageObject\",\"inLanguage\":\"hu\",\"@id\":\"https:\/\/casinoreturn.com\/hu\/fantasy-football-fogadasi-kaszinok\/#primaryimage\",\"url\":\"https:\/\/casinoreturn.com\/wp-content\/uploads\/elementor\/thumbs\/Fantasy-Football-Casino-qx0213mld26kmw2y2bvw2cqpmcar1kh6oms60z1sr4.jpg\",\"contentUrl\":\"https:\/\/casinoreturn.com\/wp-content\/uploads\/elementor\/thumbs\/Fantasy-Football-Casino-qx0213mld26kmw2y2bvw2cqpmcar1kh6oms60z1sr4.jpg\"},{\"@type\":\"BreadcrumbList\",\"@id\":\"https:\/\/casinoreturn.com\/hu\/fantasy-football-fogadasi-kaszinok\/#breadcrumb\",\"itemListElement\":[{\"@type\":\"ListItem\",\"position\":1,\"name\":\"Home\",\"item\":\"https:\/\/casinoreturn.com\/hu\/home\/\"},{\"@type\":\"ListItem\",\"position\":2,\"name\":\"Fantasy Football fogad\u00e1si kaszin\u00f3k\"}]},{\"@type\":\"WebSite\",\"@id\":\"https:\/\/casinoreturn.com\/#website\",\"url\":\"https:\/\/casinoreturn.com\/\",\"name\":\"casinoreturn\",\"description\":\"\",\"publisher\":{\"@id\":\"https:\/\/casinoreturn.com\/#organization\"},\"potentialAction\":[{\"@type\":\"SearchAction\",\"target\":{\"@type\":\"EntryPoint\",\"urlTemplate\":\"https:\/\/casinoreturn.com\/?s={search_term_string}\"},\"query-input\":{\"@type\":\"PropertyValueSpecification\",\"valueRequired\":true,\"valueName\":\"search_term_string\"}}],\"inLanguage\":\"hu\"},{\"@type\":\"Organization\",\"@id\":\"https:\/\/casinoreturn.com\/#organization\",\"name\":\"casinoreturn\",\"url\":\"https:\/\/casinoreturn.com\/\",\"logo\":{\"@type\":\"ImageObject\",\"inLanguage\":\"hu\",\"@id\":\"https:\/\/casinoreturn.com\/#\/schema\/logo\/image\/\",\"url\":\"https:\/\/casinoreturn.com\/wp-content\/uploads\/2024\/09\/animal-favicon.png\",\"contentUrl\":\"https:\/\/casinoreturn.com\/wp-content\/uploads\/2024\/09\/animal-favicon.png\",\"width\":92,\"height\":92,\"caption\":\"casinoreturn\"},\"image\":{\"@id\":\"https:\/\/casinoreturn.com\/#\/schema\/logo\/image\/\"}}]}<\/script>\n<!-- \/ Yoast SEO plugin. -->","yoast_head_json":{"title":"Fantasy Football fogad\u00e1si kaszin\u00f3k - casinoreturn","description":"A Fantasy Football fogad\u00e1si kaszin\u00f3k nem a legelterjedtebbek. A j\u00e1t\u00e9kosok sz\u00e1m\u00e1ra kulcsfontoss\u00e1g\u00fa a r\u00e9szv\u00e9tel, az eredm\u00e9nyek cser\u00e9je \u00e9s a besz\u00e9lget\u00e9s.","robots":{"index":"index","follow":"follow","max-snippet":"max-snippet:-1","max-image-preview":"max-image-preview:large","max-video-preview":"max-video-preview:-1"},"canonical":"https:\/\/casinoreturn.com\/hu\/fantasy-football-fogadasi-kaszinok\/","og_locale":"hu_HU","og_type":"article","og_title":"Fantasy Football fogad\u00e1si kaszin\u00f3k - casinoreturn","og_description":"A Fantasy Football fogad\u00e1si kaszin\u00f3k nem a legelterjedtebbek. A j\u00e1t\u00e9kosok sz\u00e1m\u00e1ra kulcsfontoss\u00e1g\u00fa a r\u00e9szv\u00e9tel, az eredm\u00e9nyek cser\u00e9je \u00e9s a besz\u00e9lget\u00e9s.","og_url":"https:\/\/casinoreturn.com\/hu\/fantasy-football-fogadasi-kaszinok\/","og_site_name":"casinoreturn","article_modified_time":"2025-03-18T16:22:44+00:00","og_image":[{"url":"https:\/\/casinoreturn.com\/wp-content\/uploads\/elementor\/thumbs\/Fantasy-Football-Casino-qx0213mld26kmw2y2bvw2cqpmcar1kh6oms60z1sr4.jpg","type":"","width":"","height":""}],"twitter_card":"summary_large_image","twitter_misc":{"Becs\u00fclt olvas\u00e1si id\u0151":"4 perc"},"schema":{"@context":"https:\/\/schema.org","@graph":[{"@type":"WebPage","@id":"https:\/\/casinoreturn.com\/hu\/fantasy-football-fogadasi-kaszinok\/","url":"https:\/\/casinoreturn.com\/hu\/fantasy-football-fogadasi-kaszinok\/","name":"Fantasy Football fogad\u00e1si kaszin\u00f3k - casinoreturn","isPartOf":{"@id":"https:\/\/casinoreturn.com\/#website"},"primaryImageOfPage":{"@id":"https:\/\/casinoreturn.com\/hu\/fantasy-football-fogadasi-kaszinok\/#primaryimage"},"image":{"@id":"https:\/\/casinoreturn.com\/hu\/fantasy-football-fogadasi-kaszinok\/#primaryimage"},"thumbnailUrl":"https:\/\/casinoreturn.com\/wp-content\/uploads\/elementor\/thumbs\/Fantasy-Football-Casino-qx0213mld26kmw2y2bvw2cqpmcar1kh6oms60z1sr4.jpg","datePublished":"2024-11-13T14:22:59+00:00","dateModified":"2025-03-18T16:22:44+00:00","description":"A Fantasy Football fogad\u00e1si kaszin\u00f3k nem a legelterjedtebbek. A j\u00e1t\u00e9kosok sz\u00e1m\u00e1ra kulcsfontoss\u00e1g\u00fa a r\u00e9szv\u00e9tel, az eredm\u00e9nyek cser\u00e9je \u00e9s a besz\u00e9lget\u00e9s.","breadcrumb":{"@id":"https:\/\/casinoreturn.com\/hu\/fantasy-football-fogadasi-kaszinok\/#breadcrumb"},"inLanguage":"hu","potentialAction":[{"@type":"ReadAction","target":["https:\/\/casinoreturn.com\/hu\/fantasy-football-fogadasi-kaszinok\/"]}]},{"@type":"ImageObject","inLanguage":"hu","@id":"https:\/\/casinoreturn.com\/hu\/fantasy-football-fogadasi-kaszinok\/#primaryimage","url":"https:\/\/casinoreturn.com\/wp-content\/uploads\/elementor\/thumbs\/Fantasy-Football-Casino-qx0213mld26kmw2y2bvw2cqpmcar1kh6oms60z1sr4.jpg","contentUrl":"https:\/\/casinoreturn.com\/wp-content\/uploads\/elementor\/thumbs\/Fantasy-Football-Casino-qx0213mld26kmw2y2bvw2cqpmcar1kh6oms60z1sr4.jpg"},{"@type":"BreadcrumbList","@id":"https:\/\/casinoreturn.com\/hu\/fantasy-football-fogadasi-kaszinok\/#breadcrumb","itemListElement":[{"@type":"ListItem","position":1,"name":"Home","item":"https:\/\/casinoreturn.com\/hu\/home\/"},{"@type":"ListItem","position":2,"name":"Fantasy Football fogad\u00e1si kaszin\u00f3k"}]},{"@type":"WebSite","@id":"https:\/\/casinoreturn.com\/#website","url":"https:\/\/casinoreturn.com\/","name":"casinoreturn","description":"","publisher":{"@id":"https:\/\/casinoreturn.com\/#organization"},"potentialAction":[{"@type":"SearchAction","target":{"@type":"EntryPoint","urlTemplate":"https:\/\/casinoreturn.com\/?s={search_term_string}"},"query-input":{"@type":"PropertyValueSpecification","valueRequired":true,"valueName":"search_term_string"}}],"inLanguage":"hu"},{"@type":"Organization","@id":"https:\/\/casinoreturn.com\/#organization","name":"casinoreturn","url":"https:\/\/casinoreturn.com\/","logo":{"@type":"ImageObject","inLanguage":"hu","@id":"https:\/\/casinoreturn.com\/#\/schema\/logo\/image\/","url":"https:\/\/casinoreturn.com\/wp-content\/uploads\/2024\/09\/animal-favicon.png","contentUrl":"https:\/\/casinoreturn.com\/wp-content\/uploads\/2024\/09\/animal-favicon.png","width":92,"height":92,"caption":"casinoreturn"},"image":{"@id":"https:\/\/casinoreturn.com\/#\/schema\/logo\/image\/"}}]}},"_links":{"self":[{"href":"https:\/\/casinoreturn.com\/hu\/wp-json\/wp\/v2\/pages\/4966","targetHints":{"allow":["GET"]}}],"collection":[{"href":"https:\/\/casinoreturn.com\/hu\/wp-json\/wp\/v2\/pages"}],"about":[{"href":"https:\/\/casinoreturn.com\/hu\/wp-json\/wp\/v2\/types\/page"}],"author":[{"embeddable":true,"href":"https:\/\/casinoreturn.com\/hu\/wp-json\/wp\/v2\/users\/1"}],"replies":[{"embeddable":true,"href":"https:\/\/casinoreturn.com\/hu\/wp-json\/wp\/v2\/comments?post=4966"}],"version-history":[{"count":3,"href":"https:\/\/casinoreturn.com\/hu\/wp-json\/wp\/v2\/pages\/4966\/revisions"}],"predecessor-version":[{"id":12245,"href":"https:\/\/casinoreturn.com\/hu\/wp-json\/wp\/v2\/pages\/4966\/revisions\/12245"}],"wp:attachment":[{"href":"https:\/\/casinoreturn.com\/hu\/wp-json\/wp\/v2\/media?parent=4966"}],"curies":[{"name":"wp","href":"https:\/\/api.w.org\/{rel}","templated":true}]}}