{"id":4988,"date":"2024-11-03T10:12:19","date_gmt":"2024-11-03T10:12:19","guid":{"rendered":"https:\/\/casinoreturn.com\/amerikai-futball-kanada-kezdoknek\/"},"modified":"2025-02-12T12:54:15","modified_gmt":"2025-02-12T12:54:15","slug":"amerikai-futball-kanada-kezdoknek","status":"publish","type":"page","link":"https:\/\/casinoreturn.com\/hu\/amerikai-futball-kanada-kezdoknek\/","title":{"rendered":"Amerikai futball Kanada kezd\u0151knek"},"content":{"rendered":"\t\t<div data-elementor-type=\"wp-page\" data-elementor-id=\"4988\" class=\"elementor elementor-4988\" data-elementor-post-type=\"page\">\n\t\t\t\t<div class=\"elementor-element elementor-element-192ee5b7 e-flex e-con-boxed e-con e-parent\" data-id=\"192ee5b7\" data-element_type=\"container\" data-e-type=\"container\">\n\t\t\t\t\t<div class=\"e-con-inner\">\n\t\t\t\t<div class=\"elementor-element elementor-element-266bc16c elementor-widget elementor-widget-text-editor\" data-id=\"266bc16c\" data-element_type=\"widget\" data-e-type=\"widget\" data-widget_type=\"text-editor.default\">\n\t\t\t\t<div class=\"elementor-widget-container\">\n\t\t\t\t\t\t\t\t\t<h4 class=\"wp-block-heading\">A kanadai amerikai futball \u00e9s annak alapvet\u0151 szab\u00e1lyai.<\/h4>\n<p><strong>De el\u0151sz\u00f6r is: n\u00e9zze meg a Lucky Days Casino-t \u00e9s a kaszin\u00f3 fel\u00fclvizsg\u00e1lat\u00e1t.<\/strong> <\/p>\n<div id=\"element-384\" class=\"widget item-absolute headline \" data-at=\"headline\">\n<div class=\"contents\">\n<h1><span class=\"x_949eba9a x_7911f47e\"><span class=\"x_f2074b6c\">Ak\u00e1r 1500 CAD $<\/span> 100<span class=\"x_f2074b6c\"> ingyenes p\u00f6rget\u00e9sek + 100 ingyenes p\u00f6rget\u00e9sek <\/span> <\/span><\/h1>\n<p><a href=\"https:\/\/media.luckydaysaffiliates.com\/redirect.aspx?pid=13114&amp;bid=1586\" target=\"_blank\" rel=\"noopener\"><strong>Ig\u00e9nyelje exkluz\u00edv Lucky Days b\u00f3nusz\u00e1t ITT<\/strong><\/a><\/p>\n<p>T&amp;Cs alkalmazand\u00f3k  <\/p>\n<\/div>\n<\/div>\n<p><img fetchpriority=\"high\" decoding=\"async\" class=\"size-medium wp-image-6372\" src=\"https:\/\/casinoreturn.com\/wp-content\/uploads\/2024\/12\/Lucky-Days-casino-300x300.png\" alt=\"Lucky-Days-kaszin\u00f3\" width=\"300\" height=\"300\" srcset=\"https:\/\/casinoreturn.com\/wp-content\/uploads\/2024\/12\/Lucky-Days-casino-300x300.png 300w, https:\/\/casinoreturn.com\/wp-content\/uploads\/2024\/12\/Lucky-Days-casino-150x150.png 150w, https:\/\/casinoreturn.com\/wp-content\/uploads\/2024\/12\/Lucky-Days-casino.png 500w\" sizes=\"(max-width: 300px) 100vw, 300px\" \/><\/p>\n<h5>Mik a Lucky Days Casino b\u00f3nusz felt\u00e9telei?<\/h5>\n<p>20 CAD$ vagy t\u00f6bb befizet\u00e9se. 30-szoros megforgat\u00e1s. Maxim\u00e1lis t\u00e9t CAD$5 t\u00e9tenk\u00e9nt. El\u0151sz\u00f6r a saj\u00e1t p\u00e9nzeszk\u00f6z\u00f6ket kell felhaszn\u00e1lni. 30 napos lej\u00e1rat. Az ingyenes p\u00f6rget\u00e9sek 24 \u00f3ra m\u00falva lej\u00e1rnak. 25x kell megtenni a kiv\u00e1lasztott j\u00e1t\u00e9kokon.      <\/p>\n<h5>Mik a kanadai amerikai futball alapjai?<\/h5>\n<p>Az amerikai futball az egyik legn\u00e9pszer\u0171bb sport\u00e1g Kanad\u00e1ban. Elmagyar\u00e1zzuk, hogyan \u00e9p\u00fcl fel a j\u00e1t\u00e9k.<br \/>Kezdj\u00fck a j\u00e1t\u00e9k c\u00e9lj\u00e1val. A j\u00e1t\u00e9knak egy els\u0151dleges c\u00e9lja van: a j\u00e1t\u00e9kosok megpr\u00f3b\u00e1lj\u00e1k a labd\u00e1t az ellenf\u00e9l v\u00e9gz\u00f3n\u00e1j\u00e1ba juttatni, hogy pontot szerezzenek. Akinek a legt\u00f6bb pontja van a j\u00e1t\u00e9k v\u00e9g\u00e9n, az nyer.   <\/p>\n<h4 class=\"wp-block-heading\">Hogyan m\u0171k\u00f6dik egy futballj\u00e1t\u00e9k?<\/h4>\n<p>A j\u00e1t\u00e9k id\u0151tartama \u00e1ltal\u00e1ban 2,5-3 \u00f3ra. A j\u00e1t\u00e9k sor\u00e1n mindig az egyik csapatnak van \u00fagynevezett &#8222;t\u00e1mad\u00e1si joga&#8221;, a m\u00e1sik csapat pedig &#8222;v\u00e9dekezik&#8221;. &#8222;Az \u00fagynevezett &#8222;t\u00e1mad\u00e1si jog&#8221; mindig v\u00e1ltakozik. A j\u00e1t\u00e9k kezdete azzal kezd\u0151dik, hogy feldobnak egy \u00e9rm\u00e9t, hogy meghat\u00e1rozz\u00e1k a kezd\u0151t. A j\u00e1t\u00e9klabd\u00e1t a p\u00e1lya vonal\u00e1ra helyezik, \u00e9s a kezd\u0151 csapatnak kell azt min\u00e9l messzebbre r\u00fagnia. Az els\u0151 l\u00f6v\u00e9s ut\u00e1n az ellenf\u00e9l csapata megpr\u00f3b\u00e1lja elkapni a labd\u00e1t, \u00e9s messzire visszavinni. Ahol az ellenf\u00e9l csapata el\u00e9ri a labd\u00e1t, ott kezd\u0151dik a j\u00e1t\u00e9k a p\u00e1ly\u00e1n is.<br \/>T\u00e1mad\u00e1s. . . Passzol\u00e1s. . . Fut\u00e1s            <\/p>\n<h4 class=\"wp-block-heading\">Most kezd\u0151d\u00f6tt az amerikai kedvenc j\u00e1t\u00e9ka, de hogyan folytat\u00f3dik?<\/h4>\n<p>A labd\u00e1t birtokl\u00f3 csapatot h\u00edvj\u00e1k t\u00e1mad\u00f3nak (t\u00e1mad\u00f3). \u0150k dob\u00e1sokkal \u00e9s versenyz\u00e9ssel pr\u00f3b\u00e1lnak teret nyerni a t\u00f6bbi j\u00e1tsz\u00f3t\u00e1rsnak. Ez a legjobb esetben az \u00fagynevezett end zone-ban v\u00e9gz\u0151dik. Am\u00edg a t\u00e1mad\u00f3k a j\u00e1t\u00e9klabd\u00e1val futnak, az ellenf\u00e9l csapat\u00e1nak meg kell akad\u00e1lyoznia, hogy a t\u00e1mad\u00f3k min\u00e9l nagyobb teret nyerjenek, \u00e9s meg kell pr\u00f3b\u00e1lnia elkapni a labd\u00e1t. A t\u00e1mad\u00f3knak \u00f6sszesen n\u00e9gy pr\u00f3b\u00e1lkoz\u00e1suk van, \u00e9s t\u00edz m\u00e9teres t\u00e9rnyer\u00e9st kell el\u00e9rni\u00fck. Sikertelens\u00e9g eset\u00e9n poz\u00edci\u00f3t cser\u00e9lnek.     <\/p>\n<h4 class=\"wp-block-heading\">Mit jelent a Touchdown az amerikai futballban?<\/h4>\n<p>A Touchdown a kanadai amerikai futballban \u00e9s az NFL-ben ( USA ) a legismertebb m\u00f3dszer a pontszerz\u00e9sre az amerikai futballban. A touchdown \u00f6sszesen hat pontot hoz a csapatnak. Ezt akkor \u00e9rik el, ha a labd\u00e1t \u00e1tviszik az ellenf\u00e9l csapat c\u00e9lvonal\u00e1n, vagy ha elkapj\u00e1k az \u00fagynevezett end zone-ban.<br \/>Ha a touchdown ut\u00e1n a csapatnak siker\u00fcl \u00e1tdobnia a labd\u00e1t a kapun, \u00fajabb pontot szerezhet.<br \/>Ha egy adott \u00e1llapotb\u00f3l nem siker\u00fcl touchdownt el\u00e9rni, a csapat kisz\u00e1llhat a j\u00e1t\u00e9kb\u00f3l, \u00e9s megpr\u00f3b\u00e1lhatja a labd\u00e1t a kapuba r\u00fagni. Ez egy \u00fajabb pontot hoz felsz\u00ednre.   <\/p>\n<h4 class=\"wp-block-heading\">Mit jelent a biztons\u00e1g egy futballmeccsen?<\/h4>\n<p>A biztons\u00e1g a j\u00e1t\u00e9k sor\u00e1n a pontok megszerz\u00e9s\u00e9nek egyik m\u00f3dszere is. Ehhez a v\u00e9dekez\u0151 csapatnak, a t\u00e1mad\u00f3 csapatnak le kell gy\u0151znie a t\u00e1mad\u00f3 csapatot a saj\u00e1t v\u00e9gz\u00f3n\u00e1j\u00e1ban. Ebben az esetben a csapat k\u00e9t plusz pontot kap.  <\/p>\n<h3 class=\"wp-block-heading\">Amerikai futball fogad\u00e1sok Kanada. . mit kell tudni?   <\/h3>\n<h4 class=\"wp-block-heading\">Mit jelent a hendikep \u00e9s a spread fogad\u00e1s a kanadai amerikaifutballban?<\/h4>\n<p>Az online kaszin\u00f3ban az amerikai futballban k\u00e9t f\u0151 fogad\u00e1si t\u00edpus l\u00e9tezik. Van az \u00fagynevezett handicap fogad\u00e1s vagy spread fogad\u00e1s. Ez a t\u00edpus az amerikai futballban a kedvenc fogad\u00e1si form\u00e1k k\u00f6z\u00e9 tartozik. Itt el\u00e9g egyszer\u0171 egy bizonyos eredm\u00e9nyre fogadni differenci\u00e1lni. M\u00e1s sz\u00f3val, a fogad\u00f3 \u00e1ltal megadott specifik\u00e1ci\u00f3k \u00e9s az eredm\u00e9ny k\u00f6z\u00f6tti k\u00fcl\u00f6nbs\u00e9gre fogadnak. Igaz: &#8222;Min\u00e9l nagyobb a k\u00fcl\u00f6nbs\u00e9g, ann\u00e1l nagyobb az odds \u00e9s \u00edgy a nyeres\u00e9g vagy vesztes\u00e9g. &#8221; Keresse meg a legjobb bukm\u00e9kert az <a href=\"https:\/\/casinoreturn.com\/american-football-betting-canada\/\">amerikaifutball-fogad\u00e1shoz Kanad\u00e1ban ITT<\/a><br \/>Ez\u00e9rt a fogad\u00e1sszolg\u00e1ltat\u00f3 egy bizonyos tartom\u00e1nyt hat\u00e1roz meg a maxim\u00e1lis \u00e9s minim\u00e1lis odds felhaszn\u00e1l\u00e1s\u00e1val, amely le\u00edrja annak a sportesem\u00e9nynek az eredm\u00e9ny\u00e9t, amelyre a fogad\u00e1st k\u00f6tik. Az id\u0151j\u00e1r\u00e1s arra spekul\u00e1l, hogy az eredm\u00e9ny magasabb vagy alacsonyabb lesz-e, mint a bukm\u00e9ker \u00e1ltal meghat\u00e1rozott tartom\u00e1ny, a fogad\u00f3i poz\u00edci\u00f3ja alapj\u00e1n. Nem ker\u00fcl sor fogad\u00e1sra, ha a Souffleur el\u0151rejelz\u00e9se megegyezik a bukm\u00e9ker el\u0151rejelz\u00e9s\u00e9vel. A spread fogad\u00e1s teh\u00e1t egy sportesem\u00e9ny eredm\u00e9ny\u00e9nek vagy esem\u00e9ny\u00e9nek id\u0151j\u00e1r\u00e1si \u00e9rt\u00e9kel\u00e9se, p\u00e9ld\u00e1ul a pontok, g\u00f3lok, s\u00e1rga lapok vagy szab\u00e1lytalans\u00e1gok bizonyos sz\u00e1m\u00e1nak \u00e9rt\u00e9kel\u00e9se. Ha a tippje k\u00edv\u00fcl esik a fogad\u00f3irod\u00e1k \u00e1ltal meghat\u00e1rozott tartom\u00e1nyon, az \u00fan. limiten, akkor tippeljen. Ha az odds meghaladja a bukm\u00e9ker \u00e1ltal meghat\u00e1rozott limitet, a nyeres\u00e9g \u00e9s a vesztes\u00e9g kisz\u00e1m\u00edt\u00e1sa a k\u00f6vetkez\u0151k\u00e9ppen t\u00f6rt\u00e9nik:          <\/p>\n<h5 class=\"wp-block-heading\">How to calculate the sum?<\/h5>\n<p>A fentiek \u00f6sszege = t\u00e9tb\u00f3nusz = a t\u00e9tek sz\u00e1ma (az akci\u00f3k \u00f6sszege m\u00ednusz a limit). Az al\u00e1bbiak \u00f6sszege = t\u00e9tvesztes\u00e9g = f\u0151nyerem\u00e9nyek sz\u00e1ma (a limit m\u00ednusz az akci\u00f3k \u00f6sszege). Ha a megadott \u00e9rt\u00e9k a bukm\u00e9ker el\u00e9rhet\u0151s\u00e9ge alatt van, a sz\u00e1m\u00edt\u00e1s ford\u00edtva t\u00f6rt\u00e9nik: A k\u00f6vetkez\u0151 \u00f6sszegek \u00f6sszege: = fogad\u00e1si b\u00f3nusz = fogad\u00e1sok sz\u00e1ma (als\u00f3 hat\u00e1r m\u00ednusz akci\u00f3 \u00f6sszege) A fentiek \u00f6sszege = fogad\u00e1si vesztes\u00e9g = f\u0151nyerem\u00e9nyek sz\u00e1ma (fels\u0151 hat\u00e1r m\u00ednusz akci\u00f3 \u00f6sszege).  <\/p>\n<h4 class=\"wp-block-heading\">Mi a kanadai amerikaifutball-meccsek \u00f6sszpontsz\u00e1ma?<\/h4>\n<p>Az amerikai futball eset\u00e9ben is minden ismert bukm\u00e9ker lehet\u0151s\u00e9get k\u00edn\u00e1l arra, hogy magas\/alacsony t\u00e9tekben fogadjon a m\u00e9rk\u0151z\u00e9s v\u00e9geredm\u00e9ny\u00e9re. Itt nem arr\u00f3l van sz\u00f3, hogy megj\u00f3soljuk, h\u00e1ny pontot szerez egy csapat, hanem arr\u00f3l, hogy a m\u00e9rk\u0151z\u00e9s v\u00e9g\u00e9n mindk\u00e9t f\u00e9l \u00f6sszesen h\u00e1ny pontot fog el\u00e9rni. A bukm\u00e9ker p\u00e9ld\u00e1ul 49. 5 pontos limitet haszn\u00e1lhat, \u00e9s akkor el kell d\u00f6ntenie, hogy t\u00f6bb vagy kevesebb pontot szeretne-e kapni. Enn\u00e9l a fogad\u00e1si t\u00edpusn\u00e1l az egyes oddsok \u00e1ltal\u00e1ban 1. 90 k\u00f6r\u00fcl vannak.<br \/>Term\u00e9szetesen az amerikai futballban arra is lehet fogadni, hogy a csapat vezet a m\u00e9rk\u0151z\u00e9s v\u00e9g\u00e9n. A bukm\u00e9kerek \u00e1ltal\u00e1ban k\u00fcl\u00f6nb\u00f6z\u0151 el\u0151nyfogad\u00e1sokat k\u00edn\u00e1lnak a k\u00e9t csapatra. P\u00e9ld\u00e1ul fogadhatsz arra, hogy az A csapat 1-6 ponttal megnyeri a m\u00e9rk\u0151z\u00e9st. Lehet\u0151s\u00e9g van p\u00e9ld\u00e1ul arra is, hogy 19-24 pontos el\u0151nyre tegyen a kedvenc csapat. A bukm\u00e9ker \u00fagy becs\u00fcli, hogy min\u00e9l kisebb a csapat nyeres\u00e9g\u00e9nek val\u00f3sz\u00edn\u0171s\u00e9ge, ann\u00e1l magasabb a fogad\u00e1si odds.         <\/p>\n<h4 class=\"wp-block-heading\">Amerikai futball fogad\u00e1sok legjobb oddsokkal<\/h4>\n<p>Hogyan lehet azonos\u00edtani a legjobb es\u00e9lyeket az amerikaifutball-fogad\u00e1shoz?<\/p>\n<p>L\u00e1togasson el weboldalunkra, a Casinoreturn.com-ra m\u00e9g ma, \u00e9s tal\u00e1lja meg a legjobb online fogad\u00e1sokat a legjobb fogad\u00e1si oddsokkal. Mi, mint a Casinoreturn csapata mindig igyeksz\u00fcnk megtal\u00e1lni a legjobb szolg\u00e1ltat\u00f3kat az \u00d6n sz\u00e1m\u00e1ra, hogy a lehet\u0151 legjobb j\u00e1t\u00e9k\u00e9lm\u00e9nyt ny\u00fajtsuk \u00d6nnek.<br \/>A fogad\u00e1s nem \u00fajdons\u00e1g a mai modern vil\u00e1gban, azonban \u00fagy t\u0171nik, hogy ugyanolyan n\u00e9pszer\u0171 \u00e9s n\u00e9pszer\u0171, mint valaha. Legyen sz\u00f3 bar\u00e1ti fogad\u00e1sr\u00f3l, bar\u00e1tok k\u00f6z\u00f6tt, fogad\u00e1sr\u00f3l a stadionban idegenekkel, akik sz\u00edvvel-l\u00e9lekkel bar\u00e1tokk\u00e1 v\u00e1lnak, vagy ami manaps\u00e1g elengedhetetlen: online.<br \/>Az izgalom \u00e9s az \u00f6r\u00f6m ugyanaz. Sosem v\u00e1lik unalmass\u00e1, mert mindig van valami \u00fajdons\u00e1g, amire fogadni lehet. A k\u00edn\u00e1lat b\u0151s\u00e9gesebb, mint r\u00e9g\u00f3ta nem volt, k\u00f6sz\u00f6nhet\u0151en a k\u00f6z\u00f6ss\u00e9gi m\u00e9di\u00e1nak \u00e9s a sz\u00e1mos online platformnak, amelyeken manaps\u00e1g regisztr\u00e1lni lehet. A sz\u00f3rakoz\u00e1si \u00e9rt\u00e9k jelent\u0151sen megn\u0151, hiszen a platformok sz\u00e1m\u00e1val nemcsak a fogad\u00e1si lehet\u0151s\u00e9gek, hanem a szolg\u00e1ltat\u00f3k sz\u00e1ma is n\u00f6vekszik.     <\/p>\n<h4 class=\"wp-block-heading\">Amerikai futball t\u00e1rsadalmi st\u00e1tusz<\/h4>\n<p>Mennyire fontos az NFL \u00e9s a kanadai futballliga?<\/p>\n<p>A sport rivaliz\u00e1l\u00e1st \u00e9s verseng\u00e9st jelent, de bar\u00e1ts\u00e1got \u00e9s sz\u00f6vets\u00e9get is. Egyr\u00e9szt egyes\u00edti az embereket, m\u00e1sr\u00e9szt viszont meg is oszthatja a v\u00e9lem\u00e9nyeket. Az egyes esem\u00e9nyek j\u00e1t\u00e9kosai, \u00e9s a rekord eredm\u00e9nyek az\u00f3ta is leny\u0171g\u00f6znek minket, \u00e9s a b\u0171vk\u00f6r\u00e9be vonzanak.<br \/>Az online kaszin\u00f3, mint az egyik legn\u00e9pszer\u0171bb id\u0151t\u00f6lt\u00e9s, sz\u00e1mos szolg\u00e1ltat\u00f3val k\u00e9pviselteti mag\u00e1t. A k\u00edn\u00e1lat nagyon v\u00e1ltozatos, \u00e9s mi, mint egy csapat vagyunk itt, hogy seg\u00edts\u00fcnk megtal\u00e1lni a legjobb online kaszin\u00f3t a sokf\u00e9les\u00e9g k\u00f6z\u00f6tt.<br \/>N\u00e9zze meg a Casinoreturn.com, a Top 10 van az \u00f6sszes j\u00f3 kaszin\u00f3 egy pillant\u00e1sra. A Top 10 kaszin\u00f3 lista, megmutatja a legjobb \u00e9s legnevesebb online kaszin\u00f3kat, amelyeket kiv\u00e1l\u00f3 sport \u00e9s kaszin\u00f3 aj\u00e1nlatok jellemeznek.<br \/>A legjobb fogad\u00e1si szolg\u00e1ltat\u00f3k \u00e9s fogad\u00e1si aj\u00e1nlatok r\u00e9szletes list\u00e1ja 2025-re tal\u00e1lhat\u00f3 a Top 10 list\u00e1nkon.<br \/>A legjobb online kaszin\u00f3knak 24\/7 szolg\u00e1ltat\u00e1ssal kell rendelkezni\u00fck, ahol kapcsolatba l\u00e9phetsz chaten, e-mailben vagy telefonon kereszt\u00fcl. Egy\u00e9rtelm\u0171en meg kell jel\u00f6lni a befizet\u00e9si \u00e9s kifizet\u00e9si m\u00f3dot. Az egy\u00e9rtelm\u0171 \u00e9rt\u00e9kes\u00edt\u00e9si felt\u00e9telek, valamint az \u00e1tl\u00e1that\u00f3s\u00e1g szint\u00e9n ide tartozik. Ezen k\u00edv\u00fcl elegend\u0151 inform\u00e1ci\u00f3t \u00e9s tippet kell felsorolni a port\u00e1lon.       <\/p>\n\t\t\t\t\t\t\t\t<\/div>\n\t\t\t\t<\/div>\n\t\t\t\t\t<\/div>\n\t\t\t\t<\/div>\n\t\t\t\t<\/div>\n\t\t","protected":false},"excerpt":{"rendered":"<p>A kanadai amerikai futball \u00e9s annak alapvet\u0151 szab\u00e1lyai. De el\u0151sz\u00f6r is: n\u00e9zze meg a Lucky Days Casino-t \u00e9s a kaszin\u00f3 fel\u00fclvizsg\u00e1lat\u00e1t. Ak\u00e1r 1500 CAD $ 100 ingyenes p\u00f6rget\u00e9sek + 100 ingyenes p\u00f6rget\u00e9sek Ig\u00e9nyelje exkluz\u00edv Lucky Days b\u00f3nusz\u00e1t ITT T&amp;Cs alkalmazand\u00f3k Mik a Lucky Days Casino b\u00f3nusz felt\u00e9telei? 20 CAD$ vagy t\u00f6bb befizet\u00e9se. 30-szoros megforgat\u00e1s. Maxim\u00e1lis [&hellip;]<\/p>\n","protected":false},"author":1,"featured_media":0,"parent":0,"menu_order":0,"comment_status":"closed","ping_status":"closed","template":"","meta":{"footnotes":""},"class_list":["post-4988","page","type-page","status-publish","hentry"],"blocksy_meta":[],"acf":[],"yoast_head":"<!-- This site is optimized with the Yoast SEO plugin v24.1 - https:\/\/yoast.com\/wordpress\/plugins\/seo\/ -->\n<title>Amerikai futball Kanada kezd\u0151knek - casinoreturn<\/title>\n<meta name=\"description\" content=\"Az American Football Canada kezd\u0151knek az alapvet\u0151 American Football ABC vagy American Football Rules for Dummies. D\u0151lj\u00f6n h\u00e1tra \u00e9s \u00e9lvezze.\" \/>\n<meta name=\"robots\" content=\"index, follow, max-snippet:-1, max-image-preview:large, max-video-preview:-1\" \/>\n<link rel=\"canonical\" href=\"https:\/\/casinoreturn.com\/hu\/amerikai-futball-kanada-kezdoknek\/\" \/>\n<meta property=\"og:locale\" content=\"hu_HU\" \/>\n<meta property=\"og:type\" content=\"article\" \/>\n<meta property=\"og:title\" content=\"Amerikai futball Kanada kezd\u0151knek - casinoreturn\" \/>\n<meta property=\"og:description\" content=\"Az American Football Canada kezd\u0151knek az alapvet\u0151 American Football ABC vagy American Football Rules for Dummies. D\u0151lj\u00f6n h\u00e1tra \u00e9s \u00e9lvezze.\" \/>\n<meta property=\"og:url\" content=\"https:\/\/casinoreturn.com\/hu\/amerikai-futball-kanada-kezdoknek\/\" \/>\n<meta property=\"og:site_name\" content=\"casinoreturn\" \/>\n<meta property=\"article:modified_time\" content=\"2025-02-12T12:54:15+00:00\" \/>\n<meta property=\"og:image\" content=\"https:\/\/casinoreturn.com\/wp-content\/uploads\/2024\/12\/Lucky-Days-casino.png\" \/>\n\t<meta property=\"og:image:width\" content=\"500\" \/>\n\t<meta property=\"og:image:height\" content=\"500\" \/>\n\t<meta property=\"og:image:type\" content=\"image\/png\" \/>\n<meta name=\"twitter:card\" content=\"summary_large_image\" \/>\n<meta name=\"twitter:label1\" content=\"Becs\u00fclt olvas\u00e1si id\u0151\" \/>\n\t<meta name=\"twitter:data1\" content=\"9 perc\" \/>\n<script type=\"application\/ld+json\" class=\"yoast-schema-graph\">{\"@context\":\"https:\/\/schema.org\",\"@graph\":[{\"@type\":\"WebPage\",\"@id\":\"https:\/\/casinoreturn.com\/hu\/amerikai-futball-kanada-kezdoknek\/\",\"url\":\"https:\/\/casinoreturn.com\/hu\/amerikai-futball-kanada-kezdoknek\/\",\"name\":\"Amerikai futball Kanada kezd\u0151knek - casinoreturn\",\"isPartOf\":{\"@id\":\"https:\/\/casinoreturn.com\/#website\"},\"primaryImageOfPage\":{\"@id\":\"https:\/\/casinoreturn.com\/hu\/amerikai-futball-kanada-kezdoknek\/#primaryimage\"},\"image\":{\"@id\":\"https:\/\/casinoreturn.com\/hu\/amerikai-futball-kanada-kezdoknek\/#primaryimage\"},\"thumbnailUrl\":\"https:\/\/casinoreturn.com\/wp-content\/uploads\/2024\/12\/Lucky-Days-casino-300x300.png\",\"datePublished\":\"2024-11-03T10:12:19+00:00\",\"dateModified\":\"2025-02-12T12:54:15+00:00\",\"description\":\"Az American Football Canada kezd\u0151knek az alapvet\u0151 American Football ABC vagy American Football Rules for Dummies. D\u0151lj\u00f6n h\u00e1tra \u00e9s \u00e9lvezze.\",\"breadcrumb\":{\"@id\":\"https:\/\/casinoreturn.com\/hu\/amerikai-futball-kanada-kezdoknek\/#breadcrumb\"},\"inLanguage\":\"hu\",\"potentialAction\":[{\"@type\":\"ReadAction\",\"target\":[\"https:\/\/casinoreturn.com\/hu\/amerikai-futball-kanada-kezdoknek\/\"]}]},{\"@type\":\"ImageObject\",\"inLanguage\":\"hu\",\"@id\":\"https:\/\/casinoreturn.com\/hu\/amerikai-futball-kanada-kezdoknek\/#primaryimage\",\"url\":\"https:\/\/casinoreturn.com\/wp-content\/uploads\/2024\/12\/Lucky-Days-casino-300x300.png\",\"contentUrl\":\"https:\/\/casinoreturn.com\/wp-content\/uploads\/2024\/12\/Lucky-Days-casino-300x300.png\"},{\"@type\":\"BreadcrumbList\",\"@id\":\"https:\/\/casinoreturn.com\/hu\/amerikai-futball-kanada-kezdoknek\/#breadcrumb\",\"itemListElement\":[{\"@type\":\"ListItem\",\"position\":1,\"name\":\"Home\",\"item\":\"https:\/\/casinoreturn.com\/hu\/home\/\"},{\"@type\":\"ListItem\",\"position\":2,\"name\":\"Amerikai futball Kanada kezd\u0151knek\"}]},{\"@type\":\"WebSite\",\"@id\":\"https:\/\/casinoreturn.com\/#website\",\"url\":\"https:\/\/casinoreturn.com\/\",\"name\":\"casinoreturn\",\"description\":\"\",\"publisher\":{\"@id\":\"https:\/\/casinoreturn.com\/#organization\"},\"potentialAction\":[{\"@type\":\"SearchAction\",\"target\":{\"@type\":\"EntryPoint\",\"urlTemplate\":\"https:\/\/casinoreturn.com\/?s={search_term_string}\"},\"query-input\":{\"@type\":\"PropertyValueSpecification\",\"valueRequired\":true,\"valueName\":\"search_term_string\"}}],\"inLanguage\":\"hu\"},{\"@type\":\"Organization\",\"@id\":\"https:\/\/casinoreturn.com\/#organization\",\"name\":\"casinoreturn\",\"url\":\"https:\/\/casinoreturn.com\/\",\"logo\":{\"@type\":\"ImageObject\",\"inLanguage\":\"hu\",\"@id\":\"https:\/\/casinoreturn.com\/#\/schema\/logo\/image\/\",\"url\":\"https:\/\/casinoreturn.com\/wp-content\/uploads\/2024\/09\/animal-favicon.png\",\"contentUrl\":\"https:\/\/casinoreturn.com\/wp-content\/uploads\/2024\/09\/animal-favicon.png\",\"width\":92,\"height\":92,\"caption\":\"casinoreturn\"},\"image\":{\"@id\":\"https:\/\/casinoreturn.com\/#\/schema\/logo\/image\/\"}}]}<\/script>\n<!-- \/ Yoast SEO plugin. -->","yoast_head_json":{"title":"Amerikai futball Kanada kezd\u0151knek - casinoreturn","description":"Az American Football Canada kezd\u0151knek az alapvet\u0151 American Football ABC vagy American Football Rules for Dummies. D\u0151lj\u00f6n h\u00e1tra \u00e9s \u00e9lvezze.","robots":{"index":"index","follow":"follow","max-snippet":"max-snippet:-1","max-image-preview":"max-image-preview:large","max-video-preview":"max-video-preview:-1"},"canonical":"https:\/\/casinoreturn.com\/hu\/amerikai-futball-kanada-kezdoknek\/","og_locale":"hu_HU","og_type":"article","og_title":"Amerikai futball Kanada kezd\u0151knek - casinoreturn","og_description":"Az American Football Canada kezd\u0151knek az alapvet\u0151 American Football ABC vagy American Football Rules for Dummies. D\u0151lj\u00f6n h\u00e1tra \u00e9s \u00e9lvezze.","og_url":"https:\/\/casinoreturn.com\/hu\/amerikai-futball-kanada-kezdoknek\/","og_site_name":"casinoreturn","article_modified_time":"2025-02-12T12:54:15+00:00","og_image":[{"width":500,"height":500,"url":"https:\/\/casinoreturn.com\/wp-content\/uploads\/2024\/12\/Lucky-Days-casino.png","type":"image\/png"}],"twitter_card":"summary_large_image","twitter_misc":{"Becs\u00fclt olvas\u00e1si id\u0151":"9 perc"},"schema":{"@context":"https:\/\/schema.org","@graph":[{"@type":"WebPage","@id":"https:\/\/casinoreturn.com\/hu\/amerikai-futball-kanada-kezdoknek\/","url":"https:\/\/casinoreturn.com\/hu\/amerikai-futball-kanada-kezdoknek\/","name":"Amerikai futball Kanada kezd\u0151knek - casinoreturn","isPartOf":{"@id":"https:\/\/casinoreturn.com\/#website"},"primaryImageOfPage":{"@id":"https:\/\/casinoreturn.com\/hu\/amerikai-futball-kanada-kezdoknek\/#primaryimage"},"image":{"@id":"https:\/\/casinoreturn.com\/hu\/amerikai-futball-kanada-kezdoknek\/#primaryimage"},"thumbnailUrl":"https:\/\/casinoreturn.com\/wp-content\/uploads\/2024\/12\/Lucky-Days-casino-300x300.png","datePublished":"2024-11-03T10:12:19+00:00","dateModified":"2025-02-12T12:54:15+00:00","description":"Az American Football Canada kezd\u0151knek az alapvet\u0151 American Football ABC vagy American Football Rules for Dummies. D\u0151lj\u00f6n h\u00e1tra \u00e9s \u00e9lvezze.","breadcrumb":{"@id":"https:\/\/casinoreturn.com\/hu\/amerikai-futball-kanada-kezdoknek\/#breadcrumb"},"inLanguage":"hu","potentialAction":[{"@type":"ReadAction","target":["https:\/\/casinoreturn.com\/hu\/amerikai-futball-kanada-kezdoknek\/"]}]},{"@type":"ImageObject","inLanguage":"hu","@id":"https:\/\/casinoreturn.com\/hu\/amerikai-futball-kanada-kezdoknek\/#primaryimage","url":"https:\/\/casinoreturn.com\/wp-content\/uploads\/2024\/12\/Lucky-Days-casino-300x300.png","contentUrl":"https:\/\/casinoreturn.com\/wp-content\/uploads\/2024\/12\/Lucky-Days-casino-300x300.png"},{"@type":"BreadcrumbList","@id":"https:\/\/casinoreturn.com\/hu\/amerikai-futball-kanada-kezdoknek\/#breadcrumb","itemListElement":[{"@type":"ListItem","position":1,"name":"Home","item":"https:\/\/casinoreturn.com\/hu\/home\/"},{"@type":"ListItem","position":2,"name":"Amerikai futball Kanada kezd\u0151knek"}]},{"@type":"WebSite","@id":"https:\/\/casinoreturn.com\/#website","url":"https:\/\/casinoreturn.com\/","name":"casinoreturn","description":"","publisher":{"@id":"https:\/\/casinoreturn.com\/#organization"},"potentialAction":[{"@type":"SearchAction","target":{"@type":"EntryPoint","urlTemplate":"https:\/\/casinoreturn.com\/?s={search_term_string}"},"query-input":{"@type":"PropertyValueSpecification","valueRequired":true,"valueName":"search_term_string"}}],"inLanguage":"hu"},{"@type":"Organization","@id":"https:\/\/casinoreturn.com\/#organization","name":"casinoreturn","url":"https:\/\/casinoreturn.com\/","logo":{"@type":"ImageObject","inLanguage":"hu","@id":"https:\/\/casinoreturn.com\/#\/schema\/logo\/image\/","url":"https:\/\/casinoreturn.com\/wp-content\/uploads\/2024\/09\/animal-favicon.png","contentUrl":"https:\/\/casinoreturn.com\/wp-content\/uploads\/2024\/09\/animal-favicon.png","width":92,"height":92,"caption":"casinoreturn"},"image":{"@id":"https:\/\/casinoreturn.com\/#\/schema\/logo\/image\/"}}]}},"_links":{"self":[{"href":"https:\/\/casinoreturn.com\/hu\/wp-json\/wp\/v2\/pages\/4988","targetHints":{"allow":["GET"]}}],"collection":[{"href":"https:\/\/casinoreturn.com\/hu\/wp-json\/wp\/v2\/pages"}],"about":[{"href":"https:\/\/casinoreturn.com\/hu\/wp-json\/wp\/v2\/types\/page"}],"author":[{"embeddable":true,"href":"https:\/\/casinoreturn.com\/hu\/wp-json\/wp\/v2\/users\/1"}],"replies":[{"embeddable":true,"href":"https:\/\/casinoreturn.com\/hu\/wp-json\/wp\/v2\/comments?post=4988"}],"version-history":[{"count":2,"href":"https:\/\/casinoreturn.com\/hu\/wp-json\/wp\/v2\/pages\/4988\/revisions"}],"predecessor-version":[{"id":7861,"href":"https:\/\/casinoreturn.com\/hu\/wp-json\/wp\/v2\/pages\/4988\/revisions\/7861"}],"wp:attachment":[{"href":"https:\/\/casinoreturn.com\/hu\/wp-json\/wp\/v2\/media?parent=4988"}],"curies":[{"name":"wp","href":"https:\/\/api.w.org\/{rel}","templated":true}]}}