{"id":5010,"date":"2024-11-13T17:29:31","date_gmt":"2024-11-13T17:29:31","guid":{"rendered":"https:\/\/casinoreturn.com\/online-keno-szabalyok\/"},"modified":"2024-12-04T13:39:20","modified_gmt":"2024-12-04T13:39:20","slug":"online-keno-szabalyok","status":"publish","type":"page","link":"https:\/\/casinoreturn.com\/hu\/online-keno-szabalyok\/","title":{"rendered":"Online Ken\u00f3 szab\u00e1lyok"},"content":{"rendered":"\t\t<div data-elementor-type=\"wp-page\" data-elementor-id=\"5010\" class=\"elementor elementor-5010\" data-elementor-post-type=\"page\">\n\t\t\t\t<div class=\"elementor-element elementor-element-e950284 e-con-full e-flex e-con e-parent\" data-id=\"e950284\" data-element_type=\"container\">\n\t\t\t\t<div class=\"elementor-element elementor-element-274b4dc elementor-widget elementor-widget-image\" data-id=\"274b4dc\" data-element_type=\"widget\" data-widget_type=\"image.default\">\n\t\t\t\t<div class=\"elementor-widget-container\">\n\t\t\t\t\t\t\t\t\t\t\t\t\t\t\t<img decoding=\"async\" width=\"200\" height=\"200\" src=\"https:\/\/casinoreturn.com\/wp-content\/uploads\/2024\/11\/Online-Keno-Rules.png\" class=\"attachment-large size-large wp-image-3310\" alt=\"Online Keno Rules\" srcset=\"https:\/\/casinoreturn.com\/wp-content\/uploads\/2024\/11\/Online-Keno-Rules.png 200w, https:\/\/casinoreturn.com\/wp-content\/uploads\/2024\/11\/Online-Keno-Rules-150x150.png 150w\" sizes=\"(max-width: 200px) 100vw, 200px\" \/>\t\t\t\t\t\t\t\t\t\t\t\t\t\t\t<\/div>\n\t\t\t\t<\/div>\n\t\t\t\t<div class=\"elementor-element elementor-element-c6bc008 elementor-widget elementor-widget-heading\" data-id=\"c6bc008\" data-element_type=\"widget\" data-widget_type=\"heading.default\">\n\t\t\t\t<div class=\"elementor-widget-container\">\n\t\t\t\t\t<h2 class=\"elementor-heading-title elementor-size-default\">Online Ken\u00f3 szab\u00e1lyok \u00e9s Ken\u00f3 strat\u00e9gi\u00e1k<\/h2>\t\t\t\t<\/div>\n\t\t\t\t<\/div>\n\t\t\t\t<div class=\"elementor-element elementor-element-04d6c59 elementor-widget elementor-widget-text-editor\" data-id=\"04d6c59\" data-element_type=\"widget\" data-widget_type=\"text-editor.default\">\n\t\t\t\t<div class=\"elementor-widget-container\">\n\t\t\t\t\t\t\t\t\t<p><strong>Online Ken\u00f3 szab\u00e1lyok \u00e9s t\u00f6rt\u00e9nete<\/strong><\/p>\n<p>A K\u00edn\u00e1ban l\u00e9trehozott Keno j\u00e1t\u00e9kot k\u00ednai bev\u00e1ndorl\u00f3k hozt\u00e1k az Egyes\u00fclt \u00c1llamokba az 1800-as \u00e9vek v\u00e9g\u00e9n. A Ken\u00f3t eredetileg 80 k\u00ednai karakterrel j\u00e1tszott\u00e1k, amit k\u00e9s\u0151bb az Egyes\u00fclt \u00c1llamokban 80 arab sz\u00e1mjegy v\u00e1ltott fel. <\/p>\n<p><strong>Ken\u00f3 nev\u0171 versenyl\u00f3!<\/strong><\/p>\n<p>Nevad\u00e1ban egy bizonyos ideig az egyes sz\u00e1mokat a versenyl\u00f3 nev\u00e9vel egy\u00fctt c\u00edmezt\u00e9k. Ennek eredm\u00e9nyek\u00e9ppen a j\u00e1t\u00e9k &#8222;Racehorse Keno&#8221; n\u00e9ven v\u00e1lt ismertt\u00e9. &#8221; 1951-ben a lovak nev\u00e9t visszavont\u00e1k. Ennek egyik oka az volt, hogy ad\u00f3t vetettek ki a versenyp\u00e1ly\u00e1n k\u00edv\u00fcli fogad\u00e1sokra. \u00c9rtelemszer\u0171en az akkori \u00fczemeltet\u0151k nem akart\u00e1k \u00f6sszekeverni a j\u00e1t\u00e9kot a klasszikus l\u00f3fogad\u00e1ssal. Napjainkban m\u00e9g mindig megtal\u00e1lhat\u00f3k a ken\u00f3 versenyl\u00f3 j\u00e1t\u00e9k maradv\u00e1nyai. Ha ut\u00e1nan\u00e9zel a dolognak, \u00e9szreveheted, hogy sok j\u00e1t\u00e9kot m\u00e9g mindig &#8222;versenyl\u00f3nak&#8221; neveznek, ha egyszerre t\u00f6bb j\u00e1t\u00e9kra fogadsz. \u00cdgy egyn\u00e9l t\u00f6bb futamra veszel szelv\u00e9nyt.      <\/p>\n\t\t\t\t\t\t\t\t<\/div>\n\t\t\t\t<\/div>\n\t\t\t\t<div class=\"elementor-element elementor-element-c14ad00 elementor-widget elementor-widget-heading\" data-id=\"c14ad00\" data-element_type=\"widget\" data-widget_type=\"heading.default\">\n\t\t\t\t<div class=\"elementor-widget-container\">\n\t\t\t\t\t<h3 class=\"elementor-heading-title elementor-size-default\">Hogyan kell ken\u00f3zni?<\/h3>\t\t\t\t<\/div>\n\t\t\t\t<\/div>\n\t\t\t\t<div class=\"elementor-element elementor-element-1f3affb elementor-widget elementor-widget-text-editor\" data-id=\"1f3affb\" data-element_type=\"widget\" data-widget_type=\"text-editor.default\">\n\t\t\t\t<div class=\"elementor-widget-container\">\n\t\t\t\t\t\t\t\t\t<p>A j\u00e1t\u00e9k k\u00f6nnyen \u00e9rthet\u0151 \u00e9s j\u00e1tszhat\u00f3, \u00edgy kiv\u00e1l\u00f3 lehet\u0151s\u00e9g a kezd\u0151 online j\u00e1t\u00e9kosok sz\u00e1m\u00e1ra. A Ken\u00f3 j\u00e1t\u00e9k sor\u00e1n egy vagy t\u00f6bb sz\u00e1mot v\u00e1laszthat ki a 80 sz\u00e1mjegyb\u0151l \u00e1ll\u00f3 mez\u0151b\u0151l. A c\u00e9l az, hogy a kiv\u00e1lasztott sz\u00e1mok egyike megegyezzen a h\u00edvott sz\u00e1mokkal, \u00e9s \u00edgy a t\u00e9ted nyerjen.  <\/p>\n<p>Manaps\u00e1g az online j\u00e1t\u00e9ktermekben, mint p\u00e9ld\u00e1ul a Digibet, a sz\u00e1mok v\u00e9letlenszer\u0171en ker\u00fclnek kiv\u00e1laszt\u00e1sra az \u00fagynevezett RNG \u00e9rt\u00e9k seg\u00edts\u00e9g\u00e9vel. Ha helyesen v\u00e1lasztasz ki egy sz\u00e1mot, \u00e9s az megegyezik a h\u00edvott sz\u00e1mmal, akkor ezt a ken\u00f3ban &#8222;fog\u00e1snak&#8221; is nevezik. <\/p>\n<p>Ha m\u00e1r kiv\u00e1lasztotta a j\u00e1t\u00e9kot, \u00e9rdemes el\u0151sz\u00f6r egy online j\u00e1t\u00e9kterem, majd egy online ken\u00f3j\u00e1t\u00e9kot v\u00e1lasztani. A k\u00f6vetkez\u0151 l\u00e9p\u00e9sben v\u00e1lassza ki azokat a sz\u00e1mokat, amelyekre fogadni szeretne, \u00e9s v\u00e1rja meg, hogy h\u00edvj\u00e1k \u0151ket. <\/p>\n\t\t\t\t\t\t\t\t<\/div>\n\t\t\t\t<\/div>\n\t\t\t\t<div class=\"elementor-element elementor-element-8424c0b elementor-widget elementor-widget-heading\" data-id=\"8424c0b\" data-element_type=\"widget\" data-widget_type=\"heading.default\">\n\t\t\t\t<div class=\"elementor-widget-container\">\n\t\t\t\t\t<h2 class=\"elementor-heading-title elementor-size-default\">Mik a Ken\u00f3 nyer\u00e9si es\u00e9lyei?<\/h2>\t\t\t\t<\/div>\n\t\t\t\t<\/div>\n\t\t\t\t<div class=\"elementor-element elementor-element-4c6c49a elementor-widget elementor-widget-text-editor\" data-id=\"4c6c49a\" data-element_type=\"widget\" data-widget_type=\"text-editor.default\">\n\t\t\t\t<div class=\"elementor-widget-container\">\n\t\t\t\t\t\t\t\t\t<p>A ken\u00f3 szint\u00e9n a klasszikus szerencsej\u00e1t\u00e9kok k\u00f6z\u00e9 tartozik. Ez azt jelenti, hogy kiv\u00e1laszthatja az \u00d6nnek tetsz\u0151 sz\u00e1mokat. Nem sz\u00e1m\u00edt, hogy melyik sz\u00e1mot v\u00e1lasztja, az es\u00e9lyek ugyanazok maradnak. Egy \u00e9rdekes pont, ami \u00e9rdekelheti \u00d6nt: Annak az es\u00e9lye, hogy mind a 20 sz\u00e1mot megnyerj\u00fck, pontosan 1:3,535,316,142,212,174,320-hoz. A tapasztalt j\u00e1t\u00e9kosok tudj\u00e1k, hogy a Ken\u00f3 j\u00e1t\u00e9kban a h\u00e1z el\u0151nye nagyon magas, k\u00f6r\u00fclbel\u00fcl 35%. Emiatt sok szerencsej\u00e1t\u00e9kos m\u00e1s j\u00e1t\u00e9kokat is v\u00e1laszt, ahol a j\u00e1t\u00e9kteremben alacsonyabb a h\u00e1zel\u0151ny.     <\/p>\n\t\t\t\t\t\t\t\t<\/div>\n\t\t\t\t<\/div>\n\t\t\t\t<div class=\"elementor-element elementor-element-81cfd46 elementor-widget elementor-widget-heading\" data-id=\"81cfd46\" data-element_type=\"widget\" data-widget_type=\"heading.default\">\n\t\t\t\t<div class=\"elementor-widget-container\">\n\t\t\t\t\t<h2 class=\"elementor-heading-title elementor-size-default\">Mekkora a nyer\u00e9si es\u00e9lye az online ken\u00f3nak?<\/h2>\t\t\t\t<\/div>\n\t\t\t\t<\/div>\n\t\t\t\t<div class=\"elementor-element elementor-element-fa4acd0 elementor-widget elementor-widget-text-editor\" data-id=\"fa4acd0\" data-element_type=\"widget\" data-widget_type=\"text-editor.default\">\n\t\t\t\t<div class=\"elementor-widget-container\">\n\t\t\t\t\t\t\t\t\t<p>Ahhoz, hogy meg\u00e9rtse a Ken\u00f3 nyer\u00e9si es\u00e9lyeit, el\u0151sz\u00f6r is teljes m\u00e9rt\u00e9kben meg kell \u00e9rtenie a kombinatorikus f\u00fcggv\u00e9nyt. Egy lott\u00f3j\u00e1t\u00e9kban p\u00e9ld\u00e1ul a j\u00e1t\u00e9kos 49 sz\u00e1mb\u00f3l 6 sz\u00e1mot v\u00e1laszt ki. Ezut\u00e1n a lott\u00f3 6 sz\u00e1mot h\u00faz a 49-b\u0151l, \u00e9s ha mind a 6 sz\u00e1m egyezik (a sorrend nem sz\u00e1m\u00edt), a j\u00e1t\u00e9kos nyer. Ha nem tudja, hogy a nyer\u00e9si es\u00e9ly 1:13 983 816, akkor a folytat\u00e1s el\u0151tt ellen\u0151rizze a kombin\u00e1tor funkci\u00f3t. A ken\u00f3j\u00e1t\u00e9kban a nyer\u0151g\u00e9p a 80 sz\u00e1mb\u00f3l 20-at h\u00faz ki a 80 sz\u00e1mb\u00f3l, csere n\u00e9lk\u00fcl. El\u0151zetesen a j\u00e1t\u00e9kosok 1-15 (vagy t\u00f6bb) sz\u00e1mot h\u00fazhatnak. A &#8222;fog\u00e1s&#8221; az a sz\u00e1m, amelyet a j\u00e1t\u00e9kos t\u00e1rcs\u00e1zik \u00e9s kih\u00faz a j\u00e1t\u00e9kk\u00f6nyvt\u00e1rb\u00f3l. A &#8222;Miss&#8221; a j\u00e1t\u00e9kos \u00e1ltal kiv\u00e1lasztott sz\u00e1m, amelyet nem a j\u00e1t\u00e9kk\u00f6nyvt\u00e1rb\u00f3l h\u00faz ki. A j\u00e1t\u00e9kosok a kih\u00fazott \u00e9s elkapott sz\u00e1mok sz\u00e1ma alapj\u00e1n kapnak fizet\u00e9st.        <\/p>\n<p>Kombin\u00e1ci\u00f3k (80. 20) = 3,535,316,316,142,212,180,000 lehet\u0151s\u00e9g Hogyan h\u00faz a kaszin\u00f3 80 sz\u00e1mb\u00f3l 20-at? Sok sz\u00e1mol\u00f3g\u00e9p nem t\u00e1mogatja az ilyen nagy sz\u00e1mokat. A kombin\u00e1ci\u00f3 m\u00e9ret\u00e9nek cs\u00f6kkent\u00e9se \u00e9rdek\u00e9ben felt\u00e9telezz\u00fck, hogy a j\u00e1t\u00e9kk\u00f6nyvt\u00e1r el\u0151sz\u00f6r a nyerem\u00e9nyeket sorsolja ki, de a sz\u00e1mokat titokban tartja, \u00e9s a j\u00e1t\u00e9kosok megpr\u00f3b\u00e1lnak megfelelni a m\u00e1r kih\u00fazott sz\u00e1moknak.  <\/p>\n\t\t\t\t\t\t\t\t<\/div>\n\t\t\t\t<\/div>\n\t\t\t\t<div class=\"elementor-element elementor-element-ddd17b4 elementor-widget elementor-widget-heading\" data-id=\"ddd17b4\" data-element_type=\"widget\" data-widget_type=\"heading.default\">\n\t\t\t\t<div class=\"elementor-widget-container\">\n\t\t\t\t\t<h2 class=\"elementor-heading-title elementor-size-default\">Online Ken\u00f3 t\u00edpusok - Egyj\u00e1t\u00e9kos Ken\u00f3:<\/h2>\t\t\t\t<\/div>\n\t\t\t\t<\/div>\n\t\t\t\t<div class=\"elementor-element elementor-element-6082c88 elementor-widget elementor-widget-text-editor\" data-id=\"6082c88\" data-element_type=\"widget\" data-widget_type=\"text-editor.default\">\n\t\t\t\t<div class=\"elementor-widget-container\">\n\t\t\t\t\t\t\t\t\t<p>Egyj\u00e1t\u00e9kos Ken\u00f3: Ezut\u00e1n a nyerem\u00e9nyt be kell szereznie, miel\u0151tt \u00fajabb j\u00e1t\u00e9kot kezdene, k\u00fcl\u00f6nben elvesz\u00edtheti a j\u00e1t\u00e9kot. A sz\u00e1razf\u00f6ldi kaszin\u00f3kban csak k\u00f6r\u00fclbel\u00fcl \u00f6t perc telik el egy ken\u00f3j\u00e1t\u00e9k v\u00e9ge \u00e9s a k\u00f6vetkez\u0151 ken\u00f3j\u00e1t\u00e9k kezdete k\u00f6z\u00f6tt. Ha \u00d6n nem adja le id\u0151ben a sorsjegy\u00e9t, \u00e1ltal\u00e1ban elvesz\u00edti a nyerem\u00e9ny\u00e9t. Ez\u00e9rt fejlesztette ki a j\u00e1t\u00e9kt\u00e1r a Multi-Race Ken\u00f3t, amely lehet\u0151v\u00e9 teszi, hogy egym\u00e1s ut\u00e1n t\u00f6bb ken\u00f3j\u00e1t\u00e9kot j\u00e1tsszon an\u00e9lk\u00fcl, hogy minden j\u00e1t\u00e9k v\u00e9g\u00e9n fel kellene \u00e1llnia. B\u00f3nusz.    <\/p>\n<p>Ken\u00f3 t\u00f6bb futammal\/ A Multi Keno nyer\u0151 val\u00f3sz\u00edn\u0171s\u00e9ge<\/p>\n\t\t\t\t\t\t\t\t<\/div>\n\t\t\t\t<\/div>\n\t\t\t\t<div class=\"elementor-element elementor-element-90e71a5 elementor-widget elementor-widget-heading\" data-id=\"90e71a5\" data-element_type=\"widget\" data-widget_type=\"heading.default\">\n\t\t\t\t<div class=\"elementor-widget-container\">\n\t\t\t\t\t<h3 class=\"elementor-heading-title elementor-size-default\">Ken\u00f3 kifizet\u00e9sek<\/h3>\t\t\t\t<\/div>\n\t\t\t\t<\/div>\n\t\t\t\t<div class=\"elementor-element elementor-element-4de6a37 elementor-widget elementor-widget-text-editor\" data-id=\"4de6a37\" data-element_type=\"widget\" data-widget_type=\"text-editor.default\">\n\t\t\t\t<div class=\"elementor-widget-container\">\n\t\t\t\t\t\t\t\t\t<p>A t\u00f6bbfutam\u00fa ken\u00f3hoz ugyanazt a sz\u00e1mot kell megj\u00e1tszania egy sor egym\u00e1st k\u00f6vet\u0151 j\u00e1t\u00e9kban, 2 \u00e9s 20 j\u00e1t\u00e9k k\u00f6z\u00f6tt, \u00e9s (\u00e1ltal\u00e1ban) csak a sorozat utols\u00f3 j\u00e1t\u00e9ka ut\u00e1n ig\u00e9nyelheti nyerem\u00e9ny\u00e9t. Emellett minden egyes j\u00e1t\u00e9kn\u00e1l be kell fizetnie a minim\u00e1lis \u00f6sszeget. P\u00e9ld\u00e1ul egy 15 j\u00e1t\u00e9kb\u00f3l \u00e1ll\u00f3 ken\u00f3j\u00e1t\u00e9k\u00e9rt 2,30 eur\u00f3t kell fizetnie.  <\/p>\n\t\t\t\t\t\t\t\t<\/div>\n\t\t\t\t<\/div>\n\t\t\t\t<div class=\"elementor-element elementor-element-04b4d1b elementor-widget elementor-widget-heading\" data-id=\"04b4d1b\" data-element_type=\"widget\" data-widget_type=\"heading.default\">\n\t\t\t\t<div class=\"elementor-widget-container\">\n\t\t\t\t\t<h3 class=\"elementor-heading-title elementor-size-default\">Ken\u00f3 tippek \u00e9s tr\u00fckk\u00f6k:<\/h3>\t\t\t\t<\/div>\n\t\t\t\t<\/div>\n\t\t\t\t<div class=\"elementor-element elementor-element-b3019bf elementor-widget elementor-widget-text-editor\" data-id=\"b3019bf\" data-element_type=\"widget\" data-widget_type=\"text-editor.default\">\n\t\t\t\t<div class=\"elementor-widget-container\">\n\t\t\t\t\t\t\t\t\t<p>A ken\u00f3 egy tiszta szerencsej\u00e1t\u00e9k. Nincs igazi &#8222;strat\u00e9gia&#8221;, amely jav\u00edtan\u00e1 a sz\u00e1mok kih\u00faz\u00e1s\u00e1nak es\u00e9lyeit. N\u00f6velheti azonban nyerem\u00e9ny\u00e9t, ha kevesebb sz\u00e1mot v\u00e1laszt, \u00e9s rem\u00e9li, hogy a helyes ken\u00f3sz\u00e1mok nagyobb sz\u00e1zal\u00e9k\u00e1t v\u00e1lasztja ki.  <\/p>\n<p>Kezdetnek \u00e9rdemes a Keno ingyenes online verzi\u00f3j\u00e1t j\u00e1tszani egy <a href=\"https:\/\/casinoreturn.com\/hu\/demo-kaszino-nyerogepek\/\">Keno dem\u00f3 verzi\u00f3ban<\/a>. \u00cdgy megtapasztalhatod az online j\u00e1t\u00e9kt\u00e1rat, \u00e9s ha ingyen j\u00e1tszol, akkor k\u00fcl\u00f6nb\u00f6z\u0151 online ken\u00f3 v\u00e1ltozatokat is kipr\u00f3b\u00e1lhatsz. A legt\u00f6bb nyer\u0151g\u00e9pnek van ingyenes v\u00e1ltozata vagy gyakorl\u00f3 \u00fczemm\u00f3dja. Ennek c\u00e9lja, hogy az \u00faj j\u00e1t\u00e9kosok an\u00e9lk\u00fcl j\u00e1tszhassanak a j\u00e1t\u00e9kkal, hogy val\u00f3di p\u00e9nzzel kellene j\u00e1tszaniuk. Amint megismerkedt\u00e9l az online platformmal, elkezdhetsz val\u00f3di p\u00e9nzes ken\u00f3 j\u00e1t\u00e9kokat j\u00e1tszani. A sz\u00f3rakoz\u00e1s maximaliz\u00e1l\u00e1sa \u00e9rdek\u00e9ben ne feledje, hogy nagyon figyeljen az egyenleg\u00e9re, \u00e9s soha ne tegyen t\u00f6bbet, mint amennyit hajland\u00f3 elvesz\u00edteni. A ken\u00f3ban el\u0151fordulhat, hogy t\u00f6bb j\u00e1t\u00e9kot is szeretne j\u00e1tszani, ez\u00e9rt a sz\u00f3rakoz\u00e1s fenntart\u00e1sa \u00e9rdek\u00e9ben ennek megfelel\u0151en fogadjon. A j\u00e1t\u00e9kk\u00f6nyvt\u00e1rban tal\u00e1lhat\u00f3 k\u00fcl\u00f6nb\u00f6z\u0151 b\u00f3nuszaj\u00e1nlatokat is meg kell n\u00e9znie, amelyek n\u00f6velhetik a sz\u00f3rakoz\u00e1s \u00e9rt\u00e9k\u00e9t. Amit nem szabad elfelejtenie, hogy a ken\u00f3 egy szerencsej\u00e1t\u00e9k. Ez az \u00d6n sz\u00e1m\u00e1ra azt jelenti, hogy a nyer\u00e9si es\u00e9lyek mindig hasonl\u00f3ak lesznek.         <\/p>\n\t\t\t\t\t\t\t\t<\/div>\n\t\t\t\t<\/div>\n\t\t\t\t<\/div>\n\t\t\t\t<\/div>\n\t\t","protected":false},"excerpt":{"rendered":"<p>Online Ken\u00f3 szab\u00e1lyok \u00e9s Ken\u00f3 strat\u00e9gi\u00e1k Online Ken\u00f3 szab\u00e1lyok \u00e9s t\u00f6rt\u00e9nete A K\u00edn\u00e1ban l\u00e9trehozott Keno j\u00e1t\u00e9kot k\u00ednai bev\u00e1ndorl\u00f3k hozt\u00e1k az Egyes\u00fclt \u00c1llamokba az 1800-as \u00e9vek v\u00e9g\u00e9n. A Ken\u00f3t eredetileg 80 k\u00ednai karakterrel j\u00e1tszott\u00e1k, amit k\u00e9s\u0151bb az Egyes\u00fclt \u00c1llamokban 80 arab sz\u00e1mjegy v\u00e1ltott fel. Ken\u00f3 nev\u0171 versenyl\u00f3! Nevad\u00e1ban egy bizonyos ideig az egyes sz\u00e1mokat a versenyl\u00f3 [&hellip;]<\/p>\n","protected":false},"author":1,"featured_media":0,"parent":0,"menu_order":0,"comment_status":"closed","ping_status":"closed","template":"","meta":{"footnotes":""},"class_list":["post-5010","page","type-page","status-publish","hentry"],"blocksy_meta":[],"acf":[],"yoast_head":"<!-- This site is optimized with the Yoast SEO plugin v24.1 - https:\/\/yoast.com\/wordpress\/plugins\/seo\/ -->\n<title>Online Ken\u00f3 szab\u00e1lyok - casinoreturn<\/title>\n<meta name=\"description\" content=\"Online Ken\u00f3 szab\u00e1lyok \u00e9s t\u00f6rt\u00e9nete. Az ut\u00f3bbi \u00e9vek egyik legn\u00e9pszer\u0171bb j\u00e1t\u00e9ka. Csatlakozzon hozz\u00e1nk, \u00e9s olvasson t\u00f6bbet a strat\u00e9gi\u00e1kr\u00f3l \u00e9s a Keno strat\u00e9gi\u00e1kr\u00f3l.\" \/>\n<meta name=\"robots\" content=\"index, follow, max-snippet:-1, max-image-preview:large, max-video-preview:-1\" \/>\n<link rel=\"canonical\" href=\"https:\/\/casinoreturn.com\/hu\/online-keno-szabalyok\/\" \/>\n<meta property=\"og:locale\" content=\"hu_HU\" \/>\n<meta property=\"og:type\" content=\"article\" \/>\n<meta property=\"og:title\" content=\"Online Ken\u00f3 szab\u00e1lyok - casinoreturn\" \/>\n<meta property=\"og:description\" content=\"Online Ken\u00f3 szab\u00e1lyok \u00e9s t\u00f6rt\u00e9nete. Az ut\u00f3bbi \u00e9vek egyik legn\u00e9pszer\u0171bb j\u00e1t\u00e9ka. Csatlakozzon hozz\u00e1nk, \u00e9s olvasson t\u00f6bbet a strat\u00e9gi\u00e1kr\u00f3l \u00e9s a Keno strat\u00e9gi\u00e1kr\u00f3l.\" \/>\n<meta property=\"og:url\" content=\"https:\/\/casinoreturn.com\/hu\/online-keno-szabalyok\/\" \/>\n<meta property=\"og:site_name\" content=\"casinoreturn\" \/>\n<meta property=\"article:modified_time\" content=\"2024-12-04T13:39:20+00:00\" \/>\n<meta property=\"og:image\" content=\"https:\/\/casinoreturn.com\/wp-content\/uploads\/2024\/11\/Online-Keno-Rules.png\" \/>\n\t<meta property=\"og:image:width\" content=\"200\" \/>\n\t<meta property=\"og:image:height\" content=\"200\" \/>\n\t<meta property=\"og:image:type\" content=\"image\/png\" \/>\n<meta name=\"twitter:card\" content=\"summary_large_image\" \/>\n<meta name=\"twitter:label1\" content=\"Becs\u00fclt olvas\u00e1si id\u0151\" \/>\n\t<meta name=\"twitter:data1\" content=\"6 perc\" \/>\n<script type=\"application\/ld+json\" class=\"yoast-schema-graph\">{\"@context\":\"https:\/\/schema.org\",\"@graph\":[{\"@type\":\"WebPage\",\"@id\":\"https:\/\/casinoreturn.com\/hu\/online-keno-szabalyok\/\",\"url\":\"https:\/\/casinoreturn.com\/hu\/online-keno-szabalyok\/\",\"name\":\"Online Ken\u00f3 szab\u00e1lyok - casinoreturn\",\"isPartOf\":{\"@id\":\"https:\/\/casinoreturn.com\/#website\"},\"primaryImageOfPage\":{\"@id\":\"https:\/\/casinoreturn.com\/hu\/online-keno-szabalyok\/#primaryimage\"},\"image\":{\"@id\":\"https:\/\/casinoreturn.com\/hu\/online-keno-szabalyok\/#primaryimage\"},\"thumbnailUrl\":\"https:\/\/casinoreturn.com\/wp-content\/uploads\/2024\/11\/Online-Keno-Rules.png\",\"datePublished\":\"2024-11-13T17:29:31+00:00\",\"dateModified\":\"2024-12-04T13:39:20+00:00\",\"description\":\"Online Ken\u00f3 szab\u00e1lyok \u00e9s t\u00f6rt\u00e9nete. Az ut\u00f3bbi \u00e9vek egyik legn\u00e9pszer\u0171bb j\u00e1t\u00e9ka. Csatlakozzon hozz\u00e1nk, \u00e9s olvasson t\u00f6bbet a strat\u00e9gi\u00e1kr\u00f3l \u00e9s a Keno strat\u00e9gi\u00e1kr\u00f3l.\",\"breadcrumb\":{\"@id\":\"https:\/\/casinoreturn.com\/hu\/online-keno-szabalyok\/#breadcrumb\"},\"inLanguage\":\"hu\",\"potentialAction\":[{\"@type\":\"ReadAction\",\"target\":[\"https:\/\/casinoreturn.com\/hu\/online-keno-szabalyok\/\"]}]},{\"@type\":\"ImageObject\",\"inLanguage\":\"hu\",\"@id\":\"https:\/\/casinoreturn.com\/hu\/online-keno-szabalyok\/#primaryimage\",\"url\":\"https:\/\/casinoreturn.com\/wp-content\/uploads\/2024\/11\/Online-Keno-Rules.png\",\"contentUrl\":\"https:\/\/casinoreturn.com\/wp-content\/uploads\/2024\/11\/Online-Keno-Rules.png\"},{\"@type\":\"BreadcrumbList\",\"@id\":\"https:\/\/casinoreturn.com\/hu\/online-keno-szabalyok\/#breadcrumb\",\"itemListElement\":[{\"@type\":\"ListItem\",\"position\":1,\"name\":\"Home\",\"item\":\"https:\/\/casinoreturn.com\/hu\/home\/\"},{\"@type\":\"ListItem\",\"position\":2,\"name\":\"Online Ken\u00f3 szab\u00e1lyok\"}]},{\"@type\":\"WebSite\",\"@id\":\"https:\/\/casinoreturn.com\/#website\",\"url\":\"https:\/\/casinoreturn.com\/\",\"name\":\"casinoreturn\",\"description\":\"\",\"publisher\":{\"@id\":\"https:\/\/casinoreturn.com\/#organization\"},\"potentialAction\":[{\"@type\":\"SearchAction\",\"target\":{\"@type\":\"EntryPoint\",\"urlTemplate\":\"https:\/\/casinoreturn.com\/?s={search_term_string}\"},\"query-input\":{\"@type\":\"PropertyValueSpecification\",\"valueRequired\":true,\"valueName\":\"search_term_string\"}}],\"inLanguage\":\"hu\"},{\"@type\":\"Organization\",\"@id\":\"https:\/\/casinoreturn.com\/#organization\",\"name\":\"casinoreturn\",\"url\":\"https:\/\/casinoreturn.com\/\",\"logo\":{\"@type\":\"ImageObject\",\"inLanguage\":\"hu\",\"@id\":\"https:\/\/casinoreturn.com\/#\/schema\/logo\/image\/\",\"url\":\"https:\/\/casinoreturn.com\/wp-content\/uploads\/2024\/09\/animal-favicon.png\",\"contentUrl\":\"https:\/\/casinoreturn.com\/wp-content\/uploads\/2024\/09\/animal-favicon.png\",\"width\":92,\"height\":92,\"caption\":\"casinoreturn\"},\"image\":{\"@id\":\"https:\/\/casinoreturn.com\/#\/schema\/logo\/image\/\"}}]}<\/script>\n<!-- \/ Yoast SEO plugin. -->","yoast_head_json":{"title":"Online Ken\u00f3 szab\u00e1lyok - casinoreturn","description":"Online Ken\u00f3 szab\u00e1lyok \u00e9s t\u00f6rt\u00e9nete. Az ut\u00f3bbi \u00e9vek egyik legn\u00e9pszer\u0171bb j\u00e1t\u00e9ka. Csatlakozzon hozz\u00e1nk, \u00e9s olvasson t\u00f6bbet a strat\u00e9gi\u00e1kr\u00f3l \u00e9s a Keno strat\u00e9gi\u00e1kr\u00f3l.","robots":{"index":"index","follow":"follow","max-snippet":"max-snippet:-1","max-image-preview":"max-image-preview:large","max-video-preview":"max-video-preview:-1"},"canonical":"https:\/\/casinoreturn.com\/hu\/online-keno-szabalyok\/","og_locale":"hu_HU","og_type":"article","og_title":"Online Ken\u00f3 szab\u00e1lyok - casinoreturn","og_description":"Online Ken\u00f3 szab\u00e1lyok \u00e9s t\u00f6rt\u00e9nete. Az ut\u00f3bbi \u00e9vek egyik legn\u00e9pszer\u0171bb j\u00e1t\u00e9ka. Csatlakozzon hozz\u00e1nk, \u00e9s olvasson t\u00f6bbet a strat\u00e9gi\u00e1kr\u00f3l \u00e9s a Keno strat\u00e9gi\u00e1kr\u00f3l.","og_url":"https:\/\/casinoreturn.com\/hu\/online-keno-szabalyok\/","og_site_name":"casinoreturn","article_modified_time":"2024-12-04T13:39:20+00:00","og_image":[{"width":200,"height":200,"url":"https:\/\/casinoreturn.com\/wp-content\/uploads\/2024\/11\/Online-Keno-Rules.png","type":"image\/png"}],"twitter_card":"summary_large_image","twitter_misc":{"Becs\u00fclt olvas\u00e1si id\u0151":"6 perc"},"schema":{"@context":"https:\/\/schema.org","@graph":[{"@type":"WebPage","@id":"https:\/\/casinoreturn.com\/hu\/online-keno-szabalyok\/","url":"https:\/\/casinoreturn.com\/hu\/online-keno-szabalyok\/","name":"Online Ken\u00f3 szab\u00e1lyok - casinoreturn","isPartOf":{"@id":"https:\/\/casinoreturn.com\/#website"},"primaryImageOfPage":{"@id":"https:\/\/casinoreturn.com\/hu\/online-keno-szabalyok\/#primaryimage"},"image":{"@id":"https:\/\/casinoreturn.com\/hu\/online-keno-szabalyok\/#primaryimage"},"thumbnailUrl":"https:\/\/casinoreturn.com\/wp-content\/uploads\/2024\/11\/Online-Keno-Rules.png","datePublished":"2024-11-13T17:29:31+00:00","dateModified":"2024-12-04T13:39:20+00:00","description":"Online Ken\u00f3 szab\u00e1lyok \u00e9s t\u00f6rt\u00e9nete. Az ut\u00f3bbi \u00e9vek egyik legn\u00e9pszer\u0171bb j\u00e1t\u00e9ka. Csatlakozzon hozz\u00e1nk, \u00e9s olvasson t\u00f6bbet a strat\u00e9gi\u00e1kr\u00f3l \u00e9s a Keno strat\u00e9gi\u00e1kr\u00f3l.","breadcrumb":{"@id":"https:\/\/casinoreturn.com\/hu\/online-keno-szabalyok\/#breadcrumb"},"inLanguage":"hu","potentialAction":[{"@type":"ReadAction","target":["https:\/\/casinoreturn.com\/hu\/online-keno-szabalyok\/"]}]},{"@type":"ImageObject","inLanguage":"hu","@id":"https:\/\/casinoreturn.com\/hu\/online-keno-szabalyok\/#primaryimage","url":"https:\/\/casinoreturn.com\/wp-content\/uploads\/2024\/11\/Online-Keno-Rules.png","contentUrl":"https:\/\/casinoreturn.com\/wp-content\/uploads\/2024\/11\/Online-Keno-Rules.png"},{"@type":"BreadcrumbList","@id":"https:\/\/casinoreturn.com\/hu\/online-keno-szabalyok\/#breadcrumb","itemListElement":[{"@type":"ListItem","position":1,"name":"Home","item":"https:\/\/casinoreturn.com\/hu\/home\/"},{"@type":"ListItem","position":2,"name":"Online Ken\u00f3 szab\u00e1lyok"}]},{"@type":"WebSite","@id":"https:\/\/casinoreturn.com\/#website","url":"https:\/\/casinoreturn.com\/","name":"casinoreturn","description":"","publisher":{"@id":"https:\/\/casinoreturn.com\/#organization"},"potentialAction":[{"@type":"SearchAction","target":{"@type":"EntryPoint","urlTemplate":"https:\/\/casinoreturn.com\/?s={search_term_string}"},"query-input":{"@type":"PropertyValueSpecification","valueRequired":true,"valueName":"search_term_string"}}],"inLanguage":"hu"},{"@type":"Organization","@id":"https:\/\/casinoreturn.com\/#organization","name":"casinoreturn","url":"https:\/\/casinoreturn.com\/","logo":{"@type":"ImageObject","inLanguage":"hu","@id":"https:\/\/casinoreturn.com\/#\/schema\/logo\/image\/","url":"https:\/\/casinoreturn.com\/wp-content\/uploads\/2024\/09\/animal-favicon.png","contentUrl":"https:\/\/casinoreturn.com\/wp-content\/uploads\/2024\/09\/animal-favicon.png","width":92,"height":92,"caption":"casinoreturn"},"image":{"@id":"https:\/\/casinoreturn.com\/#\/schema\/logo\/image\/"}}]}},"_links":{"self":[{"href":"https:\/\/casinoreturn.com\/hu\/wp-json\/wp\/v2\/pages\/5010","targetHints":{"allow":["GET"]}}],"collection":[{"href":"https:\/\/casinoreturn.com\/hu\/wp-json\/wp\/v2\/pages"}],"about":[{"href":"https:\/\/casinoreturn.com\/hu\/wp-json\/wp\/v2\/types\/page"}],"author":[{"embeddable":true,"href":"https:\/\/casinoreturn.com\/hu\/wp-json\/wp\/v2\/users\/1"}],"replies":[{"embeddable":true,"href":"https:\/\/casinoreturn.com\/hu\/wp-json\/wp\/v2\/comments?post=5010"}],"version-history":[{"count":1,"href":"https:\/\/casinoreturn.com\/hu\/wp-json\/wp\/v2\/pages\/5010\/revisions"}],"predecessor-version":[{"id":5011,"href":"https:\/\/casinoreturn.com\/hu\/wp-json\/wp\/v2\/pages\/5010\/revisions\/5011"}],"wp:attachment":[{"href":"https:\/\/casinoreturn.com\/hu\/wp-json\/wp\/v2\/media?parent=5010"}],"curies":[{"name":"wp","href":"https:\/\/api.w.org\/{rel}","templated":true}]}}