{"id":5054,"date":"2024-11-20T16:41:12","date_gmt":"2024-11-20T16:41:12","guid":{"rendered":"https:\/\/casinoreturn.com\/royal-flush-a-pokerben\/"},"modified":"2024-12-04T13:59:23","modified_gmt":"2024-12-04T13:59:23","slug":"royal-flush-a-pokerben","status":"publish","type":"page","link":"https:\/\/casinoreturn.com\/hu\/royal-flush-a-pokerben\/","title":{"rendered":"Royal Flush a p\u00f3kerben"},"content":{"rendered":"\t\t<div data-elementor-type=\"wp-page\" data-elementor-id=\"5054\" class=\"elementor elementor-5054\" data-elementor-post-type=\"page\">\n\t\t\t\t<div class=\"elementor-element elementor-element-544c1d6 e-con-full e-flex e-con e-parent\" data-id=\"544c1d6\" data-element_type=\"container\">\n\t\t\t\t<div class=\"elementor-element elementor-element-7598f05 elementor-widget elementor-widget-heading\" data-id=\"7598f05\" data-element_type=\"widget\" data-widget_type=\"heading.default\">\n\t\t\t\t<div class=\"elementor-widget-container\">\n\t\t\t\t\t<h2 class=\"elementor-heading-title elementor-size-default\">Royal Flush a p\u00f3kerben - \"Az az egy k\u00e9z a p\u00f3kerben\"<\/h2>\t\t\t\t<\/div>\n\t\t\t\t<\/div>\n\t\t\t\t<div class=\"elementor-element elementor-element-c8fb580 elementor-widget elementor-widget-image\" data-id=\"c8fb580\" data-element_type=\"widget\" data-widget_type=\"image.default\">\n\t\t\t\t<div class=\"elementor-widget-container\">\n\t\t\t\t\t\t\t\t\t\t\t\t\t\t\t<img fetchpriority=\"high\" decoding=\"async\" width=\"522\" height=\"360\" src=\"https:\/\/casinoreturn.com\/wp-content\/uploads\/2024\/11\/Royal-Flush-in-Poker.jpg\" class=\"attachment-large size-large wp-image-3699\" alt=\"creator-television-and-poker-world-tour-align\" srcset=\"https:\/\/casinoreturn.com\/wp-content\/uploads\/2024\/11\/Royal-Flush-in-Poker.jpg 522w, https:\/\/casinoreturn.com\/wp-content\/uploads\/2024\/11\/Royal-Flush-in-Poker-300x207.jpg 300w\" sizes=\"(max-width: 522px) 100vw, 522px\" \/>\t\t\t\t\t\t\t\t\t\t\t\t\t\t\t<\/div>\n\t\t\t\t<\/div>\n\t\t\t\t<div class=\"elementor-element elementor-element-4a45df4 elementor-widget elementor-widget-heading\" data-id=\"4a45df4\" data-element_type=\"widget\" data-widget_type=\"heading.default\">\n\t\t\t\t<div class=\"elementor-widget-container\">\n\t\t\t\t\t<h2 class=\"elementor-heading-title elementor-size-default\">Mi az a Royal Flush a p\u00f3kerben?<\/h2>\t\t\t\t<\/div>\n\t\t\t\t<\/div>\n\t\t\t\t<div class=\"elementor-element elementor-element-91fa191 elementor-button-success elementor-align-center elementor-widget elementor-widget-button\" data-id=\"91fa191\" data-element_type=\"widget\" data-widget_type=\"button.default\">\n\t\t\t\t<div class=\"elementor-widget-container\">\n\t\t\t\t\t\t\t\t\t<div class=\"elementor-button-wrapper\">\n\t\t\t\t\t<a class=\"elementor-button elementor-button-link elementor-size-sm\" href=\"https:\/\/casinoreturn.com\/hu\/online-poker-kaszinok\/\">\n\t\t\t\t\t\t<span class=\"elementor-button-content-wrapper\">\n\t\t\t\t\t\t\t\t\t<span class=\"elementor-button-text\">P\u00f3kerezz itt<\/span>\n\t\t\t\t\t<\/span>\n\t\t\t\t\t<\/a>\n\t\t\t\t<\/div>\n\t\t\t\t\t\t\t\t<\/div>\n\t\t\t\t<\/div>\n\t\t\t\t<div class=\"elementor-element elementor-element-ffeecd1 elementor-widget elementor-widget-text-editor\" data-id=\"ffeecd1\" data-element_type=\"widget\" data-widget_type=\"text-editor.default\">\n\t\t\t\t<div class=\"elementor-widget-container\">\n\t\t\t\t\t\t\t\t\t<p>A Royal Flush a p\u00f3kerben, a p\u00f3kerben minden kezek anyja. Ez a k\u00e1rty\u00e1k egy bizonyos kombin\u00e1ci\u00f3ja, amelyet a p\u00f3kerben lehet haszn\u00e1lni. Mint m\u00e1r eml\u00edtett\u00fck, nem ak\u00e1rmilyen kombin\u00e1ci\u00f3; mindig a legmagasabb \u00e9rt\u00e9k\u0171 kombin\u00e1ci\u00f3 nyer. A Royal Flush vagy Royal Flush \u00f6t egym\u00e1st k\u00f6vet\u0151 lapb\u00f3l \u00e1ll, p\u00e9ld\u00e1ul 6, 7, 8, 9 \u00e9s 10. A Royal Flush k\u00fcl\u00f6nlegess\u00e9ge, hogy a sor (m\u00e1s n\u00e9ven Straight vagy Street) a legmagasabb sorrend: 10, bubi, d\u00e1ma, kir\u00e1ly \u00e9s \u00e1sz, \u00e9s mintha ez nem lenne el\u00e9g, a Royal Flush k\u00e1rty\u00e1knak ugyanabb\u00f3l a sz\u00ednb\u0151l kell lenni\u00fck, f\u00fcggetlen\u00fcl att\u00f3l, hogy melyik sz\u00ednb\u0151l. Val\u00f3j\u00e1ban a Royal Flush a legjobb. A fl\u00f6ss mindig \u00f6t azonos sz\u00edn\u0171 lapb\u00f3l \u00e1ll. Ha teh\u00e1t ezek mind egy sz\u00edn legmagasabb lapjai, akkor Royal Flush-\u00fcnk van.       <\/p>\n\t\t\t\t\t\t\t\t<\/div>\n\t\t\t\t<\/div>\n\t\t\t\t<div class=\"elementor-element elementor-element-83611db elementor-widget elementor-widget-heading\" data-id=\"83611db\" data-element_type=\"widget\" data-widget_type=\"heading.default\">\n\t\t\t\t<div class=\"elementor-widget-container\">\n\t\t\t\t\t<h3 class=\"elementor-heading-title elementor-size-default\">A Royal Flush k\u00e9z \u00e9rt\u00e9kel\u00e9se<\/h3>\t\t\t\t<\/div>\n\t\t\t\t<\/div>\n\t\t\t\t<div class=\"elementor-element elementor-element-59a7e45 elementor-widget elementor-widget-text-editor\" data-id=\"59a7e45\" data-element_type=\"widget\" data-widget_type=\"text-editor.default\">\n\t\t\t\t<div class=\"elementor-widget-container\">\n\t\t\t\t\t\t\t\t\t<p>A Royal Flush k\u00e9zzel nem lehet hib\u00e1zni. Ez az\u00e9rt van \u00edgy, mert m\u00e1r a lehet\u0151 legjobb kombin\u00e1ci\u00f3val rendelkezik. A Royal Flush eset\u00e9n azonban van n\u00e9h\u00e1ny dolog, amit szem el\u0151tt kell tartanod, m\u00e9g akkor is, ha m\u00e1r n\u00e9gy azonos sz\u00edn\u0171 lapod van egym\u00e1s ut\u00e1n. Ez nem jelenti azt, hogy a megfelel\u0151 \u00f6t\u00f6dik k\u00e1rtya a v\u00e9g\u00e9n hozz\u00e1ad\u00f3dik. Ha a megfelel\u0151 lap nem ker\u00fcl a v\u00e9g\u00e9re, a p\u00f3kerben a Royal Flush-re tett k\u00eds\u00e9rlet gyakran viharos v\u00e9gkifejletet eredm\u00e9nyez. A kock\u00e1zat nagy.     <\/p>\n\t\t\t\t\t\t\t\t<\/div>\n\t\t\t\t<\/div>\n\t\t\t\t<div class=\"elementor-element elementor-element-fc7dee4 elementor-widget elementor-widget-heading\" data-id=\"fc7dee4\" data-element_type=\"widget\" data-widget_type=\"heading.default\">\n\t\t\t\t<div class=\"elementor-widget-container\">\n\t\t\t\t\t<h3 class=\"elementor-heading-title elementor-size-default\">A Royal Flush optim\u00e1lis strat\u00e9gi\u00e1ja<\/h3>\t\t\t\t<\/div>\n\t\t\t\t<\/div>\n\t\t\t\t<div class=\"elementor-element elementor-element-8889405 elementor-widget elementor-widget-text-editor\" data-id=\"8889405\" data-element_type=\"widget\" data-widget_type=\"text-editor.default\">\n\t\t\t\t<div class=\"elementor-widget-container\">\n\t\t\t\t\t\t\t\t\t<p>Ha Royal Flush-t szeretne, akkor csak az \u00edg\u00e9retes Royal Flush kezek kij\u00e1tsz\u00e1sa a legj\u00f6vedelmez\u0151bb. Az \u00f6sszes t\u00f6bbi lapot eldobja, de ez nem a legjobb strat\u00e9gia. Gyakran \u00edg\u00e9retesebb egy m\u00e1sik k\u00e1rtyakombin\u00e1ci\u00f3ra fogadni, amelyik nagyobb val\u00f3sz\u00edn\u0171s\u00e9g\u0171. Az is fontos, hogy figyelemmel k\u00eds\u00e9rje a t\u00f6bbi j\u00e1t\u00e9kos viselked\u00e9s\u00e9t. Ehhez nagyon alaposan elemeznie kell a j\u00e1t\u00e9kviselked\u00e9s\u00fcket. V\u00e9gs\u0151 soron csak egyszer van sz\u00fcks\u00e9ged Royal Flush-re, \u00e9s csak egyszer kell legy\u0151zn\u00f6d m\u00e1s j\u00f3 kezeket. Mivel ezek is el\u00e9g ritk\u00e1k, a Royal Flush-re ritk\u00e1n van sz\u00fcks\u00e9g. Az is fontos, hogy ha nagy a val\u00f3sz\u00edn\u0171s\u00e9ge annak, hogy az ellenfeled nem t\u00fal bizonytalan a Royal Flush miatt, \u00e9s megadja, mert sajnos a Royal Flush-ed semmit sem \u00e9r, ha az ellenfeleid id\u0151 el\u0151tt dobnak. Nyilv\u00e1nval\u00f3an m\u00e1s a helyzet, ha vide\u00f3p\u00f3kert j\u00e1tszol. Mivel a vide\u00f3p\u00f3kerben ar\u00e1nytalanul nagy nyeres\u00e9get \u00e9rhetsz el a Royal Flush-szel, ez\u00e9rt mindig Royal Flush-szel kell j\u00e1tszanod. Mivel itt nincsenek ellens\u00e9geid, ne j\u00e1tssz ebben a szerepben.          <\/p>\n\t\t\t\t\t\t\t\t<\/div>\n\t\t\t\t<\/div>\n\t\t\t\t<div class=\"elementor-element elementor-element-863e8de elementor-widget elementor-widget-heading\" data-id=\"863e8de\" data-element_type=\"widget\" data-widget_type=\"heading.default\">\n\t\t\t\t<div class=\"elementor-widget-container\">\n\t\t\t\t\t<h3 class=\"elementor-heading-title elementor-size-default\">P\u00f3kerv\u00e1ltozatok a Royal Flushben?<\/h3>\t\t\t\t<\/div>\n\t\t\t\t<\/div>\n\t\t\t\t<div class=\"elementor-element elementor-element-80672b1 elementor-widget elementor-widget-text-editor\" data-id=\"80672b1\" data-element_type=\"widget\" data-widget_type=\"text-editor.default\">\n\t\t\t\t<div class=\"elementor-widget-container\">\n\t\t\t\t\t\t\t\t\t<p>A Royal Flush minden olyan p\u00f3kerv\u00e1ltozatban megtal\u00e1lhat\u00f3, amelyet ma is sz\u00e9les k\u00f6rben j\u00e1tszanak, mint p\u00e9ld\u00e1ul a Texas Hold&#8217;em, a Five Card Draw \u00e9s a Seven Card Stud. Mint fentebb eml\u00edtett\u00fck, majdnem olyan neh\u00e9z olyan p\u00f3kerv\u00e1ltozatot tal\u00e1lni, amelyben nincs Royal Flush, mint amilyen neh\u00e9z azt megszerezni. <\/p>\n\t\t\t\t\t\t\t\t<\/div>\n\t\t\t\t<\/div>\n\t\t\t\t<\/div>\n\t\t\t\t<\/div>\n\t\t","protected":false},"excerpt":{"rendered":"<p>Royal Flush a p\u00f3kerben &#8211; &#8222;Az az egy k\u00e9z a p\u00f3kerben&#8221; Mi az a Royal Flush a p\u00f3kerben? P\u00f3kerezz itt A Royal Flush a p\u00f3kerben, a p\u00f3kerben minden kezek anyja. Ez a k\u00e1rty\u00e1k egy bizonyos kombin\u00e1ci\u00f3ja, amelyet a p\u00f3kerben lehet haszn\u00e1lni. Mint m\u00e1r eml\u00edtett\u00fck, nem ak\u00e1rmilyen kombin\u00e1ci\u00f3; mindig a legmagasabb \u00e9rt\u00e9k\u0171 kombin\u00e1ci\u00f3 nyer. A Royal [&hellip;]<\/p>\n","protected":false},"author":1,"featured_media":0,"parent":0,"menu_order":0,"comment_status":"closed","ping_status":"closed","template":"","meta":{"footnotes":""},"class_list":["post-5054","page","type-page","status-publish","hentry"],"blocksy_meta":[],"acf":[],"yoast_head":"<!-- This site is optimized with the Yoast SEO plugin v24.1 - https:\/\/yoast.com\/wordpress\/plugins\/seo\/ -->\n<title>Royal Flush a p\u00f3kerben - casinoreturn<\/title>\n<meta name=\"description\" content=\"Royal Flush a p\u00f3kerben, minden kezek nagyasszonya. Felejtsd el a n\u00e9gyest \u00e9s az \u00e1szokat. A mi kis \u00fatmutat\u00f3nk ad neked n\u00e9h\u00e1ny inform\u00e1ci\u00f3t.\" \/>\n<meta name=\"robots\" content=\"index, follow, max-snippet:-1, max-image-preview:large, max-video-preview:-1\" \/>\n<link rel=\"canonical\" href=\"https:\/\/casinoreturn.com\/hu\/royal-flush-a-pokerben\/\" \/>\n<meta property=\"og:locale\" content=\"hu_HU\" \/>\n<meta property=\"og:type\" content=\"article\" \/>\n<meta property=\"og:title\" content=\"Royal Flush a p\u00f3kerben - casinoreturn\" \/>\n<meta property=\"og:description\" content=\"Royal Flush a p\u00f3kerben, minden kezek nagyasszonya. Felejtsd el a n\u00e9gyest \u00e9s az \u00e1szokat. A mi kis \u00fatmutat\u00f3nk ad neked n\u00e9h\u00e1ny inform\u00e1ci\u00f3t.\" \/>\n<meta property=\"og:url\" content=\"https:\/\/casinoreturn.com\/hu\/royal-flush-a-pokerben\/\" \/>\n<meta property=\"og:site_name\" content=\"casinoreturn\" \/>\n<meta property=\"article:modified_time\" content=\"2024-12-04T13:59:23+00:00\" \/>\n<meta property=\"og:image\" content=\"https:\/\/casinoreturn.com\/wp-content\/uploads\/2024\/11\/Royal-Flush-in-Poker.jpg\" \/>\n\t<meta property=\"og:image:width\" content=\"522\" \/>\n\t<meta property=\"og:image:height\" content=\"360\" \/>\n\t<meta property=\"og:image:type\" content=\"image\/jpeg\" \/>\n<meta name=\"twitter:card\" content=\"summary_large_image\" \/>\n<meta name=\"twitter:label1\" content=\"Becs\u00fclt olvas\u00e1si id\u0151\" \/>\n\t<meta name=\"twitter:data1\" content=\"3 perc\" \/>\n<script type=\"application\/ld+json\" class=\"yoast-schema-graph\">{\"@context\":\"https:\/\/schema.org\",\"@graph\":[{\"@type\":\"WebPage\",\"@id\":\"https:\/\/casinoreturn.com\/hu\/royal-flush-a-pokerben\/\",\"url\":\"https:\/\/casinoreturn.com\/hu\/royal-flush-a-pokerben\/\",\"name\":\"Royal Flush a p\u00f3kerben - casinoreturn\",\"isPartOf\":{\"@id\":\"https:\/\/casinoreturn.com\/#website\"},\"primaryImageOfPage\":{\"@id\":\"https:\/\/casinoreturn.com\/hu\/royal-flush-a-pokerben\/#primaryimage\"},\"image\":{\"@id\":\"https:\/\/casinoreturn.com\/hu\/royal-flush-a-pokerben\/#primaryimage\"},\"thumbnailUrl\":\"https:\/\/casinoreturn.com\/wp-content\/uploads\/2024\/11\/Royal-Flush-in-Poker.jpg\",\"datePublished\":\"2024-11-20T16:41:12+00:00\",\"dateModified\":\"2024-12-04T13:59:23+00:00\",\"description\":\"Royal Flush a p\u00f3kerben, minden kezek nagyasszonya. Felejtsd el a n\u00e9gyest \u00e9s az \u00e1szokat. A mi kis \u00fatmutat\u00f3nk ad neked n\u00e9h\u00e1ny inform\u00e1ci\u00f3t.\",\"breadcrumb\":{\"@id\":\"https:\/\/casinoreturn.com\/hu\/royal-flush-a-pokerben\/#breadcrumb\"},\"inLanguage\":\"hu\",\"potentialAction\":[{\"@type\":\"ReadAction\",\"target\":[\"https:\/\/casinoreturn.com\/hu\/royal-flush-a-pokerben\/\"]}]},{\"@type\":\"ImageObject\",\"inLanguage\":\"hu\",\"@id\":\"https:\/\/casinoreturn.com\/hu\/royal-flush-a-pokerben\/#primaryimage\",\"url\":\"https:\/\/casinoreturn.com\/wp-content\/uploads\/2024\/11\/Royal-Flush-in-Poker.jpg\",\"contentUrl\":\"https:\/\/casinoreturn.com\/wp-content\/uploads\/2024\/11\/Royal-Flush-in-Poker.jpg\"},{\"@type\":\"BreadcrumbList\",\"@id\":\"https:\/\/casinoreturn.com\/hu\/royal-flush-a-pokerben\/#breadcrumb\",\"itemListElement\":[{\"@type\":\"ListItem\",\"position\":1,\"name\":\"Home\",\"item\":\"https:\/\/casinoreturn.com\/hu\/home\/\"},{\"@type\":\"ListItem\",\"position\":2,\"name\":\"Royal Flush a p\u00f3kerben\"}]},{\"@type\":\"WebSite\",\"@id\":\"https:\/\/casinoreturn.com\/#website\",\"url\":\"https:\/\/casinoreturn.com\/\",\"name\":\"casinoreturn\",\"description\":\"\",\"publisher\":{\"@id\":\"https:\/\/casinoreturn.com\/#organization\"},\"potentialAction\":[{\"@type\":\"SearchAction\",\"target\":{\"@type\":\"EntryPoint\",\"urlTemplate\":\"https:\/\/casinoreturn.com\/?s={search_term_string}\"},\"query-input\":{\"@type\":\"PropertyValueSpecification\",\"valueRequired\":true,\"valueName\":\"search_term_string\"}}],\"inLanguage\":\"hu\"},{\"@type\":\"Organization\",\"@id\":\"https:\/\/casinoreturn.com\/#organization\",\"name\":\"casinoreturn\",\"url\":\"https:\/\/casinoreturn.com\/\",\"logo\":{\"@type\":\"ImageObject\",\"inLanguage\":\"hu\",\"@id\":\"https:\/\/casinoreturn.com\/#\/schema\/logo\/image\/\",\"url\":\"https:\/\/casinoreturn.com\/wp-content\/uploads\/2024\/09\/animal-favicon.png\",\"contentUrl\":\"https:\/\/casinoreturn.com\/wp-content\/uploads\/2024\/09\/animal-favicon.png\",\"width\":92,\"height\":92,\"caption\":\"casinoreturn\"},\"image\":{\"@id\":\"https:\/\/casinoreturn.com\/#\/schema\/logo\/image\/\"}}]}<\/script>\n<!-- \/ Yoast SEO plugin. -->","yoast_head_json":{"title":"Royal Flush a p\u00f3kerben - casinoreturn","description":"Royal Flush a p\u00f3kerben, minden kezek nagyasszonya. Felejtsd el a n\u00e9gyest \u00e9s az \u00e1szokat. A mi kis \u00fatmutat\u00f3nk ad neked n\u00e9h\u00e1ny inform\u00e1ci\u00f3t.","robots":{"index":"index","follow":"follow","max-snippet":"max-snippet:-1","max-image-preview":"max-image-preview:large","max-video-preview":"max-video-preview:-1"},"canonical":"https:\/\/casinoreturn.com\/hu\/royal-flush-a-pokerben\/","og_locale":"hu_HU","og_type":"article","og_title":"Royal Flush a p\u00f3kerben - casinoreturn","og_description":"Royal Flush a p\u00f3kerben, minden kezek nagyasszonya. Felejtsd el a n\u00e9gyest \u00e9s az \u00e1szokat. A mi kis \u00fatmutat\u00f3nk ad neked n\u00e9h\u00e1ny inform\u00e1ci\u00f3t.","og_url":"https:\/\/casinoreturn.com\/hu\/royal-flush-a-pokerben\/","og_site_name":"casinoreturn","article_modified_time":"2024-12-04T13:59:23+00:00","og_image":[{"width":522,"height":360,"url":"https:\/\/casinoreturn.com\/wp-content\/uploads\/2024\/11\/Royal-Flush-in-Poker.jpg","type":"image\/jpeg"}],"twitter_card":"summary_large_image","twitter_misc":{"Becs\u00fclt olvas\u00e1si id\u0151":"3 perc"},"schema":{"@context":"https:\/\/schema.org","@graph":[{"@type":"WebPage","@id":"https:\/\/casinoreturn.com\/hu\/royal-flush-a-pokerben\/","url":"https:\/\/casinoreturn.com\/hu\/royal-flush-a-pokerben\/","name":"Royal Flush a p\u00f3kerben - casinoreturn","isPartOf":{"@id":"https:\/\/casinoreturn.com\/#website"},"primaryImageOfPage":{"@id":"https:\/\/casinoreturn.com\/hu\/royal-flush-a-pokerben\/#primaryimage"},"image":{"@id":"https:\/\/casinoreturn.com\/hu\/royal-flush-a-pokerben\/#primaryimage"},"thumbnailUrl":"https:\/\/casinoreturn.com\/wp-content\/uploads\/2024\/11\/Royal-Flush-in-Poker.jpg","datePublished":"2024-11-20T16:41:12+00:00","dateModified":"2024-12-04T13:59:23+00:00","description":"Royal Flush a p\u00f3kerben, minden kezek nagyasszonya. Felejtsd el a n\u00e9gyest \u00e9s az \u00e1szokat. A mi kis \u00fatmutat\u00f3nk ad neked n\u00e9h\u00e1ny inform\u00e1ci\u00f3t.","breadcrumb":{"@id":"https:\/\/casinoreturn.com\/hu\/royal-flush-a-pokerben\/#breadcrumb"},"inLanguage":"hu","potentialAction":[{"@type":"ReadAction","target":["https:\/\/casinoreturn.com\/hu\/royal-flush-a-pokerben\/"]}]},{"@type":"ImageObject","inLanguage":"hu","@id":"https:\/\/casinoreturn.com\/hu\/royal-flush-a-pokerben\/#primaryimage","url":"https:\/\/casinoreturn.com\/wp-content\/uploads\/2024\/11\/Royal-Flush-in-Poker.jpg","contentUrl":"https:\/\/casinoreturn.com\/wp-content\/uploads\/2024\/11\/Royal-Flush-in-Poker.jpg"},{"@type":"BreadcrumbList","@id":"https:\/\/casinoreturn.com\/hu\/royal-flush-a-pokerben\/#breadcrumb","itemListElement":[{"@type":"ListItem","position":1,"name":"Home","item":"https:\/\/casinoreturn.com\/hu\/home\/"},{"@type":"ListItem","position":2,"name":"Royal Flush a p\u00f3kerben"}]},{"@type":"WebSite","@id":"https:\/\/casinoreturn.com\/#website","url":"https:\/\/casinoreturn.com\/","name":"casinoreturn","description":"","publisher":{"@id":"https:\/\/casinoreturn.com\/#organization"},"potentialAction":[{"@type":"SearchAction","target":{"@type":"EntryPoint","urlTemplate":"https:\/\/casinoreturn.com\/?s={search_term_string}"},"query-input":{"@type":"PropertyValueSpecification","valueRequired":true,"valueName":"search_term_string"}}],"inLanguage":"hu"},{"@type":"Organization","@id":"https:\/\/casinoreturn.com\/#organization","name":"casinoreturn","url":"https:\/\/casinoreturn.com\/","logo":{"@type":"ImageObject","inLanguage":"hu","@id":"https:\/\/casinoreturn.com\/#\/schema\/logo\/image\/","url":"https:\/\/casinoreturn.com\/wp-content\/uploads\/2024\/09\/animal-favicon.png","contentUrl":"https:\/\/casinoreturn.com\/wp-content\/uploads\/2024\/09\/animal-favicon.png","width":92,"height":92,"caption":"casinoreturn"},"image":{"@id":"https:\/\/casinoreturn.com\/#\/schema\/logo\/image\/"}}]}},"_links":{"self":[{"href":"https:\/\/casinoreturn.com\/hu\/wp-json\/wp\/v2\/pages\/5054","targetHints":{"allow":["GET"]}}],"collection":[{"href":"https:\/\/casinoreturn.com\/hu\/wp-json\/wp\/v2\/pages"}],"about":[{"href":"https:\/\/casinoreturn.com\/hu\/wp-json\/wp\/v2\/types\/page"}],"author":[{"embeddable":true,"href":"https:\/\/casinoreturn.com\/hu\/wp-json\/wp\/v2\/users\/1"}],"replies":[{"embeddable":true,"href":"https:\/\/casinoreturn.com\/hu\/wp-json\/wp\/v2\/comments?post=5054"}],"version-history":[{"count":1,"href":"https:\/\/casinoreturn.com\/hu\/wp-json\/wp\/v2\/pages\/5054\/revisions"}],"predecessor-version":[{"id":5055,"href":"https:\/\/casinoreturn.com\/hu\/wp-json\/wp\/v2\/pages\/5054\/revisions\/5055"}],"wp:attachment":[{"href":"https:\/\/casinoreturn.com\/hu\/wp-json\/wp\/v2\/media?parent=5054"}],"curies":[{"name":"wp","href":"https:\/\/api.w.org\/{rel}","templated":true}]}}