{"id":6152,"date":"2024-11-12T22:30:29","date_gmt":"2024-11-12T22:30:29","guid":{"rendered":"https:\/\/casinoreturn.com\/no-wagering-casino-bonuszok-kanada\/"},"modified":"2024-12-20T00:42:19","modified_gmt":"2024-12-20T00:42:19","slug":"no-wagering-casino-bonuszok-kanada","status":"publish","type":"page","link":"https:\/\/casinoreturn.com\/hu\/no-wagering-casino-bonuszok-kanada\/","title":{"rendered":"No Wagering Casino b\u00f3nuszok Kanada"},"content":{"rendered":"\t\t<div data-elementor-type=\"wp-page\" data-elementor-id=\"6152\" class=\"elementor elementor-6152\" data-elementor-post-type=\"page\">\n\t\t\t\t<div class=\"elementor-element elementor-element-099340e e-con-full e-flex e-con e-parent\" data-id=\"099340e\" data-element_type=\"container\">\n\t\t\t\t<div class=\"elementor-element elementor-element-9452dd6 elementor-widget elementor-widget-heading\" data-id=\"9452dd6\" data-element_type=\"widget\" data-widget_type=\"heading.default\">\n\t\t\t\t<div class=\"elementor-widget-container\">\n\t\t\t\t\t<h4 class=\"elementor-heading-title elementor-size-default\">No Wagering Casino b\u00f3nuszok Kanada el\u00e9g hegek. Felsoroltunk egy maroknyi ilyen fogad\u00e1si b\u00f3nuszok n\u00e9lk\u00fcli b\u00f3nuszokat az \u00d6n sz\u00e1m\u00e1ra.   <\/h4>\t\t\t\t<\/div>\n\t\t\t\t<\/div>\n\t\t\t\t<div class=\"elementor-element elementor-element-206107d elementor-widget elementor-widget-image\" data-id=\"206107d\" data-element_type=\"widget\" data-widget_type=\"image.default\">\n\t\t\t\t<div class=\"elementor-widget-container\">\n\t\t\t\t\t\t\t\t\t\t\t\t\t\t\t<img fetchpriority=\"high\" decoding=\"async\" width=\"300\" height=\"300\" src=\"https:\/\/casinoreturn.com\/wp-content\/uploads\/2024\/11\/No-Wagering-Casino-Bonuses.png\" class=\"attachment-large size-large wp-image-3189\" alt=\"No Wagering Casino Bonuses\" srcset=\"https:\/\/casinoreturn.com\/wp-content\/uploads\/2024\/11\/No-Wagering-Casino-Bonuses.png 300w, https:\/\/casinoreturn.com\/wp-content\/uploads\/2024\/11\/No-Wagering-Casino-Bonuses-150x150.png 150w\" sizes=\"(max-width: 300px) 100vw, 300px\" \/>\t\t\t\t\t\t\t\t\t\t\t\t\t\t\t<\/div>\n\t\t\t\t<\/div>\n\t\t\t\t<div class=\"elementor-element elementor-element-a282737 elementor-widget elementor-widget-heading\" data-id=\"a282737\" data-element_type=\"widget\" data-widget_type=\"heading.default\">\n\t\t\t\t<div class=\"elementor-widget-container\">\n\t\t\t\t\t<h4 class=\"elementor-heading-title elementor-size-default\">A legjobb v\u00e1laszt\u00e1s a kanadai fogad\u00e1si b\u00f3nuszok sz\u00e1m\u00e1ra.  <\/h4>\t\t\t\t<\/div>\n\t\t\t\t<\/div>\n\t\t\t\t<div class=\"elementor-element elementor-element-a7c48aa elementor-button-success elementor-align-center elementor-widget elementor-widget-button\" data-id=\"a7c48aa\" data-element_type=\"widget\" data-widget_type=\"button.default\">\n\t\t\t\t<div class=\"elementor-widget-container\">\n\t\t\t\t\t\t\t\t\t<div class=\"elementor-button-wrapper\">\n\t\t\t\t\t<a class=\"elementor-button elementor-button-link elementor-size-sm\" href=\"#\">\n\t\t\t\t\t\t<span class=\"elementor-button-content-wrapper\">\n\t\t\t\t\t\t\t\t\t<span class=\"elementor-button-text\">50 nem fogad\u00e1si szabad p\u00f6rget\u00e9sek a THOR-on - J\u00e1tsszon OJO Casino ma!<\/span>\n\t\t\t\t\t<\/span>\n\t\t\t\t\t<\/a>\n\t\t\t\t<\/div>\n\t\t\t\t\t\t\t\t<\/div>\n\t\t\t\t<\/div>\n\t\t\t\t<div class=\"elementor-element elementor-element-4236979 elementor-countdown--label-block elementor-widget elementor-widget-countdown\" data-id=\"4236979\" data-element_type=\"widget\" data-widget_type=\"countdown.default\">\n\t\t\t\t<div class=\"elementor-widget-container\">\n\t\t\t\t\t\t\t<div data-expire-actions=\"[{&quot;type&quot;:&quot;message&quot;}]\" class=\"elementor-countdown-wrapper\" data-date=\"1767224100\">\n\t\t\t<div class=\"elementor-countdown-item\"><span class=\"elementor-countdown-digits elementor-countdown-days\"><\/span> <span class=\"elementor-countdown-label\">Napok<\/span><\/div><div class=\"elementor-countdown-item\"><span class=\"elementor-countdown-digits elementor-countdown-hours\"><\/span> <span class=\"elementor-countdown-label\">\u00d3r\u00e1k<\/span><\/div><div class=\"elementor-countdown-item\"><span class=\"elementor-countdown-digits elementor-countdown-minutes\"><\/span> <span class=\"elementor-countdown-label\">Jegyz\u0151k\u00f6nyv<\/span><\/div><div class=\"elementor-countdown-item\"><span class=\"elementor-countdown-digits elementor-countdown-seconds\"><\/span> <span class=\"elementor-countdown-label\">M\u00e1sodpercek<\/span><\/div>\t\t<\/div>\n\t\t\t\t\t\t<div class=\"elementor-countdown-expire--message\">\n\t\t\t\t\tIg\u00e9nyeljen 50 ingyenes p\u00f6rget\u00e9st a THOR-on nem fogad\u00e1si k\u00f6vetelm\u00e9nnyel - J\u00e1tsszon OJO kaszin\u00f3 NEM fogad\u00e1si ingyenes p\u00f6rget\u00e9sek ma\t\t\t\t<\/div>\n\t\t\t\t\t\t\t\t<\/div>\n\t\t\t\t<\/div>\n\t\t\t\t<div class=\"elementor-element elementor-element-a9b8b0a elementor-widget elementor-widget-image\" data-id=\"a9b8b0a\" data-element_type=\"widget\" data-widget_type=\"image.default\">\n\t\t\t\t<div class=\"elementor-widget-container\">\n\t\t\t\t\t\t\t\t\t\t\t\t\t\t\t<img decoding=\"async\" width=\"300\" height=\"150\" src=\"https:\/\/casinoreturn.com\/wp-content\/uploads\/2024\/12\/Play-Ojo-no-wagering-free-spins.png\" class=\"attachment-large size-large wp-image-6119\" alt=\"Play Ojo no wagering free spins\" \/>\t\t\t\t\t\t\t\t\t\t\t\t\t\t\t<\/div>\n\t\t\t\t<\/div>\n\t\t\t\t<div class=\"elementor-element elementor-element-ccbe21f elementor-widget elementor-widget-heading\" data-id=\"ccbe21f\" data-element_type=\"widget\" data-widget_type=\"heading.default\">\n\t\t\t\t<div class=\"elementor-widget-container\">\n\t\t\t\t\t<h4 class=\"elementor-heading-title elementor-size-default\">Tov\u00e1bbi inform\u00e1ci\u00f3 a No Wagering, No deposit Free spins \u00e9s No deposit b\u00f3nusz Kanad\u00e1ban \u00e9s Ontari\u00f3ban.<\/h4>\t\t\t\t<\/div>\n\t\t\t\t<\/div>\n\t\t\t\t<div class=\"elementor-element elementor-element-e56fee4 elementor-widget elementor-widget-text-editor\" data-id=\"e56fee4\" data-element_type=\"widget\" data-widget_type=\"text-editor.default\">\n\t\t\t\t<div class=\"elementor-widget-container\">\n\t\t\t\t\t\t\t\t\t<h5><strong>Hogyan ig\u00e9nyelhetem az 50 No Wagering Free Spins ingyenes p\u00f6rget\u00e9st?<\/strong><\/h5>\n<p>Ahhoz, hogy ig\u00e9nyelhesse ezeket az 50 No wagering p\u00f6rget\u00e9st, csak n\u00e9h\u00e1ny l\u00e9p\u00e9st kell v\u00e9grehajtani.<\/p>\n<ul>\n<li>Regisztr\u00e1ljon a PlayOJO-n\u00e1l<\/li>\n<li>A telefonsz\u00e1m \u00e9s a sz\u00fclet\u00e9si d\u00e1tum csak a PlayOJO Casin\u00f3n\u00e1l t\u00f6rt\u00e9n\u0151 sz\u00e1mlanyit\u00e1shoz sz\u00fcks\u00e9ges.<\/li>\n<li>Fizessen be \u00e9s j\u00e1tsszon az ingyenes p\u00f6rget\u00e9sekkel ( <a href=\"https:\/\/www.playojo.com\/en\/reward-policy\/?appName=PlayOJO\">T&amp;C&#8217;s Apply<\/a>)<\/li>\n<\/ul>\n\t\t\t\t\t\t\t\t<\/div>\n\t\t\t\t<\/div>\n\t\t\t\t<div class=\"elementor-element elementor-element-8ab4dfd elementor-widget elementor-widget-image\" data-id=\"8ab4dfd\" data-element_type=\"widget\" data-widget_type=\"image.default\">\n\t\t\t\t<div class=\"elementor-widget-container\">\n\t\t\t\t\t\t\t\t\t\t\t\t\t\t\t<img decoding=\"async\" width=\"514\" height=\"388\" src=\"https:\/\/casinoreturn.com\/wp-content\/uploads\/2024\/12\/50-No-Wagering-Free-Spins.png\" class=\"attachment-large size-large wp-image-6131\" alt=\"50 No Wagering Free Spins\" srcset=\"https:\/\/casinoreturn.com\/wp-content\/uploads\/2024\/12\/50-No-Wagering-Free-Spins.png 514w, https:\/\/casinoreturn.com\/wp-content\/uploads\/2024\/12\/50-No-Wagering-Free-Spins-300x226.png 300w\" sizes=\"(max-width: 514px) 100vw, 514px\" \/>\t\t\t\t\t\t\t\t\t\t\t\t\t\t\t<\/div>\n\t\t\t\t<\/div>\n\t\t\t\t<div class=\"elementor-element elementor-element-f04881c elementor-widget elementor-widget-heading\" data-id=\"f04881c\" data-element_type=\"widget\" data-widget_type=\"heading.default\">\n\t\t\t\t<div class=\"elementor-widget-container\">\n\t\t\t\t\t<h4 class=\"elementor-heading-title elementor-size-default\">Mi a fogad\u00e1s a kaszin\u00f3ban?<\/h4>\t\t\t\t<\/div>\n\t\t\t\t<\/div>\n\t\t\t\t<div class=\"elementor-element elementor-element-380aa18 elementor-widget elementor-widget-text-editor\" data-id=\"380aa18\" data-element_type=\"widget\" data-widget_type=\"text-editor.default\">\n\t\t\t\t<div class=\"elementor-widget-container\">\n\t\t\t\t\t\t\t\t\t<p>A kaszin\u00f3ban a fogad\u00e1s az ingyenes b\u00f3nusz vagy \u00e1ltal\u00e1nos kaszin\u00f3b\u00f3nusz felt\u00e9teleinek teljes\u00edt\u00e9se. \u00cdme n\u00e9h\u00e1ny p\u00e9lda, hogyan m\u0171k\u00f6dik a fogad\u00e1s az online kaszin\u00f3ban. Kezdj\u00fck a PlayOJO 50 fogad\u00e1smentes ingyenes p\u00f6rget\u00e9s\u00e9vel. Az \u00c1SZF szerint 50 p\u00f6rget\u00e9s j\u00e1r:     <\/p>\n<ul>\n<li>A min\u0151s\u00edt\u0151 els\u0151 befizet\u00e9snek meg kell t\u00f6rt\u00e9nnie<\/li>\n<li>THOR &#8211; Kiz\u00e1r\u00f3lag CAD$0.10 minimum t\u00e9tekkel haszn\u00e1lhat\u00f3 nyer\u0151g\u00e9p<\/li>\n<li><a href=\"https:\/\/www.playojo.com\/en\/reward-policy\/?appName=PlayOJO\">A T&amp;Cs \u00e9rv\u00e9nyesek  <\/a><\/li>\n<\/ul>\n<p>Mivel nincs fogad\u00e1si k\u00f6vetelm\u00e9ny, az \u00f6tven p\u00f6rget\u00e9s mindegyike k\u00e9szp\u00e9nzes nyerem\u00e9nyre v\u00e1lthat.  <\/p>\n<p><strong>P\u00e9ld\u00e1ul 50-szeres fogad\u00e1si k\u00f6vetelm\u00e9ny eset\u00e9n.<\/strong><\/p>\n<ul>\n<li>Az els\u0151 befizet\u00e9snek min\u0151s\u00edt\u0151 els\u0151 befizet\u00e9st kell teljes\u00edtenie<\/li>\n<li>THOR &#8211; Kiz\u00e1r\u00f3lag CAD$0.10 minimum t\u00e9tekkel haszn\u00e1lhat\u00f3 nyer\u0151g\u00e9p<\/li>\n<li>A T&amp;Cs \u00e9rv\u00e9nyesek  <\/li>\n<li>Fogad\u00e1si k\u00f6vetelm\u00e9ny 50-szeres<\/li>\n<\/ul>\n<p>A fogad\u00e1s befejez\u00e9s\u00e9hez \u00e9s a nyerem\u00e9ny kifizet\u00e9s\u00e9hez a j\u00e1t\u00e9kosnak 50-szer kell feltennie a nyerem\u00e9nyt.  <strong>P\u00e9ld\u00e1ul: Az 50 ingyenes p\u00f6rget\u00e9s \u00f6ssznyerem\u00e9nye 50 kredit. A j\u00e1t\u00e9kosnak 50 x 50 kreditet = 250 kreditet kell feltennie, a minim\u00e1lis hitelkeret \u20ac0,10. <\/strong>  A fennmarad\u00f3 nyerem\u00e9nyeket automatikusan val\u00f3di p\u00e9nzre v\u00e1ltjuk.<\/p>\n\t\t\t\t\t\t\t\t<\/div>\n\t\t\t\t<\/div>\n\t\t\t\t<div class=\"elementor-element elementor-element-859f500 elementor-widget elementor-widget-heading\" data-id=\"859f500\" data-element_type=\"widget\" data-widget_type=\"heading.default\">\n\t\t\t\t<div class=\"elementor-widget-container\">\n\t\t\t\t\t<h4 class=\"elementor-heading-title elementor-size-default\">Milyen el\u0151nyei vannak a fogad\u00e1si b\u00f3nusznak?<\/h4>\t\t\t\t<\/div>\n\t\t\t\t<\/div>\n\t\t\t\t<div class=\"elementor-element elementor-element-ad45116 elementor-widget elementor-widget-text-editor\" data-id=\"ad45116\" data-element_type=\"widget\" data-widget_type=\"text-editor.default\">\n\t\t\t\t<div class=\"elementor-widget-container\">\n\t\t\t\t\t\t\t\t\t<p>A No wagering Bonus el\u0151nye, hogy azonnal val\u00f3di p\u00e9nzz\u00e9 v\u00e1lik. Ez nem t\u00fal gyakori, \u00e9s jelent\u0151s k\u00f6lts\u00e9gekkel j\u00e1r az online kaszin\u00f3k sz\u00e1m\u00e1ra. Haszn\u00e1lata prom\u00f3ci\u00f3s, mint p\u00e9ld\u00e1ul sz\u00fclet\u00e9snapi aj\u00e1nd\u00e9koz\u00e1s, vagy \u00faj j\u00e1t\u00e9kosok bevonz\u00e1sa.    <\/p>\n<p><strong><span style=\"text-decoration: underline;\">Pro a No wagering b\u00f3nusz<\/span><\/strong><\/p>\n<p>Alacsonyabb kock\u00e1zat a j\u00e1t\u00e9kosok sz\u00e1m\u00e1ra<\/p>\n<p>Azonnali nyerem\u00e9nyek<\/p>\n<p><strong><span style=\"text-decoration: underline;\">Kontr\u00e1k a fogad\u00e1si k\u00f6vetelm\u00e9nyek n\u00e9lk\u00fcl<\/span><\/strong><\/p>\n<p>A b\u00f3nuszhoz kapcsol\u00f3d\u00f3 \u00c1ltal\u00e1nos Szerz\u0151d\u00e9si Felt\u00e9teleket els\u0151 k\u00e9zb\u0151l kell elolvasni.  <\/p>\n<p>Minim\u00e1lis bet\u00e9t sz\u00fcks\u00e9ges<\/p>\n<p>A visszavon\u00e1s gyakran kapcsol\u00f3dik a KYC folyamathoz  <\/p>\n\t\t\t\t\t\t\t\t<\/div>\n\t\t\t\t<\/div>\n\t\t\t\t<\/div>\n\t\t\t\t<\/div>\n\t\t","protected":false},"excerpt":{"rendered":"<p>No Wagering Casino b\u00f3nuszok Kanada el\u00e9g hegek. Felsoroltunk egy maroknyi ilyen fogad\u00e1si b\u00f3nuszok n\u00e9lk\u00fcli b\u00f3nuszokat az \u00d6n sz\u00e1m\u00e1ra. A legjobb v\u00e1laszt\u00e1s a kanadai fogad\u00e1si b\u00f3nuszok sz\u00e1m\u00e1ra. 50 nem fogad\u00e1si szabad p\u00f6rget\u00e9sek a THOR-on &#8211; J\u00e1tsszon OJO Casino ma! Napok \u00d3r\u00e1k Jegyz\u0151k\u00f6nyv M\u00e1sodpercek Ig\u00e9nyeljen 50 ingyenes p\u00f6rget\u00e9st a THOR-on nem fogad\u00e1si k\u00f6vetelm\u00e9nnyel &#8211; J\u00e1tsszon OJO kaszin\u00f3 [&hellip;]<\/p>\n","protected":false},"author":1,"featured_media":0,"parent":0,"menu_order":0,"comment_status":"closed","ping_status":"closed","template":"","meta":{"footnotes":""},"class_list":["post-6152","page","type-page","status-publish","hentry"],"blocksy_meta":[],"acf":[],"yoast_head":"<!-- This site is optimized with the Yoast SEO plugin v24.1 - https:\/\/yoast.com\/wordpress\/plugins\/seo\/ -->\n<title>No Wagering Casino b\u00f3nuszok Kanada - casinoreturn<\/title>\n<meta name=\"description\" content=\"A fogad\u00e1s n\u00e9lk\u00fcli kaszin\u00f3b\u00f3nuszok Kanada nagyszer\u0171 m\u00f3dja annak, hogy \u00faj j\u00e1t\u00e9kosokat vonzzanak. Intenz\u00edv vagy No Deposit Bonus vagy No Deposit Free Spins.\" \/>\n<meta name=\"robots\" content=\"index, follow, max-snippet:-1, max-image-preview:large, max-video-preview:-1\" \/>\n<link rel=\"canonical\" href=\"https:\/\/casinoreturn.com\/hu\/no-wagering-casino-bonuszok-kanada\/\" \/>\n<meta property=\"og:locale\" content=\"hu_HU\" \/>\n<meta property=\"og:type\" content=\"article\" \/>\n<meta property=\"og:title\" content=\"No Wagering Casino b\u00f3nuszok Kanada - casinoreturn\" \/>\n<meta property=\"og:description\" content=\"A fogad\u00e1s n\u00e9lk\u00fcli kaszin\u00f3b\u00f3nuszok Kanada nagyszer\u0171 m\u00f3dja annak, hogy \u00faj j\u00e1t\u00e9kosokat vonzzanak. Intenz\u00edv vagy No Deposit Bonus vagy No Deposit Free Spins.\" \/>\n<meta property=\"og:url\" content=\"https:\/\/casinoreturn.com\/hu\/no-wagering-casino-bonuszok-kanada\/\" \/>\n<meta property=\"og:site_name\" content=\"casinoreturn\" \/>\n<meta property=\"article:modified_time\" content=\"2024-12-20T00:42:19+00:00\" \/>\n<meta property=\"og:image\" content=\"https:\/\/casinoreturn.com\/wp-content\/uploads\/2024\/11\/No-Wagering-Casino-Bonuses.png\" \/>\n\t<meta property=\"og:image:width\" content=\"300\" \/>\n\t<meta property=\"og:image:height\" content=\"300\" \/>\n\t<meta property=\"og:image:type\" content=\"image\/png\" \/>\n<meta name=\"twitter:card\" content=\"summary_large_image\" \/>\n<meta name=\"twitter:label1\" content=\"Becs\u00fclt olvas\u00e1si id\u0151\" \/>\n\t<meta name=\"twitter:data1\" content=\"3 perc\" \/>\n<script type=\"application\/ld+json\" class=\"yoast-schema-graph\">{\"@context\":\"https:\/\/schema.org\",\"@graph\":[{\"@type\":\"WebPage\",\"@id\":\"https:\/\/casinoreturn.com\/hu\/no-wagering-casino-bonuszok-kanada\/\",\"url\":\"https:\/\/casinoreturn.com\/hu\/no-wagering-casino-bonuszok-kanada\/\",\"name\":\"No Wagering Casino b\u00f3nuszok Kanada - casinoreturn\",\"isPartOf\":{\"@id\":\"https:\/\/casinoreturn.com\/#website\"},\"primaryImageOfPage\":{\"@id\":\"https:\/\/casinoreturn.com\/hu\/no-wagering-casino-bonuszok-kanada\/#primaryimage\"},\"image\":{\"@id\":\"https:\/\/casinoreturn.com\/hu\/no-wagering-casino-bonuszok-kanada\/#primaryimage\"},\"thumbnailUrl\":\"https:\/\/casinoreturn.com\/wp-content\/uploads\/2024\/11\/No-Wagering-Casino-Bonuses.png\",\"datePublished\":\"2024-11-12T22:30:29+00:00\",\"dateModified\":\"2024-12-20T00:42:19+00:00\",\"description\":\"A fogad\u00e1s n\u00e9lk\u00fcli kaszin\u00f3b\u00f3nuszok Kanada nagyszer\u0171 m\u00f3dja annak, hogy \u00faj j\u00e1t\u00e9kosokat vonzzanak. Intenz\u00edv vagy No Deposit Bonus vagy No Deposit Free Spins.\",\"breadcrumb\":{\"@id\":\"https:\/\/casinoreturn.com\/hu\/no-wagering-casino-bonuszok-kanada\/#breadcrumb\"},\"inLanguage\":\"hu\",\"potentialAction\":[{\"@type\":\"ReadAction\",\"target\":[\"https:\/\/casinoreturn.com\/hu\/no-wagering-casino-bonuszok-kanada\/\"]}]},{\"@type\":\"ImageObject\",\"inLanguage\":\"hu\",\"@id\":\"https:\/\/casinoreturn.com\/hu\/no-wagering-casino-bonuszok-kanada\/#primaryimage\",\"url\":\"https:\/\/casinoreturn.com\/wp-content\/uploads\/2024\/11\/No-Wagering-Casino-Bonuses.png\",\"contentUrl\":\"https:\/\/casinoreturn.com\/wp-content\/uploads\/2024\/11\/No-Wagering-Casino-Bonuses.png\"},{\"@type\":\"BreadcrumbList\",\"@id\":\"https:\/\/casinoreturn.com\/hu\/no-wagering-casino-bonuszok-kanada\/#breadcrumb\",\"itemListElement\":[{\"@type\":\"ListItem\",\"position\":1,\"name\":\"Home\",\"item\":\"https:\/\/casinoreturn.com\/hu\/home\/\"},{\"@type\":\"ListItem\",\"position\":2,\"name\":\"No Wagering Casino b\u00f3nuszok Kanada\"}]},{\"@type\":\"WebSite\",\"@id\":\"https:\/\/casinoreturn.com\/#website\",\"url\":\"https:\/\/casinoreturn.com\/\",\"name\":\"casinoreturn\",\"description\":\"\",\"publisher\":{\"@id\":\"https:\/\/casinoreturn.com\/#organization\"},\"potentialAction\":[{\"@type\":\"SearchAction\",\"target\":{\"@type\":\"EntryPoint\",\"urlTemplate\":\"https:\/\/casinoreturn.com\/?s={search_term_string}\"},\"query-input\":{\"@type\":\"PropertyValueSpecification\",\"valueRequired\":true,\"valueName\":\"search_term_string\"}}],\"inLanguage\":\"hu\"},{\"@type\":\"Organization\",\"@id\":\"https:\/\/casinoreturn.com\/#organization\",\"name\":\"casinoreturn\",\"url\":\"https:\/\/casinoreturn.com\/\",\"logo\":{\"@type\":\"ImageObject\",\"inLanguage\":\"hu\",\"@id\":\"https:\/\/casinoreturn.com\/#\/schema\/logo\/image\/\",\"url\":\"https:\/\/casinoreturn.com\/wp-content\/uploads\/2024\/09\/animal-favicon.png\",\"contentUrl\":\"https:\/\/casinoreturn.com\/wp-content\/uploads\/2024\/09\/animal-favicon.png\",\"width\":92,\"height\":92,\"caption\":\"casinoreturn\"},\"image\":{\"@id\":\"https:\/\/casinoreturn.com\/#\/schema\/logo\/image\/\"}}]}<\/script>\n<!-- \/ Yoast SEO plugin. -->","yoast_head_json":{"title":"No Wagering Casino b\u00f3nuszok Kanada - casinoreturn","description":"A fogad\u00e1s n\u00e9lk\u00fcli kaszin\u00f3b\u00f3nuszok Kanada nagyszer\u0171 m\u00f3dja annak, hogy \u00faj j\u00e1t\u00e9kosokat vonzzanak. Intenz\u00edv vagy No Deposit Bonus vagy No Deposit Free Spins.","robots":{"index":"index","follow":"follow","max-snippet":"max-snippet:-1","max-image-preview":"max-image-preview:large","max-video-preview":"max-video-preview:-1"},"canonical":"https:\/\/casinoreturn.com\/hu\/no-wagering-casino-bonuszok-kanada\/","og_locale":"hu_HU","og_type":"article","og_title":"No Wagering Casino b\u00f3nuszok Kanada - casinoreturn","og_description":"A fogad\u00e1s n\u00e9lk\u00fcli kaszin\u00f3b\u00f3nuszok Kanada nagyszer\u0171 m\u00f3dja annak, hogy \u00faj j\u00e1t\u00e9kosokat vonzzanak. Intenz\u00edv vagy No Deposit Bonus vagy No Deposit Free Spins.","og_url":"https:\/\/casinoreturn.com\/hu\/no-wagering-casino-bonuszok-kanada\/","og_site_name":"casinoreturn","article_modified_time":"2024-12-20T00:42:19+00:00","og_image":[{"width":300,"height":300,"url":"https:\/\/casinoreturn.com\/wp-content\/uploads\/2024\/11\/No-Wagering-Casino-Bonuses.png","type":"image\/png"}],"twitter_card":"summary_large_image","twitter_misc":{"Becs\u00fclt olvas\u00e1si id\u0151":"3 perc"},"schema":{"@context":"https:\/\/schema.org","@graph":[{"@type":"WebPage","@id":"https:\/\/casinoreturn.com\/hu\/no-wagering-casino-bonuszok-kanada\/","url":"https:\/\/casinoreturn.com\/hu\/no-wagering-casino-bonuszok-kanada\/","name":"No Wagering Casino b\u00f3nuszok Kanada - casinoreturn","isPartOf":{"@id":"https:\/\/casinoreturn.com\/#website"},"primaryImageOfPage":{"@id":"https:\/\/casinoreturn.com\/hu\/no-wagering-casino-bonuszok-kanada\/#primaryimage"},"image":{"@id":"https:\/\/casinoreturn.com\/hu\/no-wagering-casino-bonuszok-kanada\/#primaryimage"},"thumbnailUrl":"https:\/\/casinoreturn.com\/wp-content\/uploads\/2024\/11\/No-Wagering-Casino-Bonuses.png","datePublished":"2024-11-12T22:30:29+00:00","dateModified":"2024-12-20T00:42:19+00:00","description":"A fogad\u00e1s n\u00e9lk\u00fcli kaszin\u00f3b\u00f3nuszok Kanada nagyszer\u0171 m\u00f3dja annak, hogy \u00faj j\u00e1t\u00e9kosokat vonzzanak. Intenz\u00edv vagy No Deposit Bonus vagy No Deposit Free Spins.","breadcrumb":{"@id":"https:\/\/casinoreturn.com\/hu\/no-wagering-casino-bonuszok-kanada\/#breadcrumb"},"inLanguage":"hu","potentialAction":[{"@type":"ReadAction","target":["https:\/\/casinoreturn.com\/hu\/no-wagering-casino-bonuszok-kanada\/"]}]},{"@type":"ImageObject","inLanguage":"hu","@id":"https:\/\/casinoreturn.com\/hu\/no-wagering-casino-bonuszok-kanada\/#primaryimage","url":"https:\/\/casinoreturn.com\/wp-content\/uploads\/2024\/11\/No-Wagering-Casino-Bonuses.png","contentUrl":"https:\/\/casinoreturn.com\/wp-content\/uploads\/2024\/11\/No-Wagering-Casino-Bonuses.png"},{"@type":"BreadcrumbList","@id":"https:\/\/casinoreturn.com\/hu\/no-wagering-casino-bonuszok-kanada\/#breadcrumb","itemListElement":[{"@type":"ListItem","position":1,"name":"Home","item":"https:\/\/casinoreturn.com\/hu\/home\/"},{"@type":"ListItem","position":2,"name":"No Wagering Casino b\u00f3nuszok Kanada"}]},{"@type":"WebSite","@id":"https:\/\/casinoreturn.com\/#website","url":"https:\/\/casinoreturn.com\/","name":"casinoreturn","description":"","publisher":{"@id":"https:\/\/casinoreturn.com\/#organization"},"potentialAction":[{"@type":"SearchAction","target":{"@type":"EntryPoint","urlTemplate":"https:\/\/casinoreturn.com\/?s={search_term_string}"},"query-input":{"@type":"PropertyValueSpecification","valueRequired":true,"valueName":"search_term_string"}}],"inLanguage":"hu"},{"@type":"Organization","@id":"https:\/\/casinoreturn.com\/#organization","name":"casinoreturn","url":"https:\/\/casinoreturn.com\/","logo":{"@type":"ImageObject","inLanguage":"hu","@id":"https:\/\/casinoreturn.com\/#\/schema\/logo\/image\/","url":"https:\/\/casinoreturn.com\/wp-content\/uploads\/2024\/09\/animal-favicon.png","contentUrl":"https:\/\/casinoreturn.com\/wp-content\/uploads\/2024\/09\/animal-favicon.png","width":92,"height":92,"caption":"casinoreturn"},"image":{"@id":"https:\/\/casinoreturn.com\/#\/schema\/logo\/image\/"}}]}},"_links":{"self":[{"href":"https:\/\/casinoreturn.com\/hu\/wp-json\/wp\/v2\/pages\/6152","targetHints":{"allow":["GET"]}}],"collection":[{"href":"https:\/\/casinoreturn.com\/hu\/wp-json\/wp\/v2\/pages"}],"about":[{"href":"https:\/\/casinoreturn.com\/hu\/wp-json\/wp\/v2\/types\/page"}],"author":[{"embeddable":true,"href":"https:\/\/casinoreturn.com\/hu\/wp-json\/wp\/v2\/users\/1"}],"replies":[{"embeddable":true,"href":"https:\/\/casinoreturn.com\/hu\/wp-json\/wp\/v2\/comments?post=6152"}],"version-history":[{"count":1,"href":"https:\/\/casinoreturn.com\/hu\/wp-json\/wp\/v2\/pages\/6152\/revisions"}],"predecessor-version":[{"id":6153,"href":"https:\/\/casinoreturn.com\/hu\/wp-json\/wp\/v2\/pages\/6152\/revisions\/6153"}],"wp:attachment":[{"href":"https:\/\/casinoreturn.com\/hu\/wp-json\/wp\/v2\/media?parent=6152"}],"curies":[{"name":"wp","href":"https:\/\/api.w.org\/{rel}","templated":true}]}}