{"id":7909,"date":"2024-11-11T14:31:40","date_gmt":"2024-11-11T14:31:40","guid":{"rendered":"https:\/\/casinoreturn.com\/ontario-kaszinok-kanada\/"},"modified":"2025-03-13T17:09:33","modified_gmt":"2025-03-13T17:09:33","slug":"ontario-kaszinok-kanada","status":"publish","type":"page","link":"https:\/\/casinoreturn.com\/hu\/ontario-kaszinok-kanada\/","title":{"rendered":"Ontario kaszin\u00f3k Kanada"},"content":{"rendered":"\t\t<div data-elementor-type=\"wp-page\" data-elementor-id=\"7909\" class=\"elementor elementor-7909\" data-elementor-post-type=\"page\">\n\t\t\t\t<div class=\"elementor-element elementor-element-0319f61 e-con-full e-flex e-con e-parent\" data-id=\"0319f61\" data-element_type=\"container\">\n\t\t\t\t<div class=\"elementor-element elementor-element-c9a4faf elementor-widget elementor-widget-heading\" data-id=\"c9a4faf\" data-element_type=\"widget\" data-widget_type=\"heading.default\">\n\t\t\t\t<div class=\"elementor-widget-container\">\n\t\t\t\t\t<h3 class=\"elementor-heading-title elementor-size-default\">Ontario Casinos Canada - Mit kell tudni?<\/h3>\t\t\t\t<\/div>\n\t\t\t\t<\/div>\n\t\t\t\t<div class=\"elementor-element elementor-element-69ae674 elementor-widget elementor-widget-text-editor\" data-id=\"69ae674\" data-element_type=\"widget\" data-widget_type=\"text-editor.default\">\n\t\t\t\t<div class=\"elementor-widget-container\">\n\t\t\t\t\t\t\t\t\t<p>Ontario Szerencsej\u00e1t\u00e9k Hat\u00f3s\u00e1g \u00e9s Szab\u00e1lyzat. AGCO &amp; OLG \u00e9s iGaming Ontario <\/p>\n<ol>\n<li>Mi az az AGCO? Az AGCO az Alcohol and Gaming Commission of Ontario (Ontarioi Alkohol- \u00e9s Szerencsej\u00e1t\u00e9k Bizotts\u00e1g) r\u00f6vid\u00edt\u00e9se, amely az alkoholt, a szerencsej\u00e1t\u00e9kokat \u00e9s a versenyeket fel\u00fcgyel\u0151 szab\u00e1lyoz\u00f3 szerv. <\/li>\n<li>Mi az OLG? Ontario Lottery and Gaming Corporation, amely a sz\u00e1razf\u00f6ldi kaszin\u00f3\u00e9rt \u00e9s lott\u00f3\u00e9rt felel\u0151s. <\/li>\n<li>Mi az iGaming Ontario? Az ontari\u00f3i enged\u00e9lyek \u00e9s t\u00f6rv\u00e9nyek fel\u00fcgyelet\u00e9t ell\u00e1t\u00f3 szervezet. <\/li>\n<\/ol>\n\t\t\t\t\t\t\t\t<\/div>\n\t\t\t\t<\/div>\n\t\t\t\t<div class=\"elementor-element elementor-element-4bf69de elementor-button-success elementor-align-center elementor-widget elementor-widget-button\" data-id=\"4bf69de\" data-element_type=\"widget\" data-widget_type=\"button.default\">\n\t\t\t\t<div class=\"elementor-widget-container\">\n\t\t\t\t\t\t\t\t\t<div class=\"elementor-button-wrapper\">\n\t\t\t\t\t<a class=\"elementor-button elementor-button-link elementor-size-sm\" href=\"https:\/\/casinoreturn.com\/hu\/ontario-kaszinok-kanada\/#topten\">\n\t\t\t\t\t\t<span class=\"elementor-button-content-wrapper\">\n\t\t\t\t\t\t\t\t\t<span class=\"elementor-button-text\">Top 10 Ontario kaszin\u00f3k - Enged\u00e9lyezett Ontario kaszin\u00f3k<\/span>\n\t\t\t\t\t<\/span>\n\t\t\t\t\t<\/a>\n\t\t\t\t<\/div>\n\t\t\t\t\t\t\t\t<\/div>\n\t\t\t\t<\/div>\n\t\t\t\t<div class=\"elementor-element elementor-element-9081e7f elementor-button-success elementor-align-center elementor-widget elementor-widget-button\" data-id=\"9081e7f\" data-element_type=\"widget\" data-widget_type=\"button.default\">\n\t\t\t\t<div class=\"elementor-widget-container\">\n\t\t\t\t\t\t\t\t\t<div class=\"elementor-button-wrapper\">\n\t\t\t\t\t<a class=\"elementor-button elementor-button-link elementor-size-sm\" href=\"https:\/\/casinoreturn.com\/hu\/kanada-kaszino\/\">\n\t\t\t\t\t\t<span class=\"elementor-button-content-wrapper\">\n\t\t\t\t\t\t\t\t\t<span class=\"elementor-button-text\">Canada Casino - Sportfogad\u00e1s \u00e9s online kaszin\u00f3 alternat\u00edv\u00e1k<\/span>\n\t\t\t\t\t<\/span>\n\t\t\t\t\t<\/a>\n\t\t\t\t<\/div>\n\t\t\t\t\t\t\t\t<\/div>\n\t\t\t\t<\/div>\n\t\t\t\t<div class=\"elementor-element elementor-element-6f15be7 elementor-widget elementor-widget-image\" data-id=\"6f15be7\" data-element_type=\"widget\" data-widget_type=\"image.default\">\n\t\t\t\t<div class=\"elementor-widget-container\">\n\t\t\t\t\t\t\t\t\t\t\t\t\t\t\t<img fetchpriority=\"high\" decoding=\"async\" width=\"548\" height=\"300\" src=\"https:\/\/casinoreturn.com\/wp-content\/uploads\/2024\/12\/Alcohol-and-Gaming-Commission-of-Ontario.jpg\" class=\"attachment-large size-large wp-image-6360\" alt=\"Alcohol-and-Gaming-Commission-of-Ontario\" srcset=\"https:\/\/casinoreturn.com\/wp-content\/uploads\/2024\/12\/Alcohol-and-Gaming-Commission-of-Ontario.jpg 548w, https:\/\/casinoreturn.com\/wp-content\/uploads\/2024\/12\/Alcohol-and-Gaming-Commission-of-Ontario-300x164.jpg 300w\" sizes=\"(max-width: 548px) 100vw, 548px\" \/>\t\t\t\t\t\t\t\t\t\t\t\t\t\t\t<\/div>\n\t\t\t\t<\/div>\n\t\t\t\t<div class=\"elementor-element elementor-element-336ae12 elementor-widget elementor-widget-heading\" data-id=\"336ae12\" data-element_type=\"widget\" id=\"who\" data-widget_type=\"heading.default\">\n\t\t\t\t<div class=\"elementor-widget-container\">\n\t\t\t\t\t<h3 class=\"elementor-heading-title elementor-size-default\">Ki j\u00e1tszhat az ontari\u00f3i kaszin\u00f3kban?<\/h3>\t\t\t\t<\/div>\n\t\t\t\t<\/div>\n\t\t\t\t<div class=\"elementor-element elementor-element-6cea1ba elementor-widget elementor-widget-text-editor\" data-id=\"6cea1ba\" data-element_type=\"widget\" data-widget_type=\"text-editor.default\">\n\t\t\t\t<div class=\"elementor-widget-container\">\n\t\t\t\t\t\t\t\t\t<p>Az ontari\u00f3i kaszin\u00f3kat haszn\u00e1l\u00f3 j\u00e1t\u00e9kosoknak leg\u00e1lis szem\u00e9lyazonos\u00edt\u00f3 igazolv\u00e1nyt kell felmutatniuk. 19 \u00e9v feletti \u00e9letkor. Az Ontario tartom\u00e1nyon bel\u00fcl kell lakniuk. Az Ontario online kaszin\u00f3k m\u0171k\u00f6d\u00e9s\u00e9nek t\u00f6rv\u00e9nyi felt\u00e9tele a szigor\u00fa KYC folyamat. F\u00f6ldrajzi tart\u00f3zkod\u00e1si hely\u00e9t kell biztos\u00edtani a j\u00e1t\u00e9kosok \u00fajra Jogi dokument\u00e1ci\u00f3, mint p\u00e9ld\u00e1ul a lakc\u00edm igazol\u00e1sa, igazol\u00e1s fizet\u00e9si m\u00f3dok CAD$, Jogi ID, ellen\u0151rz\u00e9se e-mail \u00e9s otthon.      <\/p>\n\t\t\t\t\t\t\t\t<\/div>\n\t\t\t\t<\/div>\n\t\t\t\t<div class=\"elementor-element elementor-element-8efa135 elementor-widget elementor-widget-heading\" data-id=\"8efa135\" data-element_type=\"widget\" data-widget_type=\"heading.default\">\n\t\t\t\t<div class=\"elementor-widget-container\">\n\t\t\t\t\t<h4 class=\"elementor-heading-title elementor-size-default\">Milyen fizet\u00e9si m\u00f3dokat fogadnak el az Ontario online kaszin\u00f3k?<\/h4>\t\t\t\t<\/div>\n\t\t\t\t<\/div>\n\t\t\t\t<div class=\"elementor-element elementor-element-9d2e2ad elementor-widget elementor-widget-text-editor\" data-id=\"9d2e2ad\" data-element_type=\"widget\" data-widget_type=\"text-editor.default\">\n\t\t\t\t<div class=\"elementor-widget-container\">\n\t\t\t\t\t\t\t\t\t<p>Ontario korl\u00e1tozta a fizet\u00e9si m\u00f3dokat, \u00e9s kiz\u00e1rta a kriptovalut\u00e1kat. L\u00e9tfontoss\u00e1g\u00fa, hogy el\u0151sz\u00f6r ellen\u0151rizze, hogy az \u00d6n \u00e1ltal v\u00e1lasztott Ontario Casino rendelkezik-e \u00e9rv\u00e9nyes Ontario licenccel ( Kattintson a licenc log\u00f3ra \u00e9s ellen\u0151rizze a sz\u00e1mot \u00e9s az \u00e9rv\u00e9nyes\u00edt\u00e9st &#8211; a fekete b\u00e1r\u00e1nyok enged\u00e9lyt mutatnak, de nem rendelkeznek \u00e9rv\u00e9nyes licenccel).   <\/p>\n\t\t\t\t\t\t\t\t<\/div>\n\t\t\t\t<\/div>\n\t\t\t\t<div class=\"elementor-element elementor-element-7e6ad6e elementor-widget elementor-widget-text-editor\" data-id=\"7e6ad6e\" data-element_type=\"widget\" data-widget_type=\"text-editor.default\">\n\t\t\t\t<div class=\"elementor-widget-container\">\n\t\t\t\t\t\t\t\t\t<ul>\n<li>e-p\u00e9nzt\u00e1rc\u00e1k<\/li>\n<li>Bet\u00e9ti k\u00e1rty\u00e1k  <\/li>\n<li>Online banki \u00e1tutal\u00e1sok<\/li>\n<li>Prepaid k\u00e1rty\u00e1k<\/li>\n<li><strong>Interac ( A legn\u00e9pszer\u0171bb Ontario fizet\u00e9si m\u00f3d)<\/strong><\/li>\n<li>Instadebit<\/li>\n<\/ul>\n\t\t\t\t\t\t\t\t<\/div>\n\t\t\t\t<\/div>\n\t\t\t\t<div class=\"elementor-element elementor-element-98ea00d elementor-widget elementor-widget-heading\" data-id=\"98ea00d\" data-element_type=\"widget\" data-widget_type=\"heading.default\">\n\t\t\t\t<div class=\"elementor-widget-container\">\n\t\t\t\t\t<h4 class=\"elementor-heading-title elementor-size-default\">Milyen j\u00e1t\u00e9kok j\u00e1tszhat\u00f3k az Ontario Casinosban?<\/h4>\t\t\t\t<\/div>\n\t\t\t\t<\/div>\n\t\t\t\t<div class=\"elementor-element elementor-element-f8e0ae3 elementor-widget elementor-widget-text-editor\" data-id=\"f8e0ae3\" data-element_type=\"widget\" data-widget_type=\"text-editor.default\">\n\t\t\t\t<div class=\"elementor-widget-container\">\n\t\t\t\t\t\t\t\t\t<p>Leg\u00e1lisan enged\u00e9lyezett j\u00e1t\u00e9kok Ontari\u00f3ban:<\/p>\n<ul>\n<li>Kaszin\u00f3 \u00e9s nyer\u0151g\u00e9pek  <\/li>\n<li>Sportfogad\u00e1s \u00e9s versenyfogad\u00e1s<\/li>\n<li>Lott\u00f3  <\/li>\n<li>Bingo<\/li>\n<\/ul>\n\t\t\t\t\t\t\t\t<\/div>\n\t\t\t\t<\/div>\n\t\t\t\t<div class=\"elementor-element elementor-element-67a6ce0 elementor-widget elementor-widget-heading\" data-id=\"67a6ce0\" data-element_type=\"widget\" id=\"topten\" data-widget_type=\"heading.default\">\n\t\t\t\t<div class=\"elementor-widget-container\">\n\t\t\t\t\t<h4 class=\"elementor-heading-title elementor-size-default\">Top 10 Ontario kaszin\u00f3k - Enged\u00e9lyezett Ontario kaszin\u00f3k<\/h4>\t\t\t\t<\/div>\n\t\t\t\t<\/div>\n\t\t<div class=\"elementor-element elementor-element-3d369fc e-flex e-con-boxed e-con e-child\" data-id=\"3d369fc\" data-element_type=\"container\" data-settings=\"{&quot;background_background&quot;:&quot;classic&quot;}\">\n\t\t\t\t\t<div class=\"e-con-inner\">\n\t\t\t\t<div class=\"elementor-element elementor-element-ce9e79b elementor-widget elementor-widget-image\" data-id=\"ce9e79b\" data-element_type=\"widget\" data-widget_type=\"image.default\">\n\t\t\t\t<div class=\"elementor-widget-container\">\n\t\t\t\t\t\t\t\t\t\t\t\t\t\t\t\t<a href=\"https:\/\/site.knightslots.com\/index.php?aname=slotstarscookiedough\" target=\"_blank\" rel=\"nofollow\">\n\t\t\t\t\t\t\t<img decoding=\"async\" src=\"https:\/\/casinoreturn.com\/wp-content\/uploads\/elementor\/thumbs\/knight-slots-casino-r2snv7434tcarz5s9r23sgqpqwcr7hq6i81txtjtms.png\" title=\"knight slots casino\" alt=\"knight slots casino\" loading=\"lazy\" \/>\t\t\t\t\t\t\t\t<\/a>\n\t\t\t\t\t\t\t\t\t\t\t\t\t\t\t<\/div>\n\t\t\t\t<\/div>\n\t\t\t\t<div class=\"elementor-element elementor-element-4985015 elementor-widget elementor-widget-heading\" data-id=\"4985015\" data-element_type=\"widget\" data-widget_type=\"heading.default\">\n\t\t\t\t<div class=\"elementor-widget-container\">\n\t\t\t\t\t<h4 class=\"elementor-heading-title elementor-size-default\"><a href=\"https:\/\/site.knightslots.com\/index.php?aname=slotstarscookiedough\" target=\"_blank\" rel=\"nofollow\">Knight Slots kaszin\u00f3 Ontario<\/a><\/h4>\t\t\t\t<\/div>\n\t\t\t\t<\/div>\n\t\t\t\t<div class=\"elementor-element elementor-element-414ba18 elementor-widget elementor-widget-text-editor\" data-id=\"414ba18\" data-element_type=\"widget\" data-widget_type=\"text-editor.default\">\n\t\t\t\t<div class=\"elementor-widget-container\">\n\t\t\t\t\t\t\t\t\t<ul>\n<li>Ontario szerencsej\u00e1t\u00e9k-enged\u00e9ly<\/li>\n<li>100% \u00fcdv\u00f6zl\u0151 kaszin\u00f3b\u00f3nusz ak\u00e1r C$100 + 50 FS a BOD-on<\/li>\n<li>J\u00f3 kaszin\u00f3 b\u00f3nusz fogad\u00e1si 30x  <\/li>\n<li>K\u00f6nny\u0171 navig\u00e1ci\u00f3 mobilon<\/li>\n<\/ul>\n\t\t\t\t\t\t\t\t<\/div>\n\t\t\t\t<\/div>\n\t\t\t\t<div class=\"elementor-element elementor-element-1add6c2 elementor-button-success elementor-align-center elementor-widget elementor-widget-button\" data-id=\"1add6c2\" data-element_type=\"widget\" data-widget_type=\"button.default\">\n\t\t\t\t<div class=\"elementor-widget-container\">\n\t\t\t\t\t\t\t\t\t<div class=\"elementor-button-wrapper\">\n\t\t\t\t\t<a class=\"elementor-button elementor-button-link elementor-size-sm\" href=\"https:\/\/site.knightslots.com\/index.php?aname=slotstarscookiedough\" target=\"_blank\" rel=\"nofollow\">\n\t\t\t\t\t\t<span class=\"elementor-button-content-wrapper\">\n\t\t\t\t\t\t\t\t\t<span class=\"elementor-button-text\">B\u00f3nusz ig\u00e9nyl\u00e9se<\/span>\n\t\t\t\t\t<\/span>\n\t\t\t\t\t<\/a>\n\t\t\t\t<\/div>\n\t\t\t\t\t\t\t\t<\/div>\n\t\t\t\t<\/div>\n\t\t\t\t\t<\/div>\n\t\t\t\t<\/div>\n\t\t<div class=\"elementor-element elementor-element-069cd3c e-flex e-con-boxed e-con e-child\" data-id=\"069cd3c\" data-element_type=\"container\" data-settings=\"{&quot;background_background&quot;:&quot;classic&quot;}\">\n\t\t\t\t\t<div class=\"e-con-inner\">\n\t\t\t\t<div class=\"elementor-element elementor-element-d13329e elementor-widget elementor-widget-image\" data-id=\"d13329e\" data-element_type=\"widget\" data-widget_type=\"image.default\">\n\t\t\t\t<div class=\"elementor-widget-container\">\n\t\t\t\t\t\t\t\t\t\t\t\t\t\t\t<img decoding=\"async\" src=\"https:\/\/casinoreturn.com\/wp-content\/uploads\/elementor\/thumbs\/TonyBet-Sports-Betting-r1eg3fpu53a27qlbupycfxl1sclsvc5hnnnlt3cuhs.jpg\" title=\"TonyBet Sports Betting\" alt=\"TonyBet Sports Betting\" loading=\"lazy\" \/>\t\t\t\t\t\t\t\t\t\t\t\t\t\t\t<\/div>\n\t\t\t\t<\/div>\n\t\t\t\t<div class=\"elementor-element elementor-element-583b62f elementor-widget elementor-widget-heading\" data-id=\"583b62f\" data-element_type=\"widget\" data-widget_type=\"heading.default\">\n\t\t\t\t<div class=\"elementor-widget-container\">\n\t\t\t\t\t<h4 class=\"elementor-heading-title elementor-size-default\">ToniBet kaszin\u00f3 \u00e9s sportfogad\u00e1s Ontario<\/h4>\t\t\t\t<\/div>\n\t\t\t\t<\/div>\n\t\t\t\t<div class=\"elementor-element elementor-element-16861cd elementor-widget elementor-widget-text-editor\" data-id=\"16861cd\" data-element_type=\"widget\" data-widget_type=\"text-editor.default\">\n\t\t\t\t<div class=\"elementor-widget-container\">\n\t\t\t\t\t\t\t\t\t<ul>\n<li>Ontario szerencsej\u00e1t\u00e9k-enged\u00e9ly<\/li>\n<li>100% \u00fcdv\u00f6zl\u0151 kaszin\u00f3b\u00f3nusz ak\u00e1r 350 C$-ig + 50 FS a BOD-n\u00e1l<\/li>\n<li>J\u00f3 kaszin\u00f3 b\u00f3nusz fogad\u00e1si 30x  <\/li>\n<li>K\u00f6nny\u0171 navig\u00e1ci\u00f3 mobilon<\/li>\n<\/ul>\n\t\t\t\t\t\t\t\t<\/div>\n\t\t\t\t<\/div>\n\t\t\t\t<div class=\"elementor-element elementor-element-71fba47 elementor-button-success elementor-align-center elementor-widget elementor-widget-button\" data-id=\"71fba47\" data-element_type=\"widget\" data-widget_type=\"button.default\">\n\t\t\t\t<div class=\"elementor-widget-container\">\n\t\t\t\t\t\t\t\t\t<div class=\"elementor-button-wrapper\">\n\t\t\t\t\t<a class=\"elementor-button elementor-size-sm\" role=\"button\">\n\t\t\t\t\t\t<span class=\"elementor-button-content-wrapper\">\n\t\t\t\t\t\t\t\t\t<span class=\"elementor-button-text\">B\u00f3nusz ig\u00e9nyl\u00e9se<\/span>\n\t\t\t\t\t<\/span>\n\t\t\t\t\t<\/a>\n\t\t\t\t<\/div>\n\t\t\t\t\t\t\t\t<\/div>\n\t\t\t\t<\/div>\n\t\t\t\t\t<\/div>\n\t\t\t\t<\/div>\n\t\t\t\t<\/div>\n\t\t<div class=\"elementor-element elementor-element-2cd1199 e-flex e-con-boxed e-con e-parent\" data-id=\"2cd1199\" data-element_type=\"container\">\n\t\t\t\t\t<div class=\"e-con-inner\">\n\t\t\t\t<div class=\"elementor-element elementor-element-87de80c elementor-widget elementor-widget-video\" data-id=\"87de80c\" data-element_type=\"widget\" data-settings=\"{&quot;youtube_url&quot;:&quot;https:\\\/\\\/www.youtube.com\\\/watch?v=XHOmBV4js_E&quot;,&quot;video_type&quot;:&quot;youtube&quot;,&quot;controls&quot;:&quot;yes&quot;}\" data-widget_type=\"video.default\">\n\t\t\t\t<div class=\"elementor-widget-container\">\n\t\t\t\t\t\t\t<div class=\"elementor-wrapper elementor-open-inline\">\n\t\t\t<div class=\"elementor-video\"><\/div>\t\t<\/div>\n\t\t\t\t\t\t<\/div>\n\t\t\t\t<\/div>\n\t\t\t\t\t<\/div>\n\t\t\t\t<\/div>\n\t\t\t\t<\/div>\n\t\t","protected":false},"excerpt":{"rendered":"<p>Ontario Casinos Canada &#8211; Mit kell tudni? Ontario Szerencsej\u00e1t\u00e9k Hat\u00f3s\u00e1g \u00e9s Szab\u00e1lyzat. AGCO &amp; OLG \u00e9s iGaming Ontario Mi az az AGCO? Az AGCO az Alcohol and Gaming Commission of Ontario (Ontarioi Alkohol- \u00e9s Szerencsej\u00e1t\u00e9k Bizotts\u00e1g) r\u00f6vid\u00edt\u00e9se, amely az alkoholt, a szerencsej\u00e1t\u00e9kokat \u00e9s a versenyeket fel\u00fcgyel\u0151 szab\u00e1lyoz\u00f3 szerv. Mi az OLG? Ontario Lottery and Gaming [&hellip;]<\/p>\n","protected":false},"author":1,"featured_media":0,"parent":0,"menu_order":0,"comment_status":"closed","ping_status":"closed","template":"","meta":{"footnotes":""},"class_list":["post-7909","page","type-page","status-publish","hentry"],"blocksy_meta":[],"acf":[],"yoast_head":"<!-- This site is optimized with the Yoast SEO plugin v24.1 - https:\/\/yoast.com\/wordpress\/plugins\/seo\/ -->\n<title>Ontario kaszin\u00f3k Kanada - casinoreturn<\/title>\n<meta name=\"description\" content=\"Ontario Casinos Kanada egy list\u00e1t online kaszin\u00f3k birtokl\u00f3 Ontario Casino License. N\u00e9zz\u00fck meg, ki kicsoda Ontarioban?\" \/>\n<meta name=\"robots\" content=\"index, follow, max-snippet:-1, max-image-preview:large, max-video-preview:-1\" \/>\n<link rel=\"canonical\" href=\"https:\/\/casinoreturn.com\/hu\/ontario-kaszinok-kanada\/\" \/>\n<meta property=\"og:locale\" content=\"hu_HU\" \/>\n<meta property=\"og:type\" content=\"article\" \/>\n<meta property=\"og:title\" content=\"Ontario kaszin\u00f3k Kanada - casinoreturn\" \/>\n<meta property=\"og:description\" content=\"Ontario Casinos Kanada egy list\u00e1t online kaszin\u00f3k birtokl\u00f3 Ontario Casino License. N\u00e9zz\u00fck meg, ki kicsoda Ontarioban?\" \/>\n<meta property=\"og:url\" content=\"https:\/\/casinoreturn.com\/hu\/ontario-kaszinok-kanada\/\" \/>\n<meta property=\"og:site_name\" content=\"casinoreturn\" \/>\n<meta property=\"article:modified_time\" content=\"2025-03-13T17:09:33+00:00\" \/>\n<meta property=\"og:image\" content=\"https:\/\/casinoreturn.com\/wp-content\/uploads\/2024\/12\/Alcohol-and-Gaming-Commission-of-Ontario.jpg\" \/>\n\t<meta property=\"og:image:width\" content=\"548\" \/>\n\t<meta property=\"og:image:height\" content=\"300\" \/>\n\t<meta property=\"og:image:type\" content=\"image\/jpeg\" \/>\n<meta name=\"twitter:card\" content=\"summary_large_image\" \/>\n<meta name=\"twitter:label1\" content=\"Becs\u00fclt olvas\u00e1si id\u0151\" \/>\n\t<meta name=\"twitter:data1\" content=\"2 perc\" \/>\n<script type=\"application\/ld+json\" class=\"yoast-schema-graph\">{\"@context\":\"https:\/\/schema.org\",\"@graph\":[{\"@type\":\"WebPage\",\"@id\":\"https:\/\/casinoreturn.com\/hu\/ontario-kaszinok-kanada\/\",\"url\":\"https:\/\/casinoreturn.com\/hu\/ontario-kaszinok-kanada\/\",\"name\":\"Ontario kaszin\u00f3k Kanada - casinoreturn\",\"isPartOf\":{\"@id\":\"https:\/\/casinoreturn.com\/#website\"},\"primaryImageOfPage\":{\"@id\":\"https:\/\/casinoreturn.com\/hu\/ontario-kaszinok-kanada\/#primaryimage\"},\"image\":{\"@id\":\"https:\/\/casinoreturn.com\/hu\/ontario-kaszinok-kanada\/#primaryimage\"},\"thumbnailUrl\":\"https:\/\/casinoreturn.com\/wp-content\/uploads\/2024\/12\/Alcohol-and-Gaming-Commission-of-Ontario.jpg\",\"datePublished\":\"2024-11-11T14:31:40+00:00\",\"dateModified\":\"2025-03-13T17:09:33+00:00\",\"description\":\"Ontario Casinos Kanada egy list\u00e1t online kaszin\u00f3k birtokl\u00f3 Ontario Casino License. N\u00e9zz\u00fck meg, ki kicsoda Ontarioban?\",\"breadcrumb\":{\"@id\":\"https:\/\/casinoreturn.com\/hu\/ontario-kaszinok-kanada\/#breadcrumb\"},\"inLanguage\":\"hu\",\"potentialAction\":[{\"@type\":\"ReadAction\",\"target\":[\"https:\/\/casinoreturn.com\/hu\/ontario-kaszinok-kanada\/\"]}]},{\"@type\":\"ImageObject\",\"inLanguage\":\"hu\",\"@id\":\"https:\/\/casinoreturn.com\/hu\/ontario-kaszinok-kanada\/#primaryimage\",\"url\":\"https:\/\/casinoreturn.com\/wp-content\/uploads\/2024\/12\/Alcohol-and-Gaming-Commission-of-Ontario.jpg\",\"contentUrl\":\"https:\/\/casinoreturn.com\/wp-content\/uploads\/2024\/12\/Alcohol-and-Gaming-Commission-of-Ontario.jpg\"},{\"@type\":\"BreadcrumbList\",\"@id\":\"https:\/\/casinoreturn.com\/hu\/ontario-kaszinok-kanada\/#breadcrumb\",\"itemListElement\":[{\"@type\":\"ListItem\",\"position\":1,\"name\":\"Home\",\"item\":\"https:\/\/casinoreturn.com\/hu\/home\/\"},{\"@type\":\"ListItem\",\"position\":2,\"name\":\"Ontario kaszin\u00f3k Kanada\"}]},{\"@type\":\"WebSite\",\"@id\":\"https:\/\/casinoreturn.com\/#website\",\"url\":\"https:\/\/casinoreturn.com\/\",\"name\":\"casinoreturn\",\"description\":\"\",\"publisher\":{\"@id\":\"https:\/\/casinoreturn.com\/#organization\"},\"potentialAction\":[{\"@type\":\"SearchAction\",\"target\":{\"@type\":\"EntryPoint\",\"urlTemplate\":\"https:\/\/casinoreturn.com\/?s={search_term_string}\"},\"query-input\":{\"@type\":\"PropertyValueSpecification\",\"valueRequired\":true,\"valueName\":\"search_term_string\"}}],\"inLanguage\":\"hu\"},{\"@type\":\"Organization\",\"@id\":\"https:\/\/casinoreturn.com\/#organization\",\"name\":\"casinoreturn\",\"url\":\"https:\/\/casinoreturn.com\/\",\"logo\":{\"@type\":\"ImageObject\",\"inLanguage\":\"hu\",\"@id\":\"https:\/\/casinoreturn.com\/#\/schema\/logo\/image\/\",\"url\":\"https:\/\/casinoreturn.com\/wp-content\/uploads\/2024\/09\/animal-favicon.png\",\"contentUrl\":\"https:\/\/casinoreturn.com\/wp-content\/uploads\/2024\/09\/animal-favicon.png\",\"width\":92,\"height\":92,\"caption\":\"casinoreturn\"},\"image\":{\"@id\":\"https:\/\/casinoreturn.com\/#\/schema\/logo\/image\/\"}}]}<\/script>\n<!-- \/ Yoast SEO plugin. -->","yoast_head_json":{"title":"Ontario kaszin\u00f3k Kanada - casinoreturn","description":"Ontario Casinos Kanada egy list\u00e1t online kaszin\u00f3k birtokl\u00f3 Ontario Casino License. N\u00e9zz\u00fck meg, ki kicsoda Ontarioban?","robots":{"index":"index","follow":"follow","max-snippet":"max-snippet:-1","max-image-preview":"max-image-preview:large","max-video-preview":"max-video-preview:-1"},"canonical":"https:\/\/casinoreturn.com\/hu\/ontario-kaszinok-kanada\/","og_locale":"hu_HU","og_type":"article","og_title":"Ontario kaszin\u00f3k Kanada - casinoreturn","og_description":"Ontario Casinos Kanada egy list\u00e1t online kaszin\u00f3k birtokl\u00f3 Ontario Casino License. N\u00e9zz\u00fck meg, ki kicsoda Ontarioban?","og_url":"https:\/\/casinoreturn.com\/hu\/ontario-kaszinok-kanada\/","og_site_name":"casinoreturn","article_modified_time":"2025-03-13T17:09:33+00:00","og_image":[{"width":548,"height":300,"url":"https:\/\/casinoreturn.com\/wp-content\/uploads\/2024\/12\/Alcohol-and-Gaming-Commission-of-Ontario.jpg","type":"image\/jpeg"}],"twitter_card":"summary_large_image","twitter_misc":{"Becs\u00fclt olvas\u00e1si id\u0151":"2 perc"},"schema":{"@context":"https:\/\/schema.org","@graph":[{"@type":"WebPage","@id":"https:\/\/casinoreturn.com\/hu\/ontario-kaszinok-kanada\/","url":"https:\/\/casinoreturn.com\/hu\/ontario-kaszinok-kanada\/","name":"Ontario kaszin\u00f3k Kanada - casinoreturn","isPartOf":{"@id":"https:\/\/casinoreturn.com\/#website"},"primaryImageOfPage":{"@id":"https:\/\/casinoreturn.com\/hu\/ontario-kaszinok-kanada\/#primaryimage"},"image":{"@id":"https:\/\/casinoreturn.com\/hu\/ontario-kaszinok-kanada\/#primaryimage"},"thumbnailUrl":"https:\/\/casinoreturn.com\/wp-content\/uploads\/2024\/12\/Alcohol-and-Gaming-Commission-of-Ontario.jpg","datePublished":"2024-11-11T14:31:40+00:00","dateModified":"2025-03-13T17:09:33+00:00","description":"Ontario Casinos Kanada egy list\u00e1t online kaszin\u00f3k birtokl\u00f3 Ontario Casino License. N\u00e9zz\u00fck meg, ki kicsoda Ontarioban?","breadcrumb":{"@id":"https:\/\/casinoreturn.com\/hu\/ontario-kaszinok-kanada\/#breadcrumb"},"inLanguage":"hu","potentialAction":[{"@type":"ReadAction","target":["https:\/\/casinoreturn.com\/hu\/ontario-kaszinok-kanada\/"]}]},{"@type":"ImageObject","inLanguage":"hu","@id":"https:\/\/casinoreturn.com\/hu\/ontario-kaszinok-kanada\/#primaryimage","url":"https:\/\/casinoreturn.com\/wp-content\/uploads\/2024\/12\/Alcohol-and-Gaming-Commission-of-Ontario.jpg","contentUrl":"https:\/\/casinoreturn.com\/wp-content\/uploads\/2024\/12\/Alcohol-and-Gaming-Commission-of-Ontario.jpg"},{"@type":"BreadcrumbList","@id":"https:\/\/casinoreturn.com\/hu\/ontario-kaszinok-kanada\/#breadcrumb","itemListElement":[{"@type":"ListItem","position":1,"name":"Home","item":"https:\/\/casinoreturn.com\/hu\/home\/"},{"@type":"ListItem","position":2,"name":"Ontario kaszin\u00f3k Kanada"}]},{"@type":"WebSite","@id":"https:\/\/casinoreturn.com\/#website","url":"https:\/\/casinoreturn.com\/","name":"casinoreturn","description":"","publisher":{"@id":"https:\/\/casinoreturn.com\/#organization"},"potentialAction":[{"@type":"SearchAction","target":{"@type":"EntryPoint","urlTemplate":"https:\/\/casinoreturn.com\/?s={search_term_string}"},"query-input":{"@type":"PropertyValueSpecification","valueRequired":true,"valueName":"search_term_string"}}],"inLanguage":"hu"},{"@type":"Organization","@id":"https:\/\/casinoreturn.com\/#organization","name":"casinoreturn","url":"https:\/\/casinoreturn.com\/","logo":{"@type":"ImageObject","inLanguage":"hu","@id":"https:\/\/casinoreturn.com\/#\/schema\/logo\/image\/","url":"https:\/\/casinoreturn.com\/wp-content\/uploads\/2024\/09\/animal-favicon.png","contentUrl":"https:\/\/casinoreturn.com\/wp-content\/uploads\/2024\/09\/animal-favicon.png","width":92,"height":92,"caption":"casinoreturn"},"image":{"@id":"https:\/\/casinoreturn.com\/#\/schema\/logo\/image\/"}}]}},"_links":{"self":[{"href":"https:\/\/casinoreturn.com\/hu\/wp-json\/wp\/v2\/pages\/7909","targetHints":{"allow":["GET"]}}],"collection":[{"href":"https:\/\/casinoreturn.com\/hu\/wp-json\/wp\/v2\/pages"}],"about":[{"href":"https:\/\/casinoreturn.com\/hu\/wp-json\/wp\/v2\/types\/page"}],"author":[{"embeddable":true,"href":"https:\/\/casinoreturn.com\/hu\/wp-json\/wp\/v2\/users\/1"}],"replies":[{"embeddable":true,"href":"https:\/\/casinoreturn.com\/hu\/wp-json\/wp\/v2\/comments?post=7909"}],"version-history":[{"count":5,"href":"https:\/\/casinoreturn.com\/hu\/wp-json\/wp\/v2\/pages\/7909\/revisions"}],"predecessor-version":[{"id":11345,"href":"https:\/\/casinoreturn.com\/hu\/wp-json\/wp\/v2\/pages\/7909\/revisions\/11345"}],"wp:attachment":[{"href":"https:\/\/casinoreturn.com\/hu\/wp-json\/wp\/v2\/media?parent=7909"}],"curies":[{"name":"wp","href":"https:\/\/api.w.org\/{rel}","templated":true}]}}