{"id":11473,"date":"2025-03-13T19:06:27","date_gmt":"2025-03-13T19:06:27","guid":{"rendered":"https:\/\/casinoreturn.com\/?page_id=11473"},"modified":"2025-03-13T19:06:31","modified_gmt":"2025-03-13T19:06:31","slug":"ubegrenset-velkomstbonus-kasinoer","status":"publish","type":"page","link":"https:\/\/casinoreturn.com\/no\/ubegrenset-velkomstbonus-kasinoer\/","title":{"rendered":"Ubegrenset velkomstbonus kasinoer"},"content":{"rendered":"\t\t<div data-elementor-type=\"wp-page\" data-elementor-id=\"11473\" class=\"elementor elementor-11473\" data-elementor-post-type=\"page\">\n\t\t\t\t<div class=\"elementor-element elementor-element-65fa180 e-con-full e-flex e-con e-parent\" data-id=\"65fa180\" data-element_type=\"container\">\n\t\t\t\t<div class=\"elementor-element elementor-element-a7ea856 elementor-widget elementor-widget-heading\" data-id=\"a7ea856\" data-element_type=\"widget\" data-widget_type=\"heading.default\">\n\t\t\t\t<div class=\"elementor-widget-container\">\n\t\t\t\t\t<h3 class=\"elementor-heading-title elementor-size-default\">Ubegrenset velkomstbonus kasinoer<\/h3>\t\t\t\t<\/div>\n\t\t\t\t<\/div>\n\t\t\t\t<div class=\"elementor-element elementor-element-5b18e53 elementor-widget elementor-widget-text-editor\" data-id=\"5b18e53\" data-element_type=\"widget\" data-widget_type=\"text-editor.default\">\n\t\t\t\t<div class=\"elementor-widget-container\">\n\t\t\t\t\t\t\t\t\t<p>Ubegrenset velkomstbonus-kasinoer spirer. Denne nye typen casinotilbud ser ut til \u00e5 tiltrekke seg en ny type spillere. Vi har unders\u00f8kt ubegrensede bonuser og har samlet en liste over kasinoer som tilbyr ubegrensede f\u00f8rsteinnskuddsbonuser. Vi sammenligner ubegrensede velkomstbonuser med hybride velkomstbonuser (casinobonus pluss gratisspinn). Fordeler og ulemper med ubegrensede casinotilbud for ditt f\u00f8rste innskudd.      <\/p>\n<p><strong>I denne artikkelen:  <\/strong><\/p>\n<ul>\n<li><a href=\"https:\/\/casinoreturn.com\/no\/?page_id=11473#unlim\">Ubegrenset bonus: Er det for godt til \u00e5 v\u00e6re sant?  <\/a><\/li>\n<li>Hvordan fungerer en ubegrenset velkomstbonus?<\/li>\n<li>\n<h5><a href=\"https:\/\/casinoreturn.com\/no\/?page_id=11473#welcome\"><strong>Ubegrenset velkomstbonus kasinoer<\/strong><\/a><\/h5>\n<\/li>\n<li><a href=\"https:\/\/casinoreturn.com\/no\/?page_id=11473#pros\">Fordeler og ulemper med ubegrensede f\u00f8rsteinnskuddsbonuser<\/a><\/li>\n<li><a href=\"https:\/\/casinoreturn.com\/no\/?page_id=11473#faq\">Vanlige sp\u00f8rsm\u00e5l<\/a><\/li>\n<\/ul>\n\t\t\t\t\t\t\t\t<\/div>\n\t\t\t\t<\/div>\n\t\t\t\t<\/div>\n\t\t<div class=\"elementor-element elementor-element-3649d24 e-con-full e-flex e-con e-parent\" data-id=\"3649d24\" data-element_type=\"container\" data-settings=\"{&quot;background_background&quot;:&quot;classic&quot;}\">\n\t\t\t\t<div class=\"elementor-element elementor-element-c5dc9e4 elementor-widget elementor-widget-image\" data-id=\"c5dc9e4\" data-element_type=\"widget\" data-widget_type=\"image.default\">\n\t\t\t\t<div class=\"elementor-widget-container\">\n\t\t\t\t\t\t\t\t\t\t\t\t\t\t\t<img decoding=\"async\" src=\"https:\/\/casinoreturn.com\/wp-content\/uploads\/elementor\/thumbs\/unlimited-welcome-bonus-casinos-1-r2t5vjaha6pg376pb8p6qwexae4ucxq9pqklcybqdg.png\" title=\"unlimited welcome bonus casinos\" alt=\"unlimited welcome bonus casinos\" loading=\"lazy\" \/>\t\t\t\t\t\t\t\t\t\t\t\t\t\t\t<\/div>\n\t\t\t\t<\/div>\n\t\t\t\t<\/div>\n\t\t<div class=\"elementor-element elementor-element-5307139 e-con-full e-flex e-con e-parent\" data-id=\"5307139\" data-element_type=\"container\">\n\t\t\t\t<div class=\"elementor-element elementor-element-1356946 elementor-widget elementor-widget-heading\" data-id=\"1356946\" data-element_type=\"widget\" id=\"unlim\" data-widget_type=\"heading.default\">\n\t\t\t\t<div class=\"elementor-widget-container\">\n\t\t\t\t\t<h4 class=\"elementor-heading-title elementor-size-default\">Ubegrenset bonus: For godt til \u00e5 v\u00e6re sant?<\/h4>\t\t\t\t<\/div>\n\t\t\t\t<\/div>\n\t\t\t\t<div class=\"elementor-element elementor-element-0922729 elementor-widget elementor-widget-text-editor\" data-id=\"0922729\" data-element_type=\"widget\" data-widget_type=\"text-editor.default\">\n\t\t\t\t<div class=\"elementor-widget-container\">\n\t\t\t\t\t\t\t\t\t<p>Det er alltid spennende og spennende \u00e5 gj\u00f8re sitt f\u00f8rste innskudd hos et casino. Kasinoene har laget mange funksjoner og bonustyper for nyregistrerte spillere for \u00e5 stimulere nye spillere til \u00e5 sette inn penger. Et velkomsttilbud best\u00e5r tradisjonelt sett av en bonus og gratisspinn som utl\u00f8ses av spillerens f\u00f8rste vellykkede innskudd.    <\/p>\n<p><strong>Typiske elementer i en velkomstbonus:<\/strong><\/p>\n<ul>\n<li>Bonuslevetid fra 7-14 dager (sjelden 21 dager)<\/li>\n<li>Omsetning av casinobonus 30 til 60 ganger<\/li>\n<li>Gratisspinn-innsats opptil 80 ganger<\/li>\n<li>Matchende innskuddsbonuser fra 50% opp til 400% er kjent<\/li>\n<li>Innskudd varierer fra s\u00e5 lite som 1 euro opp til 4 500 euro<\/li>\n<li>Det gjelder noen begrensninger p\u00e5 Live-bord og spilleautomater.  <\/li>\n<\/ul>\n<p><strong>Ubegrenset med velkomsttilbud i kasinoet<\/strong><\/p>\n<p>Denne typen casino har typiske elementer, men tilbyr nye spillere et ubegrenset f\u00f8rste innskudd.  <strong>S\u00e5, hvordan fungerer casinoer med ubegrenset velkomstbonus?<\/strong><\/p>\n<p>Spillere kan velge den h\u00f8yeste marginen for sitt f\u00f8rste innskudd. Vilk\u00e5r og betingelser gjelder.   <\/p>\n\t\t\t\t\t\t\t\t<\/div>\n\t\t\t\t<\/div>\n\t\t\t\t<div class=\"elementor-element elementor-element-4971b29 elementor-widget elementor-widget-heading\" data-id=\"4971b29\" data-element_type=\"widget\" id=\"pros\" data-widget_type=\"heading.default\">\n\t\t\t\t<div class=\"elementor-widget-container\">\n\t\t\t\t\t<h4 class=\"elementor-heading-title elementor-size-default\">Fordeler og ulemper Ubegrenset casinobonus<\/h4>\t\t\t\t<\/div>\n\t\t\t\t<\/div>\n\t\t\t\t<div class=\"elementor-element elementor-element-5a2c3e3 elementor-widget elementor-widget-text-editor\" data-id=\"5a2c3e3\" data-element_type=\"widget\" data-widget_type=\"text-editor.default\">\n\t\t\t\t<div class=\"elementor-widget-container\">\n\t\t\t\t\t\t\t\t\t<p><strong>Fordeler:  <\/strong><\/p>\n<ul>\n<li>Valget er ditt &#8211; du bestemmer selv grensene for innskudd.<\/li>\n<li>Forbrukere med h\u00f8yere omsetning kan oppn\u00e5 h\u00f8yere niv\u00e5er i VIP-programmer og f\u00e5 gunstige Cashbacks<\/li>\n<\/ul>\n<p><strong>Ulemper:<\/strong> <\/p>\n<ul>\n<li>Bonus Lifetime kan legge en viss belastning p\u00e5 seg selv for \u00e5 fullf\u00f8re innsatsen<\/li>\n<li>Ansvarlig spillvirksomhet<\/li>\n<li>Vilk\u00e5r og betingelser er vanskeligere \u00e5 oppn\u00e5, og risikerer \u00e5 annullere den gjenv\u00e6rende bonussaldoen<\/li>\n<\/ul>\n\t\t\t\t\t\t\t\t<\/div>\n\t\t\t\t<\/div>\n\t\t\t\t<div class=\"elementor-element elementor-element-eacb97d elementor-widget elementor-widget-heading\" data-id=\"eacb97d\" data-element_type=\"widget\" id=\"welcome\" data-widget_type=\"heading.default\">\n\t\t\t\t<div class=\"elementor-widget-container\">\n\t\t\t\t\t<h4 class=\"elementor-heading-title elementor-size-default\">Ubegrenset velkomstbonus kasinoer<\/h4>\t\t\t\t<\/div>\n\t\t\t\t<\/div>\n\t\t\t\t<div class=\"elementor-element elementor-element-628dff1 elementor-widget elementor-widget-image\" data-id=\"628dff1\" data-element_type=\"widget\" data-widget_type=\"image.default\">\n\t\t\t\t<div class=\"elementor-widget-container\">\n\t\t\t\t\t\t\t\t\t\t\t\t\t\t\t<img decoding=\"async\" src=\"https:\/\/casinoreturn.com\/wp-content\/uploads\/elementor\/thumbs\/Global-Crypto-deposits-r27yw7zfpamo2ywuxdyacn3ygux8rbsfd9bht15akw.jpg\" title=\"Bonus by country\" alt=\"Bonus by country\" loading=\"lazy\" \/>\t\t\t\t\t\t\t\t\t\t\t\t\t\t\t<\/div>\n\t\t\t\t<\/div>\n\t\t\t\t<\/div>\n\t\t<div class=\"elementor-element elementor-element-4c21936 e-con-full e-flex e-con e-parent\" data-id=\"4c21936\" data-element_type=\"container\" data-settings=\"{&quot;background_background&quot;:&quot;classic&quot;}\">\n\t\t\t\t<div class=\"elementor-element elementor-element-464e37a elementor-widget elementor-widget-image\" data-id=\"464e37a\" data-element_type=\"widget\" data-widget_type=\"image.default\">\n\t\t\t\t<div class=\"elementor-widget-container\">\n\t\t\t\t\t\t\t\t\t\t\t\t\t\t\t\t<a href=\"https:\/\/drp-irrs12.com\/c56da96c3\" target=\"_blank\" rel=\"nofollow\">\n\t\t\t\t\t\t\t<img decoding=\"async\" src=\"https:\/\/casinoreturn.com\/wp-content\/uploads\/elementor\/thumbs\/Drip-Logo-quhy3morqp635l0w5yz0duvn4zr39840ni7k2iml6g.png\" title=\"Drip Logo\" alt=\"Drip No Deposit Bonus Casino\" loading=\"lazy\" \/>\t\t\t\t\t\t\t\t<\/a>\n\t\t\t\t\t\t\t\t\t\t\t\t\t\t\t<\/div>\n\t\t\t\t<\/div>\n\t\t\t\t<div class=\"elementor-element elementor-element-227afe5 elementor-widget elementor-widget-heading\" data-id=\"227afe5\" data-element_type=\"widget\" data-widget_type=\"heading.default\">\n\t\t\t\t<div class=\"elementor-widget-container\">\n\t\t\t\t\t<h4 class=\"elementor-heading-title elementor-size-default\"><a href=\"https:\/\/drp-irrs12.com\/c56da96c3\" target=\"_blank\" rel=\"nofollow\">Drip Unlimited Casino Bonus<\/a><\/h4>\t\t\t\t<\/div>\n\t\t\t\t<\/div>\n\t\t\t\t<div class=\"elementor-element elementor-element-1a35b8f elementor-widget elementor-widget-text-editor\" data-id=\"1a35b8f\" data-element_type=\"widget\" data-widget_type=\"text-editor.default\">\n\t\t\t\t<div class=\"elementor-widget-container\">\n\t\t\t\t\t\t\t\t\t<p><strong>20 gratisspinn p\u00e5 Reg&raquo;RETURN50 \u2033<\/strong> + <strong>50% No Limit Bonus<\/strong> Vilk\u00e5r og betingelser gjelder  <\/p>\n\t\t\t\t\t\t\t\t<\/div>\n\t\t\t\t<\/div>\n\t\t\t\t<div class=\"elementor-element elementor-element-028e927 elementor-button-success elementor-align-center elementor-widget elementor-widget-button\" data-id=\"028e927\" data-element_type=\"widget\" data-widget_type=\"button.default\">\n\t\t\t\t<div class=\"elementor-widget-container\">\n\t\t\t\t\t\t\t\t\t<div class=\"elementor-button-wrapper\">\n\t\t\t\t\t<a class=\"elementor-button elementor-button-link elementor-size-sm\" href=\"https:\/\/drp-irrs12.com\/c56da96c3\" target=\"_blank\" rel=\"nofollow\">\n\t\t\t\t\t\t<span class=\"elementor-button-content-wrapper\">\n\t\t\t\t\t\t\t\t\t<span class=\"elementor-button-text\">Krev bonus<\/span>\n\t\t\t\t\t<\/span>\n\t\t\t\t\t<\/a>\n\t\t\t\t<\/div>\n\t\t\t\t\t\t\t\t<\/div>\n\t\t\t\t<\/div>\n\t\t\t\t<\/div>\n\t\t<div class=\"elementor-element elementor-element-8fc8257 e-con-full e-flex e-con e-parent\" data-id=\"8fc8257\" data-element_type=\"container\" data-settings=\"{&quot;background_background&quot;:&quot;classic&quot;}\">\n\t\t\t\t<div class=\"elementor-element elementor-element-ac6b3f6 elementor-widget elementor-widget-image\" data-id=\"ac6b3f6\" data-element_type=\"widget\" data-widget_type=\"image.default\">\n\t\t\t\t<div class=\"elementor-widget-container\">\n\t\t\t\t\t\t\t\t\t\t\t\t\t\t\t\t<a href=\"https:\/\/go.aff.betplays.com\/8b5wn8do?campaign_id=23369\" target=\"_blank\" rel=\"nofollow\">\n\t\t\t\t\t\t\t<img decoding=\"async\" src=\"https:\/\/casinoreturn.com\/wp-content\/uploads\/elementor\/thumbs\/betplays-sports-betting-casino-r1qidagpowuu4ny9q6nt31qg2eecy0nm053wtesv5k.png\" title=\"betplays sports betting casino\" alt=\"betplays sports betting casino\" loading=\"lazy\" \/>\t\t\t\t\t\t\t\t<\/a>\n\t\t\t\t\t\t\t\t\t\t\t\t\t\t\t<\/div>\n\t\t\t\t<\/div>\n\t\t\t\t<div class=\"elementor-element elementor-element-95d6336 elementor-widget elementor-widget-heading\" data-id=\"95d6336\" data-element_type=\"widget\" data-widget_type=\"heading.default\">\n\t\t\t\t<div class=\"elementor-widget-container\">\n\t\t\t\t\t<h4 class=\"elementor-heading-title elementor-size-default\"><a href=\"https:\/\/drp-irrs12.com\/c56da96c3\" target=\"_blank\" rel=\"nofollow\">Betplays ubegrensede casinobonus<\/a><\/h4>\t\t\t\t<\/div>\n\t\t\t\t<\/div>\n\t\t\t\t<div class=\"elementor-element elementor-element-60f774b elementor-widget elementor-widget-text-editor\" data-id=\"60f774b\" data-element_type=\"widget\" data-widget_type=\"text-editor.default\">\n\t\t\t\t<div class=\"elementor-widget-container\">\n\t\t\t\t\t\t\t\t\t<p><b>100 % ubegrenset velkomstcasino og sportsspill + 20 % gratisspill <\/b>Vilk\u00e5r og betingelser gjelder  <\/p>\n\t\t\t\t\t\t\t\t<\/div>\n\t\t\t\t<\/div>\n\t\t\t\t<div class=\"elementor-element elementor-element-ae6ddab elementor-button-success elementor-align-center elementor-widget elementor-widget-button\" data-id=\"ae6ddab\" data-element_type=\"widget\" data-widget_type=\"button.default\">\n\t\t\t\t<div class=\"elementor-widget-container\">\n\t\t\t\t\t\t\t\t\t<div class=\"elementor-button-wrapper\">\n\t\t\t\t\t<a class=\"elementor-button elementor-button-link elementor-size-sm\" href=\"https:\/\/go.aff.betplays.com\/8b5wn8do?campaign_id=23369\" target=\"_blank\" rel=\"nofollow\">\n\t\t\t\t\t\t<span class=\"elementor-button-content-wrapper\">\n\t\t\t\t\t\t\t\t\t<span class=\"elementor-button-text\">Krev bonus<\/span>\n\t\t\t\t\t<\/span>\n\t\t\t\t\t<\/a>\n\t\t\t\t<\/div>\n\t\t\t\t\t\t\t\t<\/div>\n\t\t\t\t<\/div>\n\t\t\t\t<\/div>\n\t\t<div class=\"elementor-element elementor-element-32f84a5 e-con-full e-flex e-con e-parent\" data-id=\"32f84a5\" data-element_type=\"container\">\n\t\t\t\t<div class=\"elementor-element elementor-element-7967689 elementor-widget elementor-widget-heading\" data-id=\"7967689\" data-element_type=\"widget\" id=\"faq\" data-widget_type=\"heading.default\">\n\t\t\t\t<div class=\"elementor-widget-container\">\n\t\t\t\t\t<h4 class=\"elementor-heading-title elementor-size-default\">Vanlige sp\u00f8rsm\u00e5l<\/h4>\t\t\t\t<\/div>\n\t\t\t\t<\/div>\n\t\t\t\t<div class=\"elementor-element elementor-element-a49e6bd elementor-widget elementor-widget-elementskit-faq\" data-id=\"a49e6bd\" data-element_type=\"widget\" data-widget_type=\"elementskit-faq.default\">\n\t\t\t\t<div class=\"elementor-widget-container\">\n\t\t\t\t\t<div class=\"ekit-wid-con\" >\n                <div class=\"elementskit-single-faq elementor-repeater-item-bc1842c\">\n            <div class=\"elementskit-faq-header\">\n                <h2 class=\"elementskit-faq-title\">What if I do not complete my Unlimited casino Bonus?  <\/h2>\n            <\/div>\n            <div class=\"elementskit-faq-body\">\n                In most cases, your bonus is voided. Once your bonus is activated, real money funds are used first, and then bonus. We recommend to read the terms and conditions, to be comfortable with bonus lifetime and wagering.            <\/div>\n        <\/div>\n                <div class=\"elementskit-single-faq elementor-repeater-item-7f5232c\">\n            <div class=\"elementskit-faq-header\">\n                <h2 class=\"elementskit-faq-title\">Are Unlimited Bonus offers available in all countries? <\/h2>\n            <\/div>\n            <div class=\"elementskit-faq-body\">\n                Certainly not. They often clash with responsible gaming regulations and Licencing authorities.            <\/div>\n        <\/div>\n                <div class=\"elementskit-single-faq elementor-repeater-item-902802a\">\n            <div class=\"elementskit-faq-header\">\n                <h2 class=\"elementskit-faq-title\">Can I use my Unlimited Bonus for Sports Betting and Casino?<\/h2>\n            <\/div>\n            <div class=\"elementskit-faq-body\">\n                The answer is no. Both casino elements are different. Odds and slots wagering are totally different from another in terms of return to player.            <\/div>\n        <\/div>\n                \n    <\/div>\t\t\t\t<\/div>\n\t\t\t\t<\/div>\n\t\t\t\t<\/div>\n\t\t\t\t<\/div>\n\t\t","protected":false},"excerpt":{"rendered":"<p>Ubegrenset velkomstbonus kasinoer Ubegrenset velkomstbonus-kasinoer spirer. Denne nye typen casinotilbud ser ut til \u00e5 tiltrekke seg en ny type spillere. Vi har unders\u00f8kt ubegrensede bonuser og har samlet en liste over kasinoer som tilbyr ubegrensede f\u00f8rsteinnskuddsbonuser. Vi sammenligner ubegrensede velkomstbonuser med hybride velkomstbonuser (casinobonus pluss gratisspinn). Fordeler og ulemper med ubegrensede casinotilbud for ditt f\u00f8rste [&hellip;]<\/p>\n","protected":false},"author":1,"featured_media":11382,"parent":0,"menu_order":0,"comment_status":"closed","ping_status":"closed","template":"","meta":{"footnotes":""},"class_list":["post-11473","page","type-page","status-publish","has-post-thumbnail","hentry"],"blocksy_meta":[],"acf":[],"yoast_head":"<!-- This site is optimized with the Yoast SEO plugin v24.1 - https:\/\/yoast.com\/wordpress\/plugins\/seo\/ -->\n<title>Ubegrenset velkomstbonus kasinoer - casinoreturn<\/title>\n<meta name=\"description\" content=\"Ubegrensede velkomstbonus-kasinoer spirer. Vi unders\u00f8ker denne typen bonustilbud og dets fordeler og ulemper.\" \/>\n<meta name=\"robots\" content=\"index, follow, max-snippet:-1, max-image-preview:large, max-video-preview:-1\" \/>\n<link rel=\"canonical\" href=\"https:\/\/casinoreturn.com\/no\/ubegrenset-velkomstbonus-kasinoer\/\" \/>\n<meta property=\"og:locale\" content=\"nb_NO\" \/>\n<meta property=\"og:type\" content=\"article\" \/>\n<meta property=\"og:title\" content=\"Ubegrenset velkomstbonus kasinoer - casinoreturn\" \/>\n<meta property=\"og:description\" content=\"Ubegrensede velkomstbonus-kasinoer spirer. Vi unders\u00f8ker denne typen bonustilbud og dets fordeler og ulemper.\" \/>\n<meta property=\"og:url\" content=\"https:\/\/casinoreturn.com\/no\/ubegrenset-velkomstbonus-kasinoer\/\" \/>\n<meta property=\"og:site_name\" content=\"casinoreturn\" \/>\n<meta property=\"article:modified_time\" content=\"2025-03-13T19:06:31+00:00\" \/>\n<meta property=\"og:image\" content=\"https:\/\/casinoreturn.com\/wp-content\/uploads\/2025\/03\/unlimited-welcome-bonus-casinos-1.png\" \/>\n\t<meta property=\"og:image:width\" content=\"1359\" \/>\n\t<meta property=\"og:image:height\" content=\"767\" \/>\n\t<meta property=\"og:image:type\" content=\"image\/png\" \/>\n<meta name=\"twitter:card\" content=\"summary_large_image\" \/>\n<meta name=\"twitter:label1\" content=\"Ansl. lesetid\" \/>\n\t<meta name=\"twitter:data1\" content=\"2 minutter\" \/>\n<script type=\"application\/ld+json\" class=\"yoast-schema-graph\">{\"@context\":\"https:\/\/schema.org\",\"@graph\":[{\"@type\":\"WebPage\",\"@id\":\"https:\/\/casinoreturn.com\/no\/ubegrenset-velkomstbonus-kasinoer\/\",\"url\":\"https:\/\/casinoreturn.com\/no\/ubegrenset-velkomstbonus-kasinoer\/\",\"name\":\"Ubegrenset velkomstbonus kasinoer - casinoreturn\",\"isPartOf\":{\"@id\":\"https:\/\/casinoreturn.com\/#website\"},\"primaryImageOfPage\":{\"@id\":\"https:\/\/casinoreturn.com\/no\/ubegrenset-velkomstbonus-kasinoer\/#primaryimage\"},\"image\":{\"@id\":\"https:\/\/casinoreturn.com\/no\/ubegrenset-velkomstbonus-kasinoer\/#primaryimage\"},\"thumbnailUrl\":\"https:\/\/casinoreturn.com\/wp-content\/uploads\/2025\/03\/unlimited-welcome-bonus-casinos-1.png\",\"datePublished\":\"2025-03-13T19:06:27+00:00\",\"dateModified\":\"2025-03-13T19:06:31+00:00\",\"description\":\"Ubegrensede velkomstbonus-kasinoer spirer. Vi unders\u00f8ker denne typen bonustilbud og dets fordeler og ulemper.\",\"breadcrumb\":{\"@id\":\"https:\/\/casinoreturn.com\/no\/ubegrenset-velkomstbonus-kasinoer\/#breadcrumb\"},\"inLanguage\":\"nb-NO\",\"potentialAction\":[{\"@type\":\"ReadAction\",\"target\":[\"https:\/\/casinoreturn.com\/no\/ubegrenset-velkomstbonus-kasinoer\/\"]}]},{\"@type\":\"ImageObject\",\"inLanguage\":\"nb-NO\",\"@id\":\"https:\/\/casinoreturn.com\/no\/ubegrenset-velkomstbonus-kasinoer\/#primaryimage\",\"url\":\"https:\/\/casinoreturn.com\/wp-content\/uploads\/2025\/03\/unlimited-welcome-bonus-casinos-1.png\",\"contentUrl\":\"https:\/\/casinoreturn.com\/wp-content\/uploads\/2025\/03\/unlimited-welcome-bonus-casinos-1.png\",\"width\":1359,\"height\":767,\"caption\":\"unlimited welcome bonus casinos\"},{\"@type\":\"BreadcrumbList\",\"@id\":\"https:\/\/casinoreturn.com\/no\/ubegrenset-velkomstbonus-kasinoer\/#breadcrumb\",\"itemListElement\":[{\"@type\":\"ListItem\",\"position\":1,\"name\":\"Home\",\"item\":\"https:\/\/casinoreturn.com\/no\/hjem\/\"},{\"@type\":\"ListItem\",\"position\":2,\"name\":\"Ubegrenset velkomstbonus kasinoer\"}]},{\"@type\":\"WebSite\",\"@id\":\"https:\/\/casinoreturn.com\/#website\",\"url\":\"https:\/\/casinoreturn.com\/\",\"name\":\"casinoreturn\",\"description\":\"\",\"publisher\":{\"@id\":\"https:\/\/casinoreturn.com\/#organization\"},\"potentialAction\":[{\"@type\":\"SearchAction\",\"target\":{\"@type\":\"EntryPoint\",\"urlTemplate\":\"https:\/\/casinoreturn.com\/?s={search_term_string}\"},\"query-input\":{\"@type\":\"PropertyValueSpecification\",\"valueRequired\":true,\"valueName\":\"search_term_string\"}}],\"inLanguage\":\"nb-NO\"},{\"@type\":\"Organization\",\"@id\":\"https:\/\/casinoreturn.com\/#organization\",\"name\":\"casinoreturn\",\"url\":\"https:\/\/casinoreturn.com\/\",\"logo\":{\"@type\":\"ImageObject\",\"inLanguage\":\"nb-NO\",\"@id\":\"https:\/\/casinoreturn.com\/#\/schema\/logo\/image\/\",\"url\":\"https:\/\/casinoreturn.com\/wp-content\/uploads\/2024\/09\/animal-favicon.png\",\"contentUrl\":\"https:\/\/casinoreturn.com\/wp-content\/uploads\/2024\/09\/animal-favicon.png\",\"width\":92,\"height\":92,\"caption\":\"casinoreturn\"},\"image\":{\"@id\":\"https:\/\/casinoreturn.com\/#\/schema\/logo\/image\/\"}}]}<\/script>\n<!-- \/ Yoast SEO plugin. -->","yoast_head_json":{"title":"Ubegrenset velkomstbonus kasinoer - casinoreturn","description":"Ubegrensede velkomstbonus-kasinoer spirer. Vi unders\u00f8ker denne typen bonustilbud og dets fordeler og ulemper.","robots":{"index":"index","follow":"follow","max-snippet":"max-snippet:-1","max-image-preview":"max-image-preview:large","max-video-preview":"max-video-preview:-1"},"canonical":"https:\/\/casinoreturn.com\/no\/ubegrenset-velkomstbonus-kasinoer\/","og_locale":"nb_NO","og_type":"article","og_title":"Ubegrenset velkomstbonus kasinoer - casinoreturn","og_description":"Ubegrensede velkomstbonus-kasinoer spirer. Vi unders\u00f8ker denne typen bonustilbud og dets fordeler og ulemper.","og_url":"https:\/\/casinoreturn.com\/no\/ubegrenset-velkomstbonus-kasinoer\/","og_site_name":"casinoreturn","article_modified_time":"2025-03-13T19:06:31+00:00","og_image":[{"width":1359,"height":767,"url":"https:\/\/casinoreturn.com\/wp-content\/uploads\/2025\/03\/unlimited-welcome-bonus-casinos-1.png","type":"image\/png"}],"twitter_card":"summary_large_image","twitter_misc":{"Ansl. lesetid":"2 minutter"},"schema":{"@context":"https:\/\/schema.org","@graph":[{"@type":"WebPage","@id":"https:\/\/casinoreturn.com\/no\/ubegrenset-velkomstbonus-kasinoer\/","url":"https:\/\/casinoreturn.com\/no\/ubegrenset-velkomstbonus-kasinoer\/","name":"Ubegrenset velkomstbonus kasinoer - casinoreturn","isPartOf":{"@id":"https:\/\/casinoreturn.com\/#website"},"primaryImageOfPage":{"@id":"https:\/\/casinoreturn.com\/no\/ubegrenset-velkomstbonus-kasinoer\/#primaryimage"},"image":{"@id":"https:\/\/casinoreturn.com\/no\/ubegrenset-velkomstbonus-kasinoer\/#primaryimage"},"thumbnailUrl":"https:\/\/casinoreturn.com\/wp-content\/uploads\/2025\/03\/unlimited-welcome-bonus-casinos-1.png","datePublished":"2025-03-13T19:06:27+00:00","dateModified":"2025-03-13T19:06:31+00:00","description":"Ubegrensede velkomstbonus-kasinoer spirer. Vi unders\u00f8ker denne typen bonustilbud og dets fordeler og ulemper.","breadcrumb":{"@id":"https:\/\/casinoreturn.com\/no\/ubegrenset-velkomstbonus-kasinoer\/#breadcrumb"},"inLanguage":"nb-NO","potentialAction":[{"@type":"ReadAction","target":["https:\/\/casinoreturn.com\/no\/ubegrenset-velkomstbonus-kasinoer\/"]}]},{"@type":"ImageObject","inLanguage":"nb-NO","@id":"https:\/\/casinoreturn.com\/no\/ubegrenset-velkomstbonus-kasinoer\/#primaryimage","url":"https:\/\/casinoreturn.com\/wp-content\/uploads\/2025\/03\/unlimited-welcome-bonus-casinos-1.png","contentUrl":"https:\/\/casinoreturn.com\/wp-content\/uploads\/2025\/03\/unlimited-welcome-bonus-casinos-1.png","width":1359,"height":767,"caption":"unlimited welcome bonus casinos"},{"@type":"BreadcrumbList","@id":"https:\/\/casinoreturn.com\/no\/ubegrenset-velkomstbonus-kasinoer\/#breadcrumb","itemListElement":[{"@type":"ListItem","position":1,"name":"Home","item":"https:\/\/casinoreturn.com\/no\/hjem\/"},{"@type":"ListItem","position":2,"name":"Ubegrenset velkomstbonus kasinoer"}]},{"@type":"WebSite","@id":"https:\/\/casinoreturn.com\/#website","url":"https:\/\/casinoreturn.com\/","name":"casinoreturn","description":"","publisher":{"@id":"https:\/\/casinoreturn.com\/#organization"},"potentialAction":[{"@type":"SearchAction","target":{"@type":"EntryPoint","urlTemplate":"https:\/\/casinoreturn.com\/?s={search_term_string}"},"query-input":{"@type":"PropertyValueSpecification","valueRequired":true,"valueName":"search_term_string"}}],"inLanguage":"nb-NO"},{"@type":"Organization","@id":"https:\/\/casinoreturn.com\/#organization","name":"casinoreturn","url":"https:\/\/casinoreturn.com\/","logo":{"@type":"ImageObject","inLanguage":"nb-NO","@id":"https:\/\/casinoreturn.com\/#\/schema\/logo\/image\/","url":"https:\/\/casinoreturn.com\/wp-content\/uploads\/2024\/09\/animal-favicon.png","contentUrl":"https:\/\/casinoreturn.com\/wp-content\/uploads\/2024\/09\/animal-favicon.png","width":92,"height":92,"caption":"casinoreturn"},"image":{"@id":"https:\/\/casinoreturn.com\/#\/schema\/logo\/image\/"}}]}},"_links":{"self":[{"href":"https:\/\/casinoreturn.com\/no\/wp-json\/wp\/v2\/pages\/11473","targetHints":{"allow":["GET"]}}],"collection":[{"href":"https:\/\/casinoreturn.com\/no\/wp-json\/wp\/v2\/pages"}],"about":[{"href":"https:\/\/casinoreturn.com\/no\/wp-json\/wp\/v2\/types\/page"}],"author":[{"embeddable":true,"href":"https:\/\/casinoreturn.com\/no\/wp-json\/wp\/v2\/users\/1"}],"replies":[{"embeddable":true,"href":"https:\/\/casinoreturn.com\/no\/wp-json\/wp\/v2\/comments?post=11473"}],"version-history":[{"count":2,"href":"https:\/\/casinoreturn.com\/no\/wp-json\/wp\/v2\/pages\/11473\/revisions"}],"predecessor-version":[{"id":11491,"href":"https:\/\/casinoreturn.com\/no\/wp-json\/wp\/v2\/pages\/11473\/revisions\/11491"}],"wp:featuredmedia":[{"embeddable":true,"href":"https:\/\/casinoreturn.com\/no\/wp-json\/wp\/v2\/media\/11382"}],"wp:attachment":[{"href":"https:\/\/casinoreturn.com\/no\/wp-json\/wp\/v2\/media?parent=11473"}],"curies":[{"name":"wp","href":"https:\/\/api.w.org\/{rel}","templated":true}]}}