{"id":15981,"date":"2025-10-20T11:35:56","date_gmt":"2025-10-20T11:35:56","guid":{"rendered":"https:\/\/casinoreturn.com\/lotterikasinoer-i-virginia\/"},"modified":"2025-10-31T14:12:20","modified_gmt":"2025-10-31T14:12:20","slug":"lotterikasinoer-i-virginia","status":"publish","type":"page","link":"https:\/\/casinoreturn.com\/no\/lotterikasinoer-i-virginia\/","title":{"rendered":"Lotterikasinoer i Virginia"},"content":{"rendered":"\t\t<div data-elementor-type=\"wp-page\" data-elementor-id=\"15981\" class=\"elementor elementor-15981\" data-elementor-post-type=\"page\">\n\t\t\t\t<div class=\"elementor-element elementor-element-047734d e-con-full e-flex e-con e-parent\" data-id=\"047734d\" data-element_type=\"container\">\n\t\t\t\t<div class=\"elementor-element elementor-element-1de28d0 elementor-widget elementor-widget-heading\" data-id=\"1de28d0\" data-element_type=\"widget\" data-widget_type=\"heading.default\">\n\t\t\t\t<div class=\"elementor-widget-container\">\n\t\t\t\t\t<h2 class=\"elementor-heading-title elementor-size-default\">Lotterikasinoer i Virginia<\/h2>\t\t\t\t<\/div>\n\t\t\t\t<\/div>\n\t\t\t\t<div class=\"elementor-element elementor-element-84aa821 elementor-widget elementor-widget-text-editor\" data-id=\"84aa821\" data-element_type=\"widget\" data-widget_type=\"text-editor.default\">\n\t\t\t\t<div class=\"elementor-widget-container\">\n\t\t\t\t\t\t\t\t\t<p>Sweepstake-kasinoer i Virginia anses ikke \u00e5 v\u00e6re pengespill p\u00e5 grunn av modellen med gratis inngang. Andre stater, som New York og California, har tatt et sterkere standpunkt mot lotterikasinoer. Les mer om <a href=\"https:\/\/casinoreturn.com\/new-york-sweepstake-casinos\/\">New York og deres n\u00e5v\u00e6rende juridiske tiln\u00e6rming til lotterikasinoer<\/a>. Og her er en fullstendig gjennomgang av <a href=\"https:\/\/casinoreturn.com\/california-bans-social-sweepstake-games\/\">Californias syn p\u00e5 sweepstake-kasinoer<\/a>.<\/p>\n<p><img fetchpriority=\"high\" decoding=\"async\" class=\"alignnone size-medium wp-image-15603\" src=\"https:\/\/casinoreturn.com\/wp-content\/uploads\/2025\/10\/Sweepstake-Casinos-in-Virginia-300x300.png\" alt=\"Lotterikasinoer i Virginia\" width=\"300\" height=\"300\" srcset=\"https:\/\/casinoreturn.com\/wp-content\/uploads\/2025\/10\/Sweepstake-Casinos-in-Virginia-300x300.png 300w, https:\/\/casinoreturn.com\/wp-content\/uploads\/2025\/10\/Sweepstake-Casinos-in-Virginia-150x150.png 150w, https:\/\/casinoreturn.com\/wp-content\/uploads\/2025\/10\/Sweepstake-Casinos-in-Virginia-768x768.png 768w, https:\/\/casinoreturn.com\/wp-content\/uploads\/2025\/10\/Sweepstake-Casinos-in-Virginia.png 1024w\" sizes=\"(max-width: 300px) 100vw, 300px\" \/><\/p>\n<p>I denne artikkelen:  <\/p>\n<ul>\n<li><a href=\"https:\/\/casinoreturn.com\/no\/lotterikasinoer-i-virginia\/#virginia\">Konkurranse i Virginia  <\/a><\/li>\n<li><a href=\"https:\/\/casinoreturn.com\/no\/lotterikasinoer-i-virginia\/#sport\">Sportsbetting i Virginia  <\/a><\/li>\n<li><a href=\"https:\/\/casinoreturn.com\/no\/lotterikasinoer-i-virginia\/#list\">Liste over Sweepstake kasinoer i Virginia  <\/a><\/li>\n<li><a href=\"https:\/\/casinoreturn.com\/no\/lotterikasinoer-i-virginia\/#land\">Landbaserte Real Monay-kasinoer i Viginia<\/a><\/li>\n<li><a href=\"https:\/\/casinoreturn.com\/no\/lotterikasinoer-i-virginia\/#faq\">FQAs konkurranser i Virginia<\/a><\/li>\n<\/ul>\n\t\t\t\t\t\t\t\t<\/div>\n\t\t\t\t<\/div>\n\t\t\t\t<div class=\"elementor-element elementor-element-8978e42 elementor-widget elementor-widget-heading\" data-id=\"8978e42\" data-element_type=\"widget\" data-widget_type=\"heading.default\">\n\t\t\t\t<div class=\"elementor-widget-container\">\n\t\t\t\t\t<h3 class=\"elementor-heading-title elementor-size-default\">Konkurranser i Virginia<\/h3>\t\t\t\t<\/div>\n\t\t\t\t<\/div>\n\t\t\t\t<div class=\"elementor-element elementor-element-48ec529 elementor-widget elementor-widget-text-editor\" data-id=\"48ec529\" data-element_type=\"widget\" id=\"virginia\" data-widget_type=\"text-editor.default\">\n\t\t\t\t<div class=\"elementor-widget-container\">\n\t\t\t\t\t\t\t\t\t<p>Konkurranser er en ny m\u00e5te \u00e5 forbedre spillopplevelsen p\u00e5 uten \u00e5 m\u00e5tte satse ekte penger. Bortsett fra konkurranser med ekte penger, tilbyr nettcasinoer enkel tilgang til \u00e5 spille p\u00e5 sosiale casinoer med ekstra kampanjer. Det er ikke n\u00f8dvendig \u00e5 kj\u00f8pe noe, og s\u00e5kalte gullmynter gis gratis. Les mer om sosiale kasinoer i v\u00e5r seksjon <a href=\"https:\/\/casinoreturn.com\/sweep-stake-casino-return-usa\/\">sweepstake casino return USA<\/a>, hvor du finner detaljerte svar p\u00e5 gullmynter, kampanjer, regler og forskjellen mellom et sosialt kasino og et sweepstake-kasino.  <\/p>\n<p><img decoding=\"async\" class=\"alignnone size-medium wp-image-14813\" src=\"https:\/\/casinoreturn.com\/wp-content\/uploads\/2025\/10\/Sweep-stake-casino-return-300x166.jpg\" alt=\"Sweep innsats kasinoavkastning\" width=\"300\" height=\"166\" srcset=\"https:\/\/casinoreturn.com\/wp-content\/uploads\/2025\/10\/Sweep-stake-casino-return-300x166.jpg 300w, https:\/\/casinoreturn.com\/wp-content\/uploads\/2025\/10\/Sweep-stake-casino-return-768x424.jpg 768w, https:\/\/casinoreturn.com\/wp-content\/uploads\/2025\/10\/Sweep-stake-casino-return.jpg 906w\" sizes=\"(max-width: 300px) 100vw, 300px\" \/><\/p>\n<p>S\u00e5 den gode nyheten for spillere i Virginia er at det er lovlig, med mindre operat\u00f8rer som tilbyr skjulte m\u00e5ter \u00e5 spille med ekte penger p\u00e5, noe som vil bli ansett som ulovlig.  <\/p>\n\t\t\t\t\t\t\t\t<\/div>\n\t\t\t\t<\/div>\n\t\t\t\t<div class=\"elementor-element elementor-element-601b0c0 elementor-widget elementor-widget-heading\" data-id=\"601b0c0\" data-element_type=\"widget\" data-widget_type=\"heading.default\">\n\t\t\t\t<div class=\"elementor-widget-container\">\n\t\t\t\t\t<h3 class=\"elementor-heading-title elementor-size-default\">Sportsbetting i Virginia<\/h3>\t\t\t\t<\/div>\n\t\t\t\t<\/div>\n\t\t\t\t<div class=\"elementor-element elementor-element-a402086 elementor-widget elementor-widget-text-editor\" data-id=\"a402086\" data-element_type=\"widget\" id=\"sport\" data-widget_type=\"text-editor.default\">\n\t\t\t\t<div class=\"elementor-widget-container\">\n\t\t\t\t\t\t\t\t\t<p>Sportsspill er tillatt i delstaten Virginia i henhold til artikkel 2 i kapittel 40, med tittelen Virginia Code 58.1. H\u00f8res det komplisert ut? Nei, det er det ikke. Spillerne m\u00e5 ha fylt 21 \u00e5r og v\u00e6re bosatt i Virginia. Operat\u00f8rer som tilbyr mobilspill M\u00c5 ha en lokal (Virginia-basert) lisens.  <\/p>\n<p><strong>I likhet med de fleste andre amerikanske delstater er det forbudt \u00e5 spille p\u00e5 college-idrett og all idrett som involverer mindre\u00e5rige, for eksempel hvis et lag fra Virginia er involvert.  <\/strong><\/p>\n<p>Operat\u00f8rer i Virginia m\u00e5 f\u00f8lge sikkerhetsregler og forskrifter for \u00e5 garantere ansvarlig spilling. Lisensen deres tilsier ogs\u00e5 at de m\u00e5 betale 15 % GGR-skatt p\u00e5 inntektene.  <\/p>\n\t\t\t\t\t\t\t\t<\/div>\n\t\t\t\t<\/div>\n\t\t\t\t<div class=\"elementor-element elementor-element-2f1924c elementor-widget elementor-widget-heading\" data-id=\"2f1924c\" data-element_type=\"widget\" data-widget_type=\"heading.default\">\n\t\t\t\t<div class=\"elementor-widget-container\">\n\t\t\t\t\t<h2 class=\"elementor-heading-title elementor-size-default\">Liste over operat\u00f8rer av sportsbetting i Virginia<\/h2>\t\t\t\t<\/div>\n\t\t\t\t<\/div>\n\t\t\t\t<div class=\"elementor-element elementor-element-72b28f4 elementor-widget elementor-widget-text-editor\" data-id=\"72b28f4\" data-element_type=\"widget\" id=\"list\" data-widget_type=\"text-editor.default\">\n\t\t\t\t<div class=\"elementor-widget-container\">\n\t\t\t\t\t\t\t\t\t<p>Liste over operat\u00f8rer av sportsspill i Virginia. Som du ser, inneholder listen nedenfor sv\u00e6rt f\u00e5 overraskelser. De tre store innen amerikansk betting er til stede, i tillegg til noen europeiske nettsteder med tilsvarende eller enda bedre spillplattformer.  <\/p>\n<p>Her er v\u00e5re topp 5 Virginia-spillsider:  <\/p>\n<ul>\n<li>Bet365 &#8211; En mester p\u00e5 banen, en ekte spiller<\/li>\n<li>BetMGM &#8211; Stort navn i USA, rangert som nummer 4 i omsetning i 2025<\/li>\n<li>Ceasars Sportsbook &#8211; Rangert som nummer 5 i omsetning, men har en sterk portef\u00f8lje  <\/li>\n<li>FanDuel &#8211; trenger ingen n\u00e6rmere introduksjon, kommer med st\u00f8rst vekst i 2025<\/li>\n<li>Fanatics &#8211; rangert blant topp 2, markedsleder i hele USA  <\/li>\n<\/ul>\n\t\t\t\t\t\t\t\t<\/div>\n\t\t\t\t<\/div>\n\t\t\t\t<div class=\"elementor-element elementor-element-80164e0 elementor-widget elementor-widget-heading\" data-id=\"80164e0\" data-element_type=\"widget\" data-widget_type=\"heading.default\">\n\t\t\t\t<div class=\"elementor-widget-container\">\n\t\t\t\t\t<h3 class=\"elementor-heading-title elementor-size-default\">Landbaserte kasinoer i Virginia  <\/h3>\t\t\t\t<\/div>\n\t\t\t\t<\/div>\n\t\t\t\t<div class=\"elementor-element elementor-element-3d78c2a elementor-widget elementor-widget-text-editor\" data-id=\"3d78c2a\" data-element_type=\"widget\" id=\"land\" data-widget_type=\"text-editor.default\">\n\t\t\t\t<div class=\"elementor-widget-container\">\n\t\t\t\t\t\t\t\t\t<p>Det er sv\u00e6rt begrenset med landbaserte kasinoer i Virginia, USA. I 2020 ble det kun gitt 5 lisenser til landbaserte kasinoer. 3 av 5 er i drift, og to kasinoer er under utvikling. De tre kasinoene i Bristol, USA, Portsmouth, USA, og Danville er i seg selv allerede ganske imponerende i statistikken. Bare i 2024 vil de totale spillinntektene bel\u00f8pe seg til 1,4 milliarder USD. Inntektene i denne virksomheten skapes via kasinoer med ekte penger: Spilleautomater, bordspill, live dealer-spill, veddem\u00e5l og spillautomater.  <\/p>\n\t\t\t\t\t\t\t\t<\/div>\n\t\t\t\t<\/div>\n\t\t\t\t<div class=\"elementor-element elementor-element-d7fd54d elementor-widget elementor-widget-heading\" data-id=\"d7fd54d\" data-element_type=\"widget\" data-widget_type=\"heading.default\">\n\t\t\t\t<div class=\"elementor-widget-container\">\n\t\t\t\t\t<h3 class=\"elementor-heading-title elementor-size-default\">Vanlige sp\u00f8rsm\u00e5l Sweepstake kasinoer i Virgina<\/h3>\t\t\t\t<\/div>\n\t\t\t\t<\/div>\n\t\t\t\t<div class=\"elementor-element elementor-element-59fc1da elementor-widget elementor-widget-elementskit-faq\" data-id=\"59fc1da\" data-element_type=\"widget\" id=\"faq\" data-widget_type=\"elementskit-faq.default\">\n\t\t\t\t<div class=\"elementor-widget-container\">\n\t\t\t\t\t<div class=\"ekit-wid-con\" >\n                <div class=\"elementskit-single-faq elementor-repeater-item-8a3ec80\">\n            <div class=\"elementskit-faq-header\">\n                <h2 class=\"elementskit-faq-title\">What are Gold Coins in Sweepstake casinos?<\/h2>\n            <\/div>\n            <div class=\"elementskit-faq-body\">\n                Other than Real money casinos, Gold coins are a free giveaway in online Social Casinos. Gold coins are a promotional addition and can be part of a social Casino without a purchase.             <\/div>\n        <\/div>\n                <div class=\"elementskit-single-faq elementor-repeater-item-c0e40d1\">\n            <div class=\"elementskit-faq-header\">\n                <h2 class=\"elementskit-faq-title\">Can I bet on College football in Virginia, US? <\/h2>\n            <\/div>\n            <div class=\"elementskit-faq-body\">\n                The answer is NO. you can't bet on College football, or college sport events in Virginia. Same applies to any event involving minors.            <\/div>\n        <\/div>\n                <div class=\"elementskit-single-faq elementor-repeater-item-7190428\">\n            <div class=\"elementskit-faq-header\">\n                <h2 class=\"elementskit-faq-title\">Where can I play casino with real money in Virginia?<\/h2>\n            <\/div>\n            <div class=\"elementskit-faq-body\">\n                Real money casinos are land-based only. With currently 3 out of 5 land-based Casinos running, the choice is limited.             <\/div>\n        <\/div>\n                \n    <\/div>\t\t\t\t<\/div>\n\t\t\t\t<\/div>\n\t\t\t\t<\/div>\n\t\t\t\t<\/div>\n\t\t","protected":false},"excerpt":{"rendered":"<p>Lotterikasinoer i Virginia Sweepstake-kasinoer i Virginia anses ikke \u00e5 v\u00e6re pengespill p\u00e5 grunn av modellen med gratis inngang. Andre stater, som New York og California, har tatt et sterkere standpunkt mot lotterikasinoer. Les mer om New York og deres n\u00e5v\u00e6rende juridiske tiln\u00e6rming til lotterikasinoer. Og her er en fullstendig gjennomgang av Californias syn p\u00e5 sweepstake-kasinoer. [&hellip;]<\/p>\n","protected":false},"author":1,"featured_media":15608,"parent":0,"menu_order":0,"comment_status":"closed","ping_status":"closed","template":"","meta":{"footnotes":""},"class_list":["post-15981","page","type-page","status-publish","has-post-thumbnail","hentry"],"blocksy_meta":[],"acf":[],"yoast_head":"<!-- This site is optimized with the Yoast SEO plugin v24.1 - https:\/\/yoast.com\/wordpress\/plugins\/seo\/ -->\n<title>Lotterikasinoer i Virginia - casinoreturn<\/title>\n<meta name=\"description\" content=\"Sweepstake kasinoer i Virginia er lovlige - for n\u00e5. Salgsfremmende konkurranser er n\u00f8kkelen til \u00e5 forbli lovlige uten utveksling av kontanter.\" \/>\n<meta name=\"robots\" content=\"index, follow, max-snippet:-1, max-image-preview:large, max-video-preview:-1\" \/>\n<link rel=\"canonical\" href=\"https:\/\/casinoreturn.com\/no\/lotterikasinoer-i-virginia\/\" \/>\n<meta property=\"og:locale\" content=\"nb_NO\" \/>\n<meta property=\"og:type\" content=\"article\" \/>\n<meta property=\"og:title\" content=\"Lotterikasinoer i Virginia - casinoreturn\" \/>\n<meta property=\"og:description\" content=\"Sweepstake kasinoer i Virginia er lovlige - for n\u00e5. Salgsfremmende konkurranser er n\u00f8kkelen til \u00e5 forbli lovlige uten utveksling av kontanter.\" \/>\n<meta property=\"og:url\" content=\"https:\/\/casinoreturn.com\/no\/lotterikasinoer-i-virginia\/\" \/>\n<meta property=\"og:site_name\" content=\"casinoreturn\" \/>\n<meta property=\"article:modified_time\" content=\"2025-10-31T14:12:20+00:00\" \/>\n<meta property=\"og:image\" content=\"https:\/\/casinoreturn.com\/wp-content\/uploads\/2025\/10\/Sweepstake-Casinos-in-Virginia.png\" \/>\n\t<meta property=\"og:image:width\" content=\"1024\" \/>\n\t<meta property=\"og:image:height\" content=\"1024\" \/>\n\t<meta property=\"og:image:type\" content=\"image\/png\" \/>\n<meta name=\"twitter:card\" content=\"summary_large_image\" \/>\n<meta name=\"twitter:label1\" content=\"Ansl. lesetid\" \/>\n\t<meta name=\"twitter:data1\" content=\"3 minutter\" \/>\n<script type=\"application\/ld+json\" class=\"yoast-schema-graph\">{\"@context\":\"https:\/\/schema.org\",\"@graph\":[{\"@type\":\"WebPage\",\"@id\":\"https:\/\/casinoreturn.com\/no\/lotterikasinoer-i-virginia\/\",\"url\":\"https:\/\/casinoreturn.com\/no\/lotterikasinoer-i-virginia\/\",\"name\":\"Lotterikasinoer i Virginia - casinoreturn\",\"isPartOf\":{\"@id\":\"https:\/\/casinoreturn.com\/#website\"},\"primaryImageOfPage\":{\"@id\":\"https:\/\/casinoreturn.com\/no\/lotterikasinoer-i-virginia\/#primaryimage\"},\"image\":{\"@id\":\"https:\/\/casinoreturn.com\/no\/lotterikasinoer-i-virginia\/#primaryimage\"},\"thumbnailUrl\":\"https:\/\/casinoreturn.com\/wp-content\/uploads\/2025\/10\/Sweepstake-Casinos-in-Virginia.png\",\"datePublished\":\"2025-10-20T11:35:56+00:00\",\"dateModified\":\"2025-10-31T14:12:20+00:00\",\"description\":\"Sweepstake kasinoer i Virginia er lovlige - for n\u00e5. Salgsfremmende konkurranser er n\u00f8kkelen til \u00e5 forbli lovlige uten utveksling av kontanter.\",\"breadcrumb\":{\"@id\":\"https:\/\/casinoreturn.com\/no\/lotterikasinoer-i-virginia\/#breadcrumb\"},\"inLanguage\":\"nb-NO\",\"potentialAction\":[{\"@type\":\"ReadAction\",\"target\":[\"https:\/\/casinoreturn.com\/no\/lotterikasinoer-i-virginia\/\"]}]},{\"@type\":\"ImageObject\",\"inLanguage\":\"nb-NO\",\"@id\":\"https:\/\/casinoreturn.com\/no\/lotterikasinoer-i-virginia\/#primaryimage\",\"url\":\"https:\/\/casinoreturn.com\/wp-content\/uploads\/2025\/10\/Sweepstake-Casinos-in-Virginia.png\",\"contentUrl\":\"https:\/\/casinoreturn.com\/wp-content\/uploads\/2025\/10\/Sweepstake-Casinos-in-Virginia.png\",\"width\":1024,\"height\":1024,\"caption\":\"Sweepstake Casinos in Virginia\"},{\"@type\":\"BreadcrumbList\",\"@id\":\"https:\/\/casinoreturn.com\/no\/lotterikasinoer-i-virginia\/#breadcrumb\",\"itemListElement\":[{\"@type\":\"ListItem\",\"position\":1,\"name\":\"Home\",\"item\":\"https:\/\/casinoreturn.com\/no\/hjem\/\"},{\"@type\":\"ListItem\",\"position\":2,\"name\":\"Lotterikasinoer i Virginia\"}]},{\"@type\":\"WebSite\",\"@id\":\"https:\/\/casinoreturn.com\/#website\",\"url\":\"https:\/\/casinoreturn.com\/\",\"name\":\"casinoreturn\",\"description\":\"\",\"publisher\":{\"@id\":\"https:\/\/casinoreturn.com\/#organization\"},\"potentialAction\":[{\"@type\":\"SearchAction\",\"target\":{\"@type\":\"EntryPoint\",\"urlTemplate\":\"https:\/\/casinoreturn.com\/?s={search_term_string}\"},\"query-input\":{\"@type\":\"PropertyValueSpecification\",\"valueRequired\":true,\"valueName\":\"search_term_string\"}}],\"inLanguage\":\"nb-NO\"},{\"@type\":\"Organization\",\"@id\":\"https:\/\/casinoreturn.com\/#organization\",\"name\":\"casinoreturn\",\"url\":\"https:\/\/casinoreturn.com\/\",\"logo\":{\"@type\":\"ImageObject\",\"inLanguage\":\"nb-NO\",\"@id\":\"https:\/\/casinoreturn.com\/#\/schema\/logo\/image\/\",\"url\":\"https:\/\/casinoreturn.com\/wp-content\/uploads\/2024\/09\/animal-favicon.png\",\"contentUrl\":\"https:\/\/casinoreturn.com\/wp-content\/uploads\/2024\/09\/animal-favicon.png\",\"width\":92,\"height\":92,\"caption\":\"casinoreturn\"},\"image\":{\"@id\":\"https:\/\/casinoreturn.com\/#\/schema\/logo\/image\/\"}}]}<\/script>\n<!-- \/ Yoast SEO plugin. -->","yoast_head_json":{"title":"Lotterikasinoer i Virginia - casinoreturn","description":"Sweepstake kasinoer i Virginia er lovlige - for n\u00e5. Salgsfremmende konkurranser er n\u00f8kkelen til \u00e5 forbli lovlige uten utveksling av kontanter.","robots":{"index":"index","follow":"follow","max-snippet":"max-snippet:-1","max-image-preview":"max-image-preview:large","max-video-preview":"max-video-preview:-1"},"canonical":"https:\/\/casinoreturn.com\/no\/lotterikasinoer-i-virginia\/","og_locale":"nb_NO","og_type":"article","og_title":"Lotterikasinoer i Virginia - casinoreturn","og_description":"Sweepstake kasinoer i Virginia er lovlige - for n\u00e5. Salgsfremmende konkurranser er n\u00f8kkelen til \u00e5 forbli lovlige uten utveksling av kontanter.","og_url":"https:\/\/casinoreturn.com\/no\/lotterikasinoer-i-virginia\/","og_site_name":"casinoreturn","article_modified_time":"2025-10-31T14:12:20+00:00","og_image":[{"width":1024,"height":1024,"url":"https:\/\/casinoreturn.com\/wp-content\/uploads\/2025\/10\/Sweepstake-Casinos-in-Virginia.png","type":"image\/png"}],"twitter_card":"summary_large_image","twitter_misc":{"Ansl. lesetid":"3 minutter"},"schema":{"@context":"https:\/\/schema.org","@graph":[{"@type":"WebPage","@id":"https:\/\/casinoreturn.com\/no\/lotterikasinoer-i-virginia\/","url":"https:\/\/casinoreturn.com\/no\/lotterikasinoer-i-virginia\/","name":"Lotterikasinoer i Virginia - casinoreturn","isPartOf":{"@id":"https:\/\/casinoreturn.com\/#website"},"primaryImageOfPage":{"@id":"https:\/\/casinoreturn.com\/no\/lotterikasinoer-i-virginia\/#primaryimage"},"image":{"@id":"https:\/\/casinoreturn.com\/no\/lotterikasinoer-i-virginia\/#primaryimage"},"thumbnailUrl":"https:\/\/casinoreturn.com\/wp-content\/uploads\/2025\/10\/Sweepstake-Casinos-in-Virginia.png","datePublished":"2025-10-20T11:35:56+00:00","dateModified":"2025-10-31T14:12:20+00:00","description":"Sweepstake kasinoer i Virginia er lovlige - for n\u00e5. Salgsfremmende konkurranser er n\u00f8kkelen til \u00e5 forbli lovlige uten utveksling av kontanter.","breadcrumb":{"@id":"https:\/\/casinoreturn.com\/no\/lotterikasinoer-i-virginia\/#breadcrumb"},"inLanguage":"nb-NO","potentialAction":[{"@type":"ReadAction","target":["https:\/\/casinoreturn.com\/no\/lotterikasinoer-i-virginia\/"]}]},{"@type":"ImageObject","inLanguage":"nb-NO","@id":"https:\/\/casinoreturn.com\/no\/lotterikasinoer-i-virginia\/#primaryimage","url":"https:\/\/casinoreturn.com\/wp-content\/uploads\/2025\/10\/Sweepstake-Casinos-in-Virginia.png","contentUrl":"https:\/\/casinoreturn.com\/wp-content\/uploads\/2025\/10\/Sweepstake-Casinos-in-Virginia.png","width":1024,"height":1024,"caption":"Sweepstake Casinos in Virginia"},{"@type":"BreadcrumbList","@id":"https:\/\/casinoreturn.com\/no\/lotterikasinoer-i-virginia\/#breadcrumb","itemListElement":[{"@type":"ListItem","position":1,"name":"Home","item":"https:\/\/casinoreturn.com\/no\/hjem\/"},{"@type":"ListItem","position":2,"name":"Lotterikasinoer i Virginia"}]},{"@type":"WebSite","@id":"https:\/\/casinoreturn.com\/#website","url":"https:\/\/casinoreturn.com\/","name":"casinoreturn","description":"","publisher":{"@id":"https:\/\/casinoreturn.com\/#organization"},"potentialAction":[{"@type":"SearchAction","target":{"@type":"EntryPoint","urlTemplate":"https:\/\/casinoreturn.com\/?s={search_term_string}"},"query-input":{"@type":"PropertyValueSpecification","valueRequired":true,"valueName":"search_term_string"}}],"inLanguage":"nb-NO"},{"@type":"Organization","@id":"https:\/\/casinoreturn.com\/#organization","name":"casinoreturn","url":"https:\/\/casinoreturn.com\/","logo":{"@type":"ImageObject","inLanguage":"nb-NO","@id":"https:\/\/casinoreturn.com\/#\/schema\/logo\/image\/","url":"https:\/\/casinoreturn.com\/wp-content\/uploads\/2024\/09\/animal-favicon.png","contentUrl":"https:\/\/casinoreturn.com\/wp-content\/uploads\/2024\/09\/animal-favicon.png","width":92,"height":92,"caption":"casinoreturn"},"image":{"@id":"https:\/\/casinoreturn.com\/#\/schema\/logo\/image\/"}}]}},"_links":{"self":[{"href":"https:\/\/casinoreturn.com\/no\/wp-json\/wp\/v2\/pages\/15981","targetHints":{"allow":["GET"]}}],"collection":[{"href":"https:\/\/casinoreturn.com\/no\/wp-json\/wp\/v2\/pages"}],"about":[{"href":"https:\/\/casinoreturn.com\/no\/wp-json\/wp\/v2\/types\/page"}],"author":[{"embeddable":true,"href":"https:\/\/casinoreturn.com\/no\/wp-json\/wp\/v2\/users\/1"}],"replies":[{"embeddable":true,"href":"https:\/\/casinoreturn.com\/no\/wp-json\/wp\/v2\/comments?post=15981"}],"version-history":[{"count":1,"href":"https:\/\/casinoreturn.com\/no\/wp-json\/wp\/v2\/pages\/15981\/revisions"}],"predecessor-version":[{"id":15982,"href":"https:\/\/casinoreturn.com\/no\/wp-json\/wp\/v2\/pages\/15981\/revisions\/15982"}],"wp:featuredmedia":[{"embeddable":true,"href":"https:\/\/casinoreturn.com\/no\/wp-json\/wp\/v2\/media\/15608"}],"wp:attachment":[{"href":"https:\/\/casinoreturn.com\/no\/wp-json\/wp\/v2\/media?parent=15981"}],"curies":[{"name":"wp","href":"https:\/\/api.w.org\/{rel}","templated":true}]}}