{"id":16033,"date":"2025-10-17T16:07:39","date_gmt":"2025-10-17T16:07:39","guid":{"rendered":"https:\/\/casinoreturn.com\/lotterikasinoer-i-florida\/"},"modified":"2025-10-31T14:28:36","modified_gmt":"2025-10-31T14:28:36","slug":"lotterikasinoer-i-florida","status":"publish","type":"page","link":"https:\/\/casinoreturn.com\/no\/lotterikasinoer-i-florida\/","title":{"rendered":"Lotterikasinoer i Florida"},"content":{"rendered":"\t\t<div data-elementor-type=\"wp-page\" data-elementor-id=\"16033\" class=\"elementor elementor-16033\" data-elementor-post-type=\"page\">\n\t\t\t\t<div class=\"elementor-element elementor-element-550cc17 e-con-full e-flex e-con e-parent\" data-id=\"550cc17\" data-element_type=\"container\" data-e-type=\"container\">\n\t\t\t\t<div class=\"elementor-element elementor-element-5396053 elementor-widget elementor-widget-heading\" data-id=\"5396053\" data-element_type=\"widget\" data-e-type=\"widget\" data-widget_type=\"heading.default\">\n\t\t\t\t<div class=\"elementor-widget-container\">\n\t\t\t\t\t<h3 class=\"elementor-heading-title elementor-size-default\">Lotterikasinoer i Florida<\/h3>\t\t\t\t<\/div>\n\t\t\t\t<\/div>\n\t\t\t\t<div class=\"elementor-element elementor-element-4383f5b elementor-widget elementor-widget-text-editor\" data-id=\"4383f5b\" data-element_type=\"widget\" data-e-type=\"widget\" data-widget_type=\"text-editor.default\">\n\t\t\t\t<div class=\"elementor-widget-container\">\n\t\t\t\t\t\t\t\t\t<p>Sweepstake-kasinoer i Florida anses for tiden som en kampanjekonkurranse, snarere enn pengespill. Det er den gode nyheten. Florida Gaming Control Commission har enn\u00e5 ikke forbudt konkurranser og deres Goldcoins. Men i 2025 ble det fremmet forslag om \u00e5 klassifisere sweepstake-kasinoer som pengespill p\u00e5 Internett. Begge parter, b\u00e5de lotteriakt\u00f8rer og tilsynsmyndigheter, arbeider med utkast til st\u00f8tte for sine saker. Gratis spill i mange amerikanske delstater er under granskning. <a href=\"https:\/\/casinoreturn.com\/sweep-stake-casino-return-usa\/\">Sosiale kasinoer<\/a>, som i mange delstater fortsatt er lovlige, er under press for \u00e5 bli erkl\u00e6rt ulovlige av flere og flere stater.<\/p>\n<p><strong>I denne artikkelen:<\/strong><\/p>\n<ul>\n<li>Liste over sweepstake kasinoer<\/li>\n<li>Reguleringer i Florida<\/li>\n<li>Liste over sportsspillkasinoer i Florida<\/li>\n<li>Vanlige sp\u00f8rsm\u00e5l Sweepstake Florida kasinoer<\/li>\n<\/ul>\n<p><img decoding=\"async\" class=\"alignnone wp-image-15496\" src=\"https:\/\/casinoreturn.com\/wp-content\/uploads\/2025\/10\/Sweepstake-Casinos-in-Florida.png\" alt=\"Lotterikasinoer i Florida\" width=\"125\" height=\"125\" srcset=\"https:\/\/casinoreturn.com\/wp-content\/uploads\/2025\/10\/Sweepstake-Casinos-in-Florida.png 225w, https:\/\/casinoreturn.com\/wp-content\/uploads\/2025\/10\/Sweepstake-Casinos-in-Florida-150x150.png 150w\" sizes=\"(max-width: 125px) 100vw, 125px\" \/><\/p>\n\t\t\t\t\t\t\t\t<\/div>\n\t\t\t\t<\/div>\n\t\t\t\t<div class=\"elementor-element elementor-element-d15c0ae elementor-widget elementor-widget-heading\" data-id=\"d15c0ae\" data-element_type=\"widget\" data-e-type=\"widget\" data-widget_type=\"heading.default\">\n\t\t\t\t<div class=\"elementor-widget-container\">\n\t\t\t\t\t<h3 class=\"elementor-heading-title elementor-size-default\">Liste over Sweepstake-kasinoer i Florida<\/h3>\t\t\t\t<\/div>\n\t\t\t\t<\/div>\n\t\t\t\t<div class=\"elementor-element elementor-element-fe42027 elementor-widget elementor-widget-text-editor\" data-id=\"fe42027\" data-element_type=\"widget\" data-e-type=\"widget\" data-widget_type=\"text-editor.default\">\n\t\t\t\t<div class=\"elementor-widget-container\">\n\t\t\t\t\t\t\t\t\t<p>Det er ikke fullt s\u00e5 mange Sweepstake-kasinoer i Florida. Det er ikke mer registrert enn et dusin, men noen operat\u00f8rer tilbyr sine sweepstake-gullmynter innenfor noen gr\u00e5soner. Ikke i noen bestemt rekkef\u00f8lge eller rangering:<\/p>\n<ul>\n<li>Mr Luck, registrert  <\/li>\n<li>High5 Casino,registrert<\/li>\n<li>Hei Millions,registrert<\/li>\n<li>Crown Coins, registrert<\/li>\n<li>WOW Vegas, registrert<\/li>\n<li>Stake.us ,registrert<\/li>\n<\/ul>\n<p>Landbaserte kasinoer, eller personlige kasinoer, drives av stammefolk eller selskaper som s\u00e5dan<\/p>\n<ul>\n<li>Seminole Hard Rock Hotel &amp; Casino (Tampa &amp; HollywoodSeminole<\/li>\n<li>Brighton Casino Seminole<\/li>\n<li>Miccosukee Resort &amp; Gaming (Miami)<\/li>\n<li>Casino Immokale<\/li>\n<li>Seminole Casino Immokale<\/li>\n<\/ul>\n<p>Lovligheten av kasinoer med ekte penger og nettkasinoer debatteres over hele USA, og Florida har vist lignende bevegelser mot et fullstendig forbud mot sweepstake i fremtiden.  <\/p>\n\t\t\t\t\t\t\t\t<\/div>\n\t\t\t\t<\/div>\n\t\t\t\t<div class=\"elementor-element elementor-element-c3cd23d elementor-widget elementor-widget-heading\" data-id=\"c3cd23d\" data-element_type=\"widget\" data-e-type=\"widget\" data-widget_type=\"heading.default\">\n\t\t\t\t<div class=\"elementor-widget-container\">\n\t\t\t\t\t<h3 class=\"elementor-heading-title elementor-size-default\">Reguleringer i Florida<\/h3>\t\t\t\t<\/div>\n\t\t\t\t<\/div>\n\t\t\t\t<div class=\"elementor-element elementor-element-328690d elementor-widget elementor-widget-text-editor\" data-id=\"328690d\" data-element_type=\"widget\" data-e-type=\"widget\" data-widget_type=\"text-editor.default\">\n\t\t\t\t<div class=\"elementor-widget-container\">\n\t\t\t\t\t\t\t\t\t<p>Reguleringene i Florida kommer under stadig st\u00f8rre press for \u00e5 forby eller begrense bruken av sweepstake-kasinoer.  <\/p><\/p>\n\t\t\t\t\t\t\t\t<\/div>\n\t\t\t\t<\/div>\n\t\t\t\t<\/div>\n\t\t<div class=\"elementor-element elementor-element-9509de3 e-grid e-con-full e-con e-parent\" data-id=\"9509de3\" data-element_type=\"container\" data-e-type=\"container\" data-settings=\"{&quot;background_background&quot;:&quot;classic&quot;}\">\n\t\t\t\t<div class=\"elementor-element elementor-element-a246602 elementor-widget elementor-widget-text-editor\" data-id=\"a246602\" data-element_type=\"widget\" data-e-type=\"widget\" data-widget_type=\"text-editor.default\">\n\t\t\t\t<div class=\"elementor-widget-container\">\n\t\t\t\t\t\t\t\t\t<p><strong>Kasinoer med ekte penger eller nettkasinoer som aksepterer ekte penger er ulovlige i Florida  <\/strong><\/p>\n<p><strong>Kan jeg spille med ekte penger p\u00e5 landbaserte kasinoer?<\/strong><\/p>\n<p><strong>Ja, de landbaserte kasinoene er lovlige<\/strong><\/p>\n\t\t\t\t\t\t\t\t<\/div>\n\t\t\t\t<\/div>\n\t\t\t\t<div class=\"elementor-element elementor-element-347bbf8 elementor-widget elementor-widget-image\" data-id=\"347bbf8\" data-element_type=\"widget\" data-e-type=\"widget\" data-widget_type=\"image.default\">\n\t\t\t\t<div class=\"elementor-widget-container\">\n\t\t\t\t\t\t\t\t\t\t\t\t\t\t\t<img fetchpriority=\"high\" decoding=\"async\" width=\"225\" height=\"225\" src=\"https:\/\/casinoreturn.com\/wp-content\/uploads\/2025\/10\/Sweepstake-Casinos-in-Florida.png\" class=\"attachment-large size-large wp-image-15496\" alt=\"Sweepstake Casinos in Florida\" srcset=\"https:\/\/casinoreturn.com\/wp-content\/uploads\/2025\/10\/Sweepstake-Casinos-in-Florida.png 225w, https:\/\/casinoreturn.com\/wp-content\/uploads\/2025\/10\/Sweepstake-Casinos-in-Florida-150x150.png 150w\" sizes=\"(max-width: 225px) 100vw, 225px\" \/>\t\t\t\t\t\t\t\t\t\t\t\t\t\t\t<\/div>\n\t\t\t\t<\/div>\n\t\t\t\t<div class=\"elementor-element elementor-element-eb23194 elementor-widget elementor-widget-text-editor\" data-id=\"eb23194\" data-element_type=\"widget\" data-e-type=\"widget\" data-widget_type=\"text-editor.default\">\n\t\t\t\t<div class=\"elementor-widget-container\">\n\t\t\t\t\t\t\t\t\t<p><strong>Sweepstake-kasinoer anses fortsatt som lovlige, men forslag om \u00e5 forby gullmyntkampanjer og konkurranser generelt er allerede i gang i Florida.<\/strong><\/p>\n<p>f.eks. Stake.us og Chumba casino<\/p><\/p>\n\t\t\t\t\t\t\t\t<\/div>\n\t\t\t\t<\/div>\n\t\t\t\t<div class=\"elementor-element elementor-element-d7dd2e5 elementor-widget elementor-widget-text-editor\" data-id=\"d7dd2e5\" data-element_type=\"widget\" data-e-type=\"widget\" data-widget_type=\"text-editor.default\">\n\t\t\t\t<div class=\"elementor-widget-container\">\n\t\t\t\t\t\t\t\t\t<p><strong>Er sportsbetting lovlig i Florida?  <\/strong><\/p>\n<p><strong>Her er kickeren, det er lovlig i Florida, MEN den eneste lovlige operat\u00f8ren er Hard Rock Bet (drevet av Seminole Tribe of Florida).  <\/strong><\/p>\n<p><strong>Det finnes mindre enn et dusin andre landbaserte forhandlere som drives av Seminole-stammen i Florida.  <\/strong><\/p>\n\t\t\t\t\t\t\t\t<\/div>\n\t\t\t\t<\/div>\n\t\t\t\t<div class=\"elementor-element elementor-element-e4c9e61 elementor-widget elementor-widget-image\" data-id=\"e4c9e61\" data-element_type=\"widget\" data-e-type=\"widget\" data-widget_type=\"image.default\">\n\t\t\t\t<div class=\"elementor-widget-container\">\n\t\t\t\t\t\t\t\t\t\t\t\t\t\t\t<img decoding=\"async\" width=\"906\" height=\"500\" src=\"https:\/\/casinoreturn.com\/wp-content\/uploads\/2025\/10\/Sweep-stake-casino-return.jpg\" class=\"attachment-large size-large wp-image-14813\" alt=\"Sweep stake casino return\" srcset=\"https:\/\/casinoreturn.com\/wp-content\/uploads\/2025\/10\/Sweep-stake-casino-return.jpg 906w, https:\/\/casinoreturn.com\/wp-content\/uploads\/2025\/10\/Sweep-stake-casino-return-300x166.jpg 300w, https:\/\/casinoreturn.com\/wp-content\/uploads\/2025\/10\/Sweep-stake-casino-return-768x424.jpg 768w\" sizes=\"(max-width: 906px) 100vw, 906px\" \/>\t\t\t\t\t\t\t\t\t\t\t\t\t\t\t<\/div>\n\t\t\t\t<\/div>\n\t\t\t\t<div class=\"elementor-element elementor-element-366b516 elementor-widget elementor-widget-text-editor\" data-id=\"366b516\" data-element_type=\"widget\" data-e-type=\"widget\" data-widget_type=\"text-editor.default\">\n\t\t\t\t<div class=\"elementor-widget-container\">\n\t\t\t\t\t\t\t\t\t<p><strong>Siden Seminole har monopol p\u00e5 sportsbetting i Florida, mener mange at markedet er for begrenset, og noen hevder at det er for begrenset.  <\/strong><\/p>\n<p><strong>Domstolene har s\u00e5 langt opprettholdt enhver klage p\u00e5 f\u00f8deral lov, og stammene kan styre spillverdenen i Florida.  <\/strong><\/p>\n\t\t\t\t\t\t\t\t<\/div>\n\t\t\t\t<\/div>\n\t\t\t\t<\/div>\n\t\t\t\t<\/div>\n\t\t","protected":false},"excerpt":{"rendered":"<p>Lotterikasinoer i Florida Sweepstake-kasinoer i Florida anses for tiden som en kampanjekonkurranse, snarere enn pengespill. Det er den gode nyheten. Florida Gaming Control Commission har enn\u00e5 ikke forbudt konkurranser og deres Goldcoins. Men i 2025 ble det fremmet forslag om \u00e5 klassifisere sweepstake-kasinoer som pengespill p\u00e5 Internett. Begge parter, b\u00e5de lotteriakt\u00f8rer og tilsynsmyndigheter, arbeider med [&hellip;]<\/p>\n","protected":false},"author":1,"featured_media":15501,"parent":0,"menu_order":0,"comment_status":"closed","ping_status":"closed","template":"","meta":{"footnotes":""},"class_list":["post-16033","page","type-page","status-publish","has-post-thumbnail","hentry"],"blocksy_meta":[],"acf":[],"yoast_head":"<!-- This site is optimized with the Yoast SEO plugin v24.1 - https:\/\/yoast.com\/wordpress\/plugins\/seo\/ -->\n<title>Lotterikasinoer i Florida - casinoreturn<\/title>\n<meta name=\"description\" content=\"Sweepstake-kasinoer i Florida kj\u00f8rer i solskinnsstaten som reklamekonkurranser, snarere enn rene pengespill, s\u00e5 det er lovlig, enn s\u00e5 lenge.\" \/>\n<meta name=\"robots\" content=\"index, follow, max-snippet:-1, max-image-preview:large, max-video-preview:-1\" \/>\n<link rel=\"canonical\" href=\"https:\/\/casinoreturn.com\/no\/lotterikasinoer-i-florida\/\" \/>\n<meta property=\"og:locale\" content=\"nb_NO\" \/>\n<meta property=\"og:type\" content=\"article\" \/>\n<meta property=\"og:title\" content=\"Lotterikasinoer i Florida - casinoreturn\" \/>\n<meta property=\"og:description\" content=\"Sweepstake-kasinoer i Florida kj\u00f8rer i solskinnsstaten som reklamekonkurranser, snarere enn rene pengespill, s\u00e5 det er lovlig, enn s\u00e5 lenge.\" \/>\n<meta property=\"og:url\" content=\"https:\/\/casinoreturn.com\/no\/lotterikasinoer-i-florida\/\" \/>\n<meta property=\"og:site_name\" content=\"casinoreturn\" \/>\n<meta property=\"article:modified_time\" content=\"2025-10-31T14:28:36+00:00\" \/>\n<meta property=\"og:image\" content=\"https:\/\/casinoreturn.com\/wp-content\/uploads\/2025\/10\/Sweepstake-Casinos-in-Florida.png\" \/>\n\t<meta property=\"og:image:width\" content=\"225\" \/>\n\t<meta property=\"og:image:height\" content=\"225\" \/>\n\t<meta property=\"og:image:type\" content=\"image\/png\" \/>\n<meta name=\"twitter:card\" content=\"summary_large_image\" \/>\n<meta name=\"twitter:label1\" content=\"Ansl. lesetid\" \/>\n\t<meta name=\"twitter:data1\" content=\"2 minutter\" \/>\n<script type=\"application\/ld+json\" class=\"yoast-schema-graph\">{\"@context\":\"https:\/\/schema.org\",\"@graph\":[{\"@type\":\"WebPage\",\"@id\":\"https:\/\/casinoreturn.com\/no\/lotterikasinoer-i-florida\/\",\"url\":\"https:\/\/casinoreturn.com\/no\/lotterikasinoer-i-florida\/\",\"name\":\"Lotterikasinoer i Florida - casinoreturn\",\"isPartOf\":{\"@id\":\"https:\/\/casinoreturn.com\/#website\"},\"primaryImageOfPage\":{\"@id\":\"https:\/\/casinoreturn.com\/no\/lotterikasinoer-i-florida\/#primaryimage\"},\"image\":{\"@id\":\"https:\/\/casinoreturn.com\/no\/lotterikasinoer-i-florida\/#primaryimage\"},\"thumbnailUrl\":\"https:\/\/casinoreturn.com\/wp-content\/uploads\/2025\/10\/Sweepstake-Casinos-in-Florida.png\",\"datePublished\":\"2025-10-17T16:07:39+00:00\",\"dateModified\":\"2025-10-31T14:28:36+00:00\",\"description\":\"Sweepstake-kasinoer i Florida kj\u00f8rer i solskinnsstaten som reklamekonkurranser, snarere enn rene pengespill, s\u00e5 det er lovlig, enn s\u00e5 lenge.\",\"breadcrumb\":{\"@id\":\"https:\/\/casinoreturn.com\/no\/lotterikasinoer-i-florida\/#breadcrumb\"},\"inLanguage\":\"nb-NO\",\"potentialAction\":[{\"@type\":\"ReadAction\",\"target\":[\"https:\/\/casinoreturn.com\/no\/lotterikasinoer-i-florida\/\"]}]},{\"@type\":\"ImageObject\",\"inLanguage\":\"nb-NO\",\"@id\":\"https:\/\/casinoreturn.com\/no\/lotterikasinoer-i-florida\/#primaryimage\",\"url\":\"https:\/\/casinoreturn.com\/wp-content\/uploads\/2025\/10\/Sweepstake-Casinos-in-Florida.png\",\"contentUrl\":\"https:\/\/casinoreturn.com\/wp-content\/uploads\/2025\/10\/Sweepstake-Casinos-in-Florida.png\",\"width\":225,\"height\":225,\"caption\":\"Sweepstake Casinos in Florida\"},{\"@type\":\"BreadcrumbList\",\"@id\":\"https:\/\/casinoreturn.com\/no\/lotterikasinoer-i-florida\/#breadcrumb\",\"itemListElement\":[{\"@type\":\"ListItem\",\"position\":1,\"name\":\"Home\",\"item\":\"https:\/\/casinoreturn.com\/no\/hjem\/\"},{\"@type\":\"ListItem\",\"position\":2,\"name\":\"Lotterikasinoer i Florida\"}]},{\"@type\":\"WebSite\",\"@id\":\"https:\/\/casinoreturn.com\/#website\",\"url\":\"https:\/\/casinoreturn.com\/\",\"name\":\"casinoreturn\",\"description\":\"\",\"publisher\":{\"@id\":\"https:\/\/casinoreturn.com\/#organization\"},\"potentialAction\":[{\"@type\":\"SearchAction\",\"target\":{\"@type\":\"EntryPoint\",\"urlTemplate\":\"https:\/\/casinoreturn.com\/?s={search_term_string}\"},\"query-input\":{\"@type\":\"PropertyValueSpecification\",\"valueRequired\":true,\"valueName\":\"search_term_string\"}}],\"inLanguage\":\"nb-NO\"},{\"@type\":\"Organization\",\"@id\":\"https:\/\/casinoreturn.com\/#organization\",\"name\":\"casinoreturn\",\"url\":\"https:\/\/casinoreturn.com\/\",\"logo\":{\"@type\":\"ImageObject\",\"inLanguage\":\"nb-NO\",\"@id\":\"https:\/\/casinoreturn.com\/#\/schema\/logo\/image\/\",\"url\":\"https:\/\/casinoreturn.com\/wp-content\/uploads\/2024\/09\/animal-favicon.png\",\"contentUrl\":\"https:\/\/casinoreturn.com\/wp-content\/uploads\/2024\/09\/animal-favicon.png\",\"width\":92,\"height\":92,\"caption\":\"casinoreturn\"},\"image\":{\"@id\":\"https:\/\/casinoreturn.com\/#\/schema\/logo\/image\/\"}}]}<\/script>\n<!-- \/ Yoast SEO plugin. -->","yoast_head_json":{"title":"Lotterikasinoer i Florida - casinoreturn","description":"Sweepstake-kasinoer i Florida kj\u00f8rer i solskinnsstaten som reklamekonkurranser, snarere enn rene pengespill, s\u00e5 det er lovlig, enn s\u00e5 lenge.","robots":{"index":"index","follow":"follow","max-snippet":"max-snippet:-1","max-image-preview":"max-image-preview:large","max-video-preview":"max-video-preview:-1"},"canonical":"https:\/\/casinoreturn.com\/no\/lotterikasinoer-i-florida\/","og_locale":"nb_NO","og_type":"article","og_title":"Lotterikasinoer i Florida - casinoreturn","og_description":"Sweepstake-kasinoer i Florida kj\u00f8rer i solskinnsstaten som reklamekonkurranser, snarere enn rene pengespill, s\u00e5 det er lovlig, enn s\u00e5 lenge.","og_url":"https:\/\/casinoreturn.com\/no\/lotterikasinoer-i-florida\/","og_site_name":"casinoreturn","article_modified_time":"2025-10-31T14:28:36+00:00","og_image":[{"width":225,"height":225,"url":"https:\/\/casinoreturn.com\/wp-content\/uploads\/2025\/10\/Sweepstake-Casinos-in-Florida.png","type":"image\/png"}],"twitter_card":"summary_large_image","twitter_misc":{"Ansl. lesetid":"2 minutter"},"schema":{"@context":"https:\/\/schema.org","@graph":[{"@type":"WebPage","@id":"https:\/\/casinoreturn.com\/no\/lotterikasinoer-i-florida\/","url":"https:\/\/casinoreturn.com\/no\/lotterikasinoer-i-florida\/","name":"Lotterikasinoer i Florida - casinoreturn","isPartOf":{"@id":"https:\/\/casinoreturn.com\/#website"},"primaryImageOfPage":{"@id":"https:\/\/casinoreturn.com\/no\/lotterikasinoer-i-florida\/#primaryimage"},"image":{"@id":"https:\/\/casinoreturn.com\/no\/lotterikasinoer-i-florida\/#primaryimage"},"thumbnailUrl":"https:\/\/casinoreturn.com\/wp-content\/uploads\/2025\/10\/Sweepstake-Casinos-in-Florida.png","datePublished":"2025-10-17T16:07:39+00:00","dateModified":"2025-10-31T14:28:36+00:00","description":"Sweepstake-kasinoer i Florida kj\u00f8rer i solskinnsstaten som reklamekonkurranser, snarere enn rene pengespill, s\u00e5 det er lovlig, enn s\u00e5 lenge.","breadcrumb":{"@id":"https:\/\/casinoreturn.com\/no\/lotterikasinoer-i-florida\/#breadcrumb"},"inLanguage":"nb-NO","potentialAction":[{"@type":"ReadAction","target":["https:\/\/casinoreturn.com\/no\/lotterikasinoer-i-florida\/"]}]},{"@type":"ImageObject","inLanguage":"nb-NO","@id":"https:\/\/casinoreturn.com\/no\/lotterikasinoer-i-florida\/#primaryimage","url":"https:\/\/casinoreturn.com\/wp-content\/uploads\/2025\/10\/Sweepstake-Casinos-in-Florida.png","contentUrl":"https:\/\/casinoreturn.com\/wp-content\/uploads\/2025\/10\/Sweepstake-Casinos-in-Florida.png","width":225,"height":225,"caption":"Sweepstake Casinos in Florida"},{"@type":"BreadcrumbList","@id":"https:\/\/casinoreturn.com\/no\/lotterikasinoer-i-florida\/#breadcrumb","itemListElement":[{"@type":"ListItem","position":1,"name":"Home","item":"https:\/\/casinoreturn.com\/no\/hjem\/"},{"@type":"ListItem","position":2,"name":"Lotterikasinoer i Florida"}]},{"@type":"WebSite","@id":"https:\/\/casinoreturn.com\/#website","url":"https:\/\/casinoreturn.com\/","name":"casinoreturn","description":"","publisher":{"@id":"https:\/\/casinoreturn.com\/#organization"},"potentialAction":[{"@type":"SearchAction","target":{"@type":"EntryPoint","urlTemplate":"https:\/\/casinoreturn.com\/?s={search_term_string}"},"query-input":{"@type":"PropertyValueSpecification","valueRequired":true,"valueName":"search_term_string"}}],"inLanguage":"nb-NO"},{"@type":"Organization","@id":"https:\/\/casinoreturn.com\/#organization","name":"casinoreturn","url":"https:\/\/casinoreturn.com\/","logo":{"@type":"ImageObject","inLanguage":"nb-NO","@id":"https:\/\/casinoreturn.com\/#\/schema\/logo\/image\/","url":"https:\/\/casinoreturn.com\/wp-content\/uploads\/2024\/09\/animal-favicon.png","contentUrl":"https:\/\/casinoreturn.com\/wp-content\/uploads\/2024\/09\/animal-favicon.png","width":92,"height":92,"caption":"casinoreturn"},"image":{"@id":"https:\/\/casinoreturn.com\/#\/schema\/logo\/image\/"}}]}},"_links":{"self":[{"href":"https:\/\/casinoreturn.com\/no\/wp-json\/wp\/v2\/pages\/16033","targetHints":{"allow":["GET"]}}],"collection":[{"href":"https:\/\/casinoreturn.com\/no\/wp-json\/wp\/v2\/pages"}],"about":[{"href":"https:\/\/casinoreturn.com\/no\/wp-json\/wp\/v2\/types\/page"}],"author":[{"embeddable":true,"href":"https:\/\/casinoreturn.com\/no\/wp-json\/wp\/v2\/users\/1"}],"replies":[{"embeddable":true,"href":"https:\/\/casinoreturn.com\/no\/wp-json\/wp\/v2\/comments?post=16033"}],"version-history":[{"count":1,"href":"https:\/\/casinoreturn.com\/no\/wp-json\/wp\/v2\/pages\/16033\/revisions"}],"predecessor-version":[{"id":16034,"href":"https:\/\/casinoreturn.com\/no\/wp-json\/wp\/v2\/pages\/16033\/revisions\/16034"}],"wp:featuredmedia":[{"embeddable":true,"href":"https:\/\/casinoreturn.com\/no\/wp-json\/wp\/v2\/media\/15501"}],"wp:attachment":[{"href":"https:\/\/casinoreturn.com\/no\/wp-json\/wp\/v2\/media?parent=16033"}],"curies":[{"name":"wp","href":"https:\/\/api.w.org\/{rel}","templated":true}]}}