{"id":16071,"date":"2025-10-15T10:15:30","date_gmt":"2025-10-15T10:15:30","guid":{"rendered":"https:\/\/casinoreturn.com\/pennsylvania-sweepstake-kasinoer\/"},"modified":"2025-10-31T14:40:09","modified_gmt":"2025-10-31T14:40:09","slug":"pennsylvania-sweepstake-kasinoer","status":"publish","type":"page","link":"https:\/\/casinoreturn.com\/no\/pennsylvania-sweepstake-kasinoer\/","title":{"rendered":"Pennsylvania Sweepstake kasinoer"},"content":{"rendered":"\t\t<div data-elementor-type=\"wp-page\" data-elementor-id=\"16071\" class=\"elementor elementor-16071\" data-elementor-post-type=\"page\">\n\t\t\t\t<div class=\"elementor-element elementor-element-feed78d e-con-full e-flex e-con e-parent\" data-id=\"feed78d\" data-element_type=\"container\">\n\t\t\t\t<div class=\"elementor-element elementor-element-61285ac elementor-widget elementor-widget-heading\" data-id=\"61285ac\" data-element_type=\"widget\" data-widget_type=\"heading.default\">\n\t\t\t\t<div class=\"elementor-widget-container\">\n\t\t\t\t\t<h3 class=\"elementor-heading-title elementor-size-default\">Pennsylvania Sweepstake kasinoer<\/h3>\t\t\t\t<\/div>\n\t\t\t\t<\/div>\n\t\t\t\t<div class=\"elementor-element elementor-element-d2600d4 elementor-widget elementor-widget-text-editor\" data-id=\"d2600d4\" data-element_type=\"widget\" data-widget_type=\"text-editor.default\">\n\t\t\t\t<div class=\"elementor-widget-container\">\n\t\t\t\t\t\t\t\t\t<p>Sweepstake-kasinoer i Pennsylvania er i limbo etter at PGCB, Pennsylvania Gaming Control Board, utstedte et varsel til 18 aktive sweepstake-operat\u00f8rer.  <\/p>\n<p><img decoding=\"async\" class=\"alignnone size-medium wp-image-14813\" src=\"https:\/\/casinoreturn.com\/wp-content\/uploads\/2025\/10\/Sweep-stake-casino-return-300x166.jpg\" alt=\"Sweep innsats kasinoavkastning\" width=\"300\" height=\"166\" srcset=\"https:\/\/casinoreturn.com\/wp-content\/uploads\/2025\/10\/Sweep-stake-casino-return-300x166.jpg 300w, https:\/\/casinoreturn.com\/wp-content\/uploads\/2025\/10\/Sweep-stake-casino-return-768x424.jpg 768w, https:\/\/casinoreturn.com\/wp-content\/uploads\/2025\/10\/Sweep-stake-casino-return.jpg 906w\" sizes=\"(max-width: 300px) 100vw, 300px\" \/><\/p>\n<p>I april 2025 fikk de aktuelle selskapene et brev om opph\u00f8r av virksomheten i Pennsylvania. Mange operat\u00f8rer har allerede avsluttet tilbudet til innbyggerne, og virksomheten har opph\u00f8rt. Talspersoner for PGCB anser sweepstake-kasinoer som ulovlige og har inntatt en sterkere holdning for \u00e5 h\u00e5ndheve kunngj\u00f8ringen.  <\/p>\n<p><strong>I denne artikkelen  <\/strong><\/p>\n<ul>\n<li><a href=\"https:\/\/casinoreturn.com\/no\/pennsylvania-sweepstake-kasinoer\/#legal\">Er sportsbetting lovlig i Pennsylvania?<\/a><\/li>\n<li>Mobiloperat\u00f8rer som tilbyr sportsbetting i PA<\/li>\n<li><a href=\"https:\/\/casinoreturn.com\/pennsylvania-sweepstake#list\">Liste over kasinoer i Pennsylvania  <\/a><\/li>\n<li><a href=\"https:\/\/casinoreturn.com\/pennsylvania-sweepstake#real\">Kan jeg spille med ekte penger i Pennsylvania?<\/a><\/li>\n<li><a href=\"https:\/\/casinoreturn.com\/pennsylvania-sweepstake#faq\">Vanlige sp\u00f8rsm\u00e5l Sweepstake kasinoer i Pennsylvania  <\/a><\/li>\n<\/ul>\n<p><img decoding=\"async\" class=\"alignnone wp-image-15387\" src=\"https:\/\/casinoreturn.com\/wp-content\/uploads\/2025\/10\/Pennsylvania-Sweepstake-Casinos-300x215.jpg\" alt=\"Pennsylvania Sweepstake kasinoer\" width=\"250\" height=\"179\" srcset=\"https:\/\/casinoreturn.com\/wp-content\/uploads\/2025\/10\/Pennsylvania-Sweepstake-Casinos-300x215.jpg 300w, https:\/\/casinoreturn.com\/wp-content\/uploads\/2025\/10\/Pennsylvania-Sweepstake-Casinos-768x549.jpg 768w, https:\/\/casinoreturn.com\/wp-content\/uploads\/2025\/10\/Pennsylvania-Sweepstake-Casinos.jpg 800w\" sizes=\"(max-width: 250px) 100vw, 250px\" \/><\/p>\n\t\t\t\t\t\t\t\t<\/div>\n\t\t\t\t<\/div>\n\t\t\t\t<div class=\"elementor-element elementor-element-3291067 elementor-widget elementor-widget-heading\" data-id=\"3291067\" data-element_type=\"widget\" id=\"legal\" data-widget_type=\"heading.default\">\n\t\t\t\t<div class=\"elementor-widget-container\">\n\t\t\t\t\t<h3 class=\"elementor-heading-title elementor-size-default\">Er sportsbetting lovlig i Pennsylvania?  <\/h3>\t\t\t\t<\/div>\n\t\t\t\t<\/div>\n\t\t\t\t<div class=\"elementor-element elementor-element-5ef6b05 elementor-widget elementor-widget-text-editor\" data-id=\"5ef6b05\" data-element_type=\"widget\" data-widget_type=\"text-editor.default\">\n\t\t\t\t<div class=\"elementor-widget-container\">\n\t\t\t\t\t\t\t\t\t<p>Sportsspill i Pennsylvania har v\u00e6rt lovlig og regulert av PGCB, The Pennsylvania Gaming Control Board siden 2017, i henhold til House Bill 271. For \u00e5 s\u00f8ke om lisens til \u00e5 drive detaljhandel og mobil sportsbetting, m\u00e5 en merkevare s\u00f8ke om et sportsbetting-sertifikat fra PGCB selv, og betale en heftig lisensavgift p\u00e5 10 millioner USD. Skattene er p\u00e5 36% ganske h\u00f8ye, som er en hoved\u00e5rsak, hvorfor bare et dusin merker har lisens.  <\/p>\n<p>Men det finnes begrensninger. Pennsylvania tillater IKKE spill p\u00e5 videreg\u00e5ende skoler, og det gj\u00f8r forresten andre amerikanske stater ogs\u00e5. Det samme gjelder for college-idrettsarrangementer p\u00e5 hjemmebane.  <\/p>\n<p>\u00c9n begrensning skiller seg ut fra resten, og det er \u00e5 satse p\u00e5 politikk. Dette g\u00e5r ikke i Pennsylvania.  <\/p>\n<p>eSport-spill er forel\u00f8pig ogs\u00e5 ekskludert under loven og myndigheten til PGCB.  <\/p>\n<h4>Mobile detaljistoperat\u00f8rer som tilbyr sportsbetting i PA<\/h4>\n<ul>\n<li>FanDuel, lisensiert siden 2021, P\u00e5litelig, anerkjent merkevare for sportsbetting<\/li>\n<li>DraftKings, lisensiert siden 2020, amerikansk operat\u00f8r med en enorm tilhengerskare<\/li>\n<li>BetMGM, lisensiert siden 2020, blant topp 5 av de st\u00f8rste akt\u00f8rene i USA<\/li>\n<li>bet365, lisensiert siden 2025, Europas svar p\u00e5 Fanduel og Co<\/li>\n<li>Pala Interactive, lisensiert siden 2022, mellomstor operat\u00f8r i PA<\/li>\n<li>UniBet, godkjent for kasino og sportsspill<\/li>\n<li>SBTech Malta Ltd, plattform for merkevarer som tilbyr sportsbetting  <\/li>\n<li>American Wagering, i p\u00e5vente av godkjenning<\/li>\n<\/ul>\n\t\t\t\t\t\t\t\t<\/div>\n\t\t\t\t<\/div>\n\t\t\t\t<div class=\"elementor-element elementor-element-35f12d6 elementor-widget elementor-widget-heading\" data-id=\"35f12d6\" data-element_type=\"widget\" id=\"list\" data-widget_type=\"heading.default\">\n\t\t\t\t<div class=\"elementor-widget-container\">\n\t\t\t\t\t<h3 class=\"elementor-heading-title elementor-size-default\">Liste over kasinoer i Pennsylvania<\/h3>\t\t\t\t<\/div>\n\t\t\t\t<\/div>\n\t\t\t\t<div class=\"elementor-element elementor-element-7dcb10b elementor-view-default elementor-widget elementor-widget-icon\" data-id=\"7dcb10b\" data-element_type=\"widget\" data-widget_type=\"icon.default\">\n\t\t\t\t<div class=\"elementor-widget-container\">\n\t\t\t\t\t\t\t<div class=\"elementor-icon-wrapper\">\n\t\t\t<div class=\"elementor-icon\">\n\t\t\t<i aria-hidden=\"true\" class=\"fas fa-star\"><\/i>\t\t\t<\/div>\n\t\t<\/div>\n\t\t\t\t\t\t<\/div>\n\t\t\t\t<\/div>\n\t\t\t\t<div class=\"elementor-element elementor-element-eb36c18 elementor-widget elementor-widget-text-editor\" data-id=\"eb36c18\" data-element_type=\"widget\" data-widget_type=\"text-editor.default\">\n\t\t\t\t<div class=\"elementor-widget-container\">\n\t\t\t\t\t\t\t\t\t<h4>Bet365 Sportsspill  <\/h4>\n<ul>\n<li>100 % velkomstbonus opp til USD 1000 + 500 spinn<\/li>\n<li>Minimumsinnskudd USD$10  <\/li>\n<li>Lav innsats p\u00e5 kun 25 ganger<\/li>\n<li>En av de beste appene for sportsspill tilgjengelig<\/li>\n<li> <\/li>\n<\/ul>\n\t\t\t\t\t\t\t\t<\/div>\n\t\t\t\t<\/div>\n\t\t\t\t<div class=\"elementor-element elementor-element-da802c6 elementor-align-center elementor-widget elementor-widget-button\" data-id=\"da802c6\" data-element_type=\"widget\" data-widget_type=\"button.default\">\n\t\t\t\t<div class=\"elementor-widget-container\">\n\t\t\t\t\t\t\t\t\t<div class=\"elementor-button-wrapper\">\n\t\t\t\t\t<a class=\"elementor-button elementor-button-link elementor-size-sm\" href=\"#\">\n\t\t\t\t\t\t<span class=\"elementor-button-content-wrapper\">\n\t\t\t\t\t\t\t\t\t<span class=\"elementor-button-text\">Gj\u00f8r krav her for Bet365  <\/span>\n\t\t\t\t\t<\/span>\n\t\t\t\t\t<\/a>\n\t\t\t\t<\/div>\n\t\t\t\t\t\t\t\t<\/div>\n\t\t\t\t<\/div>\n\t\t\t\t<div class=\"elementor-element elementor-element-ff1e285 elementor-widget elementor-widget-heading\" data-id=\"ff1e285\" data-element_type=\"widget\" id=\"real\" data-widget_type=\"heading.default\">\n\t\t\t\t<div class=\"elementor-widget-container\">\n\t\t\t\t\t<h3 class=\"elementor-heading-title elementor-size-default\">Kan jeg spille med ekte penger i Pennsylvania?<\/h3>\t\t\t\t<\/div>\n\t\t\t\t<\/div>\n\t\t\t\t<div class=\"elementor-element elementor-element-f23df3a elementor-widget elementor-widget-text-editor\" data-id=\"f23df3a\" data-element_type=\"widget\" data-widget_type=\"text-editor.default\">\n\t\t\t\t<div class=\"elementor-widget-container\">\n\t\t\t\t\t\t\t\t\t<p>Ja, innbyggere i Pennsylvania kan spille med ekte penger p\u00e5 kasinoer. Minimumsalder 21+. Vi har samlet en liste over aktuelle landbaserte kasinoer i Pennsylvania.  <\/p>\n<p><strong>Landbaserte kasinoer i PA, USA<\/strong><\/p>\n<ul>\n<li>Harrahs PA Casino og veddel\u00f8psbane, Chester<\/li>\n<li>Rivers Casino PA,  <\/li>\n<li>Parx Casino and Racing, Bensalem<\/li>\n<li>Live! Hotell og kasino, PA<\/li>\n<li>Valley Forge Resort, King of Prussia<\/li>\n<li>Hollywood Casino p\u00e5 Penn National Race Course, Grantville<\/li>\n<li>Mohegan Sun Pocono, Wilkes-Barre<\/li>\n<li>Lady Luck Casino, Farmington<\/li>\n<\/ul>\n\t\t\t\t\t\t\t\t<\/div>\n\t\t\t\t<\/div>\n\t\t\t\t<div class=\"elementor-element elementor-element-f9f4919 elementor-widget elementor-widget-heading\" data-id=\"f9f4919\" data-element_type=\"widget\" id=\"faq\" data-widget_type=\"heading.default\">\n\t\t\t\t<div class=\"elementor-widget-container\">\n\t\t\t\t\t<h3 class=\"elementor-heading-title elementor-size-default\">Vanlige sp\u00f8rsm\u00e5l Sweepstake kasinoer i Pennsylvania<\/h3>\t\t\t\t<\/div>\n\t\t\t\t<\/div>\n\t\t\t\t<div class=\"elementor-element elementor-element-3f14f5d elementor-widget elementor-widget-elementskit-faq\" data-id=\"3f14f5d\" data-element_type=\"widget\" data-widget_type=\"elementskit-faq.default\">\n\t\t\t\t<div class=\"elementor-widget-container\">\n\t\t\t\t\t<div class=\"ekit-wid-con\" >\n                <div class=\"elementskit-single-faq elementor-repeater-item-f98fd40\">\n            <div class=\"elementskit-faq-header\">\n                <h2 class=\"elementskit-faq-title\">Are Social Casinos legal in PA?<\/h2>\n            <\/div>\n            <div class=\"elementskit-faq-body\">\n                Social casinos offering sweepstakes promotions were prohibited in April 2025 by the PGCB. Those operators were deemed illegal and therefore faced a shutdown. 18 known brands received a letter of cease-and-desist from the board            <\/div>\n        <\/div>\n                <div class=\"elementskit-single-faq elementor-repeater-item-dde268b\">\n            <div class=\"elementskit-faq-header\">\n                <h2 class=\"elementskit-faq-title\">Which legal casinos can I visit in PA?<\/h2>\n            <\/div>\n            <div class=\"elementskit-faq-body\">\n                Player of the age of 21+ are allowed to visit land-based casinos. The PCGB also issues licences to Online Casinos, Mobile Sports Betting operators, Online Poker, and Fantasy sports.            <\/div>\n        <\/div>\n                <div class=\"elementskit-single-faq elementor-repeater-item-525abea\">\n            <div class=\"elementskit-faq-header\">\n                <h2 class=\"elementskit-faq-title\">Can I bet on Colleague Football in PA?<\/h2>\n            <\/div>\n            <div class=\"elementskit-faq-body\">\n                The answer is NO, you can't. \n\nBetting on High school events are illegal \nBetting on Colleague events are illegal\nBetting on Politics are illegal\neSports Betting is illegal             <\/div>\n        <\/div>\n                \n    <\/div>\t\t\t\t<\/div>\n\t\t\t\t<\/div>\n\t\t\t\t<\/div>\n\t\t\t\t<\/div>\n\t\t","protected":false},"excerpt":{"rendered":"<p>Pennsylvania Sweepstake kasinoer Sweepstake-kasinoer i Pennsylvania er i limbo etter at PGCB, Pennsylvania Gaming Control Board, utstedte et varsel til 18 aktive sweepstake-operat\u00f8rer. I april 2025 fikk de aktuelle selskapene et brev om opph\u00f8r av virksomheten i Pennsylvania. Mange operat\u00f8rer har allerede avsluttet tilbudet til innbyggerne, og virksomheten har opph\u00f8rt. Talspersoner for PGCB anser sweepstake-kasinoer [&hellip;]<\/p>\n","protected":false},"author":1,"featured_media":15392,"parent":0,"menu_order":0,"comment_status":"closed","ping_status":"closed","template":"","meta":{"footnotes":""},"class_list":["post-16071","page","type-page","status-publish","has-post-thumbnail","hentry"],"blocksy_meta":[],"acf":[],"yoast_head":"<!-- This site is optimized with the Yoast SEO plugin v24.1 - https:\/\/yoast.com\/wordpress\/plugins\/seo\/ -->\n<title>Pennsylvania Sweepstake kasinoer - casinoreturn<\/title>\n<meta name=\"description\" content=\"Pennsylvania Sweepstake Casinos under gransking fra Gaming Control Board. 18 konkurranseoperat\u00f8rer fikk varsel om \u00e5 trekke tilbake merkevaren sin.\" \/>\n<meta name=\"robots\" content=\"index, follow, max-snippet:-1, max-image-preview:large, max-video-preview:-1\" \/>\n<link rel=\"canonical\" href=\"https:\/\/casinoreturn.com\/no\/pennsylvania-sweepstake-kasinoer\/\" \/>\n<meta property=\"og:locale\" content=\"nb_NO\" \/>\n<meta property=\"og:type\" content=\"article\" \/>\n<meta property=\"og:title\" content=\"Pennsylvania Sweepstake kasinoer - casinoreturn\" \/>\n<meta property=\"og:description\" content=\"Pennsylvania Sweepstake Casinos under gransking fra Gaming Control Board. 18 konkurranseoperat\u00f8rer fikk varsel om \u00e5 trekke tilbake merkevaren sin.\" \/>\n<meta property=\"og:url\" content=\"https:\/\/casinoreturn.com\/no\/pennsylvania-sweepstake-kasinoer\/\" \/>\n<meta property=\"og:site_name\" content=\"casinoreturn\" \/>\n<meta property=\"article:modified_time\" content=\"2025-10-31T14:40:09+00:00\" \/>\n<meta property=\"og:image\" content=\"https:\/\/casinoreturn.com\/wp-content\/uploads\/2025\/10\/Pennsylvania-Sweepstake-Casinos.jpg\" \/>\n\t<meta property=\"og:image:width\" content=\"800\" \/>\n\t<meta property=\"og:image:height\" content=\"572\" \/>\n\t<meta property=\"og:image:type\" content=\"image\/jpeg\" \/>\n<meta name=\"twitter:card\" content=\"summary_large_image\" \/>\n<meta name=\"twitter:label1\" content=\"Ansl. lesetid\" \/>\n\t<meta name=\"twitter:data1\" content=\"3 minutter\" \/>\n<script type=\"application\/ld+json\" class=\"yoast-schema-graph\">{\"@context\":\"https:\/\/schema.org\",\"@graph\":[{\"@type\":\"WebPage\",\"@id\":\"https:\/\/casinoreturn.com\/no\/pennsylvania-sweepstake-kasinoer\/\",\"url\":\"https:\/\/casinoreturn.com\/no\/pennsylvania-sweepstake-kasinoer\/\",\"name\":\"Pennsylvania Sweepstake kasinoer - casinoreturn\",\"isPartOf\":{\"@id\":\"https:\/\/casinoreturn.com\/#website\"},\"primaryImageOfPage\":{\"@id\":\"https:\/\/casinoreturn.com\/no\/pennsylvania-sweepstake-kasinoer\/#primaryimage\"},\"image\":{\"@id\":\"https:\/\/casinoreturn.com\/no\/pennsylvania-sweepstake-kasinoer\/#primaryimage\"},\"thumbnailUrl\":\"https:\/\/casinoreturn.com\/wp-content\/uploads\/2025\/10\/Pennsylvania-Sweepstake-Casinos.jpg\",\"datePublished\":\"2025-10-15T10:15:30+00:00\",\"dateModified\":\"2025-10-31T14:40:09+00:00\",\"description\":\"Pennsylvania Sweepstake Casinos under gransking fra Gaming Control Board. 18 konkurranseoperat\u00f8rer fikk varsel om \u00e5 trekke tilbake merkevaren sin.\",\"breadcrumb\":{\"@id\":\"https:\/\/casinoreturn.com\/no\/pennsylvania-sweepstake-kasinoer\/#breadcrumb\"},\"inLanguage\":\"nb-NO\",\"potentialAction\":[{\"@type\":\"ReadAction\",\"target\":[\"https:\/\/casinoreturn.com\/no\/pennsylvania-sweepstake-kasinoer\/\"]}]},{\"@type\":\"ImageObject\",\"inLanguage\":\"nb-NO\",\"@id\":\"https:\/\/casinoreturn.com\/no\/pennsylvania-sweepstake-kasinoer\/#primaryimage\",\"url\":\"https:\/\/casinoreturn.com\/wp-content\/uploads\/2025\/10\/Pennsylvania-Sweepstake-Casinos.jpg\",\"contentUrl\":\"https:\/\/casinoreturn.com\/wp-content\/uploads\/2025\/10\/Pennsylvania-Sweepstake-Casinos.jpg\",\"width\":800,\"height\":572,\"caption\":\"Pennsylvania Sweepstake Casinos\"},{\"@type\":\"BreadcrumbList\",\"@id\":\"https:\/\/casinoreturn.com\/no\/pennsylvania-sweepstake-kasinoer\/#breadcrumb\",\"itemListElement\":[{\"@type\":\"ListItem\",\"position\":1,\"name\":\"Home\",\"item\":\"https:\/\/casinoreturn.com\/no\/hjem\/\"},{\"@type\":\"ListItem\",\"position\":2,\"name\":\"Pennsylvania Sweepstake kasinoer\"}]},{\"@type\":\"WebSite\",\"@id\":\"https:\/\/casinoreturn.com\/#website\",\"url\":\"https:\/\/casinoreturn.com\/\",\"name\":\"casinoreturn\",\"description\":\"\",\"publisher\":{\"@id\":\"https:\/\/casinoreturn.com\/#organization\"},\"potentialAction\":[{\"@type\":\"SearchAction\",\"target\":{\"@type\":\"EntryPoint\",\"urlTemplate\":\"https:\/\/casinoreturn.com\/?s={search_term_string}\"},\"query-input\":{\"@type\":\"PropertyValueSpecification\",\"valueRequired\":true,\"valueName\":\"search_term_string\"}}],\"inLanguage\":\"nb-NO\"},{\"@type\":\"Organization\",\"@id\":\"https:\/\/casinoreturn.com\/#organization\",\"name\":\"casinoreturn\",\"url\":\"https:\/\/casinoreturn.com\/\",\"logo\":{\"@type\":\"ImageObject\",\"inLanguage\":\"nb-NO\",\"@id\":\"https:\/\/casinoreturn.com\/#\/schema\/logo\/image\/\",\"url\":\"https:\/\/casinoreturn.com\/wp-content\/uploads\/2024\/09\/animal-favicon.png\",\"contentUrl\":\"https:\/\/casinoreturn.com\/wp-content\/uploads\/2024\/09\/animal-favicon.png\",\"width\":92,\"height\":92,\"caption\":\"casinoreturn\"},\"image\":{\"@id\":\"https:\/\/casinoreturn.com\/#\/schema\/logo\/image\/\"}}]}<\/script>\n<!-- \/ Yoast SEO plugin. -->","yoast_head_json":{"title":"Pennsylvania Sweepstake kasinoer - casinoreturn","description":"Pennsylvania Sweepstake Casinos under gransking fra Gaming Control Board. 18 konkurranseoperat\u00f8rer fikk varsel om \u00e5 trekke tilbake merkevaren sin.","robots":{"index":"index","follow":"follow","max-snippet":"max-snippet:-1","max-image-preview":"max-image-preview:large","max-video-preview":"max-video-preview:-1"},"canonical":"https:\/\/casinoreturn.com\/no\/pennsylvania-sweepstake-kasinoer\/","og_locale":"nb_NO","og_type":"article","og_title":"Pennsylvania Sweepstake kasinoer - casinoreturn","og_description":"Pennsylvania Sweepstake Casinos under gransking fra Gaming Control Board. 18 konkurranseoperat\u00f8rer fikk varsel om \u00e5 trekke tilbake merkevaren sin.","og_url":"https:\/\/casinoreturn.com\/no\/pennsylvania-sweepstake-kasinoer\/","og_site_name":"casinoreturn","article_modified_time":"2025-10-31T14:40:09+00:00","og_image":[{"width":800,"height":572,"url":"https:\/\/casinoreturn.com\/wp-content\/uploads\/2025\/10\/Pennsylvania-Sweepstake-Casinos.jpg","type":"image\/jpeg"}],"twitter_card":"summary_large_image","twitter_misc":{"Ansl. lesetid":"3 minutter"},"schema":{"@context":"https:\/\/schema.org","@graph":[{"@type":"WebPage","@id":"https:\/\/casinoreturn.com\/no\/pennsylvania-sweepstake-kasinoer\/","url":"https:\/\/casinoreturn.com\/no\/pennsylvania-sweepstake-kasinoer\/","name":"Pennsylvania Sweepstake kasinoer - casinoreturn","isPartOf":{"@id":"https:\/\/casinoreturn.com\/#website"},"primaryImageOfPage":{"@id":"https:\/\/casinoreturn.com\/no\/pennsylvania-sweepstake-kasinoer\/#primaryimage"},"image":{"@id":"https:\/\/casinoreturn.com\/no\/pennsylvania-sweepstake-kasinoer\/#primaryimage"},"thumbnailUrl":"https:\/\/casinoreturn.com\/wp-content\/uploads\/2025\/10\/Pennsylvania-Sweepstake-Casinos.jpg","datePublished":"2025-10-15T10:15:30+00:00","dateModified":"2025-10-31T14:40:09+00:00","description":"Pennsylvania Sweepstake Casinos under gransking fra Gaming Control Board. 18 konkurranseoperat\u00f8rer fikk varsel om \u00e5 trekke tilbake merkevaren sin.","breadcrumb":{"@id":"https:\/\/casinoreturn.com\/no\/pennsylvania-sweepstake-kasinoer\/#breadcrumb"},"inLanguage":"nb-NO","potentialAction":[{"@type":"ReadAction","target":["https:\/\/casinoreturn.com\/no\/pennsylvania-sweepstake-kasinoer\/"]}]},{"@type":"ImageObject","inLanguage":"nb-NO","@id":"https:\/\/casinoreturn.com\/no\/pennsylvania-sweepstake-kasinoer\/#primaryimage","url":"https:\/\/casinoreturn.com\/wp-content\/uploads\/2025\/10\/Pennsylvania-Sweepstake-Casinos.jpg","contentUrl":"https:\/\/casinoreturn.com\/wp-content\/uploads\/2025\/10\/Pennsylvania-Sweepstake-Casinos.jpg","width":800,"height":572,"caption":"Pennsylvania Sweepstake Casinos"},{"@type":"BreadcrumbList","@id":"https:\/\/casinoreturn.com\/no\/pennsylvania-sweepstake-kasinoer\/#breadcrumb","itemListElement":[{"@type":"ListItem","position":1,"name":"Home","item":"https:\/\/casinoreturn.com\/no\/hjem\/"},{"@type":"ListItem","position":2,"name":"Pennsylvania Sweepstake kasinoer"}]},{"@type":"WebSite","@id":"https:\/\/casinoreturn.com\/#website","url":"https:\/\/casinoreturn.com\/","name":"casinoreturn","description":"","publisher":{"@id":"https:\/\/casinoreturn.com\/#organization"},"potentialAction":[{"@type":"SearchAction","target":{"@type":"EntryPoint","urlTemplate":"https:\/\/casinoreturn.com\/?s={search_term_string}"},"query-input":{"@type":"PropertyValueSpecification","valueRequired":true,"valueName":"search_term_string"}}],"inLanguage":"nb-NO"},{"@type":"Organization","@id":"https:\/\/casinoreturn.com\/#organization","name":"casinoreturn","url":"https:\/\/casinoreturn.com\/","logo":{"@type":"ImageObject","inLanguage":"nb-NO","@id":"https:\/\/casinoreturn.com\/#\/schema\/logo\/image\/","url":"https:\/\/casinoreturn.com\/wp-content\/uploads\/2024\/09\/animal-favicon.png","contentUrl":"https:\/\/casinoreturn.com\/wp-content\/uploads\/2024\/09\/animal-favicon.png","width":92,"height":92,"caption":"casinoreturn"},"image":{"@id":"https:\/\/casinoreturn.com\/#\/schema\/logo\/image\/"}}]}},"_links":{"self":[{"href":"https:\/\/casinoreturn.com\/no\/wp-json\/wp\/v2\/pages\/16071","targetHints":{"allow":["GET"]}}],"collection":[{"href":"https:\/\/casinoreturn.com\/no\/wp-json\/wp\/v2\/pages"}],"about":[{"href":"https:\/\/casinoreturn.com\/no\/wp-json\/wp\/v2\/types\/page"}],"author":[{"embeddable":true,"href":"https:\/\/casinoreturn.com\/no\/wp-json\/wp\/v2\/users\/1"}],"replies":[{"embeddable":true,"href":"https:\/\/casinoreturn.com\/no\/wp-json\/wp\/v2\/comments?post=16071"}],"version-history":[{"count":1,"href":"https:\/\/casinoreturn.com\/no\/wp-json\/wp\/v2\/pages\/16071\/revisions"}],"predecessor-version":[{"id":16072,"href":"https:\/\/casinoreturn.com\/no\/wp-json\/wp\/v2\/pages\/16071\/revisions\/16072"}],"wp:featuredmedia":[{"embeddable":true,"href":"https:\/\/casinoreturn.com\/no\/wp-json\/wp\/v2\/media\/15392"}],"wp:attachment":[{"href":"https:\/\/casinoreturn.com\/no\/wp-json\/wp\/v2\/media?parent=16071"}],"curies":[{"name":"wp","href":"https:\/\/api.w.org\/{rel}","templated":true}]}}