{"id":16222,"date":"2025-11-04T22:06:23","date_gmt":"2025-11-04T22:06:23","guid":{"rendered":"https:\/\/casinoreturn.com\/west-virginia-sweepstake-online-casino\/"},"modified":"2025-11-04T22:53:31","modified_gmt":"2025-11-04T22:53:31","slug":"west-virginia-sweepstake-online-casino","status":"publish","type":"page","link":"https:\/\/casinoreturn.com\/no\/west-virginia-sweepstake-online-casino\/","title":{"rendered":"West Virginia Sweepstake Online Casino"},"content":{"rendered":"\t\t<div data-elementor-type=\"wp-page\" data-elementor-id=\"16222\" class=\"elementor elementor-16222\" data-elementor-post-type=\"page\">\n\t\t\t\t<div class=\"elementor-element elementor-element-a25ba4b e-con-full e-flex e-con e-parent\" data-id=\"a25ba4b\" data-element_type=\"container\" data-settings=\"{&quot;background_background&quot;:&quot;gradient&quot;}\">\n\t\t\t\t<div class=\"elementor-element elementor-element-d034d04 elementor-widget elementor-widget-heading\" data-id=\"d034d04\" data-element_type=\"widget\" data-widget_type=\"heading.default\">\n\t\t\t\t<div class=\"elementor-widget-container\">\n\t\t\t\t\t<h3 class=\"elementor-heading-title elementor-size-default\">Virginia Sweepstake Online Casino<\/h3>\t\t\t\t<\/div>\n\t\t\t\t<\/div>\n\t\t\t\t<div class=\"elementor-element elementor-element-18d8fc5 elementor-widget elementor-widget-text-editor\" data-id=\"18d8fc5\" data-element_type=\"widget\" data-widget_type=\"text-editor.default\">\n\t\t\t\t<div class=\"elementor-widget-container\">\n\t\t\t\t\t\t\t\t\t<p>West Virginia Sweepstake Online Casino-regler er p\u00e5 tynn is for n\u00e5. Det betyr at nettkasinoer som tilbyr inngang ved \u00e5 sette inn penger for \u00e5 spille og vinne penger, faktisk ikke er lovlige. Sweepstake-kasinoer opererer under en s\u00e5kalt dobbel valutamodell. Denne modellen med to valutaer gir spillerne tilgang til plattformen, men det kreves ingen innskudd. Ingen kontanter kan vinnes direkte eller byttes. Sweepstake fungerer med innl\u00f8selige mynter, som deretter kan byttes ut.  <a href=\"https:\/\/casinoreturn.com\/no\/sweep-stake-casino-return-usa\/\">Mer informasjon om sweeps og gullmynter finner du her.  <\/a><\/p>\n<p>Spillere kan ogs\u00e5 finne mer informasjon om lovgivningen i de enkelte amerikanske delstatene, for eksempel <a href=\"https:\/\/casinoreturn.com\/new-york-sweepstake-casinos\/\">New York Sweepstake Casinos<\/a> eller <a href=\"https:\/\/casinoreturn.com\/california-bans-social-sweepstake-games\/\">forbudet mot sweepstake-kasinoer i California. <\/a> <\/p>\n<p>I denne artikkelen forklarer vi:  <\/p>\n<ul>\n<li><a href=\"https:\/\/casinoreturn.com\/no\/west-virginia-sweepstake-online-casino\/#curr\">Gjeldende konkurranseregler i West Virginia<\/a><\/li>\n<li>Landbaserte kasinoer i West Virginia  <\/li>\n<li><a href=\"https:\/\/casinoreturn.com\/no\/west-virginia-sweepstake-online-casino\/#top\">Topp 10 av Sweepstake kasinoer i West Virginia<\/a> <\/li>\n<li><a href=\"https:\/\/casinoreturn.com\/no\/west-virginia-sweepstake-online-casino\/#sport\">Sportsbetting i West Virginia<\/a><\/li>\n<li><a href=\"https:\/\/casinoreturn.com\/no\/west-virginia-sweepstake-online-casino\/#faq\">Vanlige sp\u00f8rsm\u00e5l om West Virginia Sweepstake Casinos<\/a><\/li>\n<li><a href=\"https:\/\/casinoreturn.com\/no\/west-virginia-sweepstake-online-casino\/#curio\">Kuriositeter om West Virginia, USA<\/a><\/li>\n<\/ul>\n\t\t\t\t\t\t\t\t<\/div>\n\t\t\t\t<\/div>\n\t\t\t\t<\/div>\n\t\t<div class=\"elementor-element elementor-element-920cb2f e-con-full e-flex e-con e-parent\" data-id=\"920cb2f\" data-element_type=\"container\" data-settings=\"{&quot;background_background&quot;:&quot;gradient&quot;}\">\n\t\t\t\t<div class=\"elementor-element elementor-element-5ede9b0 elementor-widget__width-initial elementor-widget elementor-widget-image\" data-id=\"5ede9b0\" data-element_type=\"widget\" data-widget_type=\"image.default\">\n\t\t\t\t<div class=\"elementor-widget-container\">\n\t\t\t\t\t\t\t\t\t\t\t\t\t\t\t<img decoding=\"async\" src=\"https:\/\/casinoreturn.com\/wp-content\/uploads\/elementor\/thumbs\/Sweep-stake-casino-return-rcsvuhhg8ru7ojla0mlxbz0ez2n9j5cipfa82r7ohw.jpg\" title=\"Sweep stake casino return\" alt=\"Sweep stake casino return\" loading=\"lazy\" \/>\t\t\t\t\t\t\t\t\t\t\t\t\t\t\t<\/div>\n\t\t\t\t<\/div>\n\t\t\t\t<div class=\"elementor-element elementor-element-21b3226 elementor-widget elementor-widget-heading\" data-id=\"21b3226\" data-element_type=\"widget\" id=\"curr\" data-widget_type=\"heading.default\">\n\t\t\t\t<div class=\"elementor-widget-container\">\n\t\t\t\t\t<h3 class=\"elementor-heading-title elementor-size-default\">Gjeldende regler for konkurranser i West Virginia<\/h3>\t\t\t\t<\/div>\n\t\t\t\t<\/div>\n\t\t\t\t<\/div>\n\t\t<div class=\"elementor-element elementor-element-165ad87 e-con-full e-flex e-con e-parent\" data-id=\"165ad87\" data-element_type=\"container\">\n\t\t\t\t<div class=\"elementor-element elementor-element-8fc0205 elementor-widget elementor-widget-text-editor\" data-id=\"8fc0205\" data-element_type=\"widget\" data-widget_type=\"text-editor.default\">\n\t\t\t\t<div class=\"elementor-widget-container\">\n\t\t\t\t\t\t\t\t\t<p>Den n\u00e5v\u00e6rende situasjonen for sweepstakes-kasinoer i West Virginia er p\u00e5 l\u00f8st grunnlag, men er fortsatt lovlig. Lovgiverne i Virginia vurderer operat\u00f8rer med dobbeltvalutamodell som ikke-spilleaktiviteter. Denne modellen blir stadig mer kritisert fra alle kanter. Delstater som California og <a href=\"https:\/\/casinoreturn.com\/no\/pennsylvania-sweepstake-kasinoer\/\">Pennsylvania, som enten forbyr eller forbyder konkurranser .<\/a><\/p>\n<p>Ideen om gratis inngang i online kasinoer opprettholdes forel\u00f8pig. Spillere kan g\u00e5 inn p\u00e5 plattformer gratis og spille sosiale kasinospill og vinne gullmynter. Disse gullmyntene kan ikke veksles inn i kontanter og anses derfor ikke som pengespill i henhold til loven. Sweepstake-kasinoer er ikke offisielt lisensierte, og er underlagt delstatens lovgivning, og faller ikke inn under West Virginias delstatslov artikkel 18.2-325.  <\/p>\n<p>Spillere m\u00e5 v\u00e6re over 18 \u00e5r for sosiale kasinoer og over 21 \u00e5r og v\u00e6re bosatt i West Virginia for sportsspill.  <\/p>\t\t\t\t\t\t\t\t<\/div>\n\t\t\t\t<\/div>\n\t\t\t\t<div class=\"elementor-element elementor-element-5118fa1 elementor-widget elementor-widget-heading\" data-id=\"5118fa1\" data-element_type=\"widget\" id=\"top\" data-widget_type=\"heading.default\">\n\t\t\t\t<div class=\"elementor-widget-container\">\n\t\t\t\t\t<h3 class=\"elementor-heading-title elementor-size-default\">Topp 10 Sweepstake kasinoer i West Virginia<\/h3>\t\t\t\t<\/div>\n\t\t\t\t<\/div>\n\t\t\t\t<div class=\"elementor-element elementor-element-7957e13 elementor-widget elementor-widget-image\" data-id=\"7957e13\" data-element_type=\"widget\" data-widget_type=\"image.default\">\n\t\t\t\t<div class=\"elementor-widget-container\">\n\t\t\t\t\t\t\t\t\t\t\t\t\t\t\t<img decoding=\"async\" src=\"https:\/\/casinoreturn.com\/wp-content\/uploads\/elementor\/thumbs\/West-Virginia-Sweepstake-online-Casino-re8be3avp0f8cq7oyjzacwqfm1upd5dp2x3x9hkbic.png\" title=\"West Virginia Sweepstake online Casino\" alt=\"West Virginia Sweepstake online Casino\" loading=\"lazy\" \/>\t\t\t\t\t\t\t\t\t\t\t\t\t\t\t<\/div>\n\t\t\t\t<\/div>\n\t\t\t\t<div class=\"elementor-element elementor-element-9c8bfae elementor-widget elementor-widget-text-editor\" data-id=\"9c8bfae\" data-element_type=\"widget\" data-widget_type=\"text-editor.default\">\n\t\t\t\t<div class=\"elementor-widget-container\">\n\t\t\t\t\t\t\t\t\t<p>Ettersom nettkasinoer med ekte penger er bekreftet som ulovlige, tilbyr f\u00f8lgende sweepstake-kasinoer sosiale kasinomuligheter. Det betyr at det er gratis \u00e5 delta, og at man ikke trenger \u00e5 gj\u00f8re noe innskudd. Selv om Goldcoins kan vinnes, og premier er tilgjengelige i bytte, er det ingen pengeverdi eller kontanter \u00e5 vinne. Ikke i prioritert rekkef\u00f8lge:  <\/p>\n<p>Selv om det er gjort ulovlig, har en rekke kasinoer som tilbyr Sweepstakes-kasinoer p\u00e5 nettet, forlatt markedet. I 2025 utstedte riksadvokat John B. McCusky i underkant av 50 stevninger til operat\u00f8rer. Halvparten har s\u00e5 langt stanset sin virksomhet. Noen opererer fortsatt i en gr\u00e5sone.  <\/p>\n<h4>Landbaserte kasinoer i West Virginia<\/h4>\n<p>Landbaserte kasinoer i Virginia tilbyr en etterlengtet spillopplevelse med ekte penger. Vi vil gjerne gi deg v\u00e5re topp 5 landbaserte kasinoer i West Virginia, men offisielt er bare 3 i full drift. I 2020 ble det gitt lisenser til Bristol US, Danville US, Norfolk US, Portsmouth US og Richmond US.  <\/p>\n<ul>\n<li>Hollywood Casino p\u00e5 Charles Town Races er ledende n\u00e5r det gjelder underholdning. Tilbyr en komplett spillopplevelse med alt fra live bordpoker, spilleautomater, bingo og blackjack. Noen spillstasjoner er ogs\u00e5 til stede<\/li>\n<li>Mardi Gras &#8211; kombinerer full drift av hotell og kasino<\/li>\n<li>The Casino Club at The Greenbrier &#8211; Stor merkevare som st\u00f8tter dette underholdningssenteret<\/li>\n<\/ul>\t\t\t\t\t\t\t\t<\/div>\n\t\t\t\t<\/div>\n\t\t\t\t<div class=\"elementor-element elementor-element-0a7b52c elementor-widget elementor-widget-heading\" data-id=\"0a7b52c\" data-element_type=\"widget\" id=\"sport\" data-widget_type=\"heading.default\">\n\t\t\t\t<div class=\"elementor-widget-container\">\n\t\t\t\t\t<h3 class=\"elementor-heading-title elementor-size-default\">Sportsbetting i West Virginia  <\/h3>\t\t\t\t<\/div>\n\t\t\t\t<\/div>\n\t\t\t\t<div class=\"elementor-element elementor-element-0a1012d elementor-widget elementor-widget-text-editor\" data-id=\"0a1012d\" data-element_type=\"widget\" data-widget_type=\"text-editor.default\">\n\t\t\t\t<div class=\"elementor-widget-container\">\n\t\t\t\t\t\t\t\t\t<p>Sportsspill i West Virginia er lovlig og for innbyggere og operat\u00f8rer er lisensiert. Sportsbettingplattformer m\u00e5 overholde aldersbekreftelse, 21+ \u00e5r. Spill m\u00e5 plasseres i delstaten Virginia.  <\/p>\n<p>I likhet med andre amerikanske delstater er det ulovlig \u00e5 satse p\u00e5 sportsbegivenheter for ungdom og college-idrett. Store navn som tilbyr Wagering-apper for spill er FanDuel. DraftKings, BetMGM og Caesars.<\/p>\t\t\t\t\t\t\t\t<\/div>\n\t\t\t\t<\/div>\n\t\t\t\t<div class=\"elementor-element elementor-element-9a3e94e elementor-widget elementor-widget-heading\" data-id=\"9a3e94e\" data-element_type=\"widget\" id=\"faq\" data-widget_type=\"heading.default\">\n\t\t\t\t<div class=\"elementor-widget-container\">\n\t\t\t\t\t<h2 class=\"elementor-heading-title elementor-size-default\">Vanlige sp\u00f8rsm\u00e5l om West Virginia Sweepstake Casinos<\/h2>\t\t\t\t<\/div>\n\t\t\t\t<\/div>\n\t\t\t\t<div class=\"elementor-element elementor-element-6a966d4 elementor-widget elementor-widget-elementskit-faq\" data-id=\"6a966d4\" data-element_type=\"widget\" data-widget_type=\"elementskit-faq.default\">\n\t\t\t\t<div class=\"elementor-widget-container\">\n\t\t\t\t\t<div class=\"ekit-wid-con\" >\n                <div class=\"elementskit-single-faq elementor-repeater-item-e0176ff\">\n            <div class=\"elementskit-faq-header\">\n                <h2 class=\"elementskit-faq-title\">Are Sweepstake casinos legal in West Virginia?<\/h2>\n            <\/div>\n            <div class=\"elementskit-faq-body\">\n                Sweepstake casinos are not illegal. if the set up provides a complete social casino structure, without real-money. Meaning, the online casino cannot accept or reward players with anything but Goldcoins, or similar token.            <\/div>\n        <\/div>\n                <div class=\"elementskit-single-faq elementor-repeater-item-140a2d1\">\n            <div class=\"elementskit-faq-header\">\n                <h2 class=\"elementskit-faq-title\">Is sports betting legal in West Virginia?<\/h2>\n            <\/div>\n            <div class=\"elementskit-faq-body\">\n                Yes sports betting is legal. Residents older than 21+ of age can wager on sport and events.             <\/div>\n        <\/div>\n                <div class=\"elementskit-single-faq elementor-repeater-item-35c1273\">\n            <div class=\"elementskit-faq-header\">\n                <h2 class=\"elementskit-faq-title\">Can I bet on a Virginia team outside of the state of West Virginia?<\/h2>\n            <\/div>\n            <div class=\"elementskit-faq-body\">\n                If you are resident of West Virginia, and want to place a wager on a team playing outside of West Virginia, it's not possible. However, players can bet on teams from West Virginia if their residency is outside from West Virginia.             <\/div>\n        <\/div>\n                \n    <\/div>\t\t\t\t<\/div>\n\t\t\t\t<\/div>\n\t\t\t\t<div class=\"elementor-element elementor-element-6631937 elementor-widget elementor-widget-heading\" data-id=\"6631937\" data-element_type=\"widget\" id=\"curio\" data-widget_type=\"heading.default\">\n\t\t\t\t<div class=\"elementor-widget-container\">\n\t\t\t\t\t<h3 class=\"elementor-heading-title elementor-size-default\">Kuriositeter om West Virginia, USA<\/h3>\t\t\t\t<\/div>\n\t\t\t\t<\/div>\n\t\t\t\t<div class=\"elementor-element elementor-element-50e0b85 elementor-widget elementor-widget-text-editor\" data-id=\"50e0b85\" data-element_type=\"widget\" data-widget_type=\"text-editor.default\">\n\t\t\t\t<div class=\"elementor-widget-container\">\n\t\t\t\t\t\t\t\t\t<p>Her er noen kuriositeter om West Virginia. Den amerikanske delstaten har noen sv\u00e6rt prominente politiske navn p\u00e5 samvittigheten.  <\/p>\n<p><img fetchpriority=\"high\" decoding=\"async\" class=\"alignnone wp-image-16194 size-full\" src=\"https:\/\/casinoreturn.com\/wp-content\/uploads\/2025\/11\/West-Virginia-Sweepstake-online-Casino.png\" alt=\"West Virginia Sweepstake online kasino\" width=\"237\" height=\"212\"><\/p>\n<ul>\n<li>West Virginia ligger helt hjemme p\u00e5 Appalachene-plat\u00e5et.  <\/li>\n<li>Her finner du verdens st\u00f8rste Steer-teleskop  <\/li>\n<li>New River &#8211; pussig nok en av de eldste elvene i verden<\/li>\n<li>West Virginia har flere brusende elver, juv og stryk &#8211; flere enn i alle USAs delstater til sammen<\/li>\n<\/ul>\n<p> <\/p>\t\t\t\t\t\t\t\t<\/div>\n\t\t\t\t<\/div>\n\t\t\t\t<\/div>\n\t\t\t\t<\/div>\n\t\t","protected":false},"excerpt":{"rendered":"<p>Virginia Sweepstake Online Casino West Virginia Sweepstake Online Casino-regler er p\u00e5 tynn is for n\u00e5. Det betyr at nettkasinoer som tilbyr inngang ved \u00e5 sette inn penger for \u00e5 spille og vinne penger, faktisk ikke er lovlige. Sweepstake-kasinoer opererer under en s\u00e5kalt dobbel valutamodell. Denne modellen med to valutaer gir spillerne tilgang til plattformen, men [&hellip;]<\/p>\n","protected":false},"author":1,"featured_media":16199,"parent":0,"menu_order":0,"comment_status":"closed","ping_status":"closed","template":"","meta":{"footnotes":""},"class_list":["post-16222","page","type-page","status-publish","has-post-thumbnail","hentry"],"blocksy_meta":[],"acf":[],"yoast_head":"<!-- This site is optimized with the Yoast SEO plugin v24.1 - https:\/\/yoast.com\/wordpress\/plugins\/seo\/ -->\n<title>West Virginia Sweepstake Online Casino - casinoreturn<\/title>\n<meta name=\"description\" content=\"West Virginia Sweepstake Online Casino kan operere for n\u00e5. Nettkasinoer som tilbyr konkurranser er under kritikk, men forel\u00f8pig ikke sett p\u00e5 som pengespill.\" \/>\n<meta name=\"robots\" content=\"index, follow, max-snippet:-1, max-image-preview:large, max-video-preview:-1\" \/>\n<link rel=\"canonical\" href=\"https:\/\/casinoreturn.com\/no\/west-virginia-sweepstake-online-casino\/\" \/>\n<meta property=\"og:locale\" content=\"nb_NO\" \/>\n<meta property=\"og:type\" content=\"article\" \/>\n<meta property=\"og:title\" content=\"West Virginia Sweepstake Online Casino - casinoreturn\" \/>\n<meta property=\"og:description\" content=\"West Virginia Sweepstake Online Casino kan operere for n\u00e5. Nettkasinoer som tilbyr konkurranser er under kritikk, men forel\u00f8pig ikke sett p\u00e5 som pengespill.\" \/>\n<meta property=\"og:url\" content=\"https:\/\/casinoreturn.com\/no\/west-virginia-sweepstake-online-casino\/\" \/>\n<meta property=\"og:site_name\" content=\"casinoreturn\" \/>\n<meta property=\"article:modified_time\" content=\"2025-11-04T22:53:31+00:00\" \/>\n<meta property=\"og:image\" content=\"https:\/\/casinoreturn.com\/wp-content\/uploads\/2025\/11\/West-Virginia-Sweepstake-online-Casino.png\" \/>\n\t<meta property=\"og:image:width\" content=\"237\" \/>\n\t<meta property=\"og:image:height\" content=\"212\" \/>\n\t<meta property=\"og:image:type\" content=\"image\/png\" \/>\n<meta name=\"twitter:card\" content=\"summary_large_image\" \/>\n<meta name=\"twitter:label1\" content=\"Ansl. lesetid\" \/>\n\t<meta name=\"twitter:data1\" content=\"4 minutter\" \/>\n<script type=\"application\/ld+json\" class=\"yoast-schema-graph\">{\"@context\":\"https:\/\/schema.org\",\"@graph\":[{\"@type\":\"WebPage\",\"@id\":\"https:\/\/casinoreturn.com\/no\/west-virginia-sweepstake-online-casino\/\",\"url\":\"https:\/\/casinoreturn.com\/no\/west-virginia-sweepstake-online-casino\/\",\"name\":\"West Virginia Sweepstake Online Casino - casinoreturn\",\"isPartOf\":{\"@id\":\"https:\/\/casinoreturn.com\/#website\"},\"primaryImageOfPage\":{\"@id\":\"https:\/\/casinoreturn.com\/no\/west-virginia-sweepstake-online-casino\/#primaryimage\"},\"image\":{\"@id\":\"https:\/\/casinoreturn.com\/no\/west-virginia-sweepstake-online-casino\/#primaryimage\"},\"thumbnailUrl\":\"https:\/\/casinoreturn.com\/wp-content\/uploads\/2025\/11\/West-Virginia-Sweepstake-online-Casino.png\",\"datePublished\":\"2025-11-04T22:06:23+00:00\",\"dateModified\":\"2025-11-04T22:53:31+00:00\",\"description\":\"West Virginia Sweepstake Online Casino kan operere for n\u00e5. Nettkasinoer som tilbyr konkurranser er under kritikk, men forel\u00f8pig ikke sett p\u00e5 som pengespill.\",\"breadcrumb\":{\"@id\":\"https:\/\/casinoreturn.com\/no\/west-virginia-sweepstake-online-casino\/#breadcrumb\"},\"inLanguage\":\"nb-NO\",\"potentialAction\":[{\"@type\":\"ReadAction\",\"target\":[\"https:\/\/casinoreturn.com\/no\/west-virginia-sweepstake-online-casino\/\"]}]},{\"@type\":\"ImageObject\",\"inLanguage\":\"nb-NO\",\"@id\":\"https:\/\/casinoreturn.com\/no\/west-virginia-sweepstake-online-casino\/#primaryimage\",\"url\":\"https:\/\/casinoreturn.com\/wp-content\/uploads\/2025\/11\/West-Virginia-Sweepstake-online-Casino.png\",\"contentUrl\":\"https:\/\/casinoreturn.com\/wp-content\/uploads\/2025\/11\/West-Virginia-Sweepstake-online-Casino.png\",\"width\":237,\"height\":212,\"caption\":\"West Virginia Sweepstake online Casino\"},{\"@type\":\"BreadcrumbList\",\"@id\":\"https:\/\/casinoreturn.com\/no\/west-virginia-sweepstake-online-casino\/#breadcrumb\",\"itemListElement\":[{\"@type\":\"ListItem\",\"position\":1,\"name\":\"Home\",\"item\":\"https:\/\/casinoreturn.com\/no\/hjem\/\"},{\"@type\":\"ListItem\",\"position\":2,\"name\":\"West Virginia Sweepstake Online Casino\"}]},{\"@type\":\"WebSite\",\"@id\":\"https:\/\/casinoreturn.com\/#website\",\"url\":\"https:\/\/casinoreturn.com\/\",\"name\":\"casinoreturn\",\"description\":\"\",\"publisher\":{\"@id\":\"https:\/\/casinoreturn.com\/#organization\"},\"potentialAction\":[{\"@type\":\"SearchAction\",\"target\":{\"@type\":\"EntryPoint\",\"urlTemplate\":\"https:\/\/casinoreturn.com\/?s={search_term_string}\"},\"query-input\":{\"@type\":\"PropertyValueSpecification\",\"valueRequired\":true,\"valueName\":\"search_term_string\"}}],\"inLanguage\":\"nb-NO\"},{\"@type\":\"Organization\",\"@id\":\"https:\/\/casinoreturn.com\/#organization\",\"name\":\"casinoreturn\",\"url\":\"https:\/\/casinoreturn.com\/\",\"logo\":{\"@type\":\"ImageObject\",\"inLanguage\":\"nb-NO\",\"@id\":\"https:\/\/casinoreturn.com\/#\/schema\/logo\/image\/\",\"url\":\"https:\/\/casinoreturn.com\/wp-content\/uploads\/2024\/09\/animal-favicon.png\",\"contentUrl\":\"https:\/\/casinoreturn.com\/wp-content\/uploads\/2024\/09\/animal-favicon.png\",\"width\":92,\"height\":92,\"caption\":\"casinoreturn\"},\"image\":{\"@id\":\"https:\/\/casinoreturn.com\/#\/schema\/logo\/image\/\"}}]}<\/script>\n<!-- \/ Yoast SEO plugin. -->","yoast_head_json":{"title":"West Virginia Sweepstake Online Casino - casinoreturn","description":"West Virginia Sweepstake Online Casino kan operere for n\u00e5. Nettkasinoer som tilbyr konkurranser er under kritikk, men forel\u00f8pig ikke sett p\u00e5 som pengespill.","robots":{"index":"index","follow":"follow","max-snippet":"max-snippet:-1","max-image-preview":"max-image-preview:large","max-video-preview":"max-video-preview:-1"},"canonical":"https:\/\/casinoreturn.com\/no\/west-virginia-sweepstake-online-casino\/","og_locale":"nb_NO","og_type":"article","og_title":"West Virginia Sweepstake Online Casino - casinoreturn","og_description":"West Virginia Sweepstake Online Casino kan operere for n\u00e5. Nettkasinoer som tilbyr konkurranser er under kritikk, men forel\u00f8pig ikke sett p\u00e5 som pengespill.","og_url":"https:\/\/casinoreturn.com\/no\/west-virginia-sweepstake-online-casino\/","og_site_name":"casinoreturn","article_modified_time":"2025-11-04T22:53:31+00:00","og_image":[{"width":237,"height":212,"url":"https:\/\/casinoreturn.com\/wp-content\/uploads\/2025\/11\/West-Virginia-Sweepstake-online-Casino.png","type":"image\/png"}],"twitter_card":"summary_large_image","twitter_misc":{"Ansl. lesetid":"4 minutter"},"schema":{"@context":"https:\/\/schema.org","@graph":[{"@type":"WebPage","@id":"https:\/\/casinoreturn.com\/no\/west-virginia-sweepstake-online-casino\/","url":"https:\/\/casinoreturn.com\/no\/west-virginia-sweepstake-online-casino\/","name":"West Virginia Sweepstake Online Casino - casinoreturn","isPartOf":{"@id":"https:\/\/casinoreturn.com\/#website"},"primaryImageOfPage":{"@id":"https:\/\/casinoreturn.com\/no\/west-virginia-sweepstake-online-casino\/#primaryimage"},"image":{"@id":"https:\/\/casinoreturn.com\/no\/west-virginia-sweepstake-online-casino\/#primaryimage"},"thumbnailUrl":"https:\/\/casinoreturn.com\/wp-content\/uploads\/2025\/11\/West-Virginia-Sweepstake-online-Casino.png","datePublished":"2025-11-04T22:06:23+00:00","dateModified":"2025-11-04T22:53:31+00:00","description":"West Virginia Sweepstake Online Casino kan operere for n\u00e5. Nettkasinoer som tilbyr konkurranser er under kritikk, men forel\u00f8pig ikke sett p\u00e5 som pengespill.","breadcrumb":{"@id":"https:\/\/casinoreturn.com\/no\/west-virginia-sweepstake-online-casino\/#breadcrumb"},"inLanguage":"nb-NO","potentialAction":[{"@type":"ReadAction","target":["https:\/\/casinoreturn.com\/no\/west-virginia-sweepstake-online-casino\/"]}]},{"@type":"ImageObject","inLanguage":"nb-NO","@id":"https:\/\/casinoreturn.com\/no\/west-virginia-sweepstake-online-casino\/#primaryimage","url":"https:\/\/casinoreturn.com\/wp-content\/uploads\/2025\/11\/West-Virginia-Sweepstake-online-Casino.png","contentUrl":"https:\/\/casinoreturn.com\/wp-content\/uploads\/2025\/11\/West-Virginia-Sweepstake-online-Casino.png","width":237,"height":212,"caption":"West Virginia Sweepstake online Casino"},{"@type":"BreadcrumbList","@id":"https:\/\/casinoreturn.com\/no\/west-virginia-sweepstake-online-casino\/#breadcrumb","itemListElement":[{"@type":"ListItem","position":1,"name":"Home","item":"https:\/\/casinoreturn.com\/no\/hjem\/"},{"@type":"ListItem","position":2,"name":"West Virginia Sweepstake Online Casino"}]},{"@type":"WebSite","@id":"https:\/\/casinoreturn.com\/#website","url":"https:\/\/casinoreturn.com\/","name":"casinoreturn","description":"","publisher":{"@id":"https:\/\/casinoreturn.com\/#organization"},"potentialAction":[{"@type":"SearchAction","target":{"@type":"EntryPoint","urlTemplate":"https:\/\/casinoreturn.com\/?s={search_term_string}"},"query-input":{"@type":"PropertyValueSpecification","valueRequired":true,"valueName":"search_term_string"}}],"inLanguage":"nb-NO"},{"@type":"Organization","@id":"https:\/\/casinoreturn.com\/#organization","name":"casinoreturn","url":"https:\/\/casinoreturn.com\/","logo":{"@type":"ImageObject","inLanguage":"nb-NO","@id":"https:\/\/casinoreturn.com\/#\/schema\/logo\/image\/","url":"https:\/\/casinoreturn.com\/wp-content\/uploads\/2024\/09\/animal-favicon.png","contentUrl":"https:\/\/casinoreturn.com\/wp-content\/uploads\/2024\/09\/animal-favicon.png","width":92,"height":92,"caption":"casinoreturn"},"image":{"@id":"https:\/\/casinoreturn.com\/#\/schema\/logo\/image\/"}}]}},"_links":{"self":[{"href":"https:\/\/casinoreturn.com\/no\/wp-json\/wp\/v2\/pages\/16222","targetHints":{"allow":["GET"]}}],"collection":[{"href":"https:\/\/casinoreturn.com\/no\/wp-json\/wp\/v2\/pages"}],"about":[{"href":"https:\/\/casinoreturn.com\/no\/wp-json\/wp\/v2\/types\/page"}],"author":[{"embeddable":true,"href":"https:\/\/casinoreturn.com\/no\/wp-json\/wp\/v2\/users\/1"}],"replies":[{"embeddable":true,"href":"https:\/\/casinoreturn.com\/no\/wp-json\/wp\/v2\/comments?post=16222"}],"version-history":[{"count":1,"href":"https:\/\/casinoreturn.com\/no\/wp-json\/wp\/v2\/pages\/16222\/revisions"}],"predecessor-version":[{"id":16223,"href":"https:\/\/casinoreturn.com\/no\/wp-json\/wp\/v2\/pages\/16222\/revisions\/16223"}],"wp:featuredmedia":[{"embeddable":true,"href":"https:\/\/casinoreturn.com\/no\/wp-json\/wp\/v2\/media\/16199"}],"wp:attachment":[{"href":"https:\/\/casinoreturn.com\/no\/wp-json\/wp\/v2\/media?parent=16222"}],"curies":[{"name":"wp","href":"https:\/\/api.w.org\/{rel}","templated":true}]}}