{"id":4514,"date":"2024-11-11T14:01:17","date_gmt":"2024-11-11T14:01:17","guid":{"rendered":"https:\/\/casinoreturn.com\/kasinolisenser\/"},"modified":"2024-12-02T12:14:09","modified_gmt":"2024-12-02T12:14:09","slug":"kasinolisenser","status":"publish","type":"page","link":"https:\/\/casinoreturn.com\/no\/kasinolisenser\/","title":{"rendered":"Kasinolisenser"},"content":{"rendered":"\t\t<div data-elementor-type=\"wp-page\" data-elementor-id=\"4514\" class=\"elementor elementor-4514\" data-elementor-post-type=\"page\">\n\t\t\t\t<div class=\"elementor-element elementor-element-25ab31d e-con-full e-flex e-con e-parent\" data-id=\"25ab31d\" data-element_type=\"container\">\n\t\t\t\t<div class=\"elementor-element elementor-element-e2d7818 elementor-widget elementor-widget-image\" data-id=\"e2d7818\" data-element_type=\"widget\" data-widget_type=\"image.default\">\n\t\t\t\t<div class=\"elementor-widget-container\">\n\t\t\t\t\t\t\t\t\t\t\t\t\t\t\t<img fetchpriority=\"high\" decoding=\"async\" width=\"1024\" height=\"538\" src=\"https:\/\/casinoreturn.com\/wp-content\/uploads\/2024\/12\/Online-Casino-Licences-1024x538.png\" class=\"attachment-large size-large wp-image-4475\" alt=\"Online Casino Licences\" srcset=\"https:\/\/casinoreturn.com\/wp-content\/uploads\/2024\/12\/Online-Casino-Licences-1024x538.png 1024w, https:\/\/casinoreturn.com\/wp-content\/uploads\/2024\/12\/Online-Casino-Licences-300x158.png 300w, https:\/\/casinoreturn.com\/wp-content\/uploads\/2024\/12\/Online-Casino-Licences-768x403.png 768w, https:\/\/casinoreturn.com\/wp-content\/uploads\/2024\/12\/Online-Casino-Licences.png 1200w\" sizes=\"(max-width: 1024px) 100vw, 1024px\" \/>\t\t\t\t\t\t\t\t\t\t\t\t\t\t\t<\/div>\n\t\t\t\t<\/div>\n\t\t\t\t<div class=\"elementor-element elementor-element-91388ca elementor-widget elementor-widget-heading\" data-id=\"91388ca\" data-element_type=\"widget\" data-widget_type=\"heading.default\">\n\t\t\t\t<div class=\"elementor-widget-container\">\n\t\t\t\t\t<h3 class=\"elementor-heading-title elementor-size-default\">Lisenser for nettkasinoer innen pengespill og sportsbetting<\/h3>\t\t\t\t<\/div>\n\t\t\t\t<\/div>\n\t\t\t\t<div class=\"elementor-element elementor-element-b90a94d elementor-widget elementor-widget-text-editor\" data-id=\"b90a94d\" data-element_type=\"widget\" data-widget_type=\"text-editor.default\">\n\t\t\t\t<div class=\"elementor-widget-container\">\n\t\t\t\t\t\t\t\t\t<p>Online lisenser for kasinoer er avgj\u00f8rende for \u00e5 regulere og tilby et fristed for online gambling. IGaming-industrien har opplevd en eksplosjon i ettersp\u00f8rsel og popularitet. Det ansl\u00e5s at det globale gamblingmarkedet overstiger 270 milliarder amerikanske dollar. Covid-19 i 2019 gjorde et innhogg i dette tallet, men markedet kom seg raskt tilbake og vokste eksponentielt.     <\/p>\n\t\t\t\t\t\t\t\t<\/div>\n\t\t\t\t<\/div>\n\t\t\t\t<div class=\"elementor-element elementor-element-349a86e elementor-widget elementor-widget-heading\" data-id=\"349a86e\" data-element_type=\"widget\" data-widget_type=\"heading.default\">\n\t\t\t\t<div class=\"elementor-widget-container\">\n\t\t\t\t\t<h3 class=\"elementor-heading-title elementor-size-default\">Hvite, gr\u00e5 og svarte markeder - det er tid for beslutning for spillerne<\/h3>\t\t\t\t<\/div>\n\t\t\t\t<\/div>\n\t\t\t\t<div class=\"elementor-element elementor-element-fbe3b09 elementor-widget elementor-widget-text-editor\" data-id=\"fbe3b09\" data-element_type=\"widget\" data-widget_type=\"text-editor.default\">\n\t\t\t\t<div class=\"elementor-widget-container\">\n\t\t\t\t\t\t\t\t\t<p>N\u00e5r vi snakker om hvite, gr\u00e5 og svarte markeder, snakker vi  <span style=\"box-sizing: border-box; margin: 0px; padding: 0px;\">refererer til visse lisenser eller, i noen tilfeller, ingen lisens. Litt mer <a href=\"https:\/\/upgaming.com\/white-grey-and-black-igaming-markets\/\" target=\"_blank\" rel=\"noopener\">informasjon<\/a> <\/span><a href=\"https:\/\/upgaming.com\/white-grey-and-black-igaming-markets\/\">  kan leses her.<\/a><\/p>\n<h4><strong>Hvite i-Gaming-markeder &#8211; Regulerte markeder for i-Gaming<\/strong><\/h4>\n<p>Hvite kasinoer anses som tryggere og opererer i land der pengespill p\u00e5 nett er tillatt. Det meste av Europa har reguleringer p\u00e5 plass for \u00e5 kontrollere og regulere kasinoer. Jurisdiksjonene har innf\u00f8rt strenge regler og innf\u00f8rt ansvarlig spilling. Regulatorene tvang nettkasinoene til \u00e5 offentliggj\u00f8re inntektene sine og sine proaktive tiltak for ansvarlig spilling. Noen jurisdiksjoner gikk s\u00e5 langt som \u00e5 skille sportsbetting og nettkasinoer. De skilte mellom velkomstbonus, gratisspill, gratisspinn og minimumsinnsatser man kan plassere.       <\/p>\n<p>Dette inneb\u00e6rer en h\u00f8y kostnad for operat\u00f8rer og akt\u00f8rer som bruker MGA-lisenser, Isle of Man-, Kahnawake- og UK-lisenser.  <\/p>\n<h4><strong>Gr\u00e5 i-Gaming-markeder &#8211; n\u00e6re, men ikke s\u00e5 n\u00e6re<\/strong><\/h4>\n<p>Forskjellen mellom det hvite og det gr\u00e5 markedet er ganske enkel \u00e5 se. Gr\u00e5 markeder tillater nettkasino og landbasert virksomhet, men med f\u00e6rre reguleringer og restriksjoner. Kasinoer kan operere med internasjonale lisenser, som for eksempel Curacao-lisenser. Operat\u00f8rer kan velge \u00e5 drive mer enn ett nettkasino under en slik lisens, som i mindre grad reguleres av lokale lovgivere. Det har skjedd positive forbedringer i gr\u00e5markedene, og flere gr\u00e5markedskasinoer tilpasser seg frivillig til ansvarlig spilling. Likevel har gr\u00e5markedene fortsatt en fordel n\u00e5r det gjelder volatilitet og full oversikt over driften.       <\/p>\n<h4><strong>Svarte i-Gaming-markeder &#8211; ting du b\u00f8r tenke p\u00e5<\/strong><\/h4>\n<p>Svarte markeder regnes som markeder der pengespill eller pengespill p\u00e5 nett er forbudt. Dette kan v\u00e6re p\u00e5 grunn av tro, kulturelle, etiske eller politiske \u00e5rsaker. Kasinoer som opererer i disse markedene blir vanligvis raskt stengt, og de kan bli straffeforfulgt n\u00e5r de reiser inn i disse landene. Muslimsk orienterte stater, noen afrikanske stater og Asia er de viktigste svarte markedene. Ansvarlig spilling er ikke-eksisterende; bankvirksomhet, innskudd og uttak har blitt stadig mer ustabile. Det anbefales ikke \u00e5 bruke kasinoer uten lisens.       <\/p>\n\t\t\t\t\t\t\t\t<\/div>\n\t\t\t\t<\/div>\n\t\t\t\t<div class=\"elementor-element elementor-element-cbb0223 elementor-widget elementor-widget-image\" data-id=\"cbb0223\" data-element_type=\"widget\" data-widget_type=\"image.default\">\n\t\t\t\t<div class=\"elementor-widget-container\">\n\t\t\t\t\t\t\t\t\t\t\t\t\t\t\t<img decoding=\"async\" width=\"225\" height=\"225\" src=\"https:\/\/casinoreturn.com\/wp-content\/uploads\/2024\/12\/Black-market-igaming.png\" class=\"attachment-large size-large wp-image-4487\" alt=\"Black market igaming\" srcset=\"https:\/\/casinoreturn.com\/wp-content\/uploads\/2024\/12\/Black-market-igaming.png 225w, https:\/\/casinoreturn.com\/wp-content\/uploads\/2024\/12\/Black-market-igaming-150x150.png 150w\" sizes=\"(max-width: 225px) 100vw, 225px\" \/>\t\t\t\t\t\t\t\t\t\t\t\t\t\t\t<\/div>\n\t\t\t\t<\/div>\n\t\t\t\t<div class=\"elementor-element elementor-element-e5d1860 elementor-widget elementor-widget-heading\" data-id=\"e5d1860\" data-element_type=\"widget\" data-widget_type=\"heading.default\">\n\t\t\t\t<div class=\"elementor-widget-container\">\n\t\t\t\t\t<h3 class=\"elementor-heading-title elementor-size-default\">Hindringer og utfordringer  <\/h3>\t\t\t\t<\/div>\n\t\t\t\t<\/div>\n\t\t\t\t<div class=\"elementor-element elementor-element-1cd3dce elementor-widget elementor-widget-text-editor\" data-id=\"1cd3dce\" data-element_type=\"widget\" data-widget_type=\"text-editor.default\">\n\t\t\t\t<div class=\"elementor-widget-container\">\n\t\t\t\t\t\t\t\t\t<p>\u00c5 v\u00e6re uten lisens er som \u00e5 spille russisk rulett. Loven er p\u00e5 t\u00e6rne, og operat\u00f8ren risikerer stenging og b\u00f8ter. Tiltale og fengselsstraff er noen av fordelene som kan forventes. Kundene m\u00f8ter hard motstand og muligheten for \u00e5 f\u00e5 stengt kontoene sine uten \u00e5 kunne stille sp\u00f8rsm\u00e5l ved saken.     <\/p>\n<p>Det er bedre \u00e5 tenke langsiktig og fortsette med en kasinolisens for \u00e5 kunne tilby god service og merkevareprodukter. Med gr\u00e5 markeder og hvite spillmarkeder er reklame mulig eller begrenset til bare deler av markedet. Spillere fokuserer i dag p\u00e5 lisenser f\u00f8r de registrerer seg.  <\/p>\n\t\t\t\t\t\t\t\t<\/div>\n\t\t\t\t<\/div>\n\t\t\t\t<\/div>\n\t\t\t\t<\/div>\n\t\t","protected":false},"excerpt":{"rendered":"<p>Lisenser for nettkasinoer innen pengespill og sportsbetting Online lisenser for kasinoer er avgj\u00f8rende for \u00e5 regulere og tilby et fristed for online gambling. IGaming-industrien har opplevd en eksplosjon i ettersp\u00f8rsel og popularitet. Det ansl\u00e5s at det globale gamblingmarkedet overstiger 270 milliarder amerikanske dollar. Covid-19 i 2019 gjorde et innhogg i dette tallet, men markedet kom [&hellip;]<\/p>\n","protected":false},"author":1,"featured_media":0,"parent":0,"menu_order":0,"comment_status":"closed","ping_status":"closed","template":"","meta":{"footnotes":""},"class_list":["post-4514","page","type-page","status-publish","hentry"],"blocksy_meta":[],"acf":[],"yoast_head":"<!-- This site is optimized with the Yoast SEO plugin v24.1 - https:\/\/yoast.com\/wordpress\/plugins\/seo\/ -->\n<title>Kasinolisenser - casinoreturn<\/title>\n<meta name=\"description\" content=\"Kasinolisenser kan avgj\u00f8re din beslutning om \u00e5 registrere deg og spille nettkasino. Her er noen kasinolisenser og kasinoer.\" \/>\n<meta name=\"robots\" content=\"index, follow, max-snippet:-1, max-image-preview:large, max-video-preview:-1\" \/>\n<link rel=\"canonical\" href=\"https:\/\/casinoreturn.com\/no\/kasinolisenser\/\" \/>\n<meta property=\"og:locale\" content=\"nb_NO\" \/>\n<meta property=\"og:type\" content=\"article\" \/>\n<meta property=\"og:title\" content=\"Kasinolisenser - casinoreturn\" \/>\n<meta property=\"og:description\" content=\"Kasinolisenser kan avgj\u00f8re din beslutning om \u00e5 registrere deg og spille nettkasino. Her er noen kasinolisenser og kasinoer.\" \/>\n<meta property=\"og:url\" content=\"https:\/\/casinoreturn.com\/no\/kasinolisenser\/\" \/>\n<meta property=\"og:site_name\" content=\"casinoreturn\" \/>\n<meta property=\"article:modified_time\" content=\"2024-12-02T12:14:09+00:00\" \/>\n<meta property=\"og:image\" content=\"https:\/\/casinoreturn.com\/wp-content\/uploads\/2024\/12\/Online-Casino-Licences.png\" \/>\n\t<meta property=\"og:image:width\" content=\"1200\" \/>\n\t<meta property=\"og:image:height\" content=\"630\" \/>\n\t<meta property=\"og:image:type\" content=\"image\/png\" \/>\n<meta name=\"twitter:card\" content=\"summary_large_image\" \/>\n<meta name=\"twitter:label1\" content=\"Ansl. lesetid\" \/>\n\t<meta name=\"twitter:data1\" content=\"2 minutter\" \/>\n<script type=\"application\/ld+json\" class=\"yoast-schema-graph\">{\"@context\":\"https:\/\/schema.org\",\"@graph\":[{\"@type\":\"WebPage\",\"@id\":\"https:\/\/casinoreturn.com\/no\/kasinolisenser\/\",\"url\":\"https:\/\/casinoreturn.com\/no\/kasinolisenser\/\",\"name\":\"Kasinolisenser - casinoreturn\",\"isPartOf\":{\"@id\":\"https:\/\/casinoreturn.com\/#website\"},\"primaryImageOfPage\":{\"@id\":\"https:\/\/casinoreturn.com\/no\/kasinolisenser\/#primaryimage\"},\"image\":{\"@id\":\"https:\/\/casinoreturn.com\/no\/kasinolisenser\/#primaryimage\"},\"thumbnailUrl\":\"https:\/\/casinoreturn.com\/wp-content\/uploads\/2024\/12\/Online-Casino-Licences-1024x538.png\",\"datePublished\":\"2024-11-11T14:01:17+00:00\",\"dateModified\":\"2024-12-02T12:14:09+00:00\",\"description\":\"Kasinolisenser kan avgj\u00f8re din beslutning om \u00e5 registrere deg og spille nettkasino. Her er noen kasinolisenser og kasinoer.\",\"breadcrumb\":{\"@id\":\"https:\/\/casinoreturn.com\/no\/kasinolisenser\/#breadcrumb\"},\"inLanguage\":\"nb-NO\",\"potentialAction\":[{\"@type\":\"ReadAction\",\"target\":[\"https:\/\/casinoreturn.com\/no\/kasinolisenser\/\"]}]},{\"@type\":\"ImageObject\",\"inLanguage\":\"nb-NO\",\"@id\":\"https:\/\/casinoreturn.com\/no\/kasinolisenser\/#primaryimage\",\"url\":\"https:\/\/casinoreturn.com\/wp-content\/uploads\/2024\/12\/Online-Casino-Licences-1024x538.png\",\"contentUrl\":\"https:\/\/casinoreturn.com\/wp-content\/uploads\/2024\/12\/Online-Casino-Licences-1024x538.png\"},{\"@type\":\"BreadcrumbList\",\"@id\":\"https:\/\/casinoreturn.com\/no\/kasinolisenser\/#breadcrumb\",\"itemListElement\":[{\"@type\":\"ListItem\",\"position\":1,\"name\":\"Home\",\"item\":\"https:\/\/casinoreturn.com\/no\/hjem\/\"},{\"@type\":\"ListItem\",\"position\":2,\"name\":\"Kasinolisenser\"}]},{\"@type\":\"WebSite\",\"@id\":\"https:\/\/casinoreturn.com\/#website\",\"url\":\"https:\/\/casinoreturn.com\/\",\"name\":\"casinoreturn\",\"description\":\"\",\"publisher\":{\"@id\":\"https:\/\/casinoreturn.com\/#organization\"},\"potentialAction\":[{\"@type\":\"SearchAction\",\"target\":{\"@type\":\"EntryPoint\",\"urlTemplate\":\"https:\/\/casinoreturn.com\/?s={search_term_string}\"},\"query-input\":{\"@type\":\"PropertyValueSpecification\",\"valueRequired\":true,\"valueName\":\"search_term_string\"}}],\"inLanguage\":\"nb-NO\"},{\"@type\":\"Organization\",\"@id\":\"https:\/\/casinoreturn.com\/#organization\",\"name\":\"casinoreturn\",\"url\":\"https:\/\/casinoreturn.com\/\",\"logo\":{\"@type\":\"ImageObject\",\"inLanguage\":\"nb-NO\",\"@id\":\"https:\/\/casinoreturn.com\/#\/schema\/logo\/image\/\",\"url\":\"https:\/\/casinoreturn.com\/wp-content\/uploads\/2024\/09\/animal-favicon.png\",\"contentUrl\":\"https:\/\/casinoreturn.com\/wp-content\/uploads\/2024\/09\/animal-favicon.png\",\"width\":92,\"height\":92,\"caption\":\"casinoreturn\"},\"image\":{\"@id\":\"https:\/\/casinoreturn.com\/#\/schema\/logo\/image\/\"}}]}<\/script>\n<!-- \/ Yoast SEO plugin. -->","yoast_head_json":{"title":"Kasinolisenser - casinoreturn","description":"Kasinolisenser kan avgj\u00f8re din beslutning om \u00e5 registrere deg og spille nettkasino. Her er noen kasinolisenser og kasinoer.","robots":{"index":"index","follow":"follow","max-snippet":"max-snippet:-1","max-image-preview":"max-image-preview:large","max-video-preview":"max-video-preview:-1"},"canonical":"https:\/\/casinoreturn.com\/no\/kasinolisenser\/","og_locale":"nb_NO","og_type":"article","og_title":"Kasinolisenser - casinoreturn","og_description":"Kasinolisenser kan avgj\u00f8re din beslutning om \u00e5 registrere deg og spille nettkasino. Her er noen kasinolisenser og kasinoer.","og_url":"https:\/\/casinoreturn.com\/no\/kasinolisenser\/","og_site_name":"casinoreturn","article_modified_time":"2024-12-02T12:14:09+00:00","og_image":[{"width":1200,"height":630,"url":"https:\/\/casinoreturn.com\/wp-content\/uploads\/2024\/12\/Online-Casino-Licences.png","type":"image\/png"}],"twitter_card":"summary_large_image","twitter_misc":{"Ansl. lesetid":"2 minutter"},"schema":{"@context":"https:\/\/schema.org","@graph":[{"@type":"WebPage","@id":"https:\/\/casinoreturn.com\/no\/kasinolisenser\/","url":"https:\/\/casinoreturn.com\/no\/kasinolisenser\/","name":"Kasinolisenser - casinoreturn","isPartOf":{"@id":"https:\/\/casinoreturn.com\/#website"},"primaryImageOfPage":{"@id":"https:\/\/casinoreturn.com\/no\/kasinolisenser\/#primaryimage"},"image":{"@id":"https:\/\/casinoreturn.com\/no\/kasinolisenser\/#primaryimage"},"thumbnailUrl":"https:\/\/casinoreturn.com\/wp-content\/uploads\/2024\/12\/Online-Casino-Licences-1024x538.png","datePublished":"2024-11-11T14:01:17+00:00","dateModified":"2024-12-02T12:14:09+00:00","description":"Kasinolisenser kan avgj\u00f8re din beslutning om \u00e5 registrere deg og spille nettkasino. Her er noen kasinolisenser og kasinoer.","breadcrumb":{"@id":"https:\/\/casinoreturn.com\/no\/kasinolisenser\/#breadcrumb"},"inLanguage":"nb-NO","potentialAction":[{"@type":"ReadAction","target":["https:\/\/casinoreturn.com\/no\/kasinolisenser\/"]}]},{"@type":"ImageObject","inLanguage":"nb-NO","@id":"https:\/\/casinoreturn.com\/no\/kasinolisenser\/#primaryimage","url":"https:\/\/casinoreturn.com\/wp-content\/uploads\/2024\/12\/Online-Casino-Licences-1024x538.png","contentUrl":"https:\/\/casinoreturn.com\/wp-content\/uploads\/2024\/12\/Online-Casino-Licences-1024x538.png"},{"@type":"BreadcrumbList","@id":"https:\/\/casinoreturn.com\/no\/kasinolisenser\/#breadcrumb","itemListElement":[{"@type":"ListItem","position":1,"name":"Home","item":"https:\/\/casinoreturn.com\/no\/hjem\/"},{"@type":"ListItem","position":2,"name":"Kasinolisenser"}]},{"@type":"WebSite","@id":"https:\/\/casinoreturn.com\/#website","url":"https:\/\/casinoreturn.com\/","name":"casinoreturn","description":"","publisher":{"@id":"https:\/\/casinoreturn.com\/#organization"},"potentialAction":[{"@type":"SearchAction","target":{"@type":"EntryPoint","urlTemplate":"https:\/\/casinoreturn.com\/?s={search_term_string}"},"query-input":{"@type":"PropertyValueSpecification","valueRequired":true,"valueName":"search_term_string"}}],"inLanguage":"nb-NO"},{"@type":"Organization","@id":"https:\/\/casinoreturn.com\/#organization","name":"casinoreturn","url":"https:\/\/casinoreturn.com\/","logo":{"@type":"ImageObject","inLanguage":"nb-NO","@id":"https:\/\/casinoreturn.com\/#\/schema\/logo\/image\/","url":"https:\/\/casinoreturn.com\/wp-content\/uploads\/2024\/09\/animal-favicon.png","contentUrl":"https:\/\/casinoreturn.com\/wp-content\/uploads\/2024\/09\/animal-favicon.png","width":92,"height":92,"caption":"casinoreturn"},"image":{"@id":"https:\/\/casinoreturn.com\/#\/schema\/logo\/image\/"}}]}},"_links":{"self":[{"href":"https:\/\/casinoreturn.com\/no\/wp-json\/wp\/v2\/pages\/4514","targetHints":{"allow":["GET"]}}],"collection":[{"href":"https:\/\/casinoreturn.com\/no\/wp-json\/wp\/v2\/pages"}],"about":[{"href":"https:\/\/casinoreturn.com\/no\/wp-json\/wp\/v2\/types\/page"}],"author":[{"embeddable":true,"href":"https:\/\/casinoreturn.com\/no\/wp-json\/wp\/v2\/users\/1"}],"replies":[{"embeddable":true,"href":"https:\/\/casinoreturn.com\/no\/wp-json\/wp\/v2\/comments?post=4514"}],"version-history":[{"count":1,"href":"https:\/\/casinoreturn.com\/no\/wp-json\/wp\/v2\/pages\/4514\/revisions"}],"predecessor-version":[{"id":4515,"href":"https:\/\/casinoreturn.com\/no\/wp-json\/wp\/v2\/pages\/4514\/revisions\/4515"}],"wp:attachment":[{"href":"https:\/\/casinoreturn.com\/no\/wp-json\/wp\/v2\/media?parent=4514"}],"curies":[{"name":"wp","href":"https:\/\/api.w.org\/{rel}","templated":true}]}}