{"id":4557,"date":"2024-11-02T10:47:02","date_gmt":"2024-11-02T10:47:02","guid":{"rendered":"https:\/\/casinoreturn.com\/casino-influencer\/"},"modified":"2025-03-20T22:04:06","modified_gmt":"2025-03-20T22:04:06","slug":"casino-influencer","status":"publish","type":"page","link":"https:\/\/casinoreturn.com\/no\/casino-influencer\/","title":{"rendered":"Casino-influencer"},"content":{"rendered":"\t\t<div data-elementor-type=\"wp-page\" data-elementor-id=\"4557\" class=\"elementor elementor-4557\" data-elementor-post-type=\"page\">\n\t\t\t\t<div class=\"elementor-element elementor-element-55b8a04 e-flex e-con-boxed e-con e-parent\" data-id=\"55b8a04\" data-element_type=\"container\">\n\t\t\t\t\t<div class=\"e-con-inner\">\n\t\t\t\t<div class=\"elementor-element elementor-element-56141af elementor-widget elementor-widget-text-editor\" data-id=\"56141af\" data-element_type=\"widget\" data-widget_type=\"text-editor.default\">\n\t\t\t\t<div class=\"elementor-widget-container\">\n\t\t\t\t\t\t\t\t\t<h3>Casinoinfluencer som bruker sosiale medier, blir stadig mer kjent, noe som ofte overses av mange operat\u00f8rer. <\/h3>\n\t\t\t\t\t\t\t\t<\/div>\n\t\t\t\t<\/div>\n\t\t\t\t\t<\/div>\n\t\t\t\t<\/div>\n\t\t<div class=\"elementor-element elementor-element-fbf2875 e-flex e-con-boxed e-con e-parent\" data-id=\"fbf2875\" data-element_type=\"container\">\n\t\t\t\t\t<div class=\"e-con-inner\">\n\t\t\t\t<div class=\"elementor-element elementor-element-c338f23 elementor-widget elementor-widget-text-editor\" data-id=\"c338f23\" data-element_type=\"widget\" data-widget_type=\"text-editor.default\">\n\t\t\t\t<div class=\"elementor-widget-container\">\n\t\t\t\t\t\t\t\t\t<p>I dagens verden av stadig skiftende trender er det \u00e9n gruppe som unektelig har blitt en drivende kraft i online gamblingindustrien. Vi snakker om den fantastiske fremveksten av sosiale nettkasino-influencere. Hvilken rolle spiller de i spillersamfunnet? Hva er fordelene med influencere i spillbransjen? Og mange andre interessante fakta vi gjerne vil presentere for deg, sluttbrukeren. Klikk <strong>HER<\/strong> for \u00e5 engasjere deg med m\u00e5nedens str\u00f8mmer og lese v\u00e5r anmeldelse av Casino return-str\u00f8mmeren.  <\/p>\n\t\t\t\t\t\t\t\t<\/div>\n\t\t\t\t<\/div>\n\t\t\t\t\t<\/div>\n\t\t\t\t<\/div>\n\t\t<div class=\"elementor-element elementor-element-f3bb186 e-flex e-con-boxed e-con e-parent\" data-id=\"f3bb186\" data-element_type=\"container\">\n\t\t\t\t\t<div class=\"e-con-inner\">\n\t\t\t\t<div class=\"elementor-element elementor-element-0c927c6 elementor-widget elementor-widget-heading\" data-id=\"0c927c6\" data-element_type=\"widget\" data-widget_type=\"heading.default\">\n\t\t\t\t<div class=\"elementor-widget-container\">\n\t\t\t\t\t<h4 class=\"elementor-heading-title elementor-size-default\">Influencers in Gambling<\/h4>\t\t\t\t<\/div>\n\t\t\t\t<\/div>\n\t\t\t\t\t<\/div>\n\t\t\t\t<\/div>\n\t\t<div class=\"elementor-element elementor-element-a4caf4b e-flex e-con-boxed e-con e-parent\" data-id=\"a4caf4b\" data-element_type=\"container\">\n\t\t\t\t\t<div class=\"e-con-inner\">\n\t\t\t\t<div class=\"elementor-element elementor-element-9bb9446 elementor-widget elementor-widget-text-editor\" data-id=\"9bb9446\" data-element_type=\"widget\" data-widget_type=\"text-editor.default\">\n\t\t\t\t<div class=\"elementor-widget-container\">\n\t\t\t\t\t\t\t\t\t<p>Etter at sosiale medier fikk en kometkarriere, har en gruppe mennesker tilpasset seg og flyttet seg fra mote, sport og mat til online gambling. <a href=\"https:\/\/casinoreturn.com\/no\/influencer-for-nettkasinoer\/\">P\u00e5virkere<\/a> i markedsf\u00f8ring er ikke noe nytt, og tidligere var det ofte sportsikoner eller musikere som promoterte produktene sine offentlig. Men tidene har g\u00e5tt videre, og siden de fleste av oss har mobiltelefoner og internett, har et betydelig st\u00f8rre antall influencere begynt \u00e5 markedsf\u00f8re pengespillprodukter p\u00e5 nettet. Denne typen godkjenning av en merkevare har \u00e5pnet d\u00f8ren for det gode, det d\u00e5rlige og det stygge, med andre ord m\u00e5 p\u00e5virkere i v\u00e5r tid ogs\u00e5 ta sin del av ansvaret for spillingen. La oss derfor ta en titt p\u00e5 noen av fordelene med influencere i gambling, og kanskje noen utfordringer og bekymringer vi kan diskutere.  <\/p>\n\t\t\t\t\t\t\t\t<\/div>\n\t\t\t\t<\/div>\n\t\t\t\t\t<\/div>\n\t\t\t\t<\/div>\n\t\t<div class=\"elementor-element elementor-element-f340639 e-flex e-con-boxed e-con e-parent\" data-id=\"f340639\" data-element_type=\"container\">\n\t\t\t\t\t<div class=\"e-con-inner\">\n\t\t\t\t<div class=\"elementor-element elementor-element-42ea645 elementor-widget elementor-widget-heading\" data-id=\"42ea645\" data-element_type=\"widget\" data-widget_type=\"heading.default\">\n\t\t\t\t<div class=\"elementor-widget-container\">\n\t\t\t\t\t<h4 class=\"elementor-heading-title elementor-size-default\">Fordeler med influencere i gambling<\/h4>\t\t\t\t<\/div>\n\t\t\t\t<\/div>\n\t\t\t\t\t<\/div>\n\t\t\t\t<\/div>\n\t\t<div class=\"elementor-element elementor-element-a89ec35 e-flex e-con-boxed e-con e-parent\" data-id=\"a89ec35\" data-element_type=\"container\">\n\t\t\t\t\t<div class=\"e-con-inner\">\n\t\t\t\t<div class=\"elementor-element elementor-element-8ec5cde elementor-widget elementor-widget-text-editor\" data-id=\"8ec5cde\" data-element_type=\"widget\" data-widget_type=\"text-editor.default\">\n\t\t\t\t<div class=\"elementor-widget-container\">\n\t\t\t\t\t\t\t\t\t<p>F\u00f8lgende fordeler gj\u00f8r influencere generelt sett til fremragende markedsf\u00f8rere: <\/p>\n<ul>\n<li><strong>Influencer are raising the brand awareness.<\/strong> Their role in promoting a good brand is particularly important since followers built trust on recommendations and are more likely to engage with the brand <\/li>\n<li><strong>Expertise and experience<\/strong> are two vital points. Influencers are usually more knowledgeable about a brand or product. Building up credibility and trust will engage more followers to test a promoted brand or product. For example, a famous sports personality promoting in his or her channel a new series of sport shoe. With the result that the sales of this shoes with hit the roof , built on recommendation and the icon wearing the same shoes. Influencers are role models and followers can identify themselves or making statements by wearing the same brand.      <\/li>\n<li><strong>Engasjement og kraften i identifikasjon<\/strong>. Influencere er ofte selv profesjonelle p\u00e5 sitt felt eller har samlet og vist et h\u00f8yere kompetanseniv\u00e5. For \u00e5 illustrere dette poenget kan vi ta en titt p\u00e5 influencere fra sport, poker og fotball. En basketstjerne promoterer en bestemt merkevare og blir dermed en av de f\u00f8rste idrettsut\u00f8verne som tjener 500 millioner i salgsprovisjon. Pokerspillere i Las Vegas blir invitert, og det er en svimlende innsats for \u00e5 f\u00e5 de beste pokerspillerne hit. En ber\u00f8mt britisk fotballspiller har endret frisyre, og som et resultat av det pisker unge gutter ogs\u00e5 til fris\u00f8ren for \u00e5 identifisere seg med den.      <\/li>\n<\/ul>\n\t\t\t\t\t\t\t\t<\/div>\n\t\t\t\t<\/div>\n\t\t\t\t\t<\/div>\n\t\t\t\t<\/div>\n\t\t<div class=\"elementor-element elementor-element-49db073 e-flex e-con-boxed e-con e-parent\" data-id=\"49db073\" data-element_type=\"container\">\n\t\t\t\t\t<div class=\"e-con-inner\">\n\t\t\t\t<div class=\"elementor-element elementor-element-95ecd9c elementor-widget elementor-widget-heading\" data-id=\"95ecd9c\" data-element_type=\"widget\" data-widget_type=\"heading.default\">\n\t\t\t\t<div class=\"elementor-widget-container\">\n\t\t\t\t\t<h4 class=\"elementor-heading-title elementor-size-default\">Utfordringer og ansvarsomr\u00e5der<\/h4>\t\t\t\t<\/div>\n\t\t\t\t<\/div>\n\t\t\t\t\t<\/div>\n\t\t\t\t<\/div>\n\t\t<div class=\"elementor-element elementor-element-d90b400 e-flex e-con-boxed e-con e-parent\" data-id=\"d90b400\" data-element_type=\"container\">\n\t\t\t\t\t<div class=\"e-con-inner\">\n\t\t\t\t<div class=\"elementor-element elementor-element-40c1321 elementor-widget elementor-widget-text-editor\" data-id=\"40c1321\" data-element_type=\"widget\" data-widget_type=\"text-editor.default\">\n\t\t\t\t<div class=\"elementor-widget-container\">\n\t\t\t\t\t\t\t\t\t<p>Kasinomarkedsf\u00f8ring og nettkasinoer er regulert, og ikke overraskende er det et st\u00f8rre antall som ikke er regulert. Hvilke utfordringer st\u00e5r casinoinfluencere og casinooperat\u00f8rer overfor? Utfordringene fremover kan variere, for \u00e5 nevne noen:  <\/p>\n\t\t\t\t\t\t\t\t<\/div>\n\t\t\t\t<\/div>\n\t\t\t\t\t<\/div>\n\t\t\t\t<\/div>\n\t\t<div class=\"elementor-element elementor-element-836bdc3 e-flex e-con-boxed e-con e-parent\" data-id=\"836bdc3\" data-element_type=\"container\">\n\t\t\t\t\t<div class=\"e-con-inner\">\n\t\t\t\t<div class=\"elementor-element elementor-element-5ecded3 elementor-widget elementor-widget-text-editor\" data-id=\"5ecded3\" data-element_type=\"widget\" data-widget_type=\"text-editor.default\">\n\t\t\t\t<div class=\"elementor-widget-container\">\n\t\t\t\t\t\t\t\t\t<ul>\n<li><strong>Offentlig promotering av pengespill p\u00e5 nettet er ofte et r\u00f8dt flagg<\/strong> for enkelte reguleringsmyndigheter, og enkelte land som Tyskland, Spania, Nederland, deler av USA og Storbritannia har tatt effektive skritt for \u00e5 kjenne fienden innenfra. Men tiden har vist at i stedet for \u00e5 forby og legge et teppe av reguleringer over spillerne, er det ofte mer nyttig \u00e5 engasjere seg med operat\u00f8rene, \u00e5 \u00e5pne en dialog med en \u00e6rlig intensjon om \u00e5 skape et tryggere milj\u00f8 for pengespill. Det er bedre \u00e5 kjenne djevelen.   <\/li>\n<\/ul>\n\t\t\t\t\t\t\t\t<\/div>\n\t\t\t\t<\/div>\n\t\t\t\t\t<\/div>\n\t\t\t\t<\/div>\n\t\t<div class=\"elementor-element elementor-element-91b3109 e-flex e-con-boxed e-con e-parent\" data-id=\"91b3109\" data-element_type=\"container\">\n\t\t\t\t\t<div class=\"e-con-inner\">\n\t\t\t\t<div class=\"elementor-element elementor-element-3a1d9be elementor-widget elementor-widget-text-editor\" data-id=\"3a1d9be\" data-element_type=\"widget\" data-widget_type=\"text-editor.default\">\n\t\t\t\t<div class=\"elementor-widget-container\">\n\t\t\t\t\t\t\t\t\t<ul>\n<li><strong>Influencere har ogs\u00e5 et ansvar<\/strong> for \u00e5 beskytte sine f\u00f8lgere og samfunnet mot samarbeid med merkevarepartnere som ikke er villige til \u00e5 st\u00f8tte ansvarlig spilling og f\u00f8lge markedsstandarder. <\/li>\n<\/ul>\n\t\t\t\t\t\t\t\t<\/div>\n\t\t\t\t<\/div>\n\t\t\t\t\t<\/div>\n\t\t\t\t<\/div>\n\t\t<div class=\"elementor-element elementor-element-8138a19 e-flex e-con-boxed e-con e-parent\" data-id=\"8138a19\" data-element_type=\"container\">\n\t\t\t\t\t<div class=\"e-con-inner\">\n\t\t\t\t<div class=\"elementor-element elementor-element-f004e45 elementor-widget elementor-widget-heading\" data-id=\"f004e45\" data-element_type=\"widget\" data-widget_type=\"heading.default\">\n\t\t\t\t<div class=\"elementor-widget-container\">\n\t\t\t\t\t<h5 class=\"elementor-heading-title elementor-size-default\">Hva ligger foran oss n\u00e5r det gjelder p\u00e5virkere i nettcasino?<\/h5>\t\t\t\t<\/div>\n\t\t\t\t<\/div>\n\t\t\t\t\t<\/div>\n\t\t\t\t<\/div>\n\t\t<div class=\"elementor-element elementor-element-e26ded2 e-flex e-con-boxed e-con e-parent\" data-id=\"e26ded2\" data-element_type=\"container\">\n\t\t\t\t\t<div class=\"e-con-inner\">\n\t\t\t\t<div class=\"elementor-element elementor-element-83be952 elementor-widget elementor-widget-text-editor\" data-id=\"83be952\" data-element_type=\"widget\" data-widget_type=\"text-editor.default\">\n\t\t\t\t<div class=\"elementor-widget-container\">\n\t\t\t\t\t\t\t\t\t<p>Fremtiden for sosiale medier er rask og fargerik. Det forventes at et stort antall f\u00f8r eller siden vil forsvinne p\u00e5 grunn av det overveldende antallet som pr\u00f8ver \u00e5 gj\u00f8re en meningsfull innsats. Det viktigste, og for \u00e5 understreke saken, er \u00e5 holde spillerne trygge med ansvarlig spillpraksis og etisk utfordrede p\u00e5virkere som tar sin viktige rolle i samfunnet p\u00e5 alvor. Med tanke p\u00e5 det ovennevnte f\u00f8ler vi at det er en lys fremtid n\u00e5r alle aspekter blir tatt p\u00e5 alvor.    <\/p>\n\t\t\t\t\t\t\t\t<\/div>\n\t\t\t\t<\/div>\n\t\t\t\t\t<\/div>\n\t\t\t\t<\/div>\n\t\t\t\t<\/div>\n\t\t","protected":false},"excerpt":{"rendered":"<p>Casinoinfluencer som bruker sosiale medier, blir stadig mer kjent, noe som ofte overses av mange operat\u00f8rer. I dagens verden av stadig skiftende trender er det \u00e9n gruppe som unektelig har blitt en drivende kraft i online gamblingindustrien. Vi snakker om den fantastiske fremveksten av sosiale nettkasino-influencere. Hvilken rolle spiller de i spillersamfunnet? Hva er fordelene [&hellip;]<\/p>\n","protected":false},"author":1,"featured_media":0,"parent":0,"menu_order":0,"comment_status":"closed","ping_status":"closed","template":"","meta":{"footnotes":""},"class_list":["post-4557","page","type-page","status-publish","hentry"],"blocksy_meta":[],"acf":[],"yoast_head":"<!-- This site is optimized with the Yoast SEO plugin v24.1 - https:\/\/yoast.com\/wordpress\/plugins\/seo\/ -->\n<title>Casino-influencer - casinoreturn<\/title>\n<meta name=\"description\" content=\"Casino Influencer har tatt et stort sprang fra sosiale medier til nettkasino. F\u00f8lg oss her og se hvem som er hvem og hva som er nytt p\u00e5 Twitch\" \/>\n<meta name=\"robots\" content=\"index, follow, max-snippet:-1, max-image-preview:large, max-video-preview:-1\" \/>\n<link rel=\"canonical\" href=\"https:\/\/casinoreturn.com\/no\/casino-influencer\/\" \/>\n<meta property=\"og:locale\" content=\"nb_NO\" \/>\n<meta property=\"og:type\" content=\"article\" \/>\n<meta property=\"og:title\" content=\"Casino-influencer - casinoreturn\" \/>\n<meta property=\"og:description\" content=\"Casino Influencer har tatt et stort sprang fra sosiale medier til nettkasino. F\u00f8lg oss her og se hvem som er hvem og hva som er nytt p\u00e5 Twitch\" \/>\n<meta property=\"og:url\" content=\"https:\/\/casinoreturn.com\/no\/casino-influencer\/\" \/>\n<meta property=\"og:site_name\" content=\"casinoreturn\" \/>\n<meta property=\"article:modified_time\" content=\"2025-03-20T22:04:06+00:00\" \/>\n<meta name=\"twitter:card\" content=\"summary_large_image\" \/>\n<meta name=\"twitter:label1\" content=\"Ansl. lesetid\" \/>\n\t<meta name=\"twitter:data1\" content=\"4 minutter\" \/>\n<script type=\"application\/ld+json\" class=\"yoast-schema-graph\">{\"@context\":\"https:\/\/schema.org\",\"@graph\":[{\"@type\":\"WebPage\",\"@id\":\"https:\/\/casinoreturn.com\/no\/casino-influencer\/\",\"url\":\"https:\/\/casinoreturn.com\/no\/casino-influencer\/\",\"name\":\"Casino-influencer - casinoreturn\",\"isPartOf\":{\"@id\":\"https:\/\/casinoreturn.com\/#website\"},\"datePublished\":\"2024-11-02T10:47:02+00:00\",\"dateModified\":\"2025-03-20T22:04:06+00:00\",\"description\":\"Casino Influencer har tatt et stort sprang fra sosiale medier til nettkasino. F\u00f8lg oss her og se hvem som er hvem og hva som er nytt p\u00e5 Twitch\",\"breadcrumb\":{\"@id\":\"https:\/\/casinoreturn.com\/no\/casino-influencer\/#breadcrumb\"},\"inLanguage\":\"nb-NO\",\"potentialAction\":[{\"@type\":\"ReadAction\",\"target\":[\"https:\/\/casinoreturn.com\/no\/casino-influencer\/\"]}]},{\"@type\":\"BreadcrumbList\",\"@id\":\"https:\/\/casinoreturn.com\/no\/casino-influencer\/#breadcrumb\",\"itemListElement\":[{\"@type\":\"ListItem\",\"position\":1,\"name\":\"Home\",\"item\":\"https:\/\/casinoreturn.com\/no\/hjem\/\"},{\"@type\":\"ListItem\",\"position\":2,\"name\":\"Casino-influencer\"}]},{\"@type\":\"WebSite\",\"@id\":\"https:\/\/casinoreturn.com\/#website\",\"url\":\"https:\/\/casinoreturn.com\/\",\"name\":\"casinoreturn\",\"description\":\"\",\"publisher\":{\"@id\":\"https:\/\/casinoreturn.com\/#organization\"},\"potentialAction\":[{\"@type\":\"SearchAction\",\"target\":{\"@type\":\"EntryPoint\",\"urlTemplate\":\"https:\/\/casinoreturn.com\/?s={search_term_string}\"},\"query-input\":{\"@type\":\"PropertyValueSpecification\",\"valueRequired\":true,\"valueName\":\"search_term_string\"}}],\"inLanguage\":\"nb-NO\"},{\"@type\":\"Organization\",\"@id\":\"https:\/\/casinoreturn.com\/#organization\",\"name\":\"casinoreturn\",\"url\":\"https:\/\/casinoreturn.com\/\",\"logo\":{\"@type\":\"ImageObject\",\"inLanguage\":\"nb-NO\",\"@id\":\"https:\/\/casinoreturn.com\/#\/schema\/logo\/image\/\",\"url\":\"https:\/\/casinoreturn.com\/wp-content\/uploads\/2024\/09\/animal-favicon.png\",\"contentUrl\":\"https:\/\/casinoreturn.com\/wp-content\/uploads\/2024\/09\/animal-favicon.png\",\"width\":92,\"height\":92,\"caption\":\"casinoreturn\"},\"image\":{\"@id\":\"https:\/\/casinoreturn.com\/#\/schema\/logo\/image\/\"}}]}<\/script>\n<!-- \/ Yoast SEO plugin. -->","yoast_head_json":{"title":"Casino-influencer - casinoreturn","description":"Casino Influencer har tatt et stort sprang fra sosiale medier til nettkasino. F\u00f8lg oss her og se hvem som er hvem og hva som er nytt p\u00e5 Twitch","robots":{"index":"index","follow":"follow","max-snippet":"max-snippet:-1","max-image-preview":"max-image-preview:large","max-video-preview":"max-video-preview:-1"},"canonical":"https:\/\/casinoreturn.com\/no\/casino-influencer\/","og_locale":"nb_NO","og_type":"article","og_title":"Casino-influencer - casinoreturn","og_description":"Casino Influencer har tatt et stort sprang fra sosiale medier til nettkasino. F\u00f8lg oss her og se hvem som er hvem og hva som er nytt p\u00e5 Twitch","og_url":"https:\/\/casinoreturn.com\/no\/casino-influencer\/","og_site_name":"casinoreturn","article_modified_time":"2025-03-20T22:04:06+00:00","twitter_card":"summary_large_image","twitter_misc":{"Ansl. lesetid":"4 minutter"},"schema":{"@context":"https:\/\/schema.org","@graph":[{"@type":"WebPage","@id":"https:\/\/casinoreturn.com\/no\/casino-influencer\/","url":"https:\/\/casinoreturn.com\/no\/casino-influencer\/","name":"Casino-influencer - casinoreturn","isPartOf":{"@id":"https:\/\/casinoreturn.com\/#website"},"datePublished":"2024-11-02T10:47:02+00:00","dateModified":"2025-03-20T22:04:06+00:00","description":"Casino Influencer har tatt et stort sprang fra sosiale medier til nettkasino. F\u00f8lg oss her og se hvem som er hvem og hva som er nytt p\u00e5 Twitch","breadcrumb":{"@id":"https:\/\/casinoreturn.com\/no\/casino-influencer\/#breadcrumb"},"inLanguage":"nb-NO","potentialAction":[{"@type":"ReadAction","target":["https:\/\/casinoreturn.com\/no\/casino-influencer\/"]}]},{"@type":"BreadcrumbList","@id":"https:\/\/casinoreturn.com\/no\/casino-influencer\/#breadcrumb","itemListElement":[{"@type":"ListItem","position":1,"name":"Home","item":"https:\/\/casinoreturn.com\/no\/hjem\/"},{"@type":"ListItem","position":2,"name":"Casino-influencer"}]},{"@type":"WebSite","@id":"https:\/\/casinoreturn.com\/#website","url":"https:\/\/casinoreturn.com\/","name":"casinoreturn","description":"","publisher":{"@id":"https:\/\/casinoreturn.com\/#organization"},"potentialAction":[{"@type":"SearchAction","target":{"@type":"EntryPoint","urlTemplate":"https:\/\/casinoreturn.com\/?s={search_term_string}"},"query-input":{"@type":"PropertyValueSpecification","valueRequired":true,"valueName":"search_term_string"}}],"inLanguage":"nb-NO"},{"@type":"Organization","@id":"https:\/\/casinoreturn.com\/#organization","name":"casinoreturn","url":"https:\/\/casinoreturn.com\/","logo":{"@type":"ImageObject","inLanguage":"nb-NO","@id":"https:\/\/casinoreturn.com\/#\/schema\/logo\/image\/","url":"https:\/\/casinoreturn.com\/wp-content\/uploads\/2024\/09\/animal-favicon.png","contentUrl":"https:\/\/casinoreturn.com\/wp-content\/uploads\/2024\/09\/animal-favicon.png","width":92,"height":92,"caption":"casinoreturn"},"image":{"@id":"https:\/\/casinoreturn.com\/#\/schema\/logo\/image\/"}}]}},"_links":{"self":[{"href":"https:\/\/casinoreturn.com\/no\/wp-json\/wp\/v2\/pages\/4557","targetHints":{"allow":["GET"]}}],"collection":[{"href":"https:\/\/casinoreturn.com\/no\/wp-json\/wp\/v2\/pages"}],"about":[{"href":"https:\/\/casinoreturn.com\/no\/wp-json\/wp\/v2\/types\/page"}],"author":[{"embeddable":true,"href":"https:\/\/casinoreturn.com\/no\/wp-json\/wp\/v2\/users\/1"}],"replies":[{"embeddable":true,"href":"https:\/\/casinoreturn.com\/no\/wp-json\/wp\/v2\/comments?post=4557"}],"version-history":[{"count":2,"href":"https:\/\/casinoreturn.com\/no\/wp-json\/wp\/v2\/pages\/4557\/revisions"}],"predecessor-version":[{"id":12431,"href":"https:\/\/casinoreturn.com\/no\/wp-json\/wp\/v2\/pages\/4557\/revisions\/12431"}],"wp:attachment":[{"href":"https:\/\/casinoreturn.com\/no\/wp-json\/wp\/v2\/media?parent=4557"}],"curies":[{"name":"wp","href":"https:\/\/api.w.org\/{rel}","templated":true}]}}