{"id":4579,"date":"2024-11-13T01:13:25","date_gmt":"2024-11-13T01:13:25","guid":{"rendered":"https:\/\/casinoreturn.com\/cash-noire-spilleautomat\/"},"modified":"2024-12-02T13:59:04","modified_gmt":"2024-12-02T13:59:04","slug":"cash-noire-spilleautomat","status":"publish","type":"page","link":"https:\/\/casinoreturn.com\/no\/cash-noire-spilleautomat\/","title":{"rendered":"Cash Noire spilleautomat"},"content":{"rendered":"\t\t<div data-elementor-type=\"wp-page\" data-elementor-id=\"4579\" class=\"elementor elementor-4579\" data-elementor-post-type=\"page\">\n\t\t\t\t<div class=\"elementor-element elementor-element-1d0a071 e-con-full e-flex e-con e-parent\" data-id=\"1d0a071\" data-element_type=\"container\">\n\t\t\t\t<div class=\"elementor-element elementor-element-d98a0e7 elementor-widget elementor-widget-heading\" data-id=\"d98a0e7\" data-element_type=\"widget\" data-widget_type=\"heading.default\">\n\t\t\t\t<div class=\"elementor-widget-container\">\n\t\t\t\t\t<h3 class=\"elementor-heading-title elementor-size-default\">Hva trenger du \u00e5 vite om Cash Noire?<\/h3>\t\t\t\t<\/div>\n\t\t\t\t<\/div>\n\t\t\t\t<\/div>\n\t\t<div class=\"elementor-element elementor-element-ece14c5 e-con-full e-flex e-con e-parent\" data-id=\"ece14c5\" data-element_type=\"container\">\n\t\t\t\t<div class=\"elementor-element elementor-element-927ac14 elementor-widget elementor-widget-text-editor\" data-id=\"927ac14\" data-element_type=\"widget\" data-widget_type=\"text-editor.default\">\n\t\t\t\t<div class=\"elementor-widget-container\">\n\t\t\t\t\t\t\t\t\t<p>Cash-Noire Slot Game er en innovativ spilleautomat av h\u00f8yeste klasse og overbeviser spillere og spillere med sine online spilleautomater. Spilleautomaten er produsert av den anerkjente og velrenommerte programvareutvikleren NetEnt, og dermed anses den \u00e5 v\u00e6re av h\u00f8yeste kvalitet. Vil du vite hva spilleautomaten handler om? Spillet er overbevist av sin mystiske natur, det dreier seg om et ul\u00f8st mord. De m\u00f8rke nyansene i designet gir hele spillet et spesielt m\u00f8rkt karakteristisk preg. Som spiller befinner de seg i San Cayetano og blir med p\u00e5 lekekameraten,     <\/p>\n\t\t\t\t\t\t\t\t<\/div>\n\t\t\t\t<\/div>\n\t\t\t\t<\/div>\n\t\t<div class=\"elementor-element elementor-element-a73bf5b e-con-full e-flex e-con e-parent\" data-id=\"a73bf5b\" data-element_type=\"container\">\n\t\t\t\t<div class=\"elementor-element elementor-element-ada4c5b elementor-widget elementor-widget-image\" data-id=\"ada4c5b\" data-element_type=\"widget\" data-widget_type=\"image.default\">\n\t\t\t\t<div class=\"elementor-widget-container\">\n\t\t\t\t\t\t\t\t\t\t\t\t\t\t\t<img fetchpriority=\"high\" decoding=\"async\" width=\"600\" height=\"840\" src=\"https:\/\/casinoreturn.com\/wp-content\/uploads\/2024\/11\/Cash-noire-Slot-game.jpg\" class=\"attachment-large size-large wp-image-3233\" alt=\"Cash noire Slot game\" srcset=\"https:\/\/casinoreturn.com\/wp-content\/uploads\/2024\/11\/Cash-noire-Slot-game.jpg 600w, https:\/\/casinoreturn.com\/wp-content\/uploads\/2024\/11\/Cash-noire-Slot-game-214x300.jpg 214w\" sizes=\"(max-width: 600px) 100vw, 600px\" \/>\t\t\t\t\t\t\t\t\t\t\t\t\t\t\t<\/div>\n\t\t\t\t<\/div>\n\t\t\t\t<\/div>\n\t\t<div class=\"elementor-element elementor-element-83b2661 e-con-full e-flex e-con e-parent\" data-id=\"83b2661\" data-element_type=\"container\">\n\t\t\t\t<div class=\"elementor-element elementor-element-47cf452 elementor-widget elementor-widget-heading\" data-id=\"47cf452\" data-element_type=\"widget\" data-widget_type=\"heading.default\">\n\t\t\t\t<div class=\"elementor-widget-container\">\n\t\t\t\t\t<h3 class=\"elementor-heading-title elementor-size-default\">Hvem er Detective Flint i Cash Noire Slot Game?<\/h3>\t\t\t\t<\/div>\n\t\t\t\t<\/div>\n\t\t\t\t<\/div>\n\t\t<div class=\"elementor-element elementor-element-6e9a3d5 e-con-full e-flex e-con e-parent\" data-id=\"6e9a3d5\" data-element_type=\"container\">\n\t\t\t\t<div class=\"elementor-element elementor-element-9c661f6 elementor-widget elementor-widget-text-editor\" data-id=\"9c661f6\" data-element_type=\"widget\" data-widget_type=\"text-editor.default\">\n\t\t\t\t<div class=\"elementor-widget-container\">\n\t\t\t\t\t\t\t\t\t<p>Kriminalbetjent Flint. Sammen pr\u00f8ver dere \u00e5 jakte p\u00e5 forbryterne som ikke kan bli funnet. Han vil nemlig finne den skyldige bak Green-Ace-mordene. Utforsk byen sammen med detektiven og ta en pause i en bar. Baren er like mystisk som spillet, for der foreg\u00e5r det ulovlige pokerspill. Og der m\u00f8ter du den ene kvinnen&#8230; .<br \/>Er du nysgjerrig? Vil du l\u00f8se mordet? S\u00e5 f\u00f8lg med, for vi vil gi deg mer nyttig informasjon.         <\/p>\n\t\t\t\t\t\t\t\t<\/div>\n\t\t\t\t<\/div>\n\t\t\t\t<\/div>\n\t\t<div class=\"elementor-element elementor-element-5bb25f2 e-con-full e-flex e-con e-parent\" data-id=\"5bb25f2\" data-element_type=\"container\">\n\t\t\t\t<div class=\"elementor-element elementor-element-e08a986 elementor-widget elementor-widget-heading\" data-id=\"e08a986\" data-element_type=\"widget\" data-widget_type=\"heading.default\">\n\t\t\t\t<div class=\"elementor-widget-container\">\n\t\t\t\t\t<h3 class=\"elementor-heading-title elementor-size-default\">Cash Noire Minimum Spins<\/h3>\t\t\t\t<\/div>\n\t\t\t\t<\/div>\n\t\t\t\t<\/div>\n\t\t<div class=\"elementor-element elementor-element-cd0632e e-con-full e-flex e-con e-parent\" data-id=\"cd0632e\" data-element_type=\"container\">\n\t\t\t\t<div class=\"elementor-element elementor-element-9be3876 elementor-widget elementor-widget-text-editor\" data-id=\"9be3876\" data-element_type=\"widget\" data-widget_type=\"text-editor.default\">\n\t\t\t\t<div class=\"elementor-widget-container\">\n\t\t\t\t\t\t\t\t\t<p>Inspirert av Film Noire, overbeviser spillet oss med en unik stil. Med over 1024 vinnermuligheter og fem hjul byr spillet p\u00e5 mange attraktive muligheter. Du kan spille spilleautomaten med innsatser fra <strong>0,20 per<\/strong> <strong>spinn<\/strong>. Et annet pluss er at spillet st\u00f8ttes av mange forskjellige servere. Cash Noire har ogs\u00e5 andre gode tilbud som gleder spillerens hjerte. La deg overbevise av gratisspinn, gratisspinn uten innskudd og bonuser uten innskudd. F\u00e5 enda flere bel\u00f8nninger ved \u00e5 spille gjennom spillet og hjelpe detektiven p\u00e5 reisen hans. Alle gode gjerninger bel\u00f8nnes!       <\/p>\n\t\t\t\t\t\t\t\t<\/div>\n\t\t\t\t<\/div>\n\t\t\t\t<\/div>\n\t\t<div class=\"elementor-element elementor-element-21d84f5 e-con-full e-flex e-con e-parent\" data-id=\"21d84f5\" data-element_type=\"container\">\n\t\t\t\t<div class=\"elementor-element elementor-element-e77fdbf elementor-widget elementor-widget-heading\" data-id=\"e77fdbf\" data-element_type=\"widget\" data-widget_type=\"heading.default\">\n\t\t\t\t<div class=\"elementor-widget-container\">\n\t\t\t\t\t<h3 class=\"elementor-heading-title elementor-size-default\">Hvordan spille Cash Noire Slot?<\/h3>\t\t\t\t<\/div>\n\t\t\t\t<\/div>\n\t\t\t\t<\/div>\n\t\t<div class=\"elementor-element elementor-element-8abd081 e-con-full e-flex e-con e-parent\" data-id=\"8abd081\" data-element_type=\"container\">\n\t\t\t\t<div class=\"elementor-element elementor-element-59700d3 elementor-widget elementor-widget-image\" data-id=\"59700d3\" data-element_type=\"widget\" data-widget_type=\"image.default\">\n\t\t\t\t<div class=\"elementor-widget-container\">\n\t\t\t\t\t\t\t\t\t\t\t\t\t\t\t<img decoding=\"async\" width=\"680\" height=\"280\" src=\"https:\/\/casinoreturn.com\/wp-content\/uploads\/2024\/11\/Cash-Noire-5-Reels-Spins.jpg\" class=\"attachment-large size-large wp-image-3258\" alt=\"Cash Noire 5 Reels Spins\" srcset=\"https:\/\/casinoreturn.com\/wp-content\/uploads\/2024\/11\/Cash-Noire-5-Reels-Spins.jpg 680w, https:\/\/casinoreturn.com\/wp-content\/uploads\/2024\/11\/Cash-Noire-5-Reels-Spins-300x124.jpg 300w\" sizes=\"(max-width: 680px) 100vw, 680px\" \/>\t\t\t\t\t\t\t\t\t\t\t\t\t\t\t<\/div>\n\t\t\t\t<\/div>\n\t\t\t\t<div class=\"elementor-element elementor-element-f1817fa elementor-widget elementor-widget-text-editor\" data-id=\"f1817fa\" data-element_type=\"widget\" data-widget_type=\"text-editor.default\">\n\t\t\t\t<div class=\"elementor-widget-container\">\n\t\t\t\t\t\t\t\t\t<p>Spillet Cash Noire er delt inn i fem forskjellige kategorier, n\u00e6rmere bestemt i fem forskjellige forbrytelsessoner. Du mottar en multiplikator for hvert gratisspinn, som starter p\u00e5 1x. Hvis du lander p\u00e5 kort med spesielle soner, kan du bruke multiplikatoren for gevinstene dine, da dette kan \u00f8ke gevinstene dine. Vil du \u00f8ke multiplikatoren din? F\u00f8lg da disse trinnene: Hvis du lander med dette kortet i en spesiell sone, og lander p\u00e5 en mark\u00f8r, kan du \u00f8ke multiplikatoren mellom 1x og 10x i spillet. Vil du ha flere gratisspinn? Hvis du vil ha flere gratisspinn, plasser multiplikatoren deres. Hvis du har flaks, f\u00e5r du et kort med en multiplikator pluss gratisrunder. Vil du ha gratisspinn uten innskudd? Hold deg oppdatert. Cash Noire-spilleautomaten har ikke et wild-symbol og kan derfor ikke tilby en progressiv jackpot.          <\/p>\n\t\t\t\t\t\t\t\t<\/div>\n\t\t\t\t<\/div>\n\t\t\t\t<div class=\"elementor-element elementor-element-50d6c9c elementor-widget elementor-widget-heading\" data-id=\"50d6c9c\" data-element_type=\"widget\" data-widget_type=\"heading.default\">\n\t\t\t\t<div class=\"elementor-widget-container\">\n\t\t\t\t\t<h2 class=\"elementor-heading-title elementor-size-default\">Mysteriesymbol i Cash Noire spilleautomat<\/h2>\t\t\t\t<\/div>\n\t\t\t\t<\/div>\n\t\t\t\t<div class=\"elementor-element elementor-element-6ea3519 elementor-widget elementor-widget-text-editor\" data-id=\"6ea3519\" data-element_type=\"widget\" data-widget_type=\"text-editor.default\">\n\t\t\t\t<div class=\"elementor-widget-container\">\n\t\t\t\t\t\t\t\t\t<p>Leverand\u00f8ren NetEnt er absolutt kjent blant spillene for en ting: mange gode bonusalternativer, bel\u00f8nninger som gratis bonus uten innskudd, gratisspinn uten innskudd og mye mer \u00e5 overbevise deg om. Hver gang du lager en s\u00e5kalt gevinstkombinasjon, utl\u00f8ser du et skred. N\u00e5r dette skjer, vil symbolene som dannet kombinasjonen ikke lenger v\u00e6re synlige p\u00e5 skjermen og vil bli fortrengt av andre symboler. Har du noen gang h\u00f8rt om mysteriesymbolet? Vi skal forklare det. Dette symbolet er en uunng\u00e5elig del av spillet. Hvis du ikke f\u00e5r en vinnerkombinasjon p\u00e5 et spinn og i stedet lander p\u00e5 et mysteriesymbol, forvandles det automatisk til et gjennomsnittlig tilfeldig symbol. Hvis du lander innenfor en forbrytelsessone, dupliseres symbolene og viser de samme. Hvis du derimot lander utenfor denne s\u00e5kalte forbrytelsessonen, vil du se et vanlig symbol. Det er ogs\u00e5 en forbrytelsessone. Hvis du befinner deg i denne sonen, vil de v\u00e6re i en r\u00f8d sone. Denne er full av hotspots og vises p\u00e5 hvert av spinnene. Spinnet starter p\u00e5 tre poeng og kan \u00f8ke til fire eller til og med fem. Vil du ha flere bel\u00f8nninger, ingen innskuddsbonus, ingen innskuddsbonus, ingen gratisspinn uten innskudd? F\u00f8lg med for \u00e5 l\u00f8se flere g\u00e5ter, dechiffrere de mystiske symbolene, vinne mange gratisspinn og multiplikatorer, og f\u00e5 s\u00e5 mange bel\u00f8nninger du kan.              <\/p>\n\t\t\t\t\t\t\t\t<\/div>\n\t\t\t\t<\/div>\n\t\t\t\t<div class=\"elementor-element elementor-element-2a740a2 elementor-widget elementor-widget-heading\" data-id=\"2a740a2\" data-element_type=\"widget\" data-widget_type=\"heading.default\">\n\t\t\t\t<div class=\"elementor-widget-container\">\n\t\t\t\t\t<h3 class=\"elementor-heading-title elementor-size-default\">Cash Noire RTP - Return to Player<\/h3>\t\t\t\t<\/div>\n\t\t\t\t<\/div>\n\t\t\t\t<div class=\"elementor-element elementor-element-db68b73 elementor-widget elementor-widget-text-editor\" data-id=\"db68b73\" data-element_type=\"widget\" data-widget_type=\"text-editor.default\">\n\t\t\t\t<div class=\"elementor-widget-container\">\n\t\t\t\t\t\t\t\t\t<p>Selvf\u00f8lgelig er det en god del flaks involvert i \u00e5 vinne i online kasinospill. Du lurer sikkert p\u00e5 hvor sannsynlig det er, men er det \u00e5 tjene penger eller f\u00e5 maksimalt? Denne informasjonen og fakta er av s\u00e6rlig betydning for deg, og det er derfor vi p\u00e5 BestCasinoListe. Com \u00f8nsker \u00e5 informere deg.<br \/>Her vil vi gjerne forklare forkortelsen RTP. RTP st\u00e5r for Return to Player og betyr &laquo;Tilbake til spilleren&raquo;. &raquo; Vinnersjansene i en online spilleautomat beregnes derfor alltid ved hjelp av den s\u00e5kalte RTP. RTP for Cash-Noire-spilleautomaten er rundt 96. 06%. Denne verdien er litt over gjennomsnittet sammenlignet med andre spilleautomater p\u00e5 nettet. Selv om det helt sikkert er spilleautomater i online kasinoindustrien som har en mye h\u00f8yere verdi, er det likevel ogs\u00e5 verdt \u00e5 se.        <\/p>\n\t\t\t\t\t\t\t\t<\/div>\n\t\t\t\t<\/div>\n\t\t\t\t<div class=\"elementor-element elementor-element-77a03b0 elementor-widget elementor-widget-heading\" data-id=\"77a03b0\" data-element_type=\"widget\" data-widget_type=\"heading.default\">\n\t\t\t\t<div class=\"elementor-widget-container\">\n\t\t\t\t\t<h2 class=\"elementor-heading-title elementor-size-default\">Tilfeldig tallgenerator i Cash Noire<\/h2>\t\t\t\t<\/div>\n\t\t\t\t<\/div>\n\t\t\t\t<div class=\"elementor-element elementor-element-6c337f8 elementor-widget elementor-widget-text-editor\" data-id=\"6c337f8\" data-element_type=\"widget\" data-widget_type=\"text-editor.default\">\n\t\t\t\t<div class=\"elementor-widget-container\">\n\t\t\t\t\t\t\t\t\t<p>S\u00e5 er det den s\u00e5kalte RNG (Random Number Generator), som betyr p\u00e5 tysk: Tilfeldig tallgenerator. Det er viktig \u00e5 huske at uten unntak alle online kasinospilleautomater styres av en RNG. P\u00e5 denne m\u00e5ten deles ogs\u00e5 jackpotter og kort ut.<br \/>Nye kasinoer i Tyskland 2021, Casinotest online, Book of Dead Free Spins. . og mye mer.     <\/p>\n\t\t\t\t\t\t\t\t<\/div>\n\t\t\t\t<\/div>\n\t\t\t\t<div class=\"elementor-element elementor-element-3c236a4 elementor-widget elementor-widget-heading\" data-id=\"3c236a4\" data-element_type=\"widget\" data-widget_type=\"heading.default\">\n\t\t\t\t<div class=\"elementor-widget-container\">\n\t\t\t\t\t<h2 class=\"elementor-heading-title elementor-size-default\">Mobilvennlig Cash Noire-spilleautomat<\/h2>\t\t\t\t<\/div>\n\t\t\t\t<\/div>\n\t\t\t\t<div class=\"elementor-element elementor-element-4d99a43 elementor-widget elementor-widget-text-editor\" data-id=\"4d99a43\" data-element_type=\"widget\" data-widget_type=\"text-editor.default\">\n\t\t\t\t<div class=\"elementor-widget-container\">\n\t\t\t\t\t\t\t\t\t<p>Reiser du mye? Det er et faktum at nesten alle enheter i dag er mobiliserte. Du er alltid tilgjengelig hvor som helst og kan nesten alltid surfe p\u00e5 Internett. S\u00e5 du er ikke bundet til \u00e5 kunne ha det g\u00f8y bare hjemme, men kan ogs\u00e5 oppleve det hele p\u00e5 veien. Dette gir ogs\u00e5 en stor fordel, fordi Cash-Noire-spilleautomaten ogs\u00e5 er tilgjengelig i mobilversjonen. Du trenger ikke \u00e5 bekymre deg for kvaliteten p\u00e5 sporet, fordi Cash Noire-spilleautomaten ikke bare imponerer med sin unike design, men ogs\u00e5 den h\u00f8ye oppl\u00f8sningen, selv p\u00e5 din mobile enhet. Enten mobiltelefon eller nettbrett, last ned spillet og la deg overbevise deg om kvaliteten og moroa i spillet.      <\/p>\n\t\t\t\t\t\t\t\t<\/div>\n\t\t\t\t<\/div>\n\t\t\t\t<\/div>\n\t\t\t\t<\/div>\n\t\t","protected":false},"excerpt":{"rendered":"<p>Hva trenger du \u00e5 vite om Cash Noire? Cash-Noire Slot Game er en innovativ spilleautomat av h\u00f8yeste klasse og overbeviser spillere og spillere med sine online spilleautomater. Spilleautomaten er produsert av den anerkjente og velrenommerte programvareutvikleren NetEnt, og dermed anses den \u00e5 v\u00e6re av h\u00f8yeste kvalitet. Vil du vite hva spilleautomaten handler om? Spillet er [&hellip;]<\/p>\n","protected":false},"author":1,"featured_media":0,"parent":0,"menu_order":0,"comment_status":"closed","ping_status":"closed","template":"","meta":{"footnotes":""},"class_list":["post-4579","page","type-page","status-publish","hentry"],"blocksy_meta":[],"acf":[],"yoast_head":"<!-- This site is optimized with the Yoast SEO plugin v24.1 - https:\/\/yoast.com\/wordpress\/plugins\/seo\/ -->\n<title>Cash Noire spilleautomat - casinoreturn<\/title>\n<meta name=\"description\" content=\"Cash Noire er en av NetEnts mest kjente spilleautomater p\u00e5 nettcasino. L\u00e6r mer om Cash Noires funksjoner, RTP og mye mer.\" \/>\n<meta name=\"robots\" content=\"index, follow, max-snippet:-1, max-image-preview:large, max-video-preview:-1\" \/>\n<link rel=\"canonical\" href=\"https:\/\/casinoreturn.com\/no\/cash-noire-spilleautomat\/\" \/>\n<meta property=\"og:locale\" content=\"nb_NO\" \/>\n<meta property=\"og:type\" content=\"article\" \/>\n<meta property=\"og:title\" content=\"Cash Noire spilleautomat - casinoreturn\" \/>\n<meta property=\"og:description\" content=\"Cash Noire er en av NetEnts mest kjente spilleautomater p\u00e5 nettcasino. L\u00e6r mer om Cash Noires funksjoner, RTP og mye mer.\" \/>\n<meta property=\"og:url\" content=\"https:\/\/casinoreturn.com\/no\/cash-noire-spilleautomat\/\" \/>\n<meta property=\"og:site_name\" content=\"casinoreturn\" \/>\n<meta property=\"article:modified_time\" content=\"2024-12-02T13:59:04+00:00\" \/>\n<meta property=\"og:image\" content=\"https:\/\/casinoreturn.com\/wp-content\/uploads\/2024\/11\/Cash-noire-Slot-game.jpg\" \/>\n\t<meta property=\"og:image:width\" content=\"600\" \/>\n\t<meta property=\"og:image:height\" content=\"840\" \/>\n\t<meta property=\"og:image:type\" content=\"image\/jpeg\" \/>\n<meta name=\"twitter:card\" content=\"summary_large_image\" \/>\n<meta name=\"twitter:label1\" content=\"Ansl. lesetid\" \/>\n\t<meta name=\"twitter:data1\" content=\"5 minutter\" \/>\n<script type=\"application\/ld+json\" class=\"yoast-schema-graph\">{\"@context\":\"https:\/\/schema.org\",\"@graph\":[{\"@type\":\"WebPage\",\"@id\":\"https:\/\/casinoreturn.com\/no\/cash-noire-spilleautomat\/\",\"url\":\"https:\/\/casinoreturn.com\/no\/cash-noire-spilleautomat\/\",\"name\":\"Cash Noire spilleautomat - casinoreturn\",\"isPartOf\":{\"@id\":\"https:\/\/casinoreturn.com\/#website\"},\"primaryImageOfPage\":{\"@id\":\"https:\/\/casinoreturn.com\/no\/cash-noire-spilleautomat\/#primaryimage\"},\"image\":{\"@id\":\"https:\/\/casinoreturn.com\/no\/cash-noire-spilleautomat\/#primaryimage\"},\"thumbnailUrl\":\"https:\/\/casinoreturn.com\/wp-content\/uploads\/2024\/11\/Cash-noire-Slot-game.jpg\",\"datePublished\":\"2024-11-13T01:13:25+00:00\",\"dateModified\":\"2024-12-02T13:59:04+00:00\",\"description\":\"Cash Noire er en av NetEnts mest kjente spilleautomater p\u00e5 nettcasino. L\u00e6r mer om Cash Noires funksjoner, RTP og mye mer.\",\"breadcrumb\":{\"@id\":\"https:\/\/casinoreturn.com\/no\/cash-noire-spilleautomat\/#breadcrumb\"},\"inLanguage\":\"nb-NO\",\"potentialAction\":[{\"@type\":\"ReadAction\",\"target\":[\"https:\/\/casinoreturn.com\/no\/cash-noire-spilleautomat\/\"]}]},{\"@type\":\"ImageObject\",\"inLanguage\":\"nb-NO\",\"@id\":\"https:\/\/casinoreturn.com\/no\/cash-noire-spilleautomat\/#primaryimage\",\"url\":\"https:\/\/casinoreturn.com\/wp-content\/uploads\/2024\/11\/Cash-noire-Slot-game.jpg\",\"contentUrl\":\"https:\/\/casinoreturn.com\/wp-content\/uploads\/2024\/11\/Cash-noire-Slot-game.jpg\"},{\"@type\":\"BreadcrumbList\",\"@id\":\"https:\/\/casinoreturn.com\/no\/cash-noire-spilleautomat\/#breadcrumb\",\"itemListElement\":[{\"@type\":\"ListItem\",\"position\":1,\"name\":\"Home\",\"item\":\"https:\/\/casinoreturn.com\/no\/hjem\/\"},{\"@type\":\"ListItem\",\"position\":2,\"name\":\"Cash Noire spilleautomat\"}]},{\"@type\":\"WebSite\",\"@id\":\"https:\/\/casinoreturn.com\/#website\",\"url\":\"https:\/\/casinoreturn.com\/\",\"name\":\"casinoreturn\",\"description\":\"\",\"publisher\":{\"@id\":\"https:\/\/casinoreturn.com\/#organization\"},\"potentialAction\":[{\"@type\":\"SearchAction\",\"target\":{\"@type\":\"EntryPoint\",\"urlTemplate\":\"https:\/\/casinoreturn.com\/?s={search_term_string}\"},\"query-input\":{\"@type\":\"PropertyValueSpecification\",\"valueRequired\":true,\"valueName\":\"search_term_string\"}}],\"inLanguage\":\"nb-NO\"},{\"@type\":\"Organization\",\"@id\":\"https:\/\/casinoreturn.com\/#organization\",\"name\":\"casinoreturn\",\"url\":\"https:\/\/casinoreturn.com\/\",\"logo\":{\"@type\":\"ImageObject\",\"inLanguage\":\"nb-NO\",\"@id\":\"https:\/\/casinoreturn.com\/#\/schema\/logo\/image\/\",\"url\":\"https:\/\/casinoreturn.com\/wp-content\/uploads\/2024\/09\/animal-favicon.png\",\"contentUrl\":\"https:\/\/casinoreturn.com\/wp-content\/uploads\/2024\/09\/animal-favicon.png\",\"width\":92,\"height\":92,\"caption\":\"casinoreturn\"},\"image\":{\"@id\":\"https:\/\/casinoreturn.com\/#\/schema\/logo\/image\/\"}}]}<\/script>\n<!-- \/ Yoast SEO plugin. -->","yoast_head_json":{"title":"Cash Noire spilleautomat - casinoreturn","description":"Cash Noire er en av NetEnts mest kjente spilleautomater p\u00e5 nettcasino. L\u00e6r mer om Cash Noires funksjoner, RTP og mye mer.","robots":{"index":"index","follow":"follow","max-snippet":"max-snippet:-1","max-image-preview":"max-image-preview:large","max-video-preview":"max-video-preview:-1"},"canonical":"https:\/\/casinoreturn.com\/no\/cash-noire-spilleautomat\/","og_locale":"nb_NO","og_type":"article","og_title":"Cash Noire spilleautomat - casinoreturn","og_description":"Cash Noire er en av NetEnts mest kjente spilleautomater p\u00e5 nettcasino. L\u00e6r mer om Cash Noires funksjoner, RTP og mye mer.","og_url":"https:\/\/casinoreturn.com\/no\/cash-noire-spilleautomat\/","og_site_name":"casinoreturn","article_modified_time":"2024-12-02T13:59:04+00:00","og_image":[{"width":600,"height":840,"url":"https:\/\/casinoreturn.com\/wp-content\/uploads\/2024\/11\/Cash-noire-Slot-game.jpg","type":"image\/jpeg"}],"twitter_card":"summary_large_image","twitter_misc":{"Ansl. lesetid":"5 minutter"},"schema":{"@context":"https:\/\/schema.org","@graph":[{"@type":"WebPage","@id":"https:\/\/casinoreturn.com\/no\/cash-noire-spilleautomat\/","url":"https:\/\/casinoreturn.com\/no\/cash-noire-spilleautomat\/","name":"Cash Noire spilleautomat - casinoreturn","isPartOf":{"@id":"https:\/\/casinoreturn.com\/#website"},"primaryImageOfPage":{"@id":"https:\/\/casinoreturn.com\/no\/cash-noire-spilleautomat\/#primaryimage"},"image":{"@id":"https:\/\/casinoreturn.com\/no\/cash-noire-spilleautomat\/#primaryimage"},"thumbnailUrl":"https:\/\/casinoreturn.com\/wp-content\/uploads\/2024\/11\/Cash-noire-Slot-game.jpg","datePublished":"2024-11-13T01:13:25+00:00","dateModified":"2024-12-02T13:59:04+00:00","description":"Cash Noire er en av NetEnts mest kjente spilleautomater p\u00e5 nettcasino. L\u00e6r mer om Cash Noires funksjoner, RTP og mye mer.","breadcrumb":{"@id":"https:\/\/casinoreturn.com\/no\/cash-noire-spilleautomat\/#breadcrumb"},"inLanguage":"nb-NO","potentialAction":[{"@type":"ReadAction","target":["https:\/\/casinoreturn.com\/no\/cash-noire-spilleautomat\/"]}]},{"@type":"ImageObject","inLanguage":"nb-NO","@id":"https:\/\/casinoreturn.com\/no\/cash-noire-spilleautomat\/#primaryimage","url":"https:\/\/casinoreturn.com\/wp-content\/uploads\/2024\/11\/Cash-noire-Slot-game.jpg","contentUrl":"https:\/\/casinoreturn.com\/wp-content\/uploads\/2024\/11\/Cash-noire-Slot-game.jpg"},{"@type":"BreadcrumbList","@id":"https:\/\/casinoreturn.com\/no\/cash-noire-spilleautomat\/#breadcrumb","itemListElement":[{"@type":"ListItem","position":1,"name":"Home","item":"https:\/\/casinoreturn.com\/no\/hjem\/"},{"@type":"ListItem","position":2,"name":"Cash Noire spilleautomat"}]},{"@type":"WebSite","@id":"https:\/\/casinoreturn.com\/#website","url":"https:\/\/casinoreturn.com\/","name":"casinoreturn","description":"","publisher":{"@id":"https:\/\/casinoreturn.com\/#organization"},"potentialAction":[{"@type":"SearchAction","target":{"@type":"EntryPoint","urlTemplate":"https:\/\/casinoreturn.com\/?s={search_term_string}"},"query-input":{"@type":"PropertyValueSpecification","valueRequired":true,"valueName":"search_term_string"}}],"inLanguage":"nb-NO"},{"@type":"Organization","@id":"https:\/\/casinoreturn.com\/#organization","name":"casinoreturn","url":"https:\/\/casinoreturn.com\/","logo":{"@type":"ImageObject","inLanguage":"nb-NO","@id":"https:\/\/casinoreturn.com\/#\/schema\/logo\/image\/","url":"https:\/\/casinoreturn.com\/wp-content\/uploads\/2024\/09\/animal-favicon.png","contentUrl":"https:\/\/casinoreturn.com\/wp-content\/uploads\/2024\/09\/animal-favicon.png","width":92,"height":92,"caption":"casinoreturn"},"image":{"@id":"https:\/\/casinoreturn.com\/#\/schema\/logo\/image\/"}}]}},"_links":{"self":[{"href":"https:\/\/casinoreturn.com\/no\/wp-json\/wp\/v2\/pages\/4579","targetHints":{"allow":["GET"]}}],"collection":[{"href":"https:\/\/casinoreturn.com\/no\/wp-json\/wp\/v2\/pages"}],"about":[{"href":"https:\/\/casinoreturn.com\/no\/wp-json\/wp\/v2\/types\/page"}],"author":[{"embeddable":true,"href":"https:\/\/casinoreturn.com\/no\/wp-json\/wp\/v2\/users\/1"}],"replies":[{"embeddable":true,"href":"https:\/\/casinoreturn.com\/no\/wp-json\/wp\/v2\/comments?post=4579"}],"version-history":[{"count":1,"href":"https:\/\/casinoreturn.com\/no\/wp-json\/wp\/v2\/pages\/4579\/revisions"}],"predecessor-version":[{"id":4580,"href":"https:\/\/casinoreturn.com\/no\/wp-json\/wp\/v2\/pages\/4579\/revisions\/4580"}],"wp:attachment":[{"href":"https:\/\/casinoreturn.com\/no\/wp-json\/wp\/v2\/media?parent=4579"}],"curies":[{"name":"wp","href":"https:\/\/api.w.org\/{rel}","templated":true}]}}