{"id":4629,"date":"2024-11-20T13:24:12","date_gmt":"2024-11-20T13:24:12","guid":{"rendered":"https:\/\/casinoreturn.com\/esport-kasinoer\/"},"modified":"2024-12-02T14:24:58","modified_gmt":"2024-12-02T14:24:58","slug":"esport-kasinoer","status":"publish","type":"page","link":"https:\/\/casinoreturn.com\/no\/esport-kasinoer\/","title":{"rendered":"eSport-kasinoer"},"content":{"rendered":"\t\t<div data-elementor-type=\"wp-page\" data-elementor-id=\"4629\" class=\"elementor elementor-4629\" data-elementor-post-type=\"page\">\n\t\t\t\t<div class=\"elementor-element elementor-element-fdf3628 e-con-full e-flex e-con e-parent\" data-id=\"fdf3628\" data-element_type=\"container\">\n\t\t\t\t<div class=\"elementor-element elementor-element-d39e98f elementor-widget elementor-widget-heading\" data-id=\"d39e98f\" data-element_type=\"widget\" data-widget_type=\"heading.default\">\n\t\t\t\t<div class=\"elementor-widget-container\">\n\t\t\t\t\t<h1 class=\"elementor-heading-title elementor-size-default\">ESport-kasinoer og Esport Casino-spill<\/h1>\t\t\t\t<\/div>\n\t\t\t\t<\/div>\n\t\t\t\t<div class=\"elementor-element elementor-element-f722aef elementor-widget elementor-widget-image\" data-id=\"f722aef\" data-element_type=\"widget\" data-widget_type=\"image.default\">\n\t\t\t\t<div class=\"elementor-widget-container\">\n\t\t\t\t\t\t\t\t\t\t\t\t\t\t\t<img fetchpriority=\"high\" decoding=\"async\" width=\"360\" height=\"360\" src=\"https:\/\/casinoreturn.com\/wp-content\/uploads\/2024\/11\/esport-casinos.jpg\" class=\"attachment-large size-large wp-image-3671\" alt=\"esport casinos\" srcset=\"https:\/\/casinoreturn.com\/wp-content\/uploads\/2024\/11\/esport-casinos.jpg 360w, https:\/\/casinoreturn.com\/wp-content\/uploads\/2024\/11\/esport-casinos-300x300.jpg 300w, https:\/\/casinoreturn.com\/wp-content\/uploads\/2024\/11\/esport-casinos-150x150.jpg 150w\" sizes=\"(max-width: 360px) 100vw, 360px\" \/>\t\t\t\t\t\t\t\t\t\t\t\t\t\t\t<\/div>\n\t\t\t\t<\/div>\n\t\t\t\t<div class=\"elementor-element elementor-element-edb1ad6 elementor-widget elementor-widget-text-editor\" data-id=\"edb1ad6\" data-element_type=\"widget\" data-widget_type=\"text-editor.default\">\n\t\t\t\t<div class=\"elementor-widget-container\">\n\t\t\t\t\t\t\t\t\t<h3><strong>eSport-kasinoer og esport-spill &#8211; en mobilapp-verden i rask utvikling  <\/strong><\/h3>\n\t\t\t\t\t\t\t\t<\/div>\n\t\t\t\t<\/div>\n\t\t\t\t<div class=\"elementor-element elementor-element-16e733a elementor-widget elementor-widget-text-editor\" data-id=\"16e733a\" data-element_type=\"widget\" data-widget_type=\"text-editor.default\">\n\t\t\t\t<div class=\"elementor-widget-container\">\n\t\t\t\t\t\t\t\t\t<p>eSport Casinos betting &#8211; Ikke bare en hobby og en lidenskap for de fleste av oss, men samtidig, hvis du kjenner det godt, en fin m\u00e5te \u00e5 tjene en sideinntekt p\u00e5 hvis du kan det.<\/p>\n<p>I e-sport er det s\u00e5kalte turneringer der de beste spillerne k\u00e5res. Til og med verdensmesterskap finner sted regelmessig i slik e-sport. Dette gj\u00f8r det mulig for eSport-fanatikere \u00e5 satse p\u00e5 favorittlagene og -spillerne sine p\u00e5 nettet.  <\/p>\n<p>I den f\u00f8lgende artikkelen vil du l\u00e6re alt du trenger \u00e5 vite om eSport-betting, for eksempel hvilke spillere du kan spille p\u00e5 i eSport, hva du m\u00e5 passe p\u00e5 osv. Fra oss vil du motta eksklusiv informasjon om hva du m\u00e5 v\u00e6re oppmerksom p\u00e5. Vi \u00f8nsker \u00e5 gi deg tipsene som vil gi deg suksess i eSport-verdenen, slik at du kan lykkes.  <\/p>\n\t\t\t\t\t\t\t\t<\/div>\n\t\t\t\t<\/div>\n\t\t\t\t<div class=\"elementor-element elementor-element-9bc958b elementor-button-success elementor-widget elementor-widget-button\" data-id=\"9bc958b\" data-element_type=\"widget\" data-widget_type=\"button.default\">\n\t\t\t\t<div class=\"elementor-widget-container\">\n\t\t\t\t\t\t\t\t\t<div class=\"elementor-button-wrapper\">\n\t\t\t\t\t<a class=\"elementor-button elementor-button-link elementor-size-sm\" href=\"https:\/\/lvbet.com\/sports\/en\/esport\/\" target=\"_blank\">\n\t\t\t\t\t\t<span class=\"elementor-button-content-wrapper\">\n\t\t\t\t\t\t\t\t\t<span class=\"elementor-button-text\">Epsort-spill med LVBet  <\/span>\n\t\t\t\t\t<\/span>\n\t\t\t\t\t<\/a>\n\t\t\t\t<\/div>\n\t\t\t\t\t\t\t\t<\/div>\n\t\t\t\t<\/div>\n\t\t\t\t<div class=\"elementor-element elementor-element-bcac7df elementor-widget elementor-widget-heading\" data-id=\"bcac7df\" data-element_type=\"widget\" data-widget_type=\"heading.default\">\n\t\t\t\t<div class=\"elementor-widget-container\">\n\t\t\t\t\t<h3 class=\"elementor-heading-title elementor-size-default\">Hva er egentlig eSport-spill?<\/h3>\t\t\t\t<\/div>\n\t\t\t\t<\/div>\n\t\t\t\t<div class=\"elementor-element elementor-element-3426893 elementor-widget elementor-widget-text-editor\" data-id=\"3426893\" data-element_type=\"widget\" data-widget_type=\"text-editor.default\">\n\t\t\t\t<div class=\"elementor-widget-container\">\n\t\t\t\t\t\t\t\t\t<p>ESport-spill p\u00e5 eSport-kasinoer h\u00f8rer til de nyere typene av nettspill. De siste \u00e5rene har interessen for eSport \u00f8kt jevnt og trutt, og det er n\u00e5 en av de mer popul\u00e6re versjonene av nettspill. Som et resultat av dette vokser antallet tilbydere av eSport-spill stadig. N\u00e5 kjenner du kanskje allerede noen som er eSport-fanatiker eller som er dypt inne i feltet og er sv\u00e6rt interessert i det.   <\/p>\n\t\t\t\t\t\t\t\t<\/div>\n\t\t\t\t<\/div>\n\t\t\t\t<div class=\"elementor-element elementor-element-c3b9f87 elementor-widget elementor-widget-button\" data-id=\"c3b9f87\" data-element_type=\"widget\" data-widget_type=\"button.default\">\n\t\t\t\t<div class=\"elementor-widget-container\">\n\t\t\t\t\t\t\t\t\t<div class=\"elementor-button-wrapper\">\n\t\t\t\t\t<a class=\"elementor-button elementor-button-link elementor-size-sm\" href=\"#\">\n\t\t\t\t\t\t<span class=\"elementor-button-content-wrapper\">\n\t\t\t\t\t\t\t\t\t<span class=\"elementor-button-text\">Esport-spill med Bitkingz<\/span>\n\t\t\t\t\t<\/span>\n\t\t\t\t\t<\/a>\n\t\t\t\t<\/div>\n\t\t\t\t\t\t\t\t<\/div>\n\t\t\t\t<\/div>\n\t\t\t\t<div class=\"elementor-element elementor-element-9d858c2 elementor-widget elementor-widget-heading\" data-id=\"9d858c2\" data-element_type=\"widget\" data-widget_type=\"heading.default\">\n\t\t\t\t<div class=\"elementor-widget-container\">\n\t\t\t\t\t<h3 class=\"elementor-heading-title elementor-size-default\">Hvilke spill er tilgjengelige p\u00e5 eSports?<\/h3>\t\t\t\t<\/div>\n\t\t\t\t<\/div>\n\t\t\t\t<div class=\"elementor-element elementor-element-7ba9fd5 elementor-widget elementor-widget-text-editor\" data-id=\"7ba9fd5\" data-element_type=\"widget\" data-widget_type=\"text-editor.default\">\n\t\t\t\t<div class=\"elementor-widget-container\">\n\t\t\t\t\t\t\t\t\t<p>CS: GO-spill er et av de mest popul\u00e6re spillene innen <strong>eSport-spill<\/strong>. Dette endrer seg imidlertid stadig p\u00e5 grunn av eksponentiell vekst og stadig \u00f8kende konkurranse. Nye spill som Battle-Royale-sjangeren, inkludert Fortnite og PUBG, kommer stadig til. MOBA-spillene har ogs\u00e5 beholdt sin glamour og fengslet spillerne. LoL og DotA f\u00e5r fortsatt gode anmeldelser.    <\/p>\n<p><strong>Counterstrike Global Offensive<\/strong>, forkortet<strong> CSGO<\/strong>, er et skytespill utviklet av Valve og Hidden Path Entertainment. Spillet er et av flerspillerspillene. Du kan spille spillet p\u00e5 Windows, OS X, Xbox 360 og PlayStation 3. Spillet ble utviklet i 2012.   <\/p>\n<p><strong>Epic Games lanserte og utviklet Fortnite i 2017.<\/strong> Det nettbaserte videospillet inneholder elementer av overlevelsesspill og er tilgjengelig p\u00e5 Windows, Mac OS, Nintendo Switch, PlayStation 4, PlayStation 5, Xbox One, Xbox Series X og Android. <\/p>\n<p>V\u00e5rt siste eksempel er spillet <strong>LoL-League of Legends<\/strong>, som ble utviklet og utgitt av Riot Games. Dette spillet er et online flerspillerspill som foreg\u00e5r p\u00e5 en kamparena og er tilgjengelig p\u00e5 Windows- og Mac OS-programvare. <\/p>\n\t\t\t\t\t\t\t\t<\/div>\n\t\t\t\t<\/div>\n\t\t\t\t<\/div>\n\t\t<div class=\"elementor-element elementor-element-22f6be3 e-con-full e-flex e-con e-parent\" data-id=\"22f6be3\" data-element_type=\"container\">\n\t\t\t\t<div class=\"elementor-element elementor-element-78d5df1 elementor-widget elementor-widget-heading\" data-id=\"78d5df1\" data-element_type=\"widget\" data-widget_type=\"heading.default\">\n\t\t\t\t<div class=\"elementor-widget-container\">\n\t\t\t\t\t<h3 class=\"elementor-heading-title elementor-size-default\">eSport-spill vs. sportsspill?<\/h3>\t\t\t\t<\/div>\n\t\t\t\t<\/div>\n\t\t\t\t<div class=\"elementor-element elementor-element-007718b elementor-widget elementor-widget-text-editor\" data-id=\"007718b\" data-element_type=\"widget\" data-widget_type=\"text-editor.default\">\n\t\t\t\t<div class=\"elementor-widget-container\">\n\t\t\t\t\t\t\t\t\t<p>Hvis du sammenligner eSport-spill med andre popul\u00e6re sportsspill, ser disse to typene spill veldig like ut ved f\u00f8rste \u00f8yekast. Begge er relatert til en bestemt sport, men du b\u00f8r l\u00e6re mer om sjangeren f\u00f8r du begynner, ettersom det finnes turneringer, mesterskap og cupspill. S\u00e5 du tror kanskje at det ikke er noen store forskjeller mellom dem. Nettspill p\u00e5 eSport b\u00f8r spilles p\u00e5 samme m\u00e5te som alle andre typer nettspill, med en mulig liten forskjell i finansieringen og de enkelte leverand\u00f8rene, noe som imidlertid ikke utgj\u00f8r noen stor forskjell for dem som spillere.   <\/p>\n\t\t\t\t\t\t\t\t<\/div>\n\t\t\t\t<\/div>\n\t\t\t\t<div class=\"elementor-element elementor-element-049f4af elementor-widget elementor-widget-heading\" data-id=\"049f4af\" data-element_type=\"widget\" data-widget_type=\"heading.default\">\n\t\t\t\t<div class=\"elementor-widget-container\">\n\t\t\t\t\t<h3 class=\"elementor-heading-title elementor-size-default\">De mest kjente spillene \u00e5 satse p\u00e5<\/h3>\t\t\t\t<\/div>\n\t\t\t\t<\/div>\n\t\t\t\t<\/div>\n\t\t<div class=\"elementor-element elementor-element-4257928 e-con-full e-flex e-con e-parent\" data-id=\"4257928\" data-element_type=\"container\">\n\t\t\t\t<div class=\"elementor-element elementor-element-0a1e3a9 elementor-widget elementor-widget-text-editor\" data-id=\"0a1e3a9\" data-element_type=\"widget\" data-widget_type=\"text-editor.default\">\n\t\t\t\t<div class=\"elementor-widget-container\">\n\t\t\t\t\t\t\t\t\t<p>I den neste artikkelen kan du l\u00e6re litt mer om dine to favoritt eSport-spill. Vi har fors\u00f8kt \u00e5 begrense utvalget v\u00e5rt for \u00e5 gj\u00f8re det lettere for deg \u00e5 bestemme deg. Vi vil derfor referere til spillene CS: GO og LoL. Du har allerede f\u00e5tt de tekniske n\u00f8kkeldataene til spillet, s\u00e5 vi kan n\u00e5 g\u00e5 inn p\u00e5 mer detaljert informasjon om spillet.   <\/p>\n<p>Kommende ligakamper, Riot Games LCS og Spring Playoffs of the LCS tillater forskjellige typer spill for spillere. Selvf\u00f8lgelig har du flere alternativer, slik at du kan plassere et vinnende spill p\u00e5 hvilket lag som vinner eller p\u00e5 bestemte personer. <\/p>\n<p>I eSport Casinos kan du plassere veddem\u00e5l p\u00e5 ulike hendelser som kan oppst\u00e5 i spillet LoL: Hvilket lag f\u00e5r &laquo;First Blood&raquo;? Hvilket lag vil sl\u00e5 Team Baron Nashor f\u00f8rst eller vinne spillet med en blyant? I tillegg til de vanlige spillene er spesialspill tilgjengelige under store turneringer som League of Legends World Championship eller MSI.  <\/p>\n<p>Den profesjonelle scenen for CS: GO-spill er velkjent og har blitt et av de mest innflytelsesrike spillselskapene i bransjen. Topplagene og spillerne deres har blitt kultfigurer i milj\u00f8et, og flere og flere turneringer har st\u00f8rre premiepotter enn noen gang f\u00f8r. ESL One Cologne er for tiden hovedtemaet for alle CS GO-fans. Men det vil snart bli endret til FACEIT Major London, som definitivt vil v\u00e6re et opptog. Det er ingen tvil om at CS: GO-spillet er veldig vanskelig, overf\u00f8ringer er hyppige og foranderlige, spillet er nervepirrende og resultatene er vanskelige \u00e5 forutsi.    <\/p>\n\t\t\t\t\t\t\t\t<\/div>\n\t\t\t\t<\/div>\n\t\t\t\t<\/div>\n\t\t\t\t<\/div>\n\t\t","protected":false},"excerpt":{"rendered":"<p>ESport-kasinoer og Esport Casino-spill eSport-kasinoer og esport-spill &#8211; en mobilapp-verden i rask utvikling eSport Casinos betting &#8211; Ikke bare en hobby og en lidenskap for de fleste av oss, men samtidig, hvis du kjenner det godt, en fin m\u00e5te \u00e5 tjene en sideinntekt p\u00e5 hvis du kan det. I e-sport er det s\u00e5kalte turneringer der [&hellip;]<\/p>\n","protected":false},"author":1,"featured_media":0,"parent":0,"menu_order":0,"comment_status":"closed","ping_status":"closed","template":"","meta":{"footnotes":""},"class_list":["post-4629","page","type-page","status-publish","hentry"],"blocksy_meta":[],"acf":[],"yoast_head":"<!-- This site is optimized with the Yoast SEO plugin v24.1 - https:\/\/yoast.com\/wordpress\/plugins\/seo\/ -->\n<title>eSport-kasinoer - casinoreturn<\/title>\n<meta name=\"description\" content=\"eSport Casinos er en egen liten enhet. Et voksende eSport-mobilsamfunn med fantastiske spill og sosiale interaksjoner.\" \/>\n<meta name=\"robots\" content=\"index, follow, max-snippet:-1, max-image-preview:large, max-video-preview:-1\" \/>\n<link rel=\"canonical\" href=\"https:\/\/casinoreturn.com\/no\/esport-kasinoer\/\" \/>\n<meta property=\"og:locale\" content=\"nb_NO\" \/>\n<meta property=\"og:type\" content=\"article\" \/>\n<meta property=\"og:title\" content=\"eSport-kasinoer - casinoreturn\" \/>\n<meta property=\"og:description\" content=\"eSport Casinos er en egen liten enhet. Et voksende eSport-mobilsamfunn med fantastiske spill og sosiale interaksjoner.\" \/>\n<meta property=\"og:url\" content=\"https:\/\/casinoreturn.com\/no\/esport-kasinoer\/\" \/>\n<meta property=\"og:site_name\" content=\"casinoreturn\" \/>\n<meta property=\"article:modified_time\" content=\"2024-12-02T14:24:58+00:00\" \/>\n<meta property=\"og:image\" content=\"https:\/\/casinoreturn.com\/wp-content\/uploads\/2024\/11\/esport-casinos.jpg\" \/>\n\t<meta property=\"og:image:width\" content=\"360\" \/>\n\t<meta property=\"og:image:height\" content=\"360\" \/>\n\t<meta property=\"og:image:type\" content=\"image\/jpeg\" \/>\n<meta name=\"twitter:card\" content=\"summary_large_image\" \/>\n<meta name=\"twitter:label1\" content=\"Ansl. lesetid\" \/>\n\t<meta name=\"twitter:data1\" content=\"4 minutter\" \/>\n<script type=\"application\/ld+json\" class=\"yoast-schema-graph\">{\"@context\":\"https:\/\/schema.org\",\"@graph\":[{\"@type\":\"WebPage\",\"@id\":\"https:\/\/casinoreturn.com\/no\/esport-kasinoer\/\",\"url\":\"https:\/\/casinoreturn.com\/no\/esport-kasinoer\/\",\"name\":\"eSport-kasinoer - casinoreturn\",\"isPartOf\":{\"@id\":\"https:\/\/casinoreturn.com\/#website\"},\"primaryImageOfPage\":{\"@id\":\"https:\/\/casinoreturn.com\/no\/esport-kasinoer\/#primaryimage\"},\"image\":{\"@id\":\"https:\/\/casinoreturn.com\/no\/esport-kasinoer\/#primaryimage\"},\"thumbnailUrl\":\"https:\/\/casinoreturn.com\/wp-content\/uploads\/2024\/11\/esport-casinos.jpg\",\"datePublished\":\"2024-11-20T13:24:12+00:00\",\"dateModified\":\"2024-12-02T14:24:58+00:00\",\"description\":\"eSport Casinos er en egen liten enhet. Et voksende eSport-mobilsamfunn med fantastiske spill og sosiale interaksjoner.\",\"breadcrumb\":{\"@id\":\"https:\/\/casinoreturn.com\/no\/esport-kasinoer\/#breadcrumb\"},\"inLanguage\":\"nb-NO\",\"potentialAction\":[{\"@type\":\"ReadAction\",\"target\":[\"https:\/\/casinoreturn.com\/no\/esport-kasinoer\/\"]}]},{\"@type\":\"ImageObject\",\"inLanguage\":\"nb-NO\",\"@id\":\"https:\/\/casinoreturn.com\/no\/esport-kasinoer\/#primaryimage\",\"url\":\"https:\/\/casinoreturn.com\/wp-content\/uploads\/2024\/11\/esport-casinos.jpg\",\"contentUrl\":\"https:\/\/casinoreturn.com\/wp-content\/uploads\/2024\/11\/esport-casinos.jpg\"},{\"@type\":\"BreadcrumbList\",\"@id\":\"https:\/\/casinoreturn.com\/no\/esport-kasinoer\/#breadcrumb\",\"itemListElement\":[{\"@type\":\"ListItem\",\"position\":1,\"name\":\"Home\",\"item\":\"https:\/\/casinoreturn.com\/no\/hjem\/\"},{\"@type\":\"ListItem\",\"position\":2,\"name\":\"eSport-kasinoer\"}]},{\"@type\":\"WebSite\",\"@id\":\"https:\/\/casinoreturn.com\/#website\",\"url\":\"https:\/\/casinoreturn.com\/\",\"name\":\"casinoreturn\",\"description\":\"\",\"publisher\":{\"@id\":\"https:\/\/casinoreturn.com\/#organization\"},\"potentialAction\":[{\"@type\":\"SearchAction\",\"target\":{\"@type\":\"EntryPoint\",\"urlTemplate\":\"https:\/\/casinoreturn.com\/?s={search_term_string}\"},\"query-input\":{\"@type\":\"PropertyValueSpecification\",\"valueRequired\":true,\"valueName\":\"search_term_string\"}}],\"inLanguage\":\"nb-NO\"},{\"@type\":\"Organization\",\"@id\":\"https:\/\/casinoreturn.com\/#organization\",\"name\":\"casinoreturn\",\"url\":\"https:\/\/casinoreturn.com\/\",\"logo\":{\"@type\":\"ImageObject\",\"inLanguage\":\"nb-NO\",\"@id\":\"https:\/\/casinoreturn.com\/#\/schema\/logo\/image\/\",\"url\":\"https:\/\/casinoreturn.com\/wp-content\/uploads\/2024\/09\/animal-favicon.png\",\"contentUrl\":\"https:\/\/casinoreturn.com\/wp-content\/uploads\/2024\/09\/animal-favicon.png\",\"width\":92,\"height\":92,\"caption\":\"casinoreturn\"},\"image\":{\"@id\":\"https:\/\/casinoreturn.com\/#\/schema\/logo\/image\/\"}}]}<\/script>\n<!-- \/ Yoast SEO plugin. -->","yoast_head_json":{"title":"eSport-kasinoer - casinoreturn","description":"eSport Casinos er en egen liten enhet. Et voksende eSport-mobilsamfunn med fantastiske spill og sosiale interaksjoner.","robots":{"index":"index","follow":"follow","max-snippet":"max-snippet:-1","max-image-preview":"max-image-preview:large","max-video-preview":"max-video-preview:-1"},"canonical":"https:\/\/casinoreturn.com\/no\/esport-kasinoer\/","og_locale":"nb_NO","og_type":"article","og_title":"eSport-kasinoer - casinoreturn","og_description":"eSport Casinos er en egen liten enhet. Et voksende eSport-mobilsamfunn med fantastiske spill og sosiale interaksjoner.","og_url":"https:\/\/casinoreturn.com\/no\/esport-kasinoer\/","og_site_name":"casinoreturn","article_modified_time":"2024-12-02T14:24:58+00:00","og_image":[{"width":360,"height":360,"url":"https:\/\/casinoreturn.com\/wp-content\/uploads\/2024\/11\/esport-casinos.jpg","type":"image\/jpeg"}],"twitter_card":"summary_large_image","twitter_misc":{"Ansl. lesetid":"4 minutter"},"schema":{"@context":"https:\/\/schema.org","@graph":[{"@type":"WebPage","@id":"https:\/\/casinoreturn.com\/no\/esport-kasinoer\/","url":"https:\/\/casinoreturn.com\/no\/esport-kasinoer\/","name":"eSport-kasinoer - casinoreturn","isPartOf":{"@id":"https:\/\/casinoreturn.com\/#website"},"primaryImageOfPage":{"@id":"https:\/\/casinoreturn.com\/no\/esport-kasinoer\/#primaryimage"},"image":{"@id":"https:\/\/casinoreturn.com\/no\/esport-kasinoer\/#primaryimage"},"thumbnailUrl":"https:\/\/casinoreturn.com\/wp-content\/uploads\/2024\/11\/esport-casinos.jpg","datePublished":"2024-11-20T13:24:12+00:00","dateModified":"2024-12-02T14:24:58+00:00","description":"eSport Casinos er en egen liten enhet. Et voksende eSport-mobilsamfunn med fantastiske spill og sosiale interaksjoner.","breadcrumb":{"@id":"https:\/\/casinoreturn.com\/no\/esport-kasinoer\/#breadcrumb"},"inLanguage":"nb-NO","potentialAction":[{"@type":"ReadAction","target":["https:\/\/casinoreturn.com\/no\/esport-kasinoer\/"]}]},{"@type":"ImageObject","inLanguage":"nb-NO","@id":"https:\/\/casinoreturn.com\/no\/esport-kasinoer\/#primaryimage","url":"https:\/\/casinoreturn.com\/wp-content\/uploads\/2024\/11\/esport-casinos.jpg","contentUrl":"https:\/\/casinoreturn.com\/wp-content\/uploads\/2024\/11\/esport-casinos.jpg"},{"@type":"BreadcrumbList","@id":"https:\/\/casinoreturn.com\/no\/esport-kasinoer\/#breadcrumb","itemListElement":[{"@type":"ListItem","position":1,"name":"Home","item":"https:\/\/casinoreturn.com\/no\/hjem\/"},{"@type":"ListItem","position":2,"name":"eSport-kasinoer"}]},{"@type":"WebSite","@id":"https:\/\/casinoreturn.com\/#website","url":"https:\/\/casinoreturn.com\/","name":"casinoreturn","description":"","publisher":{"@id":"https:\/\/casinoreturn.com\/#organization"},"potentialAction":[{"@type":"SearchAction","target":{"@type":"EntryPoint","urlTemplate":"https:\/\/casinoreturn.com\/?s={search_term_string}"},"query-input":{"@type":"PropertyValueSpecification","valueRequired":true,"valueName":"search_term_string"}}],"inLanguage":"nb-NO"},{"@type":"Organization","@id":"https:\/\/casinoreturn.com\/#organization","name":"casinoreturn","url":"https:\/\/casinoreturn.com\/","logo":{"@type":"ImageObject","inLanguage":"nb-NO","@id":"https:\/\/casinoreturn.com\/#\/schema\/logo\/image\/","url":"https:\/\/casinoreturn.com\/wp-content\/uploads\/2024\/09\/animal-favicon.png","contentUrl":"https:\/\/casinoreturn.com\/wp-content\/uploads\/2024\/09\/animal-favicon.png","width":92,"height":92,"caption":"casinoreturn"},"image":{"@id":"https:\/\/casinoreturn.com\/#\/schema\/logo\/image\/"}}]}},"_links":{"self":[{"href":"https:\/\/casinoreturn.com\/no\/wp-json\/wp\/v2\/pages\/4629","targetHints":{"allow":["GET"]}}],"collection":[{"href":"https:\/\/casinoreturn.com\/no\/wp-json\/wp\/v2\/pages"}],"about":[{"href":"https:\/\/casinoreturn.com\/no\/wp-json\/wp\/v2\/types\/page"}],"author":[{"embeddable":true,"href":"https:\/\/casinoreturn.com\/no\/wp-json\/wp\/v2\/users\/1"}],"replies":[{"embeddable":true,"href":"https:\/\/casinoreturn.com\/no\/wp-json\/wp\/v2\/comments?post=4629"}],"version-history":[{"count":1,"href":"https:\/\/casinoreturn.com\/no\/wp-json\/wp\/v2\/pages\/4629\/revisions"}],"predecessor-version":[{"id":4630,"href":"https:\/\/casinoreturn.com\/no\/wp-json\/wp\/v2\/pages\/4629\/revisions\/4630"}],"wp:attachment":[{"href":"https:\/\/casinoreturn.com\/no\/wp-json\/wp\/v2\/media?parent=4629"}],"curies":[{"name":"wp","href":"https:\/\/api.w.org\/{rel}","templated":true}]}}