{"id":4654,"date":"2024-11-21T14:27:34","date_gmt":"2024-11-21T14:27:34","guid":{"rendered":"https:\/\/casinoreturn.com\/baccarat-pa-nett\/"},"modified":"2024-12-02T18:01:16","modified_gmt":"2024-12-02T18:01:16","slug":"baccarat-pa-nett","status":"publish","type":"page","link":"https:\/\/casinoreturn.com\/no\/baccarat-pa-nett\/","title":{"rendered":"Baccarat p\u00e5 nett"},"content":{"rendered":"\t\t<div data-elementor-type=\"wp-page\" data-elementor-id=\"4654\" class=\"elementor elementor-4654\" data-elementor-post-type=\"page\">\n\t\t\t\t<div class=\"elementor-element elementor-element-54716bf e-con-full e-flex e-con e-parent\" data-id=\"54716bf\" data-element_type=\"container\">\n\t\t\t\t<div class=\"elementor-element elementor-element-e1d0de2 elementor-widget elementor-widget-image\" data-id=\"e1d0de2\" data-element_type=\"widget\" data-widget_type=\"image.default\">\n\t\t\t\t<div class=\"elementor-widget-container\">\n\t\t\t\t\t\t\t\t\t\t\t\t\t\t\t<img fetchpriority=\"high\" decoding=\"async\" width=\"376\" height=\"250\" src=\"https:\/\/casinoreturn.com\/wp-content\/uploads\/2024\/11\/Online-Baccarat.png\" class=\"attachment-large size-large wp-image-3744\" alt=\"Online Baccarat\" srcset=\"https:\/\/casinoreturn.com\/wp-content\/uploads\/2024\/11\/Online-Baccarat.png 376w, https:\/\/casinoreturn.com\/wp-content\/uploads\/2024\/11\/Online-Baccarat-300x199.png 300w\" sizes=\"(max-width: 376px) 100vw, 376px\" \/>\t\t\t\t\t\t\t\t\t\t\t\t\t\t\t<\/div>\n\t\t\t\t<\/div>\n\t\t\t\t<div class=\"elementor-element elementor-element-94a1cbc elementor-widget elementor-widget-heading\" data-id=\"94a1cbc\" data-element_type=\"widget\" data-widget_type=\"heading.default\">\n\t\t\t\t<div class=\"elementor-widget-container\">\n\t\t\t\t\t<h2 class=\"elementor-heading-title elementor-size-default\">Regler og informasjon om Baccarat p\u00e5 nett<\/h2>\t\t\t\t<\/div>\n\t\t\t\t<\/div>\n\t\t\t\t<div class=\"elementor-element elementor-element-0c38f38 elementor-button-success elementor-align-center elementor-widget elementor-widget-button\" data-id=\"0c38f38\" data-element_type=\"widget\" data-widget_type=\"button.default\">\n\t\t\t\t<div class=\"elementor-widget-container\">\n\t\t\t\t\t\t\t\t\t<div class=\"elementor-button-wrapper\">\n\t\t\t\t\t<a class=\"elementor-button elementor-button-link elementor-size-sm\" href=\"#\">\n\t\t\t\t\t\t<span class=\"elementor-button-content-wrapper\">\n\t\t\t\t\t\t\t\t\t<span class=\"elementor-button-text\">Spill Baccarat her  <\/span>\n\t\t\t\t\t<\/span>\n\t\t\t\t\t<\/a>\n\t\t\t\t<\/div>\n\t\t\t\t\t\t\t\t<\/div>\n\t\t\t\t<\/div>\n\t\t\t\t<\/div>\n\t\t<div class=\"elementor-element elementor-element-8c4d838 e-con-full e-flex e-con e-parent\" data-id=\"8c4d838\" data-element_type=\"container\">\n\t\t\t\t<div class=\"elementor-element elementor-element-e7305df elementor-widget elementor-widget-text-editor\" data-id=\"e7305df\" data-element_type=\"widget\" data-widget_type=\"text-editor.default\">\n\t\t\t\t<div class=\"elementor-widget-container\">\n\t\t\t\t\t\t\t\t\t<p>Regler for Baccarat p\u00e5 nett. Denne artikkelen introduserer deg til det popul\u00e6re spilleautomaten Baccarat Online. Det antas at dette spillet oppsto p\u00e5 1500-tallet i Napoli. Siden den gang har spillet spredt seg over hele verden, og er i dag en av de mest popul\u00e6re klassiske spilleautomatene. Spesielt i den asiatiske regionen er spillet Baccarat godt kjent og er en av favorittene i spillehallene. De fleste baccaratbordene finner du i Macau.     <\/p>\n<p>Fordelen med baccarat er at det er enkelt \u00e5 l\u00e6re og har store vinnersjanser. Siden du bare satser p\u00e5 utfallet av baccarat-spillet, trenger du ikke \u00e5 l\u00e6re deg komplekse strategier selv for \u00e5 dra nytte av en god utbetalingsrate &#8211; i motsetning til blackjack, for baccarat. for eksempel, hvor du bare har muligheten til \u00e5 internalisere den grunnleggende planen i det minste. Over tid har mange baccarat-varianter p\u00e5 nettcasinoer utviklet seg, og i dag vil vi bare introdusere den mest popul\u00e6re varianten, &laquo;Punto Banco&raquo;, da det er den desidert mest brukte varianten av     <\/p>\n\t\t\t\t\t\t\t\t<\/div>\n\t\t\t\t<\/div>\n\t\t\t\t<div class=\"elementor-element elementor-element-4ab8244 elementor-widget elementor-widget-heading\" data-id=\"4ab8244\" data-element_type=\"widget\" data-widget_type=\"heading.default\">\n\t\t\t\t<div class=\"elementor-widget-container\">\n\t\t\t\t\t<h2 class=\"elementor-heading-title elementor-size-default\">Hvordan spille baccarat?<\/h2>\t\t\t\t<\/div>\n\t\t\t\t<\/div>\n\t\t\t\t<\/div>\n\t\t<div class=\"elementor-element elementor-element-2538271 e-con-full e-flex e-con e-parent\" data-id=\"2538271\" data-element_type=\"container\">\n\t\t\t\t<div class=\"elementor-element elementor-element-c07f515 elementor-widget elementor-widget-text-editor\" data-id=\"c07f515\" data-element_type=\"widget\" data-widget_type=\"text-editor.default\">\n\t\t\t\t<div class=\"elementor-widget-container\">\n\t\t\t\t\t\t\t\t\t<p>Det er veldig sl\u00f8vt \u00e5 spille online baccarat fordi den kunstneriske regiss\u00f8ren gj\u00f8r hele jobben enda mer, s\u00e5 du m\u00e5 bestemme med hverandre hvilken person dette mesterskapet vil f\u00e5 p\u00e5 hunden fra n\u00e5 av, finansinstitusjon eller spillere. Identifikatorene er en liten del misvisende, spesielt siden spilleren ikke er en ekte baccarat-spiller &#8211; snarere enn en virtuell spiller. S\u00e5, i seg selv, man satser med baccarat ut p\u00e5 om den ene eller alternativet vinner kanten. Den eneste forskjellen i forhold til de to partene er p\u00e5 hvilket tidspunkt, om alternativet m\u00e5 trekkes eller ikke.   <\/p>\n<p>For \u00e5 spore baccarat, du m\u00e5 spore hvor mye en slik billett er verdt. Eksperten har alltid tallet 1 i sammenheng med baccarat &#8211; ellers identisk-blackjack, der denne eksperten ogs\u00e5 kan godta tallet 11. Nummeret 2 vises bare n\u00e5r 9 i baccarat; men, I tillegg til. . det trykte nummeret (identisk i sammenheng med blackjack). Ansiktskortene (knekt, dronning, konge) er verdt 0 poeng i baccarat &#8211; i blackjack scorer slike kort et tall p\u00e5 sidene 10 hver gang.      <\/p>\n\t\t\t\t\t\t\t\t<\/div>\n\t\t\t\t<\/div>\n\t\t\t\t<div class=\"elementor-element elementor-element-e180f40 elementor-widget elementor-widget-heading\" data-id=\"e180f40\" data-element_type=\"widget\" data-widget_type=\"heading.default\">\n\t\t\t\t<div class=\"elementor-widget-container\">\n\t\t\t\t\t<h3 class=\"elementor-heading-title elementor-size-default\">Sannsynligheter og regler for Baccarat:<\/h3>\t\t\t\t<\/div>\n\t\t\t\t<\/div>\n\t\t\t\t<div class=\"elementor-element elementor-element-189f9a7 elementor-widget elementor-widget-text-editor\" data-id=\"189f9a7\" data-element_type=\"widget\" data-widget_type=\"text-editor.default\">\n\t\t\t\t<div class=\"elementor-widget-container\">\n\t\t\t\t\t\t\t\t\t<p>La oss begynne med oddsen. Sannsynligheten for at et spill ender uavgjort er 14. 12%. Hvis du har rett med dette spillet, utbetales innsatsen din til 8:1 &#8211; et imponerende bel\u00f8p, snarere til spillerens ulempe, mens andre spill har en langsiktig sjanse til \u00e5 vinne. Oddsen for de to andre spillerne er rundt 50 %, s\u00e5 banken har en liten fordel her. Husets fordel i baccarat er kun garantert av en provisjon p\u00e5 5 % hvis huset vinner, ellers ville spillet v\u00e6rt ganske rettferdig. Den h\u00f8yeste vinnersjansen er definitivt n\u00e5r du satser p\u00e5 &laquo;Banco&raquo;, fordi husets fordel her synker til 1,06 % &#8211; dette er en av de beste oddsene av alle spilleautomater.       <\/p>\n<p>Vi kommer til reglene. Spillet starter vanligvis etter at innsatsen er plassert, hvor alle avgj\u00f8relser tas helt automatisk slik at spilleren kan f\u00f8lge runden med entusiasme. Noen regler bestemmer n\u00e5r hvilken spiller som mottar et nytt kort og n\u00e5r ikke. Det er ogs\u00e5 veldig likt prosedyren for blackjack &#8211; den eneste forskjellen er at baccarat krever begge spillerne. Siden reglene for trekningen varierer litt mellom baccarat-variantene og ikke er n\u00f8dvendige for en ekte forst\u00e5else av spillet, vil vi la forklaringene ligge til side for n\u00e5.    <\/p>\n\t\t\t\t\t\t\t\t<\/div>\n\t\t\t\t<\/div>\n\t\t\t\t<div class=\"elementor-element elementor-element-e0a4023 elementor-widget elementor-widget-heading\" data-id=\"e0a4023\" data-element_type=\"widget\" data-widget_type=\"heading.default\">\n\t\t\t\t<div class=\"elementor-widget-container\">\n\t\t\t\t\t<h3 class=\"elementor-heading-title elementor-size-default\">Baccarat-tips for nybegynnere<\/h3>\t\t\t\t<\/div>\n\t\t\t\t<\/div>\n\t\t\t\t<div class=\"elementor-element elementor-element-f5ddc21 elementor-widget elementor-widget-text-editor\" data-id=\"f5ddc21\" data-element_type=\"widget\" data-widget_type=\"text-editor.default\">\n\t\t\t\t<div class=\"elementor-widget-container\">\n\t\t\t\t\t\t\t\t\t<p>Hvis du er en nybegynner i baccarat-spillet, vil du finne de beste tipsene og triksene her p\u00e5 BestCasinoListe.com. <\/p>\n<p>Du f\u00e5r de beste tipsene og triksene n\u00e5r du setter deg ved baccaratbordet og til \u00e5 begynne med legger en liten minimumsinnsats for \u00e5 unng\u00e5 store tap. Du kan ogs\u00e5 utvikle en f\u00f8lelse for baccarat gjennom erfaringen. Et tips fra oss: Ikke sats p\u00e5 uavgjort, da det er her vinnersjansene er lavest. Hvis du ser p\u00e5 de gamle James Bond-filmene, kan du ogs\u00e5 f\u00e5 noen tips.   <\/p>\n\t\t\t\t\t\t\t\t<\/div>\n\t\t\t\t<\/div>\n\t\t\t\t<div class=\"elementor-element elementor-element-1a432e1 elementor-widget elementor-widget-heading\" data-id=\"1a432e1\" data-element_type=\"widget\" data-widget_type=\"heading.default\">\n\t\t\t\t<div class=\"elementor-widget-container\">\n\t\t\t\t\t<h3 class=\"elementor-heading-title elementor-size-default\">De beste baccaratstrategiene:<\/h3>\t\t\t\t<\/div>\n\t\t\t\t<\/div>\n\t\t\t\t<div class=\"elementor-element elementor-element-00a0cfd elementor-widget elementor-widget-text-editor\" data-id=\"00a0cfd\" data-element_type=\"widget\" data-widget_type=\"text-editor.default\">\n\t\t\t\t<div class=\"elementor-widget-container\">\n\t\t\t\t\t\t\t\t\t<p>Baccarats alder har f\u00f8rt til utvikling av interessante strategier over tid; spesielt den enkle forst\u00e5elsen av baccarat og de klare innsatsmulighetene har favorisert utviklingen, siden det \u00e5 satse p\u00e5 en av de to spillerne er nesten identisk med et 50:50-spill, kan du bruke nesten hvilken som helst strategi i baccarat.<\/p>\n\t\t\t\t\t\t\t\t<\/div>\n\t\t\t\t<\/div>\n\t\t\t\t<div class=\"elementor-element elementor-element-d7ac299 elementor-widget elementor-widget-heading\" data-id=\"d7ac299\" data-element_type=\"widget\" data-widget_type=\"heading.default\">\n\t\t\t\t<div class=\"elementor-widget-container\">\n\t\t\t\t\t<h3 class=\"elementor-heading-title elementor-size-default\">Baccarat Martingale-strategi  <\/h3>\t\t\t\t<\/div>\n\t\t\t\t<\/div>\n\t\t\t\t<div class=\"elementor-element elementor-element-c070242 elementor-widget elementor-widget-text-editor\" data-id=\"c070242\" data-element_type=\"widget\" data-widget_type=\"text-editor.default\">\n\t\t\t\t<div class=\"elementor-widget-container\">\n\t\t\t\t\t\t\t\t\t<p>Med Martingale-strategien dobler du innsatsen din for hvert tap. Med denne trinnvise tiln\u00e6rmingen kan du f\u00e5 tilbake alle de tapte pengene p\u00e5 \u00e9n gang hvis du vinner. Dette systemet er vurdert som middels sikkert og har den ulempen at du kan trenge store summer veldig raskt for \u00e5 kunne doble innsatsen din.  <\/p>\n<p><strong>Systemord:<\/strong><\/p>\n<p>Paroli-systemet er relativt likt Martingale-systemet, med den avgj\u00f8rende forskjellen at her \u00f8ker du innsatsen din hvis du vinner, hvis du taper en runde, reduserer du innsatsen som f\u00f8lge av at du vinner, som doble ord. Gevinstm\u00e5let b\u00f8r ikke v\u00e6re for h\u00f8yt, ellers vil du sjelden eller aldri n\u00e5 det. Et trippelord b\u00f8r v\u00e6re den \u00f8vre grensen for moderate spillere.  <\/p>\n\t\t\t\t\t\t\t\t<\/div>\n\t\t\t\t<\/div>\n\t\t\t\t<div class=\"elementor-element elementor-element-564c748 elementor-widget elementor-widget-heading\" data-id=\"564c748\" data-element_type=\"widget\" data-widget_type=\"heading.default\">\n\t\t\t\t<div class=\"elementor-widget-container\">\n\t\t\t\t\t<h3 class=\"elementor-heading-title elementor-size-default\">Baccarat D'Lamberet-systemet:<\/h3>\t\t\t\t<\/div>\n\t\t\t\t<\/div>\n\t\t\t\t<div class=\"elementor-element elementor-element-5db5e79 elementor-widget elementor-widget-text-editor\" data-id=\"5db5e79\" data-element_type=\"widget\" data-widget_type=\"text-editor.default\">\n\t\t\t\t<div class=\"elementor-widget-container\">\n\t\t\t\t\t\t\t\t\t<p>Lamberet-systemet regnes som et av de sikreste systemene for gambling, men det betyr ogs\u00e5 at det ikke er mulig \u00e5 tjene store fortjenester raskt. Med dette systemet endrer du innsatsen din selv etter hvert spinn. Hvis du vinner, \u00f8ker du innsatsen med \u00e9n enhet. Hvis du taper, reduserer du innsatsen med \u00e9n enhet, slik at du f\u00e5r en sv\u00e6rt balansert bankroll og kan holde deg i spillet i lang tid.   <\/p>\n\t\t\t\t\t\t\t\t<\/div>\n\t\t\t\t<\/div>\n\t\t\t\t<div class=\"elementor-element elementor-element-93e79b3 elementor-widget elementor-widget-text-editor\" data-id=\"93e79b3\" data-element_type=\"widget\" data-widget_type=\"text-editor.default\">\n\t\t\t\t<div class=\"elementor-widget-container\">\n\t\t\t\t\t\t\t\t\t<p><strong>Konklusjon<\/strong><\/p>\n<p>Vi h\u00e5per du likte artikkelen v\u00e5r om baccarat, og at du n\u00e5 har forst\u00e5tt det grunnleggende i spillet. Tro oss, det finnes ikke noe enklere spilleautomatspill. S\u00e5 neste gang du bes\u00f8ker spillelokalet, b\u00f8r du v\u00e5ge \u00e5 bruke baccaratbordet og dra nytte av den minimale husfordelen som gir deg sjansen til \u00e5 gj\u00f8re en stor fortjeneste. Det samme gjelder for baccarat p\u00e5 nett &#8211; du b\u00f8r pr\u00f8ve live baccarat p\u00e5 nett!   <\/p>\n\t\t\t\t\t\t\t\t<\/div>\n\t\t\t\t<\/div>\n\t\t\t\t<div class=\"elementor-element elementor-element-f5f08ad elementor-button-success elementor-align-center elementor-widget elementor-widget-button\" data-id=\"f5f08ad\" data-element_type=\"widget\" data-widget_type=\"button.default\">\n\t\t\t\t<div class=\"elementor-widget-container\">\n\t\t\t\t\t\t\t\t\t<div class=\"elementor-button-wrapper\">\n\t\t\t\t\t<a class=\"elementor-button elementor-button-link elementor-size-sm\" href=\"#\">\n\t\t\t\t\t\t<span class=\"elementor-button-content-wrapper\">\n\t\t\t\t\t\t\t\t\t<span class=\"elementor-button-text\">Spill Baccarat her<\/span>\n\t\t\t\t\t<\/span>\n\t\t\t\t\t<\/a>\n\t\t\t\t<\/div>\n\t\t\t\t\t\t\t\t<\/div>\n\t\t\t\t<\/div>\n\t\t\t\t<div class=\"elementor-element elementor-element-7fe8f30 elementor-headline--style-highlight elementor-widget elementor-widget-animated-headline\" data-id=\"7fe8f30\" data-element_type=\"widget\" data-settings=\"{&quot;highlighted_text&quot;:&quot;Zinkra Casino&quot;,&quot;headline_style&quot;:&quot;highlight&quot;,&quot;marker&quot;:&quot;circle&quot;,&quot;loop&quot;:&quot;yes&quot;,&quot;highlight_animation_duration&quot;:1200,&quot;highlight_iteration_delay&quot;:8000}\" data-widget_type=\"animated-headline.default\">\n\t\t\t\t<div class=\"elementor-widget-container\">\n\t\t\t\t\t\t\t\t<a href=\"https:\/\/zinkra.com\/en\/home\" target=\"_blank\">\n\n\t\t\t\t\t<h3 class=\"elementor-headline\">\n\t\t\t\t\t<span class=\"elementor-headline-plain-text elementor-headline-text-wrapper\">Redakt\u00f8rer Topp Baccarat Casino :  <\/span>\n\t\t\t\t<span class=\"elementor-headline-dynamic-wrapper elementor-headline-text-wrapper\">\n\t\t\t\t\t<span class=\"elementor-headline-dynamic-text elementor-headline-text-active\">Zinkra Casino<\/span>\n\t\t\t\t<\/span>\n\t\t\t\t<\/h3>\n\t\t<\/a>\t\t\t\t<\/div>\n\t\t\t\t<\/div>\n\t\t\t\t<\/div>\n\t\t\t\t<\/div>\n\t\t","protected":false},"excerpt":{"rendered":"<p>Regler og informasjon om Baccarat p\u00e5 nett Spill Baccarat her Regler for Baccarat p\u00e5 nett. Denne artikkelen introduserer deg til det popul\u00e6re spilleautomaten Baccarat Online. Det antas at dette spillet oppsto p\u00e5 1500-tallet i Napoli. Siden den gang har spillet spredt seg over hele verden, og er i dag en av de mest popul\u00e6re klassiske [&hellip;]<\/p>\n","protected":false},"author":1,"featured_media":0,"parent":0,"menu_order":0,"comment_status":"closed","ping_status":"closed","template":"","meta":{"footnotes":""},"class_list":["post-4654","page","type-page","status-publish","hentry"],"blocksy_meta":[],"acf":[],"yoast_head":"<!-- This site is optimized with the Yoast SEO plugin v24.1 - https:\/\/yoast.com\/wordpress\/plugins\/seo\/ -->\n<title>Baccarat p\u00e5 nett - casinoreturn<\/title>\n<meta name=\"description\" content=\"Online Baccarat er et av de eldste kjente spillene som opprinnelig kommer fra Napoli. Les hvordan du spiller Baccarat p\u00e5 nett her.\" \/>\n<meta name=\"robots\" content=\"index, follow, max-snippet:-1, max-image-preview:large, max-video-preview:-1\" \/>\n<link rel=\"canonical\" href=\"https:\/\/casinoreturn.com\/no\/baccarat-pa-nett\/\" \/>\n<meta property=\"og:locale\" content=\"nb_NO\" \/>\n<meta property=\"og:type\" content=\"article\" \/>\n<meta property=\"og:title\" content=\"Baccarat p\u00e5 nett - casinoreturn\" \/>\n<meta property=\"og:description\" content=\"Online Baccarat er et av de eldste kjente spillene som opprinnelig kommer fra Napoli. Les hvordan du spiller Baccarat p\u00e5 nett her.\" \/>\n<meta property=\"og:url\" content=\"https:\/\/casinoreturn.com\/no\/baccarat-pa-nett\/\" \/>\n<meta property=\"og:site_name\" content=\"casinoreturn\" \/>\n<meta property=\"article:modified_time\" content=\"2024-12-02T18:01:16+00:00\" \/>\n<meta property=\"og:image\" content=\"https:\/\/casinoreturn.com\/wp-content\/uploads\/2024\/11\/Online-Baccarat.png\" \/>\n\t<meta property=\"og:image:width\" content=\"376\" \/>\n\t<meta property=\"og:image:height\" content=\"250\" \/>\n\t<meta property=\"og:image:type\" content=\"image\/png\" \/>\n<meta name=\"twitter:card\" content=\"summary_large_image\" \/>\n<meta name=\"twitter:label1\" content=\"Ansl. lesetid\" \/>\n\t<meta name=\"twitter:data1\" content=\"5 minutter\" \/>\n<script type=\"application\/ld+json\" class=\"yoast-schema-graph\">{\"@context\":\"https:\/\/schema.org\",\"@graph\":[{\"@type\":\"WebPage\",\"@id\":\"https:\/\/casinoreturn.com\/no\/baccarat-pa-nett\/\",\"url\":\"https:\/\/casinoreturn.com\/no\/baccarat-pa-nett\/\",\"name\":\"Baccarat p\u00e5 nett - casinoreturn\",\"isPartOf\":{\"@id\":\"https:\/\/casinoreturn.com\/#website\"},\"primaryImageOfPage\":{\"@id\":\"https:\/\/casinoreturn.com\/no\/baccarat-pa-nett\/#primaryimage\"},\"image\":{\"@id\":\"https:\/\/casinoreturn.com\/no\/baccarat-pa-nett\/#primaryimage\"},\"thumbnailUrl\":\"https:\/\/casinoreturn.com\/wp-content\/uploads\/2024\/11\/Online-Baccarat.png\",\"datePublished\":\"2024-11-21T14:27:34+00:00\",\"dateModified\":\"2024-12-02T18:01:16+00:00\",\"description\":\"Online Baccarat er et av de eldste kjente spillene som opprinnelig kommer fra Napoli. Les hvordan du spiller Baccarat p\u00e5 nett her.\",\"breadcrumb\":{\"@id\":\"https:\/\/casinoreturn.com\/no\/baccarat-pa-nett\/#breadcrumb\"},\"inLanguage\":\"nb-NO\",\"potentialAction\":[{\"@type\":\"ReadAction\",\"target\":[\"https:\/\/casinoreturn.com\/no\/baccarat-pa-nett\/\"]}]},{\"@type\":\"ImageObject\",\"inLanguage\":\"nb-NO\",\"@id\":\"https:\/\/casinoreturn.com\/no\/baccarat-pa-nett\/#primaryimage\",\"url\":\"https:\/\/casinoreturn.com\/wp-content\/uploads\/2024\/11\/Online-Baccarat.png\",\"contentUrl\":\"https:\/\/casinoreturn.com\/wp-content\/uploads\/2024\/11\/Online-Baccarat.png\"},{\"@type\":\"BreadcrumbList\",\"@id\":\"https:\/\/casinoreturn.com\/no\/baccarat-pa-nett\/#breadcrumb\",\"itemListElement\":[{\"@type\":\"ListItem\",\"position\":1,\"name\":\"Home\",\"item\":\"https:\/\/casinoreturn.com\/no\/hjem\/\"},{\"@type\":\"ListItem\",\"position\":2,\"name\":\"Baccarat p\u00e5 nett\"}]},{\"@type\":\"WebSite\",\"@id\":\"https:\/\/casinoreturn.com\/#website\",\"url\":\"https:\/\/casinoreturn.com\/\",\"name\":\"casinoreturn\",\"description\":\"\",\"publisher\":{\"@id\":\"https:\/\/casinoreturn.com\/#organization\"},\"potentialAction\":[{\"@type\":\"SearchAction\",\"target\":{\"@type\":\"EntryPoint\",\"urlTemplate\":\"https:\/\/casinoreturn.com\/?s={search_term_string}\"},\"query-input\":{\"@type\":\"PropertyValueSpecification\",\"valueRequired\":true,\"valueName\":\"search_term_string\"}}],\"inLanguage\":\"nb-NO\"},{\"@type\":\"Organization\",\"@id\":\"https:\/\/casinoreturn.com\/#organization\",\"name\":\"casinoreturn\",\"url\":\"https:\/\/casinoreturn.com\/\",\"logo\":{\"@type\":\"ImageObject\",\"inLanguage\":\"nb-NO\",\"@id\":\"https:\/\/casinoreturn.com\/#\/schema\/logo\/image\/\",\"url\":\"https:\/\/casinoreturn.com\/wp-content\/uploads\/2024\/09\/animal-favicon.png\",\"contentUrl\":\"https:\/\/casinoreturn.com\/wp-content\/uploads\/2024\/09\/animal-favicon.png\",\"width\":92,\"height\":92,\"caption\":\"casinoreturn\"},\"image\":{\"@id\":\"https:\/\/casinoreturn.com\/#\/schema\/logo\/image\/\"}}]}<\/script>\n<!-- \/ Yoast SEO plugin. -->","yoast_head_json":{"title":"Baccarat p\u00e5 nett - casinoreturn","description":"Online Baccarat er et av de eldste kjente spillene som opprinnelig kommer fra Napoli. Les hvordan du spiller Baccarat p\u00e5 nett her.","robots":{"index":"index","follow":"follow","max-snippet":"max-snippet:-1","max-image-preview":"max-image-preview:large","max-video-preview":"max-video-preview:-1"},"canonical":"https:\/\/casinoreturn.com\/no\/baccarat-pa-nett\/","og_locale":"nb_NO","og_type":"article","og_title":"Baccarat p\u00e5 nett - casinoreturn","og_description":"Online Baccarat er et av de eldste kjente spillene som opprinnelig kommer fra Napoli. Les hvordan du spiller Baccarat p\u00e5 nett her.","og_url":"https:\/\/casinoreturn.com\/no\/baccarat-pa-nett\/","og_site_name":"casinoreturn","article_modified_time":"2024-12-02T18:01:16+00:00","og_image":[{"width":376,"height":250,"url":"https:\/\/casinoreturn.com\/wp-content\/uploads\/2024\/11\/Online-Baccarat.png","type":"image\/png"}],"twitter_card":"summary_large_image","twitter_misc":{"Ansl. lesetid":"5 minutter"},"schema":{"@context":"https:\/\/schema.org","@graph":[{"@type":"WebPage","@id":"https:\/\/casinoreturn.com\/no\/baccarat-pa-nett\/","url":"https:\/\/casinoreturn.com\/no\/baccarat-pa-nett\/","name":"Baccarat p\u00e5 nett - casinoreturn","isPartOf":{"@id":"https:\/\/casinoreturn.com\/#website"},"primaryImageOfPage":{"@id":"https:\/\/casinoreturn.com\/no\/baccarat-pa-nett\/#primaryimage"},"image":{"@id":"https:\/\/casinoreturn.com\/no\/baccarat-pa-nett\/#primaryimage"},"thumbnailUrl":"https:\/\/casinoreturn.com\/wp-content\/uploads\/2024\/11\/Online-Baccarat.png","datePublished":"2024-11-21T14:27:34+00:00","dateModified":"2024-12-02T18:01:16+00:00","description":"Online Baccarat er et av de eldste kjente spillene som opprinnelig kommer fra Napoli. Les hvordan du spiller Baccarat p\u00e5 nett her.","breadcrumb":{"@id":"https:\/\/casinoreturn.com\/no\/baccarat-pa-nett\/#breadcrumb"},"inLanguage":"nb-NO","potentialAction":[{"@type":"ReadAction","target":["https:\/\/casinoreturn.com\/no\/baccarat-pa-nett\/"]}]},{"@type":"ImageObject","inLanguage":"nb-NO","@id":"https:\/\/casinoreturn.com\/no\/baccarat-pa-nett\/#primaryimage","url":"https:\/\/casinoreturn.com\/wp-content\/uploads\/2024\/11\/Online-Baccarat.png","contentUrl":"https:\/\/casinoreturn.com\/wp-content\/uploads\/2024\/11\/Online-Baccarat.png"},{"@type":"BreadcrumbList","@id":"https:\/\/casinoreturn.com\/no\/baccarat-pa-nett\/#breadcrumb","itemListElement":[{"@type":"ListItem","position":1,"name":"Home","item":"https:\/\/casinoreturn.com\/no\/hjem\/"},{"@type":"ListItem","position":2,"name":"Baccarat p\u00e5 nett"}]},{"@type":"WebSite","@id":"https:\/\/casinoreturn.com\/#website","url":"https:\/\/casinoreturn.com\/","name":"casinoreturn","description":"","publisher":{"@id":"https:\/\/casinoreturn.com\/#organization"},"potentialAction":[{"@type":"SearchAction","target":{"@type":"EntryPoint","urlTemplate":"https:\/\/casinoreturn.com\/?s={search_term_string}"},"query-input":{"@type":"PropertyValueSpecification","valueRequired":true,"valueName":"search_term_string"}}],"inLanguage":"nb-NO"},{"@type":"Organization","@id":"https:\/\/casinoreturn.com\/#organization","name":"casinoreturn","url":"https:\/\/casinoreturn.com\/","logo":{"@type":"ImageObject","inLanguage":"nb-NO","@id":"https:\/\/casinoreturn.com\/#\/schema\/logo\/image\/","url":"https:\/\/casinoreturn.com\/wp-content\/uploads\/2024\/09\/animal-favicon.png","contentUrl":"https:\/\/casinoreturn.com\/wp-content\/uploads\/2024\/09\/animal-favicon.png","width":92,"height":92,"caption":"casinoreturn"},"image":{"@id":"https:\/\/casinoreturn.com\/#\/schema\/logo\/image\/"}}]}},"_links":{"self":[{"href":"https:\/\/casinoreturn.com\/no\/wp-json\/wp\/v2\/pages\/4654","targetHints":{"allow":["GET"]}}],"collection":[{"href":"https:\/\/casinoreturn.com\/no\/wp-json\/wp\/v2\/pages"}],"about":[{"href":"https:\/\/casinoreturn.com\/no\/wp-json\/wp\/v2\/types\/page"}],"author":[{"embeddable":true,"href":"https:\/\/casinoreturn.com\/no\/wp-json\/wp\/v2\/users\/1"}],"replies":[{"embeddable":true,"href":"https:\/\/casinoreturn.com\/no\/wp-json\/wp\/v2\/comments?post=4654"}],"version-history":[{"count":1,"href":"https:\/\/casinoreturn.com\/no\/wp-json\/wp\/v2\/pages\/4654\/revisions"}],"predecessor-version":[{"id":4655,"href":"https:\/\/casinoreturn.com\/no\/wp-json\/wp\/v2\/pages\/4654\/revisions\/4655"}],"wp:attachment":[{"href":"https:\/\/casinoreturn.com\/no\/wp-json\/wp\/v2\/media?parent=4654"}],"curies":[{"name":"wp","href":"https:\/\/api.w.org\/{rel}","templated":true}]}}