{"id":4968,"date":"2024-11-13T14:22:59","date_gmt":"2024-11-13T14:22:59","guid":{"rendered":"https:\/\/casinoreturn.com\/fantasy-fotball-spill-kasinoer\/"},"modified":"2025-10-31T13:19:41","modified_gmt":"2025-10-31T13:19:41","slug":"fantasy-fotball-spill-kasinoer","status":"publish","type":"page","link":"https:\/\/casinoreturn.com\/no\/fantasy-fotball-spill-kasinoer\/","title":{"rendered":"Fantasy fotball spill kasinoer"},"content":{"rendered":"\t\t<div data-elementor-type=\"wp-page\" data-elementor-id=\"4968\" class=\"elementor elementor-4968\" data-elementor-post-type=\"page\">\n\t\t\t\t<div class=\"elementor-element elementor-element-642d999 e-con-full e-flex e-con e-parent\" data-id=\"642d999\" data-element_type=\"container\">\n\t\t\t\t<div class=\"elementor-element elementor-element-d027b58 elementor-widget elementor-widget-image\" data-id=\"d027b58\" data-element_type=\"widget\" data-widget_type=\"image.default\">\n\t\t\t\t<div class=\"elementor-widget-container\">\n\t\t\t\t\t\t\t\t\t\t\t\t\t\t\t<img decoding=\"async\" src=\"https:\/\/casinoreturn.com\/wp-content\/uploads\/elementor\/thumbs\/Fantasy-Football-Casino-qx0213mld26kmw2y2bvw2cqpmcar1kh6oms60z1sr4.jpg\" title=\"Fantasy Football Casino\" alt=\"Fantasy Football Casino Betting\" loading=\"lazy\" \/>\t\t\t\t\t\t\t\t\t\t\t\t\t\t\t<\/div>\n\t\t\t\t<\/div>\n\t\t\t\t<div class=\"elementor-element elementor-element-1095682 elementor-widget elementor-widget-heading\" data-id=\"1095682\" data-element_type=\"widget\" data-widget_type=\"heading.default\">\n\t\t\t\t<div class=\"elementor-widget-container\">\n\t\t\t\t\t<h2 class=\"elementor-heading-title elementor-size-default\">Fantasy Football Casino-spill<\/h2>\t\t\t\t<\/div>\n\t\t\t\t<\/div>\n\t\t\t\t<div class=\"elementor-element elementor-element-77d5a60 elementor-widget elementor-widget-text-editor\" data-id=\"77d5a60\" data-element_type=\"widget\" data-widget_type=\"text-editor.default\">\n\t\t\t\t<div class=\"elementor-widget-container\">\n\t\t\t\t\t\t\t\t\t<h3>Hva er fantasifotball?<\/h3>\n<p>Hva er egentlig fantasy-fotball? P\u00e5 denne m\u00e5ten kan du bli daglig leder for fotballaget ditt, der du &#8211; og bare du &#8211; bestemmer hvilke spillere du vil ha. <\/p>\n<h5>Valg av egne spillere<\/h5>\n<p>Du velger en liste over NFL-spillere til laget ditt og bruker deres virkelige data til \u00e5 konkurrere med andre lag som har valgt ut spillere p\u00e5 samme m\u00e5te, for \u00e5 finne ut hvilken sjef som presterer best. I l\u00f8pet av hver uke i fotballsesongen vil prestasjonene til spillerne du setter p\u00e5 startoppstillingen avgj\u00f8re om fantasilaget ditt lykkes eller mislykkes. <\/p>\n<h5>Replace your players<\/h5>\n<p>Du kan velge erstatningsspillere som sitter p\u00e5 benken, jobbe p\u00e5 gratislinjen for \u00e5 f\u00e5 varme deler, eller pr\u00f8ve \u00e5 kvitte deg med en aldrende veteran f\u00f8r hjulet faller i bytte mot en nybegynner som er i ferd med \u00e5 ta fyr. N\u00e5r du har registrert deg i ditt online spillbibliotek, velger du f\u00f8rst din favorittliga, og ditt f\u00f8rste spill i Fantasy Football vil ikke lenger st\u00e5 i veien! N\u00e5r du velger en liga, b\u00f8r du ogs\u00e5 vurdere f\u00f8lgende punkter:  <\/p>\n<h4>Things to Consider in Fantasy Football<\/h4>\n<p>Det finnes ligaer i alle st\u00f8rrelser, og du kan velge om du vil delta i bare fire lag eller opptil 30 lag. Jo f\u00e6rre eiere, jo flere superstjerner i hver tropp. Men hvis ligaen din har for mange lag og du \u00f8nsker \u00e5 sette opp en spillerliste en gang i uken, kan det hende du m\u00e5 vite navnet p\u00e5 backen p\u00e5 fjerde rad. Dette kan v\u00e6re mer tyggbart enn vanlige fans.   <\/p>\n<h5>League of 12 Teams<\/h5>\n<p>For meg er 12 den perfekte st\u00f8rrelsen for Fantasy Football League. P\u00e5 denne m\u00e5ten vil hvert lag til slutt ha en god blanding av talenter; hvert lag vil ikke bare ha flere spillere, men eieren vil ogs\u00e5 m\u00e5tte g\u00e5 dypere ned i spillerpoolen for \u00e5 komplettere spillerlisten. Det vil imidlertid sannsynligvis v\u00e6re gode spillere hvis alle spillerlistene er fylt opp. S\u00e5 n\u00e5r sesongen er i full gang, kan sjefene forbedre territoriet sitt.   <\/p>\n\t\t\t\t\t\t\t\t<\/div>\n\t\t\t\t<\/div>\n\t\t\t\t<div class=\"elementor-element elementor-element-b8c877b elementor-widget elementor-widget-heading\" data-id=\"b8c877b\" data-element_type=\"widget\" data-widget_type=\"heading.default\">\n\t\t\t\t<div class=\"elementor-widget-container\">\n\t\t\t\t\t<h3 class=\"elementor-heading-title elementor-size-default\">Hvordan satse p\u00e5 Fantasy Football?<\/h3>\t\t\t\t<\/div>\n\t\t\t\t<\/div>\n\t\t\t\t<div class=\"elementor-element elementor-element-65d3835 elementor-widget elementor-widget-text-editor\" data-id=\"65d3835\" data-element_type=\"widget\" data-widget_type=\"text-editor.default\">\n\t\t\t\t<div class=\"elementor-widget-container\">\n\t\t\t\t\t\t\t\t\t<p>I den f\u00f8lgende artikkelen vil vi ta for oss sp\u00f8rsm\u00e5let om hvordan Fantasy Football fungerer eller &laquo;Hvordan fungerer NFL Fantasy Football&raquo;? Eller &laquo;Hvordan fungerer Fantasy Football Draft&raquo;? I tillegg unders\u00f8ker vi sp\u00f8rsm\u00e5let om i hvilken grad en fantasy-eier er tildelt en bestemt spiller.  <\/p>\n<h5>How does the NFL Fantasy Draft work?<\/h5>\n<p>Most leagues select drafts, where the boss takes turns selecting players who have not yet been assigned to the team. Typically, the design is done in a queue, with the team voting first in one round and last in the next round to ensure team balance. Another way of dissemination is through auctions.<\/p>\n<h5>What happens in an Auction for team players?<\/h5>\n<p>I auksjonsformatet starter alle lagene med like mye fantasy-penger og nominerer deretter \u00e9n spiller. Det h\u00f8yeste budet p\u00e5 en bestemt spiller vinner, men den vinnende eieren har selvf\u00f8lgelig mindre penger tilgjengelig til \u00e5 by p\u00e5 flere spillere. S\u00e5 selv om auksjonen gj\u00f8r det mulig for hver sjef \u00e5 ta vare p\u00e5 de spillerne de \u00f8nsker, m\u00e5 hver sjef ta hensyn til et rimelig budsjett, ellers kan han ha tre kandidater ved siden av en haug med &laquo;busk&raquo;. &raquo;  <\/p>\n\t\t\t\t\t\t\t\t<\/div>\n\t\t\t\t<\/div>\n\t\t\t\t<div class=\"elementor-element elementor-element-f39cfac elementor-widget elementor-widget-image\" data-id=\"f39cfac\" data-element_type=\"widget\" data-widget_type=\"image.default\">\n\t\t\t\t<div class=\"elementor-widget-container\">\n\t\t\t\t\t\t\t\t\t\t\t\t\t\t\t<img decoding=\"async\" src=\"https:\/\/casinoreturn.com\/wp-content\/uploads\/elementor\/thumbs\/Fantasy-Football-Betting-qx02bndcu9ujrxxwe1uggpwkyijm1f47ij8zsbghxs.jpg\" title=\"Fantasy Football Betting\" alt=\"Fantasy Football Betting\" loading=\"lazy\" \/>\t\t\t\t\t\t\t\t\t\t\t\t\t\t\t<\/div>\n\t\t\t\t<\/div>\n\t\t\t\t<div class=\"elementor-element elementor-element-9a86ccb elementor-widget elementor-widget-heading\" data-id=\"9a86ccb\" data-element_type=\"widget\" data-widget_type=\"heading.default\">\n\t\t\t\t<div class=\"elementor-widget-container\">\n\t\t\t\t\t<h3 class=\"elementor-heading-title elementor-size-default\">De beste tipsene for \u00e5 spille p\u00e5 Fantasy Football:<\/h3>\t\t\t\t<\/div>\n\t\t\t\t<\/div>\n\t\t\t\t<div class=\"elementor-element elementor-element-74ad2b2 elementor-widget elementor-widget-text-editor\" data-id=\"74ad2b2\" data-element_type=\"widget\" data-widget_type=\"text-editor.default\">\n\t\t\t\t<div class=\"elementor-widget-container\">\n\t\t\t\t\t\t\t\t\t<p>Noen ligaer har en ny draft i begynnelsen av hver sesong. Andre gir imidlertid eierne muligheten til \u00e5 beholde spillere p\u00e5 laget i flere sesonger. <\/p>\n<h5>Decision time in Fantasy Foofball<\/h5>\n<p>Avgj\u00f8relsen b\u00f8r imidlertid tas s\u00e5 tidlig som mulig, siden du da vet om en spiller vil bli p\u00e5 laget lenge eller kort. Uansett hvilken metode du velger til slutt, b\u00f8r du generelt sett f\u00e5 en f\u00f8lelse av hvordan en draft ser ut og fungerer, og hva som er best f\u00f8r du starter den. <\/p>\n\t\t\t\t\t\t\t\t<\/div>\n\t\t\t\t<\/div>\n\t\t\t\t<div class=\"elementor-element elementor-element-f389443 elementor-widget elementor-widget-heading\" data-id=\"f389443\" data-element_type=\"widget\" data-widget_type=\"heading.default\">\n\t\t\t\t<div class=\"elementor-widget-container\">\n\t\t\t\t\t<h3 class=\"elementor-heading-title elementor-size-default\">Beste spillcasinoer for Fantasy Football?<\/h3>\t\t\t\t<\/div>\n\t\t\t\t<\/div>\n\t\t\t\t<div class=\"elementor-element elementor-element-44ba9f8 elementor-widget elementor-widget-text-editor\" data-id=\"44ba9f8\" data-element_type=\"widget\" data-widget_type=\"text-editor.default\">\n\t\t\t\t<div class=\"elementor-widget-container\">\n\t\t\t\t\t\t\t\t\t<ul>\n<li>Lorem ipsum dolor sit amet, consectetur adipiscing elit. Ut elit tellus, luctus nec ullamcorper mattis, pulvinar dapibus leo. <\/li>\n<\/ul>\n\t\t\t\t\t\t\t\t<\/div>\n\t\t\t\t<\/div>\n\t\t\t\t<\/div>\n\t\t\t\t<\/div>\n\t\t","protected":false},"excerpt":{"rendered":"<p>Fantasy Football Casino-spill Hva er fantasifotball? Hva er egentlig fantasy-fotball? P\u00e5 denne m\u00e5ten kan du bli daglig leder for fotballaget ditt, der du &#8211; og bare du &#8211; bestemmer hvilke spillere du vil ha. Valg av egne spillere Du velger en liste over NFL-spillere til laget ditt og bruker deres virkelige data til \u00e5 konkurrere [&hellip;]<\/p>\n","protected":false},"author":1,"featured_media":0,"parent":0,"menu_order":0,"comment_status":"closed","ping_status":"closed","template":"","meta":{"footnotes":""},"class_list":["post-4968","page","type-page","status-publish","hentry"],"blocksy_meta":[],"acf":[],"yoast_head":"<!-- This site is optimized with the Yoast SEO plugin v24.1 - https:\/\/yoast.com\/wordpress\/plugins\/seo\/ -->\n<title>Fantasy fotball spill kasinoer - casinoreturn<\/title>\n<meta name=\"description\" content=\"Fantasy Football Betting Casinos er ikke de vanligste. \u00c5 bli involvert og utveksle resultater og snakke om det, er n\u00f8kkelen til spillere.\" \/>\n<meta name=\"robots\" content=\"index, follow, max-snippet:-1, max-image-preview:large, max-video-preview:-1\" \/>\n<link rel=\"canonical\" href=\"https:\/\/casinoreturn.com\/no\/fantasy-fotball-spill-kasinoer\/\" \/>\n<meta property=\"og:locale\" content=\"nb_NO\" \/>\n<meta property=\"og:type\" content=\"article\" \/>\n<meta property=\"og:title\" content=\"Fantasy fotball spill kasinoer - casinoreturn\" \/>\n<meta property=\"og:description\" content=\"Fantasy Football Betting Casinos er ikke de vanligste. \u00c5 bli involvert og utveksle resultater og snakke om det, er n\u00f8kkelen til spillere.\" \/>\n<meta property=\"og:url\" content=\"https:\/\/casinoreturn.com\/no\/fantasy-fotball-spill-kasinoer\/\" \/>\n<meta property=\"og:site_name\" content=\"casinoreturn\" \/>\n<meta property=\"article:modified_time\" content=\"2025-10-31T13:19:41+00:00\" \/>\n<meta property=\"og:image\" content=\"https:\/\/casinoreturn.com\/wp-content\/uploads\/elementor\/thumbs\/Fantasy-Football-Casino-qx0213mld26kmw2y2bvw2cqpmcar1kh6oms60z1sr4.jpg\" \/>\n<meta name=\"twitter:card\" content=\"summary_large_image\" \/>\n<meta name=\"twitter:label1\" content=\"Ansl. lesetid\" \/>\n\t<meta name=\"twitter:data1\" content=\"3 minutter\" \/>\n<script type=\"application\/ld+json\" class=\"yoast-schema-graph\">{\"@context\":\"https:\/\/schema.org\",\"@graph\":[{\"@type\":\"WebPage\",\"@id\":\"https:\/\/casinoreturn.com\/no\/fantasy-fotball-spill-kasinoer\/\",\"url\":\"https:\/\/casinoreturn.com\/no\/fantasy-fotball-spill-kasinoer\/\",\"name\":\"Fantasy fotball spill kasinoer - casinoreturn\",\"isPartOf\":{\"@id\":\"https:\/\/casinoreturn.com\/#website\"},\"primaryImageOfPage\":{\"@id\":\"https:\/\/casinoreturn.com\/no\/fantasy-fotball-spill-kasinoer\/#primaryimage\"},\"image\":{\"@id\":\"https:\/\/casinoreturn.com\/no\/fantasy-fotball-spill-kasinoer\/#primaryimage\"},\"thumbnailUrl\":\"https:\/\/casinoreturn.com\/wp-content\/uploads\/elementor\/thumbs\/Fantasy-Football-Casino-qx0213mld26kmw2y2bvw2cqpmcar1kh6oms60z1sr4.jpg\",\"datePublished\":\"2024-11-13T14:22:59+00:00\",\"dateModified\":\"2025-10-31T13:19:41+00:00\",\"description\":\"Fantasy Football Betting Casinos er ikke de vanligste. \u00c5 bli involvert og utveksle resultater og snakke om det, er n\u00f8kkelen til spillere.\",\"breadcrumb\":{\"@id\":\"https:\/\/casinoreturn.com\/no\/fantasy-fotball-spill-kasinoer\/#breadcrumb\"},\"inLanguage\":\"nb-NO\",\"potentialAction\":[{\"@type\":\"ReadAction\",\"target\":[\"https:\/\/casinoreturn.com\/no\/fantasy-fotball-spill-kasinoer\/\"]}]},{\"@type\":\"ImageObject\",\"inLanguage\":\"nb-NO\",\"@id\":\"https:\/\/casinoreturn.com\/no\/fantasy-fotball-spill-kasinoer\/#primaryimage\",\"url\":\"https:\/\/casinoreturn.com\/wp-content\/uploads\/elementor\/thumbs\/Fantasy-Football-Casino-qx0213mld26kmw2y2bvw2cqpmcar1kh6oms60z1sr4.jpg\",\"contentUrl\":\"https:\/\/casinoreturn.com\/wp-content\/uploads\/elementor\/thumbs\/Fantasy-Football-Casino-qx0213mld26kmw2y2bvw2cqpmcar1kh6oms60z1sr4.jpg\"},{\"@type\":\"BreadcrumbList\",\"@id\":\"https:\/\/casinoreturn.com\/no\/fantasy-fotball-spill-kasinoer\/#breadcrumb\",\"itemListElement\":[{\"@type\":\"ListItem\",\"position\":1,\"name\":\"Home\",\"item\":\"https:\/\/casinoreturn.com\/no\/hjem\/\"},{\"@type\":\"ListItem\",\"position\":2,\"name\":\"Fantasy fotball spill kasinoer\"}]},{\"@type\":\"WebSite\",\"@id\":\"https:\/\/casinoreturn.com\/#website\",\"url\":\"https:\/\/casinoreturn.com\/\",\"name\":\"casinoreturn\",\"description\":\"\",\"publisher\":{\"@id\":\"https:\/\/casinoreturn.com\/#organization\"},\"potentialAction\":[{\"@type\":\"SearchAction\",\"target\":{\"@type\":\"EntryPoint\",\"urlTemplate\":\"https:\/\/casinoreturn.com\/?s={search_term_string}\"},\"query-input\":{\"@type\":\"PropertyValueSpecification\",\"valueRequired\":true,\"valueName\":\"search_term_string\"}}],\"inLanguage\":\"nb-NO\"},{\"@type\":\"Organization\",\"@id\":\"https:\/\/casinoreturn.com\/#organization\",\"name\":\"casinoreturn\",\"url\":\"https:\/\/casinoreturn.com\/\",\"logo\":{\"@type\":\"ImageObject\",\"inLanguage\":\"nb-NO\",\"@id\":\"https:\/\/casinoreturn.com\/#\/schema\/logo\/image\/\",\"url\":\"https:\/\/casinoreturn.com\/wp-content\/uploads\/2024\/09\/animal-favicon.png\",\"contentUrl\":\"https:\/\/casinoreturn.com\/wp-content\/uploads\/2024\/09\/animal-favicon.png\",\"width\":92,\"height\":92,\"caption\":\"casinoreturn\"},\"image\":{\"@id\":\"https:\/\/casinoreturn.com\/#\/schema\/logo\/image\/\"}}]}<\/script>\n<!-- \/ Yoast SEO plugin. -->","yoast_head_json":{"title":"Fantasy fotball spill kasinoer - casinoreturn","description":"Fantasy Football Betting Casinos er ikke de vanligste. \u00c5 bli involvert og utveksle resultater og snakke om det, er n\u00f8kkelen til spillere.","robots":{"index":"index","follow":"follow","max-snippet":"max-snippet:-1","max-image-preview":"max-image-preview:large","max-video-preview":"max-video-preview:-1"},"canonical":"https:\/\/casinoreturn.com\/no\/fantasy-fotball-spill-kasinoer\/","og_locale":"nb_NO","og_type":"article","og_title":"Fantasy fotball spill kasinoer - casinoreturn","og_description":"Fantasy Football Betting Casinos er ikke de vanligste. \u00c5 bli involvert og utveksle resultater og snakke om det, er n\u00f8kkelen til spillere.","og_url":"https:\/\/casinoreturn.com\/no\/fantasy-fotball-spill-kasinoer\/","og_site_name":"casinoreturn","article_modified_time":"2025-10-31T13:19:41+00:00","og_image":[{"url":"https:\/\/casinoreturn.com\/wp-content\/uploads\/elementor\/thumbs\/Fantasy-Football-Casino-qx0213mld26kmw2y2bvw2cqpmcar1kh6oms60z1sr4.jpg","type":"","width":"","height":""}],"twitter_card":"summary_large_image","twitter_misc":{"Ansl. lesetid":"3 minutter"},"schema":{"@context":"https:\/\/schema.org","@graph":[{"@type":"WebPage","@id":"https:\/\/casinoreturn.com\/no\/fantasy-fotball-spill-kasinoer\/","url":"https:\/\/casinoreturn.com\/no\/fantasy-fotball-spill-kasinoer\/","name":"Fantasy fotball spill kasinoer - casinoreturn","isPartOf":{"@id":"https:\/\/casinoreturn.com\/#website"},"primaryImageOfPage":{"@id":"https:\/\/casinoreturn.com\/no\/fantasy-fotball-spill-kasinoer\/#primaryimage"},"image":{"@id":"https:\/\/casinoreturn.com\/no\/fantasy-fotball-spill-kasinoer\/#primaryimage"},"thumbnailUrl":"https:\/\/casinoreturn.com\/wp-content\/uploads\/elementor\/thumbs\/Fantasy-Football-Casino-qx0213mld26kmw2y2bvw2cqpmcar1kh6oms60z1sr4.jpg","datePublished":"2024-11-13T14:22:59+00:00","dateModified":"2025-10-31T13:19:41+00:00","description":"Fantasy Football Betting Casinos er ikke de vanligste. \u00c5 bli involvert og utveksle resultater og snakke om det, er n\u00f8kkelen til spillere.","breadcrumb":{"@id":"https:\/\/casinoreturn.com\/no\/fantasy-fotball-spill-kasinoer\/#breadcrumb"},"inLanguage":"nb-NO","potentialAction":[{"@type":"ReadAction","target":["https:\/\/casinoreturn.com\/no\/fantasy-fotball-spill-kasinoer\/"]}]},{"@type":"ImageObject","inLanguage":"nb-NO","@id":"https:\/\/casinoreturn.com\/no\/fantasy-fotball-spill-kasinoer\/#primaryimage","url":"https:\/\/casinoreturn.com\/wp-content\/uploads\/elementor\/thumbs\/Fantasy-Football-Casino-qx0213mld26kmw2y2bvw2cqpmcar1kh6oms60z1sr4.jpg","contentUrl":"https:\/\/casinoreturn.com\/wp-content\/uploads\/elementor\/thumbs\/Fantasy-Football-Casino-qx0213mld26kmw2y2bvw2cqpmcar1kh6oms60z1sr4.jpg"},{"@type":"BreadcrumbList","@id":"https:\/\/casinoreturn.com\/no\/fantasy-fotball-spill-kasinoer\/#breadcrumb","itemListElement":[{"@type":"ListItem","position":1,"name":"Home","item":"https:\/\/casinoreturn.com\/no\/hjem\/"},{"@type":"ListItem","position":2,"name":"Fantasy fotball spill kasinoer"}]},{"@type":"WebSite","@id":"https:\/\/casinoreturn.com\/#website","url":"https:\/\/casinoreturn.com\/","name":"casinoreturn","description":"","publisher":{"@id":"https:\/\/casinoreturn.com\/#organization"},"potentialAction":[{"@type":"SearchAction","target":{"@type":"EntryPoint","urlTemplate":"https:\/\/casinoreturn.com\/?s={search_term_string}"},"query-input":{"@type":"PropertyValueSpecification","valueRequired":true,"valueName":"search_term_string"}}],"inLanguage":"nb-NO"},{"@type":"Organization","@id":"https:\/\/casinoreturn.com\/#organization","name":"casinoreturn","url":"https:\/\/casinoreturn.com\/","logo":{"@type":"ImageObject","inLanguage":"nb-NO","@id":"https:\/\/casinoreturn.com\/#\/schema\/logo\/image\/","url":"https:\/\/casinoreturn.com\/wp-content\/uploads\/2024\/09\/animal-favicon.png","contentUrl":"https:\/\/casinoreturn.com\/wp-content\/uploads\/2024\/09\/animal-favicon.png","width":92,"height":92,"caption":"casinoreturn"},"image":{"@id":"https:\/\/casinoreturn.com\/#\/schema\/logo\/image\/"}}]}},"_links":{"self":[{"href":"https:\/\/casinoreturn.com\/no\/wp-json\/wp\/v2\/pages\/4968","targetHints":{"allow":["GET"]}}],"collection":[{"href":"https:\/\/casinoreturn.com\/no\/wp-json\/wp\/v2\/pages"}],"about":[{"href":"https:\/\/casinoreturn.com\/no\/wp-json\/wp\/v2\/types\/page"}],"author":[{"embeddable":true,"href":"https:\/\/casinoreturn.com\/no\/wp-json\/wp\/v2\/users\/1"}],"replies":[{"embeddable":true,"href":"https:\/\/casinoreturn.com\/no\/wp-json\/wp\/v2\/comments?post=4968"}],"version-history":[{"count":3,"href":"https:\/\/casinoreturn.com\/no\/wp-json\/wp\/v2\/pages\/4968\/revisions"}],"predecessor-version":[{"id":15863,"href":"https:\/\/casinoreturn.com\/no\/wp-json\/wp\/v2\/pages\/4968\/revisions\/15863"}],"wp:attachment":[{"href":"https:\/\/casinoreturn.com\/no\/wp-json\/wp\/v2\/media?parent=4968"}],"curies":[{"name":"wp","href":"https:\/\/api.w.org\/{rel}","templated":true}]}}