{"id":4990,"date":"2024-11-03T10:12:19","date_gmt":"2024-11-03T10:12:19","guid":{"rendered":"https:\/\/casinoreturn.com\/amerikansk-fotball-canada-for-nybegynnere\/"},"modified":"2025-02-12T12:57:39","modified_gmt":"2025-02-12T12:57:39","slug":"amerikansk-fotball-canada-for-nybegynnere","status":"publish","type":"page","link":"https:\/\/casinoreturn.com\/no\/amerikansk-fotball-canada-for-nybegynnere\/","title":{"rendered":"Amerikansk fotball Canada for nybegynnere"},"content":{"rendered":"\t\t<div data-elementor-type=\"wp-page\" data-elementor-id=\"4990\" class=\"elementor elementor-4990\" data-elementor-post-type=\"page\">\n\t\t\t\t<div class=\"elementor-element elementor-element-192ee5b7 e-flex e-con-boxed e-con e-parent\" data-id=\"192ee5b7\" data-element_type=\"container\">\n\t\t\t\t\t<div class=\"e-con-inner\">\n\t\t\t\t<div class=\"elementor-element elementor-element-266bc16c elementor-widget elementor-widget-text-editor\" data-id=\"266bc16c\" data-element_type=\"widget\" data-widget_type=\"text-editor.default\">\n\t\t\t\t<div class=\"elementor-widget-container\">\n\t\t\t\t\t\t\t\t\t<h4 class=\"wp-block-heading\">Amerikansk fotball Canada og de grunnleggende reglene.<\/h4>\n<p><strong>Men f\u00f8rst og fremst: sjekk ut Lucky Days Casino og deres Casino Review.<\/strong> <\/p>\n<div id=\"element-384\" class=\"widget item-absolute headline \" data-at=\"headline\">\n<div class=\"contents\">\n<h1><span class=\"x_949eba9a x_7911f47e\"><span class=\"x_f2074b6c\">OPP TIL CAD$<\/span> 1500<span class=\"x_f2074b6c\"> I BONUS + 100 gratisspinn <\/span> <\/span><\/h1>\n<p><a href=\"https:\/\/media.luckydaysaffiliates.com\/redirect.aspx?pid=13114&amp;bid=1586\" target=\"_blank\" rel=\"noopener\"><strong>Krev din eksklusive Lucky Days-bonus HER<\/strong><\/a><\/p>\n<p>Vilk\u00e5r og betingelser gjelder  <\/p>\n<\/div>\n<\/div>\n<p><img fetchpriority=\"high\" decoding=\"async\" class=\"size-medium wp-image-6372\" src=\"https:\/\/casinoreturn.com\/wp-content\/uploads\/2024\/12\/Lucky-Days-casino-300x300.png\" alt=\"Lucky-Days-casino\" width=\"300\" height=\"300\" srcset=\"https:\/\/casinoreturn.com\/wp-content\/uploads\/2024\/12\/Lucky-Days-casino-300x300.png 300w, https:\/\/casinoreturn.com\/wp-content\/uploads\/2024\/12\/Lucky-Days-casino-150x150.png 150w, https:\/\/casinoreturn.com\/wp-content\/uploads\/2024\/12\/Lucky-Days-casino.png 500w\" sizes=\"(max-width: 300px) 100vw, 300px\" \/><\/p>\n<h5>Hva er bonusvilk\u00e5rene for Lucky Days Casino Bonus?<\/h5>\n<p>Innskudd CAD$20 eller mer. 30x omsetningskrav. Maks innsats CAD $ 5 per innsats. Egne midler brukes f\u00f8rst. 30 dagers utl\u00f8p. Gratisspinn utl\u00f8per etter 24 timer. M\u00e5 omsettes 25x p\u00e5 utvalgte spill.      <\/p>\n<h5>Hva er det grunnleggende i amerikansk fotball i Canada?<\/h5>\n<p>Amerikansk fotball er en av de mest popul\u00e6re idrettene i Canada. Vi skal forklare hvordan spillet er bygget opp.<br \/>La oss begynne med m\u00e5let med spillet. Spillet har ett hovedm\u00e5l: Spillerne pr\u00f8ver \u00e5 f\u00e5 ballen inn i motstanderens end zone for \u00e5 score poeng. Den som har flest poeng ved spillets slutt, har vunnet.   <\/p>\n<h4 class=\"wp-block-heading\">Hvordan fungerer et fotballspill?<\/h4>\n<p>En kamp varer vanligvis 2,5-3 timer. Under spillet har det ene laget alltid den s\u00e5kalte &laquo;angrepsretten&raquo;, og det andre laget er i &laquo;forsvaret&raquo;. &laquo;Den s\u00e5kalte &laquo;angrepsretten&raquo; veksler alltid. Spillet begynner med at en mynt kastes for \u00e5 avgj\u00f8re hvem som er nybegynner. Spillballen plasseres p\u00e5 banelinjen, og nybegynnerlaget m\u00e5 sparke den s\u00e5 langt bort som mulig. Etter det f\u00f8rste skuddet pr\u00f8ver motstanderlaget \u00e5 fange ballen og b\u00e6re den langt tilbake. Der motstanderlaget n\u00e5r frem med ballen, begynner ogs\u00e5 spillet p\u00e5 banen.<br \/>Angrep. . . Pasninger. . . L\u00f8ping            <\/p>\n<h4 class=\"wp-block-heading\">N\u00e5 har det amerikanske favorittspillet begynt, men hvordan vil det fortsette?<\/h4>\n<p>Det laget som eier ballen, kalles angriperen (angrep). De pr\u00f8ver \u00e5 f\u00e5 plass ved \u00e5 kaste og l\u00f8pe til de andre medspillerne. I beste fall ender dette i den s\u00e5kalte endesonen. Mens angriperne l\u00f8per med lekeballen, m\u00e5 motstanderlaget hindre angriperne i \u00e5 f\u00e5 mest mulig plass og fors\u00f8ke \u00e5 f\u00e5 tak i ballen. Angriperne har totalt fire fors\u00f8k og m\u00e5 vinne ti meter. Hvis det mislykkes, byttes posisjon.     <\/p>\n<h4 class=\"wp-block-heading\">Hva betyr Touchdown i amerikansk fotball?<\/h4>\n<p>En touchdown i amerikansk fotball i Canada og NFL (USA) er den mest kjente metoden for \u00e5 score poeng i amerikansk fotball. Touchdown gir laget totalt seks poeng. Den oppn\u00e5s n\u00e5r fotballen b\u00e6res over m\u00e5llinjen til motstanderlaget eller n\u00e5r den fanges i den s\u00e5kalte end zone.<br \/>Hvis laget lykkes med \u00e5 kaste ballen gjennom m\u00e5let etter en touchdown, kan de f\u00e5 et nytt poeng.<br \/>Hvis en touchdown ikke er mulig fra en gitt posisjon, kan laget g\u00e5 ut av spillet og pr\u00f8ve \u00e5 sparke fotballen i m\u00e5l. Det bringer opp et annet poeng.   <\/p>\n<h4 class=\"wp-block-heading\">Hva er sikkerhet i en fotballkamp?<\/h4>\n<p>Safety er ogs\u00e5 en metode for \u00e5 f\u00e5 poeng i l\u00f8pet av spillet. For \u00e5 gj\u00f8re det m\u00e5 forsvarslaget, det angripende laget, beseire det angripende laget i sin end zone. I dette tilfellet f\u00e5r laget to ekstra poeng.  <\/p>\n<h3 class=\"wp-block-heading\">Amerikansk fotball betting Canada. . hva du b\u00f8r vite?   <\/h3>\n<h4 class=\"wp-block-heading\">Hva er handikap og spread betting i amerikansk fotball i Canada?<\/h4>\n<p>P\u00e5 nettcasinoet finnes det to hovedtyper av spill p\u00e5 amerikansk fotball. Det er det s\u00e5kalte handikapspillet eller spread betting. Denne typen er blant favorittspillformene i amerikansk fotball. Her er det ganske enkelt \u00e5 differensiere et bestemt resultatinnsats. Med andre ord, de satser p\u00e5 forskjellen mellom spesifikasjonene spillleverand\u00f8ren gj\u00f8r og resultatet. Det er sant: &laquo;Jo st\u00f8rre forskjell, jo h\u00f8yere odds og dermed gevinst eller tap. &raquo; Finn din beste bookmaker for <a href=\"https:\/\/casinoreturn.com\/american-football-betting-canada\/\">amerikansk fotballspill Canada HER<\/a><br \/>Derfor setter spillleverand\u00f8ren et visst omr\u00e5de ved \u00e5 bruke maksimums- og minimumsodds, som beskriver utfallet av sportsbegivenheten som innsatsen satses p\u00e5. V\u00e6ret spekulerer i om resultatet er h\u00f8yere eller lavere enn intervallet som bookmakeren har satt basert p\u00e5 hans innsatsposisjon. Ingen innsats plasseres hvis Souffleurens prognose stemmer overens med bookmakerens prognose. Derfor er spread-spillet en v\u00e6rvurdering av resultatet eller hendelsen i en sportsbegivenhet, for eksempel vurdering av et visst antall poeng, m\u00e5l, gule kort eller fouls. Hvis tipset ditt ligger utenfor spilltilbyderens omr\u00e5de, den s\u00e5kalte grensen, s\u00e5 tipper du. Hvis oddsen overskrider grensen som er satt av bookmakeren, beregnes fortjeneste og tap p\u00e5 f\u00f8lgende m\u00e5te:          <\/p>\n<h5 class=\"wp-block-heading\">Hvordan beregner jeg summen?<\/h5>\n<p>Summen av ovenst\u00e5ende = innsatsbonus = antall innsatser (summen av handlingene minus grensen). Summen av f\u00f8lgende = spilltap = antall hovedvinnere (grensen minus summen av handlingen). Hvis verdien som er angitt er under bookmakerens rekkevidde, reverseres beregningen: Summen av f\u00f8lgende bel\u00f8p: = innsatsbonus = antall innsatser (nedre grense minus kampanjesummen) Summen av ovennevnte = innsatstap = antall hovedpersoner (\u00f8vre grense minus kampanjesummen)  <\/p>\n<h4 class=\"wp-block-heading\">Hva er totalisatorresultatet for American Football Canada?<\/h4>\n<p>Ogs\u00e5 n\u00e5r det gjelder amerikansk fotball, tilbyr alle kjente bookmakere muligheten til \u00e5 spille p\u00e5 kampens sluttresultat med h\u00f8y\/lav innsats. Dette handler ikke om \u00e5 forutsi hvor mange poeng et lag vil score, men om den totale poengsummen begge lag vil ha ved kampslutt. En bookmaker kan for eksempel bruke en grense p\u00e5 49,5 poeng, og s\u00e5 m\u00e5 du bestemme deg for om du \u00f8nsker \u00e5 f\u00e5 flere eller f\u00e6rre poeng. Med denne typen spill er hver odds vanligvis rundt 1. 90.<br \/>I amerikansk fotball kan du selvf\u00f8lgelig ogs\u00e5 satse p\u00e5 lagets ledelse p\u00e5 slutten av kampen. Bookmakere tilbyr vanligvis forskjellige ledelsesspill for de to lagene. Du kan for eksempel satse p\u00e5 at lag A vinner kampen med 1-6 poeng. Det er ogs\u00e5 mulig \u00e5 spille p\u00e5 at favorittlaget leder med 19-24 poeng. Bookmakeren ansl\u00e5r at jo mindre sannsynlig lagets fortjenestemargin er, desto h\u00f8yere er oddsen.         <\/p>\n<h4 class=\"wp-block-heading\">Spill p\u00e5 amerikansk fotball med topp odds<\/h4>\n<p>Hvordan finner du de beste oddsene for spill p\u00e5 amerikansk fotball?<\/p>\n<p>Bes\u00f8k v\u00e5r nettside, Casinoreturn.com, i dag og finn de beste online spillene med de beste oddsene. Vi i Casinoreturn pr\u00f8ver alltid \u00e5 finne de beste leverand\u00f8rene for \u00e5 gi deg den best mulige spillopplevelsen.<br \/>Betting er ikke noe nytt i den moderne verden i dag, men det virker like popul\u00e6rt og popul\u00e6rt som noen gang. Enten det er et vennskapelig veddem\u00e5l mellom venner, et veddem\u00e5l p\u00e5 stadion med fremmede som blir venner med hjertet p\u00e5 ermet, eller det som er uunnv\u00e6rlig i v\u00e5re dager: online.<br \/>Spenningen og gleden er den samme. Det blir aldri kjedelig, for det er alltid noe nytt \u00e5 satse p\u00e5. Tilbudet er st\u00f8rre enn p\u00e5 lenge, takket v\u00e6re sosiale medier og de mange nettplattformene man kan registrere seg p\u00e5 i dag. Underholdningsverdien \u00f8ker betydelig, ettersom antallet plattformer ikke bare \u00f8ker utvalget av spillmuligheter, men ogs\u00e5 antallet tilbydere.     <\/p>\n<h4 class=\"wp-block-heading\">Sosial status i amerikansk fotball<\/h4>\n<p>Hvor viktig er NFL og Canadian Football League?<\/p>\n<p>Idrett betyr rivalisering og konkurranse, men ogs\u00e5 vennskap og allianse. Det er en ting som forener mennesker, men p\u00e5 den annen side kan det ogs\u00e5 splitte meninger. Spillere av individuelle hendelser, og rekordresultater fascinerer oss siden og trekker oss under trolldommen.<br \/>Som et av de mest popul\u00e6re tidsfordriv, er online kasino representert av en rekke leverand\u00f8rer. Tilbudet er veldig mangfoldig, og vi som team er her for \u00e5 hjelpe deg med \u00e5 finne ditt beste nettcasino blant variasjonen.<br \/>Ta en titt p\u00e5 Casinoreturn.com, v\u00e5r Topp 10 du har alle de gode kasinoene p\u00e5 et \u00f8yeblikk. Topp 10 Casino-listen viser deg de beste og mest anerkjente nettcasinoene som kjennetegnes av utmerkede sports- og casinotilbud.<br \/>En detaljert liste over de beste spilltilbyderne og spilltilbudene for 2025 finner du p\u00e5 v\u00e5r Topp 10-liste.<br \/>De beste nettcasinoene b\u00f8r ha en 24\/7 service der du kan komme i kontakt via chat, e-post eller telefon. En innskudds- og uttaksmetode b\u00f8r v\u00e6re tydelig identifisert. Tydelige salgsbetingelser samt \u00e5penhet er ogs\u00e5 en del av dette. I tillegg b\u00f8r tilstrekkelig informasjon og tips v\u00e6re oppf\u00f8rt i portalen.       <\/p>\n\t\t\t\t\t\t\t\t<\/div>\n\t\t\t\t<\/div>\n\t\t\t\t\t<\/div>\n\t\t\t\t<\/div>\n\t\t\t\t<\/div>\n\t\t","protected":false},"excerpt":{"rendered":"<p>Amerikansk fotball Canada og de grunnleggende reglene. Men f\u00f8rst og fremst: sjekk ut Lucky Days Casino og deres Casino Review. OPP TIL CAD$ 1500 I BONUS + 100 gratisspinn Krev din eksklusive Lucky Days-bonus HER Vilk\u00e5r og betingelser gjelder Hva er bonusvilk\u00e5rene for Lucky Days Casino Bonus? Innskudd CAD$20 eller mer. 30x omsetningskrav. Maks innsats [&hellip;]<\/p>\n","protected":false},"author":1,"featured_media":0,"parent":0,"menu_order":0,"comment_status":"closed","ping_status":"closed","template":"","meta":{"footnotes":""},"class_list":["post-4990","page","type-page","status-publish","hentry"],"blocksy_meta":[],"acf":[],"yoast_head":"<!-- This site is optimized with the Yoast SEO plugin v24.1 - https:\/\/yoast.com\/wordpress\/plugins\/seo\/ -->\n<title>Amerikansk fotball Canada for nybegynnere - casinoreturn<\/title>\n<meta name=\"description\" content=\"Amerikansk fotball Canada for nybegynnere er den uunnv\u00e6rlige Amerikansk fotball ABC eller American Football Rules for Dummies. Len deg tilbake og nyt.\" \/>\n<meta name=\"robots\" content=\"index, follow, max-snippet:-1, max-image-preview:large, max-video-preview:-1\" \/>\n<link rel=\"canonical\" href=\"https:\/\/casinoreturn.com\/no\/amerikansk-fotball-canada-for-nybegynnere\/\" \/>\n<meta property=\"og:locale\" content=\"nb_NO\" \/>\n<meta property=\"og:type\" content=\"article\" \/>\n<meta property=\"og:title\" content=\"Amerikansk fotball Canada for nybegynnere - casinoreturn\" \/>\n<meta property=\"og:description\" content=\"Amerikansk fotball Canada for nybegynnere er den uunnv\u00e6rlige Amerikansk fotball ABC eller American Football Rules for Dummies. Len deg tilbake og nyt.\" \/>\n<meta property=\"og:url\" content=\"https:\/\/casinoreturn.com\/no\/amerikansk-fotball-canada-for-nybegynnere\/\" \/>\n<meta property=\"og:site_name\" content=\"casinoreturn\" \/>\n<meta property=\"article:modified_time\" content=\"2025-02-12T12:57:39+00:00\" \/>\n<meta property=\"og:image\" content=\"https:\/\/casinoreturn.com\/wp-content\/uploads\/2024\/12\/Lucky-Days-casino.png\" \/>\n\t<meta property=\"og:image:width\" content=\"500\" \/>\n\t<meta property=\"og:image:height\" content=\"500\" \/>\n\t<meta property=\"og:image:type\" content=\"image\/png\" \/>\n<meta name=\"twitter:card\" content=\"summary_large_image\" \/>\n<meta name=\"twitter:label1\" content=\"Ansl. lesetid\" \/>\n\t<meta name=\"twitter:data1\" content=\"6 minutter\" \/>\n<script type=\"application\/ld+json\" class=\"yoast-schema-graph\">{\"@context\":\"https:\/\/schema.org\",\"@graph\":[{\"@type\":\"WebPage\",\"@id\":\"https:\/\/casinoreturn.com\/no\/amerikansk-fotball-canada-for-nybegynnere\/\",\"url\":\"https:\/\/casinoreturn.com\/no\/amerikansk-fotball-canada-for-nybegynnere\/\",\"name\":\"Amerikansk fotball Canada for nybegynnere - casinoreturn\",\"isPartOf\":{\"@id\":\"https:\/\/casinoreturn.com\/#website\"},\"primaryImageOfPage\":{\"@id\":\"https:\/\/casinoreturn.com\/no\/amerikansk-fotball-canada-for-nybegynnere\/#primaryimage\"},\"image\":{\"@id\":\"https:\/\/casinoreturn.com\/no\/amerikansk-fotball-canada-for-nybegynnere\/#primaryimage\"},\"thumbnailUrl\":\"https:\/\/casinoreturn.com\/wp-content\/uploads\/2024\/12\/Lucky-Days-casino-300x300.png\",\"datePublished\":\"2024-11-03T10:12:19+00:00\",\"dateModified\":\"2025-02-12T12:57:39+00:00\",\"description\":\"Amerikansk fotball Canada for nybegynnere er den uunnv\u00e6rlige Amerikansk fotball ABC eller American Football Rules for Dummies. Len deg tilbake og nyt.\",\"breadcrumb\":{\"@id\":\"https:\/\/casinoreturn.com\/no\/amerikansk-fotball-canada-for-nybegynnere\/#breadcrumb\"},\"inLanguage\":\"nb-NO\",\"potentialAction\":[{\"@type\":\"ReadAction\",\"target\":[\"https:\/\/casinoreturn.com\/no\/amerikansk-fotball-canada-for-nybegynnere\/\"]}]},{\"@type\":\"ImageObject\",\"inLanguage\":\"nb-NO\",\"@id\":\"https:\/\/casinoreturn.com\/no\/amerikansk-fotball-canada-for-nybegynnere\/#primaryimage\",\"url\":\"https:\/\/casinoreturn.com\/wp-content\/uploads\/2024\/12\/Lucky-Days-casino-300x300.png\",\"contentUrl\":\"https:\/\/casinoreturn.com\/wp-content\/uploads\/2024\/12\/Lucky-Days-casino-300x300.png\"},{\"@type\":\"BreadcrumbList\",\"@id\":\"https:\/\/casinoreturn.com\/no\/amerikansk-fotball-canada-for-nybegynnere\/#breadcrumb\",\"itemListElement\":[{\"@type\":\"ListItem\",\"position\":1,\"name\":\"Home\",\"item\":\"https:\/\/casinoreturn.com\/no\/hjem\/\"},{\"@type\":\"ListItem\",\"position\":2,\"name\":\"Amerikansk fotball Canada for nybegynnere\"}]},{\"@type\":\"WebSite\",\"@id\":\"https:\/\/casinoreturn.com\/#website\",\"url\":\"https:\/\/casinoreturn.com\/\",\"name\":\"casinoreturn\",\"description\":\"\",\"publisher\":{\"@id\":\"https:\/\/casinoreturn.com\/#organization\"},\"potentialAction\":[{\"@type\":\"SearchAction\",\"target\":{\"@type\":\"EntryPoint\",\"urlTemplate\":\"https:\/\/casinoreturn.com\/?s={search_term_string}\"},\"query-input\":{\"@type\":\"PropertyValueSpecification\",\"valueRequired\":true,\"valueName\":\"search_term_string\"}}],\"inLanguage\":\"nb-NO\"},{\"@type\":\"Organization\",\"@id\":\"https:\/\/casinoreturn.com\/#organization\",\"name\":\"casinoreturn\",\"url\":\"https:\/\/casinoreturn.com\/\",\"logo\":{\"@type\":\"ImageObject\",\"inLanguage\":\"nb-NO\",\"@id\":\"https:\/\/casinoreturn.com\/#\/schema\/logo\/image\/\",\"url\":\"https:\/\/casinoreturn.com\/wp-content\/uploads\/2024\/09\/animal-favicon.png\",\"contentUrl\":\"https:\/\/casinoreturn.com\/wp-content\/uploads\/2024\/09\/animal-favicon.png\",\"width\":92,\"height\":92,\"caption\":\"casinoreturn\"},\"image\":{\"@id\":\"https:\/\/casinoreturn.com\/#\/schema\/logo\/image\/\"}}]}<\/script>\n<!-- \/ Yoast SEO plugin. -->","yoast_head_json":{"title":"Amerikansk fotball Canada for nybegynnere - casinoreturn","description":"Amerikansk fotball Canada for nybegynnere er den uunnv\u00e6rlige Amerikansk fotball ABC eller American Football Rules for Dummies. Len deg tilbake og nyt.","robots":{"index":"index","follow":"follow","max-snippet":"max-snippet:-1","max-image-preview":"max-image-preview:large","max-video-preview":"max-video-preview:-1"},"canonical":"https:\/\/casinoreturn.com\/no\/amerikansk-fotball-canada-for-nybegynnere\/","og_locale":"nb_NO","og_type":"article","og_title":"Amerikansk fotball Canada for nybegynnere - casinoreturn","og_description":"Amerikansk fotball Canada for nybegynnere er den uunnv\u00e6rlige Amerikansk fotball ABC eller American Football Rules for Dummies. Len deg tilbake og nyt.","og_url":"https:\/\/casinoreturn.com\/no\/amerikansk-fotball-canada-for-nybegynnere\/","og_site_name":"casinoreturn","article_modified_time":"2025-02-12T12:57:39+00:00","og_image":[{"width":500,"height":500,"url":"https:\/\/casinoreturn.com\/wp-content\/uploads\/2024\/12\/Lucky-Days-casino.png","type":"image\/png"}],"twitter_card":"summary_large_image","twitter_misc":{"Ansl. lesetid":"6 minutter"},"schema":{"@context":"https:\/\/schema.org","@graph":[{"@type":"WebPage","@id":"https:\/\/casinoreturn.com\/no\/amerikansk-fotball-canada-for-nybegynnere\/","url":"https:\/\/casinoreturn.com\/no\/amerikansk-fotball-canada-for-nybegynnere\/","name":"Amerikansk fotball Canada for nybegynnere - casinoreturn","isPartOf":{"@id":"https:\/\/casinoreturn.com\/#website"},"primaryImageOfPage":{"@id":"https:\/\/casinoreturn.com\/no\/amerikansk-fotball-canada-for-nybegynnere\/#primaryimage"},"image":{"@id":"https:\/\/casinoreturn.com\/no\/amerikansk-fotball-canada-for-nybegynnere\/#primaryimage"},"thumbnailUrl":"https:\/\/casinoreturn.com\/wp-content\/uploads\/2024\/12\/Lucky-Days-casino-300x300.png","datePublished":"2024-11-03T10:12:19+00:00","dateModified":"2025-02-12T12:57:39+00:00","description":"Amerikansk fotball Canada for nybegynnere er den uunnv\u00e6rlige Amerikansk fotball ABC eller American Football Rules for Dummies. Len deg tilbake og nyt.","breadcrumb":{"@id":"https:\/\/casinoreturn.com\/no\/amerikansk-fotball-canada-for-nybegynnere\/#breadcrumb"},"inLanguage":"nb-NO","potentialAction":[{"@type":"ReadAction","target":["https:\/\/casinoreturn.com\/no\/amerikansk-fotball-canada-for-nybegynnere\/"]}]},{"@type":"ImageObject","inLanguage":"nb-NO","@id":"https:\/\/casinoreturn.com\/no\/amerikansk-fotball-canada-for-nybegynnere\/#primaryimage","url":"https:\/\/casinoreturn.com\/wp-content\/uploads\/2024\/12\/Lucky-Days-casino-300x300.png","contentUrl":"https:\/\/casinoreturn.com\/wp-content\/uploads\/2024\/12\/Lucky-Days-casino-300x300.png"},{"@type":"BreadcrumbList","@id":"https:\/\/casinoreturn.com\/no\/amerikansk-fotball-canada-for-nybegynnere\/#breadcrumb","itemListElement":[{"@type":"ListItem","position":1,"name":"Home","item":"https:\/\/casinoreturn.com\/no\/hjem\/"},{"@type":"ListItem","position":2,"name":"Amerikansk fotball Canada for nybegynnere"}]},{"@type":"WebSite","@id":"https:\/\/casinoreturn.com\/#website","url":"https:\/\/casinoreturn.com\/","name":"casinoreturn","description":"","publisher":{"@id":"https:\/\/casinoreturn.com\/#organization"},"potentialAction":[{"@type":"SearchAction","target":{"@type":"EntryPoint","urlTemplate":"https:\/\/casinoreturn.com\/?s={search_term_string}"},"query-input":{"@type":"PropertyValueSpecification","valueRequired":true,"valueName":"search_term_string"}}],"inLanguage":"nb-NO"},{"@type":"Organization","@id":"https:\/\/casinoreturn.com\/#organization","name":"casinoreturn","url":"https:\/\/casinoreturn.com\/","logo":{"@type":"ImageObject","inLanguage":"nb-NO","@id":"https:\/\/casinoreturn.com\/#\/schema\/logo\/image\/","url":"https:\/\/casinoreturn.com\/wp-content\/uploads\/2024\/09\/animal-favicon.png","contentUrl":"https:\/\/casinoreturn.com\/wp-content\/uploads\/2024\/09\/animal-favicon.png","width":92,"height":92,"caption":"casinoreturn"},"image":{"@id":"https:\/\/casinoreturn.com\/#\/schema\/logo\/image\/"}}]}},"_links":{"self":[{"href":"https:\/\/casinoreturn.com\/no\/wp-json\/wp\/v2\/pages\/4990","targetHints":{"allow":["GET"]}}],"collection":[{"href":"https:\/\/casinoreturn.com\/no\/wp-json\/wp\/v2\/pages"}],"about":[{"href":"https:\/\/casinoreturn.com\/no\/wp-json\/wp\/v2\/types\/page"}],"author":[{"embeddable":true,"href":"https:\/\/casinoreturn.com\/no\/wp-json\/wp\/v2\/users\/1"}],"replies":[{"embeddable":true,"href":"https:\/\/casinoreturn.com\/no\/wp-json\/wp\/v2\/comments?post=4990"}],"version-history":[{"count":2,"href":"https:\/\/casinoreturn.com\/no\/wp-json\/wp\/v2\/pages\/4990\/revisions"}],"predecessor-version":[{"id":7862,"href":"https:\/\/casinoreturn.com\/no\/wp-json\/wp\/v2\/pages\/4990\/revisions\/7862"}],"wp:attachment":[{"href":"https:\/\/casinoreturn.com\/no\/wp-json\/wp\/v2\/media?parent=4990"}],"curies":[{"name":"wp","href":"https:\/\/api.w.org\/{rel}","templated":true}]}}