{"id":5012,"date":"2024-11-13T17:29:31","date_gmt":"2024-11-13T17:29:31","guid":{"rendered":"https:\/\/casinoreturn.com\/regler-for-keno-pa-nett\/"},"modified":"2024-12-04T13:39:38","modified_gmt":"2024-12-04T13:39:38","slug":"regler-for-keno-pa-nett","status":"publish","type":"page","link":"https:\/\/casinoreturn.com\/no\/regler-for-keno-pa-nett\/","title":{"rendered":"Regler for Keno p\u00e5 nett"},"content":{"rendered":"\t\t<div data-elementor-type=\"wp-page\" data-elementor-id=\"5012\" class=\"elementor elementor-5012\" data-elementor-post-type=\"page\">\n\t\t\t\t<div class=\"elementor-element elementor-element-e950284 e-con-full e-flex e-con e-parent\" data-id=\"e950284\" data-element_type=\"container\">\n\t\t\t\t<div class=\"elementor-element elementor-element-274b4dc elementor-widget elementor-widget-image\" data-id=\"274b4dc\" data-element_type=\"widget\" data-widget_type=\"image.default\">\n\t\t\t\t<div class=\"elementor-widget-container\">\n\t\t\t\t\t\t\t\t\t\t\t\t\t\t\t<img decoding=\"async\" width=\"200\" height=\"200\" src=\"https:\/\/casinoreturn.com\/wp-content\/uploads\/2024\/11\/Online-Keno-Rules.png\" class=\"attachment-large size-large wp-image-3310\" alt=\"Online Keno Rules\" srcset=\"https:\/\/casinoreturn.com\/wp-content\/uploads\/2024\/11\/Online-Keno-Rules.png 200w, https:\/\/casinoreturn.com\/wp-content\/uploads\/2024\/11\/Online-Keno-Rules-150x150.png 150w\" sizes=\"(max-width: 200px) 100vw, 200px\" \/>\t\t\t\t\t\t\t\t\t\t\t\t\t\t\t<\/div>\n\t\t\t\t<\/div>\n\t\t\t\t<div class=\"elementor-element elementor-element-c6bc008 elementor-widget elementor-widget-heading\" data-id=\"c6bc008\" data-element_type=\"widget\" data-widget_type=\"heading.default\">\n\t\t\t\t<div class=\"elementor-widget-container\">\n\t\t\t\t\t<h2 class=\"elementor-heading-title elementor-size-default\">Keno-regler og Keno-strategier p\u00e5 nett<\/h2>\t\t\t\t<\/div>\n\t\t\t\t<\/div>\n\t\t\t\t<div class=\"elementor-element elementor-element-04d6c59 elementor-widget elementor-widget-text-editor\" data-id=\"04d6c59\" data-element_type=\"widget\" data-widget_type=\"text-editor.default\">\n\t\t\t\t<div class=\"elementor-widget-container\">\n\t\t\t\t\t\t\t\t\t<p><strong>Online Keno-regler og dets historie<\/strong><\/p>\n<p>Spillet Keno, som ble skapt i Kina, ble brakt til USA av kinesiske immigranter p\u00e5 slutten av 1800-tallet. Opprinnelig ble Keno spilt med 80 kinesiske tegn, som senere ble erstattet av 80 arabiske tall i USA. <\/p>\n<p><strong>Veddel\u00f8pshesten heter Keno!<\/strong><\/p>\n<p>I Nevada har de enkelte tallene i en periode v\u00e6rt titulert med navnet p\u00e5 en veddel\u00f8pshest. Som et resultat ble spillet kjent som &laquo;Racehorse Keno&raquo;. &laquo;I 1951 ble hestenavnene opphevet. En av grunnene var at det ble innf\u00f8rt en skatt p\u00e5 spill utenfor veddel\u00f8psbanen. Logisk nok \u00f8nsket ikke operat\u00f8rene p\u00e5 den tiden \u00e5 forveksle spillet med klassisk hestespill. I dag kan du fremdeles finne rester av kenospillet p\u00e5 veddel\u00f8pshester. Hvis du ser n\u00e6rmere p\u00e5 saken, vil du legge merke til at mange spill fortsatt kalles &laquo;l\u00f8p&raquo; hvis du satser p\u00e5 mer enn ett spill samtidig. Det er slik du kj\u00f8per en kupong for mer enn ett l\u00f8p.      <\/p>\n\t\t\t\t\t\t\t\t<\/div>\n\t\t\t\t<\/div>\n\t\t\t\t<div class=\"elementor-element elementor-element-c14ad00 elementor-widget elementor-widget-heading\" data-id=\"c14ad00\" data-element_type=\"widget\" data-widget_type=\"heading.default\">\n\t\t\t\t<div class=\"elementor-widget-container\">\n\t\t\t\t\t<h3 class=\"elementor-heading-title elementor-size-default\">Hvordan spiller du keno?<\/h3>\t\t\t\t<\/div>\n\t\t\t\t<\/div>\n\t\t\t\t<div class=\"elementor-element elementor-element-1f3affb elementor-widget elementor-widget-text-editor\" data-id=\"1f3affb\" data-element_type=\"widget\" data-widget_type=\"text-editor.default\">\n\t\t\t\t<div class=\"elementor-widget-container\">\n\t\t\t\t\t\t\t\t\t<p>Spillet er enkelt \u00e5 forst\u00e5 og spille, noe som gj\u00f8r det til en flott mulighet for nybegynnere p\u00e5 nettet. N\u00e5r du spiller Keno, kan du velge ett eller flere tall fra feltet som best\u00e5r av 80 sifre. M\u00e5let er at ett av de valgte tallene skal matche de oppringte tallene, slik at innsatsen din vinner.  <\/p>\n<p>I dag, i online gamblinghaller, som Digibet, blir tallene tilfeldig valgt ved hjelp av den s\u00e5kalte RNG-verdien. Hvis du velger et tall riktig og det stemmer overens med tallet du ringer, kalles dette ogs\u00e5 &laquo;catch&raquo; i keno. <\/p>\n<p>Hvis du har valgt spillet, er det fornuftig \u00e5 velge en online arkade f\u00f8rst og deretter et online keno-spill. I neste trinn velger du tallene du vil satse p\u00e5, og venter p\u00e5 at de skal bli ropt opp. <\/p>\n\t\t\t\t\t\t\t\t<\/div>\n\t\t\t\t<\/div>\n\t\t\t\t<div class=\"elementor-element elementor-element-8424c0b elementor-widget elementor-widget-heading\" data-id=\"8424c0b\" data-element_type=\"widget\" data-widget_type=\"heading.default\">\n\t\t\t\t<div class=\"elementor-widget-container\">\n\t\t\t\t\t<h2 class=\"elementor-heading-title elementor-size-default\">Hva er vinnersjansene i Keno?<\/h2>\t\t\t\t<\/div>\n\t\t\t\t<\/div>\n\t\t\t\t<div class=\"elementor-element elementor-element-4c6c49a elementor-widget elementor-widget-text-editor\" data-id=\"4c6c49a\" data-element_type=\"widget\" data-widget_type=\"text-editor.default\">\n\t\t\t\t<div class=\"elementor-widget-container\">\n\t\t\t\t\t\t\t\t\t<p>Keno er ogs\u00e5 et av de klassiske sjansespillene. Det betyr at du kan velge de tallene du vil. Uansett hvilket tall du velger, forblir oddsen den samme. Et interessant poeng som kan interessere deg: Oddsen for \u00e5 vinne alle 20 tallene er n\u00f8yaktig 1 i 3,535,316,142,212,174,320. Erfarne spillere vet at husets fordel i Keno-spillet er sv\u00e6rt h\u00f8y, ca. 35 %. Av denne grunn velger mange spillere ogs\u00e5 andre spill der spillbutikken har en lavere husfordel.     <\/p>\n\t\t\t\t\t\t\t\t<\/div>\n\t\t\t\t<\/div>\n\t\t\t\t<div class=\"elementor-element elementor-element-81cfd46 elementor-widget elementor-widget-heading\" data-id=\"81cfd46\" data-element_type=\"widget\" data-widget_type=\"heading.default\">\n\t\t\t\t<div class=\"elementor-widget-container\">\n\t\t\t\t\t<h2 class=\"elementor-heading-title elementor-size-default\">Hva er vinnersjansene i Online Keno?<\/h2>\t\t\t\t<\/div>\n\t\t\t\t<\/div>\n\t\t\t\t<div class=\"elementor-element elementor-element-fa4acd0 elementor-widget elementor-widget-text-editor\" data-id=\"fa4acd0\" data-element_type=\"widget\" data-widget_type=\"text-editor.default\">\n\t\t\t\t<div class=\"elementor-widget-container\">\n\t\t\t\t\t\t\t\t\t<p>For \u00e5 forst\u00e5 oddsen for \u00e5 vinne i Keno, m\u00e5 du f\u00f8rst forst\u00e5 den kombinatoriske funksjonen. I et lotteri velger spilleren for eksempel 6 av 49 tall. Deretter trekker lotteriet 6 tall av 49, og hvis alle 6 tallene stemmer overens (rekkef\u00f8lgen spiller ingen rolle), vinner spilleren. Hvis du ikke vet at vinnersjansen er 1 til 13 983 816, m\u00e5 du sjekke kombinatorfunksjonen f\u00f8r du fortsetter. I keno trekker spilleautomaten 20 av de 80 tallene uten substitusjon. P\u00e5 forh\u00e5nd kan spillerne trekke 1 til 15 (eller flere) tall. &laquo;Catch&raquo; er nummeret som spilleren ringer og trekker fra spillbiblioteket. &laquo;Miss&raquo; er et nummer som spilleren velger, men som ikke trekkes fra spillbiblioteket. Spillerne f\u00e5r betalt basert p\u00e5 antall tall som er trukket og fanget.        <\/p>\n<p>Kombinasjoner (80. 20) = 3 535 316 142 212 180 000 alternativer Hvordan trekker kasinoet 20 av 80 tall? Mange kalkulatorer st\u00f8tter ikke s\u00e5 store tall. For \u00e5 redusere st\u00f8rrelsen p\u00e5 kombinasjonen, antar vi at spillbiblioteket trekker premier f\u00f8rst, men holder tallene hemmelige, og spillerne vil pr\u00f8ve \u00e5 matche tallene som allerede er trukket.  <\/p>\n\t\t\t\t\t\t\t\t<\/div>\n\t\t\t\t<\/div>\n\t\t\t\t<div class=\"elementor-element elementor-element-ddd17b4 elementor-widget elementor-widget-heading\" data-id=\"ddd17b4\" data-element_type=\"widget\" data-widget_type=\"heading.default\">\n\t\t\t\t<div class=\"elementor-widget-container\">\n\t\t\t\t\t<h2 class=\"elementor-heading-title elementor-size-default\">Typer Keno p\u00e5 nett - Keno med enkeltspill:<\/h2>\t\t\t\t<\/div>\n\t\t\t\t<\/div>\n\t\t\t\t<div class=\"elementor-element elementor-element-6082c88 elementor-widget elementor-widget-text-editor\" data-id=\"6082c88\" data-element_type=\"widget\" data-widget_type=\"text-editor.default\">\n\t\t\t\t<div class=\"elementor-widget-container\">\n\t\t\t\t\t\t\t\t\t<p>Enkelt spill Keno: Etter det m\u00e5 du gj\u00f8re krav p\u00e5 premien f\u00f8r du starter et nytt spill, ellers kan du tape spillet. I landbaserte kasinoer g\u00e5r det bare omtrent fem minutter mellom slutten av et keno-spill og starten p\u00e5 neste keno-spill. Hvis du ikke leverer inn loddet ditt i tide, vil du vanligvis miste premien din. Derfor har spillbiblioteket utviklet Multi-Race Keno, som lar deg spille mer enn ett keno-spill p\u00e5 rad uten \u00e5 m\u00e5tte reise deg etter hvert spill. Bonus.    <\/p>\n<p>Keno med flere l\u00f8p\/ Multi Keno vinnersannsynlighet<\/p>\n\t\t\t\t\t\t\t\t<\/div>\n\t\t\t\t<\/div>\n\t\t\t\t<div class=\"elementor-element elementor-element-90e71a5 elementor-widget elementor-widget-heading\" data-id=\"90e71a5\" data-element_type=\"widget\" data-widget_type=\"heading.default\">\n\t\t\t\t<div class=\"elementor-widget-container\">\n\t\t\t\t\t<h3 class=\"elementor-heading-title elementor-size-default\">Keno-utbetalinger<\/h3>\t\t\t\t<\/div>\n\t\t\t\t<\/div>\n\t\t\t\t<div class=\"elementor-element elementor-element-4de6a37 elementor-widget elementor-widget-text-editor\" data-id=\"4de6a37\" data-element_type=\"widget\" data-widget_type=\"text-editor.default\">\n\t\t\t\t<div class=\"elementor-widget-container\">\n\t\t\t\t\t\t\t\t\t<p>Multi-race keno krever at du spiller det samme nummeret i en serie med p\u00e5f\u00f8lgende spill, mellom 2 og 20 spill, og (vanligvis) kan du bare kreve gevinsten din etter det siste spillet i serien. Du m\u00e5 ogs\u00e5 betale minimumsbel\u00f8pet for hvert spill. For eksempel m\u00e5 du betale 2,30 euro for et keno-spill med 15 spill.  <\/p>\n\t\t\t\t\t\t\t\t<\/div>\n\t\t\t\t<\/div>\n\t\t\t\t<div class=\"elementor-element elementor-element-04b4d1b elementor-widget elementor-widget-heading\" data-id=\"04b4d1b\" data-element_type=\"widget\" data-widget_type=\"heading.default\">\n\t\t\t\t<div class=\"elementor-widget-container\">\n\t\t\t\t\t<h3 class=\"elementor-heading-title elementor-size-default\">V\u00e5re keno-tips og triks:<\/h3>\t\t\t\t<\/div>\n\t\t\t\t<\/div>\n\t\t\t\t<div class=\"elementor-element elementor-element-b3019bf elementor-widget elementor-widget-text-editor\" data-id=\"b3019bf\" data-element_type=\"widget\" data-widget_type=\"text-editor.default\">\n\t\t\t\t<div class=\"elementor-widget-container\">\n\t\t\t\t\t\t\t\t\t<p>Keno er et rent sjansespill. Det finnes ingen &laquo;strategi&raquo; som kan forbedre sjansene dine for \u00e5 trekke ut riktige tall. Du kan imidlertid \u00f8ke gevinstene dine ved \u00e5 velge f\u00e6rre tall og h\u00e5pe p\u00e5 \u00e5 velge en h\u00f8yere prosentandel riktige keno-tall.  <\/p>\n<p>Til \u00e5 begynne med er det en god id\u00e9 \u00e5 spille gratis Keno p\u00e5 nett i en <a href=\"https:\/\/casinoreturn.com\/no\/demo-kasinospilleautomater\/\">Keno-demoversjon<\/a>. P\u00e5 denne m\u00e5ten kan du oppleve online spillbiblioteket, og hvis du spiller gratis, kan du pr\u00f8ve forskjellige online keno-varianter. De fleste spilleautomater har en gratisversjon eller en \u00f8vingsmodus. Dette er ment \u00e5 gi nye spillere muligheten til \u00e5 spille spillet uten \u00e5 m\u00e5tte spille med ekte penger. N\u00e5r du er kjent med nettplattformen, kan du begynne \u00e5 spille keno-spill med ekte penger. For \u00e5 maksimere moroa m\u00e5 du huske \u00e5 f\u00f8lge n\u00f8ye med p\u00e5 saldoen din og aldri satse mer enn du er villig til \u00e5 tape. I Keno kan det v\u00e6re lurt \u00e5 spille flere spill, s\u00e5 v\u00e6r s\u00e5 snill \u00e5 satse tilsvarende for \u00e5 holde moroa. Du m\u00e5 ogs\u00e5 sjekke de forskjellige bonustilbudene i spillbiblioteket som kan \u00f8ke underholdningsverdien. Det du b\u00f8r huske er at keno er et sjansespill. For deg betyr dette at vinnersjansene alltid vil v\u00e6re like store.         <\/p>\n\t\t\t\t\t\t\t\t<\/div>\n\t\t\t\t<\/div>\n\t\t\t\t<\/div>\n\t\t\t\t<\/div>\n\t\t","protected":false},"excerpt":{"rendered":"<p>Keno-regler og Keno-strategier p\u00e5 nett Online Keno-regler og dets historie Spillet Keno, som ble skapt i Kina, ble brakt til USA av kinesiske immigranter p\u00e5 slutten av 1800-tallet. Opprinnelig ble Keno spilt med 80 kinesiske tegn, som senere ble erstattet av 80 arabiske tall i USA. Veddel\u00f8pshesten heter Keno! I Nevada har de enkelte tallene [&hellip;]<\/p>\n","protected":false},"author":1,"featured_media":0,"parent":0,"menu_order":0,"comment_status":"closed","ping_status":"closed","template":"","meta":{"footnotes":""},"class_list":["post-5012","page","type-page","status-publish","hentry"],"blocksy_meta":[],"acf":[],"yoast_head":"<!-- This site is optimized with the Yoast SEO plugin v24.1 - https:\/\/yoast.com\/wordpress\/plugins\/seo\/ -->\n<title>Regler for Keno p\u00e5 nett - casinoreturn<\/title>\n<meta name=\"description\" content=\"Online Keno-regler og dens historie. Et av de mest popul\u00e6re spillene de siste \u00e5rene. Bli med oss og les mer om strategier og Keno-strategier.\" \/>\n<meta name=\"robots\" content=\"index, follow, max-snippet:-1, max-image-preview:large, max-video-preview:-1\" \/>\n<link rel=\"canonical\" href=\"https:\/\/casinoreturn.com\/no\/regler-for-keno-pa-nett\/\" \/>\n<meta property=\"og:locale\" content=\"nb_NO\" \/>\n<meta property=\"og:type\" content=\"article\" \/>\n<meta property=\"og:title\" content=\"Regler for Keno p\u00e5 nett - casinoreturn\" \/>\n<meta property=\"og:description\" content=\"Online Keno-regler og dens historie. Et av de mest popul\u00e6re spillene de siste \u00e5rene. Bli med oss og les mer om strategier og Keno-strategier.\" \/>\n<meta property=\"og:url\" content=\"https:\/\/casinoreturn.com\/no\/regler-for-keno-pa-nett\/\" \/>\n<meta property=\"og:site_name\" content=\"casinoreturn\" \/>\n<meta property=\"article:modified_time\" content=\"2024-12-04T13:39:38+00:00\" \/>\n<meta property=\"og:image\" content=\"https:\/\/casinoreturn.com\/wp-content\/uploads\/2024\/11\/Online-Keno-Rules.png\" \/>\n\t<meta property=\"og:image:width\" content=\"200\" \/>\n\t<meta property=\"og:image:height\" content=\"200\" \/>\n\t<meta property=\"og:image:type\" content=\"image\/png\" \/>\n<meta name=\"twitter:card\" content=\"summary_large_image\" \/>\n<meta name=\"twitter:label1\" content=\"Ansl. lesetid\" \/>\n\t<meta name=\"twitter:data1\" content=\"4 minutter\" \/>\n<script type=\"application\/ld+json\" class=\"yoast-schema-graph\">{\"@context\":\"https:\/\/schema.org\",\"@graph\":[{\"@type\":\"WebPage\",\"@id\":\"https:\/\/casinoreturn.com\/no\/regler-for-keno-pa-nett\/\",\"url\":\"https:\/\/casinoreturn.com\/no\/regler-for-keno-pa-nett\/\",\"name\":\"Regler for Keno p\u00e5 nett - casinoreturn\",\"isPartOf\":{\"@id\":\"https:\/\/casinoreturn.com\/#website\"},\"primaryImageOfPage\":{\"@id\":\"https:\/\/casinoreturn.com\/no\/regler-for-keno-pa-nett\/#primaryimage\"},\"image\":{\"@id\":\"https:\/\/casinoreturn.com\/no\/regler-for-keno-pa-nett\/#primaryimage\"},\"thumbnailUrl\":\"https:\/\/casinoreturn.com\/wp-content\/uploads\/2024\/11\/Online-Keno-Rules.png\",\"datePublished\":\"2024-11-13T17:29:31+00:00\",\"dateModified\":\"2024-12-04T13:39:38+00:00\",\"description\":\"Online Keno-regler og dens historie. Et av de mest popul\u00e6re spillene de siste \u00e5rene. Bli med oss og les mer om strategier og Keno-strategier.\",\"breadcrumb\":{\"@id\":\"https:\/\/casinoreturn.com\/no\/regler-for-keno-pa-nett\/#breadcrumb\"},\"inLanguage\":\"nb-NO\",\"potentialAction\":[{\"@type\":\"ReadAction\",\"target\":[\"https:\/\/casinoreturn.com\/no\/regler-for-keno-pa-nett\/\"]}]},{\"@type\":\"ImageObject\",\"inLanguage\":\"nb-NO\",\"@id\":\"https:\/\/casinoreturn.com\/no\/regler-for-keno-pa-nett\/#primaryimage\",\"url\":\"https:\/\/casinoreturn.com\/wp-content\/uploads\/2024\/11\/Online-Keno-Rules.png\",\"contentUrl\":\"https:\/\/casinoreturn.com\/wp-content\/uploads\/2024\/11\/Online-Keno-Rules.png\"},{\"@type\":\"BreadcrumbList\",\"@id\":\"https:\/\/casinoreturn.com\/no\/regler-for-keno-pa-nett\/#breadcrumb\",\"itemListElement\":[{\"@type\":\"ListItem\",\"position\":1,\"name\":\"Home\",\"item\":\"https:\/\/casinoreturn.com\/no\/hjem\/\"},{\"@type\":\"ListItem\",\"position\":2,\"name\":\"Regler for Keno p\u00e5 nett\"}]},{\"@type\":\"WebSite\",\"@id\":\"https:\/\/casinoreturn.com\/#website\",\"url\":\"https:\/\/casinoreturn.com\/\",\"name\":\"casinoreturn\",\"description\":\"\",\"publisher\":{\"@id\":\"https:\/\/casinoreturn.com\/#organization\"},\"potentialAction\":[{\"@type\":\"SearchAction\",\"target\":{\"@type\":\"EntryPoint\",\"urlTemplate\":\"https:\/\/casinoreturn.com\/?s={search_term_string}\"},\"query-input\":{\"@type\":\"PropertyValueSpecification\",\"valueRequired\":true,\"valueName\":\"search_term_string\"}}],\"inLanguage\":\"nb-NO\"},{\"@type\":\"Organization\",\"@id\":\"https:\/\/casinoreturn.com\/#organization\",\"name\":\"casinoreturn\",\"url\":\"https:\/\/casinoreturn.com\/\",\"logo\":{\"@type\":\"ImageObject\",\"inLanguage\":\"nb-NO\",\"@id\":\"https:\/\/casinoreturn.com\/#\/schema\/logo\/image\/\",\"url\":\"https:\/\/casinoreturn.com\/wp-content\/uploads\/2024\/09\/animal-favicon.png\",\"contentUrl\":\"https:\/\/casinoreturn.com\/wp-content\/uploads\/2024\/09\/animal-favicon.png\",\"width\":92,\"height\":92,\"caption\":\"casinoreturn\"},\"image\":{\"@id\":\"https:\/\/casinoreturn.com\/#\/schema\/logo\/image\/\"}}]}<\/script>\n<!-- \/ Yoast SEO plugin. -->","yoast_head_json":{"title":"Regler for Keno p\u00e5 nett - casinoreturn","description":"Online Keno-regler og dens historie. Et av de mest popul\u00e6re spillene de siste \u00e5rene. Bli med oss og les mer om strategier og Keno-strategier.","robots":{"index":"index","follow":"follow","max-snippet":"max-snippet:-1","max-image-preview":"max-image-preview:large","max-video-preview":"max-video-preview:-1"},"canonical":"https:\/\/casinoreturn.com\/no\/regler-for-keno-pa-nett\/","og_locale":"nb_NO","og_type":"article","og_title":"Regler for Keno p\u00e5 nett - casinoreturn","og_description":"Online Keno-regler og dens historie. Et av de mest popul\u00e6re spillene de siste \u00e5rene. Bli med oss og les mer om strategier og Keno-strategier.","og_url":"https:\/\/casinoreturn.com\/no\/regler-for-keno-pa-nett\/","og_site_name":"casinoreturn","article_modified_time":"2024-12-04T13:39:38+00:00","og_image":[{"width":200,"height":200,"url":"https:\/\/casinoreturn.com\/wp-content\/uploads\/2024\/11\/Online-Keno-Rules.png","type":"image\/png"}],"twitter_card":"summary_large_image","twitter_misc":{"Ansl. lesetid":"4 minutter"},"schema":{"@context":"https:\/\/schema.org","@graph":[{"@type":"WebPage","@id":"https:\/\/casinoreturn.com\/no\/regler-for-keno-pa-nett\/","url":"https:\/\/casinoreturn.com\/no\/regler-for-keno-pa-nett\/","name":"Regler for Keno p\u00e5 nett - casinoreturn","isPartOf":{"@id":"https:\/\/casinoreturn.com\/#website"},"primaryImageOfPage":{"@id":"https:\/\/casinoreturn.com\/no\/regler-for-keno-pa-nett\/#primaryimage"},"image":{"@id":"https:\/\/casinoreturn.com\/no\/regler-for-keno-pa-nett\/#primaryimage"},"thumbnailUrl":"https:\/\/casinoreturn.com\/wp-content\/uploads\/2024\/11\/Online-Keno-Rules.png","datePublished":"2024-11-13T17:29:31+00:00","dateModified":"2024-12-04T13:39:38+00:00","description":"Online Keno-regler og dens historie. Et av de mest popul\u00e6re spillene de siste \u00e5rene. Bli med oss og les mer om strategier og Keno-strategier.","breadcrumb":{"@id":"https:\/\/casinoreturn.com\/no\/regler-for-keno-pa-nett\/#breadcrumb"},"inLanguage":"nb-NO","potentialAction":[{"@type":"ReadAction","target":["https:\/\/casinoreturn.com\/no\/regler-for-keno-pa-nett\/"]}]},{"@type":"ImageObject","inLanguage":"nb-NO","@id":"https:\/\/casinoreturn.com\/no\/regler-for-keno-pa-nett\/#primaryimage","url":"https:\/\/casinoreturn.com\/wp-content\/uploads\/2024\/11\/Online-Keno-Rules.png","contentUrl":"https:\/\/casinoreturn.com\/wp-content\/uploads\/2024\/11\/Online-Keno-Rules.png"},{"@type":"BreadcrumbList","@id":"https:\/\/casinoreturn.com\/no\/regler-for-keno-pa-nett\/#breadcrumb","itemListElement":[{"@type":"ListItem","position":1,"name":"Home","item":"https:\/\/casinoreturn.com\/no\/hjem\/"},{"@type":"ListItem","position":2,"name":"Regler for Keno p\u00e5 nett"}]},{"@type":"WebSite","@id":"https:\/\/casinoreturn.com\/#website","url":"https:\/\/casinoreturn.com\/","name":"casinoreturn","description":"","publisher":{"@id":"https:\/\/casinoreturn.com\/#organization"},"potentialAction":[{"@type":"SearchAction","target":{"@type":"EntryPoint","urlTemplate":"https:\/\/casinoreturn.com\/?s={search_term_string}"},"query-input":{"@type":"PropertyValueSpecification","valueRequired":true,"valueName":"search_term_string"}}],"inLanguage":"nb-NO"},{"@type":"Organization","@id":"https:\/\/casinoreturn.com\/#organization","name":"casinoreturn","url":"https:\/\/casinoreturn.com\/","logo":{"@type":"ImageObject","inLanguage":"nb-NO","@id":"https:\/\/casinoreturn.com\/#\/schema\/logo\/image\/","url":"https:\/\/casinoreturn.com\/wp-content\/uploads\/2024\/09\/animal-favicon.png","contentUrl":"https:\/\/casinoreturn.com\/wp-content\/uploads\/2024\/09\/animal-favicon.png","width":92,"height":92,"caption":"casinoreturn"},"image":{"@id":"https:\/\/casinoreturn.com\/#\/schema\/logo\/image\/"}}]}},"_links":{"self":[{"href":"https:\/\/casinoreturn.com\/no\/wp-json\/wp\/v2\/pages\/5012","targetHints":{"allow":["GET"]}}],"collection":[{"href":"https:\/\/casinoreturn.com\/no\/wp-json\/wp\/v2\/pages"}],"about":[{"href":"https:\/\/casinoreturn.com\/no\/wp-json\/wp\/v2\/types\/page"}],"author":[{"embeddable":true,"href":"https:\/\/casinoreturn.com\/no\/wp-json\/wp\/v2\/users\/1"}],"replies":[{"embeddable":true,"href":"https:\/\/casinoreturn.com\/no\/wp-json\/wp\/v2\/comments?post=5012"}],"version-history":[{"count":1,"href":"https:\/\/casinoreturn.com\/no\/wp-json\/wp\/v2\/pages\/5012\/revisions"}],"predecessor-version":[{"id":5013,"href":"https:\/\/casinoreturn.com\/no\/wp-json\/wp\/v2\/pages\/5012\/revisions\/5013"}],"wp:attachment":[{"href":"https:\/\/casinoreturn.com\/no\/wp-json\/wp\/v2\/media?parent=5012"}],"curies":[{"name":"wp","href":"https:\/\/api.w.org\/{rel}","templated":true}]}}