{"id":5034,"date":"2024-11-18T13:28:59","date_gmt":"2024-11-18T13:28:59","guid":{"rendered":"https:\/\/casinoreturn.com\/online-poker-kasinoer\/"},"modified":"2024-12-04T13:45:36","modified_gmt":"2024-12-04T13:45:36","slug":"online-poker-kasinoer","status":"publish","type":"page","link":"https:\/\/casinoreturn.com\/no\/online-poker-kasinoer\/","title":{"rendered":"Online poker kasinoer"},"content":{"rendered":"\t\t<div data-elementor-type=\"wp-page\" data-elementor-id=\"5034\" class=\"elementor elementor-5034\" data-elementor-post-type=\"page\">\n\t\t\t\t<div class=\"elementor-element elementor-element-4ba7716 e-con-full e-flex e-con e-parent\" data-id=\"4ba7716\" data-element_type=\"container\">\n\t\t\t\t<div class=\"elementor-element elementor-element-55f6576 elementor-widget elementor-widget-image\" data-id=\"55f6576\" data-element_type=\"widget\" data-widget_type=\"image.default\">\n\t\t\t\t<div class=\"elementor-widget-container\">\n\t\t\t\t\t\t\t\t\t\t\t\t\t\t\t<img fetchpriority=\"high\" decoding=\"async\" width=\"590\" height=\"400\" src=\"https:\/\/casinoreturn.com\/wp-content\/uploads\/2024\/11\/online-casino-poker.jpg\" class=\"attachment-large size-large wp-image-3344\" alt=\"Creator Television and Poker World Tour allign\" srcset=\"https:\/\/casinoreturn.com\/wp-content\/uploads\/2024\/11\/online-casino-poker.jpg 590w, https:\/\/casinoreturn.com\/wp-content\/uploads\/2024\/11\/online-casino-poker-300x203.jpg 300w\" sizes=\"(max-width: 590px) 100vw, 590px\" \/>\t\t\t\t\t\t\t\t\t\t\t\t\t\t\t<\/div>\n\t\t\t\t<\/div>\n\t\t\t\t<\/div>\n\t\t<div class=\"elementor-element elementor-element-53e2d9a e-con-full e-flex e-con e-parent\" data-id=\"53e2d9a\" data-element_type=\"container\">\n\t\t\t\t<div class=\"elementor-element elementor-element-88249d5 elementor-widget elementor-widget-heading\" data-id=\"88249d5\" data-element_type=\"widget\" data-widget_type=\"heading.default\">\n\t\t\t\t<div class=\"elementor-widget-container\">\n\t\t\t\t\t<h2 class=\"elementor-heading-title elementor-size-default\">Poker og bordspill p\u00e5 nettkasino<\/h2>\t\t\t\t<\/div>\n\t\t\t\t<\/div>\n\t\t\t\t<div class=\"elementor-element elementor-element-da5d0c0 elementor-widget elementor-widget-text-editor\" data-id=\"da5d0c0\" data-element_type=\"widget\" data-widget_type=\"text-editor.default\">\n\t\t\t\t<div class=\"elementor-widget-container\">\n\t\t\t\t\t\t\t\t\t<p>Online Poker kasinoer som tilbyr bordspill som poker, blackjack eller rulett er topprangerte n\u00e5 for tiden i online kasinoer. S\u00e5 hvis du \u00f8nsker \u00e5 nyte denne typen bordspill, ta en titt p\u00e5 v\u00e5r nettside <a href=\"https:\/\/casinoreturn.com\/no\/\">Casinoreturn.com<\/a>, og nyt de beste online kasinoene med de beste velkomsttilbudene, blackjack online bonuser, poker online bonuser og roulette online bonuser. Vi velger v\u00e5re online kasinoer med visse kriterier som er viktige for oss og de fleste spillere.  <\/p>\n\t\t\t\t\t\t\t\t<\/div>\n\t\t\t\t<\/div>\n\t\t\t\t<div class=\"elementor-element elementor-element-3fcfed4 elementor-button-success elementor-align-center elementor-widget elementor-widget-button\" data-id=\"3fcfed4\" data-element_type=\"widget\" data-widget_type=\"button.default\">\n\t\t\t\t<div class=\"elementor-widget-container\">\n\t\t\t\t\t\t\t\t\t<div class=\"elementor-button-wrapper\">\n\t\t\t\t\t<a class=\"elementor-button elementor-button-link elementor-size-sm\" href=\"#\">\n\t\t\t\t\t\t<span class=\"elementor-button-content-wrapper\">\n\t\t\t\t\t\t\t\t\t<span class=\"elementor-button-text\">Pokerkasinoer her<\/span>\n\t\t\t\t\t<\/span>\n\t\t\t\t\t<\/a>\n\t\t\t\t<\/div>\n\t\t\t\t\t\t\t\t<\/div>\n\t\t\t\t<\/div>\n\t\t\t\t<div class=\"elementor-element elementor-element-0160e80 elementor-widget elementor-widget-heading\" data-id=\"0160e80\" data-element_type=\"widget\" data-widget_type=\"heading.default\">\n\t\t\t\t<div class=\"elementor-widget-container\">\n\t\t\t\t\t<h2 class=\"elementor-heading-title elementor-size-default\">Nettpoker - Hva du b\u00f8r vite...  <\/h2>\t\t\t\t<\/div>\n\t\t\t\t<\/div>\n\t\t\t\t<\/div>\n\t\t<div class=\"elementor-element elementor-element-0fd31a4 e-con-full e-flex e-con e-parent\" data-id=\"0fd31a4\" data-element_type=\"container\">\n\t\t\t\t<div class=\"elementor-element elementor-element-c41a6b9 elementor-widget elementor-widget-text-editor\" data-id=\"c41a6b9\" data-element_type=\"widget\" data-widget_type=\"text-editor.default\">\n\t\t\t\t<div class=\"elementor-widget-container\">\n\t\t\t\t\t\t\t\t\t<p>Du har sikkert h\u00f8rt om begrepet Poker Face. Dette uttrykket ble ikke oppfunnet bare s\u00e5nn, for det ligger noe mer bak. I pokerspill er vinneren ikke alltid den som har den sterkeste h\u00e5nden, men den som er flinkest til \u00e5 bl\u00f8ffe og ikke lar motstanderen f\u00e5 vite hvilke kort han har p\u00e5 h\u00e5nden.    <br \/>Poker- De viktigste vilk\u00e5r og betingelser. Og vi snakker ikke bare om <a href=\"https:\/\/casinoreturn.com\/royal-flush-in-poker\/\"><strong>Royal Flush i Poker<\/strong>.<\/a><br \/>F\u00f8rst, du b\u00f8r gj\u00f8re deg kjent med noen vilk\u00e5r f\u00f8r du spiller spillet. <\/p>\n\t\t\t\t\t\t\t\t<\/div>\n\t\t\t\t<\/div>\n\t\t\t\t<div class=\"elementor-element elementor-element-237f77d elementor-widget elementor-widget-heading\" data-id=\"237f77d\" data-element_type=\"widget\" data-widget_type=\"heading.default\">\n\t\t\t\t<div class=\"elementor-widget-container\">\n\t\t\t\t\t<h3 class=\"elementor-heading-title elementor-size-default\">Oversikt over pokerbegrepene<\/h3>\t\t\t\t<\/div>\n\t\t\t\t<\/div>\n\t\t\t\t<div class=\"elementor-element elementor-element-066743c elementor-widget elementor-widget-text-editor\" data-id=\"066743c\" data-element_type=\"widget\" data-widget_type=\"text-editor.default\">\n\t\t\t\t<div class=\"elementor-widget-container\">\n\t\t\t\t\t\t\t\t\t<p>De viktigste begrepene i korte trekk: &laquo;Action&raquo; refererer til spillernes handlinger i en runde, som kan v\u00e6re &laquo;Check, Bet, Call, Raise, Re-Raise eller Fold&raquo;. Les mer om trekkene senere. Hvis en spiller satser all in, satser han p\u00e5 alle sjetongene han har igjen.<br \/>Pokerpotten er den totale summen penger som er samlet inn fra spillerens runde. Dette inkluderer alle innsatser som ante og blinds. Ante og blinds er obligatoriske innsatser som hver spiller m\u00e5 fullf\u00f8re f\u00f8r spillet starter og han f\u00e5r se kortene sine. Disse er en fast forutsetning.<br \/>Det s\u00e5kalte bad beat starter n\u00e5r et veldig sterkt kort blir beseiret av et betydelig svakere kort. Vinneren har da bare vunnet med et slag av \u00f8kt flaks. Generelt er sjansen omtrent 5-10%. En big stack er den som har flest sjetonger i pokerrunden.        <\/p>\n\t\t\t\t\t\t\t\t<\/div>\n\t\t\t\t<\/div>\n\t\t\t\t<div class=\"elementor-element elementor-element-78d5a6b elementor-widget elementor-widget-heading\" data-id=\"78d5a6b\" data-element_type=\"widget\" data-widget_type=\"heading.default\">\n\t\t\t\t<div class=\"elementor-widget-container\">\n\t\t\t\t\t<h3 class=\"elementor-heading-title elementor-size-default\">Pokerfjes og bl\u00f8ff<\/h3>\t\t\t\t<\/div>\n\t\t\t\t<\/div>\n\t\t\t\t<div class=\"elementor-element elementor-element-de184d4 elementor-widget elementor-widget-text-editor\" data-id=\"de184d4\" data-element_type=\"widget\" data-widget_type=\"text-editor.default\">\n\t\t\t\t<div class=\"elementor-widget-container\">\n\t\t\t\t\t\t\t\t\t<p>Som med pokerface er bl\u00f8ffing en av de viktigste egenskapene du m\u00e5 ha hvis du skal lykkes med \u00e5 spille poker. Fordi det er viktig at selv om kortene er veldig d\u00e5rlige, skal ingenting bli lagt merke til av de andre spillerne. Ellers kan du ikke ha et vellykket spill. I en bl\u00f8ff pr\u00f8ver en spiller \u00e5 f\u00e5 motstanderen til \u00e5 kaste seg ved \u00e5 h\u00f8yne eller satse.<br \/>Brettet er vanligvis de 5 felleskortene som ligger p\u00e5 bordet og tilh\u00f8rer alle spillerne. Dealerknappen, en stor mark\u00f8r, bestemmer dealerens posisjon p\u00e5 bordet. Knappen flyttes en posisjon til venstre etter hver spillerunde, men spillerne ved bordet trenger bare \u00e5 stokke og dele ut kortene selv i den private pokerrunden. I kasinoet gj\u00f8res dette av croupieren. Kortene fordeles automatisk p\u00e5 nettet. Knappen er ogs\u00e5 viktig for spillstrategien fordi spilleren som f\u00e5r knappen i den aktuelle runden, ogs\u00e5 kalles knappen og m\u00e5 starte i innsatsrunden.        <\/p>\n\t\t\t\t\t\t\t\t<\/div>\n\t\t\t\t<\/div>\n\t\t\t\t<div class=\"elementor-element elementor-element-f8ea4cb elementor-widget elementor-widget-heading\" data-id=\"f8ea4cb\" data-element_type=\"widget\" data-widget_type=\"heading.default\">\n\t\t\t\t<div class=\"elementor-widget-container\">\n\t\t\t\t\t<h3 class=\"elementor-heading-title elementor-size-default\">Forventet verdi i poker<\/h3>\t\t\t\t<\/div>\n\t\t\t\t<\/div>\n\t\t\t\t<div class=\"elementor-element elementor-element-412796c elementor-widget elementor-widget-heading\" data-id=\"412796c\" data-element_type=\"widget\" data-widget_type=\"heading.default\">\n\t\t\t\t<div class=\"elementor-widget-container\">\n\t\t\t\t\t<h5 class=\"elementor-heading-title elementor-size-default\">Ev - Forventet verdi i pokerbord p\u00e5 nett<\/h5>\t\t\t\t<\/div>\n\t\t\t\t<\/div>\n\t\t\t\t<div class=\"elementor-element elementor-element-0b64256 elementor-widget elementor-widget-text-editor\" data-id=\"0b64256\" data-element_type=\"widget\" data-widget_type=\"text-editor.default\">\n\t\t\t\t<div class=\"elementor-widget-container\">\n\t\t\t\t\t\t\t\t\t<p>Bel\u00f8pet en spiller m\u00e5 betale for \u00e5 starte en turnering eller sit and go kalles buy-in. Startavgiften brukes hovedsakelig til \u00e5 finansiere premiepotten, men kasinoet beholder en liten avgift som provisjon. En annen spillers bedre posisjon kan kalles en fordel.<br \/>EV er den &laquo;forventede verdien&raquo; under avspilling. EV kalles ogs\u00e5 en forventningsverdi. Positiv forventningsverdi, forkortet + EV, krediteres i gjennomsnitt. Hvis du tjener 500 amerikanske dollar p\u00e5 100 timer, forventer du 5 amerikanske dollar per time. Dette kan brukes til \u00e5 beregne statistisk forventet inntekt.      <\/p>\n\t\t\t\t\t\t\t\t<\/div>\n\t\t\t\t<\/div>\n\t\t\t\t<div class=\"elementor-element elementor-element-af7c57c elementor-widget elementor-widget-heading\" data-id=\"af7c57c\" data-element_type=\"widget\" data-widget_type=\"heading.default\">\n\t\t\t\t<div class=\"elementor-widget-container\">\n\t\t\t\t\t<h3 class=\"elementor-heading-title elementor-size-default\">3 Bet Online Poker<\/h3>\t\t\t\t<\/div>\n\t\t\t\t<\/div>\n\t\t\t\t<div class=\"elementor-element elementor-element-d168eae elementor-widget elementor-widget-text-editor\" data-id=\"d168eae\" data-element_type=\"widget\" data-widget_type=\"text-editor.default\">\n\t\t\t\t<div class=\"elementor-widget-container\">\n\t\t\t\t\t\t\t\t\t<p>Et 3-bet i nettpoker er n\u00e5r en spiller plasserer en innsats og en annen spiller allerede har forh\u00f8yet en innsats og deretter forh\u00f8yet den igjen. Et 3-bet er den tredje forh\u00f8yelsen i en innsatsrunde. Derfor er begreper som 4-Bet og 5-Bet  <\/p>\n\t\t\t\t\t\t\t\t<\/div>\n\t\t\t\t<\/div>\n\t\t\t\t<div class=\"elementor-element elementor-element-9f9793c elementor-widget elementor-widget-heading\" data-id=\"9f9793c\" data-element_type=\"widget\" data-widget_type=\"heading.default\">\n\t\t\t\t<div class=\"elementor-widget-container\">\n\t\t\t\t\t<h3 class=\"elementor-heading-title elementor-size-default\">Hvordan starter et pokerspill?<\/h3>\t\t\t\t<\/div>\n\t\t\t\t<\/div>\n\t\t\t\t<div class=\"elementor-element elementor-element-a0746bd elementor-widget elementor-widget-text-editor\" data-id=\"a0746bd\" data-element_type=\"widget\" data-widget_type=\"text-editor.default\">\n\t\t\t\t<div class=\"elementor-widget-container\">\n\t\t\t\t\t\t\t\t\t<p>N\u00e5 kjenner du de viktigste begrepene n\u00e5r du spiller poker. La oss begynne med kortutdeling og innsatsrunder:<br \/>Etter at alle kortene er delt ut, starter spillet vanligvis med klokken. Det er forskjellige spillhandlinger som hver spiller kan spille ved bordet n\u00e5r det er deres tur. Disse er: Check, Bet, Fold, Call og Raise.<br \/>N\u00e5r man sjekker, ogs\u00e5 kalt pushing, unng\u00e5r man \u00e5 satse i en runde for \u00e5 \u00e5pne. Dette kan bare gj\u00f8res hvis ingen innsats er plassert i denne runden. Rekkef\u00f8lgen fortsetter med klokken som f\u00f8lger.     <\/p>\n\t\t\t\t\t\t\t\t<\/div>\n\t\t\t\t<\/div>\n\t\t\t\t<div class=\"elementor-element elementor-element-a687ff3 elementor-widget elementor-widget-heading\" data-id=\"a687ff3\" data-element_type=\"widget\" data-widget_type=\"heading.default\">\n\t\t\t\t<div class=\"elementor-widget-container\">\n\t\t\t\t\t<h4 class=\"elementor-heading-title elementor-size-default\">Hva er spill i poker?<\/h4>\t\t\t\t<\/div>\n\t\t\t\t<\/div>\n\t\t\t\t<div class=\"elementor-element elementor-element-704caae elementor-widget elementor-widget-text-editor\" data-id=\"704caae\" data-element_type=\"widget\" data-widget_type=\"text-editor.default\">\n\t\t\t\t<div class=\"elementor-widget-container\">\n\t\t\t\t\t\t\t\t\t<p>Innsats, ogs\u00e5 kalt betting, kan gj\u00f8res hvis ingen andre spillere har plassert en innsats i den aktuelle h\u00e5nden. N\u00e5r noen har satset, m\u00e5 alle andre spillere satse det samme bel\u00f8pet, noe som ogs\u00e5 kalles \u00e5 syne.<br \/>N\u00e5r man folder eller kaster, kaster spilleren kortene sine og kan f\u00f8lgelig ikke vinne i denne runden. <\/p>\n\t\t\t\t\t\t\t\t<\/div>\n\t\t\t\t<\/div>\n\t\t\t\t<div class=\"elementor-element elementor-element-3fb9e7d elementor-widget elementor-widget-heading\" data-id=\"3fb9e7d\" data-element_type=\"widget\" data-widget_type=\"heading.default\">\n\t\t\t\t<div class=\"elementor-widget-container\">\n\t\t\t\t\t<h3 class=\"elementor-heading-title elementor-size-default\">Hva er en samtale i online poker?<\/h3>\t\t\t\t<\/div>\n\t\t\t\t<\/div>\n\t\t\t\t<div class=\"elementor-element elementor-element-1cab00a elementor-widget elementor-widget-text-editor\" data-id=\"1cab00a\" data-element_type=\"widget\" data-widget_type=\"text-editor.default\">\n\t\t\t\t<div class=\"elementor-widget-container\">\n\t\t\t\t\t\t\t\t\t<p>Samtalen, eller til og med g\u00e5, kan gj\u00f8res hvis andre spillere har spilt innsatsen i l\u00f8pet av runden. Innsatsen m\u00e5 v\u00e6re den h\u00f8yeste.<br \/>Heving eller forh\u00f8yelse skjer n\u00e5r spilleren \u00f8ker innsatsen sin i l\u00f8pet av spillet etter at den andre spilleren allerede har satset. Ved \u00e5 gj\u00f8re dette m\u00e5 det maksimale bel\u00f8pet av innsatsen hentes ut. For de andre spillerne betyr det omvendt at de m\u00e5 foreta en ny h\u00f8yning for \u00e5 holde seg i h\u00e5nden. Dette betyr at de m\u00e5 g\u00e5 med h\u00f8yningssettet eller h\u00f8yne igjen.<br \/>Den beste online kasinopokeren, pokerbonusen og pokerregistreringsbonusen uten innskudd finner du p\u00e5 nettstedet v\u00e5rt Casinoreturn.com    <\/p>\n\t\t\t\t\t\t\t\t<\/div>\n\t\t\t\t<\/div>\n\t\t\t\t<div class=\"elementor-element elementor-element-9937db7 elementor-widget elementor-widget-heading\" data-id=\"9937db7\" data-element_type=\"widget\" data-widget_type=\"heading.default\">\n\t\t\t\t<div class=\"elementor-widget-container\">\n\t\t\t\t\t<h2 class=\"elementor-heading-title elementor-size-default\">Topp 10 av de beste online pokerkasinoene  <\/h2>\t\t\t\t<\/div>\n\t\t\t\t<\/div>\n\t\t\t\t<div class=\"elementor-element elementor-element-00402b0 elementor-widget elementor-widget-image\" data-id=\"00402b0\" data-element_type=\"widget\" data-widget_type=\"image.default\">\n\t\t\t\t<div class=\"elementor-widget-container\">\n\t\t\t\t\t\t\t\t\t\t\t\t\t\t\t<img decoding=\"async\" width=\"470\" height=\"376\" src=\"https:\/\/casinoreturn.com\/wp-content\/uploads\/2024\/11\/Pokerstars-Poker.jpg\" class=\"attachment-large size-large wp-image-3356\" alt=\"Pokerstars Poker\" srcset=\"https:\/\/casinoreturn.com\/wp-content\/uploads\/2024\/11\/Pokerstars-Poker.jpg 470w, https:\/\/casinoreturn.com\/wp-content\/uploads\/2024\/11\/Pokerstars-Poker-300x240.jpg 300w\" sizes=\"(max-width: 470px) 100vw, 470px\" \/>\t\t\t\t\t\t\t\t\t\t\t\t\t\t\t<\/div>\n\t\t\t\t<\/div>\n\t\t\t\t<div class=\"elementor-element elementor-element-ec5dfe1 elementor-align-center elementor-widget__width-initial elementor-button-success elementor-widget elementor-widget-button\" data-id=\"ec5dfe1\" data-element_type=\"widget\" data-widget_type=\"button.default\">\n\t\t\t\t<div class=\"elementor-widget-container\">\n\t\t\t\t\t\t\t\t\t<div class=\"elementor-button-wrapper\">\n\t\t\t\t\t<a class=\"elementor-button elementor-button-link elementor-size-sm\" href=\"#\">\n\t\t\t\t\t\t<span class=\"elementor-button-content-wrapper\">\n\t\t\t\t\t\t\t\t\t<span class=\"elementor-button-text\">Klikk her<\/span>\n\t\t\t\t\t<\/span>\n\t\t\t\t\t<\/a>\n\t\t\t\t<\/div>\n\t\t\t\t\t\t\t\t<\/div>\n\t\t\t\t<\/div>\n\t\t\t\t<\/div>\n\t\t<div class=\"elementor-element elementor-element-5d6be10 e-con-full e-flex e-con e-parent\" data-id=\"5d6be10\" data-element_type=\"container\">\n\t\t\t\t<div class=\"elementor-element elementor-element-88493fe elementor-widget elementor-widget-text-editor\" data-id=\"88493fe\" data-element_type=\"widget\" data-widget_type=\"text-editor.default\">\n\t\t\t\t<div class=\"elementor-widget-container\">\n\t\t\t\t\t\t\t\t\t<ul>\n<li>100 % pokerbonus  <\/li>\n<li>Et av de st\u00f8rste navnene i poker  <\/li>\n<li>Profesjonell support 24\/7<\/li>\n<li>De fleste betalingsmetoder aksepteres<\/li>\n<\/ul>\n\t\t\t\t\t\t\t\t<\/div>\n\t\t\t\t<\/div>\n\t\t\t\t<\/div>\n\t\t\t\t<\/div>\n\t\t","protected":false},"excerpt":{"rendered":"<p>Poker og bordspill p\u00e5 nettkasino Online Poker kasinoer som tilbyr bordspill som poker, blackjack eller rulett er topprangerte n\u00e5 for tiden i online kasinoer. S\u00e5 hvis du \u00f8nsker \u00e5 nyte denne typen bordspill, ta en titt p\u00e5 v\u00e5r nettside Casinoreturn.com, og nyt de beste online kasinoene med de beste velkomsttilbudene, blackjack online bonuser, poker online [&hellip;]<\/p>\n","protected":false},"author":1,"featured_media":0,"parent":0,"menu_order":0,"comment_status":"closed","ping_status":"closed","template":"","meta":{"footnotes":""},"class_list":["post-5034","page","type-page","status-publish","hentry"],"blocksy_meta":[],"acf":[],"yoast_head":"<!-- This site is optimized with the Yoast SEO plugin v24.1 - https:\/\/yoast.com\/wordpress\/plugins\/seo\/ -->\n<title>Online poker kasinoer - casinoreturn<\/title>\n<meta name=\"description\" content=\"Poker p\u00e5 nett er en av de mest popul\u00e6re og sosialt aksepterte formene for pengespill p\u00e5 nett. Med pokerturneringer over hele verden.\" \/>\n<meta name=\"robots\" content=\"index, follow, max-snippet:-1, max-image-preview:large, max-video-preview:-1\" \/>\n<link rel=\"canonical\" href=\"https:\/\/casinoreturn.com\/no\/online-poker-kasinoer\/\" \/>\n<meta property=\"og:locale\" content=\"nb_NO\" \/>\n<meta property=\"og:type\" content=\"article\" \/>\n<meta property=\"og:title\" content=\"Online poker kasinoer - casinoreturn\" \/>\n<meta property=\"og:description\" content=\"Poker p\u00e5 nett er en av de mest popul\u00e6re og sosialt aksepterte formene for pengespill p\u00e5 nett. Med pokerturneringer over hele verden.\" \/>\n<meta property=\"og:url\" content=\"https:\/\/casinoreturn.com\/no\/online-poker-kasinoer\/\" \/>\n<meta property=\"og:site_name\" content=\"casinoreturn\" \/>\n<meta property=\"article:modified_time\" content=\"2024-12-04T13:45:36+00:00\" \/>\n<meta property=\"og:image\" content=\"https:\/\/casinoreturn.com\/wp-content\/uploads\/2024\/11\/online-casino-poker.jpg\" \/>\n\t<meta property=\"og:image:width\" content=\"590\" \/>\n\t<meta property=\"og:image:height\" content=\"400\" \/>\n\t<meta property=\"og:image:type\" content=\"image\/jpeg\" \/>\n<meta name=\"twitter:card\" content=\"summary_large_image\" \/>\n<meta name=\"twitter:label1\" content=\"Ansl. lesetid\" \/>\n\t<meta name=\"twitter:data1\" content=\"5 minutter\" \/>\n<script type=\"application\/ld+json\" class=\"yoast-schema-graph\">{\"@context\":\"https:\/\/schema.org\",\"@graph\":[{\"@type\":\"WebPage\",\"@id\":\"https:\/\/casinoreturn.com\/no\/online-poker-kasinoer\/\",\"url\":\"https:\/\/casinoreturn.com\/no\/online-poker-kasinoer\/\",\"name\":\"Online poker kasinoer - casinoreturn\",\"isPartOf\":{\"@id\":\"https:\/\/casinoreturn.com\/#website\"},\"primaryImageOfPage\":{\"@id\":\"https:\/\/casinoreturn.com\/no\/online-poker-kasinoer\/#primaryimage\"},\"image\":{\"@id\":\"https:\/\/casinoreturn.com\/no\/online-poker-kasinoer\/#primaryimage\"},\"thumbnailUrl\":\"https:\/\/casinoreturn.com\/wp-content\/uploads\/2024\/11\/online-casino-poker.jpg\",\"datePublished\":\"2024-11-18T13:28:59+00:00\",\"dateModified\":\"2024-12-04T13:45:36+00:00\",\"description\":\"Poker p\u00e5 nett er en av de mest popul\u00e6re og sosialt aksepterte formene for pengespill p\u00e5 nett. Med pokerturneringer over hele verden.\",\"breadcrumb\":{\"@id\":\"https:\/\/casinoreturn.com\/no\/online-poker-kasinoer\/#breadcrumb\"},\"inLanguage\":\"nb-NO\",\"potentialAction\":[{\"@type\":\"ReadAction\",\"target\":[\"https:\/\/casinoreturn.com\/no\/online-poker-kasinoer\/\"]}]},{\"@type\":\"ImageObject\",\"inLanguage\":\"nb-NO\",\"@id\":\"https:\/\/casinoreturn.com\/no\/online-poker-kasinoer\/#primaryimage\",\"url\":\"https:\/\/casinoreturn.com\/wp-content\/uploads\/2024\/11\/online-casino-poker.jpg\",\"contentUrl\":\"https:\/\/casinoreturn.com\/wp-content\/uploads\/2024\/11\/online-casino-poker.jpg\"},{\"@type\":\"BreadcrumbList\",\"@id\":\"https:\/\/casinoreturn.com\/no\/online-poker-kasinoer\/#breadcrumb\",\"itemListElement\":[{\"@type\":\"ListItem\",\"position\":1,\"name\":\"Home\",\"item\":\"https:\/\/casinoreturn.com\/no\/hjem\/\"},{\"@type\":\"ListItem\",\"position\":2,\"name\":\"Online poker kasinoer\"}]},{\"@type\":\"WebSite\",\"@id\":\"https:\/\/casinoreturn.com\/#website\",\"url\":\"https:\/\/casinoreturn.com\/\",\"name\":\"casinoreturn\",\"description\":\"\",\"publisher\":{\"@id\":\"https:\/\/casinoreturn.com\/#organization\"},\"potentialAction\":[{\"@type\":\"SearchAction\",\"target\":{\"@type\":\"EntryPoint\",\"urlTemplate\":\"https:\/\/casinoreturn.com\/?s={search_term_string}\"},\"query-input\":{\"@type\":\"PropertyValueSpecification\",\"valueRequired\":true,\"valueName\":\"search_term_string\"}}],\"inLanguage\":\"nb-NO\"},{\"@type\":\"Organization\",\"@id\":\"https:\/\/casinoreturn.com\/#organization\",\"name\":\"casinoreturn\",\"url\":\"https:\/\/casinoreturn.com\/\",\"logo\":{\"@type\":\"ImageObject\",\"inLanguage\":\"nb-NO\",\"@id\":\"https:\/\/casinoreturn.com\/#\/schema\/logo\/image\/\",\"url\":\"https:\/\/casinoreturn.com\/wp-content\/uploads\/2024\/09\/animal-favicon.png\",\"contentUrl\":\"https:\/\/casinoreturn.com\/wp-content\/uploads\/2024\/09\/animal-favicon.png\",\"width\":92,\"height\":92,\"caption\":\"casinoreturn\"},\"image\":{\"@id\":\"https:\/\/casinoreturn.com\/#\/schema\/logo\/image\/\"}}]}<\/script>\n<!-- \/ Yoast SEO plugin. -->","yoast_head_json":{"title":"Online poker kasinoer - casinoreturn","description":"Poker p\u00e5 nett er en av de mest popul\u00e6re og sosialt aksepterte formene for pengespill p\u00e5 nett. Med pokerturneringer over hele verden.","robots":{"index":"index","follow":"follow","max-snippet":"max-snippet:-1","max-image-preview":"max-image-preview:large","max-video-preview":"max-video-preview:-1"},"canonical":"https:\/\/casinoreturn.com\/no\/online-poker-kasinoer\/","og_locale":"nb_NO","og_type":"article","og_title":"Online poker kasinoer - casinoreturn","og_description":"Poker p\u00e5 nett er en av de mest popul\u00e6re og sosialt aksepterte formene for pengespill p\u00e5 nett. Med pokerturneringer over hele verden.","og_url":"https:\/\/casinoreturn.com\/no\/online-poker-kasinoer\/","og_site_name":"casinoreturn","article_modified_time":"2024-12-04T13:45:36+00:00","og_image":[{"width":590,"height":400,"url":"https:\/\/casinoreturn.com\/wp-content\/uploads\/2024\/11\/online-casino-poker.jpg","type":"image\/jpeg"}],"twitter_card":"summary_large_image","twitter_misc":{"Ansl. lesetid":"5 minutter"},"schema":{"@context":"https:\/\/schema.org","@graph":[{"@type":"WebPage","@id":"https:\/\/casinoreturn.com\/no\/online-poker-kasinoer\/","url":"https:\/\/casinoreturn.com\/no\/online-poker-kasinoer\/","name":"Online poker kasinoer - casinoreturn","isPartOf":{"@id":"https:\/\/casinoreturn.com\/#website"},"primaryImageOfPage":{"@id":"https:\/\/casinoreturn.com\/no\/online-poker-kasinoer\/#primaryimage"},"image":{"@id":"https:\/\/casinoreturn.com\/no\/online-poker-kasinoer\/#primaryimage"},"thumbnailUrl":"https:\/\/casinoreturn.com\/wp-content\/uploads\/2024\/11\/online-casino-poker.jpg","datePublished":"2024-11-18T13:28:59+00:00","dateModified":"2024-12-04T13:45:36+00:00","description":"Poker p\u00e5 nett er en av de mest popul\u00e6re og sosialt aksepterte formene for pengespill p\u00e5 nett. Med pokerturneringer over hele verden.","breadcrumb":{"@id":"https:\/\/casinoreturn.com\/no\/online-poker-kasinoer\/#breadcrumb"},"inLanguage":"nb-NO","potentialAction":[{"@type":"ReadAction","target":["https:\/\/casinoreturn.com\/no\/online-poker-kasinoer\/"]}]},{"@type":"ImageObject","inLanguage":"nb-NO","@id":"https:\/\/casinoreturn.com\/no\/online-poker-kasinoer\/#primaryimage","url":"https:\/\/casinoreturn.com\/wp-content\/uploads\/2024\/11\/online-casino-poker.jpg","contentUrl":"https:\/\/casinoreturn.com\/wp-content\/uploads\/2024\/11\/online-casino-poker.jpg"},{"@type":"BreadcrumbList","@id":"https:\/\/casinoreturn.com\/no\/online-poker-kasinoer\/#breadcrumb","itemListElement":[{"@type":"ListItem","position":1,"name":"Home","item":"https:\/\/casinoreturn.com\/no\/hjem\/"},{"@type":"ListItem","position":2,"name":"Online poker kasinoer"}]},{"@type":"WebSite","@id":"https:\/\/casinoreturn.com\/#website","url":"https:\/\/casinoreturn.com\/","name":"casinoreturn","description":"","publisher":{"@id":"https:\/\/casinoreturn.com\/#organization"},"potentialAction":[{"@type":"SearchAction","target":{"@type":"EntryPoint","urlTemplate":"https:\/\/casinoreturn.com\/?s={search_term_string}"},"query-input":{"@type":"PropertyValueSpecification","valueRequired":true,"valueName":"search_term_string"}}],"inLanguage":"nb-NO"},{"@type":"Organization","@id":"https:\/\/casinoreturn.com\/#organization","name":"casinoreturn","url":"https:\/\/casinoreturn.com\/","logo":{"@type":"ImageObject","inLanguage":"nb-NO","@id":"https:\/\/casinoreturn.com\/#\/schema\/logo\/image\/","url":"https:\/\/casinoreturn.com\/wp-content\/uploads\/2024\/09\/animal-favicon.png","contentUrl":"https:\/\/casinoreturn.com\/wp-content\/uploads\/2024\/09\/animal-favicon.png","width":92,"height":92,"caption":"casinoreturn"},"image":{"@id":"https:\/\/casinoreturn.com\/#\/schema\/logo\/image\/"}}]}},"_links":{"self":[{"href":"https:\/\/casinoreturn.com\/no\/wp-json\/wp\/v2\/pages\/5034","targetHints":{"allow":["GET"]}}],"collection":[{"href":"https:\/\/casinoreturn.com\/no\/wp-json\/wp\/v2\/pages"}],"about":[{"href":"https:\/\/casinoreturn.com\/no\/wp-json\/wp\/v2\/types\/page"}],"author":[{"embeddable":true,"href":"https:\/\/casinoreturn.com\/no\/wp-json\/wp\/v2\/users\/1"}],"replies":[{"embeddable":true,"href":"https:\/\/casinoreturn.com\/no\/wp-json\/wp\/v2\/comments?post=5034"}],"version-history":[{"count":1,"href":"https:\/\/casinoreturn.com\/no\/wp-json\/wp\/v2\/pages\/5034\/revisions"}],"predecessor-version":[{"id":5035,"href":"https:\/\/casinoreturn.com\/no\/wp-json\/wp\/v2\/pages\/5034\/revisions\/5035"}],"wp:attachment":[{"href":"https:\/\/casinoreturn.com\/no\/wp-json\/wp\/v2\/media?parent=5034"}],"curies":[{"name":"wp","href":"https:\/\/api.w.org\/{rel}","templated":true}]}}